{"id":1922,"date":"2026-02-16T03:38:48","date_gmt":"2026-02-16T03:38:48","guid":{"rendered":"https:\/\/www.wonzh.com\/?post_type=product&#038;p=1922"},"modified":"2026-02-16T03:56:00","modified_gmt":"2026-02-16T03:56:00","slug":"coated-wire-rope-for-corrosion-protection","status":"publish","type":"product","link":"https:\/\/www.wonzh.com\/fr\/product\/coated-wire-rope-for-corrosion-protection\/","title":{"rendered":"C\u00e2ble d'acier enduit pour la protection contre la corrosion"},"content":{"rendered":"<p data-start=\"172\" data-end=\"635\">Notre c\u00e2ble d'acier rev\u00eatu est compos\u00e9 d'une \u00e2me en acier galvanis\u00e9 de haute qualit\u00e9 et d'un rev\u00eatement durable en PVC ou en polyur\u00e9thane pour une r\u00e9sistance sup\u00e9rieure \u00e0 la corrosion et \u00e0 l'abrasion. Id\u00e9al pour les applications de levage maritimes, ext\u00e9rieures, chimiques et industrielles, ce c\u00e2ble m\u00e9tallique garantit une longue dur\u00e9e de vie, une meilleure s\u00e9curit\u00e9 de manipulation et des performances fiables, m\u00eame dans les environnements difficiles. Parfait pour le levage, l'h\u00e9litreuillage, le gr\u00e9age et les op\u00e9rations industrielles lourdes.<\/p>\n<p data-start=\"637\" data-end=\"656\"><strong data-start=\"637\" data-end=\"654\">Caract\u00e9ristiques principales :<\/strong><\/p>\n<ul data-start=\"657\" data-end=\"939\">\n<li data-start=\"657\" data-end=\"721\">\n<p data-start=\"659\" data-end=\"721\">Rev\u00eatement en PVC ou en polyur\u00e9thane pour une protection maximale contre la corrosion<\/p>\n<\/li>\n<li data-start=\"722\" data-end=\"766\">\n<p data-start=\"724\" data-end=\"766\">R\u00e9duit l'usure et l'abrasion m\u00e9tal sur m\u00e9tal<\/p>\n<\/li>\n<li data-start=\"767\" data-end=\"818\">\n<p data-start=\"769\" data-end=\"818\">Flexible et facile \u00e0 manipuler pendant l'installation<\/p>\n<\/li>\n<li data-start=\"819\" data-end=\"878\">\n<p data-start=\"821\" data-end=\"878\">Convient aux environnements marins, ext\u00e9rieurs et chimiques<\/p>\n<\/li>\n<li data-start=\"879\" data-end=\"939\">\n<p data-start=\"881\" data-end=\"939\">Conforme aux normes internationales de s\u00e9curit\u00e9 en mati\u00e8re de levage et de gr\u00e9ement<\/p>\n<\/li>\n<\/ul>\n<hr data-start=\"941\" data-end=\"944\" \/>\n<h3 data-start=\"946\" data-end=\"980\"><strong data-start=\"950\" data-end=\"978\">Sp\u00e9cifications techniques<\/strong><\/h3>\n<div class=\"TyagGW_tableContainer\">\n<div class=\"group TyagGW_tableWrapper flex flex-col-reverse w-fit\" tabindex=\"-1\">\n<table class=\"w-fit min-w-(--thread-content-width)\" data-start=\"982\" data-end=\"1610\">\n<thead data-start=\"982\" data-end=\"1019\">\n<tr data-start=\"982\" data-end=\"1019\">\n<th class=\"\" data-start=\"982\" data-end=\"994\" data-col-size=\"sm\">Param\u00e8tres<\/th>\n<th class=\"\" data-start=\"994\" data-end=\"1010\" data-col-size=\"md\">Sp\u00e9cifications<\/th>\n<th class=\"\" data-start=\"1010\" data-end=\"1019\" data-col-size=\"md\">Notes<\/th>\n<\/tr>\n<\/thead>\n<tbody data-start=\"1058\" data-end=\"1610\">\n<tr data-start=\"1058\" data-end=\"1141\">\n<td data-start=\"1058\" data-end=\"1069\" data-col-size=\"sm\">Mat\u00e9riau<\/td>\n<td data-start=\"1069\" data-end=\"1093\" data-col-size=\"md\">Noyau en acier galvanis\u00e9<\/td>\n<td data-col-size=\"md\" data-start=\"1093\" data-end=\"1141\">R\u00e9sistance \u00e9lev\u00e9e \u00e0 la traction et \u00e0 la fatigue<\/td>\n<\/tr>\n<tr data-start=\"1142\" data-end=\"1210\">\n<td data-start=\"1142\" data-end=\"1152\" data-col-size=\"sm\">Rev\u00eatement<\/td>\n<td data-start=\"1152\" data-end=\"1173\" data-col-size=\"md\">PVC \/ Polyur\u00e9thane<\/td>\n<td data-col-size=\"md\" data-start=\"1173\" data-end=\"1210\">\u00c9paisseur : 0,5-2 mm, personnalisable<\/td>\n<\/tr>\n<tr data-start=\"1211\" data-end=\"1289\">\n<td data-start=\"1211\" data-end=\"1228\" data-col-size=\"sm\">Gamme de diam\u00e8tres<\/td>\n<td data-col-size=\"md\" data-start=\"1228\" data-end=\"1243\">6 mm - 32 mm<\/td>\n<td data-col-size=\"md\" data-start=\"1243\" data-end=\"1289\">Dimensions standard ; diam\u00e8tres personnalis\u00e9s disponibles<\/td>\n<\/tr>\n<tr data-start=\"1290\" data-end=\"1361\">\n<td data-start=\"1290\" data-end=\"1305\" data-col-size=\"sm\">La construction<\/td>\n<td data-col-size=\"md\" data-start=\"1305\" data-end=\"1335\">6\u00d719, 7\u00d719 ou 1\u00d719 brins<\/td>\n<td data-col-size=\"md\" data-start=\"1335\" data-end=\"1361\">Souple ou semi-rigide<\/td>\n<\/tr>\n<tr data-start=\"1362\" data-end=\"1435\">\n<td data-start=\"1362\" data-end=\"1378\" data-col-size=\"sm\">Charge de rupture<\/td>\n<td data-col-size=\"md\" data-start=\"1378\" data-end=\"1395\">1,5 - 120 tonnes<\/td>\n<td data-col-size=\"md\" data-start=\"1395\" data-end=\"1435\">D\u00e9pend du diam\u00e8tre et de la construction<\/td>\n<\/tr>\n<tr data-start=\"1436\" data-end=\"1511\">\n<td data-start=\"1436\" data-end=\"1456\" data-col-size=\"sm\">Plage de temp\u00e9rature<\/td>\n<td data-start=\"1456\" data-end=\"1473\" data-col-size=\"md\">De -40\u00b0C \u00e0 +80\u00b0C<\/td>\n<td data-col-size=\"md\" data-start=\"1473\" data-end=\"1511\">PVC ; rev\u00eatements \u00e0 temp\u00e9rature plus \u00e9lev\u00e9e en option<\/td>\n<\/tr>\n<tr data-start=\"1512\" data-end=\"1610\">\n<td data-start=\"1512\" data-end=\"1527\" data-col-size=\"sm\">Applications<\/td>\n<td data-start=\"1527\" data-end=\"1575\" data-col-size=\"md\">Levage marin, ext\u00e9rieur, chimique, industriel<\/td>\n<td data-col-size=\"md\" data-start=\"1575\" data-end=\"1610\">Protection anticorrosion renforc\u00e9e<\/td>\n<\/tr>\n<\/tbody>\n<\/table>\n<\/div>\n<\/div>\n<hr data-start=\"1612\" data-end=\"1615\" \/>\n<h3 data-start=\"1617\" data-end=\"1630\"><strong data-start=\"1621\" data-end=\"1628\">FAQ<\/strong><\/h3>\n<p data-start=\"1632\" data-end=\"1919\"><strong data-start=\"1632\" data-end=\"1704\">Q1 : Quelle est la diff\u00e9rence entre un c\u00e2ble rev\u00eatu et un c\u00e2ble galvanis\u00e9 standard ?<\/strong><br data-start=\"1704\" data-end=\"1707\" \/>R : Les c\u00e2bles m\u00e9talliques rev\u00eatus sont recouverts d'une couche protectrice de PVC ou de polyur\u00e9thane sur l'\u00e2me en acier, ce qui leur conf\u00e8re une r\u00e9sistance \u00e0 la corrosion, r\u00e9duit l'abrasion et am\u00e9liore la s\u00e9curit\u00e9. Les c\u00e2bles galvanis\u00e9s standard n'ont pas cette protection suppl\u00e9mentaire.<\/p>\n<p data-start=\"1921\" data-end=\"2111\"><strong data-start=\"1921\" data-end=\"1991\">Q2 : Ce c\u00e2ble peut-il \u00eatre utilis\u00e9 dans des environnements marins ou chimiques ?<\/strong><br data-start=\"1991\" data-end=\"1994\" \/>R : Oui. Le rev\u00eatement emp\u00eache la corrosion due \u00e0 l'eau sal\u00e9e ou \u00e0 l'exposition aux produits chimiques, ce qui en fait un produit id\u00e9al pour les environnements difficiles.<\/p>\n<p data-start=\"2113\" data-end=\"2395\"><strong data-start=\"2113\" data-end=\"2173\">Q3 : Comment choisir le bon diam\u00e8tre et la bonne construction ?<\/strong><br data-start=\"2173\" data-end=\"2176\" \/>R : Le choix se fait en fonction de la charge de rupture requise, du rayon de courbure et des conditions environnementales. Les constructions standard telles que 6\u00d719 ou 7\u00d719 conviennent \u00e0 la plupart des applications de levage. Des options personnalis\u00e9es sont disponibles pour les besoins sp\u00e9cifiques.<\/p>","protected":false},"excerpt":{"rendered":"<p>Notre c\u00e2ble m\u00e9tallique enrob\u00e9 est constitu\u00e9 d'une \u00e2me en acier galvanis\u00e9 de haute qualit\u00e9 et d'un rev\u00eatement durable en PVC ou en polyur\u00e9thane pour une meilleure r\u00e9sistance \u00e0 la corrosion et \u00e0 l'abrasion.<\/p>","protected":false},"featured_media":1926,"comment_status":"open","ping_status":"closed","template":"","meta":{"site-sidebar-layout":"default","site-content-layout":"","ast-site-content-layout":"default","site-content-style":"default","site-sidebar-style":"default","ast-global-header-display":"","ast-banner-title-visibility":"","ast-main-header-display":"","ast-hfb-above-header-display":"","ast-hfb-below-header-display":"","ast-hfb-mobile-header-display":"","site-post-title":"","ast-breadcrumbs-content":"","ast-featured-img":"","footer-sml-layout":"","ast-disable-related-posts":"","theme-transparent-header-meta":"default","adv-header-id-meta":"","stick-header-meta":"default","header-above-stick-meta":"","header-main-stick-meta":"","header-below-stick-meta":"","astra-migrate-meta-layouts":"set","ast-page-background-enabled":"default","ast-page-background-meta":{"desktop":{"background-color":"","background-image":"","background-repeat":"repeat","background-position":"center center","background-size":"auto","background-attachment":"scroll","background-type":"","background-media":"","overlay-type":"","overlay-color":"","overlay-opacity":"","overlay-gradient":""},"tablet":{"background-color":"","background-image":"","background-repeat":"repeat","background-position":"center center","background-size":"auto","background-attachment":"scroll","background-type":"","background-media":"","overlay-type":"","overlay-color":"","overlay-opacity":"","overlay-gradient":""},"mobile":{"background-color":"","background-image":"","background-repeat":"repeat","background-position":"center center","background-size":"auto","background-attachment":"scroll","background-type":"","background-media":"","overlay-type":"","overlay-color":"","overlay-opacity":"","overlay-gradient":""}},"ast-content-background-meta":{"desktop":{"background-color":"var(--ast-global-color-5)","background-image":"","background-repeat":"repeat","background-position":"center center","background-size":"auto","background-attachment":"scroll","background-type":"","background-media":"","overlay-type":"","overlay-color":"","overlay-opacity":"","overlay-gradient":""},"tablet":{"background-color":"var(--ast-global-color-5)","background-image":"","background-repeat":"repeat","background-position":"center center","background-size":"auto","background-attachment":"scroll","background-type":"","background-media":"","overlay-type":"","overlay-color":"","overlay-opacity":"","overlay-gradient":""},"mobile":{"background-color":"var(--ast-global-color-5)","background-image":"","background-repeat":"repeat","background-position":"center center","background-size":"auto","background-attachment":"scroll","background-type":"","background-media":"","overlay-type":"","overlay-color":"","overlay-opacity":"","overlay-gradient":""}}},"product_brand":[],"product_cat":[22],"product_tag":[1631,1625,1626,249,1634,1635,1632,1629,1636,118,1630,1628,1627,1633,284],"class_list":{"0":"post-1922","1":"product","2":"type-product","3":"status-publish","4":"has-post-thumbnail","6":"product_cat-wire-rope-lifting-accessories","7":"product_tag-chemical-resistant-wire-rope","8":"product_tag-coated-wire-rope","9":"product_tag-corrosion-resistant-wire-rope","10":"product_tag-galvanized-steel-wire-rope","11":"product_tag-heavy-duty-wire-rope","12":"product_tag-high-strength-wire-rope","13":"product_tag-hoisting-wire-rope","14":"product_tag-industrial-lifting-wire-rope","15":"product_tag-lifting-equipment","16":"product_tag-marine-wire-rope","17":"product_tag-outdoor-wire-rope","18":"product_tag-polyurethane-coated-wire-rope","19":"product_tag-pvc-coated-wire-rope","20":"product_tag-rigging-wire-rope","21":"product_tag-wire-rope-accessories","22":"desktop-align-left","23":"tablet-align-left","24":"mobile-align-left","26":"first","27":"instock","28":"shipping-taxable","29":"product-type-simple"},"_links":{"self":[{"href":"https:\/\/www.wonzh.com\/fr\/wp-json\/wp\/v2\/product\/1922","targetHints":{"allow":["GET"]}}],"collection":[{"href":"https:\/\/www.wonzh.com\/fr\/wp-json\/wp\/v2\/product"}],"about":[{"href":"https:\/\/www.wonzh.com\/fr\/wp-json\/wp\/v2\/types\/product"}],"replies":[{"embeddable":true,"href":"https:\/\/www.wonzh.com\/fr\/wp-json\/wp\/v2\/comments?post=1922"}],"wp:featuredmedia":[{"embeddable":true,"href":"https:\/\/www.wonzh.com\/fr\/wp-json\/wp\/v2\/media\/1926"}],"wp:attachment":[{"href":"https:\/\/www.wonzh.com\/fr\/wp-json\/wp\/v2\/media?parent=1922"}],"wp:term":[{"taxonomy":"product_brand","embeddable":true,"href":"https:\/\/www.wonzh.com\/fr\/wp-json\/wp\/v2\/product_brand?post=1922"},{"taxonomy":"product_cat","embeddable":true,"href":"https:\/\/www.wonzh.com\/fr\/wp-json\/wp\/v2\/product_cat?post=1922"},{"taxonomy":"product_tag","embeddable":true,"href":"https:\/\/www.wonzh.com\/fr\/wp-json\/wp\/v2\/product_tag?post=1922"}],"curies":[{"name":"wp","href":"https:\/\/api.w.org\/{rel}","templated":true}]}}