{"id":1480,"date":"2026-02-03T15:17:38","date_gmt":"2026-02-03T15:17:38","guid":{"rendered":"https:\/\/www.wonzh.com\/?post_type=product&#038;p=1480"},"modified":"2026-02-05T15:25:42","modified_gmt":"2026-02-05T15:25:42","slug":"ceramic-lined-parts-for-abrasion-resistant-industrial-applications","status":"publish","type":"product","link":"https:\/\/www.wonzh.com\/fr\/product\/ceramic-lined-parts-for-abrasion-resistant-industrial-applications\/","title":{"rendered":"Pi\u00e8ces rev\u00eatues de c\u00e9ramique pour applications industrielles r\u00e9sistantes \u00e0 l'abrasion"},"content":{"rendered":"<p data-start=\"580\" data-end=\"910\">Les pi\u00e8ces rev\u00eatues de c\u00e9ramique fournies par Wonzh sont con\u00e7ues pour r\u00e9sister \u00e0 l'abrasion s\u00e9v\u00e8re, aux chocs importants et aux environnements corrosifs dans les machines industrielles. Ces pi\u00e8ces sont largement utilis\u00e9es dans les mines, le ciment, l'acier, le traitement chimique, la production d'\u00e9nergie et les \u00e9quipements de manutention pour prolonger la dur\u00e9e de vie des composants soumis \u00e0 une forte usure.<\/p>\n<p data-start=\"912\" data-end=\"1304\">Nos pi\u00e8ces combinent une base m\u00e9tallique r\u00e9sistante (acier au carbone, acier alli\u00e9 ou acier inoxydable) avec un rev\u00eatement en c\u00e9ramique de haute qualit\u00e9, qui offre une duret\u00e9, une r\u00e9sistance \u00e0 l'usure et une tol\u00e9rance aux chocs exceptionnelles. Les processus de fabrication comprennent l'usinage CNC de pr\u00e9cision, l'encastrement de la c\u00e9ramique, le collage et la finition de la surface, ce qui garantit la durabilit\u00e9, l'uniformit\u00e9 et la solidit\u00e9 du rev\u00eatement par rapport \u00e0 la base.<\/p>\n<p data-start=\"1306\" data-end=\"1612\">Wonzh propose des pi\u00e8ces standard et personnalis\u00e9es rev\u00eatues de c\u00e9ramique, con\u00e7ues selon les sp\u00e9cifications du client, les exigences des OEM ou les mod\u00e8les d'\u00e9quipement. Notre \u00e9quipe technique donne des conseils sur la s\u00e9lection des mat\u00e9riaux c\u00e9ramiques, l'\u00e9paisseur, la g\u00e9om\u00e9trie et les techniques de collage afin d'optimiser les performances dans des conditions d'exploitation difficiles.<\/p>\n<h2 data-start=\"1619\" data-end=\"1638\"><strong data-start=\"1622\" data-end=\"1638\">Caract\u00e9ristiques principales<\/strong><\/h2>\n<ul data-start=\"1640\" data-end=\"1959\">\n<li data-start=\"1640\" data-end=\"1681\">\n<p data-start=\"1642\" data-end=\"1681\">R\u00e9sistance sup\u00e9rieure \u00e0 l'usure et \u00e0 l'abrasion<\/p>\n<\/li>\n<li data-start=\"1682\" data-end=\"1719\">\n<p data-start=\"1684\" data-end=\"1719\">R\u00e9sistant aux chocs et \u00e0 la corrosion<\/p>\n<\/li>\n<li data-start=\"1720\" data-end=\"1780\">\n<p data-start=\"1722\" data-end=\"1780\">Usinage de haute pr\u00e9cision pour un ajustement et un fonctionnement coh\u00e9rents<\/p>\n<\/li>\n<li data-start=\"1781\" data-end=\"1836\">\n<p data-start=\"1783\" data-end=\"1836\">Formes, tailles et \u00e9paisseurs de c\u00e9ramique personnalisables<\/p>\n<\/li>\n<li data-start=\"1837\" data-end=\"1894\">\n<p data-start=\"1839\" data-end=\"1894\">Prise en charge des prototypes, des petites s\u00e9ries et de la production de masse<\/p>\n<\/li>\n<li data-start=\"1895\" data-end=\"1959\">\n<p data-start=\"1897\" data-end=\"1959\">Prolonge la dur\u00e9e de vie des \u00e9quipements et r\u00e9duit les co\u00fbts de maintenance<\/p>\n<\/li>\n<\/ul>\n<h2 data-start=\"1966\" data-end=\"1993\"><strong data-start=\"1969\" data-end=\"1993\">Applications typiques<\/strong><\/h2>\n<ul data-start=\"1995\" data-end=\"2334\">\n<li data-start=\"1995\" data-end=\"2062\">\n<p data-start=\"1997\" data-end=\"2062\">Chutes, tr\u00e9mies et tubes d'alimentation dans les industries mini\u00e8re et cimenti\u00e8re<\/p>\n<\/li>\n<li data-start=\"2063\" data-end=\"2112\">\n<p data-start=\"2065\" data-end=\"2112\">Rev\u00eatements d'usure pour broyeurs et concasseurs<\/p>\n<\/li>\n<li data-start=\"2113\" data-end=\"2158\">\n<p data-start=\"2115\" data-end=\"2158\">Pompes et robinets pour boues abrasives<\/p>\n<\/li>\n<li data-start=\"2159\" data-end=\"2210\">\n<p data-start=\"2161\" data-end=\"2210\">\u00c9quipement de manutention et de traitement en vrac<\/p>\n<\/li>\n<li data-start=\"2211\" data-end=\"2266\">\n<p data-start=\"2213\" data-end=\"2266\">Machines de production d'\u00e9nergie et pipelines industriels<\/p>\n<\/li>\n<li data-start=\"2267\" data-end=\"2334\">\n<p data-start=\"2269\" data-end=\"2334\">\u00c9quipements chimiques et de transformation expos\u00e9s \u00e0 l'usure et \u00e0 la corrosion<\/p>\n<\/li>\n<\/ul>\n<h2 data-start=\"2341\" data-end=\"2382\"><strong data-start=\"2344\" data-end=\"2382\">Types de pi\u00e8ces rev\u00eatues de c\u00e9ramique que nous fournissons<\/strong><\/h2>\n<div class=\"TyagGW_tableContainer\">\n<div class=\"group TyagGW_tableWrapper flex flex-col-reverse w-fit\" tabindex=\"-1\">\n<table class=\"w-fit min-w-(--thread-content-width)\" data-start=\"2384\" data-end=\"2969\">\n<thead data-start=\"2384\" data-end=\"2430\">\n<tr data-start=\"2384\" data-end=\"2430\">\n<th data-start=\"2384\" data-end=\"2401\" data-col-size=\"sm\">Type de composant<\/th>\n<th data-start=\"2401\" data-end=\"2415\" data-col-size=\"md\">Description<\/th>\n<th data-start=\"2415\" data-end=\"2430\" data-col-size=\"sm\">Utilisation typique<\/th>\n<\/tr>\n<\/thead>\n<tbody data-start=\"2445\" data-end=\"2969\">\n<tr data-start=\"2445\" data-end=\"2543\">\n<td data-start=\"2445\" data-end=\"2473\" data-col-size=\"sm\"><strong data-start=\"2447\" data-end=\"2472\">Rev\u00eatements de tr\u00e9mie \/ de goulotte<\/strong><\/td>\n<td data-start=\"2473\" data-end=\"2513\" data-col-size=\"md\">Plaques ou segments rev\u00eatus de c\u00e9ramique<\/td>\n<td data-start=\"2513\" data-end=\"2543\" data-col-size=\"sm\">Manipulation de mat\u00e9riaux abrasifs<\/td>\n<\/tr>\n<tr data-start=\"2544\" data-end=\"2640\">\n<td data-start=\"2544\" data-end=\"2572\" data-col-size=\"sm\"><strong data-start=\"2546\" data-end=\"2571\">Rev\u00eatements pour broyeurs et concasseurs<\/strong><\/td>\n<td data-start=\"2572\" data-end=\"2604\" data-col-size=\"md\">Plaques ou barres rev\u00eatues de c\u00e9ramique<\/td>\n<td data-start=\"2604\" data-end=\"2640\" data-col-size=\"sm\">Op\u00e9rations de broyage et de concassage<\/td>\n<\/tr>\n<tr data-start=\"2641\" data-end=\"2752\">\n<td data-start=\"2641\" data-end=\"2671\" data-col-size=\"sm\"><strong data-start=\"2643\" data-end=\"2670\">Composants de la pompe \/ de la vanne<\/strong><\/td>\n<td data-start=\"2671\" data-end=\"2714\" data-col-size=\"md\">Rev\u00eatement c\u00e9ramique pour les roues et les carters<\/td>\n<td data-start=\"2714\" data-end=\"2752\" data-col-size=\"sm\">Manipulation de boues et de fluides abrasifs<\/td>\n<\/tr>\n<tr data-start=\"2753\" data-end=\"2850\">\n<td data-start=\"2753\" data-end=\"2778\" data-col-size=\"sm\"><strong data-start=\"2755\" data-end=\"2777\">Rev\u00eatements de tuyaux \/ tubes<\/strong><\/td>\n<td data-start=\"2778\" data-end=\"2810\" data-col-size=\"md\">Inserts en c\u00e9ramique pour pipelines<\/td>\n<td data-start=\"2810\" data-end=\"2850\" data-col-size=\"sm\">Transport de boues et de produits corrosifs<\/td>\n<\/tr>\n<tr data-start=\"2851\" data-end=\"2969\">\n<td data-start=\"2851\" data-end=\"2884\" data-col-size=\"sm\"><strong data-start=\"2853\" data-end=\"2883\">Pi\u00e8ces rev\u00eatues de c\u00e9ramique sur mesure<\/strong><\/td>\n<td data-start=\"2884\" data-end=\"2930\" data-col-size=\"md\">Con\u00e7ue selon le dessin ou les sp\u00e9cifications OEM<\/td>\n<td data-start=\"2930\" data-end=\"2969\" data-col-size=\"sm\">Applications industrielles sp\u00e9cialis\u00e9es<\/td>\n<\/tr>\n<\/tbody>\n<\/table>\n<\/div>\n<\/div>\n<h2 data-start=\"2976\" data-end=\"3028\"><strong data-start=\"2979\" data-end=\"3026\">Param\u00e8tres techniques (gamme repr\u00e9sentative)<\/strong><\/h2>\n<div class=\"TyagGW_tableContainer\">\n<div class=\"group TyagGW_tableWrapper flex flex-col-reverse w-fit\" tabindex=\"-1\">\n<table class=\"w-fit min-w-(--thread-content-width)\" data-start=\"3030\" data-end=\"3579\">\n<thead data-start=\"3030\" data-end=\"3067\">\n<tr data-start=\"3030\" data-end=\"3067\">\n<th data-start=\"3030\" data-end=\"3042\" data-col-size=\"sm\">Param\u00e8tres<\/th>\n<th data-start=\"3042\" data-end=\"3067\" data-col-size=\"md\">Sp\u00e9cification \/ Gamme<\/th>\n<\/tr>\n<\/thead>\n<tbody data-start=\"3078\" data-end=\"3579\">\n<tr data-start=\"3078\" data-end=\"3146\">\n<td data-start=\"3078\" data-end=\"3100\" data-col-size=\"sm\">Mat\u00e9riau de la base en m\u00e9tal<\/td>\n<td data-start=\"3100\" data-end=\"3146\" data-col-size=\"md\">Acier au carbone, acier alli\u00e9, acier inoxydable<\/td>\n<\/tr>\n<tr data-start=\"3147\" data-end=\"3246\">\n<td data-start=\"3147\" data-end=\"3166\" data-col-size=\"sm\">Mat\u00e9riau c\u00e9ramique<\/td>\n<td data-start=\"3166\" data-end=\"3246\" data-col-size=\"md\">Alumine (Al\u2082O\u2083), zircone (ZrO\u2082), carbure de silicium (SiC), carbure de bore (B\u2084C)<\/td>\n<\/tr>\n<tr data-start=\"3247\" data-end=\"3298\">\n<td data-start=\"3247\" data-end=\"3267\" data-col-size=\"sm\">\u00c9paisseur de la c\u00e9ramique<\/td>\n<td data-start=\"3267\" data-end=\"3298\" data-col-size=\"md\">2 mm - 20 mm (personnalisable)<\/td>\n<\/tr>\n<tr data-start=\"3299\" data-end=\"3366\">\n<td data-start=\"3299\" data-end=\"3324\" data-col-size=\"sm\">Taille de la plaque \/ du composant<\/td>\n<td data-start=\"3324\" data-end=\"3366\" data-col-size=\"md\">Jusqu'\u00e0 2000 mm \u00d7 1000 mm (personnalisable)<\/td>\n<\/tr>\n<tr data-start=\"3367\" data-end=\"3403\">\n<td data-start=\"3367\" data-end=\"3378\" data-col-size=\"sm\">Duret\u00e9<\/td>\n<td data-start=\"3378\" data-end=\"3403\" data-col-size=\"md\">HRA 85 - 92 (c\u00e9ramique)<\/td>\n<\/tr>\n<tr data-start=\"3404\" data-end=\"3478\">\n<td data-start=\"3404\" data-end=\"3421\" data-col-size=\"sm\">M\u00e9thode de collage<\/td>\n<td data-start=\"3421\" data-end=\"3478\" data-col-size=\"md\">Frittage \u00e0 haute temp\u00e9rature, brasage, collage<\/td>\n<\/tr>\n<tr data-start=\"3479\" data-end=\"3540\">\n<td data-start=\"3479\" data-end=\"3497\" data-col-size=\"sm\">Type de production<\/td>\n<td data-start=\"3497\" data-end=\"3540\" data-col-size=\"md\">Prototype, petit lot, production de masse<\/td>\n<\/tr>\n<tr data-start=\"3541\" data-end=\"3579\">\n<td data-start=\"3541\" data-end=\"3563\" data-col-size=\"sm\">Normes prises en charge<\/td>\n<td data-start=\"3563\" data-end=\"3579\" data-col-size=\"md\">ISO, DIN, GB<\/td>\n<\/tr>\n<\/tbody>\n<\/table>\n<\/div>\n<\/div>\n<h2 data-start=\"3586\" data-end=\"3619\"><strong data-start=\"3589\" data-end=\"3619\">Guide des mat\u00e9riaux et de la s\u00e9lection<\/strong><\/h2>\n<div class=\"TyagGW_tableContainer\">\n<div class=\"group TyagGW_tableWrapper flex flex-col-reverse w-fit\" tabindex=\"-1\">\n<table class=\"w-fit min-w-(--thread-content-width)\" data-start=\"3621\" data-end=\"3913\">\n<thead data-start=\"3621\" data-end=\"3665\">\n<tr data-start=\"3621\" data-end=\"3665\">\n<th data-start=\"3621\" data-end=\"3637\" data-col-size=\"sm\">Mat\u00e9riau de base<\/th>\n<th data-start=\"3637\" data-end=\"3650\" data-col-size=\"sm\">Avantages<\/th>\n<th data-start=\"3650\" data-end=\"3665\" data-col-size=\"sm\">Utilisation typique<\/th>\n<\/tr>\n<\/thead>\n<tbody data-start=\"3680\" data-end=\"3913\">\n<tr data-start=\"3680\" data-end=\"3763\">\n<td data-start=\"3680\" data-end=\"3695\" data-col-size=\"sm\">Acier au carbone<\/td>\n<td data-start=\"3695\" data-end=\"3728\" data-col-size=\"sm\">Rentabilit\u00e9 et facilit\u00e9 d'usinage<\/td>\n<td data-start=\"3728\" data-end=\"3763\" data-col-size=\"sm\">Applications industrielles g\u00e9n\u00e9rales<\/td>\n<\/tr>\n<tr data-start=\"3764\" data-end=\"3836\">\n<td data-start=\"3764\" data-end=\"3778\" data-col-size=\"sm\">Acier alli\u00e9<\/td>\n<td data-start=\"3778\" data-end=\"3812\" data-col-size=\"sm\">Haute r\u00e9sistance, r\u00e9sistant aux chocs<\/td>\n<td data-start=\"3812\" data-end=\"3836\" data-col-size=\"sm\">Machines lourdes<\/td>\n<\/tr>\n<tr data-start=\"3837\" data-end=\"3913\">\n<td data-start=\"3837\" data-end=\"3855\" data-col-size=\"sm\">Acier inoxydable<\/td>\n<td data-start=\"3855\" data-end=\"3877\" data-col-size=\"sm\">R\u00e9sistant \u00e0 la corrosion<\/td>\n<td data-start=\"3877\" data-end=\"3913\" data-col-size=\"sm\">Environnements chimiques et marins<\/td>\n<\/tr>\n<\/tbody>\n<\/table>\n<\/div>\n<\/div>\n<div class=\"TyagGW_tableContainer\">\n<div class=\"group TyagGW_tableWrapper flex flex-col-reverse w-fit\" tabindex=\"-1\">\n<table class=\"w-fit min-w-(--thread-content-width)\" data-start=\"3915\" data-end=\"4351\">\n<thead data-start=\"3915\" data-end=\"3966\">\n<tr data-start=\"3915\" data-end=\"3966\">\n<th data-start=\"3915\" data-end=\"3934\" data-col-size=\"sm\">Mat\u00e9riau c\u00e9ramique<\/th>\n<th data-start=\"3934\" data-end=\"3947\" data-col-size=\"sm\">Avantages<\/th>\n<th data-start=\"3947\" data-end=\"3966\" data-col-size=\"md\">Recommand\u00e9 pour<\/th>\n<\/tr>\n<\/thead>\n<tbody data-start=\"3981\" data-end=\"4351\">\n<tr data-start=\"3981\" data-end=\"4059\">\n<td data-start=\"3981\" data-end=\"3999\" data-col-size=\"sm\">Alumine (Al\u2082O\u2083)<\/td>\n<td data-start=\"3999\" data-end=\"4031\" data-col-size=\"sm\">Duret\u00e9 \u00e9lev\u00e9e, r\u00e9sistance \u00e0 l'usure<\/td>\n<td data-start=\"4031\" data-end=\"4059\" data-col-size=\"md\">Manipulation de boues abrasives<\/td>\n<\/tr>\n<tr data-start=\"4060\" data-end=\"4147\">\n<td data-start=\"4060\" data-end=\"4078\" data-col-size=\"sm\">Zircone (ZrO\u2082)<\/td>\n<td data-start=\"4078\" data-end=\"4120\" data-col-size=\"sm\">Grande r\u00e9sistance \u00e0 la rupture, r\u00e9sistance \u00e0 l'usure<\/td>\n<td data-start=\"4120\" data-end=\"4147\" data-col-size=\"md\">Op\u00e9rations \u00e0 fort impact<\/td>\n<\/tr>\n<tr data-start=\"4148\" data-end=\"4255\">\n<td data-start=\"4148\" data-end=\"4172\" data-col-size=\"sm\">Carbure de silicium (SiC)<\/td>\n<td data-start=\"4172\" data-end=\"4209\" data-col-size=\"sm\">Extr\u00eamement dur, r\u00e9sistant aux produits chimiques<\/td>\n<td data-start=\"4209\" data-end=\"4255\" data-col-size=\"md\">Boues chimiques, environnements d'usure extr\u00eame<\/td>\n<\/tr>\n<tr data-start=\"4256\" data-end=\"4351\">\n<td data-start=\"4256\" data-end=\"4278\" data-col-size=\"sm\">Carbure de bore (B\u2084C)<\/td>\n<td data-start=\"4278\" data-end=\"4315\" data-col-size=\"sm\">Ultra-dur, haute r\u00e9sistance aux chocs<\/td>\n<td data-start=\"4315\" data-end=\"4351\" data-col-size=\"md\">\u00c9quipements \u00e0 forte usure et \u00e0 fort impact<\/td>\n<\/tr>\n<\/tbody>\n<\/table>\n<\/div>\n<\/div>\n<h2 data-start=\"4358\" data-end=\"4381\"><strong data-start=\"4361\" data-end=\"4381\">Pourquoi choisir Wonzh<\/strong><\/h2>\n<ul data-start=\"4383\" data-end=\"4732\">\n<li data-start=\"4383\" data-end=\"4437\">\n<p data-start=\"4385\" data-end=\"4437\">Fabrication avanc\u00e9e de composants \u00e0 rev\u00eatement c\u00e9ramique<\/p>\n<\/li>\n<li data-start=\"4438\" data-end=\"4494\">\n<p data-start=\"4440\" data-end=\"4494\">Usinage de haute pr\u00e9cision et liaison c\u00e9ramique durable<\/p>\n<\/li>\n<li data-start=\"4495\" data-end=\"4562\">\n<p data-start=\"4497\" data-end=\"4562\">Large gamme de c\u00e9ramiques et de mat\u00e9riaux de base pour les environnements difficiles<\/p>\n<\/li>\n<li data-start=\"4563\" data-end=\"4626\">\n<p data-start=\"4565\" data-end=\"4626\">Soutien technique personnalis\u00e9 pour les OEM et les machines industrielles<\/p>\n<\/li>\n<li data-start=\"4627\" data-end=\"4676\">\n<p data-start=\"4629\" data-end=\"4676\">R\u00e9duction de l'usure, des temps d'arr\u00eat et des co\u00fbts de maintenance<\/p>\n<\/li>\n<li data-start=\"4677\" data-end=\"4732\">\n<p data-start=\"4679\" data-end=\"4732\">Du prototype \u00e0 la production de masse avec une livraison fiable<\/p>\n<\/li>\n<\/ul>\n<h2 data-start=\"4739\" data-end=\"4780\"><strong data-start=\"4742\" data-end=\"4778\">Foire aux questions (FAQ)<\/strong><\/h2>\n<h3 data-start=\"4782\" data-end=\"4834\"><strong data-start=\"4786\" data-end=\"4832\">Q1 : \u00c0 quoi servent les pi\u00e8ces rev\u00eatues de c\u00e9ramique ?<\/strong><\/h3>\n<p data-start=\"4835\" data-end=\"4934\">Ils prot\u00e8gent les \u00e9quipements contre l'abrasion, les chocs et la corrosion dans les applications industrielles \u00e0 forte usure.<\/p>\n<h3 data-start=\"4936\" data-end=\"4984\"><strong data-start=\"4940\" data-end=\"4982\">Q2 : Puis-je obtenir des formes et des tailles personnalis\u00e9es ?<\/strong><\/h3>\n<p data-start=\"4985\" data-end=\"5086\">Oui. Nous fabriquons des pi\u00e8ces rev\u00eatues de c\u00e9ramique sur la base de dessins, de mod\u00e8les d'\u00e9quipement ou de sp\u00e9cifications OEM.<\/p>\n<h3 data-start=\"5088\" data-end=\"5140\"><strong data-start=\"5092\" data-end=\"5138\">Q3 : Quels sont les mat\u00e9riaux c\u00e9ramiques disponibles ?<\/strong><\/h3>\n<p data-start=\"5141\" data-end=\"5271\">Les options comprennent <strong data-start=\"5157\" data-end=\"5214\">Alumine, zircone, carbure de silicium et carbure de bore<\/strong>, selon les exigences en mati\u00e8re d'usure, d'impact et de produits chimiques.<\/p>\n<h3 data-start=\"5273\" data-end=\"5328\"><strong data-start=\"5277\" data-end=\"5326\">Q4 : Peut-on coller de la c\u00e9ramique \u00e0 diff\u00e9rents m\u00e9taux ?<\/strong><\/h3>\n<p data-start=\"5329\" data-end=\"5473\">Oui. Nous collons des c\u00e9ramiques \u00e0 <strong data-start=\"5354\" data-end=\"5404\">l'acier au carbone, l'acier alli\u00e9 et l'acier inoxydable<\/strong> en utilisant des techniques de frittage \u00e0 haute temp\u00e9rature, de brasage ou de collage.<\/p>\n<h3 data-start=\"5475\" data-end=\"5538\"><strong data-start=\"5479\" data-end=\"5536\">Q5 : Quelles sont les industries qui utilisent couramment des pi\u00e8ces rev\u00eatues de c\u00e9ramique ?<\/strong><\/h3>\n<p data-start=\"5539\" data-end=\"5636\">Industries mini\u00e8res, du ciment, de l'acier, du traitement chimique, de la production d'\u00e9nergie et de la manutention.<\/p>","protected":false},"excerpt":{"rendered":"<p>Les pi\u00e8ces rev\u00eatues de c\u00e9ramique fournies par Wonzh sont con\u00e7ues pour r\u00e9sister \u00e0 l'abrasion s\u00e9v\u00e8re, aux chocs importants et aux environnements corrosifs dans les machines industrielles. Ces pi\u00e8ces sont largement utilis\u00e9es dans les mines, le ciment, l'acier, le traitement chimique, la production d'\u00e9nergie et les \u00e9quipements de manutention pour prolonger la dur\u00e9e de vie des composants soumis \u00e0 une forte usure.<\/p>","protected":false},"featured_media":1542,"comment_status":"open","ping_status":"closed","template":"","meta":{"site-sidebar-layout":"default","site-content-layout":"","ast-site-content-layout":"default","site-content-style":"default","site-sidebar-style":"default","ast-global-header-display":"","ast-banner-title-visibility":"","ast-main-header-display":"","ast-hfb-above-header-display":"","ast-hfb-below-header-display":"","ast-hfb-mobile-header-display":"","site-post-title":"","ast-breadcrumbs-content":"","ast-featured-img":"","footer-sml-layout":"","ast-disable-related-posts":"","theme-transparent-header-meta":"default","adv-header-id-meta":"","stick-header-meta":"default","header-above-stick-meta":"","header-main-stick-meta":"","header-below-stick-meta":"","astra-migrate-meta-layouts":"set","ast-page-background-enabled":"default","ast-page-background-meta":{"desktop":{"background-color":"","background-image":"","background-repeat":"repeat","background-position":"center center","background-size":"auto","background-attachment":"scroll","background-type":"","background-media":"","overlay-type":"","overlay-color":"","overlay-opacity":"","overlay-gradient":""},"tablet":{"background-color":"","background-image":"","background-repeat":"repeat","background-position":"center center","background-size":"auto","background-attachment":"scroll","background-type":"","background-media":"","overlay-type":"","overlay-color":"","overlay-opacity":"","overlay-gradient":""},"mobile":{"background-color":"","background-image":"","background-repeat":"repeat","background-position":"center center","background-size":"auto","background-attachment":"scroll","background-type":"","background-media":"","overlay-type":"","overlay-color":"","overlay-opacity":"","overlay-gradient":""}},"ast-content-background-meta":{"desktop":{"background-color":"var(--ast-global-color-5)","background-image":"","background-repeat":"repeat","background-position":"center center","background-size":"auto","background-attachment":"scroll","background-type":"","background-media":"","overlay-type":"","overlay-color":"","overlay-opacity":"","overlay-gradient":""},"tablet":{"background-color":"var(--ast-global-color-5)","background-image":"","background-repeat":"repeat","background-position":"center center","background-size":"auto","background-attachment":"scroll","background-type":"","background-media":"","overlay-type":"","overlay-color":"","overlay-opacity":"","overlay-gradient":""},"mobile":{"background-color":"var(--ast-global-color-5)","background-image":"","background-repeat":"repeat","background-position":"center center","background-size":"auto","background-attachment":"scroll","background-type":"","background-media":"","overlay-type":"","overlay-color":"","overlay-opacity":"","overlay-gradient":""}}},"product_brand":[],"product_cat":[24],"product_tag":[434,429,432,428,440,343,439,420,435,436,437,431,438,433,430],"class_list":{"0":"post-1480","1":"product","2":"type-product","3":"status-publish","4":"has-post-thumbnail","6":"product_cat-wear-parts-wear-components","7":"product_tag-abrasion-resistant-parts","8":"product_tag-alumina-lined-parts","9":"product_tag-boron-carbide-lined-parts","10":"product_tag-ceramic-lined-parts","11":"product_tag-china-ceramic-lined-manufacturer","12":"product_tag-crusher-liners","13":"product_tag-custom-ceramic-lined-parts","14":"product_tag-hopper-liners","15":"product_tag-industrial-liners","16":"product_tag-mill-liners","17":"product_tag-pipe-liners","18":"product_tag-sic-lined-parts","19":"product_tag-slurry-handling-parts","20":"product_tag-wear-resistant-components","21":"product_tag-zirconia-lined-parts","22":"desktop-align-left","23":"tablet-align-left","24":"mobile-align-left","26":"first","27":"instock","28":"shipping-taxable","29":"product-type-simple"},"_links":{"self":[{"href":"https:\/\/www.wonzh.com\/fr\/wp-json\/wp\/v2\/product\/1480","targetHints":{"allow":["GET"]}}],"collection":[{"href":"https:\/\/www.wonzh.com\/fr\/wp-json\/wp\/v2\/product"}],"about":[{"href":"https:\/\/www.wonzh.com\/fr\/wp-json\/wp\/v2\/types\/product"}],"replies":[{"embeddable":true,"href":"https:\/\/www.wonzh.com\/fr\/wp-json\/wp\/v2\/comments?post=1480"}],"wp:featuredmedia":[{"embeddable":true,"href":"https:\/\/www.wonzh.com\/fr\/wp-json\/wp\/v2\/media\/1542"}],"wp:attachment":[{"href":"https:\/\/www.wonzh.com\/fr\/wp-json\/wp\/v2\/media?parent=1480"}],"wp:term":[{"taxonomy":"product_brand","embeddable":true,"href":"https:\/\/www.wonzh.com\/fr\/wp-json\/wp\/v2\/product_brand?post=1480"},{"taxonomy":"product_cat","embeddable":true,"href":"https:\/\/www.wonzh.com\/fr\/wp-json\/wp\/v2\/product_cat?post=1480"},{"taxonomy":"product_tag","embeddable":true,"href":"https:\/\/www.wonzh.com\/fr\/wp-json\/wp\/v2\/product_tag?post=1480"}],"curies":[{"name":"wp","href":"https:\/\/api.w.org\/{rel}","templated":true}]}}