{"id":1478,"date":"2026-02-03T15:15:13","date_gmt":"2026-02-03T15:15:13","guid":{"rendered":"https:\/\/www.wonzh.com\/?post_type=product&#038;p=1478"},"modified":"2026-02-05T15:10:51","modified_gmt":"2026-02-05T15:10:51","slug":"industrial-wear-plates-for-heavy-duty-machinery","status":"publish","type":"product","link":"https:\/\/www.wonzh.com\/fr\/product\/industrial-wear-plates-for-heavy-duty-machinery\/","title":{"rendered":"Plaques d'usure industrielles pour machines lourdes"},"content":{"rendered":"<p data-start=\"555\" data-end=\"860\">Les plaques d'usure fournies par Wonzh sont con\u00e7ues pour offrir une r\u00e9sistance \u00e0 l'abrasion, aux chocs et \u00e0 la corrosion dans les \u00e9quipements industriels. Elles sont largement utilis\u00e9es dans les mines, le ciment, l'acier, la construction, la manutention et les machines de production d'\u00e9nergie pour prot\u00e9ger les surfaces structurelles et r\u00e9duire les co\u00fbts de maintenance.<\/p>\n<p data-start=\"862\" data-end=\"1155\">Nos plaques d'usure sont fabriqu\u00e9es en acier au carbone \u00e0 haute r\u00e9sistance, en acier alli\u00e9, en acier inoxydable et en acier r\u00e9sistant \u00e0 l'usure \u00e0 haute teneur en chrome. Des proc\u00e9d\u00e9s avanc\u00e9s, notamment la d\u00e9coupe CNC, le traitement thermique, le rechargement et la finition de surface, garantissent une grande durabilit\u00e9, une grande pr\u00e9cision et une longue dur\u00e9e de vie.<\/p>\n<p data-start=\"1157\" data-end=\"1440\">Wonzh fournit des plaques d'usure standard et personnalis\u00e9es sur la base de vos sp\u00e9cifications, dessins ou mod\u00e8les d'\u00e9quipement. Notre \u00e9quipe d'ing\u00e9nieurs prend en charge la s\u00e9lection des mat\u00e9riaux, l'optimisation de l'\u00e9paisseur, le traitement de surface et le contr\u00f4le des tol\u00e9rances, afin de garantir une protection maximale et des temps d'arr\u00eat minimaux.<\/p>\n<h2 data-start=\"1447\" data-end=\"1466\"><strong data-start=\"1450\" data-end=\"1466\">Caract\u00e9ristiques principales<\/strong><\/h2>\n<ul data-start=\"1468\" data-end=\"1746\">\n<li data-start=\"1468\" data-end=\"1507\">\n<p data-start=\"1470\" data-end=\"1507\">R\u00e9sistance \u00e9lev\u00e9e \u00e0 l'abrasion et aux chocs<\/p>\n<\/li>\n<li data-start=\"1508\" data-end=\"1546\">\n<p data-start=\"1510\" data-end=\"1546\">Durable dans des conditions de charge \u00e9lev\u00e9e<\/p>\n<\/li>\n<li data-start=\"1547\" data-end=\"1601\">\n<p data-start=\"1549\" data-end=\"1601\">Dimensions, \u00e9paisseurs et mat\u00e9riaux sur mesure disponibles<\/p>\n<\/li>\n<li data-start=\"1602\" data-end=\"1641\">\n<p data-start=\"1604\" data-end=\"1641\">D\u00e9coupage pr\u00e9cis pour une installation facile<\/p>\n<\/li>\n<li data-start=\"1642\" data-end=\"1697\">\n<p data-start=\"1644\" data-end=\"1697\">Soutien aux prototypes, aux petites s\u00e9ries et \u00e0 la production de masse<\/p>\n<\/li>\n<li data-start=\"1698\" data-end=\"1746\">\n<p data-start=\"1700\" data-end=\"1746\">Compatible avec divers \u00e9quipements industriels<\/p>\n<\/li>\n<\/ul>\n<h2 data-start=\"1753\" data-end=\"1780\"><strong data-start=\"1756\" data-end=\"1780\">Applications typiques<\/strong><\/h2>\n<ul data-start=\"1782\" data-end=\"1991\">\n<li data-start=\"1782\" data-end=\"1821\">\n<p data-start=\"1784\" data-end=\"1821\">Concasseurs, tr\u00e9mies, goulottes et bacs<\/p>\n<\/li>\n<li data-start=\"1822\" data-end=\"1853\">\n<p data-start=\"1824\" data-end=\"1853\">Syst\u00e8mes de convoyage et d'alimentation<\/p>\n<\/li>\n<li data-start=\"1854\" data-end=\"1885\">\n<p data-start=\"1856\" data-end=\"1885\">\u00c9quipement pour les mines et les carri\u00e8res<\/p>\n<\/li>\n<li data-start=\"1886\" data-end=\"1925\">\n<p data-start=\"1888\" data-end=\"1925\">Machines pour l'industrie du ciment et de l'acier<\/p>\n<\/li>\n<li data-start=\"1926\" data-end=\"1955\">\n<p data-start=\"1928\" data-end=\"1955\">Syst\u00e8mes de manutention<\/p>\n<\/li>\n<li data-start=\"1956\" data-end=\"1991\">\n<p data-start=\"1958\" data-end=\"1991\">\u00c9quipement de transformation \u00e0 usage intensif<\/p>\n<\/li>\n<\/ul>\n<h2 data-start=\"1998\" data-end=\"2031\"><strong data-start=\"2001\" data-end=\"2031\">Types de plaques d'usure que nous fournissons<\/strong><\/h2>\n<div class=\"TyagGW_tableContainer\">\n<div class=\"group TyagGW_tableWrapper flex flex-col-reverse w-fit\" tabindex=\"-1\">\n<table class=\"w-fit min-w-(--thread-content-width)\" data-start=\"2033\" data-end=\"2567\">\n<thead data-start=\"2033\" data-end=\"2080\">\n<tr data-start=\"2033\" data-end=\"2080\">\n<th data-start=\"2033\" data-end=\"2051\" data-col-size=\"sm\">Type de plaque d'usure<\/th>\n<th data-start=\"2051\" data-end=\"2065\" data-col-size=\"sm\">Description<\/th>\n<th data-start=\"2065\" data-end=\"2080\" data-col-size=\"sm\">Utilisation typique<\/th>\n<\/tr>\n<\/thead>\n<tbody data-start=\"2095\" data-end=\"2567\">\n<tr data-start=\"2095\" data-end=\"2176\">\n<td data-start=\"2095\" data-end=\"2122\" data-col-size=\"sm\"><strong data-start=\"2097\" data-end=\"2121\">Plaques d'usure standard<\/strong><\/td>\n<td data-start=\"2122\" data-end=\"2145\" data-col-size=\"sm\">Plaques plates et durables<\/td>\n<td data-start=\"2145\" data-end=\"2176\" data-col-size=\"sm\">Protection g\u00e9n\u00e9rale contre l'abrasion<\/td>\n<\/tr>\n<tr data-start=\"2177\" data-end=\"2274\">\n<td data-start=\"2177\" data-end=\"2207\" data-col-size=\"sm\"><strong data-start=\"2179\" data-end=\"2206\">Plaques d'usure \u00e0 haute teneur en chrome<\/strong><\/td>\n<td data-start=\"2207\" data-end=\"2246\" data-col-size=\"sm\">Extr\u00eamement dur, haute r\u00e9sistance \u00e0 l'usure<\/td>\n<td data-start=\"2246\" data-end=\"2274\" data-col-size=\"sm\">Concasseurs, broyeurs, tr\u00e9mies<\/td>\n<\/tr>\n<tr data-start=\"2275\" data-end=\"2370\">\n<td data-start=\"2275\" data-end=\"2303\" data-col-size=\"sm\"><strong data-start=\"2277\" data-end=\"2302\">Plaques d'usure \u00e0 surface dure<\/strong><\/td>\n<td data-start=\"2303\" data-end=\"2341\" data-col-size=\"sm\">Couche superficielle renforc\u00e9e par un alliage<\/td>\n<td data-start=\"2341\" data-end=\"2370\" data-col-size=\"sm\">Environnements \u00e0 fort impact<\/td>\n<\/tr>\n<tr data-start=\"2371\" data-end=\"2470\">\n<td data-start=\"2371\" data-end=\"2405\" data-col-size=\"sm\"><strong data-start=\"2373\" data-end=\"2404\">Plaques d'usure en acier inoxydable<\/strong><\/td>\n<td data-start=\"2405\" data-end=\"2427\" data-col-size=\"sm\">R\u00e9sistant \u00e0 la corrosion<\/td>\n<td data-start=\"2427\" data-end=\"2470\" data-col-size=\"sm\">Applications chimiques, marines et alimentaires<\/td>\n<\/tr>\n<tr data-start=\"2471\" data-end=\"2567\">\n<td data-start=\"2471\" data-end=\"2496\" data-col-size=\"sm\"><strong data-start=\"2473\" data-end=\"2495\">Plaques d'usure sur mesure<\/strong><\/td>\n<td data-start=\"2496\" data-end=\"2534\" data-col-size=\"sm\">Con\u00e7u selon le dessin\/sp\u00e9cification<\/td>\n<td data-start=\"2534\" data-end=\"2567\" data-col-size=\"sm\">Equipements OEM et sp\u00e9cialis\u00e9s<\/td>\n<\/tr>\n<\/tbody>\n<\/table>\n<\/div>\n<\/div>\n<h2 data-start=\"2574\" data-end=\"2626\"><strong data-start=\"2577\" data-end=\"2624\">Param\u00e8tres techniques (gamme repr\u00e9sentative)<\/strong><\/h2>\n<div class=\"TyagGW_tableContainer\">\n<div class=\"group TyagGW_tableWrapper flex flex-col-reverse w-fit\" tabindex=\"-1\">\n<table class=\"w-fit min-w-(--thread-content-width)\" data-start=\"2628\" data-end=\"3097\">\n<thead data-start=\"2628\" data-end=\"2665\">\n<tr data-start=\"2628\" data-end=\"2665\">\n<th data-start=\"2628\" data-end=\"2640\" data-col-size=\"sm\">Param\u00e8tres<\/th>\n<th data-start=\"2640\" data-end=\"2665\" data-col-size=\"md\">Sp\u00e9cification \/ Gamme<\/th>\n<\/tr>\n<\/thead>\n<tbody data-start=\"2676\" data-end=\"3097\">\n<tr data-start=\"2676\" data-end=\"2775\">\n<td data-start=\"2676\" data-end=\"2695\" data-col-size=\"sm\">Options de mat\u00e9riaux<\/td>\n<td data-start=\"2695\" data-end=\"2775\" data-col-size=\"md\">Acier au carbone, acier alli\u00e9, acier inoxydable, acier r\u00e9sistant \u00e0 l'usure \u00e0 haute teneur en chrome<\/td>\n<\/tr>\n<tr data-start=\"2776\" data-end=\"2820\">\n<td data-start=\"2776\" data-end=\"2788\" data-col-size=\"sm\">\u00c9paisseur<\/td>\n<td data-start=\"2788\" data-end=\"2820\" data-col-size=\"md\">5 mm - 100 mm (personnalisable)<\/td>\n<\/tr>\n<tr data-start=\"2821\" data-end=\"2876\">\n<td data-start=\"2821\" data-end=\"2834\" data-col-size=\"sm\">Taille de la plaque<\/td>\n<td data-start=\"2834\" data-end=\"2876\" data-col-size=\"md\">Jusqu'\u00e0 2000 mm \u00d7 1000 mm (personnalisable)<\/td>\n<\/tr>\n<tr data-start=\"2877\" data-end=\"2927\">\n<td data-start=\"2877\" data-end=\"2888\" data-col-size=\"sm\">Duret\u00e9<\/td>\n<td data-start=\"2888\" data-end=\"2927\" data-col-size=\"md\">HRC 40 - 65 (en fonction de l'application)<\/td>\n<\/tr>\n<tr data-start=\"2928\" data-end=\"2996\">\n<td data-start=\"2928\" data-end=\"2948\" data-col-size=\"sm\">Traitement de surface<\/td>\n<td data-start=\"2948\" data-end=\"2996\" data-col-size=\"md\">Rechargement, rev\u00eatement, traitement thermique, placage<\/td>\n<\/tr>\n<tr data-start=\"2997\" data-end=\"3058\">\n<td data-start=\"2997\" data-end=\"3015\" data-col-size=\"sm\">Type de production<\/td>\n<td data-start=\"3015\" data-end=\"3058\" data-col-size=\"md\">Prototype, petit lot, production de masse<\/td>\n<\/tr>\n<tr data-start=\"3059\" data-end=\"3097\">\n<td data-start=\"3059\" data-end=\"3081\" data-col-size=\"sm\">Normes prises en charge<\/td>\n<td data-start=\"3081\" data-end=\"3097\" data-col-size=\"md\">ISO, DIN, GB<\/td>\n<\/tr>\n<\/tbody>\n<\/table>\n<\/div>\n<\/div>\n<h2 data-start=\"3104\" data-end=\"3137\"><strong data-start=\"3107\" data-end=\"3137\">Guide des mat\u00e9riaux et des traitements<\/strong><\/h2>\n<div class=\"TyagGW_tableContainer\">\n<div class=\"group TyagGW_tableWrapper flex flex-col-reverse w-fit\" tabindex=\"-1\">\n<table class=\"w-fit min-w-(--thread-content-width)\" data-start=\"3139\" data-end=\"3563\">\n<thead data-start=\"3139\" data-end=\"3178\">\n<tr data-start=\"3139\" data-end=\"3178\">\n<th data-start=\"3139\" data-end=\"3150\" data-col-size=\"sm\">Mat\u00e9riau<\/th>\n<th data-start=\"3150\" data-end=\"3163\" data-col-size=\"sm\">Avantages<\/th>\n<th data-start=\"3163\" data-end=\"3178\" data-col-size=\"sm\">Utilisation typique<\/th>\n<\/tr>\n<\/thead>\n<tbody data-start=\"3193\" data-end=\"3563\">\n<tr data-start=\"3193\" data-end=\"3292\">\n<td data-start=\"3193\" data-end=\"3212\" data-col-size=\"sm\"><strong data-start=\"3195\" data-end=\"3211\">Acier au carbone<\/strong><\/td>\n<td data-start=\"3212\" data-end=\"3255\" data-col-size=\"sm\">Rentable, r\u00e9sistance mod\u00e9r\u00e9e \u00e0 l'usure<\/td>\n<td data-start=\"3255\" data-end=\"3292\" data-col-size=\"sm\">Protection contre l'usure des machines en g\u00e9n\u00e9ral<\/td>\n<\/tr>\n<tr data-start=\"3293\" data-end=\"3385\">\n<td data-start=\"3293\" data-end=\"3311\" data-col-size=\"sm\"><strong data-start=\"3295\" data-end=\"3310\">Acier alli\u00e9<\/strong><\/td>\n<td data-start=\"3311\" data-end=\"3350\" data-col-size=\"sm\">T\u00e9nacit\u00e9 et r\u00e9sistance aux chocs \u00e9lev\u00e9es<\/td>\n<td data-start=\"3350\" data-end=\"3385\" data-col-size=\"sm\">Concasseurs et alimentateurs robustes<\/td>\n<\/tr>\n<tr data-start=\"3386\" data-end=\"3482\">\n<td data-start=\"3386\" data-end=\"3410\" data-col-size=\"sm\"><strong data-start=\"3388\" data-end=\"3409\">Acier \u00e0 haute teneur en chrome<\/strong><\/td>\n<td data-start=\"3410\" data-end=\"3453\" data-col-size=\"sm\">Duret\u00e9 et r\u00e9sistance \u00e0 l'abrasion maximales<\/td>\n<td data-start=\"3453\" data-end=\"3482\" data-col-size=\"sm\">Broyeurs, tr\u00e9mies, convoyeurs<\/td>\n<\/tr>\n<tr data-start=\"3483\" data-end=\"3563\">\n<td data-start=\"3483\" data-end=\"3505\" data-col-size=\"sm\"><strong data-start=\"3485\" data-end=\"3504\">Acier inoxydable<\/strong><\/td>\n<td data-start=\"3505\" data-end=\"3527\" data-col-size=\"sm\">R\u00e9sistant \u00e0 la corrosion<\/td>\n<td data-start=\"3527\" data-end=\"3563\" data-col-size=\"sm\">\u00c9quipements chimiques, marins et alimentaires<\/td>\n<\/tr>\n<\/tbody>\n<\/table>\n<\/div>\n<\/div>\n<div class=\"TyagGW_tableContainer\">\n<div class=\"group TyagGW_tableWrapper flex flex-col-reverse w-fit\" tabindex=\"-1\">\n<table class=\"w-fit min-w-(--thread-content-width)\" data-start=\"3565\" data-end=\"3846\">\n<thead data-start=\"3565\" data-end=\"3610\">\n<tr data-start=\"3565\" data-end=\"3610\">\n<th data-start=\"3565\" data-end=\"3585\" data-col-size=\"sm\">Traitement de surface<\/th>\n<th data-start=\"3585\" data-end=\"3595\" data-col-size=\"sm\">Objectif<\/th>\n<th data-start=\"3595\" data-end=\"3610\" data-col-size=\"sm\">Utilisation typique<\/th>\n<\/tr>\n<\/thead>\n<tbody data-start=\"3625\" data-end=\"3846\">\n<tr data-start=\"3625\" data-end=\"3692\">\n<td data-start=\"3625\" data-end=\"3638\" data-col-size=\"sm\">Rechargement<\/td>\n<td data-start=\"3638\" data-end=\"3666\" data-col-size=\"sm\">Ajoute une couche r\u00e9sistante \u00e0 l'usure<\/td>\n<td data-start=\"3666\" data-end=\"3692\" data-col-size=\"sm\">Machines lourdes \u00e0 impact<\/td>\n<\/tr>\n<tr data-start=\"3693\" data-end=\"3771\">\n<td data-start=\"3693\" data-end=\"3710\" data-col-size=\"sm\">Traitement thermique<\/td>\n<td data-start=\"3710\" data-end=\"3744\" data-col-size=\"sm\">Am\u00e9liore la duret\u00e9 et la r\u00e9sistance<\/td>\n<td data-start=\"3744\" data-end=\"3771\" data-col-size=\"sm\">Applications \u00e0 forte charge<\/td>\n<\/tr>\n<tr data-start=\"3772\" data-end=\"3846\">\n<td data-start=\"3772\" data-end=\"3792\" data-col-size=\"sm\">Rev\u00eatement \/ Placage<\/td>\n<td data-start=\"3792\" data-end=\"3824\" data-col-size=\"sm\">Protection contre la corrosion et l'usure<\/td>\n<td data-start=\"3824\" data-end=\"3846\" data-col-size=\"sm\">Environnements difficiles<\/td>\n<\/tr>\n<\/tbody>\n<\/table>\n<\/div>\n<\/div>\n<h2 data-start=\"3853\" data-end=\"3876\"><strong data-start=\"3856\" data-end=\"3876\">Pourquoi choisir Wonzh<\/strong><\/h2>\n<ul data-start=\"3878\" data-end=\"4170\">\n<li data-start=\"3878\" data-end=\"3940\">\n<p data-start=\"3880\" data-end=\"3940\">Plaques d'usure durables et de haute qualit\u00e9 pour les machines industrielles<\/p>\n<\/li>\n<li data-start=\"3941\" data-end=\"3995\">\n<p data-start=\"3943\" data-end=\"3995\">Large choix de mat\u00e9riaux et de traitements de surface<\/p>\n<\/li>\n<li data-start=\"3996\" data-end=\"4062\">\n<p data-start=\"3998\" data-end=\"4062\">Assistance technique personnalis\u00e9e pour les applications OEM et industrielles<\/p>\n<\/li>\n<li data-start=\"4063\" data-end=\"4105\">\n<p data-start=\"4065\" data-end=\"4105\">R\u00e9duction des temps d'arr\u00eat et des co\u00fbts de maintenance<\/p>\n<\/li>\n<li data-start=\"4106\" data-end=\"4170\">\n<p data-start=\"4108\" data-end=\"4170\">Du prototype \u00e0 la production de masse avec une livraison rapide et fiable<\/p>\n<\/li>\n<\/ul>\n<h2 data-start=\"4177\" data-end=\"4218\"><strong data-start=\"4180\" data-end=\"4216\">Foire aux questions (FAQ)<\/strong><\/h2>\n<h3 data-start=\"4220\" data-end=\"4264\"><strong data-start=\"4224\" data-end=\"4262\">Q1 : \u00c0 quoi servent les plaques d'usure ?<\/strong><\/h3>\n<p data-start=\"4265\" data-end=\"4377\">Les plaques d'usure prot\u00e8gent les surfaces des machines contre l'abrasion, les chocs et la corrosion, prolongeant ainsi la dur\u00e9e de vie des \u00e9quipements.<\/p>\n<h3 data-start=\"4379\" data-end=\"4432\"><strong data-start=\"4383\" data-end=\"4430\">Q2 : Puis-je obtenir des tailles et des \u00e9paisseurs personnalis\u00e9es ?<\/strong><\/h3>\n<p data-start=\"4433\" data-end=\"4522\">Oui. Les plaques d'usure peuvent \u00eatre enti\u00e8rement personnalis\u00e9es sur la base de dessins ou de sp\u00e9cifications d'\u00e9quipement.<\/p>\n<h3 data-start=\"4524\" data-end=\"4568\"><strong data-start=\"4528\" data-end=\"4566\">Q3 : Quels sont les mat\u00e9riaux disponibles ?<\/strong><\/h3>\n<p data-start=\"4569\" data-end=\"4694\">Les mat\u00e9riaux comprennent <strong data-start=\"4587\" data-end=\"4661\">acier au carbone, acier alli\u00e9, acier d'usure \u00e0 haute teneur en chrome et acier inoxydable<\/strong>, en fonction de l'application.<\/p>\n<h3 data-start=\"4696\" data-end=\"4743\"><strong data-start=\"4700\" data-end=\"4741\">Q4 : Des traitements de surface sont-ils disponibles ?<\/strong><\/h3>\n<p data-start=\"4744\" data-end=\"4843\">Oui. Les options sont les suivantes <strong data-start=\"4765\" data-end=\"4817\">rechargement, traitement thermique, placage et rev\u00eatement<\/strong> pour augmenter la durabilit\u00e9.<\/p>\n<h3 data-start=\"4845\" data-end=\"4900\"><strong data-start=\"4849\" data-end=\"4898\">Q5 : Quelles sont les industries qui utilisent couramment des plaques d'usure ?<\/strong><\/h3>\n<p data-start=\"4901\" data-end=\"5001\">Les industries mini\u00e8re, cimenti\u00e8re, sid\u00e9rurgique, de la construction, de la manutention et de la chimie sont des utilisateurs typiques.<\/p>","protected":false},"excerpt":{"rendered":"<p>Les plaques d'usure fournies par Wonzh sont con\u00e7ues pour offrir une r\u00e9sistance \u00e0 l'abrasion, aux chocs et \u00e0 la corrosion dans les \u00e9quipements industriels. Elles sont largement utilis\u00e9es dans les mines, le ciment, l'acier, la construction, la manutention et les machines de production d'\u00e9nergie pour prot\u00e9ger les surfaces structurelles et r\u00e9duire les co\u00fbts de maintenance.<\/p>","protected":false},"featured_media":1539,"comment_status":"open","ping_status":"closed","template":"","meta":{"site-sidebar-layout":"default","site-content-layout":"","ast-site-content-layout":"default","site-content-style":"default","site-sidebar-style":"default","ast-global-header-display":"","ast-banner-title-visibility":"","ast-main-header-display":"","ast-hfb-above-header-display":"","ast-hfb-below-header-display":"","ast-hfb-mobile-header-display":"","site-post-title":"","ast-breadcrumbs-content":"","ast-featured-img":"","footer-sml-layout":"","ast-disable-related-posts":"","theme-transparent-header-meta":"default","adv-header-id-meta":"","stick-header-meta":"default","header-above-stick-meta":"","header-main-stick-meta":"","header-below-stick-meta":"","astra-migrate-meta-layouts":"set","ast-page-background-enabled":"default","ast-page-background-meta":{"desktop":{"background-color":"","background-image":"","background-repeat":"repeat","background-position":"center center","background-size":"auto","background-attachment":"scroll","background-type":"","background-media":"","overlay-type":"","overlay-color":"","overlay-opacity":"","overlay-gradient":""},"tablet":{"background-color":"","background-image":"","background-repeat":"repeat","background-position":"center center","background-size":"auto","background-attachment":"scroll","background-type":"","background-media":"","overlay-type":"","overlay-color":"","overlay-opacity":"","overlay-gradient":""},"mobile":{"background-color":"","background-image":"","background-repeat":"repeat","background-position":"center center","background-size":"auto","background-attachment":"scroll","background-type":"","background-media":"","overlay-type":"","overlay-color":"","overlay-opacity":"","overlay-gradient":""}},"ast-content-background-meta":{"desktop":{"background-color":"var(--ast-global-color-5)","background-image":"","background-repeat":"repeat","background-position":"center center","background-size":"auto","background-attachment":"scroll","background-type":"","background-media":"","overlay-type":"","overlay-color":"","overlay-opacity":"","overlay-gradient":""},"tablet":{"background-color":"var(--ast-global-color-5)","background-image":"","background-repeat":"repeat","background-position":"center center","background-size":"auto","background-attachment":"scroll","background-type":"","background-media":"","overlay-type":"","overlay-color":"","overlay-opacity":"","overlay-gradient":""},"mobile":{"background-color":"var(--ast-global-color-5)","background-image":"","background-repeat":"repeat","background-position":"center center","background-size":"auto","background-attachment":"scroll","background-type":"","background-media":"","overlay-type":"","overlay-color":"","overlay-opacity":"","overlay-gradient":""}}},"product_brand":[],"product_cat":[24],"product_tag":[423,427,426,421,343,425,417,424,416,420,419,422,353,418,342],"class_list":{"0":"post-1478","1":"product","2":"type-product","3":"status-publish","4":"has-post-thumbnail","6":"product_cat-wear-parts-wear-components","7":"product_tag-cement-equipment-wear-parts","8":"product_tag-china-wear-plate-manufacturer","9":"product_tag-cnc-cut-wear-plates","10":"product_tag-conveyor-wear-plates","11":"product_tag-crusher-liners","12":"product_tag-custom-wear-plates","13":"product_tag-hardfaced-plates","14":"product_tag-heavy-duty-machinery-protection","15":"product_tag-high-chrome-wear-plates","16":"product_tag-hopper-liners","17":"product_tag-industrial-wear-components","18":"product_tag-mining-wear-plates","19":"product_tag-oem-wear-components","20":"product_tag-stainless-steel-wear-plates","21":"product_tag-wear-plates","22":"desktop-align-left","23":"tablet-align-left","24":"mobile-align-left","26":"first","27":"instock","28":"shipping-taxable","29":"product-type-simple"},"_links":{"self":[{"href":"https:\/\/www.wonzh.com\/fr\/wp-json\/wp\/v2\/product\/1478","targetHints":{"allow":["GET"]}}],"collection":[{"href":"https:\/\/www.wonzh.com\/fr\/wp-json\/wp\/v2\/product"}],"about":[{"href":"https:\/\/www.wonzh.com\/fr\/wp-json\/wp\/v2\/types\/product"}],"replies":[{"embeddable":true,"href":"https:\/\/www.wonzh.com\/fr\/wp-json\/wp\/v2\/comments?post=1478"}],"wp:featuredmedia":[{"embeddable":true,"href":"https:\/\/www.wonzh.com\/fr\/wp-json\/wp\/v2\/media\/1539"}],"wp:attachment":[{"href":"https:\/\/www.wonzh.com\/fr\/wp-json\/wp\/v2\/media?parent=1478"}],"wp:term":[{"taxonomy":"product_brand","embeddable":true,"href":"https:\/\/www.wonzh.com\/fr\/wp-json\/wp\/v2\/product_brand?post=1478"},{"taxonomy":"product_cat","embeddable":true,"href":"https:\/\/www.wonzh.com\/fr\/wp-json\/wp\/v2\/product_cat?post=1478"},{"taxonomy":"product_tag","embeddable":true,"href":"https:\/\/www.wonzh.com\/fr\/wp-json\/wp\/v2\/product_tag?post=1478"}],"curies":[{"name":"wp","href":"https:\/\/api.w.org\/{rel}","templated":true}]}}