{"id":1472,"date":"2026-02-03T15:00:09","date_gmt":"2026-02-03T15:00:09","guid":{"rendered":"https:\/\/www.wonzh.com\/?post_type=product&#038;p=1472"},"modified":"2026-02-05T14:50:06","modified_gmt":"2026-02-05T14:50:06","slug":"industrial-couplings-for-power-transmission-and-mechanical-systems","status":"publish","type":"product","link":"https:\/\/www.wonzh.com\/fr\/product\/industrial-couplings-for-power-transmission-and-mechanical-systems\/","title":{"rendered":"Accouplements industriels pour la transmission de puissance et les syst\u00e8mes m\u00e9caniques"},"content":{"rendered":"<p data-start=\"567\" data-end=\"910\">Accouplements fournis par <strong data-start=\"589\" data-end=\"598\">Wonzh<\/strong> sont des composants m\u00e9caniques de pr\u00e9cision utilis\u00e9s pour relier deux arbres afin de transmettre de l'\u00e9nergie tout en s'adaptant au d\u00e9salignement, en r\u00e9duisant les vibrations et en prot\u00e9geant l'\u00e9quipement connect\u00e9. Nos accouplements sont largement utilis\u00e9s dans <strong data-start=\"829\" data-end=\"907\">moteurs, pompes, compresseurs, convoyeurs, bo\u00eetes de vitesses et machines industrielles<\/strong>.<\/p>\n<p data-start=\"912\" data-end=\"1409\">Fabriqu\u00e9 \u00e0 partir de mat\u00e9riaux \u00e0 haute r\u00e9sistance <strong data-start=\"944\" data-end=\"1015\">acier au carbone, acier alli\u00e9, acier inoxydable ou plastique technique<\/strong>, Les accouplements Wonzh sont con\u00e7us pour \u00eatre durables, r\u00e9sistants au couple et fiables. Nos produits comprennent <strong data-start=\"1131\" data-end=\"1232\">accouplements rigides, accouplements flexibles, accouplements \u00e0 m\u00e2choires, accouplements \u00e0 engrenages et solutions sur mesure<\/strong> pour des applications sp\u00e9cialis\u00e9es. L'usinage CNC avanc\u00e9, le traitement thermique et la finition de surface garantissent des performances constantes sous des charges dynamiques et dans des conditions industrielles difficiles.<\/p>\n<p data-start=\"1411\" data-end=\"1722\">Nous fournissons <strong data-start=\"1422\" data-end=\"1465\">accouplements standard et enti\u00e8rement personnalis\u00e9s<\/strong>, Notre \u00e9quipe d'ing\u00e9nieurs peut recommander des types d'accouplements appropri\u00e9s, des mat\u00e9riaux et des tol\u00e9rances pour optimiser l'efficacit\u00e9 et la dur\u00e9e de vie de la machine. Notre \u00e9quipe d'ing\u00e9nieurs peut recommander des types d'accouplement, des mat\u00e9riaux et des tol\u00e9rances appropri\u00e9s pour optimiser l'efficacit\u00e9 et la dur\u00e9e de vie de la machine.<\/p>\n<h2 data-start=\"1729\" data-end=\"1748\"><strong data-start=\"1732\" data-end=\"1748\">Caract\u00e9ristiques principales<\/strong><\/h2>\n<ul data-start=\"1750\" data-end=\"2049\">\n<li data-start=\"1750\" data-end=\"1789\">\n<p data-start=\"1752\" data-end=\"1789\">Capacit\u00e9 de transmission d'un couple \u00e9lev\u00e9<\/p>\n<\/li>\n<li data-start=\"1790\" data-end=\"1848\">\n<p data-start=\"1792\" data-end=\"1848\">Prise en charge des d\u00e9salignements angulaires, parall\u00e8les et axiaux<\/p>\n<\/li>\n<li data-start=\"1849\" data-end=\"1891\">\n<p data-start=\"1851\" data-end=\"1891\">Amortissement des vibrations et des chocs<\/p>\n<\/li>\n<li data-start=\"1892\" data-end=\"1940\">\n<p data-start=\"1894\" data-end=\"1940\">R\u00e9sistant \u00e0 l'usure et durable sous de lourdes charges<\/p>\n<\/li>\n<li data-start=\"1941\" data-end=\"1992\">\n<p data-start=\"1943\" data-end=\"1992\">Dimensions, mat\u00e9riaux et types standard et sur mesure<\/p>\n<\/li>\n<li data-start=\"1993\" data-end=\"2049\">\n<p data-start=\"1995\" data-end=\"2049\">Prise en charge des prototypes, des petites s\u00e9ries et de la production de masse<\/p>\n<\/li>\n<\/ul>\n<h2 data-start=\"2056\" data-end=\"2083\"><strong data-start=\"2059\" data-end=\"2083\">Applications typiques<\/strong><\/h2>\n<ul data-start=\"2085\" data-end=\"2350\">\n<li data-start=\"2085\" data-end=\"2116\">\n<p data-start=\"2087\" data-end=\"2116\">Moteurs et pompes industriels<\/p>\n<\/li>\n<li data-start=\"2117\" data-end=\"2155\">\n<p data-start=\"2119\" data-end=\"2155\">Bo\u00eetes de vitesses et syst\u00e8mes de transmission<\/p>\n<\/li>\n<li data-start=\"2156\" data-end=\"2183\">\n<p data-start=\"2158\" data-end=\"2183\">Compresseurs et soufflantes<\/p>\n<\/li>\n<li data-start=\"2184\" data-end=\"2227\">\n<p data-start=\"2186\" data-end=\"2227\">Convoyeurs et syst\u00e8mes de manutention<\/p>\n<\/li>\n<li data-start=\"2228\" data-end=\"2273\">\n<p data-start=\"2230\" data-end=\"2273\">Exploitation mini\u00e8re, construction et machines lourdes<\/p>\n<\/li>\n<li data-start=\"2274\" data-end=\"2315\">\n<p data-start=\"2276\" data-end=\"2315\">Production d'\u00e9lectricit\u00e9 et \u00e9quipements \u00e9nerg\u00e9tiques<\/p>\n<\/li>\n<li data-start=\"2316\" data-end=\"2350\">\n<p data-start=\"2318\" data-end=\"2350\">Automatisation et syst\u00e8mes robotiques<\/p>\n<\/li>\n<\/ul>\n<h2 data-start=\"2357\" data-end=\"2388\"><strong data-start=\"2360\" data-end=\"2388\">Types d'accouplements que nous fournissons<\/strong><\/h2>\n<div class=\"TyagGW_tableContainer\">\n<div class=\"group TyagGW_tableWrapper flex flex-col-reverse w-fit\" tabindex=\"-1\">\n<table class=\"w-fit min-w-(--thread-content-width)\" data-start=\"2390\" data-end=\"3062\">\n<thead data-start=\"2390\" data-end=\"2435\">\n<tr data-start=\"2390\" data-end=\"2435\">\n<th data-start=\"2390\" data-end=\"2406\" data-col-size=\"sm\">Type d'accouplement<\/th>\n<th data-start=\"2406\" data-end=\"2420\" data-col-size=\"md\">Description<\/th>\n<th data-start=\"2420\" data-end=\"2435\" data-col-size=\"md\">Utilisation typique<\/th>\n<\/tr>\n<\/thead>\n<tbody data-start=\"2450\" data-end=\"3062\">\n<tr data-start=\"2450\" data-end=\"2571\">\n<td data-start=\"2450\" data-end=\"2471\" data-col-size=\"sm\"><strong data-start=\"2452\" data-end=\"2470\">Accouplement rigide<\/strong><\/td>\n<td data-start=\"2471\" data-end=\"2520\" data-col-size=\"md\">Connexion solide, pas de compensation de d\u00e9salignement<\/td>\n<td data-start=\"2520\" data-end=\"2571\" data-col-size=\"md\">Alignement pr\u00e9cis des arbres, applications \u00e0 faible vitesse<\/td>\n<\/tr>\n<tr data-start=\"2572\" data-end=\"2681\">\n<td data-start=\"2572\" data-end=\"2596\" data-col-size=\"sm\"><strong data-start=\"2574\" data-end=\"2595\">Accouplement flexible<\/strong><\/td>\n<td data-start=\"2596\" data-end=\"2639\" data-col-size=\"md\">Permet un d\u00e9salignement angulaire et parall\u00e8le<\/td>\n<td data-start=\"2639\" data-end=\"2681\" data-col-size=\"md\">Moteurs, pompes, amortissement des vibrations l\u00e9g\u00e8res<\/td>\n<\/tr>\n<tr data-start=\"2682\" data-end=\"2787\">\n<td data-start=\"2682\" data-end=\"2701\" data-col-size=\"sm\"><strong data-start=\"2684\" data-end=\"2700\">Accouplement \u00e0 m\u00e2choires<\/strong><\/td>\n<td data-start=\"2701\" data-end=\"2748\" data-col-size=\"md\">L'insert en \u00e9lastom\u00e8re absorbe les vibrations et les chocs<\/td>\n<td data-start=\"2748\" data-end=\"2787\" data-col-size=\"md\">Transmission de couple \u00e0 usage g\u00e9n\u00e9ral<\/td>\n<\/tr>\n<tr data-start=\"2788\" data-end=\"2883\">\n<td data-start=\"2788\" data-end=\"2808\" data-col-size=\"sm\"><strong data-start=\"2790\" data-end=\"2807\">Accouplement \u00e0 engrenages<\/strong><\/td>\n<td data-start=\"2808\" data-end=\"2848\" data-col-size=\"md\">Couple \u00e9lev\u00e9, compensation du d\u00e9salignement<\/td>\n<td data-start=\"2848\" data-end=\"2883\" data-col-size=\"md\">Machines industrielles lourdes<\/td>\n<\/tr>\n<tr data-start=\"2884\" data-end=\"2979\">\n<td data-start=\"2884\" data-end=\"2911\" data-col-size=\"sm\"><strong data-start=\"2886\" data-end=\"2910\">Accouplement grille\/disque<\/strong><\/td>\n<td data-start=\"2911\" data-end=\"2947\" data-col-size=\"md\">Souplesse de la torsion, couple \u00e9lev\u00e9<\/td>\n<td data-start=\"2947\" data-end=\"2979\" data-col-size=\"md\">Pompes, compresseurs, turbines<\/td>\n<\/tr>\n<tr data-start=\"2980\" data-end=\"3062\">\n<td data-start=\"2980\" data-end=\"3002\" data-col-size=\"sm\"><strong data-start=\"2982\" data-end=\"3001\">Accouplement sur mesure<\/strong><\/td>\n<td data-start=\"3002\" data-end=\"3033\" data-col-size=\"md\">Con\u00e7u selon les sp\u00e9cifications<\/td>\n<td data-start=\"3033\" data-end=\"3062\" data-col-size=\"md\">OEM et machines sp\u00e9ciales<\/td>\n<\/tr>\n<\/tbody>\n<\/table>\n<\/div>\n<\/div>\n<h2 data-start=\"3069\" data-end=\"3121\"><strong data-start=\"3072\" data-end=\"3119\">Param\u00e8tres techniques (gamme repr\u00e9sentative)<\/strong><\/h2>\n<div class=\"TyagGW_tableContainer\">\n<div class=\"group TyagGW_tableWrapper flex flex-col-reverse w-fit\" tabindex=\"-1\">\n<table class=\"w-fit min-w-(--thread-content-width)\" data-start=\"3123\" data-end=\"3669\">\n<thead data-start=\"3123\" data-end=\"3160\">\n<tr data-start=\"3123\" data-end=\"3160\">\n<th data-start=\"3123\" data-end=\"3135\" data-col-size=\"sm\">Param\u00e8tres<\/th>\n<th data-start=\"3135\" data-end=\"3160\" data-col-size=\"md\">Sp\u00e9cification \/ Gamme<\/th>\n<\/tr>\n<\/thead>\n<tbody data-start=\"3171\" data-end=\"3669\">\n<tr data-start=\"3171\" data-end=\"3268\">\n<td data-start=\"3171\" data-end=\"3190\" data-col-size=\"sm\">Options de mat\u00e9riaux<\/td>\n<td data-start=\"3190\" data-end=\"3268\" data-col-size=\"md\">Acier au carbone, acier alli\u00e9, acier inoxydable, aluminium, plastiques techniques<\/td>\n<\/tr>\n<tr data-start=\"3269\" data-end=\"3317\">\n<td data-start=\"3269\" data-end=\"3285\" data-col-size=\"sm\">Diam\u00e8tre de l'al\u00e9sage<\/td>\n<td data-start=\"3285\" data-end=\"3317\" data-col-size=\"md\">5 mm - 150 mm (personnalisable)<\/td>\n<\/tr>\n<tr data-start=\"3318\" data-end=\"3381\">\n<td data-start=\"3318\" data-end=\"3336\" data-col-size=\"sm\">Capacit\u00e9 de couple<\/td>\n<td data-start=\"3336\" data-end=\"3381\" data-col-size=\"md\">10 Nm - 50 000 Nm (en fonction de l'application)<\/td>\n<\/tr>\n<tr data-start=\"3382\" data-end=\"3461\">\n<td data-start=\"3382\" data-end=\"3406\" data-col-size=\"sm\">Capacit\u00e9 de d\u00e9salignement<\/td>\n<td data-start=\"3406\" data-end=\"3461\" data-col-size=\"md\">Angulaire : 1\u00b0-5\u00b0, parall\u00e8le : 0,1-1 mm, axial : 0,5-5 mm<\/td>\n<\/tr>\n<tr data-start=\"3462\" data-end=\"3510\">\n<td data-start=\"3462\" data-end=\"3470\" data-col-size=\"sm\">Vitesse<\/td>\n<td data-start=\"3470\" data-end=\"3510\" data-col-size=\"md\">Jusqu'\u00e0 10 000 tr\/min (selon le type)<\/td>\n<\/tr>\n<tr data-start=\"3511\" data-end=\"3562\">\n<td data-start=\"3511\" data-end=\"3531\" data-col-size=\"sm\">Traitement de surface<\/td>\n<td data-start=\"3531\" data-end=\"3562\" data-col-size=\"md\">Durcissement, rev\u00eatement, placage<\/td>\n<\/tr>\n<tr data-start=\"3563\" data-end=\"3607\">\n<td data-start=\"3563\" data-end=\"3585\" data-col-size=\"sm\">Normes prises en charge<\/td>\n<td data-start=\"3585\" data-end=\"3607\" data-col-size=\"md\">ISO, DIN, AGMA, GB<\/td>\n<\/tr>\n<tr data-start=\"3608\" data-end=\"3669\">\n<td data-start=\"3608\" data-end=\"3626\" data-col-size=\"sm\">Type de production<\/td>\n<td data-start=\"3626\" data-end=\"3669\" data-col-size=\"md\">Prototype, petit lot, production de masse<\/td>\n<\/tr>\n<\/tbody>\n<\/table>\n<\/div>\n<\/div>\n<h2 data-start=\"3676\" data-end=\"3709\"><strong data-start=\"3679\" data-end=\"3709\">Guide des mat\u00e9riaux et de la s\u00e9lection<\/strong><\/h2>\n<div class=\"TyagGW_tableContainer\">\n<div class=\"group TyagGW_tableWrapper flex flex-col-reverse w-fit\" tabindex=\"-1\">\n<table class=\"w-fit min-w-(--thread-content-width)\" data-start=\"3711\" data-end=\"4136\">\n<thead data-start=\"3711\" data-end=\"3750\">\n<tr data-start=\"3711\" data-end=\"3750\">\n<th data-start=\"3711\" data-end=\"3722\" data-col-size=\"sm\">Mat\u00e9riau<\/th>\n<th data-start=\"3722\" data-end=\"3735\" data-col-size=\"sm\">Avantages<\/th>\n<th data-start=\"3735\" data-end=\"3750\" data-col-size=\"sm\">Utilisation typique<\/th>\n<\/tr>\n<\/thead>\n<tbody data-start=\"3765\" data-end=\"4136\">\n<tr data-start=\"3765\" data-end=\"3841\">\n<td data-start=\"3765\" data-end=\"3784\" data-col-size=\"sm\"><strong data-start=\"3767\" data-end=\"3783\">Acier au carbone<\/strong><\/td>\n<td data-start=\"3784\" data-end=\"3809\" data-col-size=\"sm\">Solide et rentable<\/td>\n<td data-start=\"3809\" data-end=\"3841\" data-col-size=\"sm\">Accouplements industriels g\u00e9n\u00e9raux<\/td>\n<\/tr>\n<tr data-start=\"3842\" data-end=\"3935\">\n<td data-start=\"3842\" data-end=\"3860\" data-col-size=\"sm\"><strong data-start=\"3844\" data-end=\"3859\">Acier alli\u00e9<\/strong><\/td>\n<td data-start=\"3860\" data-end=\"3892\" data-col-size=\"sm\">Haute r\u00e9sistance, r\u00e9sistant \u00e0 l'usure<\/td>\n<td data-start=\"3892\" data-end=\"3935\" data-col-size=\"sm\">Applications \u00e0 usage intensif et \u00e0 couple \u00e9lev\u00e9<\/td>\n<\/tr>\n<tr data-start=\"3936\" data-end=\"4020\">\n<td data-start=\"3936\" data-end=\"3958\" data-col-size=\"sm\"><strong data-start=\"3938\" data-end=\"3957\">Acier inoxydable<\/strong><\/td>\n<td data-start=\"3958\" data-end=\"3980\" data-col-size=\"sm\">R\u00e9sistant \u00e0 la corrosion<\/td>\n<td data-start=\"3980\" data-end=\"4020\" data-col-size=\"sm\">Machines marines, chimiques et alimentaires<\/td>\n<\/tr>\n<tr data-start=\"4021\" data-end=\"4136\">\n<td data-start=\"4021\" data-end=\"4061\" data-col-size=\"sm\"><strong data-start=\"4023\" data-end=\"4060\">Plastiques techniques \/ \u00e9lastom\u00e8res<\/strong><\/td>\n<td data-start=\"4061\" data-end=\"4093\" data-col-size=\"sm\">Absorption des chocs, l\u00e9g\u00e8ret\u00e9<\/td>\n<td data-start=\"4093\" data-end=\"4136\" data-col-size=\"sm\">Applications \u00e0 faible vitesse et sujettes aux vibrations<\/td>\n<\/tr>\n<\/tbody>\n<\/table>\n<\/div>\n<\/div>\n<div class=\"TyagGW_tableContainer\">\n<div class=\"group TyagGW_tableWrapper flex flex-col-reverse w-fit\" tabindex=\"-1\">\n<table class=\"w-fit min-w-(--thread-content-width)\" data-start=\"4138\" data-end=\"4521\">\n<thead data-start=\"4138\" data-end=\"4185\">\n<tr data-start=\"4138\" data-end=\"4185\">\n<th data-start=\"4138\" data-end=\"4154\" data-col-size=\"sm\">Type d'accouplement<\/th>\n<th data-start=\"4154\" data-end=\"4166\" data-col-size=\"sm\">Avantage<\/th>\n<th data-start=\"4166\" data-end=\"4185\" data-col-size=\"sm\">Recommand\u00e9 pour<\/th>\n<\/tr>\n<\/thead>\n<tbody data-start=\"4200\" data-end=\"4521\">\n<tr data-start=\"4200\" data-end=\"4263\">\n<td data-start=\"4200\" data-end=\"4208\" data-col-size=\"sm\">Rigide<\/td>\n<td data-start=\"4208\" data-end=\"4241\" data-col-size=\"sm\">Couple \u00e9lev\u00e9, alignement pr\u00e9cis<\/td>\n<td data-start=\"4241\" data-end=\"4263\" data-col-size=\"sm\">Machines \u00e0 basse vitesse<\/td>\n<\/tr>\n<tr data-start=\"4264\" data-end=\"4320\">\n<td data-start=\"4264\" data-end=\"4275\" data-col-size=\"sm\">Flexible<\/td>\n<td data-start=\"4275\" data-end=\"4303\" data-col-size=\"sm\">Compensation du d\u00e9salignement<\/td>\n<td data-start=\"4303\" data-end=\"4320\" data-col-size=\"sm\">Moteurs, pompes<\/td>\n<\/tr>\n<tr data-start=\"4321\" data-end=\"4389\">\n<td data-start=\"4321\" data-end=\"4327\" data-col-size=\"sm\">M\u00e2choire<\/td>\n<td data-start=\"4327\" data-end=\"4350\" data-col-size=\"sm\">Absorption des vibrations<\/td>\n<td data-start=\"4350\" data-end=\"4389\" data-col-size=\"sm\">Entra\u00eenements polyvalents \u00e0 vitesse moyenne<\/td>\n<\/tr>\n<tr data-start=\"4390\" data-end=\"4451\">\n<td data-start=\"4390\" data-end=\"4397\" data-col-size=\"sm\">Engrenages<\/td>\n<td data-start=\"4397\" data-end=\"4417\" data-col-size=\"sm\">Couple robuste<\/td>\n<td data-start=\"4417\" data-end=\"4451\" data-col-size=\"sm\">Machines industrielles \u00e0 forte charge<\/td>\n<\/tr>\n<tr data-start=\"4452\" data-end=\"4521\">\n<td data-start=\"4452\" data-end=\"4466\" data-col-size=\"sm\">Grille \/ Disque<\/td>\n<td data-start=\"4466\" data-end=\"4489\" data-col-size=\"sm\">Flexibilit\u00e9 en torsion<\/td>\n<td data-start=\"4489\" data-end=\"4521\" data-col-size=\"sm\">Pompes, compresseurs, turbines<\/td>\n<\/tr>\n<\/tbody>\n<\/table>\n<\/div>\n<\/div>\n<h2 data-start=\"4528\" data-end=\"4551\"><strong data-start=\"4531\" data-end=\"4551\">Pourquoi choisir Wonzh<\/strong><\/h2>\n<ul data-start=\"4553\" data-end=\"4854\">\n<li data-start=\"4553\" data-end=\"4601\">\n<p data-start=\"4555\" data-end=\"4601\">Accouplements de haute qualit\u00e9 et de pr\u00e9cision<\/p>\n<\/li>\n<li data-start=\"4602\" data-end=\"4653\">\n<p data-start=\"4604\" data-end=\"4653\">Proc\u00e9d\u00e9s de fabrication et d'inspection avanc\u00e9s<\/p>\n<\/li>\n<li data-start=\"4654\" data-end=\"4730\">\n<p data-start=\"4656\" data-end=\"4730\">Assistance technique personnalis\u00e9e pour le couple, l'alignement et la s\u00e9lection des mat\u00e9riaux<\/p>\n<\/li>\n<li data-start=\"4731\" data-end=\"4800\">\n<p data-start=\"4733\" data-end=\"4800\">Durable, r\u00e9sistant \u00e0 l'usure et fiable pour les applications lourdes<\/p>\n<\/li>\n<li data-start=\"4801\" data-end=\"4854\">\n<p data-start=\"4803\" data-end=\"4854\">Du prototype \u00e0 la production de masse avec livraison mondiale<\/p>\n<\/li>\n<\/ul>\n<h2 data-start=\"4861\" data-end=\"4902\"><strong data-start=\"4864\" data-end=\"4900\">Foire aux questions (FAQ)<\/strong><\/h2>\n<h3 data-start=\"4904\" data-end=\"4952\"><strong data-start=\"4908\" data-end=\"4950\">Q1 : \u00c0 quoi sert un accouplement ?<\/strong><\/h3>\n<p data-start=\"4953\" data-end=\"5073\">Un accouplement relie deux arbres pour transmettre le couple tout en s'adaptant au d\u00e9salignement et en absorbant les vibrations ou les chocs.<\/p>\n<h3 data-start=\"5075\" data-end=\"5122\"><strong data-start=\"5079\" data-end=\"5120\">Q2 : Pouvez-vous fournir des raccords sur mesure ?<\/strong><\/h3>\n<p data-start=\"5123\" data-end=\"5230\">Oui. Nous fabriquons des accouplements sur mesure en fonction de la taille des arbres, du couple requis et des conditions de fonctionnement.<\/p>\n<h3 data-start=\"5232\" data-end=\"5306\"><strong data-start=\"5236\" data-end=\"5304\">Q3 : Quel est le meilleur type d'accouplement pour les applications \u00e0 couple \u00e9lev\u00e9 ?<\/strong><\/h3>\n<p data-start=\"5307\" data-end=\"5404\"><strong data-start=\"5307\" data-end=\"5325\">Accouplements \u00e0 engrenages<\/strong> et <strong data-start=\"5330\" data-end=\"5353\">coupleurs grille\/disque<\/strong> sont id\u00e9ales pour les machines \u00e0 couple \u00e9lev\u00e9 et \u00e0 usage intensif.<\/p>\n<h3 data-start=\"5406\" data-end=\"5468\"><strong data-start=\"5410\" data-end=\"5466\">Q4 : Les accouplements peuvent-ils compenser le d\u00e9salignement de l'arbre ?<\/strong><\/h3>\n<p data-start=\"5469\" data-end=\"5569\">Oui. Les accouplements flexibles, \u00e0 m\u00e2choires, \u00e0 engrenages et \u00e0 disques peuvent supporter des d\u00e9salignements angulaires, parall\u00e8les et axiaux.<\/p>\n<h3 data-start=\"5571\" data-end=\"5614\"><strong data-start=\"5575\" data-end=\"5612\">Q5 : Quels sont les mat\u00e9riaux disponibles ?<\/strong><\/h3>\n<p data-start=\"5615\" data-end=\"5762\">Les raccords sont fabriqu\u00e9s \u00e0 partir de <strong data-start=\"5639\" data-end=\"5720\">acier au carbone, acier alli\u00e9, acier inoxydable, aluminium ou plastiques techniques<\/strong>, selon les exigences de l'application.<\/p>","protected":false},"excerpt":{"rendered":"<p>Accouplements fournis par <strong data-start=\"589\" data-end=\"598\">Wonzh<\/strong> sont des composants m\u00e9caniques de pr\u00e9cision utilis\u00e9s pour relier deux arbres afin de transmettre de l'\u00e9nergie tout en s'adaptant au d\u00e9salignement, en r\u00e9duisant les vibrations et en prot\u00e9geant l'\u00e9quipement connect\u00e9. Nos accouplements sont largement utilis\u00e9s dans <strong data-start=\"829\" data-end=\"907\">moteurs, pompes, compresseurs, convoyeurs, bo\u00eetes de vitesses et machines industrielles<\/strong>.<\/p>","protected":false},"featured_media":1530,"comment_status":"open","ping_status":"closed","template":"","meta":{"site-sidebar-layout":"default","site-content-layout":"","ast-site-content-layout":"default","site-content-style":"default","site-sidebar-style":"default","ast-global-header-display":"","ast-banner-title-visibility":"","ast-main-header-display":"","ast-hfb-above-header-display":"","ast-hfb-below-header-display":"","ast-hfb-mobile-header-display":"","site-post-title":"","ast-breadcrumbs-content":"","ast-featured-img":"","footer-sml-layout":"","ast-disable-related-posts":"","theme-transparent-header-meta":"default","adv-header-id-meta":"","stick-header-meta":"default","header-above-stick-meta":"","header-main-stick-meta":"","header-below-stick-meta":"","astra-migrate-meta-layouts":"set","ast-page-background-enabled":"default","ast-page-background-meta":{"desktop":{"background-color":"","background-image":"","background-repeat":"repeat","background-position":"center center","background-size":"auto","background-attachment":"scroll","background-type":"","background-media":"","overlay-type":"","overlay-color":"","overlay-opacity":"","overlay-gradient":""},"tablet":{"background-color":"","background-image":"","background-repeat":"repeat","background-position":"center center","background-size":"auto","background-attachment":"scroll","background-type":"","background-media":"","overlay-type":"","overlay-color":"","overlay-opacity":"","overlay-gradient":""},"mobile":{"background-color":"","background-image":"","background-repeat":"repeat","background-position":"center center","background-size":"auto","background-attachment":"scroll","background-type":"","background-media":"","overlay-type":"","overlay-color":"","overlay-opacity":"","overlay-gradient":""}},"ast-content-background-meta":{"desktop":{"background-color":"var(--ast-global-color-5)","background-image":"","background-repeat":"repeat","background-position":"center center","background-size":"auto","background-attachment":"scroll","background-type":"","background-media":"","overlay-type":"","overlay-color":"","overlay-opacity":"","overlay-gradient":""},"tablet":{"background-color":"var(--ast-global-color-5)","background-image":"","background-repeat":"repeat","background-position":"center center","background-size":"auto","background-attachment":"scroll","background-type":"","background-media":"","overlay-type":"","overlay-color":"","overlay-opacity":"","overlay-gradient":""},"mobile":{"background-color":"var(--ast-global-color-5)","background-image":"","background-repeat":"repeat","background-position":"center center","background-size":"auto","background-attachment":"scroll","background-type":"","background-media":"","overlay-type":"","overlay-color":"","overlay-opacity":"","overlay-gradient":""}}},"product_brand":[],"product_cat":[25],"product_tag":[385,381,377,372,375,376,383,371,374,380,382,373,378,384,379],"class_list":{"0":"post-1472","1":"product","2":"type-product","3":"status-publish","4":"has-post-thumbnail","6":"product_cat-transmission-drive-components","7":"product_tag-china-coupling-manufacturer","8":"product_tag-cnc-coupling","9":"product_tag-disc-coupling","10":"product_tag-flexible-coupling","11":"product_tag-gear-coupling","12":"product_tag-grid-coupling","13":"product_tag-high-torque-coupling","14":"product_tag-industrial-couplings","15":"product_tag-jaw-coupling","16":"product_tag-misalignment-compensation","17":"product_tag-oem-couplings","18":"product_tag-rigid-coupling","19":"product_tag-shaft-connection","20":"product_tag-stainless-steel-coupling","21":"product_tag-torque-transmission","22":"desktop-align-left","23":"tablet-align-left","24":"mobile-align-left","26":"first","27":"instock","28":"shipping-taxable","29":"product-type-simple"},"_links":{"self":[{"href":"https:\/\/www.wonzh.com\/fr\/wp-json\/wp\/v2\/product\/1472","targetHints":{"allow":["GET"]}}],"collection":[{"href":"https:\/\/www.wonzh.com\/fr\/wp-json\/wp\/v2\/product"}],"about":[{"href":"https:\/\/www.wonzh.com\/fr\/wp-json\/wp\/v2\/types\/product"}],"replies":[{"embeddable":true,"href":"https:\/\/www.wonzh.com\/fr\/wp-json\/wp\/v2\/comments?post=1472"}],"wp:featuredmedia":[{"embeddable":true,"href":"https:\/\/www.wonzh.com\/fr\/wp-json\/wp\/v2\/media\/1530"}],"wp:attachment":[{"href":"https:\/\/www.wonzh.com\/fr\/wp-json\/wp\/v2\/media?parent=1472"}],"wp:term":[{"taxonomy":"product_brand","embeddable":true,"href":"https:\/\/www.wonzh.com\/fr\/wp-json\/wp\/v2\/product_brand?post=1472"},{"taxonomy":"product_cat","embeddable":true,"href":"https:\/\/www.wonzh.com\/fr\/wp-json\/wp\/v2\/product_cat?post=1472"},{"taxonomy":"product_tag","embeddable":true,"href":"https:\/\/www.wonzh.com\/fr\/wp-json\/wp\/v2\/product_tag?post=1472"}],"curies":[{"name":"wp","href":"https:\/\/api.w.org\/{rel}","templated":true}]}}