{"id":1471,"date":"2026-02-03T14:55:58","date_gmt":"2026-02-03T14:55:58","guid":{"rendered":"https:\/\/www.wonzh.com\/?post_type=product&#038;p=1471"},"modified":"2026-02-05T14:46:49","modified_gmt":"2026-02-05T14:46:49","slug":"precision-gears-gear-components-for-industrial-machinery-and-oem-applications","status":"publish","type":"product","link":"https:\/\/www.wonzh.com\/fr\/product\/precision-gears-gear-components-for-industrial-machinery-and-oem-applications\/","title":{"rendered":"Engrenages et composants d'engrenages de pr\u00e9cision pour les machines industrielles et les applications OEM"},"content":{"rendered":"<p data-start=\"567\" data-end=\"900\">Engrenages et composants d'engrenages fournis par <strong data-start=\"603\" data-end=\"612\">Wonzh<\/strong> sont des pi\u00e8ces m\u00e9caniques de pr\u00e9cision con\u00e7ues pour transmettre le couple, contr\u00f4ler la vitesse et ajuster le mouvement entre les arbres rotatifs dans les \u00e9quipements industriels. Nos produits sont largement utilis\u00e9s dans <strong data-start=\"798\" data-end=\"897\">les bo\u00eetes de vitesses, les syst\u00e8mes d'automatisation, les machines lourdes, l'automobile et les applications de transmission de puissance<\/strong>.<\/p>\n<p data-start=\"902\" data-end=\"1252\">Fabriqu\u00e9 \u00e0 partir de mat\u00e9riaux de premi\u00e8re qualit\u00e9 <strong data-start=\"928\" data-end=\"1000\">l'acier au carbone, l'acier alli\u00e9, l'acier inoxydable et les plastiques techniques<\/strong>, Les engrenages Wonzh sont soumis \u00e0 des processus avanc\u00e9s, notamment <strong data-start=\"1051\" data-end=\"1126\">Usinage CNC, taillage, rectification, traitement thermique et finition de surface<\/strong>. Cela garantit une grande pr\u00e9cision dimensionnelle, une r\u00e9sistance \u00e0 l'usure, une r\u00e9duction du bruit et un fonctionnement r\u00e9gulier dans des conditions de charge \u00e9lev\u00e9e.<\/p>\n<p data-start=\"1254\" data-end=\"1597\">Nous fournissons <strong data-start=\"1265\" data-end=\"1359\">engrenages droits, engrenages h\u00e9lico\u00efdaux, engrenages coniques, engrenages \u00e0 vis sans fin, cr\u00e9maill\u00e8res et composants d'engrenages sur mesure<\/strong> avec des options de tailles, de profils de dents et de mat\u00e9riaux standard ou enti\u00e8rement personnalis\u00e9s. Notre \u00e9quipe technique prend en charge la s\u00e9lection des mat\u00e9riaux, la sp\u00e9cification des tol\u00e9rances et l'optimisation de la conception pour r\u00e9pondre aux exigences de performance sp\u00e9cifiques \u00e0 l'application.<\/p>\n<h2 data-start=\"1604\" data-end=\"1623\"><strong data-start=\"1607\" data-end=\"1623\">Caract\u00e9ristiques principales<\/strong><\/h2>\n<ul data-start=\"1625\" data-end=\"1951\">\n<li data-start=\"1625\" data-end=\"1682\">\n<p data-start=\"1627\" data-end=\"1682\">Grande pr\u00e9cision dimensionnelle et pr\u00e9cision du profil de la dent<\/p>\n<\/li>\n<li data-start=\"1683\" data-end=\"1733\">\n<p data-start=\"1685\" data-end=\"1733\">Excellente r\u00e9sistance \u00e0 l'usure et duret\u00e9 de surface<\/p>\n<\/li>\n<li data-start=\"1734\" data-end=\"1789\">\n<p data-start=\"1736\" data-end=\"1789\">Transmission efficace du couple avec un jeu minimal<\/p>\n<\/li>\n<li data-start=\"1790\" data-end=\"1845\">\n<p data-start=\"1792\" data-end=\"1845\">Compatible avec les assemblages d'engrenages standard et personnalis\u00e9s<\/p>\n<\/li>\n<li data-start=\"1846\" data-end=\"1895\">\n<p data-start=\"1848\" data-end=\"1895\">Mat\u00e9riaux, tailles et types d'engrenages personnalisables<\/p>\n<\/li>\n<li data-start=\"1896\" data-end=\"1951\">\n<p data-start=\"1898\" data-end=\"1951\">Soutien aux prototypes, aux petites s\u00e9ries et \u00e0 la production de masse<\/p>\n<\/li>\n<\/ul>\n<h2 data-start=\"1958\" data-end=\"1985\"><strong data-start=\"1961\" data-end=\"1985\">Applications typiques<\/strong><\/h2>\n<ul data-start=\"1987\" data-end=\"2270\">\n<li data-start=\"1987\" data-end=\"2025\">\n<p data-start=\"1989\" data-end=\"2025\">Bo\u00eetes de vitesses et syst\u00e8mes de transmission<\/p>\n<\/li>\n<li data-start=\"2026\" data-end=\"2061\">\n<p data-start=\"2028\" data-end=\"2061\">\u00c9quipement d'automatisation industrielle<\/p>\n<\/li>\n<li data-start=\"2062\" data-end=\"2113\">\n<p data-start=\"2064\" data-end=\"2113\">Machines lourdes et \u00e9quipements de manutention<\/p>\n<\/li>\n<li data-start=\"2114\" data-end=\"2155\">\n<p data-start=\"2116\" data-end=\"2155\">Applications automobiles et de transport<\/p>\n<\/li>\n<li data-start=\"2156\" data-end=\"2195\">\n<p data-start=\"2158\" data-end=\"2195\">A\u00e9rospatiale et instruments de pr\u00e9cision<\/p>\n<\/li>\n<li data-start=\"2196\" data-end=\"2232\">\n<p data-start=\"2198\" data-end=\"2232\">Pompes, compresseurs et turbines<\/p>\n<\/li>\n<li data-start=\"2233\" data-end=\"2270\">\n<p data-start=\"2235\" data-end=\"2270\">Machines pour l'exploitation mini\u00e8re et la construction<\/p>\n<\/li>\n<\/ul>\n<h2 data-start=\"2277\" data-end=\"2304\"><strong data-start=\"2280\" data-end=\"2304\">Types d'engrenages que nous fournissons<\/strong><\/h2>\n<div class=\"TyagGW_tableContainer\">\n<div class=\"group TyagGW_tableWrapper flex flex-col-reverse w-fit\" tabindex=\"-1\">\n<table class=\"w-fit min-w-(--thread-content-width)\" data-start=\"2306\" data-end=\"2901\">\n<thead data-start=\"2306\" data-end=\"2347\">\n<tr data-start=\"2306\" data-end=\"2347\">\n<th data-start=\"2306\" data-end=\"2318\" data-col-size=\"sm\">Type d'engrenage<\/th>\n<th data-start=\"2318\" data-end=\"2332\" data-col-size=\"sm\">Description<\/th>\n<th data-start=\"2332\" data-end=\"2347\" data-col-size=\"sm\">Utilisation typique<\/th>\n<\/tr>\n<\/thead>\n<tbody data-start=\"2362\" data-end=\"2901\">\n<tr data-start=\"2362\" data-end=\"2447\">\n<td data-start=\"2362\" data-end=\"2378\" data-col-size=\"sm\"><strong data-start=\"2364\" data-end=\"2377\">Engrenage droit<\/strong><\/td>\n<td data-start=\"2378\" data-end=\"2416\" data-col-size=\"sm\">Dents droites parall\u00e8les \u00e0 l'axe<\/td>\n<td data-start=\"2416\" data-end=\"2447\" data-col-size=\"sm\">R\u00e9ducteurs simples, convoyeurs<\/td>\n<\/tr>\n<tr data-start=\"2448\" data-end=\"2539\">\n<td data-start=\"2448\" data-end=\"2467\" data-col-size=\"sm\"><strong data-start=\"2450\" data-end=\"2466\">Engrenage h\u00e9lico\u00efdal<\/strong><\/td>\n<td data-start=\"2467\" data-end=\"2503\" data-col-size=\"sm\">Dents inclin\u00e9es pour un fonctionnement en douceur<\/td>\n<td data-start=\"2503\" data-end=\"2539\" data-col-size=\"sm\">Syst\u00e8mes \u00e0 grande vitesse et \u00e0 forte charge<\/td>\n<\/tr>\n<tr data-start=\"2540\" data-end=\"2631\">\n<td data-start=\"2540\" data-end=\"2557\" data-col-size=\"sm\"><strong data-start=\"2542\" data-end=\"2556\">Engrenage conique<\/strong><\/td>\n<td data-start=\"2557\" data-end=\"2598\" data-col-size=\"sm\">Dents coniques pour la transmission angulaire<\/td>\n<td data-start=\"2598\" data-end=\"2631\" data-col-size=\"sm\">Entra\u00eenements \u00e0 angle droit, machines<\/td>\n<\/tr>\n<tr data-start=\"2632\" data-end=\"2718\">\n<td data-start=\"2632\" data-end=\"2648\" data-col-size=\"sm\"><strong data-start=\"2634\" data-end=\"2647\">Engrenage \u00e0 vis sans fin<\/strong><\/td>\n<td data-start=\"2648\" data-end=\"2679\" data-col-size=\"sm\">Engrenage filet\u00e9 et vis sans fin<\/td>\n<td data-start=\"2679\" data-end=\"2718\" data-col-size=\"sm\">Haute r\u00e9duction, transmission du couple<\/td>\n<\/tr>\n<tr data-start=\"2719\" data-end=\"2805\">\n<td data-start=\"2719\" data-end=\"2735\" data-col-size=\"sm\"><strong data-start=\"2721\" data-end=\"2734\">Cr\u00e9maill\u00e8re<\/strong><\/td>\n<td data-start=\"2735\" data-end=\"2771\" data-col-size=\"sm\">Engrenage lin\u00e9aire pour la conversion de mouvement<\/td>\n<td data-start=\"2771\" data-end=\"2805\" data-col-size=\"sm\">Actionneurs lin\u00e9aires, machines CNC<\/td>\n<\/tr>\n<tr data-start=\"2806\" data-end=\"2901\">\n<td data-start=\"2806\" data-end=\"2835\" data-col-size=\"sm\"><strong data-start=\"2808\" data-end=\"2834\">Composants de l'engrenage sur mesure<\/strong><\/td>\n<td data-start=\"2835\" data-end=\"2865\" data-col-size=\"sm\">Con\u00e7u selon les sp\u00e9cifications<\/td>\n<td data-start=\"2865\" data-end=\"2901\" data-col-size=\"sm\">Applications OEM et sp\u00e9cialis\u00e9es<\/td>\n<\/tr>\n<\/tbody>\n<\/table>\n<\/div>\n<\/div>\n<h2 data-start=\"2908\" data-end=\"2960\"><strong data-start=\"2911\" data-end=\"2958\">Param\u00e8tres techniques (gamme repr\u00e9sentative)<\/strong><\/h2>\n<div class=\"TyagGW_tableContainer\">\n<div class=\"group TyagGW_tableWrapper flex flex-col-reverse w-fit\" tabindex=\"-1\">\n<table class=\"w-fit min-w-(--thread-content-width)\" data-start=\"2962\" data-end=\"3474\">\n<thead data-start=\"2962\" data-end=\"2999\">\n<tr data-start=\"2962\" data-end=\"2999\">\n<th data-start=\"2962\" data-end=\"2974\" data-col-size=\"sm\">Param\u00e8tres<\/th>\n<th data-start=\"2974\" data-end=\"2999\" data-col-size=\"md\">Sp\u00e9cification \/ Gamme<\/th>\n<\/tr>\n<\/thead>\n<tbody data-start=\"3010\" data-end=\"3474\">\n<tr data-start=\"3010\" data-end=\"3097\">\n<td data-start=\"3010\" data-end=\"3029\" data-col-size=\"sm\">Options de mat\u00e9riaux<\/td>\n<td data-start=\"3029\" data-end=\"3097\" data-col-size=\"md\">Acier au carbone, acier alli\u00e9, acier inoxydable, plastiques techniques<\/td>\n<\/tr>\n<tr data-start=\"3098\" data-end=\"3148\">\n<td data-start=\"3098\" data-end=\"3115\" data-col-size=\"sm\">Module \/ Pitch<\/td>\n<td data-start=\"3115\" data-end=\"3148\" data-col-size=\"md\">0,5 mm - 50 mm (personnalisable)<\/td>\n<\/tr>\n<tr data-start=\"3149\" data-end=\"3204\">\n<td data-start=\"3149\" data-end=\"3165\" data-col-size=\"sm\">Diam\u00e8tre de l'engrenage<\/td>\n<td data-start=\"3165\" data-end=\"3204\" data-col-size=\"md\">10 mm - 1000 mm (en fonction du projet)<\/td>\n<\/tr>\n<tr data-start=\"3205\" data-end=\"3241\">\n<td data-start=\"3205\" data-end=\"3222\" data-col-size=\"sm\">Angle de pression<\/td>\n<td data-start=\"3222\" data-end=\"3241\" data-col-size=\"md\">14.5\u00b0, 20\u00b0, 25\u00b0<\/td>\n<\/tr>\n<tr data-start=\"3242\" data-end=\"3302\">\n<td data-start=\"3242\" data-end=\"3258\" data-col-size=\"sm\">Profil des dents<\/td>\n<td data-start=\"3258\" data-end=\"3302\" data-col-size=\"md\">Involute, droite, h\u00e9lico\u00efdale, \u00e0 biseau, \u00e0 vis sans fin<\/td>\n<\/tr>\n<tr data-start=\"3303\" data-end=\"3369\">\n<td data-start=\"3303\" data-end=\"3323\" data-col-size=\"sm\">Traitement de surface<\/td>\n<td data-start=\"3323\" data-end=\"3369\" data-col-size=\"md\">Durcissement, nitruration, c\u00e9mentation, rev\u00eatement<\/td>\n<\/tr>\n<tr data-start=\"3370\" data-end=\"3431\">\n<td data-start=\"3370\" data-end=\"3388\" data-col-size=\"sm\">Type de production<\/td>\n<td data-start=\"3388\" data-end=\"3431\" data-col-size=\"md\">Prototype, petit lot, production de masse<\/td>\n<\/tr>\n<tr data-start=\"3432\" data-end=\"3474\">\n<td data-start=\"3432\" data-end=\"3452\" data-col-size=\"sm\">Normes de qualit\u00e9<\/td>\n<td data-start=\"3452\" data-end=\"3474\" data-col-size=\"md\">ISO, DIN, AGMA, GB<\/td>\n<\/tr>\n<\/tbody>\n<\/table>\n<\/div>\n<\/div>\n<h2 data-start=\"3481\" data-end=\"3524\"><strong data-start=\"3484\" data-end=\"3524\">Guide de s\u00e9lection des mat\u00e9riaux et des traitements<\/strong><\/h2>\n<div class=\"TyagGW_tableContainer\">\n<div class=\"group TyagGW_tableWrapper flex flex-col-reverse w-fit\" tabindex=\"-1\">\n<table class=\"w-fit min-w-(--thread-content-width)\" data-start=\"3526\" data-end=\"3956\">\n<thead data-start=\"3526\" data-end=\"3564\">\n<tr data-start=\"3526\" data-end=\"3564\">\n<th data-start=\"3526\" data-end=\"3537\" data-col-size=\"sm\">Mat\u00e9riau<\/th>\n<th data-start=\"3537\" data-end=\"3549\" data-col-size=\"sm\">Avantage<\/th>\n<th data-start=\"3549\" data-end=\"3564\" data-col-size=\"md\">Utilisation typique<\/th>\n<\/tr>\n<\/thead>\n<tbody data-start=\"3579\" data-end=\"3956\">\n<tr data-start=\"3579\" data-end=\"3657\">\n<td data-start=\"3579\" data-end=\"3598\" data-col-size=\"sm\"><strong data-start=\"3581\" data-end=\"3597\">Acier au carbone<\/strong><\/td>\n<td data-start=\"3598\" data-end=\"3630\" data-col-size=\"sm\">Haute r\u00e9sistance, bon rapport co\u00fbt-efficacit\u00e9<\/td>\n<td data-start=\"3630\" data-end=\"3657\" data-col-size=\"md\">Engrenages de machines g\u00e9n\u00e9rales<\/td>\n<\/tr>\n<tr data-start=\"3658\" data-end=\"3754\">\n<td data-start=\"3658\" data-end=\"3676\" data-col-size=\"sm\"><strong data-start=\"3660\" data-end=\"3675\">Acier alli\u00e9<\/strong><\/td>\n<td data-start=\"3676\" data-end=\"3716\" data-col-size=\"sm\">Duret\u00e9 et r\u00e9sistance \u00e0 la fatigue accrues<\/td>\n<td data-start=\"3716\" data-end=\"3754\" data-col-size=\"md\">Applications lourdes et \u00e0 forte charge<\/td>\n<\/tr>\n<tr data-start=\"3755\" data-end=\"3849\">\n<td data-start=\"3755\" data-end=\"3777\" data-col-size=\"sm\"><strong data-start=\"3757\" data-end=\"3776\">Acier inoxydable<\/strong><\/td>\n<td data-start=\"3777\" data-end=\"3799\" data-col-size=\"sm\">R\u00e9sistant \u00e0 la corrosion<\/td>\n<td data-start=\"3799\" data-end=\"3849\" data-col-size=\"md\">\u00c9quipements marins, chimiques ou de transformation des aliments<\/td>\n<\/tr>\n<tr data-start=\"3850\" data-end=\"3956\">\n<td data-start=\"3850\" data-end=\"3890\" data-col-size=\"sm\"><strong data-start=\"3852\" data-end=\"3889\">Plastiques techniques (POM, Nylon)<\/strong><\/td>\n<td data-start=\"3890\" data-end=\"3915\" data-col-size=\"sm\">L\u00e9ger, peu bruyant<\/td>\n<td data-start=\"3915\" data-end=\"3956\" data-col-size=\"md\">Applications d'engrenages de pr\u00e9cision \u00e0 faible charge<\/td>\n<\/tr>\n<\/tbody>\n<\/table>\n<\/div>\n<\/div>\n<div class=\"TyagGW_tableContainer\">\n<div class=\"group TyagGW_tableWrapper flex flex-col-reverse w-fit\" tabindex=\"-1\">\n<table class=\"w-fit min-w-(--thread-content-width)\" data-start=\"3958\" data-end=\"4334\">\n<thead data-start=\"3958\" data-end=\"3995\">\n<tr data-start=\"3958\" data-end=\"3995\">\n<th data-start=\"3958\" data-end=\"3970\" data-col-size=\"sm\">Traitement<\/th>\n<th data-start=\"3970\" data-end=\"3980\" data-col-size=\"md\">Objectif<\/th>\n<th data-start=\"3980\" data-end=\"3995\" data-col-size=\"sm\">Utilisation typique<\/th>\n<\/tr>\n<\/thead>\n<tbody data-start=\"4010\" data-end=\"4334\">\n<tr data-start=\"4010\" data-end=\"4082\">\n<td data-start=\"4010\" data-end=\"4022\" data-col-size=\"sm\">Durcissement<\/td>\n<td data-start=\"4022\" data-end=\"4049\" data-col-size=\"md\">Augmentation de la r\u00e9sistance \u00e0 l'usure<\/td>\n<td data-start=\"4049\" data-end=\"4082\" data-col-size=\"sm\">Engrenages m\u00e9talliques soumis \u00e0 de fortes contraintes<\/td>\n<\/tr>\n<tr data-start=\"4083\" data-end=\"4167\">\n<td data-start=\"4083\" data-end=\"4095\" data-col-size=\"sm\">Nitruration<\/td>\n<td data-start=\"4095\" data-end=\"4137\" data-col-size=\"md\">Duret\u00e9 de la surface et r\u00e9sistance \u00e0 la fatigue<\/td>\n<td data-start=\"4137\" data-end=\"4167\" data-col-size=\"sm\">Engrenages \u00e0 grande vitesse \u00e0 longue dur\u00e9e de vie<\/td>\n<\/tr>\n<tr data-start=\"4168\" data-end=\"4241\">\n<td data-start=\"4168\" data-end=\"4182\" data-col-size=\"sm\">Carburation<\/td>\n<td data-start=\"4182\" data-end=\"4208\" data-col-size=\"md\">Couche superficielle dure et profonde<\/td>\n<td data-start=\"4208\" data-end=\"4241\" data-col-size=\"sm\">Transmission du couple \u00e0 haute charge<\/td>\n<\/tr>\n<tr data-start=\"4242\" data-end=\"4334\">\n<td data-start=\"4242\" data-end=\"4252\" data-col-size=\"sm\">Rev\u00eatement<\/td>\n<td data-start=\"4252\" data-end=\"4300\" data-col-size=\"md\">R\u00e9duction des frottements, am\u00e9lioration de la r\u00e9sistance \u00e0 la corrosion<\/td>\n<td data-start=\"4300\" data-end=\"4334\" data-col-size=\"sm\">Applications en environnement difficile<\/td>\n<\/tr>\n<\/tbody>\n<\/table>\n<\/div>\n<\/div>\n<h2 data-start=\"4341\" data-end=\"4364\"><strong data-start=\"4344\" data-end=\"4364\">Pourquoi choisir Wonzh<\/strong><\/h2>\n<ul data-start=\"4366\" data-end=\"4640\">\n<li data-start=\"4366\" data-end=\"4424\">\n<p data-start=\"4368\" data-end=\"4424\">Technologies avanc\u00e9es de fabrication et de finition des engrenages<\/p>\n<\/li>\n<li data-start=\"4425\" data-end=\"4476\">\n<p data-start=\"4427\" data-end=\"4476\">Contr\u00f4le strict des dimensions et du profil des dents<\/p>\n<\/li>\n<li data-start=\"4477\" data-end=\"4523\">\n<p data-start=\"4479\" data-end=\"4523\">Conception d'engins sur mesure et assistance technique<\/p>\n<\/li>\n<li data-start=\"4524\" data-end=\"4584\">\n<p data-start=\"4526\" data-end=\"4584\">Composants durables, r\u00e9sistants \u00e0 l'usure et performants<\/p>\n<\/li>\n<li data-start=\"4585\" data-end=\"4640\">\n<p data-start=\"4587\" data-end=\"4640\">Du prototype \u00e0 la production de masse avec une livraison fiable<\/p>\n<\/li>\n<\/ul>\n<h2 data-start=\"4647\" data-end=\"4688\"><strong data-start=\"4650\" data-end=\"4686\">Foire aux questions (FAQ)<\/strong><\/h2>\n<h3 data-start=\"4690\" data-end=\"4743\"><strong data-start=\"4694\" data-end=\"4741\">Q1 : Quels types d'engrenages fabriquez-vous ?<\/strong><\/h3>\n<p data-start=\"4744\" data-end=\"4829\">Nous fournissons <strong data-start=\"4754\" data-end=\"4802\">engrenages droits, h\u00e9lico\u00efdaux, coniques, \u00e0 vis sans fin, cr\u00e9maill\u00e8res<\/strong>, et des engrenages enti\u00e8rement personnalis\u00e9s.<\/p>\n<h3 data-start=\"4831\" data-end=\"4887\"><strong data-start=\"4835\" data-end=\"4885\">Q2 : Est-il possible d'obtenir des engrenages en acier inoxydable ?<\/strong><\/h3>\n<p data-start=\"4888\" data-end=\"4985\">Oui, des engrenages en acier inoxydable sont disponibles pour les environnements corrosifs ou les applications alimentaires.<\/p>\n<h3 data-start=\"4987\" data-end=\"5053\"><strong data-start=\"4991\" data-end=\"5051\">Q3 : Pouvez-vous proposer des tailles d'engrenages et des profils de dents personnalis\u00e9s ?<\/strong><\/h3>\n<p data-start=\"5054\" data-end=\"5160\">Oui. Nous produisons des engrenages bas\u00e9s sur <strong data-start=\"5085\" data-end=\"5124\">dessins, mod\u00e8les CAO ou prototypes<\/strong>, y compris la g\u00e9om\u00e9trie personnalis\u00e9e des dents.<\/p>\n<h3 data-start=\"5162\" data-end=\"5212\"><strong data-start=\"5166\" data-end=\"5210\">Q4 : Quels sont les traitements thermiques disponibles ?<\/strong><\/h3>\n<p data-start=\"5213\" data-end=\"5319\">Nous fournissons <strong data-start=\"5224\" data-end=\"5274\">trempe, nitruration, c\u00e9mentation et rev\u00eatement<\/strong> pour am\u00e9liorer la r\u00e9sistance \u00e0 l'usure et la durabilit\u00e9.<\/p>\n<h3 data-start=\"5321\" data-end=\"5375\"><strong data-start=\"5325\" data-end=\"5373\">Q5 : Quel est le d\u00e9lai de livraison habituel pour les engrenages ?<\/strong><\/h3>\n<ul data-start=\"5376\" data-end=\"5474\">\n<li data-start=\"5376\" data-end=\"5404\">\n<p data-start=\"5378\" data-end=\"5404\">Prototype : <strong data-start=\"5389\" data-end=\"5402\">1-2 semaines<\/strong><\/p>\n<\/li>\n<li data-start=\"5405\" data-end=\"5435\">\n<p data-start=\"5407\" data-end=\"5435\">Petit lot : <strong data-start=\"5420\" data-end=\"5433\">2-4 semaines<\/strong><\/p>\n<\/li>\n<li data-start=\"5436\" data-end=\"5474\">\n<p data-start=\"5438\" data-end=\"5474\">Production de masse : en fonction du projet<\/p>\n<\/li>\n<\/ul>","protected":false},"excerpt":{"rendered":"<p>Engrenages et composants d'engrenages fournis par <strong data-start=\"603\" data-end=\"612\">Wonzh<\/strong> sont des pi\u00e8ces m\u00e9caniques de pr\u00e9cision con\u00e7ues pour transmettre le couple, contr\u00f4ler la vitesse et ajuster le mouvement entre les arbres rotatifs dans les \u00e9quipements industriels. Nos produits sont largement utilis\u00e9s dans <strong data-start=\"798\" data-end=\"897\">les bo\u00eetes de vitesses, les syst\u00e8mes d'automatisation, les machines lourdes, l'automobile et les applications de transmission de puissance<\/strong>.<\/p>","protected":false},"featured_media":1529,"comment_status":"open","ping_status":"closed","template":"","meta":{"site-sidebar-layout":"default","site-content-layout":"","ast-site-content-layout":"default","site-content-style":"default","site-sidebar-style":"default","ast-global-header-display":"","ast-banner-title-visibility":"","ast-main-header-display":"","ast-hfb-above-header-display":"","ast-hfb-below-header-display":"","ast-hfb-mobile-header-display":"","site-post-title":"","ast-breadcrumbs-content":"","ast-featured-img":"","footer-sml-layout":"","ast-disable-related-posts":"","theme-transparent-header-meta":"default","adv-header-id-meta":"","stick-header-meta":"default","header-above-stick-meta":"","header-main-stick-meta":"","header-below-stick-meta":"","astra-migrate-meta-layouts":"set","ast-page-background-enabled":"default","ast-page-background-meta":{"desktop":{"background-color":"","background-image":"","background-repeat":"repeat","background-position":"center center","background-size":"auto","background-attachment":"scroll","background-type":"","background-media":"","overlay-type":"","overlay-color":"","overlay-opacity":"","overlay-gradient":""},"tablet":{"background-color":"","background-image":"","background-repeat":"repeat","background-position":"center center","background-size":"auto","background-attachment":"scroll","background-type":"","background-media":"","overlay-type":"","overlay-color":"","overlay-opacity":"","overlay-gradient":""},"mobile":{"background-color":"","background-image":"","background-repeat":"repeat","background-position":"center center","background-size":"auto","background-attachment":"scroll","background-type":"","background-media":"","overlay-type":"","overlay-color":"","overlay-opacity":"","overlay-gradient":""}},"ast-content-background-meta":{"desktop":{"background-color":"var(--ast-global-color-5)","background-image":"","background-repeat":"repeat","background-position":"center center","background-size":"auto","background-attachment":"scroll","background-type":"","background-media":"","overlay-type":"","overlay-color":"","overlay-opacity":"","overlay-gradient":""},"tablet":{"background-color":"var(--ast-global-color-5)","background-image":"","background-repeat":"repeat","background-position":"center center","background-size":"auto","background-attachment":"scroll","background-type":"","background-media":"","overlay-type":"","overlay-color":"","overlay-opacity":"","overlay-gradient":""},"mobile":{"background-color":"var(--ast-global-color-5)","background-image":"","background-repeat":"repeat","background-position":"center center","background-size":"auto","background-attachment":"scroll","background-type":"","background-media":"","overlay-type":"","overlay-color":"","overlay-opacity":"","overlay-gradient":""}}},"product_brand":[],"product_cat":[25],"product_tag":[364,360,370,366,363,357,362,359,368,367,369,356,358,365,361],"class_list":{"0":"post-1471","1":"product","2":"type-product","3":"status-publish","4":"has-post-thumbnail","6":"product_cat-transmission-drive-components","7":"product_tag-alloy-steel-gears","8":"product_tag-bevel-gear","9":"product_tag-china-gear-manufacturer","10":"product_tag-cnc-machined-gears","11":"product_tag-custom-gears","12":"product_tag-gear-components","13":"product_tag-gear-rack","14":"product_tag-helical-gear","15":"product_tag-high-load-gears","16":"product_tag-industrial-gear-components","17":"product_tag-oem-gear-parts","18":"product_tag-precision-gears","19":"product_tag-spur-gear","20":"product_tag-stainless-steel-gears","21":"product_tag-worm-gear","22":"desktop-align-left","23":"tablet-align-left","24":"mobile-align-left","26":"first","27":"instock","28":"shipping-taxable","29":"product-type-simple"},"_links":{"self":[{"href":"https:\/\/www.wonzh.com\/fr\/wp-json\/wp\/v2\/product\/1471","targetHints":{"allow":["GET"]}}],"collection":[{"href":"https:\/\/www.wonzh.com\/fr\/wp-json\/wp\/v2\/product"}],"about":[{"href":"https:\/\/www.wonzh.com\/fr\/wp-json\/wp\/v2\/types\/product"}],"replies":[{"embeddable":true,"href":"https:\/\/www.wonzh.com\/fr\/wp-json\/wp\/v2\/comments?post=1471"}],"wp:featuredmedia":[{"embeddable":true,"href":"https:\/\/www.wonzh.com\/fr\/wp-json\/wp\/v2\/media\/1529"}],"wp:attachment":[{"href":"https:\/\/www.wonzh.com\/fr\/wp-json\/wp\/v2\/media?parent=1471"}],"wp:term":[{"taxonomy":"product_brand","embeddable":true,"href":"https:\/\/www.wonzh.com\/fr\/wp-json\/wp\/v2\/product_brand?post=1471"},{"taxonomy":"product_cat","embeddable":true,"href":"https:\/\/www.wonzh.com\/fr\/wp-json\/wp\/v2\/product_cat?post=1471"},{"taxonomy":"product_tag","embeddable":true,"href":"https:\/\/www.wonzh.com\/fr\/wp-json\/wp\/v2\/product_tag?post=1471"}],"curies":[{"name":"wp","href":"https:\/\/api.w.org\/{rel}","templated":true}]}}