{"id":1469,"date":"2026-02-03T14:50:25","date_gmt":"2026-02-03T14:50:25","guid":{"rendered":"https:\/\/www.wonzh.com\/?post_type=product&#038;p=1469"},"modified":"2026-02-05T14:30:28","modified_gmt":"2026-02-05T14:30:28","slug":"precision-shafts-sleeves-for-industrial-machinery-and-oem-applications","status":"publish","type":"product","link":"https:\/\/www.wonzh.com\/fr\/product\/precision-shafts-sleeves-for-industrial-machinery-and-oem-applications\/","title":{"rendered":"Arbres et manchons de pr\u00e9cision pour les machines industrielles et les applications OEM"},"content":{"rendered":"<p data-start=\"572\" data-end=\"977\">Arbres et manchons de pr\u00e9cision fournis par <strong data-start=\"613\" data-end=\"622\">Wonzh<\/strong> sont des composants m\u00e9caniques de haute qualit\u00e9 con\u00e7us pour transmettre le mouvement, soutenir les \u00e9l\u00e9ments rotatifs et maintenir l'alignement dans les \u00e9quipements industriels. Fabriqu\u00e9s avec des tol\u00e9rances strictes et un usinage CNC avanc\u00e9, ces composants garantissent un faux-rond minimal, une excellente concentricit\u00e9 et une finition de surface coh\u00e9rente, qui sont essentiels pour les machines de haute performance.<\/p>\n<p data-start=\"979\" data-end=\"1371\">Nous produisons des arbres et des manchons \u00e0 partir d'une vari\u00e9t\u00e9 de m\u00e9taux, notamment <strong data-start=\"1044\" data-end=\"1111\">acier au carbone, acier alli\u00e9, acier inoxydable et alliages d'aluminium<\/strong>, avec des traitements de surface tels que <strong data-start=\"1145\" data-end=\"1193\">trempe, nitruration, polissage et placage<\/strong> pour am\u00e9liorer la r\u00e9sistance \u00e0 l'usure, la r\u00e9sistance \u00e0 la corrosion et la long\u00e9vit\u00e9. Notre ing\u00e9nierie de pr\u00e9cision garantit la compatibilit\u00e9 avec les roulements, les bagues, les engrenages et autres \u00e9l\u00e9ments m\u00e9caniques.<\/p>\n<p data-start=\"1373\" data-end=\"1658\">Wonzh fournit \u00e0 la fois <strong data-start=\"1393\" data-end=\"1445\">tailles standard et arbres et manchons enti\u00e8rement personnalis\u00e9s<\/strong> selon les sp\u00e9cifications, les dessins ou les prototypes du client. Notre \u00e9quipe d'ing\u00e9nieurs peut vous conseiller sur <strong data-start=\"1542\" data-end=\"1596\">le choix des mat\u00e9riaux, le traitement thermique et les tol\u00e9rances<\/strong> pour garantir des performances optimales dans votre application sp\u00e9cifique.<\/p>\n<h2 data-start=\"1665\" data-end=\"1684\"><strong data-start=\"1668\" data-end=\"1684\">Caract\u00e9ristiques principales<\/strong><\/h2>\n<ul data-start=\"1686\" data-end=\"2000\">\n<li data-start=\"1686\" data-end=\"1733\">\n<p data-start=\"1688\" data-end=\"1733\">Pr\u00e9cision dimensionnelle et concentricit\u00e9 \u00e9lev\u00e9es<\/p>\n<\/li>\n<li data-start=\"1734\" data-end=\"1782\">\n<p data-start=\"1736\" data-end=\"1782\">Excellente finition de la surface et rotation r\u00e9guli\u00e8re<\/p>\n<\/li>\n<li data-start=\"1783\" data-end=\"1831\">\n<p data-start=\"1785\" data-end=\"1831\">R\u00e9sistant \u00e0 l'usure et durable sous de lourdes charges<\/p>\n<\/li>\n<li data-start=\"1832\" data-end=\"1885\">\n<p data-start=\"1834\" data-end=\"1885\">Compatible avec les roulements, les douilles et les accouplements<\/p>\n<\/li>\n<li data-start=\"1886\" data-end=\"1940\">\n<p data-start=\"1888\" data-end=\"1940\">Longueurs, diam\u00e8tres et mat\u00e9riaux sur mesure disponibles<\/p>\n<\/li>\n<li data-start=\"1941\" data-end=\"2000\">\n<p data-start=\"1943\" data-end=\"2000\">Prise en charge des prototypes, des petites s\u00e9ries et de la production de masse<\/p>\n<\/li>\n<\/ul>\n<h2 data-start=\"2007\" data-end=\"2034\"><strong data-start=\"2010\" data-end=\"2034\">Applications typiques<\/strong><\/h2>\n<ul data-start=\"2036\" data-end=\"2340\">\n<li data-start=\"2036\" data-end=\"2085\">\n<p data-start=\"2038\" data-end=\"2085\">Machines industrielles et \u00e9quipements d'automatisation<\/p>\n<\/li>\n<li data-start=\"2086\" data-end=\"2124\">\n<p data-start=\"2088\" data-end=\"2124\">Bo\u00eetes de vitesses et syst\u00e8mes de transmission<\/p>\n<\/li>\n<li data-start=\"2125\" data-end=\"2172\">\n<p data-start=\"2127\" data-end=\"2172\">Pompes, compresseurs et machines hydrauliques<\/p>\n<\/li>\n<li data-start=\"2173\" data-end=\"2221\">\n<p data-start=\"2175\" data-end=\"2221\">Composants pour automobiles et v\u00e9hicules utilitaires lourds<\/p>\n<\/li>\n<li data-start=\"2222\" data-end=\"2260\">\n<p data-start=\"2224\" data-end=\"2260\">Robotique et instruments de pr\u00e9cision<\/p>\n<\/li>\n<li data-start=\"2261\" data-end=\"2302\">\n<p data-start=\"2263\" data-end=\"2302\">\u00c9quipements de production d'\u00e9nergie et d'\u00e9lectricit\u00e9<\/p>\n<\/li>\n<li data-start=\"2303\" data-end=\"2340\">\n<p data-start=\"2305\" data-end=\"2340\">Applications a\u00e9rospatiales et marines<\/p>\n<\/li>\n<\/ul>\n<h2 data-start=\"2347\" data-end=\"2384\"><strong data-start=\"2350\" data-end=\"2384\">Types de produits et configurations<\/strong><\/h2>\n<div class=\"TyagGW_tableContainer\">\n<div class=\"group TyagGW_tableWrapper flex flex-col-reverse w-fit\" tabindex=\"-1\">\n<table class=\"w-fit min-w-(--thread-content-width)\" data-start=\"2386\" data-end=\"2942\">\n<thead data-start=\"2386\" data-end=\"2432\">\n<tr data-start=\"2386\" data-end=\"2432\">\n<th data-start=\"2386\" data-end=\"2403\" data-col-size=\"sm\">Type de composant<\/th>\n<th data-start=\"2403\" data-end=\"2417\" data-col-size=\"md\">Description<\/th>\n<th data-start=\"2417\" data-end=\"2432\" data-col-size=\"sm\">Utilisation typique<\/th>\n<\/tr>\n<\/thead>\n<tbody data-start=\"2447\" data-end=\"2942\">\n<tr data-start=\"2447\" data-end=\"2555\">\n<td data-start=\"2447\" data-end=\"2469\" data-col-size=\"sm\"><strong data-start=\"2449\" data-end=\"2468\">Arbre de pr\u00e9cision<\/strong><\/td>\n<td data-start=\"2469\" data-end=\"2516\" data-col-size=\"md\">\u00c9l\u00e9ment rotatif destin\u00e9 \u00e0 transmettre un couple<\/td>\n<td data-start=\"2516\" data-end=\"2555\" data-col-size=\"sm\">Engrenages, moteurs, pompes, syst\u00e8mes de convoyage<\/td>\n<\/tr>\n<tr data-start=\"2556\" data-end=\"2660\">\n<td data-start=\"2556\" data-end=\"2579\" data-col-size=\"sm\"><strong data-start=\"2558\" data-end=\"2578\">Manchon \/ Douille<\/strong><\/td>\n<td data-start=\"2579\" data-end=\"2619\" data-col-size=\"md\">Rev\u00eatement cylindrique pour r\u00e9duire les frottements<\/td>\n<td data-start=\"2619\" data-end=\"2660\" data-col-size=\"sm\">Arbres, roulements, assemblages rotatifs<\/td>\n<\/tr>\n<tr data-start=\"2661\" data-end=\"2750\">\n<td data-start=\"2661\" data-end=\"2681\" data-col-size=\"sm\"><strong data-start=\"2663\" data-end=\"2680\">Arbre \u00e9tag\u00e9<\/strong><\/td>\n<td data-start=\"2681\" data-end=\"2713\" data-col-size=\"md\">Arbre \u00e0 diam\u00e8tres multiples<\/td>\n<td data-start=\"2713\" data-end=\"2750\" data-col-size=\"sm\">Assemblages complexes, montage d'engrenages<\/td>\n<\/tr>\n<tr data-start=\"2751\" data-end=\"2848\">\n<td data-start=\"2751\" data-end=\"2770\" data-col-size=\"sm\"><strong data-start=\"2753\" data-end=\"2769\">Arbre creux<\/strong><\/td>\n<td data-start=\"2770\" data-end=\"2808\" data-col-size=\"md\">Conception tubulaire pour une r\u00e9duction du poids<\/td>\n<td data-start=\"2808\" data-end=\"2848\" data-col-size=\"sm\">Entra\u00eenements l\u00e9gers, syst\u00e8mes d'accouplement<\/td>\n<\/tr>\n<tr data-start=\"2849\" data-end=\"2942\">\n<td data-start=\"2849\" data-end=\"2875\" data-col-size=\"sm\"><strong data-start=\"2851\" data-end=\"2874\">Arbre\/manchon sur mesure<\/strong><\/td>\n<td data-start=\"2875\" data-end=\"2900\" data-col-size=\"md\">Con\u00e7u selon le dessin<\/td>\n<td data-start=\"2900\" data-end=\"2942\" data-col-size=\"sm\">Machines sp\u00e9ciales et applications OEM<\/td>\n<\/tr>\n<\/tbody>\n<\/table>\n<\/div>\n<\/div>\n<h2 data-start=\"2949\" data-end=\"3001\"><strong data-start=\"2952\" data-end=\"2999\">Param\u00e8tres techniques (gamme repr\u00e9sentative)<\/strong><\/h2>\n<div class=\"TyagGW_tableContainer\">\n<div class=\"group TyagGW_tableWrapper flex flex-col-reverse w-fit\" tabindex=\"-1\">\n<table class=\"w-fit min-w-(--thread-content-width)\" data-start=\"3003\" data-end=\"3454\">\n<thead data-start=\"3003\" data-end=\"3040\">\n<tr data-start=\"3003\" data-end=\"3040\">\n<th data-start=\"3003\" data-end=\"3015\" data-col-size=\"sm\">Param\u00e8tres<\/th>\n<th data-start=\"3015\" data-end=\"3040\" data-col-size=\"md\">Sp\u00e9cification \/ Gamme<\/th>\n<\/tr>\n<\/thead>\n<tbody data-start=\"3051\" data-end=\"3454\">\n<tr data-start=\"3051\" data-end=\"3142\">\n<td data-start=\"3051\" data-end=\"3070\" data-col-size=\"sm\">Options de mat\u00e9riaux<\/td>\n<td data-start=\"3070\" data-end=\"3142\" data-col-size=\"md\">Acier au carbone, acier inoxydable (304\/316), acier alli\u00e9, alliage d'aluminium<\/td>\n<\/tr>\n<tr data-start=\"3143\" data-end=\"3192\">\n<td data-start=\"3143\" data-end=\"3160\" data-col-size=\"sm\">Gamme de diam\u00e8tres<\/td>\n<td data-start=\"3160\" data-end=\"3192\" data-col-size=\"md\">5 mm - 150 mm (personnalisable)<\/td>\n<\/tr>\n<tr data-start=\"3193\" data-end=\"3245\">\n<td data-start=\"3193\" data-end=\"3208\" data-col-size=\"sm\">Longueur Plage<\/td>\n<td data-start=\"3208\" data-end=\"3245\" data-col-size=\"md\">Jusqu'\u00e0 2000 mm (en fonction du projet)<\/td>\n<\/tr>\n<tr data-start=\"3246\" data-end=\"3292\">\n<td data-start=\"3246\" data-end=\"3270\" data-col-size=\"sm\">Tol\u00e9rance dimensionnelle<\/td>\n<td data-start=\"3270\" data-end=\"3292\" data-col-size=\"md\">\u00b10,01 mm (typique)<\/td>\n<\/tr>\n<tr data-start=\"3293\" data-end=\"3362\">\n<td data-start=\"3293\" data-end=\"3310\" data-col-size=\"sm\">Finition de la surface<\/td>\n<td data-start=\"3310\" data-end=\"3362\" data-col-size=\"md\">Ra 0,4 - Ra 1,6 \u03bcm (poli, rectifi\u00e9 ou plaqu\u00e9)<\/td>\n<\/tr>\n<tr data-start=\"3363\" data-end=\"3415\">\n<td data-start=\"3363\" data-end=\"3380\" data-col-size=\"sm\">Traitement thermique<\/td>\n<td data-start=\"3380\" data-end=\"3415\" data-col-size=\"md\">Trempe, nitruration, revenu<\/td>\n<\/tr>\n<tr data-start=\"3416\" data-end=\"3454\">\n<td data-start=\"3416\" data-end=\"3438\" data-col-size=\"sm\">Normes prises en charge<\/td>\n<td data-start=\"3438\" data-end=\"3454\" data-col-size=\"md\">ISO, DIN, GB<\/td>\n<\/tr>\n<\/tbody>\n<\/table>\n<\/div>\n<\/div>\n<h2 data-start=\"3461\" data-end=\"3494\"><strong data-start=\"3464\" data-end=\"3494\">Guide des mat\u00e9riaux et des traitements<\/strong><\/h2>\n<div class=\"TyagGW_tableContainer\">\n<div class=\"group TyagGW_tableWrapper flex flex-col-reverse w-fit\" tabindex=\"-1\">\n<table class=\"w-fit min-w-(--thread-content-width)\" data-start=\"3496\" data-end=\"3928\">\n<thead data-start=\"3496\" data-end=\"3535\">\n<tr data-start=\"3496\" data-end=\"3535\">\n<th data-start=\"3496\" data-end=\"3507\" data-col-size=\"sm\">Mat\u00e9riau<\/th>\n<th data-start=\"3507\" data-end=\"3520\" data-col-size=\"sm\">Avantages<\/th>\n<th data-start=\"3520\" data-end=\"3535\" data-col-size=\"md\">Utilisation typique<\/th>\n<\/tr>\n<\/thead>\n<tbody data-start=\"3550\" data-end=\"3928\">\n<tr data-start=\"3550\" data-end=\"3640\">\n<td data-start=\"3550\" data-end=\"3569\" data-col-size=\"sm\"><strong data-start=\"3552\" data-end=\"3568\">Acier au carbone<\/strong><\/td>\n<td data-start=\"3569\" data-end=\"3601\" data-col-size=\"sm\">Haute r\u00e9sistance, r\u00e9sistant \u00e0 l'usure<\/td>\n<td data-start=\"3601\" data-end=\"3640\" data-col-size=\"md\">Arbres et manchons industriels g\u00e9n\u00e9raux<\/td>\n<\/tr>\n<tr data-start=\"3641\" data-end=\"3733\">\n<td data-start=\"3641\" data-end=\"3659\" data-col-size=\"sm\"><strong data-start=\"3643\" data-end=\"3658\">Acier alli\u00e9<\/strong><\/td>\n<td data-start=\"3659\" data-end=\"3692\" data-col-size=\"sm\">Propri\u00e9t\u00e9s m\u00e9caniques am\u00e9lior\u00e9es<\/td>\n<td data-start=\"3692\" data-end=\"3733\" data-col-size=\"md\">Applications \u00e0 forte charge et \u00e0 grande vitesse<\/td>\n<\/tr>\n<tr data-start=\"3734\" data-end=\"3826\">\n<td data-start=\"3734\" data-end=\"3764\" data-col-size=\"sm\"><strong data-start=\"3736\" data-end=\"3763\">Acier inoxydable 304\/316<\/strong><\/td>\n<td data-start=\"3764\" data-end=\"3786\" data-col-size=\"sm\">R\u00e9sistant \u00e0 la corrosion<\/td>\n<td data-start=\"3786\" data-end=\"3826\" data-col-size=\"md\">Machines marines, chimiques et alimentaires<\/td>\n<\/tr>\n<tr data-start=\"3827\" data-end=\"3928\">\n<td data-start=\"3827\" data-end=\"3848\" data-col-size=\"sm\"><strong data-start=\"3829\" data-end=\"3847\">Alliage d'aluminium<\/strong><\/td>\n<td data-start=\"3848\" data-end=\"3883\" data-col-size=\"sm\">L\u00e9ger, r\u00e9sistant \u00e0 la corrosion<\/td>\n<td data-start=\"3883\" data-end=\"3928\" data-col-size=\"md\">Instruments de pr\u00e9cision, entra\u00eenements l\u00e9gers<\/td>\n<\/tr>\n<\/tbody>\n<\/table>\n<\/div>\n<\/div>\n<div class=\"TyagGW_tableContainer\">\n<div class=\"group TyagGW_tableWrapper flex flex-col-reverse w-fit\" tabindex=\"-1\">\n<table class=\"w-fit min-w-(--thread-content-width)\" data-start=\"3930\" data-end=\"4349\">\n<thead data-start=\"3930\" data-end=\"3967\">\n<tr data-start=\"3930\" data-end=\"3967\">\n<th data-start=\"3930\" data-end=\"3942\" data-col-size=\"sm\">Traitement<\/th>\n<th data-start=\"3942\" data-end=\"3952\" data-col-size=\"md\">Objectif<\/th>\n<th data-start=\"3952\" data-end=\"3967\" data-col-size=\"md\">Utilisation typique<\/th>\n<\/tr>\n<\/thead>\n<tbody data-start=\"3982\" data-end=\"4349\">\n<tr data-start=\"3982\" data-end=\"4072\">\n<td data-start=\"3982\" data-end=\"3994\" data-col-size=\"sm\">Durcissement<\/td>\n<td data-start=\"3994\" data-end=\"4042\" data-col-size=\"md\">Augmentation de la duret\u00e9 de la surface et de la r\u00e9sistance \u00e0 l'usure<\/td>\n<td data-start=\"4042\" data-end=\"4072\" data-col-size=\"md\">Arbres soumis au frottement<\/td>\n<\/tr>\n<tr data-start=\"4073\" data-end=\"4167\">\n<td data-start=\"4073\" data-end=\"4085\" data-col-size=\"sm\">Nitruration<\/td>\n<td data-start=\"4085\" data-end=\"4137\" data-col-size=\"md\">Am\u00e9liorer la r\u00e9sistance \u00e0 la fatigue et \u00e0 la corrosion<\/td>\n<td data-start=\"4137\" data-end=\"4167\" data-col-size=\"md\">Des machines performantes<\/td>\n<\/tr>\n<tr data-start=\"4168\" data-end=\"4260\">\n<td data-start=\"4168\" data-end=\"4180\" data-col-size=\"sm\">Polissage<\/td>\n<td data-start=\"4180\" data-end=\"4214\" data-col-size=\"md\">R\u00e9duire les frottements et am\u00e9liorer l'ajustement<\/td>\n<td data-start=\"4214\" data-end=\"4260\" data-col-size=\"md\">Manchons, bagues et assemblages rotatifs<\/td>\n<\/tr>\n<tr data-start=\"4261\" data-end=\"4349\">\n<td data-start=\"4261\" data-end=\"4281\" data-col-size=\"sm\">Placage \/ rev\u00eatement<\/td>\n<td data-start=\"4281\" data-end=\"4313\" data-col-size=\"md\">Protection contre la corrosion et l'usure<\/td>\n<td data-start=\"4313\" data-end=\"4349\" data-col-size=\"md\">Applications ext\u00e9rieures ou chimiques<\/td>\n<\/tr>\n<\/tbody>\n<\/table>\n<\/div>\n<\/div>\n<h2 data-start=\"4356\" data-end=\"4379\"><strong data-start=\"4359\" data-end=\"4379\">Pourquoi choisir Wonzh<\/strong><\/h2>\n<ul data-start=\"4381\" data-end=\"4667\">\n<li data-start=\"4381\" data-end=\"4434\">\n<p data-start=\"4383\" data-end=\"4434\">Contr\u00f4le de qualit\u00e9 strict et inspection dimensionnelle<\/p>\n<\/li>\n<li data-start=\"4435\" data-end=\"4487\">\n<p data-start=\"4437\" data-end=\"4487\">Capacit\u00e9s avanc\u00e9es d'usinage et de rectification CNC<\/p>\n<\/li>\n<li data-start=\"4488\" data-end=\"4549\">\n<p data-start=\"4490\" data-end=\"4549\">Conception sur mesure pour les besoins des OEM et de l'industrie<\/p>\n<\/li>\n<li data-start=\"4550\" data-end=\"4613\">\n<p data-start=\"4552\" data-end=\"4613\">Composants durables, r\u00e9sistants \u00e0 l'usure et prot\u00e9g\u00e9s contre la corrosion<\/p>\n<\/li>\n<li data-start=\"4614\" data-end=\"4667\">\n<p data-start=\"4616\" data-end=\"4667\">Du prototype \u00e0 la production de masse dans des d\u00e9lais rapides<\/p>\n<\/li>\n<\/ul>\n<h2 data-start=\"4674\" data-end=\"4715\"><strong data-start=\"4677\" data-end=\"4713\">Foire aux questions (FAQ)<\/strong><\/h2>\n<h3 data-start=\"4717\" data-end=\"4783\"><strong data-start=\"4721\" data-end=\"4781\">Q1 : Quelle est la diff\u00e9rence entre un arbre et un manchon ?<\/strong><\/h3>\n<ul data-start=\"4784\" data-end=\"4945\">\n<li data-start=\"4784\" data-end=\"4848\">\n<p data-start=\"4786\" data-end=\"4848\"><strong data-start=\"4786\" data-end=\"4796\">Arbre :<\/strong> \u00c9l\u00e9ment rotatif qui transmet un couple ou un mouvement.<\/p>\n<\/li>\n<li data-start=\"4849\" data-end=\"4945\">\n<p data-start=\"4851\" data-end=\"4945\"><strong data-start=\"4851\" data-end=\"4870\">Manchon\/bague :<\/strong> Le rev\u00eatement stationnaire ou rotatif qui supporte l'arbre et r\u00e9duit le frottement.<\/p>\n<\/li>\n<\/ul>\n<h3 data-start=\"4947\" data-end=\"4999\"><strong data-start=\"4951\" data-end=\"4997\">Q2 : Puis-je obtenir des diam\u00e8tres ou des longueurs sur mesure ?<\/strong><\/h3>\n<p data-start=\"5000\" data-end=\"5091\">Oui. Nous fabriquons des arbres et des manchons enti\u00e8rement personnalis\u00e9s selon vos sp\u00e9cifications ou vos dessins.<\/p>\n<h3 data-start=\"5093\" data-end=\"5138\"><strong data-start=\"5097\" data-end=\"5136\">Q3 : Quel mat\u00e9riau dois-je choisir ?<\/strong><\/h3>\n<ul data-start=\"5139\" data-end=\"5293\">\n<li data-start=\"5139\" data-end=\"5188\">\n<p data-start=\"5141\" data-end=\"5188\">Pour un usage industriel g\u00e9n\u00e9ral \u2192 <strong data-start=\"5170\" data-end=\"5186\">Acier au carbone<\/strong><\/p>\n<\/li>\n<li data-start=\"5189\" data-end=\"5239\">\n<p data-start=\"5191\" data-end=\"5239\">Pour la r\u00e9sistance \u00e0 la corrosion \u2192 <strong data-start=\"5218\" data-end=\"5237\">Acier inoxydable<\/strong><\/p>\n<\/li>\n<li data-start=\"5240\" data-end=\"5293\">\n<p data-start=\"5242\" data-end=\"5293\">Pour les applications l\u00e9g\u00e8res \u2192 <strong data-start=\"5273\" data-end=\"5291\">Alliage d'aluminium<\/strong><\/p>\n<\/li>\n<\/ul>\n<h3 data-start=\"5295\" data-end=\"5344\"><strong data-start=\"5299\" data-end=\"5342\">Q4 : Pouvez-vous effectuer des traitements de surface ?<\/strong><\/h3>\n<p data-start=\"5345\" data-end=\"5435\">Oui, les traitements comprennent <strong data-start=\"5369\" data-end=\"5413\">trempe, nitruration, polissage, placage<\/strong>, et des rev\u00eatements sur mesure.<\/p>\n<h3 data-start=\"5437\" data-end=\"5479\"><strong data-start=\"5441\" data-end=\"5477\">Q5 : Quelles sont les tol\u00e9rances typiques ?<\/strong><\/h3>\n<p data-start=\"5480\" data-end=\"5568\">Les tol\u00e9rances dimensionnelles peuvent atteindre <strong data-start=\"5513\" data-end=\"5525\">\u00b10,01 mm<\/strong>, en fonction de la demande et de la proc\u00e9dure.<\/p>","protected":false},"excerpt":{"rendered":"<p>Arbres et manchons de pr\u00e9cision fournis par <strong data-start=\"613\" data-end=\"622\">Wonzh<\/strong> sont des composants m\u00e9caniques de haute qualit\u00e9 con\u00e7us pour transmettre le mouvement, soutenir les \u00e9l\u00e9ments rotatifs et maintenir l'alignement dans les \u00e9quipements industriels.<\/p>","protected":false},"featured_media":1523,"comment_status":"open","ping_status":"closed","template":"","meta":{"site-sidebar-layout":"default","site-content-layout":"","ast-site-content-layout":"default","site-content-style":"default","site-sidebar-style":"default","ast-global-header-display":"","ast-banner-title-visibility":"","ast-main-header-display":"","ast-hfb-above-header-display":"","ast-hfb-below-header-display":"","ast-hfb-mobile-header-display":"","site-post-title":"","ast-breadcrumbs-content":"","ast-featured-img":"","footer-sml-layout":"","ast-disable-related-posts":"","theme-transparent-header-meta":"default","adv-header-id-meta":"","stick-header-meta":"default","header-above-stick-meta":"","header-main-stick-meta":"","header-below-stick-meta":"","astra-migrate-meta-layouts":"set","ast-page-background-enabled":"default","ast-page-background-meta":{"desktop":{"background-color":"","background-image":"","background-repeat":"repeat","background-position":"center center","background-size":"auto","background-attachment":"scroll","background-type":"","background-media":"","overlay-type":"","overlay-color":"","overlay-opacity":"","overlay-gradient":""},"tablet":{"background-color":"","background-image":"","background-repeat":"repeat","background-position":"center center","background-size":"auto","background-attachment":"scroll","background-type":"","background-media":"","overlay-type":"","overlay-color":"","overlay-opacity":"","overlay-gradient":""},"mobile":{"background-color":"","background-image":"","background-repeat":"repeat","background-position":"center center","background-size":"auto","background-attachment":"scroll","background-type":"","background-media":"","overlay-type":"","overlay-color":"","overlay-opacity":"","overlay-gradient":""}},"ast-content-background-meta":{"desktop":{"background-color":"var(--ast-global-color-5)","background-image":"","background-repeat":"repeat","background-position":"center center","background-size":"auto","background-attachment":"scroll","background-type":"","background-media":"","overlay-type":"","overlay-color":"","overlay-opacity":"","overlay-gradient":""},"tablet":{"background-color":"var(--ast-global-color-5)","background-image":"","background-repeat":"repeat","background-position":"center center","background-size":"auto","background-attachment":"scroll","background-type":"","background-media":"","overlay-type":"","overlay-color":"","overlay-opacity":"","overlay-gradient":""},"mobile":{"background-color":"var(--ast-global-color-5)","background-image":"","background-repeat":"repeat","background-position":"center center","background-size":"auto","background-attachment":"scroll","background-type":"","background-media":"","overlay-type":"","overlay-color":"","overlay-opacity":"","overlay-gradient":""}}},"product_brand":[],"product_cat":[23],"product_tag":[336,340,330,331,328,329,339,338,332,337,326,327,333,335,334],"class_list":{"0":"post-1469","1":"product","2":"type-product","3":"status-publish","4":"has-post-thumbnail","6":"product_cat-precision-machined-parts","7":"product_tag-alloy-steel-sleeve","8":"product_tag-china-shaft-manufacturer","9":"product_tag-cnc-shaft","10":"product_tag-cnc-sleeve","11":"product_tag-custom-shaft","12":"product_tag-custom-sleeve","13":"product_tag-heavy-duty-sleeve","14":"product_tag-high-precision-shaft","15":"product_tag-industrial-shaft","16":"product_tag-oem-shafts","17":"product_tag-precision-shaft","18":"product_tag-precision-sleeve","19":"product_tag-rotating-shaft","20":"product_tag-stainless-steel-shaft","21":"product_tag-wear-resistant-sleeve","22":"desktop-align-left","23":"tablet-align-left","24":"mobile-align-left","26":"first","27":"instock","28":"shipping-taxable","29":"product-type-simple"},"_links":{"self":[{"href":"https:\/\/www.wonzh.com\/fr\/wp-json\/wp\/v2\/product\/1469","targetHints":{"allow":["GET"]}}],"collection":[{"href":"https:\/\/www.wonzh.com\/fr\/wp-json\/wp\/v2\/product"}],"about":[{"href":"https:\/\/www.wonzh.com\/fr\/wp-json\/wp\/v2\/types\/product"}],"replies":[{"embeddable":true,"href":"https:\/\/www.wonzh.com\/fr\/wp-json\/wp\/v2\/comments?post=1469"}],"wp:featuredmedia":[{"embeddable":true,"href":"https:\/\/www.wonzh.com\/fr\/wp-json\/wp\/v2\/media\/1523"}],"wp:attachment":[{"href":"https:\/\/www.wonzh.com\/fr\/wp-json\/wp\/v2\/media?parent=1469"}],"wp:term":[{"taxonomy":"product_brand","embeddable":true,"href":"https:\/\/www.wonzh.com\/fr\/wp-json\/wp\/v2\/product_brand?post=1469"},{"taxonomy":"product_cat","embeddable":true,"href":"https:\/\/www.wonzh.com\/fr\/wp-json\/wp\/v2\/product_cat?post=1469"},{"taxonomy":"product_tag","embeddable":true,"href":"https:\/\/www.wonzh.com\/fr\/wp-json\/wp\/v2\/product_tag?post=1469"}],"curies":[{"name":"wp","href":"https:\/\/api.w.org\/{rel}","templated":true}]}}