{"id":1465,"date":"2026-02-03T14:47:16","date_gmt":"2026-02-03T14:47:16","guid":{"rendered":"https:\/\/www.wonzh.com\/?post_type=product&#038;p=1465"},"modified":"2026-02-05T14:24:10","modified_gmt":"2026-02-05T14:24:10","slug":"pieces-metalliques-sur-mesure-pour-les-applications-industrielles-automobiles-et-oem","status":"publish","type":"product","link":"https:\/\/www.wonzh.com\/fr\/product\/custom-metal-parts-for-industrial-automotive-and-oem-applications\/","title":{"rendered":"Pi\u00e8ces m\u00e9talliques sur mesure pour les applications industrielles, automobiles et OEM"},"content":{"rendered":"<p data-start=\"534\" data-end=\"856\">Pi\u00e8ces m\u00e9talliques sur mesure fournies par <strong data-start=\"565\" data-end=\"574\">Wonzh<\/strong> sont des composants de pr\u00e9cision con\u00e7us et fabriqu\u00e9s selon les sp\u00e9cifications, les dessins ou les prototypes du client. Nous sommes sp\u00e9cialis\u00e9s dans la fourniture de pi\u00e8ces m\u00e9talliques de haute qualit\u00e9 pour des secteurs tels que les machines industrielles, l'automobile, la construction, l'\u00e9nergie et les \u00e9quipementiers.<\/p>\n<p data-start=\"858\" data-end=\"1285\">Nos capacit\u00e9s couvrent une large gamme de m\u00e9taux...<strong data-start=\"904\" data-end=\"979\">acier au carbone, acier inoxydable, aluminium, laiton, cuivre et acier alli\u00e9<\/strong>-avec des processus comprenant <strong data-start=\"1005\" data-end=\"1088\">Usinage CNC, d\u00e9coupe au laser, emboutissage, pliage, soudage et finition de surface<\/strong>. En associant des technologies de fabrication avanc\u00e9es \u00e0 un contr\u00f4le de qualit\u00e9 strict, Wonzh s'assure que chaque pi\u00e8ce respecte des tol\u00e9rances dimensionnelles, des performances m\u00e9caniques et des exigences esth\u00e9tiques pr\u00e9cises.<\/p>\n<p data-start=\"1287\" data-end=\"1634\">En tant que fournisseur industriel de confiance, nous soutenons <strong data-start=\"1332\" data-end=\"1412\">le d\u00e9veloppement de prototypes, la production de petits lots et la fabrication \u00e0 grande \u00e9chelle<\/strong>, Wonzh travaille en \u00e9troite collaboration avec les ing\u00e9nieurs pour optimiser la s\u00e9lection des mat\u00e9riaux, la conception en vue de la fabrication et l'efficacit\u00e9 de la production. Les pi\u00e8ces m\u00e9talliques personnalis\u00e9es de Wonzh sont con\u00e7ues pour \u00eatre durables, pr\u00e9cises et fiables \u00e0 long terme.<\/p>\n<h2 data-start=\"1641\" data-end=\"1660\"><strong data-start=\"1644\" data-end=\"1660\">Caract\u00e9ristiques principales<\/strong><\/h2>\n<ul data-start=\"1662\" data-end=\"1989\">\n<li data-start=\"1662\" data-end=\"1725\">\n<p data-start=\"1664\" data-end=\"1725\">Enti\u00e8rement personnalis\u00e9 selon les dessins, les sp\u00e9cifications ou les prototypes<\/p>\n<\/li>\n<li data-start=\"1726\" data-end=\"1773\">\n<p data-start=\"1728\" data-end=\"1773\">Pr\u00e9cision dimensionnelle et r\u00e9p\u00e9tabilit\u00e9 \u00e9lev\u00e9es<\/p>\n<\/li>\n<li data-start=\"1774\" data-end=\"1824\">\n<p data-start=\"1776\" data-end=\"1824\">Convient \u00e0 une large gamme de m\u00e9taux et d'alliages<\/p>\n<\/li>\n<li data-start=\"1825\" data-end=\"1894\">\n<p data-start=\"1827\" data-end=\"1894\">Proc\u00e9d\u00e9s de fabrication multiples : CNC, estampage, soudage, pliage<\/p>\n<\/li>\n<li data-start=\"1895\" data-end=\"1948\">\n<p data-start=\"1897\" data-end=\"1948\">Options de traitement de surface et de finition disponibles<\/p>\n<\/li>\n<li data-start=\"1949\" data-end=\"1989\">\n<p data-start=\"1951\" data-end=\"1989\">Du prototype \u00e0 la production de masse<\/p>\n<\/li>\n<\/ul>\n<h2 data-start=\"1996\" data-end=\"2023\"><strong data-start=\"1999\" data-end=\"2023\">Applications typiques<\/strong><\/h2>\n<ul data-start=\"2025\" data-end=\"2295\">\n<li data-start=\"2025\" data-end=\"2060\">\n<p data-start=\"2027\" data-end=\"2060\">Composants de machines industrielles<\/p>\n<\/li>\n<li data-start=\"2061\" data-end=\"2096\">\n<p data-start=\"2063\" data-end=\"2096\">Pi\u00e8ces et assemblages automobiles<\/p>\n<\/li>\n<li data-start=\"2097\" data-end=\"2129\">\n<p data-start=\"2099\" data-end=\"2129\">Pi\u00e8ces d\u00e9tach\u00e9es pour engins de chantier<\/p>\n<\/li>\n<li data-start=\"2130\" data-end=\"2169\">\n<p data-start=\"2132\" data-end=\"2169\">Syst\u00e8mes de production d'\u00e9nergie et d'\u00e9lectricit\u00e9<\/p>\n<\/li>\n<li data-start=\"2170\" data-end=\"2217\">\n<p data-start=\"2172\" data-end=\"2217\">Pompes, vannes et \u00e9quipements de traitement des fluides<\/p>\n<\/li>\n<li data-start=\"2218\" data-end=\"2245\">\n<p data-start=\"2220\" data-end=\"2245\">Pi\u00e8ces de rechange OEM et MRO<\/p>\n<\/li>\n<li data-start=\"2246\" data-end=\"2295\">\n<p data-start=\"2248\" data-end=\"2295\">Composants m\u00e9talliques architecturaux et structurels<\/p>\n<\/li>\n<\/ul>\n<h2 data-start=\"2302\" data-end=\"2335\"><strong data-start=\"2305\" data-end=\"2335\">Capacit\u00e9s de production<\/strong><\/h2>\n<div class=\"TyagGW_tableContainer\">\n<div class=\"group TyagGW_tableWrapper flex flex-col-reverse w-fit\" tabindex=\"-1\">\n<table class=\"w-fit min-w-(--thread-content-width)\" data-start=\"2337\" data-end=\"2850\">\n<thead data-start=\"2337\" data-end=\"2361\">\n<tr data-start=\"2337\" data-end=\"2361\">\n<th data-start=\"2337\" data-end=\"2347\" data-col-size=\"sm\">Processus<\/th>\n<th data-start=\"2347\" data-end=\"2361\" data-col-size=\"md\">Capacit\u00e9<\/th>\n<\/tr>\n<\/thead>\n<tbody data-start=\"2372\" data-end=\"2850\">\n<tr data-start=\"2372\" data-end=\"2449\">\n<td data-start=\"2372\" data-end=\"2388\" data-col-size=\"sm\">Usinage CNC<\/td>\n<td data-start=\"2388\" data-end=\"2449\" data-col-size=\"md\">Tournage, fraisage, per\u00e7age et rectification de pi\u00e8ces complexes<\/td>\n<\/tr>\n<tr data-start=\"2450\" data-end=\"2505\">\n<td data-start=\"2450\" data-end=\"2467\" data-col-size=\"sm\">Emboutissage de m\u00e9taux<\/td>\n<td data-start=\"2467\" data-end=\"2505\" data-col-size=\"md\">Pi\u00e8ces de t\u00f4lerie \u00e0 grand volume<\/td>\n<\/tr>\n<tr data-start=\"2506\" data-end=\"2568\">\n<td data-start=\"2506\" data-end=\"2522\" data-col-size=\"sm\">D\u00e9coupe au laser<\/td>\n<td data-start=\"2522\" data-end=\"2568\" data-col-size=\"md\">D\u00e9coupe pr\u00e9cise de t\u00f4les et de plaques<\/td>\n<\/tr>\n<tr data-start=\"2569\" data-end=\"2619\">\n<td data-start=\"2569\" data-end=\"2589\" data-col-size=\"sm\">Cintrage \/ Formage<\/td>\n<td data-start=\"2589\" data-end=\"2619\" data-col-size=\"md\">Formes et profils sur mesure<\/td>\n<\/tr>\n<tr data-start=\"2620\" data-end=\"2689\">\n<td data-start=\"2620\" data-end=\"2641\" data-col-size=\"sm\">Soudage et assemblage<\/td>\n<td data-start=\"2641\" data-end=\"2689\" data-col-size=\"md\">TIG, MIG, soudage par points et assemblage modulaire<\/td>\n<\/tr>\n<tr data-start=\"2690\" data-end=\"2771\">\n<td data-start=\"2690\" data-end=\"2710\" data-col-size=\"sm\">Traitement de surface<\/td>\n<td data-start=\"2710\" data-end=\"2771\" data-col-size=\"md\">Anodisation, placage, peinture, rev\u00eatement en poudre, passivation<\/td>\n<\/tr>\n<tr data-start=\"2772\" data-end=\"2850\">\n<td data-start=\"2772\" data-end=\"2789\" data-col-size=\"sm\">Traitement thermique<\/td>\n<td data-start=\"2789\" data-end=\"2850\" data-col-size=\"md\">Trempe, revenu, recuit pour les propri\u00e9t\u00e9s m\u00e9caniques<\/td>\n<\/tr>\n<\/tbody>\n<\/table>\n<\/div>\n<\/div>\n<h2 data-start=\"2857\" data-end=\"2909\"><strong data-start=\"2860\" data-end=\"2907\">Param\u00e8tres techniques (gamme repr\u00e9sentative)<\/strong><\/h2>\n<div class=\"TyagGW_tableContainer\">\n<div class=\"group TyagGW_tableWrapper flex flex-col-reverse w-fit\" tabindex=\"-1\">\n<table class=\"w-fit min-w-(--thread-content-width)\" data-start=\"2911\" data-end=\"3406\">\n<thead data-start=\"2911\" data-end=\"2937\">\n<tr data-start=\"2911\" data-end=\"2937\">\n<th data-start=\"2911\" data-end=\"2923\" data-col-size=\"sm\">Param\u00e8tres<\/th>\n<th data-start=\"2923\" data-end=\"2937\" data-col-size=\"md\">Capacit\u00e9<\/th>\n<\/tr>\n<\/thead>\n<tbody data-start=\"2948\" data-end=\"3406\">\n<tr data-start=\"2948\" data-end=\"3038\">\n<td data-start=\"2948\" data-end=\"2967\" data-col-size=\"sm\">Options de mat\u00e9riaux<\/td>\n<td data-start=\"2967\" data-end=\"3038\" data-col-size=\"md\">Acier au carbone, acier inoxydable, aluminium, laiton, cuivre, acier alli\u00e9<\/td>\n<\/tr>\n<tr data-start=\"3039\" data-end=\"3098\">\n<td data-start=\"3039\" data-end=\"3063\" data-col-size=\"sm\">Tol\u00e9rance dimensionnelle<\/td>\n<td data-start=\"3063\" data-end=\"3098\" data-col-size=\"md\">Jusqu'\u00e0 \u00b10,01 mm (en fonction de la pi\u00e8ce)<\/td>\n<\/tr>\n<tr data-start=\"3099\" data-end=\"3171\">\n<td data-start=\"3099\" data-end=\"3116\" data-col-size=\"sm\">Finition de la surface<\/td>\n<td data-start=\"3116\" data-end=\"3171\" data-col-size=\"md\">Ra 0,8 - Ra 3,2, poli, anodis\u00e9, plaqu\u00e9, rev\u00eatu<\/td>\n<\/tr>\n<tr data-start=\"3172\" data-end=\"3220\">\n<td data-start=\"3172\" data-end=\"3188\" data-col-size=\"sm\">Taille maximale de la pi\u00e8ce<\/td>\n<td data-start=\"3188\" data-end=\"3220\" data-col-size=\"md\">Jusqu'\u00e0 1200 mm (personnalisable)<\/td>\n<\/tr>\n<tr data-start=\"3221\" data-end=\"3282\">\n<td data-start=\"3221\" data-end=\"3239\" data-col-size=\"sm\">Type de production<\/td>\n<td data-start=\"3239\" data-end=\"3282\" data-col-size=\"md\">Prototype, petit lot, production de masse<\/td>\n<\/tr>\n<tr data-start=\"3283\" data-end=\"3335\">\n<td data-start=\"3283\" data-end=\"3303\" data-col-size=\"sm\">Normes de qualit\u00e9<\/td>\n<td data-start=\"3303\" data-end=\"3335\" data-col-size=\"md\">Processus d'inspection bas\u00e9 sur la norme ISO<\/td>\n<\/tr>\n<tr data-start=\"3336\" data-end=\"3406\">\n<td data-start=\"3336\" data-end=\"3349\" data-col-size=\"sm\">L'inspection<\/td>\n<td data-start=\"3349\" data-end=\"3406\" data-col-size=\"md\">MMT, microm\u00e8tres, pieds \u00e0 coulisse, tests de rugosit\u00e9 de surface<\/td>\n<\/tr>\n<\/tbody>\n<\/table>\n<\/div>\n<\/div>\n<h2 data-start=\"3413\" data-end=\"3444\"><strong data-start=\"3416\" data-end=\"3444\">Guide de s\u00e9lection des mat\u00e9riaux<\/strong><\/h2>\n<div class=\"TyagGW_tableContainer\">\n<div class=\"group TyagGW_tableWrapper flex flex-col-reverse w-fit\" tabindex=\"-1\">\n<table class=\"w-fit min-w-(--thread-content-width)\" data-start=\"3446\" data-end=\"3945\">\n<thead data-start=\"3446\" data-end=\"3485\">\n<tr data-start=\"3446\" data-end=\"3485\">\n<th data-start=\"3446\" data-end=\"3457\" data-col-size=\"sm\">Mat\u00e9riau<\/th>\n<th data-start=\"3457\" data-end=\"3470\" data-col-size=\"sm\">Avantages<\/th>\n<th data-start=\"3470\" data-end=\"3485\" data-col-size=\"sm\">Utilisation typique<\/th>\n<\/tr>\n<\/thead>\n<tbody data-start=\"3500\" data-end=\"3945\">\n<tr data-start=\"3500\" data-end=\"3582\">\n<td data-start=\"3500\" data-end=\"3519\" data-col-size=\"sm\"><strong data-start=\"3502\" data-end=\"3518\">Acier au carbone<\/strong><\/td>\n<td data-start=\"3519\" data-end=\"3551\" data-col-size=\"sm\">Haute r\u00e9sistance, bon rapport co\u00fbt-efficacit\u00e9<\/td>\n<td data-start=\"3551\" data-end=\"3582\" data-col-size=\"sm\">Machines, pi\u00e8ces pour charges lourdes<\/td>\n<\/tr>\n<tr data-start=\"3583\" data-end=\"3673\">\n<td data-start=\"3583\" data-end=\"3615\" data-col-size=\"sm\"><strong data-start=\"3585\" data-end=\"3614\">Acier inoxydable (304\/316)<\/strong><\/td>\n<td data-start=\"3615\" data-end=\"3637\" data-col-size=\"sm\">R\u00e9sistant \u00e0 la corrosion<\/td>\n<td data-start=\"3637\" data-end=\"3673\" data-col-size=\"sm\">\u00c9quipements marins, chimiques et alimentaires<\/td>\n<\/tr>\n<tr data-start=\"3674\" data-end=\"3767\">\n<td data-start=\"3674\" data-end=\"3695\" data-col-size=\"sm\"><strong data-start=\"3676\" data-end=\"3694\">Alliage d'aluminium<\/strong><\/td>\n<td data-start=\"3695\" data-end=\"3729\" data-col-size=\"sm\">L\u00e9ger, bonne usinabilit\u00e9<\/td>\n<td data-start=\"3729\" data-end=\"3767\" data-col-size=\"sm\">Automobile, a\u00e9rospatiale, \u00e9lectronique<\/td>\n<\/tr>\n<tr data-start=\"3768\" data-end=\"3858\">\n<td data-start=\"3768\" data-end=\"3789\" data-col-size=\"sm\"><strong data-start=\"3770\" data-end=\"3788\">Laiton \/ Cuivre<\/strong><\/td>\n<td data-start=\"3789\" data-end=\"3826\" data-col-size=\"sm\">Conductivit\u00e9, r\u00e9sistance \u00e0 la corrosion<\/td>\n<td data-start=\"3826\" data-end=\"3858\" data-col-size=\"sm\">Vannes, raccords, connecteurs<\/td>\n<\/tr>\n<tr data-start=\"3859\" data-end=\"3945\">\n<td data-start=\"3859\" data-end=\"3877\" data-col-size=\"sm\"><strong data-start=\"3861\" data-end=\"3876\">Acier alli\u00e9<\/strong><\/td>\n<td data-start=\"3877\" data-end=\"3910\" data-col-size=\"sm\">Haute r\u00e9sistance, r\u00e9sistance \u00e0 l'usure<\/td>\n<td data-start=\"3910\" data-end=\"3945\" data-col-size=\"sm\">\u00c9quipements industriels et miniers<\/td>\n<\/tr>\n<\/tbody>\n<\/table>\n<\/div>\n<\/div>\n<h2 data-start=\"3952\" data-end=\"3975\"><strong data-start=\"3955\" data-end=\"3975\">Pourquoi choisir Wonzh<\/strong><\/h2>\n<ul data-start=\"3977\" data-end=\"4287\">\n<li data-start=\"3977\" data-end=\"4050\">\n<p data-start=\"3979\" data-end=\"4050\">Contr\u00f4le de la qualit\u00e9 de bout en bout, de l'approvisionnement en mat\u00e9riaux \u00e0 l'inspection finale<\/p>\n<\/li>\n<li data-start=\"4051\" data-end=\"4116\">\n<p data-start=\"4053\" data-end=\"4116\">\u00c9quipements de fabrication avanc\u00e9s et \u00e9quipe d'ing\u00e9nieurs qualifi\u00e9s<\/p>\n<\/li>\n<li data-start=\"4117\" data-end=\"4173\">\n<p data-start=\"4119\" data-end=\"4173\">Prise en charge de g\u00e9om\u00e9tries complexes et de tol\u00e9rances personnalis\u00e9es<\/p>\n<\/li>\n<li data-start=\"4174\" data-end=\"4241\">\n<p data-start=\"4176\" data-end=\"4241\">Production flexible : prototypes, petits lots, production de masse<\/p>\n<\/li>\n<li data-start=\"4242\" data-end=\"4287\">\n<p data-start=\"4244\" data-end=\"4287\">Livraison mondiale et cha\u00eene d'approvisionnement fiable<\/p>\n<\/li>\n<\/ul>\n<h2 data-start=\"4294\" data-end=\"4335\"><strong data-start=\"4297\" data-end=\"4333\">Foire aux questions (FAQ)<\/strong><\/h2>\n<h3 data-start=\"4337\" data-end=\"4394\"><strong data-start=\"4341\" data-end=\"4392\">Q1 : Pouvez-vous produire des pi\u00e8ces \u00e0 partir de mes dessins ?<\/strong><\/h3>\n<p data-start=\"4395\" data-end=\"4500\">Oui. Nous pouvons fabriquer des pi\u00e8ces en respectant scrupuleusement <strong data-start=\"4447\" data-end=\"4497\">Dessins 2D\/3D, fichiers CAO ou \u00e9chantillons physiques<\/strong>.<\/p>\n<h3 data-start=\"4502\" data-end=\"4547\"><strong data-start=\"4506\" data-end=\"4545\">Q2 : Quels sont les formats de fichiers accept\u00e9s ?<\/strong><\/h3>\n<p data-start=\"4548\" data-end=\"4621\">Nous acceptons <strong data-start=\"4558\" data-end=\"4587\">STEP, IGES, DXF, DWG, PDF<\/strong> et d'autres formats CAO standard.<\/p>\n<h3 data-start=\"4623\" data-end=\"4667\"><strong data-start=\"4627\" data-end=\"4665\">Q3 : Quel est le d\u00e9lai de livraison habituel ?<\/strong><\/h3>\n<ul data-start=\"4668\" data-end=\"4766\">\n<li data-start=\"4668\" data-end=\"4696\">\n<p data-start=\"4670\" data-end=\"4696\">Prototype : <strong data-start=\"4681\" data-end=\"4694\">1-2 semaines<\/strong><\/p>\n<\/li>\n<li data-start=\"4697\" data-end=\"4727\">\n<p data-start=\"4699\" data-end=\"4727\">Petit lot : <strong data-start=\"4712\" data-end=\"4725\">2-4 semaines<\/strong><\/p>\n<\/li>\n<li data-start=\"4728\" data-end=\"4766\">\n<p data-start=\"4730\" data-end=\"4766\">Production de masse : en fonction du projet<\/p>\n<\/li>\n<\/ul>\n<h3 data-start=\"4768\" data-end=\"4815\"><strong data-start=\"4772\" data-end=\"4813\">Q4 : Des traitements de surface sont-ils disponibles ?<\/strong><\/h3>\n<p data-start=\"4816\" data-end=\"4915\">Oui. Nous proposons <strong data-start=\"4830\" data-end=\"4891\">anodisation, placage, peinture, rev\u00eatement en poudre, passivation<\/strong>, et des finitions personnalis\u00e9es.<\/p>\n<h3 data-start=\"4917\" data-end=\"4969\"><strong data-start=\"4921\" data-end=\"4967\">Q5 : Soutenez-vous la production en petites s\u00e9ries ?<\/strong><\/h3>\n<p data-start=\"4970\" data-end=\"5057\">Oui. Nous pouvons produire efficacement des prototypes, de petits lots et une production \u00e0 grande \u00e9chelle.<\/p>","protected":false},"excerpt":{"rendered":"<p>Pi\u00e8ces m\u00e9talliques sur mesure fournies par <strong data-start=\"565\" data-end=\"574\">Wonzh<\/strong> sont des composants de pr\u00e9cision con\u00e7us et fabriqu\u00e9s selon les sp\u00e9cifications, les dessins ou les prototypes du client. Nous sommes sp\u00e9cialis\u00e9s dans la fourniture de pi\u00e8ces m\u00e9talliques de haute qualit\u00e9 pour des secteurs tels que les machines industrielles, l'automobile, la construction, l'\u00e9nergie et les \u00e9quipementiers.<\/p>","protected":false},"featured_media":1520,"comment_status":"open","ping_status":"closed","template":"","meta":{"site-sidebar-layout":"default","site-content-layout":"","ast-site-content-layout":"default","site-content-style":"default","site-sidebar-style":"default","ast-global-header-display":"","ast-banner-title-visibility":"","ast-main-header-display":"","ast-hfb-above-header-display":"","ast-hfb-below-header-display":"","ast-hfb-mobile-header-display":"","site-post-title":"","ast-breadcrumbs-content":"","ast-featured-img":"","footer-sml-layout":"","ast-disable-related-posts":"","theme-transparent-header-meta":"default","adv-header-id-meta":"","stick-header-meta":"default","header-above-stick-meta":"","header-main-stick-meta":"","header-below-stick-meta":"","astra-migrate-meta-layouts":"set","ast-page-background-enabled":"default","ast-page-background-meta":{"desktop":{"background-color":"","background-image":"","background-repeat":"repeat","background-position":"center center","background-size":"auto","background-attachment":"scroll","background-type":"","background-media":"","overlay-type":"","overlay-color":"","overlay-opacity":"","overlay-gradient":""},"tablet":{"background-color":"","background-image":"","background-repeat":"repeat","background-position":"center center","background-size":"auto","background-attachment":"scroll","background-type":"","background-media":"","overlay-type":"","overlay-color":"","overlay-opacity":"","overlay-gradient":""},"mobile":{"background-color":"","background-image":"","background-repeat":"repeat","background-position":"center center","background-size":"auto","background-attachment":"scroll","background-type":"","background-media":"","overlay-type":"","overlay-color":"","overlay-opacity":"","overlay-gradient":""}},"ast-content-background-meta":{"desktop":{"background-color":"var(--ast-global-color-5)","background-image":"","background-repeat":"repeat","background-position":"center center","background-size":"auto","background-attachment":"scroll","background-type":"","background-media":"","overlay-type":"","overlay-color":"","overlay-opacity":"","overlay-gradient":""},"tablet":{"background-color":"var(--ast-global-color-5)","background-image":"","background-repeat":"repeat","background-position":"center center","background-size":"auto","background-attachment":"scroll","background-type":"","background-media":"","overlay-type":"","overlay-color":"","overlay-opacity":"","overlay-gradient":""},"mobile":{"background-color":"var(--ast-global-color-5)","background-image":"","background-repeat":"repeat","background-position":"center center","background-size":"auto","background-attachment":"scroll","background-type":"","background-media":"","overlay-type":"","overlay-color":"","overlay-opacity":"","overlay-gradient":""}}},"product_brand":[],"product_cat":[23],"product_tag":[315,317,323,299,324,312,325,319,318,313,320,321,316,314,322],"class_list":{"0":"post-1465","1":"product","2":"type-product","3":"status-publish","4":"has-post-thumbnail","6":"product_cat-precision-machined-parts","7":"product_tag-aluminum-parts","8":"product_tag-carbon-steel-parts","9":"product_tag-china-metal-manufacturer","10":"product_tag-cnc-machined-parts","11":"product_tag-custom-fabricated-parts","12":"product_tag-custom-metal-parts","13":"product_tag-high-precision-metal-parts","14":"product_tag-industrial-metal-components","15":"product_tag-oem-metal-parts","16":"product_tag-precision-metal-components","17":"product_tag-prototype-metal-parts","18":"product_tag-small-batch-metal-production","19":"product_tag-stainless-steel-components","20":"product_tag-stamped-metal-parts","21":"product_tag-surface-treated-metal","22":"desktop-align-left","23":"tablet-align-left","24":"mobile-align-left","26":"first","27":"instock","28":"shipping-taxable","29":"product-type-simple"},"_links":{"self":[{"href":"https:\/\/www.wonzh.com\/fr\/wp-json\/wp\/v2\/product\/1465","targetHints":{"allow":["GET"]}}],"collection":[{"href":"https:\/\/www.wonzh.com\/fr\/wp-json\/wp\/v2\/product"}],"about":[{"href":"https:\/\/www.wonzh.com\/fr\/wp-json\/wp\/v2\/types\/product"}],"replies":[{"embeddable":true,"href":"https:\/\/www.wonzh.com\/fr\/wp-json\/wp\/v2\/comments?post=1465"}],"wp:featuredmedia":[{"embeddable":true,"href":"https:\/\/www.wonzh.com\/fr\/wp-json\/wp\/v2\/media\/1520"}],"wp:attachment":[{"href":"https:\/\/www.wonzh.com\/fr\/wp-json\/wp\/v2\/media?parent=1465"}],"wp:term":[{"taxonomy":"product_brand","embeddable":true,"href":"https:\/\/www.wonzh.com\/fr\/wp-json\/wp\/v2\/product_brand?post=1465"},{"taxonomy":"product_cat","embeddable":true,"href":"https:\/\/www.wonzh.com\/fr\/wp-json\/wp\/v2\/product_cat?post=1465"},{"taxonomy":"product_tag","embeddable":true,"href":"https:\/\/www.wonzh.com\/fr\/wp-json\/wp\/v2\/product_tag?post=1465"}],"curies":[{"name":"wp","href":"https:\/\/api.w.org\/{rel}","templated":true}]}}