{"id":1463,"date":"2026-02-03T14:44:49","date_gmt":"2026-02-03T14:44:49","guid":{"rendered":"https:\/\/www.wonzh.com\/?post_type=product&#038;p=1463"},"modified":"2026-02-05T09:35:08","modified_gmt":"2026-02-05T09:35:08","slug":"precision-cnc-machined-parts-for-industrial-equipment-and-oem-applications","status":"publish","type":"product","link":"https:\/\/www.wonzh.com\/fr\/product\/precision-cnc-machined-parts-for-industrial-equipment-and-oem-applications\/","title":{"rendered":"Pi\u00e8ces usin\u00e9es CNC de pr\u00e9cision pour les \u00e9quipements industriels et les applications OEM"},"content":{"rendered":"<p data-start=\"529\" data-end=\"893\">Pi\u00e8ces usin\u00e9es CNC fournies par <strong data-start=\"560\" data-end=\"569\">Wonzh<\/strong> sont des composants de pr\u00e9cision fabriqu\u00e9s \u00e0 l'aide de technologies avanc\u00e9es de tournage, de fraisage, de per\u00e7age et de meulage \u00e0 commande num\u00e9rique. Con\u00e7ues pour r\u00e9pondre \u00e0 des tol\u00e9rances dimensionnelles strictes et \u00e0 des exigences de qualit\u00e9 de surface, nos pi\u00e8ces usin\u00e9es sont largement utilis\u00e9es dans les machines industrielles, les syst\u00e8mes d'automatisation, les \u00e9quipements lourds et la fabrication OEM.<\/p>\n<p data-start=\"895\" data-end=\"1258\">Nous traitons une large gamme de mat\u00e9riaux, notamment l'acier au carbone, l'acier inoxydable, les alliages d'aluminium, le laiton, le cuivre et les plastiques techniques. Gr\u00e2ce \u00e0 des processus d'usinage optimis\u00e9s, \u00e0 un contr\u00f4le de qualit\u00e9 rigoureux et \u00e0 une inspection en cours de fabrication, Wonzh garantit une r\u00e9p\u00e9tabilit\u00e9 \u00e9lev\u00e9e, un excellent \u00e9tat de surface et des performances m\u00e9caniques fiables, m\u00eame dans des environnements d'exploitation exigeants.<\/p>\n<p data-start=\"1260\" data-end=\"1574\">En tant que partenaire exp\u00e9riment\u00e9 dans le domaine de la fabrication industrielle, Wonzh apporte son soutien \u00e0 <strong data-start=\"1327\" data-end=\"1404\">la personnalisation par le dessin, le prototypage en petite s\u00e9rie et la production en s\u00e9rie<\/strong>. Notre \u00e9quipe d'ing\u00e9nieurs collabore avec les clients sur la fabricabilit\u00e9 (DFM), l'optimisation des tol\u00e9rances et la s\u00e9lection des mat\u00e9riaux afin d'\u00e9quilibrer les performances, les co\u00fbts et les d\u00e9lais.<\/p>\n<h2 data-start=\"1581\" data-end=\"1600\"><strong data-start=\"1584\" data-end=\"1600\">Caract\u00e9ristiques principales<\/strong><\/h2>\n<ul data-start=\"1602\" data-end=\"1912\">\n<li data-start=\"1602\" data-end=\"1647\">\n<p data-start=\"1604\" data-end=\"1647\">Pr\u00e9cision et coh\u00e9rence dimensionnelles \u00e9lev\u00e9es<\/p>\n<\/li>\n<li data-start=\"1648\" data-end=\"1701\">\n<p data-start=\"1650\" data-end=\"1701\">Excellente finition de surface et int\u00e9grit\u00e9 structurelle<\/p>\n<\/li>\n<li data-start=\"1702\" data-end=\"1758\">\n<p data-start=\"1704\" data-end=\"1758\">Convient aux g\u00e9om\u00e9tries complexes et aux tol\u00e9rances serr\u00e9es<\/p>\n<\/li>\n<li data-start=\"1759\" data-end=\"1819\">\n<p data-start=\"1761\" data-end=\"1819\">Compatible avec de nombreux m\u00e9taux et plastiques techniques<\/p>\n<\/li>\n<li data-start=\"1820\" data-end=\"1864\">\n<p data-start=\"1822\" data-end=\"1864\">Soutien du prototype \u00e0 la production de masse<\/p>\n<\/li>\n<li data-start=\"1865\" data-end=\"1912\">\n<p data-start=\"1867\" data-end=\"1912\">Enti\u00e8rement personnalis\u00e9 sur la base des dessins du client<\/p>\n<\/li>\n<\/ul>\n<h2 data-start=\"1919\" data-end=\"1946\"><strong data-start=\"1922\" data-end=\"1946\">Applications typiques<\/strong><\/h2>\n<ul data-start=\"1948\" data-end=\"2262\">\n<li data-start=\"1948\" data-end=\"1983\">\n<p data-start=\"1950\" data-end=\"1983\">Composants de machines industrielles<\/p>\n<\/li>\n<li data-start=\"1984\" data-end=\"2017\">\n<p data-start=\"1986\" data-end=\"2017\">Pi\u00e8ces pour l'automatisation et la robotique<\/p>\n<\/li>\n<li data-start=\"2018\" data-end=\"2054\">\n<p data-start=\"2020\" data-end=\"2054\">Pompes, vannes et syst\u00e8mes de fluides<\/p>\n<\/li>\n<li data-start=\"2055\" data-end=\"2093\">\n<p data-start=\"2057\" data-end=\"2093\">Bo\u00eetes de vitesses et syst\u00e8mes de transmission<\/p>\n<\/li>\n<li data-start=\"2094\" data-end=\"2131\">\n<p data-start=\"2096\" data-end=\"2131\">Mat\u00e9riel de construction et d'exploitation mini\u00e8re<\/p>\n<\/li>\n<li data-start=\"2132\" data-end=\"2173\">\n<p data-start=\"2134\" data-end=\"2173\">\u00c9quipements de production d'\u00e9nergie et d'\u00e9lectricit\u00e9<\/p>\n<\/li>\n<li data-start=\"2174\" data-end=\"2211\">\n<p data-start=\"2176\" data-end=\"2211\">Instruments m\u00e9dicaux et de pr\u00e9cision<\/p>\n<\/li>\n<li data-start=\"2212\" data-end=\"2262\">\n<p data-start=\"2214\" data-end=\"2262\">Soutien aux semi-conducteurs et aux \u00e9quipements de haute technologie<\/p>\n<\/li>\n<\/ul>\n<h2 data-start=\"2269\" data-end=\"2298\"><strong data-start=\"2272\" data-end=\"2298\">Capacit\u00e9s d'usinage<\/strong><\/h2>\n<div class=\"TyagGW_tableContainer\">\n<div class=\"group TyagGW_tableWrapper flex flex-col-reverse w-fit\" tabindex=\"-1\">\n<table class=\"w-fit min-w-(--thread-content-width)\" data-start=\"2300\" data-end=\"2688\">\n<thead data-start=\"2300\" data-end=\"2324\">\n<tr data-start=\"2300\" data-end=\"2324\">\n<th data-start=\"2300\" data-end=\"2310\" data-col-size=\"sm\">Processus<\/th>\n<th data-start=\"2310\" data-end=\"2324\" data-col-size=\"md\">Capacit\u00e9<\/th>\n<\/tr>\n<\/thead>\n<tbody data-start=\"2335\" data-end=\"2688\">\n<tr data-start=\"2335\" data-end=\"2384\">\n<td data-start=\"2335\" data-end=\"2349\" data-col-size=\"sm\">Tournage CNC<\/td>\n<td data-start=\"2349\" data-end=\"2384\" data-col-size=\"md\">Arbres, bagues, brides, goupilles<\/td>\n<\/tr>\n<tr data-start=\"2385\" data-end=\"2445\">\n<td data-start=\"2385\" data-end=\"2399\" data-col-size=\"sm\">Fraisage CNC<\/td>\n<td data-start=\"2399\" data-end=\"2445\" data-col-size=\"md\">Supports, plaques, bo\u00eetiers, formes complexes<\/td>\n<\/tr>\n<tr data-start=\"2446\" data-end=\"2510\">\n<td data-start=\"2446\" data-end=\"2467\" data-col-size=\"sm\">Per\u00e7age et taraudage<\/td>\n<td data-start=\"2467\" data-end=\"2510\" data-col-size=\"md\">Composants filet\u00e9s et trous de pr\u00e9cision<\/td>\n<\/tr>\n<tr data-start=\"2511\" data-end=\"2570\">\n<td data-start=\"2511\" data-end=\"2522\" data-col-size=\"sm\">Broyage<\/td>\n<td data-start=\"2522\" data-end=\"2570\" data-col-size=\"md\">Surfaces de haute pr\u00e9cision et tol\u00e9rances serr\u00e9es<\/td>\n<\/tr>\n<tr data-start=\"2571\" data-end=\"2635\">\n<td data-start=\"2571\" data-end=\"2591\" data-col-size=\"sm\">Traitement de surface<\/td>\n<td data-start=\"2591\" data-end=\"2635\" data-col-size=\"md\">Anodisation, placage, passivation, rev\u00eatement<\/td>\n<\/tr>\n<tr data-start=\"2636\" data-end=\"2688\">\n<td data-start=\"2636\" data-end=\"2653\" data-col-size=\"sm\">Traitement thermique<\/td>\n<td data-start=\"2653\" data-end=\"2688\" data-col-size=\"md\">Trempe, revenu, recuit<\/td>\n<\/tr>\n<\/tbody>\n<\/table>\n<\/div>\n<\/div>\n<h2 data-start=\"2695\" data-end=\"2747\"><strong data-start=\"2698\" data-end=\"2745\">Param\u00e8tres techniques (gamme repr\u00e9sentative)<\/strong><\/h2>\n<div class=\"TyagGW_tableContainer\">\n<div class=\"group TyagGW_tableWrapper flex flex-col-reverse w-fit\" tabindex=\"-1\">\n<table class=\"w-fit min-w-(--thread-content-width)\" data-start=\"2749\" data-end=\"3246\">\n<thead data-start=\"2749\" data-end=\"2775\">\n<tr data-start=\"2749\" data-end=\"2775\">\n<th data-start=\"2749\" data-end=\"2761\" data-col-size=\"sm\">Param\u00e8tres<\/th>\n<th data-start=\"2761\" data-end=\"2775\" data-col-size=\"md\">Capacit\u00e9<\/th>\n<\/tr>\n<\/thead>\n<tbody data-start=\"2786\" data-end=\"3246\">\n<tr data-start=\"2786\" data-end=\"2885\">\n<td data-start=\"2786\" data-end=\"2805\" data-col-size=\"sm\">Options de mat\u00e9riaux<\/td>\n<td data-start=\"2805\" data-end=\"2885\" data-col-size=\"md\">Acier au carbone, acier inoxydable, aluminium, laiton, cuivre, plastiques techniques<\/td>\n<\/tr>\n<tr data-start=\"2886\" data-end=\"2945\">\n<td data-start=\"2886\" data-end=\"2910\" data-col-size=\"sm\">Tol\u00e9rance dimensionnelle<\/td>\n<td data-start=\"2910\" data-end=\"2945\" data-col-size=\"md\">Jusqu'\u00e0 \u00b10,01 mm (en fonction de la pi\u00e8ce)<\/td>\n<\/tr>\n<tr data-start=\"2946\" data-end=\"3014\">\n<td data-start=\"2946\" data-end=\"2966\" data-col-size=\"sm\">Rugosit\u00e9 de surface<\/td>\n<td data-start=\"2966\" data-end=\"3014\" data-col-size=\"md\">Ra 0,8 - Ra 3,2 (plus fin sur demande)<\/td>\n<\/tr>\n<tr data-start=\"3015\" data-end=\"3068\">\n<td data-start=\"3015\" data-end=\"3031\" data-col-size=\"sm\">Taille maximale de la pi\u00e8ce<\/td>\n<td data-start=\"3031\" data-end=\"3068\" data-col-size=\"md\">Jusqu'\u00e0 1200 mm (en fonction du projet)<\/td>\n<\/tr>\n<tr data-start=\"3069\" data-end=\"3130\">\n<td data-start=\"3069\" data-end=\"3087\" data-col-size=\"sm\">Type de production<\/td>\n<td data-start=\"3087\" data-end=\"3130\" data-col-size=\"md\">Prototype, petit lot, production de masse<\/td>\n<\/tr>\n<tr data-start=\"3131\" data-end=\"3183\">\n<td data-start=\"3131\" data-end=\"3151\" data-col-size=\"sm\">Normes de qualit\u00e9<\/td>\n<td data-start=\"3151\" data-end=\"3183\" data-col-size=\"md\">Processus d'inspection bas\u00e9 sur la norme ISO<\/td>\n<\/tr>\n<tr data-start=\"3184\" data-end=\"3246\">\n<td data-start=\"3184\" data-end=\"3197\" data-col-size=\"sm\">L'inspection<\/td>\n<td data-start=\"3197\" data-end=\"3246\" data-col-size=\"md\">MMT, pieds \u00e0 coulisse, microm\u00e8tres, essais de rugosit\u00e9<\/td>\n<\/tr>\n<\/tbody>\n<\/table>\n<\/div>\n<\/div>\n<h2 data-start=\"3253\" data-end=\"3284\"><strong data-start=\"3256\" data-end=\"3284\">Guide de s\u00e9lection des mat\u00e9riaux<\/strong><\/h2>\n<div class=\"TyagGW_tableContainer\">\n<div class=\"group TyagGW_tableWrapper flex flex-col-reverse w-fit\" tabindex=\"-1\">\n<table class=\"w-fit min-w-(--thread-content-width)\" data-start=\"3286\" data-end=\"3776\">\n<thead data-start=\"3286\" data-end=\"3325\">\n<tr data-start=\"3286\" data-end=\"3325\">\n<th data-start=\"3286\" data-end=\"3297\" data-col-size=\"sm\">Mat\u00e9riau<\/th>\n<th data-start=\"3297\" data-end=\"3310\" data-col-size=\"sm\">Avantages<\/th>\n<th data-start=\"3310\" data-end=\"3325\" data-col-size=\"sm\">Utilisation typique<\/th>\n<\/tr>\n<\/thead>\n<tbody data-start=\"3340\" data-end=\"3776\">\n<tr data-start=\"3340\" data-end=\"3416\">\n<td data-start=\"3340\" data-end=\"3359\" data-col-size=\"sm\"><strong data-start=\"3342\" data-end=\"3358\">Acier au carbone<\/strong><\/td>\n<td data-start=\"3359\" data-end=\"3391\" data-col-size=\"sm\">Haute r\u00e9sistance, bon rapport co\u00fbt-efficacit\u00e9<\/td>\n<td data-start=\"3391\" data-end=\"3416\" data-col-size=\"sm\">Pi\u00e8ces pour machines lourdes<\/td>\n<\/tr>\n<tr data-start=\"3417\" data-end=\"3507\">\n<td data-start=\"3417\" data-end=\"3449\" data-col-size=\"sm\"><strong data-start=\"3419\" data-end=\"3448\">Acier inoxydable (304\/316)<\/strong><\/td>\n<td data-start=\"3449\" data-end=\"3471\" data-col-size=\"sm\">R\u00e9sistant \u00e0 la corrosion<\/td>\n<td data-start=\"3471\" data-end=\"3507\" data-col-size=\"sm\">\u00c9quipements chimiques, marins et alimentaires<\/td>\n<\/tr>\n<tr data-start=\"3508\" data-end=\"3590\">\n<td data-start=\"3508\" data-end=\"3529\" data-col-size=\"sm\"><strong data-start=\"3510\" data-end=\"3528\">Alliage d'aluminium<\/strong><\/td>\n<td data-start=\"3529\" data-end=\"3563\" data-col-size=\"sm\">L\u00e9ger, bonne usinabilit\u00e9<\/td>\n<td data-start=\"3563\" data-end=\"3590\" data-col-size=\"sm\">Automatisation, \u00e9lectronique<\/td>\n<\/tr>\n<tr data-start=\"3591\" data-end=\"3674\">\n<td data-start=\"3591\" data-end=\"3610\" data-col-size=\"sm\"><strong data-start=\"3593\" data-end=\"3609\">Laiton\/cuivre<\/strong><\/td>\n<td data-start=\"3610\" data-end=\"3652\" data-col-size=\"sm\">Bonne conductivit\u00e9, r\u00e9sistance \u00e0 la corrosion<\/td>\n<td data-start=\"3652\" data-end=\"3674\" data-col-size=\"sm\">Vannes, connecteurs<\/td>\n<\/tr>\n<tr data-start=\"3675\" data-end=\"3776\">\n<td data-start=\"3675\" data-end=\"3721\" data-col-size=\"sm\"><strong data-start=\"3677\" data-end=\"3720\">Plastiques techniques (POM, Nylon, PTFE)<\/strong><\/td>\n<td data-start=\"3721\" data-end=\"3757\" data-col-size=\"sm\">Faible frottement, r\u00e9sistance aux produits chimiques<\/td>\n<td data-start=\"3757\" data-end=\"3776\" data-col-size=\"sm\">Composants d'usure<\/td>\n<\/tr>\n<\/tbody>\n<\/table>\n<\/div>\n<\/div>\n<h2 data-start=\"3783\" data-end=\"3806\"><strong data-start=\"3786\" data-end=\"3806\">Pourquoi choisir Wonzh<\/strong><\/h2>\n<ul data-start=\"3808\" data-end=\"4094\">\n<li data-start=\"3808\" data-end=\"3872\">\n<p data-start=\"3810\" data-end=\"3872\">Contr\u00f4le strict de la qualit\u00e9 des mati\u00e8res premi\u00e8res jusqu'\u00e0 l'inspection finale<\/p>\n<\/li>\n<li data-start=\"3873\" data-end=\"3933\">\n<p data-start=\"3875\" data-end=\"3933\">Ing\u00e9nieurs d'usinage exp\u00e9riment\u00e9s et \u00e9quipement CNC moderne<\/p>\n<\/li>\n<li data-start=\"3934\" data-end=\"3989\">\n<p data-start=\"3936\" data-end=\"3989\">Prise en charge de g\u00e9om\u00e9tries complexes et de tol\u00e9rances serr\u00e9es<\/p>\n<\/li>\n<li data-start=\"3990\" data-end=\"4039\">\n<p data-start=\"3992\" data-end=\"4039\">Prototypage rapide et production de masse fiable<\/p>\n<\/li>\n<li data-start=\"4040\" data-end=\"4094\">\n<p data-start=\"4042\" data-end=\"4094\">Cha\u00eene d'approvisionnement stable et capacit\u00e9 de livraison mondiale<\/p>\n<\/li>\n<\/ul>\n<h2 data-start=\"4101\" data-end=\"4142\"><strong data-start=\"4104\" data-end=\"4140\">Foire aux questions (FAQ)<\/strong><\/h2>\n<h3 data-start=\"4144\" data-end=\"4204\"><strong data-start=\"4148\" data-end=\"4202\">Q1 : Fabriquez-vous sur la base des dessins du client ?<\/strong><\/h3>\n<p data-start=\"4205\" data-end=\"4280\">Oui. Nous produisons des pi\u00e8ces strictement selon vos dessins 2D\/3D ou vos \u00e9chantillons.<\/p>\n<h3 data-start=\"4282\" data-end=\"4328\"><strong data-start=\"4286\" data-end=\"4326\">Q2 : Quels formats de fichiers acceptez-vous ?<\/strong><\/h3>\n<p data-start=\"4329\" data-end=\"4382\">Nous acceptons <strong data-start=\"4339\" data-end=\"4381\">Dessins STEP, IGES, DXF, DWG et PDF<\/strong>.<\/p>\n<h3 data-start=\"4384\" data-end=\"4429\"><strong data-start=\"4388\" data-end=\"4427\">Q3 : Quel est votre d\u00e9lai de livraison habituel ?<\/strong><\/h3>\n<ul data-start=\"4430\" data-end=\"4527\">\n<li data-start=\"4430\" data-end=\"4459\">\n<p data-start=\"4432\" data-end=\"4459\">Prototypes : <strong data-start=\"4444\" data-end=\"4457\">1-2 semaines<\/strong><\/p>\n<\/li>\n<li data-start=\"4460\" data-end=\"4490\">\n<p data-start=\"4462\" data-end=\"4490\">Petit lot : <strong data-start=\"4475\" data-end=\"4488\">2-4 semaines<\/strong><\/p>\n<\/li>\n<li data-start=\"4491\" data-end=\"4527\">\n<p data-start=\"4493\" data-end=\"4527\">Production de masse : en fonction du projet<\/p>\n<\/li>\n<\/ul>\n<h3 data-start=\"4529\" data-end=\"4578\"><strong data-start=\"4533\" data-end=\"4576\">Q4 : Pouvez-vous effectuer des traitements de surface ?<\/strong><\/h3>\n<p data-start=\"4579\" data-end=\"4657\">Oui. Nous proposons des services d'anodisation, de placage, de peinture, de passivation et de rev\u00eatement.<\/p>\n<h3 data-start=\"4659\" data-end=\"4707\"><strong data-start=\"4663\" data-end=\"4705\">Q5 : Pouvez-vous prendre en charge les commandes de petits lots ?<\/strong><\/h3>\n<p data-start=\"4708\" data-end=\"4778\">Oui. Nous prenons en charge les prototypes, les petits lots et la production \u00e0 grande \u00e9chelle.<\/p>","protected":false},"excerpt":{"rendered":"<p>Pi\u00e8ces usin\u00e9es CNC fournies par <strong data-start=\"560\" data-end=\"569\">Wonzh<\/strong> sont des composants de pr\u00e9cision fabriqu\u00e9s \u00e0 l'aide de technologies avanc\u00e9es de tournage, de fraisage, de per\u00e7age et de meulage \u00e0 commande num\u00e9rique. Con\u00e7ues pour r\u00e9pondre \u00e0 des tol\u00e9rances dimensionnelles strictes et \u00e0 des exigences de qualit\u00e9 de surface, nos pi\u00e8ces usin\u00e9es sont largement utilis\u00e9es dans les machines industrielles, les syst\u00e8mes d'automatisation, les \u00e9quipements lourds et la fabrication OEM.<\/p>","protected":false},"featured_media":1518,"comment_status":"open","ping_status":"closed","template":"","meta":{"site-sidebar-layout":"default","site-content-layout":"","ast-site-content-layout":"default","site-content-style":"default","site-sidebar-style":"default","ast-global-header-display":"","ast-banner-title-visibility":"","ast-main-header-display":"","ast-hfb-above-header-display":"","ast-hfb-below-header-display":"","ast-hfb-mobile-header-display":"","site-post-title":"","ast-breadcrumbs-content":"","ast-featured-img":"","footer-sml-layout":"","ast-disable-related-posts":"","theme-transparent-header-meta":"default","adv-header-id-meta":"","stick-header-meta":"default","header-above-stick-meta":"","header-main-stick-meta":"","header-below-stick-meta":"","astra-migrate-meta-layouts":"set","ast-page-background-enabled":"default","ast-page-background-meta":{"desktop":{"background-color":"","background-image":"","background-repeat":"repeat","background-position":"center center","background-size":"auto","background-attachment":"scroll","background-type":"","background-media":"","overlay-type":"","overlay-color":"","overlay-opacity":"","overlay-gradient":""},"tablet":{"background-color":"","background-image":"","background-repeat":"repeat","background-position":"center center","background-size":"auto","background-attachment":"scroll","background-type":"","background-media":"","overlay-type":"","overlay-color":"","overlay-opacity":"","overlay-gradient":""},"mobile":{"background-color":"","background-image":"","background-repeat":"repeat","background-position":"center center","background-size":"auto","background-attachment":"scroll","background-type":"","background-media":"","overlay-type":"","overlay-color":"","overlay-opacity":"","overlay-gradient":""}},"ast-content-background-meta":{"desktop":{"background-color":"var(--ast-global-color-5)","background-image":"","background-repeat":"repeat","background-position":"center center","background-size":"auto","background-attachment":"scroll","background-type":"","background-media":"","overlay-type":"","overlay-color":"","overlay-opacity":"","overlay-gradient":""},"tablet":{"background-color":"var(--ast-global-color-5)","background-image":"","background-repeat":"repeat","background-position":"center center","background-size":"auto","background-attachment":"scroll","background-type":"","background-media":"","overlay-type":"","overlay-color":"","overlay-opacity":"","overlay-gradient":""},"mobile":{"background-color":"var(--ast-global-color-5)","background-image":"","background-repeat":"repeat","background-position":"center center","background-size":"auto","background-attachment":"scroll","background-type":"","background-media":"","overlay-type":"","overlay-color":"","overlay-opacity":"","overlay-gradient":""}}},"product_brand":[],"product_cat":[23],"product_tag":[305,311,299,302,301,303,309,306,307,300,308,304,310],"class_list":{"0":"post-1463","1":"product","2":"type-product","3":"status-publish","4":"has-post-thumbnail","6":"product_cat-precision-machined-parts","7":"product_tag-aluminum-machining","8":"product_tag-china-cnc-manufacturer","9":"product_tag-cnc-machined-parts","10":"product_tag-cnc-milling-parts","11":"product_tag-cnc-turning-parts","12":"product_tag-custom-machined-components","13":"product_tag-high-precision-parts","14":"product_tag-industrial-parts-manufacturing","15":"product_tag-oem-machined-parts","16":"product_tag-precision-machining","17":"product_tag-prototype-machining","18":"product_tag-stainless-steel-machining","19":"product_tag-surface-treatment-machining","20":"desktop-align-left","21":"tablet-align-left","22":"mobile-align-left","24":"first","25":"instock","26":"shipping-taxable","27":"product-type-simple"},"_links":{"self":[{"href":"https:\/\/www.wonzh.com\/fr\/wp-json\/wp\/v2\/product\/1463","targetHints":{"allow":["GET"]}}],"collection":[{"href":"https:\/\/www.wonzh.com\/fr\/wp-json\/wp\/v2\/product"}],"about":[{"href":"https:\/\/www.wonzh.com\/fr\/wp-json\/wp\/v2\/types\/product"}],"replies":[{"embeddable":true,"href":"https:\/\/www.wonzh.com\/fr\/wp-json\/wp\/v2\/comments?post=1463"}],"wp:featuredmedia":[{"embeddable":true,"href":"https:\/\/www.wonzh.com\/fr\/wp-json\/wp\/v2\/media\/1518"}],"wp:attachment":[{"href":"https:\/\/www.wonzh.com\/fr\/wp-json\/wp\/v2\/media?parent=1463"}],"wp:term":[{"taxonomy":"product_brand","embeddable":true,"href":"https:\/\/www.wonzh.com\/fr\/wp-json\/wp\/v2\/product_brand?post=1463"},{"taxonomy":"product_cat","embeddable":true,"href":"https:\/\/www.wonzh.com\/fr\/wp-json\/wp\/v2\/product_cat?post=1463"},{"taxonomy":"product_tag","embeddable":true,"href":"https:\/\/www.wonzh.com\/fr\/wp-json\/wp\/v2\/product_tag?post=1463"}],"curies":[{"name":"wp","href":"https:\/\/api.w.org\/{rel}","templated":true}]}}