{"id":1462,"date":"2026-02-03T14:41:29","date_gmt":"2026-02-03T14:41:29","guid":{"rendered":"https:\/\/www.wonzh.com\/?post_type=product&#038;p=1462"},"modified":"2026-02-05T09:12:03","modified_gmt":"2026-02-05T09:12:03","slug":"wire-rope-accessories-for-rigging-lifting-and-cable-systems","status":"publish","type":"product","link":"https:\/\/www.wonzh.com\/fr\/product\/wire-rope-accessories-for-rigging-lifting-and-cable-systems\/","title":{"rendered":"Accessoires pour c\u00e2bles m\u00e9talliques pour le gr\u00e9ement, le levage et les syst\u00e8mes de c\u00e2bles"},"content":{"rendered":"<p data-start=\"549\" data-end=\"911\">Les accessoires pour c\u00e2bles m\u00e9talliques fournis par Wonzh sont des raccords et de la quincaillerie fabriqu\u00e9s avec pr\u00e9cision et utilis\u00e9s pour connecter, s\u00e9curiser et terminer les c\u00e2bles m\u00e9talliques dans les syst\u00e8mes de levage, de gr\u00e9ement et de c\u00e2bles. Ces composants jouent un r\u00f4le essentiel en assurant l'int\u00e9grit\u00e9 structurelle, la s\u00e9curit\u00e9 de la charge et la fiabilit\u00e9 op\u00e9rationnelle des grues, des palans, des \u00e9quipements marins et des installations industrielles.<\/p>\n<p data-start=\"913\" data-end=\"1300\">Nos accessoires sont fabriqu\u00e9s \u00e0 partir de mat\u00e9riaux de haute qualit\u00e9 tels que l'acier au carbone, l'acier galvanis\u00e9, l'acier inoxydable (AISI 304\/316) et l'acier alli\u00e9, ce qui leur conf\u00e8re une excellente r\u00e9sistance m\u00e9canique, une bonne r\u00e9sistance \u00e0 la corrosion et une bonne durabilit\u00e9 \u00e0 la fatigue. Des proc\u00e9d\u00e9s avanc\u00e9s de forgeage, de moulage, d'usinage et de traitement de surface garantissent la pr\u00e9cision des dimensions et la stabilit\u00e9 des performances dans des conditions de charge dynamique.<\/p>\n<p data-start=\"1302\" data-end=\"1614\">En tant que fournisseur industriel exp\u00e9riment\u00e9, Wonzh propose des accessoires pour c\u00e2bles m\u00e9talliques standard et personnalis\u00e9s, notamment des pinces, des cosses, des tendeurs, des manilles, des crochets, des viroles et des raccords \u00e0 sertir. Notre \u00e9quipe d'ing\u00e9nieurs vous aide \u00e0 s\u00e9lectionner les accessoires appropri\u00e9s en fonction du diam\u00e8tre du c\u00e2ble, des exigences de charge et des conditions environnementales.<\/p>\n<h2 data-start=\"1621\" data-end=\"1640\"><strong data-start=\"1624\" data-end=\"1640\">Caract\u00e9ristiques principales<\/strong><\/h2>\n<ul data-start=\"1642\" data-end=\"1924\">\n<li data-start=\"1642\" data-end=\"1679\">\n<p data-start=\"1644\" data-end=\"1679\">Des performances fiables en mati\u00e8re de support de charge<\/p>\n<\/li>\n<li data-start=\"1680\" data-end=\"1733\">\n<p data-start=\"1682\" data-end=\"1733\">Mat\u00e9riaux tr\u00e8s r\u00e9sistants pour la s\u00e9curit\u00e9 et la durabilit\u00e9<\/p>\n<\/li>\n<li data-start=\"1734\" data-end=\"1797\">\n<p data-start=\"1736\" data-end=\"1797\">Options de r\u00e9sistance \u00e0 la corrosion (acier galvanis\u00e9 ou inoxydable)<\/p>\n<\/li>\n<li data-start=\"1798\" data-end=\"1846\">\n<p data-start=\"1800\" data-end=\"1846\">Compatible avec la plupart des constructions de c\u00e2bles m\u00e9talliques<\/p>\n<\/li>\n<li data-start=\"1847\" data-end=\"1884\">\n<p data-start=\"1849\" data-end=\"1884\">Installation et entretien faciles<\/p>\n<\/li>\n<li data-start=\"1885\" data-end=\"1924\">\n<p data-start=\"1887\" data-end=\"1924\">Dimensions standard et personnalis\u00e9es disponibles<\/p>\n<\/li>\n<\/ul>\n<h2 data-start=\"1931\" data-end=\"1958\"><strong data-start=\"1934\" data-end=\"1958\">Applications typiques<\/strong><\/h2>\n<ul data-start=\"1960\" data-end=\"2212\">\n<li data-start=\"1960\" data-end=\"1990\">\n<p data-start=\"1962\" data-end=\"1990\">Grues et syst\u00e8mes de levage<\/p>\n<\/li>\n<li data-start=\"1991\" data-end=\"2022\">\n<p data-start=\"1993\" data-end=\"2022\">Gr\u00e9ements marins et offshore<\/p>\n<\/li>\n<li data-start=\"2023\" data-end=\"2067\">\n<p data-start=\"2025\" data-end=\"2067\">Projets de construction et d'infrastructure<\/p>\n<\/li>\n<li data-start=\"2068\" data-end=\"2098\">\n<p data-start=\"2070\" data-end=\"2098\">Exploitation mini\u00e8re et machines lourdes<\/p>\n<\/li>\n<li data-start=\"2099\" data-end=\"2129\">\n<p data-start=\"2101\" data-end=\"2129\">Syst\u00e8mes d'ascenseurs et de treuils<\/p>\n<\/li>\n<li data-start=\"2130\" data-end=\"2164\">\n<p data-start=\"2132\" data-end=\"2164\">Structures de c\u00e2bles architecturaux<\/p>\n<\/li>\n<li data-start=\"2165\" data-end=\"2212\">\n<p data-start=\"2167\" data-end=\"2212\">Applications de maintenance industrielle et MRO<\/p>\n<\/li>\n<\/ul>\n<h2 data-start=\"2219\" data-end=\"2262\"><strong data-start=\"2222\" data-end=\"2262\">Principaux accessoires pour c\u00e2bles m\u00e9talliques que nous fournissons<\/strong><\/h2>\n<div class=\"TyagGW_tableContainer\">\n<div class=\"group TyagGW_tableWrapper flex flex-col-reverse w-fit\" tabindex=\"-1\">\n<table class=\"w-fit min-w-(--thread-content-width)\" data-start=\"2264\" data-end=\"2915\">\n<thead data-start=\"2264\" data-end=\"2302\">\n<tr data-start=\"2264\" data-end=\"2302\">\n<th data-start=\"2264\" data-end=\"2276\" data-col-size=\"sm\">Accessoire<\/th>\n<th data-start=\"2276\" data-end=\"2287\" data-col-size=\"sm\">Fonction<\/th>\n<th data-start=\"2287\" data-end=\"2302\" data-col-size=\"sm\">Utilisation typique<\/th>\n<\/tr>\n<\/thead>\n<tbody data-start=\"2317\" data-end=\"2915\">\n<tr data-start=\"2317\" data-end=\"2404\">\n<td data-start=\"2317\" data-end=\"2346\" data-col-size=\"sm\"><strong data-start=\"2319\" data-end=\"2345\">Pince \u00e0 c\u00e2ble (Clamp)<\/strong><\/td>\n<td data-start=\"2346\" data-end=\"2377\" data-col-size=\"sm\">S\u00e9curiser les boucles et les articulations de la corde<\/td>\n<td data-start=\"2377\" data-end=\"2404\" data-col-size=\"sm\">Gr\u00e9ement l\u00e9ger \u00e0 moyen<\/td>\n<\/tr>\n<tr data-start=\"2405\" data-end=\"2476\">\n<td data-start=\"2405\" data-end=\"2419\" data-col-size=\"sm\"><strong data-start=\"2407\" data-end=\"2418\">D\u00e9 \u00e0 coudre<\/strong><\/td>\n<td data-start=\"2419\" data-end=\"2449\" data-col-size=\"sm\">Prot\u00e8ge l'\u0153il du c\u00e2ble contre l'usure<\/td>\n<td data-start=\"2449\" data-end=\"2476\" data-col-size=\"sm\">\u00c9lingues et c\u00e2bles de levage<\/td>\n<\/tr>\n<tr data-start=\"2477\" data-end=\"2550\">\n<td data-start=\"2477\" data-end=\"2494\" data-col-size=\"sm\"><strong data-start=\"2479\" data-end=\"2493\">Tendeur<\/strong><\/td>\n<td data-start=\"2494\" data-end=\"2518\" data-col-size=\"sm\">R\u00e9glage de la tension du c\u00e2ble<\/td>\n<td data-start=\"2518\" data-end=\"2550\" data-col-size=\"sm\">C\u00e2bles structurels et marins<\/td>\n<\/tr>\n<tr data-start=\"2551\" data-end=\"2624\">\n<td data-start=\"2551\" data-end=\"2576\" data-col-size=\"sm\"><strong data-start=\"2553\" data-end=\"2575\">Manille (D ou Bow)<\/strong><\/td>\n<td data-start=\"2576\" data-end=\"2607\" data-col-size=\"sm\">Connecte les \u00e9lingues et le mat\u00e9riel<\/td>\n<td data-start=\"2607\" data-end=\"2624\" data-col-size=\"sm\">Levage de charges lourdes<\/td>\n<\/tr>\n<tr data-start=\"2625\" data-end=\"2698\">\n<td data-start=\"2625\" data-end=\"2649\" data-col-size=\"sm\"><strong data-start=\"2627\" data-end=\"2648\">Crochet (chape\/\u0153il)<\/strong><\/td>\n<td data-start=\"2649\" data-end=\"2677\" data-col-size=\"sm\">Fixation rapide aux charges<\/td>\n<td data-start=\"2677\" data-end=\"2698\" data-col-size=\"sm\">Grues et palans<\/td>\n<\/tr>\n<tr data-start=\"2699\" data-end=\"2768\">\n<td data-start=\"2699\" data-end=\"2722\" data-col-size=\"sm\"><strong data-start=\"2701\" data-end=\"2721\">Ferrule \/ Sleeve<\/strong><\/td>\n<td data-start=\"2722\" data-end=\"2751\" data-col-size=\"sm\">Terminaison permanente du c\u00e2ble<\/td>\n<td data-start=\"2751\" data-end=\"2768\" data-col-size=\"sm\">\u00c9lingues serties<\/td>\n<\/tr>\n<tr data-start=\"2769\" data-end=\"2840\">\n<td data-start=\"2769\" data-end=\"2789\" data-col-size=\"sm\"><strong data-start=\"2771\" data-end=\"2788\">Raccord \u00e0 sertir<\/strong><\/td>\n<td data-start=\"2789\" data-end=\"2816\" data-col-size=\"sm\">Forte terminaison d'appel fixe<\/td>\n<td data-start=\"2816\" data-end=\"2840\" data-col-size=\"sm\">C\u00e2bles architecturaux<\/td>\n<\/tr>\n<tr data-start=\"2841\" data-end=\"2915\">\n<td data-start=\"2841\" data-end=\"2866\" data-col-size=\"sm\"><strong data-start=\"2843\" data-end=\"2865\">Boulon \u00e0 \u0153il \/ \u00c9crou \u00e0 \u0153il<\/strong><\/td>\n<td data-start=\"2866\" data-end=\"2889\" data-col-size=\"sm\">Point d'ancrage pour le levage<\/td>\n<td data-start=\"2889\" data-end=\"2915\" data-col-size=\"sm\">Machines et structures<\/td>\n<\/tr>\n<\/tbody>\n<\/table>\n<\/div>\n<\/div>\n<h2 data-start=\"2922\" data-end=\"2974\"><strong data-start=\"2925\" data-end=\"2972\">Param\u00e8tres techniques (gamme repr\u00e9sentative)<\/strong><\/h2>\n<div class=\"TyagGW_tableContainer\">\n<div class=\"group TyagGW_tableWrapper flex flex-col-reverse w-fit\" tabindex=\"-1\">\n<table class=\"w-fit min-w-(--thread-content-width)\" data-start=\"2976\" data-end=\"3416\">\n<thead data-start=\"2976\" data-end=\"3013\">\n<tr data-start=\"2976\" data-end=\"3013\">\n<th data-start=\"2976\" data-end=\"2988\" data-col-size=\"sm\">Param\u00e8tres<\/th>\n<th data-start=\"2988\" data-end=\"3013\" data-col-size=\"md\">Sp\u00e9cification \/ Gamme<\/th>\n<\/tr>\n<\/thead>\n<tbody data-start=\"3024\" data-end=\"3416\">\n<tr data-start=\"3024\" data-end=\"3117\">\n<td data-start=\"3024\" data-end=\"3043\" data-col-size=\"sm\">Options de mat\u00e9riaux<\/td>\n<td data-start=\"3043\" data-end=\"3117\" data-col-size=\"md\">Acier au carbone, acier galvanis\u00e9, acier inoxydable (304\/316), acier alli\u00e9<\/td>\n<\/tr>\n<tr data-start=\"3118\" data-end=\"3187\">\n<td data-start=\"3118\" data-end=\"3135\" data-col-size=\"sm\">Finition de la surface<\/td>\n<td data-start=\"3135\" data-end=\"3187\" data-col-size=\"md\">Galvanis\u00e9, inoxydable brillant, peint ou rev\u00eatu<\/td>\n<\/tr>\n<tr data-start=\"3188\" data-end=\"3253\">\n<td data-start=\"3188\" data-end=\"3215\" data-col-size=\"sm\">Diam\u00e8tre de corde compatible<\/td>\n<td data-start=\"3215\" data-end=\"3253\" data-col-size=\"md\">2 mm - 60 mm (en fonction des accessoires)<\/td>\n<\/tr>\n<tr data-start=\"3254\" data-end=\"3308\">\n<td data-start=\"3254\" data-end=\"3268\" data-col-size=\"sm\">Capacit\u00e9 de charge<\/td>\n<td data-start=\"3268\" data-end=\"3308\" data-col-size=\"md\">Marqu\u00e9 par type de produit et par norme<\/td>\n<\/tr>\n<tr data-start=\"3309\" data-end=\"3351\">\n<td data-start=\"3309\" data-end=\"3331\" data-col-size=\"sm\">Normes prises en charge<\/td>\n<td data-start=\"3331\" data-end=\"3351\" data-col-size=\"md\">ISO, DIN, EN, GB<\/td>\n<\/tr>\n<tr data-start=\"3352\" data-end=\"3416\">\n<td data-start=\"3352\" data-end=\"3376\" data-col-size=\"sm\">Processus de fabrication<\/td>\n<td data-start=\"3376\" data-end=\"3416\" data-col-size=\"md\">Forgeage, moulage, usinage, r\u00e9treint<\/td>\n<\/tr>\n<\/tbody>\n<\/table>\n<\/div>\n<\/div>\n<h2 data-start=\"3423\" data-end=\"3454\"><strong data-start=\"3426\" data-end=\"3454\">Guide de s\u00e9lection des mat\u00e9riaux<\/strong><\/h2>\n<div class=\"TyagGW_tableContainer\">\n<div class=\"group TyagGW_tableWrapper flex flex-col-reverse w-fit\" tabindex=\"-1\">\n<table class=\"w-fit min-w-(--thread-content-width)\" data-start=\"3456\" data-end=\"3909\">\n<thead data-start=\"3456\" data-end=\"3498\">\n<tr data-start=\"3456\" data-end=\"3498\">\n<th data-start=\"3456\" data-end=\"3467\" data-col-size=\"sm\">Mat\u00e9riau<\/th>\n<th data-start=\"3467\" data-end=\"3479\" data-col-size=\"sm\">Avantage<\/th>\n<th data-start=\"3479\" data-end=\"3498\" data-col-size=\"sm\">Recommand\u00e9 pour<\/th>\n<\/tr>\n<\/thead>\n<tbody data-start=\"3513\" data-end=\"3909\">\n<tr data-start=\"3513\" data-end=\"3590\">\n<td data-start=\"3513\" data-end=\"3532\" data-col-size=\"sm\"><strong data-start=\"3515\" data-end=\"3531\">Acier au carbone<\/strong><\/td>\n<td data-start=\"3532\" data-end=\"3564\" data-col-size=\"sm\">Haute r\u00e9sistance, bon rapport co\u00fbt-efficacit\u00e9<\/td>\n<td data-start=\"3564\" data-end=\"3590\" data-col-size=\"sm\">Usage industriel g\u00e9n\u00e9ral<\/td>\n<\/tr>\n<tr data-start=\"3591\" data-end=\"3673\">\n<td data-start=\"3591\" data-end=\"3614\" data-col-size=\"sm\"><strong data-start=\"3593\" data-end=\"3613\">Acier galvanis\u00e9<\/strong><\/td>\n<td data-start=\"3614\" data-end=\"3649\" data-col-size=\"sm\">R\u00e9sistance \u00e0 la corrosion, \u00e9conomique<\/td>\n<td data-start=\"3649\" data-end=\"3673\" data-col-size=\"sm\">Applications ext\u00e9rieures<\/td>\n<\/tr>\n<tr data-start=\"3674\" data-end=\"3755\">\n<td data-start=\"3674\" data-end=\"3699\" data-col-size=\"sm\"><strong data-start=\"3676\" data-end=\"3698\">Acier inoxydable AISI 304<\/strong><\/td>\n<td data-start=\"3699\" data-end=\"3727\" data-col-size=\"sm\">Bonne r\u00e9sistance \u00e0 la corrosion<\/td>\n<td data-start=\"3727\" data-end=\"3755\" data-col-size=\"sm\">Environnements marins doux<\/td>\n<\/tr>\n<tr data-start=\"3756\" data-end=\"3847\">\n<td data-start=\"3756\" data-end=\"3781\" data-col-size=\"sm\"><strong data-start=\"3758\" data-end=\"3780\">Acier inoxydable AISI 316<\/strong><\/td>\n<td data-start=\"3781\" data-end=\"3814\" data-col-size=\"sm\">Excellente r\u00e9sistance \u00e0 la corrosion<\/td>\n<td data-start=\"3814\" data-end=\"3847\" data-col-size=\"sm\">Sites marins et chimiques difficiles<\/td>\n<\/tr>\n<tr data-start=\"3848\" data-end=\"3909\">\n<td data-start=\"3848\" data-end=\"3866\" data-col-size=\"sm\"><strong data-start=\"3850\" data-end=\"3865\">Acier alli\u00e9<\/strong><\/td>\n<td data-start=\"3866\" data-end=\"3887\" data-col-size=\"sm\">Tr\u00e8s haute r\u00e9sistance<\/td>\n<td data-start=\"3887\" data-end=\"3909\" data-col-size=\"sm\">Levage de charges lourdes<\/td>\n<\/tr>\n<\/tbody>\n<\/table>\n<\/div>\n<\/div>\n<h2 data-start=\"3916\" data-end=\"3939\"><strong data-start=\"3919\" data-end=\"3939\">Pourquoi choisir Wonzh<\/strong><\/h2>\n<ul data-start=\"3941\" data-end=\"4195\">\n<li data-start=\"3941\" data-end=\"3986\">\n<p data-start=\"3943\" data-end=\"3986\">Inspection stricte de la qualit\u00e9 pour chaque lot<\/p>\n<\/li>\n<li data-start=\"3987\" data-end=\"4033\">\n<p data-start=\"3989\" data-end=\"4033\">Large gamme d'accessoires standard et personnalis\u00e9s<\/p>\n<\/li>\n<li data-start=\"4034\" data-end=\"4089\">\n<p data-start=\"4036\" data-end=\"4089\">Forte compatibilit\u00e9 avec diff\u00e9rents types de c\u00e2bles m\u00e9talliques<\/p>\n<\/li>\n<li data-start=\"4090\" data-end=\"4149\">\n<p data-start=\"4092\" data-end=\"4149\">Soutien technique pour une s\u00e9lection et une installation s\u00fbres<\/p>\n<\/li>\n<li data-start=\"4150\" data-end=\"4195\">\n<p data-start=\"4152\" data-end=\"4195\">Cha\u00eene d'approvisionnement fiable et livraison \u00e0 l'\u00e9chelle mondiale<\/p>\n<\/li>\n<\/ul>\n<h2 data-start=\"4202\" data-end=\"4243\"><strong data-start=\"4205\" data-end=\"4241\">Foire aux questions (FAQ)<\/strong><\/h2>\n<h3 data-start=\"4245\" data-end=\"4299\"><strong data-start=\"4249\" data-end=\"4297\">Q1 : \u00c0 quoi servent les accessoires pour c\u00e2bles m\u00e9talliques ?<\/strong><\/h3>\n<p data-start=\"4300\" data-end=\"4406\">Ils sont utilis\u00e9s pour connecter, s\u00e9curiser, terminer et ajuster les c\u00e2bles m\u00e9talliques dans les syst\u00e8mes de levage, de gr\u00e9ement et de c\u00e2bles.<\/p>\n<h3 data-start=\"4408\" data-end=\"4462\"><strong data-start=\"4412\" data-end=\"4460\">Q2 : Combien de pinces \u00e0 c\u00e2ble faut-il utiliser ?<\/strong><\/h3>\n<p data-start=\"4463\" data-end=\"4586\">Elle d\u00e9pend du diam\u00e8tre du c\u00e2ble et des conditions de charge, mais en g\u00e9n\u00e9ral <strong data-start=\"4526\" data-end=\"4548\">au moins 3 \u00e0 5 clips<\/strong> sont recommand\u00e9s pour une terminaison s\u00fbre.<\/p>\n<h3 data-start=\"4588\" data-end=\"4633\"><strong data-start=\"4592\" data-end=\"4631\">Q3 : Quel mat\u00e9riau dois-je choisir ?<\/strong><\/h3>\n<ul data-start=\"4634\" data-end=\"4743\">\n<li data-start=\"4634\" data-end=\"4668\">\n<p data-start=\"4636\" data-end=\"4668\">Utilisation g\u00e9n\u00e9rale \u2192 <strong data-start=\"4650\" data-end=\"4666\">Acier au carbone<\/strong><\/p>\n<\/li>\n<li data-start=\"4669\" data-end=\"4703\">\n<p data-start=\"4671\" data-end=\"4703\">Ext\u00e9rieur \u2192 <strong data-start=\"4681\" data-end=\"4701\">Acier galvanis\u00e9<\/strong><\/p>\n<\/li>\n<li data-start=\"4704\" data-end=\"4743\">\n<p data-start=\"4706\" data-end=\"4743\">Marin \u2192 <strong data-start=\"4715\" data-end=\"4743\">Acier inoxydable AISI 316<\/strong><\/p>\n<\/li>\n<\/ul>\n<h3 data-start=\"4745\" data-end=\"4812\"><strong data-start=\"4749\" data-end=\"4810\">Q4 : Ces accessoires sont-ils compatibles avec les cordes en acier inoxydable ?<\/strong><\/h3>\n<p data-start=\"4813\" data-end=\"4907\">Oui. Nous fournissons des accessoires en acier inoxydable (304\/316) pour les syst\u00e8mes de c\u00e2bles en acier inoxydable.<\/p>\n<h3 data-start=\"4909\" data-end=\"4954\"><strong data-start=\"4913\" data-end=\"4952\">Q5 : Fournissez-vous des accessoires sur mesure ?<\/strong><\/h3>\n<p data-start=\"4955\" data-end=\"5058\">Oui. Nous pouvons personnaliser les dimensions, les mat\u00e9riaux et les traitements de surface en fonction des exigences de votre projet.<\/p>","protected":false},"excerpt":{"rendered":"<p>Les accessoires pour c\u00e2bles m\u00e9talliques fournis par Wonzh sont des raccords et de la quincaillerie fabriqu\u00e9s avec pr\u00e9cision et utilis\u00e9s pour connecter, s\u00e9curiser et terminer les c\u00e2bles m\u00e9talliques dans les syst\u00e8mes de levage, de gr\u00e9ement et de c\u00e2bles. Ces composants jouent un r\u00f4le essentiel en assurant l'int\u00e9grit\u00e9 structurelle, la s\u00e9curit\u00e9 de la charge et la fiabilit\u00e9 op\u00e9rationnelle des grues, des palans, des \u00e9quipements marins et des installations industrielles.<\/p>","protected":false},"featured_media":1513,"comment_status":"open","ping_status":"closed","template":"","meta":{"site-sidebar-layout":"default","site-content-layout":"","ast-site-content-layout":"default","site-content-style":"default","site-sidebar-style":"default","ast-global-header-display":"","ast-banner-title-visibility":"","ast-main-header-display":"","ast-hfb-above-header-display":"","ast-hfb-below-header-display":"","ast-hfb-mobile-header-display":"","site-post-title":"","ast-breadcrumbs-content":"","ast-featured-img":"","footer-sml-layout":"","ast-disable-related-posts":"","theme-transparent-header-meta":"default","adv-header-id-meta":"","stick-header-meta":"default","header-above-stick-meta":"","header-main-stick-meta":"","header-below-stick-meta":"","astra-migrate-meta-layouts":"set","ast-page-background-enabled":"default","ast-page-background-meta":{"desktop":{"background-color":"","background-image":"","background-repeat":"repeat","background-position":"center center","background-size":"auto","background-attachment":"scroll","background-type":"","background-media":"","overlay-type":"","overlay-color":"","overlay-opacity":"","overlay-gradient":""},"tablet":{"background-color":"","background-image":"","background-repeat":"repeat","background-position":"center center","background-size":"auto","background-attachment":"scroll","background-type":"","background-media":"","overlay-type":"","overlay-color":"","overlay-opacity":"","overlay-gradient":""},"mobile":{"background-color":"","background-image":"","background-repeat":"repeat","background-position":"center center","background-size":"auto","background-attachment":"scroll","background-type":"","background-media":"","overlay-type":"","overlay-color":"","overlay-opacity":"","overlay-gradient":""}},"ast-content-background-meta":{"desktop":{"background-color":"var(--ast-global-color-5)","background-image":"","background-repeat":"repeat","background-position":"center center","background-size":"auto","background-attachment":"scroll","background-type":"","background-media":"","overlay-type":"","overlay-color":"","overlay-opacity":"","overlay-gradient":""},"tablet":{"background-color":"var(--ast-global-color-5)","background-image":"","background-repeat":"repeat","background-position":"center center","background-size":"auto","background-attachment":"scroll","background-type":"","background-media":"","overlay-type":"","overlay-color":"","overlay-opacity":"","overlay-gradient":""},"mobile":{"background-color":"var(--ast-global-color-5)","background-image":"","background-repeat":"repeat","background-position":"center center","background-size":"auto","background-attachment":"scroll","background-type":"","background-media":"","overlay-type":"","overlay-color":"","overlay-opacity":"","overlay-gradient":""}}},"product_brand":[],"product_cat":[22],"product_tag":[298,289,295,291,292,297,296,288,294,293,290,287,284,285,286],"class_list":{"0":"post-1462","1":"product","2":"type-product","3":"status-publish","4":"has-post-thumbnail","6":"product_cat-wire-rope-lifting-accessories","7":"product_tag-china-rigging-manufacturer","8":"product_tag-crane-hook","9":"product_tag-din-rigging-hardware","10":"product_tag-ferrule-sleeve","11":"product_tag-galvanized-rigging-hardware","12":"product_tag-industrial-rigging","13":"product_tag-iso-lifting-accessories","14":"product_tag-lifting-shackle","15":"product_tag-marine-rigging-fittings","16":"product_tag-stainless-steel-rigging","17":"product_tag-swage-fitting","18":"product_tag-turnbuckle","19":"product_tag-wire-rope-accessories","20":"product_tag-wire-rope-clips","21":"product_tag-wire-rope-thimble","22":"desktop-align-left","23":"tablet-align-left","24":"mobile-align-left","26":"first","27":"instock","28":"shipping-taxable","29":"product-type-simple"},"_links":{"self":[{"href":"https:\/\/www.wonzh.com\/fr\/wp-json\/wp\/v2\/product\/1462","targetHints":{"allow":["GET"]}}],"collection":[{"href":"https:\/\/www.wonzh.com\/fr\/wp-json\/wp\/v2\/product"}],"about":[{"href":"https:\/\/www.wonzh.com\/fr\/wp-json\/wp\/v2\/types\/product"}],"replies":[{"embeddable":true,"href":"https:\/\/www.wonzh.com\/fr\/wp-json\/wp\/v2\/comments?post=1462"}],"wp:featuredmedia":[{"embeddable":true,"href":"https:\/\/www.wonzh.com\/fr\/wp-json\/wp\/v2\/media\/1513"}],"wp:attachment":[{"href":"https:\/\/www.wonzh.com\/fr\/wp-json\/wp\/v2\/media?parent=1462"}],"wp:term":[{"taxonomy":"product_brand","embeddable":true,"href":"https:\/\/www.wonzh.com\/fr\/wp-json\/wp\/v2\/product_brand?post=1462"},{"taxonomy":"product_cat","embeddable":true,"href":"https:\/\/www.wonzh.com\/fr\/wp-json\/wp\/v2\/product_cat?post=1462"},{"taxonomy":"product_tag","embeddable":true,"href":"https:\/\/www.wonzh.com\/fr\/wp-json\/wp\/v2\/product_tag?post=1462"}],"curies":[{"name":"wp","href":"https:\/\/api.w.org\/{rel}","templated":true}]}}