{"id":1460,"date":"2026-02-03T14:39:17","date_gmt":"2026-02-03T14:39:17","guid":{"rendered":"https:\/\/www.wonzh.com\/?post_type=product&#038;p=1460"},"modified":"2026-02-05T09:03:15","modified_gmt":"2026-02-05T09:03:15","slug":"wire-rope-sling-for-lifting-rigging-and-heavy-duty-industrial-handling","status":"publish","type":"product","link":"https:\/\/www.wonzh.com\/fr\/product\/wire-rope-sling-for-lifting-rigging-and-heavy-duty-industrial-handling\/","title":{"rendered":"\u00c9lingue en c\u00e2ble m\u00e9tallique pour le levage, le gr\u00e9ement et la manutention industrielle lourde"},"content":{"rendered":"<p data-start=\"582\" data-end=\"931\">Les \u00e9lingues en c\u00e2ble m\u00e9tallique fournies par Wonzh sont des ensembles de levage fabriqu\u00e9s professionnellement \u00e0 partir d'un c\u00e2ble m\u00e9tallique en acier \u00e0 haute r\u00e9sistance avec des raccords d'extr\u00e9mit\u00e9 solidement termin\u00e9s. Con\u00e7ues pour une manutention s\u00fbre et fiable des charges, ces \u00e9lingues sont largement utilis\u00e9es dans les grues, les palans, les op\u00e9rations de gr\u00e9ement, les chantiers de construction, les mines, les ports et l'installation de machines lourdes.<\/p>\n<p data-start=\"933\" data-end=\"1388\">Nos \u00e9lingues en c\u00e2ble m\u00e9tallique sont fabriqu\u00e9es \u00e0 partir de c\u00e2bles en acier galvanis\u00e9 ou en acier inoxydable, en fonction de l'exposition \u00e0 l'environnement et des exigences en mati\u00e8re de corrosion. Chaque \u00e9lingue est assembl\u00e9e avec des viroles, des cosses et des raccords soud\u00e9s ou press\u00e9s avec pr\u00e9cision pour garantir l'int\u00e9grit\u00e9 structurelle, la stabilit\u00e9 de la charge et la durabilit\u00e9 \u00e0 long terme. Toutes les \u00e9lingues sont produites selon des proc\u00e9dures strictes de contr\u00f4le de la qualit\u00e9 afin de r\u00e9pondre aux normes internationales de s\u00e9curit\u00e9 en mati\u00e8re de levage.<\/p>\n<p data-start=\"1390\" data-end=\"1698\">En tant que fournisseur industriel exp\u00e9riment\u00e9, Wonzh propose des \u00e9lingues en c\u00e2ble m\u00e9tallique standard et sur mesure, y compris diff\u00e9rentes configurations, longueurs, diam\u00e8tres et terminaisons. Notre \u00e9quipe technique aide \u00e0 s\u00e9lectionner le type d'\u00e9lingue, le facteur de s\u00e9curit\u00e9 et la limite de charge de travail (WLL) en fonction des conditions d'application r\u00e9elles.<\/p>\n<h2 data-start=\"1705\" data-end=\"1724\"><strong data-start=\"1708\" data-end=\"1724\">Caract\u00e9ristiques principales<\/strong><\/h2>\n<ul data-start=\"1726\" data-end=\"2062\">\n<li data-start=\"1726\" data-end=\"1781\">\n<p data-start=\"1728\" data-end=\"1781\">Capacit\u00e9 de charge \u00e9lev\u00e9e et excellente r\u00e9sistance \u00e0 la fatigue<\/p>\n<\/li>\n<li data-start=\"1782\" data-end=\"1826\">\n<p data-start=\"1784\" data-end=\"1826\">Terminaisons s\u00e9curis\u00e9es pour un levage s\u00fbr<\/p>\n<\/li>\n<li data-start=\"1827\" data-end=\"1894\">\n<p data-start=\"1829\" data-end=\"1894\">Options r\u00e9sistantes \u00e0 la corrosion disponibles (galvanis\u00e9es ou inoxydables)<\/p>\n<\/li>\n<li data-start=\"1895\" data-end=\"1951\">\n<p data-start=\"1897\" data-end=\"1951\">Convient aux applications de levage dynamique et statique<\/p>\n<\/li>\n<li data-start=\"1952\" data-end=\"2005\">\n<p data-start=\"1954\" data-end=\"2005\">Longueurs, diam\u00e8tres et raccords sur mesure disponibles<\/p>\n<\/li>\n<li data-start=\"2006\" data-end=\"2062\">\n<p data-start=\"2008\" data-end=\"2062\">Conforme aux principales normes internationales en mati\u00e8re de levage<\/p>\n<\/li>\n<\/ul>\n<h2 data-start=\"2069\" data-end=\"2096\"><strong data-start=\"2072\" data-end=\"2096\">Applications typiques<\/strong><\/h2>\n<ul data-start=\"2098\" data-end=\"2359\">\n<li data-start=\"2098\" data-end=\"2127\">\n<p data-start=\"2100\" data-end=\"2127\">Levage et montage de grues<\/p>\n<\/li>\n<li data-start=\"2128\" data-end=\"2159\">\n<p data-start=\"2130\" data-end=\"2159\">Terminaux portuaires et maritimes<\/p>\n<\/li>\n<li data-start=\"2160\" data-end=\"2204\">\n<p data-start=\"2162\" data-end=\"2204\">Projets de construction et d'infrastructure<\/p>\n<\/li>\n<li data-start=\"2205\" data-end=\"2234\">\n<p data-start=\"2207\" data-end=\"2234\">Industrie mini\u00e8re et lourde<\/p>\n<\/li>\n<li data-start=\"2235\" data-end=\"2280\">\n<p data-start=\"2237\" data-end=\"2280\">Aci\u00e9ries et installations de fabrication<\/p>\n<\/li>\n<li data-start=\"2281\" data-end=\"2315\">\n<p data-start=\"2283\" data-end=\"2315\">Op\u00e9rations offshore et maritimes<\/p>\n<\/li>\n<li data-start=\"2316\" data-end=\"2359\">\n<p data-start=\"2318\" data-end=\"2359\">Centrales \u00e9lectriques et maintenance industrielle<\/p>\n<\/li>\n<\/ul>\n<h2 data-start=\"2366\" data-end=\"2404\"><strong data-start=\"2369\" data-end=\"2404\">Types d'\u00e9lingues en c\u00e2ble m\u00e9tallique que nous fournissons<\/strong><\/h2>\n<div class=\"TyagGW_tableContainer\">\n<div class=\"group TyagGW_tableWrapper flex flex-col-reverse w-fit\" tabindex=\"-1\">\n<table class=\"w-fit min-w-(--thread-content-width)\" data-start=\"2406\" data-end=\"2847\">\n<thead data-start=\"2406\" data-end=\"2448\">\n<tr data-start=\"2406\" data-end=\"2448\">\n<th data-start=\"2406\" data-end=\"2419\" data-col-size=\"sm\">Type d'\u00e9charpe<\/th>\n<th data-start=\"2419\" data-end=\"2433\" data-col-size=\"sm\">Description<\/th>\n<th data-start=\"2433\" data-end=\"2448\" data-col-size=\"sm\">Utilisation typique<\/th>\n<\/tr>\n<\/thead>\n<tbody data-start=\"2463\" data-end=\"2847\">\n<tr data-start=\"2463\" data-end=\"2544\">\n<td data-start=\"2463\" data-end=\"2486\" data-col-size=\"sm\"><strong data-start=\"2465\" data-end=\"2485\">Harnais unijambiste<\/strong><\/td>\n<td data-start=\"2486\" data-end=\"2519\" data-col-size=\"sm\">Une corde avec deux embouts<\/td>\n<td data-start=\"2519\" data-end=\"2544\" data-col-size=\"sm\">Lev\u00e9es droites simples<\/td>\n<\/tr>\n<tr data-start=\"2545\" data-end=\"2622\">\n<td data-start=\"2545\" data-end=\"2565\" data-col-size=\"sm\"><strong data-start=\"2547\" data-end=\"2564\">Harnais \u00e0 deux jambes<\/strong><\/td>\n<td data-start=\"2565\" data-end=\"2604\" data-col-size=\"sm\">Deux cordes reli\u00e9es \u00e0 un maillon principal<\/td>\n<td data-start=\"2604\" data-end=\"2622\" data-col-size=\"sm\">Charges \u00e9quilibr\u00e9es<\/td>\n<\/tr>\n<tr data-start=\"2623\" data-end=\"2701\">\n<td data-start=\"2623\" data-end=\"2644\" data-col-size=\"sm\"><strong data-start=\"2625\" data-end=\"2643\">Harnais \u00e0 quatre branches<\/strong><\/td>\n<td data-start=\"2644\" data-end=\"2673\" data-col-size=\"sm\">Quatre cordes pour les charges lourdes<\/td>\n<td data-start=\"2673\" data-end=\"2701\" data-col-size=\"sm\">Levage industriel de grande envergure<\/td>\n<\/tr>\n<tr data-start=\"2702\" data-end=\"2768\">\n<td data-start=\"2702\" data-end=\"2722\" data-col-size=\"sm\"><strong data-start=\"2704\" data-end=\"2721\">\u00c9lingue sans fin<\/strong><\/td>\n<td data-start=\"2722\" data-end=\"2740\" data-col-size=\"sm\">Boucle continue<\/td>\n<td data-start=\"2740\" data-end=\"2768\" data-col-size=\"sm\">Charges sensibles \u00e0 l'abrasion<\/td>\n<\/tr>\n<tr data-start=\"2769\" data-end=\"2847\">\n<td data-start=\"2769\" data-end=\"2788\" data-col-size=\"sm\"><strong data-start=\"2771\" data-end=\"2787\">Harnais panier<\/strong><\/td>\n<td data-start=\"2788\" data-end=\"2813\" data-col-size=\"sm\">Le c\u00e2ble passe sous la charge<\/td>\n<td data-start=\"2813\" data-end=\"2847\" data-col-size=\"sm\">Protection et stabilit\u00e9 de la surface<\/td>\n<\/tr>\n<\/tbody>\n<\/table>\n<\/div>\n<\/div>\n<h2 data-start=\"2854\" data-end=\"2906\"><strong data-start=\"2857\" data-end=\"2904\">Param\u00e8tres techniques (gamme repr\u00e9sentative)<\/strong><\/h2>\n<div class=\"TyagGW_tableContainer\">\n<div class=\"group TyagGW_tableWrapper flex flex-col-reverse w-fit\" tabindex=\"-1\">\n<table class=\"w-fit min-w-(--thread-content-width)\" data-start=\"2908\" data-end=\"3367\">\n<thead data-start=\"2908\" data-end=\"2945\">\n<tr data-start=\"2908\" data-end=\"2945\">\n<th data-start=\"2908\" data-end=\"2920\" data-col-size=\"sm\">Param\u00e8tres<\/th>\n<th data-start=\"2920\" data-end=\"2945\" data-col-size=\"sm\">Sp\u00e9cification \/ Gamme<\/th>\n<\/tr>\n<\/thead>\n<tbody data-start=\"2956\" data-end=\"3367\">\n<tr data-start=\"2956\" data-end=\"3011\">\n<td data-start=\"2956\" data-end=\"2972\" data-col-size=\"sm\">Mat\u00e9riau de base<\/td>\n<td data-start=\"2972\" data-end=\"3011\" data-col-size=\"sm\">Acier galvanis\u00e9 ou acier inoxydable<\/td>\n<\/tr>\n<tr data-start=\"3012\" data-end=\"3065\">\n<td data-start=\"3012\" data-end=\"3037\" data-col-size=\"sm\">Construction de c\u00e2bles m\u00e9talliques<\/td>\n<td data-start=\"3037\" data-end=\"3065\" data-col-size=\"sm\">6\u00d719, 6\u00d737, 7\u00d719, 6\u00d736WS<\/td>\n<\/tr>\n<tr data-start=\"3066\" data-end=\"3118\">\n<td data-start=\"3066\" data-end=\"3083\" data-col-size=\"sm\">Gamme de diam\u00e8tres<\/td>\n<td data-start=\"3083\" data-end=\"3118\" data-col-size=\"sm\">6 mm - 60 mm (sur mesure)<\/td>\n<\/tr>\n<tr data-start=\"3119\" data-end=\"3171\">\n<td data-start=\"3119\" data-end=\"3146\" data-col-size=\"sm\">Limite de charge de travail (WLL)<\/td>\n<td data-start=\"3146\" data-end=\"3171\" data-col-size=\"sm\">En fonction de l'application<\/td>\n<\/tr>\n<tr data-start=\"3172\" data-end=\"3212\">\n<td data-start=\"3172\" data-end=\"3188\" data-col-size=\"sm\">Facteur de s\u00e9curit\u00e9<\/td>\n<td data-start=\"3188\" data-end=\"3212\" data-col-size=\"sm\">G\u00e9n\u00e9ralement 5:1 ou 6:1<\/td>\n<\/tr>\n<tr data-start=\"3213\" data-end=\"3272\">\n<td data-start=\"3213\" data-end=\"3228\" data-col-size=\"sm\">Raccords d'extr\u00e9mit\u00e9<\/td>\n<td data-start=\"3228\" data-end=\"3272\" data-col-size=\"sm\">Cosses, crochets, manilles, anneaux, maillons ma\u00eetres<\/td>\n<\/tr>\n<tr data-start=\"3273\" data-end=\"3324\">\n<td data-start=\"3273\" data-end=\"3290\" data-col-size=\"sm\">Finition de la surface<\/td>\n<td data-start=\"3290\" data-end=\"3324\" data-col-size=\"sm\">Galvanis\u00e9 ou inoxydable brillant<\/td>\n<\/tr>\n<tr data-start=\"3325\" data-end=\"3367\">\n<td data-start=\"3325\" data-end=\"3347\" data-col-size=\"sm\">Normes prises en charge<\/td>\n<td data-start=\"3347\" data-end=\"3367\" data-col-size=\"sm\">ISO, EN, DIN, GB<\/td>\n<\/tr>\n<\/tbody>\n<\/table>\n<\/div>\n<\/div>\n<h2 data-start=\"3374\" data-end=\"3420\"><strong data-start=\"3377\" data-end=\"3420\">Guide de s\u00e9lection des mat\u00e9riaux et de la construction<\/strong><\/h2>\n<div class=\"TyagGW_tableContainer\">\n<div class=\"group TyagGW_tableWrapper flex flex-col-reverse w-fit\" tabindex=\"-1\">\n<table class=\"w-fit min-w-(--thread-content-width)\" data-start=\"3422\" data-end=\"3807\">\n<thead data-start=\"3422\" data-end=\"3462\">\n<tr data-start=\"3422\" data-end=\"3462\">\n<th data-start=\"3422\" data-end=\"3431\" data-col-size=\"sm\">Option<\/th>\n<th data-start=\"3431\" data-end=\"3443\" data-col-size=\"md\">Avantage<\/th>\n<th data-start=\"3443\" data-end=\"3462\" data-col-size=\"sm\">Recommand\u00e9 pour<\/th>\n<\/tr>\n<\/thead>\n<tbody data-start=\"3477\" data-end=\"3807\">\n<tr data-start=\"3477\" data-end=\"3568\">\n<td data-start=\"3477\" data-end=\"3505\" data-col-size=\"sm\"><strong data-start=\"3479\" data-end=\"3504\">\u00c9lingue en corde galvanis\u00e9e<\/strong><\/td>\n<td data-start=\"3505\" data-end=\"3549\" data-col-size=\"md\">Bonne r\u00e9sistance \u00e0 la corrosion, bon rapport co\u00fbt-efficacit\u00e9<\/td>\n<td data-start=\"3549\" data-end=\"3568\" data-col-size=\"sm\">Levage en ext\u00e9rieur<\/td>\n<\/tr>\n<tr data-start=\"3569\" data-end=\"3662\">\n<td data-start=\"3569\" data-end=\"3602\" data-col-size=\"sm\"><strong data-start=\"3571\" data-end=\"3601\">\u00c9lingue de corde en acier inoxydable (316)<\/strong><\/td>\n<td data-start=\"3602\" data-end=\"3635\" data-col-size=\"md\">Excellente r\u00e9sistance \u00e0 la corrosion<\/td>\n<td data-start=\"3635\" data-end=\"3662\" data-col-size=\"sm\">Sites marins et chimiques<\/td>\n<\/tr>\n<tr data-start=\"3663\" data-end=\"3746\">\n<td data-start=\"3663\" data-end=\"3687\" data-col-size=\"sm\"><strong data-start=\"3665\" data-end=\"3686\">6\u00d719 Construction<\/strong><\/td>\n<td data-start=\"3687\" data-end=\"3724\" data-col-size=\"md\">Plus de force, moins de flexibilit\u00e9<\/td>\n<td data-start=\"3724\" data-end=\"3746\" data-col-size=\"sm\">Levage de charges lourdes<\/td>\n<\/tr>\n<tr data-start=\"3747\" data-end=\"3807\">\n<td data-start=\"3747\" data-end=\"3771\" data-col-size=\"sm\"><strong data-start=\"3749\" data-end=\"3770\">6\u00d737 Construction<\/strong><\/td>\n<td data-start=\"3771\" data-end=\"3787\" data-col-size=\"md\">Plus flexible<\/td>\n<td data-start=\"3787\" data-end=\"3807\" data-col-size=\"sm\">Levage dynamique<\/td>\n<\/tr>\n<\/tbody>\n<\/table>\n<\/div>\n<\/div>\n<h2 data-start=\"3814\" data-end=\"3837\"><strong data-start=\"3817\" data-end=\"3837\">Pourquoi choisir Wonzh<\/strong><\/h2>\n<ul data-start=\"3839\" data-end=\"4082\">\n<li data-start=\"3839\" data-end=\"3883\">\n<p data-start=\"3841\" data-end=\"3883\">Inspection stricte de la qualit\u00e9 de chaque \u00e9lingue<\/p>\n<\/li>\n<li data-start=\"3884\" data-end=\"3933\">\n<p data-start=\"3886\" data-end=\"3933\">Fabrication certifi\u00e9e et terminaisons s\u00e9curis\u00e9es<\/p>\n<\/li>\n<li data-start=\"3934\" data-end=\"3975\">\n<p data-start=\"3936\" data-end=\"3975\">Large gamme de types de c\u00e2bles et d'accessoires<\/p>\n<\/li>\n<li data-start=\"3976\" data-end=\"4035\">\n<p data-start=\"3978\" data-end=\"4035\">Soutien technique pour la s\u00e9lection de la WLL et des facteurs de s\u00e9curit\u00e9<\/p>\n<\/li>\n<li data-start=\"4036\" data-end=\"4082\">\n<p data-start=\"4038\" data-end=\"4082\">Approvisionnement stable et livraison fiable \u00e0 l'\u00e9chelle mondiale<\/p>\n<\/li>\n<\/ul>\n<h2 data-start=\"4089\" data-end=\"4130\"><strong data-start=\"4092\" data-end=\"4128\">Foire aux questions (FAQ)<\/strong><\/h2>\n<h3 data-start=\"4132\" data-end=\"4181\"><strong data-start=\"4136\" data-end=\"4179\">Q1 : \u00c0 quoi sert une \u00e9lingue en c\u00e2ble m\u00e9tallique ?<\/strong><\/h3>\n<p data-start=\"4182\" data-end=\"4294\">Il est utilis\u00e9 pour le levage, le gr\u00e9age et l'arrimage de charges lourdes dans les grues, les palans et les op\u00e9rations de manutention industrielle.<\/p>\n<h3 data-start=\"4296\" data-end=\"4338\"><strong data-start=\"4300\" data-end=\"4336\">Q2 : Quel harnais dois-je choisir ?<\/strong><\/h3>\n<ul data-start=\"4339\" data-end=\"4506\">\n<li data-start=\"4339\" data-end=\"4380\">\n<p data-start=\"4341\" data-end=\"4380\"><strong data-start=\"4341\" data-end=\"4356\">Un seul pied :<\/strong> lev\u00e9es droites simples<\/p>\n<\/li>\n<li data-start=\"4381\" data-end=\"4412\">\n<p data-start=\"4383\" data-end=\"4412\"><strong data-start=\"4383\" data-end=\"4395\">Deux jambes :<\/strong> charges \u00e9quilibr\u00e9es<\/p>\n<\/li>\n<li data-start=\"4413\" data-end=\"4456\">\n<p data-start=\"4415\" data-end=\"4456\"><strong data-start=\"4415\" data-end=\"4428\">Quatre pieds :<\/strong> les charges tr\u00e8s lourdes ou importantes<\/p>\n<\/li>\n<li data-start=\"4457\" data-end=\"4506\">\n<p data-start=\"4459\" data-end=\"4506\"><strong data-start=\"4459\" data-end=\"4471\">Sans fin :<\/strong> lorsque la surface de chargement a besoin d'\u00eatre prot\u00e9g\u00e9e<\/p>\n<\/li>\n<\/ul>\n<h3 data-start=\"4508\" data-end=\"4534\"><strong data-start=\"4512\" data-end=\"4532\">Q3 : Qu'est-ce que la WLL ?<\/strong><\/h3>\n<p data-start=\"4535\" data-end=\"4630\">La WLL (Working Load Limit) est la limite de charge de travail. <strong data-start=\"4567\" data-end=\"4588\">charge maximale de s\u00e9curit\u00e9<\/strong> qu'une \u00e9lingue peut soulever dans des conditions normales.<\/p>\n<h3 data-start=\"4632\" data-end=\"4690\"><strong data-start=\"4636\" data-end=\"4688\">Q4 : Les \u00e9lingues galvanis\u00e9es sont-elles adapt\u00e9es \u00e0 un usage maritime ?<\/strong><\/h3>\n<p data-start=\"4691\" data-end=\"4797\">Oui, mais pour les environnements d'eau sal\u00e9e hautement corrosifs, <strong data-start=\"4745\" data-end=\"4780\">\u00c9lingues en acier inoxydable AISI 316<\/strong> sont recommand\u00e9s.<\/p>\n<h3 data-start=\"4799\" data-end=\"4839\"><strong data-start=\"4803\" data-end=\"4837\">Q5 : Fabriquez-vous des harnais sur mesure ?<\/strong><\/h3>\n<p data-start=\"4840\" data-end=\"4946\">Oui. Nous pouvons personnaliser la longueur, le diam\u00e8tre, la construction et les embouts en fonction de vos besoins de levage.<\/p>","protected":false},"excerpt":{"rendered":"<p>Les \u00e9lingues en c\u00e2ble m\u00e9tallique fournies par Wonzh sont des ensembles de levage fabriqu\u00e9s professionnellement \u00e0 partir d'un c\u00e2ble m\u00e9tallique en acier \u00e0 haute r\u00e9sistance avec des raccords d'extr\u00e9mit\u00e9 solidement termin\u00e9s. Con\u00e7ues pour une manutention s\u00fbre et fiable des charges, ces \u00e9lingues sont largement utilis\u00e9es dans les grues, les palans, les op\u00e9rations de gr\u00e9ement, les chantiers de construction, les mines, les ports et l'installation de machines lourdes.<\/p>","protected":false},"featured_media":1510,"comment_status":"open","ping_status":"closed","template":"","meta":{"site-sidebar-layout":"default","site-content-layout":"","ast-site-content-layout":"default","site-content-style":"default","site-sidebar-style":"default","ast-global-header-display":"","ast-banner-title-visibility":"","ast-main-header-display":"","ast-hfb-above-header-display":"","ast-hfb-below-header-display":"","ast-hfb-mobile-header-display":"","site-post-title":"","ast-breadcrumbs-content":"","ast-featured-img":"","footer-sml-layout":"","ast-disable-related-posts":"","theme-transparent-header-meta":"default","adv-header-id-meta":"","stick-header-meta":"default","header-above-stick-meta":"","header-main-stick-meta":"","header-below-stick-meta":"","astra-migrate-meta-layouts":"set","ast-page-background-enabled":"default","ast-page-background-meta":{"desktop":{"background-color":"","background-image":"","background-repeat":"repeat","background-position":"center center","background-size":"auto","background-attachment":"scroll","background-type":"","background-media":"","overlay-type":"","overlay-color":"","overlay-opacity":"","overlay-gradient":""},"tablet":{"background-color":"","background-image":"","background-repeat":"repeat","background-position":"center center","background-size":"auto","background-attachment":"scroll","background-type":"","background-media":"","overlay-type":"","overlay-color":"","overlay-opacity":"","overlay-gradient":""},"mobile":{"background-color":"","background-image":"","background-repeat":"repeat","background-position":"center center","background-size":"auto","background-attachment":"scroll","background-type":"","background-media":"","overlay-type":"","overlay-color":"","overlay-opacity":"","overlay-gradient":""}},"ast-content-background-meta":{"desktop":{"background-color":"var(--ast-global-color-5)","background-image":"","background-repeat":"repeat","background-position":"center center","background-size":"auto","background-attachment":"scroll","background-type":"","background-media":"","overlay-type":"","overlay-color":"","overlay-opacity":"","overlay-gradient":""},"tablet":{"background-color":"var(--ast-global-color-5)","background-image":"","background-repeat":"repeat","background-position":"center center","background-size":"auto","background-attachment":"scroll","background-type":"","background-media":"","overlay-type":"","overlay-color":"","overlay-opacity":"","overlay-gradient":""},"mobile":{"background-color":"var(--ast-global-color-5)","background-image":"","background-repeat":"repeat","background-position":"center center","background-size":"auto","background-attachment":"scroll","background-type":"","background-media":"","overlay-type":"","overlay-color":"","overlay-opacity":"","overlay-gradient":""}}},"product_brand":[],"product_cat":[22],"product_tag":[274,275,283,270,281,278,277,272,279,280,282,269,271,273,276,268],"class_list":{"0":"post-1460","1":"product","2":"type-product","3":"status-publish","4":"has-post-thumbnail","6":"product_cat-wire-rope-lifting-accessories","7":"product_tag-6x19-sling","8":"product_tag-6x37-sling","9":"product_tag-china-sling-manufacturer","10":"product_tag-crane-sling","11":"product_tag-din-sling","12":"product_tag-endless-sling","13":"product_tag-four-leg-sling","14":"product_tag-galvanized-sling","15":"product_tag-hoisting-sling","16":"product_tag-industrial-lifting","17":"product_tag-iso-wire-rope-sling","18":"product_tag-lifting-sling","19":"product_tag-rigging-sling","20":"product_tag-stainless-steel-sling","21":"product_tag-two-leg-sling","22":"product_tag-wire-rope-sling","23":"desktop-align-left","24":"tablet-align-left","25":"mobile-align-left","27":"first","28":"instock","29":"shipping-taxable","30":"product-type-simple"},"_links":{"self":[{"href":"https:\/\/www.wonzh.com\/fr\/wp-json\/wp\/v2\/product\/1460","targetHints":{"allow":["GET"]}}],"collection":[{"href":"https:\/\/www.wonzh.com\/fr\/wp-json\/wp\/v2\/product"}],"about":[{"href":"https:\/\/www.wonzh.com\/fr\/wp-json\/wp\/v2\/types\/product"}],"replies":[{"embeddable":true,"href":"https:\/\/www.wonzh.com\/fr\/wp-json\/wp\/v2\/comments?post=1460"}],"wp:featuredmedia":[{"embeddable":true,"href":"https:\/\/www.wonzh.com\/fr\/wp-json\/wp\/v2\/media\/1510"}],"wp:attachment":[{"href":"https:\/\/www.wonzh.com\/fr\/wp-json\/wp\/v2\/media?parent=1460"}],"wp:term":[{"taxonomy":"product_brand","embeddable":true,"href":"https:\/\/www.wonzh.com\/fr\/wp-json\/wp\/v2\/product_brand?post=1460"},{"taxonomy":"product_cat","embeddable":true,"href":"https:\/\/www.wonzh.com\/fr\/wp-json\/wp\/v2\/product_cat?post=1460"},{"taxonomy":"product_tag","embeddable":true,"href":"https:\/\/www.wonzh.com\/fr\/wp-json\/wp\/v2\/product_tag?post=1460"}],"curies":[{"name":"wp","href":"https:\/\/api.w.org\/{rel}","templated":true}]}}