{"id":1453,"date":"2026-02-03T14:33:24","date_gmt":"2026-02-03T14:33:24","guid":{"rendered":"https:\/\/www.wonzh.com\/?post_type=product&#038;p=1453"},"modified":"2026-02-05T05:14:12","modified_gmt":"2026-02-05T05:14:12","slug":"stainless-steel-wire-rope-for-marine-chemical-and-high-corrosion-environments","status":"publish","type":"product","link":"https:\/\/www.wonzh.com\/fr\/product\/stainless-steel-wire-rope-for-marine-chemical-and-high-corrosion-environments\/","title":{"rendered":"C\u00e2bles en acier inoxydable pour les environnements marins, chimiques et hautement corrosifs"},"content":{"rendered":"<p data-start=\"564\" data-end=\"1044\">Les c\u00e2bles en acier inoxydable fournis par Wonzh sont fabriqu\u00e9s \u00e0 partir d'aciers inoxydables aust\u00e9nitiques de haute qualit\u00e9 tels que l'AISI 304 et l'AISI 316, offrant une excellente r\u00e9sistance \u00e0 la corrosion, une r\u00e9sistance m\u00e9canique et une performance de fatigue dans des environnements difficiles. Contrairement au c\u00e2ble galvanis\u00e9, le c\u00e2ble en acier inoxydable offre une r\u00e9sistance inh\u00e9rente \u00e0 la rouille sans n\u00e9cessiter de rev\u00eatement suppl\u00e9mentaire, ce qui le rend id\u00e9al pour les applications marines, chimiques, agroalimentaires et structurelles ext\u00e9rieures.<\/p>\n<p data-start=\"1046\" data-end=\"1363\">Fabriqu\u00e9s selon des normes strictes de contr\u00f4le de la qualit\u00e9, les c\u00e2bles en acier inoxydable de Wonzh garantissent une r\u00e9sistance \u00e0 la traction, une flexibilit\u00e9 et une r\u00e9sistance \u00e0 l'usure constantes. La technologie de toronnage avanc\u00e9e minimise le frottement interne entre les fils, ce qui am\u00e9liore la stabilit\u00e9 op\u00e9rationnelle et prolonge la dur\u00e9e de vie dans des conditions de charge dynamique.<\/p>\n<p data-start=\"1365\" data-end=\"1730\">En tant que fournisseur exp\u00e9riment\u00e9 de composants industriels, Wonzh propose des constructions standard ainsi que des solutions personnalis\u00e9es de c\u00e2bles en acier inoxydable adapt\u00e9es aux exigences de charge, \u00e0 l'exposition \u00e0 l'environnement et aux besoins de performance m\u00e9canique. Notre \u00e9quipe technique participe \u00e0 la s\u00e9lection du diam\u00e8tre, du type de construction et de la configuration de l'\u00e2me en fonction des conditions d'application r\u00e9elles.<\/p>\n<h2 data-start=\"1737\" data-end=\"1756\"><strong data-start=\"1740\" data-end=\"1756\">Caract\u00e9ristiques principales<\/strong><\/h2>\n<ul data-start=\"1758\" data-end=\"2067\">\n<li data-start=\"1758\" data-end=\"1801\">\n<p data-start=\"1760\" data-end=\"1801\">Excellente r\u00e9sistance \u00e0 la corrosion et \u00e0 la rouille<\/p>\n<\/li>\n<li data-start=\"1802\" data-end=\"1854\">\n<p data-start=\"1804\" data-end=\"1854\">R\u00e9sistance \u00e9lev\u00e9e \u00e0 la traction et capacit\u00e9 de charge fiable<\/p>\n<\/li>\n<li data-start=\"1855\" data-end=\"1911\">\n<p data-start=\"1857\" data-end=\"1911\">R\u00e9sistance sup\u00e9rieure \u00e0 la fatigue pour les applications dynamiques<\/p>\n<\/li>\n<li data-start=\"1912\" data-end=\"1971\">\n<p data-start=\"1914\" data-end=\"1971\">Convient aux environnements marins, chimiques et ext\u00e9rieurs<\/p>\n<\/li>\n<li data-start=\"1972\" data-end=\"2027\">\n<p data-start=\"1974\" data-end=\"2027\">Longue dur\u00e9e de vie et faible besoin d'entretien<\/p>\n<\/li>\n<li data-start=\"2028\" data-end=\"2067\">\n<p data-start=\"2030\" data-end=\"2067\">Dimensions standard et personnalis\u00e9es disponibles<\/p>\n<\/li>\n<\/ul>\n<h2 data-start=\"2074\" data-end=\"2101\"><strong data-start=\"2077\" data-end=\"2101\">Applications typiques<\/strong><\/h2>\n<ul data-start=\"2103\" data-end=\"2399\">\n<li data-start=\"2103\" data-end=\"2136\">\n<p data-start=\"2105\" data-end=\"2136\">\u00c9quipements marins et offshore<\/p>\n<\/li>\n<li data-start=\"2137\" data-end=\"2171\">\n<p data-start=\"2139\" data-end=\"2171\">Gr\u00e9ement des navires et accastillage<\/p>\n<\/li>\n<li data-start=\"2172\" data-end=\"2202\">\n<p data-start=\"2174\" data-end=\"2202\">Usines de traitement chimique<\/p>\n<\/li>\n<li data-start=\"2203\" data-end=\"2234\">\n<p data-start=\"2205\" data-end=\"2234\">Machines pour l'industrie alimentaire et des boissons<\/p>\n<\/li>\n<li data-start=\"2235\" data-end=\"2275\">\n<p data-start=\"2237\" data-end=\"2275\">C\u00e2bles architecturaux et balustrades<\/p>\n<\/li>\n<li data-start=\"2276\" data-end=\"2317\">\n<p data-start=\"2278\" data-end=\"2317\">Grues, treuils et syst\u00e8mes de levage<\/p>\n<\/li>\n<li data-start=\"2318\" data-end=\"2363\">\n<p data-start=\"2320\" data-end=\"2363\">Structures de suspension et de tension pour l'ext\u00e9rieur<\/p>\n<\/li>\n<li data-start=\"2364\" data-end=\"2399\">\n<p data-start=\"2366\" data-end=\"2399\">\u00c9quipements m\u00e9dicaux et de pr\u00e9cision<\/p>\n<\/li>\n<\/ul>\n<h2 data-start=\"2406\" data-end=\"2458\"><strong data-start=\"2409\" data-end=\"2456\">Param\u00e8tres techniques (gamme repr\u00e9sentative)<\/strong><\/h2>\n<div class=\"TyagGW_tableContainer\">\n<div class=\"group TyagGW_tableWrapper flex flex-col-reverse w-fit\" tabindex=\"-1\">\n<table class=\"w-fit min-w-(--thread-content-width)\" data-start=\"2460\" data-end=\"2892\">\n<thead data-start=\"2460\" data-end=\"2497\">\n<tr data-start=\"2460\" data-end=\"2497\">\n<th data-start=\"2460\" data-end=\"2472\" data-col-size=\"sm\">Param\u00e8tres<\/th>\n<th data-start=\"2472\" data-end=\"2497\" data-col-size=\"sm\">Sp\u00e9cification \/ Gamme<\/th>\n<\/tr>\n<\/thead>\n<tbody data-start=\"2508\" data-end=\"2892\">\n<tr data-start=\"2508\" data-end=\"2552\">\n<td data-start=\"2508\" data-end=\"2523\" data-col-size=\"sm\">Type de produit<\/td>\n<td data-start=\"2523\" data-end=\"2552\" data-col-size=\"sm\">C\u00e2ble en acier inoxydable<\/td>\n<\/tr>\n<tr data-start=\"2553\" data-end=\"2603\">\n<td data-start=\"2553\" data-end=\"2570\" data-col-size=\"sm\">Qualit\u00e9 des mat\u00e9riaux<\/td>\n<td data-start=\"2570\" data-end=\"2603\" data-col-size=\"sm\">AISI 304, AISI 316, AISI 316L<\/td>\n<\/tr>\n<tr data-start=\"2604\" data-end=\"2660\">\n<td data-start=\"2604\" data-end=\"2629\" data-col-size=\"sm\">Construction de c\u00e2bles m\u00e9talliques<\/td>\n<td data-start=\"2629\" data-end=\"2660\" data-col-size=\"sm\">7\u00d77, 7\u00d719, 1\u00d719, 6\u00d719, 6\u00d737<\/td>\n<\/tr>\n<tr data-start=\"2661\" data-end=\"2713\">\n<td data-start=\"2661\" data-end=\"2673\" data-col-size=\"sm\">Type de noyau<\/td>\n<td data-start=\"2673\" data-end=\"2713\" data-col-size=\"sm\">FC (Fiber Core) ou IWRC (Steel Core)<\/td>\n<\/tr>\n<tr data-start=\"2714\" data-end=\"2766\">\n<td data-start=\"2714\" data-end=\"2731\" data-col-size=\"sm\">Gamme de diam\u00e8tres<\/td>\n<td data-start=\"2731\" data-end=\"2766\" data-col-size=\"sm\">1 mm - 40 mm (sur mesure)<\/td>\n<\/tr>\n<tr data-start=\"2767\" data-end=\"2805\">\n<td data-start=\"2767\" data-end=\"2786\" data-col-size=\"sm\">R\u00e9sistance \u00e0 la traction<\/td>\n<td data-start=\"2786\" data-end=\"2805\" data-col-size=\"sm\">1570 - 1960 MPa<\/td>\n<\/tr>\n<tr data-start=\"2806\" data-end=\"2849\">\n<td data-start=\"2806\" data-end=\"2823\" data-col-size=\"sm\">Finition de la surface<\/td>\n<td data-start=\"2823\" data-end=\"2849\" data-col-size=\"sm\">Acier inoxydable brillant<\/td>\n<\/tr>\n<tr data-start=\"2850\" data-end=\"2892\">\n<td data-start=\"2850\" data-end=\"2872\" data-col-size=\"sm\">Normes prises en charge<\/td>\n<td data-start=\"2872\" data-end=\"2892\" data-col-size=\"sm\">ISO, DIN, EN, GB<\/td>\n<\/tr>\n<\/tbody>\n<\/table>\n<\/div>\n<\/div>\n<h2 data-start=\"2899\" data-end=\"2936\"><strong data-start=\"2902\" data-end=\"2936\">Constructions courantes de c\u00e2bles m\u00e9talliques<\/strong><\/h2>\n<div class=\"TyagGW_tableContainer\">\n<div class=\"group TyagGW_tableWrapper flex flex-col-reverse w-fit\" tabindex=\"-1\">\n<table class=\"w-fit min-w-(--thread-content-width)\" data-start=\"2938\" data-end=\"3228\">\n<thead data-start=\"2938\" data-end=\"2982\">\n<tr data-start=\"2938\" data-end=\"2982\">\n<th data-start=\"2938\" data-end=\"2953\" data-col-size=\"sm\">La construction<\/th>\n<th data-start=\"2953\" data-end=\"2967\" data-col-size=\"sm\">Flexibilit\u00e9<\/th>\n<th data-start=\"2967\" data-end=\"2982\" data-col-size=\"sm\">Utilisation typique<\/th>\n<\/tr>\n<\/thead>\n<tbody data-start=\"2997\" data-end=\"3228\">\n<tr data-start=\"2997\" data-end=\"3054\">\n<td data-start=\"2997\" data-end=\"3008\" data-col-size=\"sm\"><strong data-start=\"2999\" data-end=\"3007\">1\u00d719<\/strong><\/td>\n<td data-start=\"3008\" data-end=\"3014\" data-col-size=\"sm\">Faible<\/td>\n<td data-start=\"3014\" data-end=\"3054\" data-col-size=\"sm\">C\u00e2bles architecturaux, tension statique<\/td>\n<\/tr>\n<tr data-start=\"3055\" data-end=\"3107\">\n<td data-start=\"3055\" data-end=\"3065\" data-col-size=\"sm\"><strong data-start=\"3057\" data-end=\"3064\">7\u00d77<\/strong><\/td>\n<td data-start=\"3065\" data-end=\"3074\" data-col-size=\"sm\">Moyen<\/td>\n<td data-start=\"3074\" data-end=\"3107\" data-col-size=\"sm\">Levage l\u00e9ger, c\u00e2bles de commande<\/td>\n<\/tr>\n<tr data-start=\"3108\" data-end=\"3162\">\n<td data-start=\"3108\" data-end=\"3119\" data-col-size=\"sm\"><strong data-start=\"3110\" data-end=\"3118\">7\u00d719<\/strong><\/td>\n<td data-start=\"3119\" data-end=\"3126\" data-col-size=\"sm\">Haut<\/td>\n<td data-start=\"3126\" data-end=\"3162\" data-col-size=\"sm\">Gr\u00e9ement marin, poulies, treuils<\/td>\n<\/tr>\n<tr data-start=\"3163\" data-end=\"3228\">\n<td data-start=\"3163\" data-end=\"3181\" data-col-size=\"sm\"><strong data-start=\"3165\" data-end=\"3180\">6\u00d719 \/ 6\u00d737<\/strong><\/td>\n<td data-start=\"3181\" data-end=\"3195\" data-col-size=\"sm\">Moyenne-\u00e9lev\u00e9e<\/td>\n<td data-start=\"3195\" data-end=\"3228\" data-col-size=\"sm\">Levage industriel et grues<\/td>\n<\/tr>\n<\/tbody>\n<\/table>\n<\/div>\n<\/div>\n<h2 data-start=\"3235\" data-end=\"3266\"><strong data-start=\"3238\" data-end=\"3266\">Guide de s\u00e9lection des mat\u00e9riaux<\/strong><\/h2>\n<div class=\"TyagGW_tableContainer\">\n<div class=\"group TyagGW_tableWrapper flex flex-col-reverse w-fit\" tabindex=\"-1\">\n<table class=\"w-fit min-w-(--thread-content-width)\" data-start=\"3268\" data-end=\"3541\">\n<thead data-start=\"3268\" data-end=\"3318\">\n<tr data-start=\"3268\" data-end=\"3318\">\n<th data-start=\"3268\" data-end=\"3276\" data-col-size=\"sm\">Grade<\/th>\n<th data-start=\"3276\" data-end=\"3299\" data-col-size=\"sm\">R\u00e9sistance \u00e0 la corrosion<\/th>\n<th data-start=\"3299\" data-end=\"3318\" data-col-size=\"sm\">Utilisation recommand\u00e9e<\/th>\n<\/tr>\n<\/thead>\n<tbody data-start=\"3333\" data-end=\"3541\">\n<tr data-start=\"3333\" data-end=\"3393\">\n<td data-start=\"3333\" data-end=\"3348\" data-col-size=\"sm\"><strong data-start=\"3335\" data-end=\"3347\">AISI 304<\/strong><\/td>\n<td data-start=\"3348\" data-end=\"3355\" data-col-size=\"sm\">Bon<\/td>\n<td data-start=\"3355\" data-end=\"3393\" data-col-size=\"sm\">Utilisation g\u00e9n\u00e9rale en ext\u00e9rieur et dans l'industrie<\/td>\n<\/tr>\n<tr data-start=\"3394\" data-end=\"3457\">\n<td data-start=\"3394\" data-end=\"3409\" data-col-size=\"sm\"><strong data-start=\"3396\" data-end=\"3408\">AISI 316<\/strong><\/td>\n<td data-start=\"3409\" data-end=\"3421\" data-col-size=\"sm\">Excellent<\/td>\n<td data-start=\"3421\" data-end=\"3457\" data-col-size=\"sm\">Environnements marins et chimiques<\/td>\n<\/tr>\n<tr data-start=\"3458\" data-end=\"3541\">\n<td data-start=\"3458\" data-end=\"3474\" data-col-size=\"sm\"><strong data-start=\"3460\" data-end=\"3473\">AISI 316L<\/strong><\/td>\n<td data-start=\"3474\" data-end=\"3500\" data-col-size=\"sm\">Excellente + soudabilit\u00e9<\/td>\n<td data-start=\"3500\" data-end=\"3541\" data-col-size=\"sm\">Alimentaire, m\u00e9dical et utilisation en cas de forte corrosion<\/td>\n<\/tr>\n<\/tbody>\n<\/table>\n<\/div>\n<\/div>\n<h2 data-start=\"3548\" data-end=\"3571\"><strong data-start=\"3551\" data-end=\"3571\">Pourquoi choisir Wonzh<\/strong><\/h2>\n<ul data-start=\"3573\" data-end=\"3875\">\n<li data-start=\"3573\" data-end=\"3636\">\n<p data-start=\"3575\" data-end=\"3636\">Contr\u00f4le strict de la qualit\u00e9, du tr\u00e9filage au toronnage final<\/p>\n<\/li>\n<li data-start=\"3637\" data-end=\"3695\">\n<p data-start=\"3639\" data-end=\"3695\">Large gamme de nuances d'acier inoxydable et de constructions<\/p>\n<\/li>\n<li data-start=\"3696\" data-end=\"3751\">\n<p data-start=\"3698\" data-end=\"3751\">Performances m\u00e9caniques stables dans des environnements difficiles<\/p>\n<\/li>\n<li data-start=\"3752\" data-end=\"3819\">\n<p data-start=\"3754\" data-end=\"3819\">Soutien technique pour la s\u00e9lection des c\u00e2bles et la conception des facteurs de s\u00e9curit\u00e9<\/p>\n<\/li>\n<li data-start=\"3820\" data-end=\"3875\">\n<p data-start=\"3822\" data-end=\"3875\">Approvisionnement mondial fiable et capacit\u00e9 de livraison rapide<\/p>\n<\/li>\n<\/ul>\n<h2 data-start=\"3882\" data-end=\"3923\"><strong data-start=\"3885\" data-end=\"3921\">Foire aux questions (FAQ)<\/strong><\/h2>\n<h3 data-start=\"3925\" data-end=\"3982\"><strong data-start=\"3929\" data-end=\"3980\">Q1 : \u00c0 quoi sert le c\u00e2ble en acier inoxydable ?<\/strong><\/h3>\n<p data-start=\"3983\" data-end=\"4114\">Il est largement utilis\u00e9 dans les gr\u00e9ements marins, les usines chimiques, l'architecture, les grues, les \u00e9quipements de transformation alimentaire et les syst\u00e8mes de tension ext\u00e9rieurs.<\/p>\n<h3 data-start=\"4116\" data-end=\"4199\"><strong data-start=\"4120\" data-end=\"4197\">Q2 : Quelle est la diff\u00e9rence entre les c\u00e2bles en acier inoxydable 304 et 316 ?<\/strong><\/h3>\n<ul data-start=\"4200\" data-end=\"4358\">\n<li data-start=\"4200\" data-end=\"4273\">\n<p data-start=\"4202\" data-end=\"4273\"><strong data-start=\"4202\" data-end=\"4210\">304:<\/strong> bonne r\u00e9sistance \u00e0 la corrosion, convient \u00e0 une utilisation g\u00e9n\u00e9rale en ext\u00e9rieur.<\/p>\n<\/li>\n<li data-start=\"4274\" data-end=\"4358\">\n<p data-start=\"4276\" data-end=\"4358\"><strong data-start=\"4276\" data-end=\"4284\">316:<\/strong> R\u00e9sistance sup\u00e9rieure \u00e0 la corrosion, id\u00e9al pour les environnements marins et chimiques.<\/p>\n<\/li>\n<\/ul>\n<h3 data-start=\"4360\" data-end=\"4409\"><strong data-start=\"4364\" data-end=\"4407\">Q3 : Quelle construction dois-je choisir ?<\/strong><\/h3>\n<ul data-start=\"4410\" data-end=\"4522\">\n<li data-start=\"4410\" data-end=\"4446\">\n<p data-start=\"4412\" data-end=\"4446\">Pour les structures statiques \u2192 <strong data-start=\"4436\" data-end=\"4444\">1\u00d719<\/strong><\/p>\n<\/li>\n<li data-start=\"4447\" data-end=\"4483\">\n<p data-start=\"4449\" data-end=\"4483\">Pour un mouvement souple \u2192 <strong data-start=\"4473\" data-end=\"4481\">7\u00d719<\/strong><\/p>\n<\/li>\n<li data-start=\"4484\" data-end=\"4522\">\n<p data-start=\"4486\" data-end=\"4522\">Pour le levage de charges lourdes \u2192 <strong data-start=\"4506\" data-end=\"4522\">6\u00d719 ou 6\u00d737<\/strong><\/p>\n<\/li>\n<\/ul>\n<h3 data-start=\"4524\" data-end=\"4589\"><strong data-start=\"4528\" data-end=\"4587\">Q4 : Les c\u00e2bles en acier inoxydable peuvent-ils \u00eatre utilis\u00e9s dans l'eau sal\u00e9e ?<\/strong><\/h3>\n<p data-start=\"4590\" data-end=\"4686\">Oui. <strong data-start=\"4595\" data-end=\"4607\">AISI 316<\/strong> L'acier inoxydable est fortement recommand\u00e9 pour les applications en eau sal\u00e9e et en mer.<\/p>\n<h3 data-start=\"4688\" data-end=\"4732\"><strong data-start=\"4692\" data-end=\"4730\">Q5 : Proposez-vous des diam\u00e8tres personnalis\u00e9s ?<\/strong><\/h3>\n<p data-start=\"4733\" data-end=\"4824\">Oui. Nous pouvons produire des diam\u00e8tres, des constructions et des qualit\u00e9s sur mesure en fonction de vos besoins.<\/p>","protected":false},"excerpt":{"rendered":"<p>Les c\u00e2bles en acier inoxydable fournis par Wonzh sont fabriqu\u00e9s \u00e0 partir d'aciers inoxydables aust\u00e9nitiques de haute qualit\u00e9, tels que les aciers AISI 304 et AISI 316, qui offrent une excellente r\u00e9sistance \u00e0 la corrosion, une bonne r\u00e9sistance m\u00e9canique et une bonne r\u00e9sistance \u00e0 la fatigue dans les environnements difficiles.<\/p>","protected":false},"featured_media":1506,"comment_status":"open","ping_status":"closed","template":"","meta":{"site-sidebar-layout":"default","site-content-layout":"","ast-site-content-layout":"default","site-content-style":"default","site-sidebar-style":"default","ast-global-header-display":"","ast-banner-title-visibility":"","ast-main-header-display":"","ast-hfb-above-header-display":"","ast-hfb-below-header-display":"","ast-hfb-mobile-header-display":"","site-post-title":"","ast-breadcrumbs-content":"","ast-featured-img":"","footer-sml-layout":"","ast-disable-related-posts":"","theme-transparent-header-meta":"default","adv-header-id-meta":"","stick-header-meta":"default","header-above-stick-meta":"","header-main-stick-meta":"","header-below-stick-meta":"","astra-migrate-meta-layouts":"set","ast-page-background-enabled":"default","ast-page-background-meta":{"desktop":{"background-color":"","background-image":"","background-repeat":"repeat","background-position":"center center","background-size":"auto","background-attachment":"scroll","background-type":"","background-media":"","overlay-type":"","overlay-color":"","overlay-opacity":"","overlay-gradient":""},"tablet":{"background-color":"","background-image":"","background-repeat":"repeat","background-position":"center center","background-size":"auto","background-attachment":"scroll","background-type":"","background-media":"","overlay-type":"","overlay-color":"","overlay-opacity":"","overlay-gradient":""},"mobile":{"background-color":"","background-image":"","background-repeat":"repeat","background-position":"center center","background-size":"auto","background-attachment":"scroll","background-type":"","background-media":"","overlay-type":"","overlay-color":"","overlay-opacity":"","overlay-gradient":""}},"ast-content-background-meta":{"desktop":{"background-color":"var(--ast-global-color-5)","background-image":"","background-repeat":"repeat","background-position":"center center","background-size":"auto","background-attachment":"scroll","background-type":"","background-media":"","overlay-type":"","overlay-color":"","overlay-opacity":"","overlay-gradient":""},"tablet":{"background-color":"var(--ast-global-color-5)","background-image":"","background-repeat":"repeat","background-position":"center center","background-size":"auto","background-attachment":"scroll","background-type":"","background-media":"","overlay-type":"","overlay-color":"","overlay-opacity":"","overlay-gradient":""},"mobile":{"background-color":"var(--ast-global-color-5)","background-image":"","background-repeat":"repeat","background-position":"center center","background-size":"auto","background-attachment":"scroll","background-type":"","background-media":"","overlay-type":"","overlay-color":"","overlay-opacity":"","overlay-gradient":""}}},"product_brand":[],"product_cat":[22],"product_tag":[263,262,115,116,265,266,261,257,267,254,260,264,118,113],"class_list":{"0":"post-1453","1":"product","2":"type-product","3":"status-publish","4":"has-post-thumbnail","6":"product_cat-wire-rope-lifting-accessories","7":"product_tag-1x19-stainless-cable","8":"product_tag-7x19-stainless-rope","9":"product_tag-aisi-304-wire-rope","10":"product_tag-aisi-316-wire-rope","11":"product_tag-architectural-cable","12":"product_tag-chemical-industry-rope","13":"product_tag-china-wire-rope-manufacturer","14":"product_tag-corrosion-resistant-rope","15":"product_tag-din-stainless-wire-rope","16":"product_tag-hoisting-cable","17":"product_tag-iso-wire-rope","18":"product_tag-iwrc-stainless-rope","19":"product_tag-marine-wire-rope","20":"product_tag-stainless-steel-wire-rope","21":"desktop-align-left","22":"tablet-align-left","23":"mobile-align-left","25":"first","26":"instock","27":"shipping-taxable","28":"product-type-simple"},"_links":{"self":[{"href":"https:\/\/www.wonzh.com\/fr\/wp-json\/wp\/v2\/product\/1453","targetHints":{"allow":["GET"]}}],"collection":[{"href":"https:\/\/www.wonzh.com\/fr\/wp-json\/wp\/v2\/product"}],"about":[{"href":"https:\/\/www.wonzh.com\/fr\/wp-json\/wp\/v2\/types\/product"}],"replies":[{"embeddable":true,"href":"https:\/\/www.wonzh.com\/fr\/wp-json\/wp\/v2\/comments?post=1453"}],"wp:featuredmedia":[{"embeddable":true,"href":"https:\/\/www.wonzh.com\/fr\/wp-json\/wp\/v2\/media\/1506"}],"wp:attachment":[{"href":"https:\/\/www.wonzh.com\/fr\/wp-json\/wp\/v2\/media?parent=1453"}],"wp:term":[{"taxonomy":"product_brand","embeddable":true,"href":"https:\/\/www.wonzh.com\/fr\/wp-json\/wp\/v2\/product_brand?post=1453"},{"taxonomy":"product_cat","embeddable":true,"href":"https:\/\/www.wonzh.com\/fr\/wp-json\/wp\/v2\/product_cat?post=1453"},{"taxonomy":"product_tag","embeddable":true,"href":"https:\/\/www.wonzh.com\/fr\/wp-json\/wp\/v2\/product_tag?post=1453"}],"curies":[{"name":"wp","href":"https:\/\/api.w.org\/{rel}","templated":true}]}}