{"id":1450,"date":"2026-02-03T14:29:35","date_gmt":"2026-02-03T14:29:35","guid":{"rendered":"https:\/\/www.wonzh.com\/?post_type=product&#038;p=1450"},"modified":"2026-02-05T05:02:29","modified_gmt":"2026-02-05T05:02:29","slug":"galvanized-steel-wire-rope-for-lifting-hoisting-and-industrial-applications","status":"publish","type":"product","link":"https:\/\/www.wonzh.com\/fr\/product\/galvanized-steel-wire-rope-for-lifting-hoisting-and-industrial-applications\/","title":{"rendered":"C\u00e2bles en acier galvanis\u00e9 pour le levage et les applications industrielles"},"content":{"rendered":"<p data-start=\"583\" data-end=\"958\">Les c\u00e2bles en acier galvanis\u00e9 fournis par Wonzh sont fabriqu\u00e9s \u00e0 partir de fils d'acier au carbone de haute qualit\u00e9 qui sont galvanis\u00e9s \u00e0 chaud ou par \u00e9lectrolyse pour am\u00e9liorer la r\u00e9sistance \u00e0 la corrosion et la dur\u00e9e de vie. Le rev\u00eatement de zinc offre une protection efficace contre l'humidit\u00e9, les produits chimiques et les environnements ext\u00e9rieurs difficiles, ce qui le rend id\u00e9al pour les applications de levage, d'h\u00e9litreuillage, de gr\u00e9ement et de structure.<\/p>\n<p data-start=\"960\" data-end=\"1274\">Nos c\u00e2bles galvanis\u00e9s sont produits selon des normes de contr\u00f4le de qualit\u00e9 strictes, garantissant une r\u00e9sistance \u00e0 la traction, une flexibilit\u00e9 et une r\u00e9sistance \u00e0 la fatigue constantes. La technologie de toronnage de pr\u00e9cision minimise la friction interne entre les fils, ce qui am\u00e9liore la stabilit\u00e9 de la charge et la s\u00e9curit\u00e9 op\u00e9rationnelle dans des conditions de travail dynamiques.<\/p>\n<p data-start=\"1276\" data-end=\"1621\">En tant que fournisseur exp\u00e9riment\u00e9 de composants industriels, Wonzh propose des constructions standard ainsi que des solutions de c\u00e2bles m\u00e9talliques personnalis\u00e9es adapt\u00e9es aux exigences de charge, aux conditions d'abrasion et \u00e0 l'exposition \u00e0 l'environnement. Notre \u00e9quipe technique prend en charge la s\u00e9lection du diam\u00e8tre, du type d'\u00e2me, du mod\u00e8le de construction et de la finition de surface en fonction des besoins r\u00e9els de l'application.<\/p>\n<h2 data-start=\"1628\" data-end=\"1647\"><strong data-start=\"1631\" data-end=\"1647\">Caract\u00e9ristiques principales<\/strong><\/h2>\n<ul data-start=\"1649\" data-end=\"1979\">\n<li data-start=\"1649\" data-end=\"1709\">\n<p data-start=\"1651\" data-end=\"1709\">Excellente r\u00e9sistance \u00e0 la corrosion gr\u00e2ce au rev\u00eatement galvanis\u00e9<\/p>\n<\/li>\n<li data-start=\"1710\" data-end=\"1770\">\n<p data-start=\"1712\" data-end=\"1770\">R\u00e9sistance \u00e9lev\u00e9e \u00e0 la traction et capacit\u00e9 de charge fiable<\/p>\n<\/li>\n<li data-start=\"1771\" data-end=\"1814\">\n<p data-start=\"1773\" data-end=\"1814\">Bonne flexibilit\u00e9 et r\u00e9sistance \u00e0 la fatigue<\/p>\n<\/li>\n<li data-start=\"1815\" data-end=\"1871\">\n<p data-start=\"1817\" data-end=\"1871\">Longue dur\u00e9e de vie dans les environnements ext\u00e9rieurs et marins<\/p>\n<\/li>\n<li data-start=\"1872\" data-end=\"1939\">\n<p data-start=\"1874\" data-end=\"1939\">Convient pour le levage dynamique et les applications structurelles statiques<\/p>\n<\/li>\n<li data-start=\"1940\" data-end=\"1979\">\n<p data-start=\"1942\" data-end=\"1979\">Dimensions standard et personnalis\u00e9es disponibles<\/p>\n<\/li>\n<\/ul>\n<h2 data-start=\"1986\" data-end=\"2013\"><strong data-start=\"1989\" data-end=\"2013\">Applications typiques<\/strong><\/h2>\n<ul data-start=\"2015\" data-end=\"2270\">\n<li data-start=\"2015\" data-end=\"2048\">\n<p data-start=\"2017\" data-end=\"2048\">Grues et \u00e9quipements de levage<\/p>\n<\/li>\n<li data-start=\"2049\" data-end=\"2074\">\n<p data-start=\"2051\" data-end=\"2074\">Ascenseurs et treuils<\/p>\n<\/li>\n<li data-start=\"2075\" data-end=\"2112\">\n<p data-start=\"2077\" data-end=\"2112\">Machines pour l'exploitation mini\u00e8re et la construction<\/p>\n<\/li>\n<li data-start=\"2113\" data-end=\"2147\">\n<p data-start=\"2115\" data-end=\"2147\">Op\u00e9rations maritimes et offshore<\/p>\n<\/li>\n<li data-start=\"2148\" data-end=\"2188\">\n<p data-start=\"2150\" data-end=\"2188\">Ponts suspendus et syst\u00e8mes de c\u00e2bles<\/p>\n<\/li>\n<li data-start=\"2189\" data-end=\"2230\">\n<p data-start=\"2191\" data-end=\"2230\">Gr\u00e9ements industriels et \u00e9lingues de levage<\/p>\n<\/li>\n<li data-start=\"2231\" data-end=\"2270\">\n<p data-start=\"2233\" data-end=\"2270\">Machines agricoles et foresti\u00e8res<\/p>\n<\/li>\n<\/ul>\n<h2 data-start=\"2277\" data-end=\"2329\"><strong data-start=\"2280\" data-end=\"2327\">Param\u00e8tres techniques (gamme repr\u00e9sentative)<\/strong><\/h2>\n<div class=\"TyagGW_tableContainer\">\n<div class=\"group TyagGW_tableWrapper flex flex-col-reverse w-fit\" tabindex=\"-1\">\n<table class=\"w-fit min-w-(--thread-content-width)\" data-start=\"2331\" data-end=\"2794\">\n<thead data-start=\"2331\" data-end=\"2368\">\n<tr data-start=\"2331\" data-end=\"2368\">\n<th data-start=\"2331\" data-end=\"2343\" data-col-size=\"sm\">Param\u00e8tres<\/th>\n<th data-start=\"2343\" data-end=\"2368\" data-col-size=\"md\">Sp\u00e9cification \/ Gamme<\/th>\n<\/tr>\n<\/thead>\n<tbody data-start=\"2379\" data-end=\"2794\">\n<tr data-start=\"2379\" data-end=\"2424\">\n<td data-start=\"2379\" data-end=\"2394\" data-col-size=\"sm\">Type de produit<\/td>\n<td data-start=\"2394\" data-end=\"2424\" data-col-size=\"md\">C\u00e2ble en acier galvanis\u00e9<\/td>\n<\/tr>\n<tr data-start=\"2425\" data-end=\"2484\">\n<td data-start=\"2425\" data-end=\"2440\" data-col-size=\"sm\">Type de rev\u00eatement<\/td>\n<td data-start=\"2440\" data-end=\"2484\" data-col-size=\"md\">Galvanis\u00e9 \u00e0 chaud ou \u00e9lectro-galvanis\u00e9<\/td>\n<\/tr>\n<tr data-start=\"2485\" data-end=\"2543\">\n<td data-start=\"2485\" data-end=\"2510\" data-col-size=\"sm\">Construction de c\u00e2bles m\u00e9talliques<\/td>\n<td data-start=\"2510\" data-end=\"2543\" data-col-size=\"md\">6\u00d719, 6\u00d737, 7\u00d719, 7\u00d77, 6\u00d736WS<\/td>\n<\/tr>\n<tr data-start=\"2544\" data-end=\"2612\">\n<td data-start=\"2544\" data-end=\"2556\" data-col-size=\"sm\">Type de noyau<\/td>\n<td data-start=\"2556\" data-end=\"2612\" data-col-size=\"md\">FC (Fiber Core) ou IWRC (Independent Wire Rope Core)<\/td>\n<\/tr>\n<tr data-start=\"2613\" data-end=\"2665\">\n<td data-start=\"2613\" data-end=\"2630\" data-col-size=\"sm\">Gamme de diam\u00e8tres<\/td>\n<td data-start=\"2630\" data-end=\"2665\" data-col-size=\"md\">2 mm - 60 mm (sur mesure)<\/td>\n<\/tr>\n<tr data-start=\"2666\" data-end=\"2704\">\n<td data-start=\"2666\" data-end=\"2685\" data-col-size=\"sm\">R\u00e9sistance \u00e0 la traction<\/td>\n<td data-start=\"2685\" data-end=\"2704\" data-col-size=\"md\">1570 - 1960 MPa<\/td>\n<\/tr>\n<tr data-start=\"2705\" data-end=\"2751\">\n<td data-start=\"2705\" data-end=\"2722\" data-col-size=\"sm\">Finition de la surface<\/td>\n<td data-start=\"2722\" data-end=\"2751\" data-col-size=\"md\">Rev\u00eatement galvanis\u00e9 lisse<\/td>\n<\/tr>\n<tr data-start=\"2752\" data-end=\"2794\">\n<td data-start=\"2752\" data-end=\"2774\" data-col-size=\"sm\">Normes prises en charge<\/td>\n<td data-start=\"2774\" data-end=\"2794\" data-col-size=\"md\">ISO, DIN, EN, GB<\/td>\n<\/tr>\n<\/tbody>\n<\/table>\n<\/div>\n<\/div>\n<h2 data-start=\"2801\" data-end=\"2838\"><strong data-start=\"2804\" data-end=\"2838\">Constructions courantes de c\u00e2bles m\u00e9talliques<\/strong><\/h2>\n<div class=\"TyagGW_tableContainer\">\n<div class=\"group TyagGW_tableWrapper flex flex-col-reverse w-fit\" tabindex=\"-1\">\n<table class=\"w-fit min-w-(--thread-content-width)\" data-start=\"2840\" data-end=\"3150\">\n<thead data-start=\"2840\" data-end=\"2884\">\n<tr data-start=\"2840\" data-end=\"2884\">\n<th data-start=\"2840\" data-end=\"2855\" data-col-size=\"sm\">La construction<\/th>\n<th data-start=\"2855\" data-end=\"2869\" data-col-size=\"sm\">Flexibilit\u00e9<\/th>\n<th data-start=\"2869\" data-end=\"2884\" data-col-size=\"sm\">Utilisation typique<\/th>\n<\/tr>\n<\/thead>\n<tbody data-start=\"2899\" data-end=\"3150\">\n<tr data-start=\"2899\" data-end=\"2960\">\n<td data-start=\"2899\" data-end=\"2920\" data-col-size=\"sm\"><strong data-start=\"2901\" data-end=\"2919\">6\u00d719 + FC\/IWRC<\/strong><\/td>\n<td data-start=\"2920\" data-end=\"2929\" data-col-size=\"sm\">Moyen<\/td>\n<td data-start=\"2929\" data-end=\"2960\" data-col-size=\"sm\">Levage et gr\u00e9ement en g\u00e9n\u00e9ral<\/td>\n<\/tr>\n<tr data-start=\"2961\" data-end=\"3030\">\n<td data-start=\"2961\" data-end=\"2982\" data-col-size=\"sm\"><strong data-start=\"2963\" data-end=\"2981\">6\u00d737 + FC\/IWRC<\/strong><\/td>\n<td data-start=\"2982\" data-end=\"2989\" data-col-size=\"sm\">Haut<\/td>\n<td data-start=\"2989\" data-end=\"3030\" data-col-size=\"sm\">Grues, treuils, applications dynamiques<\/td>\n<\/tr>\n<tr data-start=\"3031\" data-end=\"3091\">\n<td data-start=\"3031\" data-end=\"3042\" data-col-size=\"sm\"><strong data-start=\"3033\" data-end=\"3041\">7\u00d719<\/strong><\/td>\n<td data-start=\"3042\" data-end=\"3058\" data-col-size=\"sm\">Tr\u00e8s flexible<\/td>\n<td data-start=\"3058\" data-end=\"3091\" data-col-size=\"sm\">Levage marin et l\u00e9ger<\/td>\n<\/tr>\n<tr data-start=\"3092\" data-end=\"3150\">\n<td data-start=\"3092\" data-end=\"3105\" data-col-size=\"sm\"><strong data-start=\"3094\" data-end=\"3104\">6\u00d736WS<\/strong><\/td>\n<td data-start=\"3105\" data-end=\"3121\" data-col-size=\"sm\">Haute r\u00e9sistance<\/td>\n<td data-start=\"3121\" data-end=\"3150\" data-col-size=\"sm\">Utilisation industrielle intensive<\/td>\n<\/tr>\n<\/tbody>\n<\/table>\n<\/div>\n<\/div>\n<h2 data-start=\"3157\" data-end=\"3195\"><strong data-start=\"3160\" data-end=\"3195\">Guide de s\u00e9lection des mat\u00e9riaux et des noyaux<\/strong><\/h2>\n<div class=\"TyagGW_tableContainer\">\n<div class=\"group TyagGW_tableWrapper flex flex-col-reverse w-fit\" tabindex=\"-1\">\n<table class=\"w-fit min-w-(--thread-content-width)\" data-start=\"3197\" data-end=\"3433\">\n<thead data-start=\"3197\" data-end=\"3241\">\n<tr data-start=\"3197\" data-end=\"3241\">\n<th data-start=\"3197\" data-end=\"3209\" data-col-size=\"sm\">Type de noyau<\/th>\n<th data-start=\"3209\" data-end=\"3222\" data-col-size=\"sm\">Avantages<\/th>\n<th data-start=\"3222\" data-end=\"3241\" data-col-size=\"sm\">Recommand\u00e9 pour<\/th>\n<\/tr>\n<\/thead>\n<tbody data-start=\"3256\" data-end=\"3433\">\n<tr data-start=\"3256\" data-end=\"3335\">\n<td data-start=\"3256\" data-end=\"3278\" data-col-size=\"sm\"><strong data-start=\"3258\" data-end=\"3277\">C\u0153ur de fibre (FC)<\/strong><\/td>\n<td data-start=\"3278\" data-end=\"3310\" data-col-size=\"sm\">Plus flexible, plus l\u00e9ger<\/td>\n<td data-start=\"3310\" data-end=\"3335\" data-col-size=\"sm\">Charges l\u00e9g\u00e8res \u00e0 moyennes<\/td>\n<\/tr>\n<tr data-start=\"3336\" data-end=\"3433\">\n<td data-start=\"3336\" data-end=\"3360\" data-col-size=\"sm\"><strong data-start=\"3338\" data-end=\"3359\">IWRC (noyau d'acier)<\/strong><\/td>\n<td data-start=\"3360\" data-end=\"3396\" data-col-size=\"sm\">Plus grande r\u00e9sistance, meilleure stabilit\u00e9<\/td>\n<td data-start=\"3396\" data-end=\"3433\" data-col-size=\"sm\">Charges lourdes et temp\u00e9ratures \u00e9lev\u00e9es<\/td>\n<\/tr>\n<\/tbody>\n<\/table>\n<\/div>\n<\/div>\n<h2 data-start=\"3440\" data-end=\"3463\"><strong data-start=\"3443\" data-end=\"3463\">Pourquoi choisir Wonzh<\/strong><\/h2>\n<ul data-start=\"3465\" data-end=\"3772\">\n<li data-start=\"3465\" data-end=\"3528\">\n<p data-start=\"3467\" data-end=\"3528\">Contr\u00f4le strict de la qualit\u00e9, du tr\u00e9filage au toronnage final<\/p>\n<\/li>\n<li data-start=\"3529\" data-end=\"3592\">\n<p data-start=\"3531\" data-end=\"3592\">Plusieurs types de construction pour r\u00e9pondre \u00e0 diff\u00e9rentes applications<\/p>\n<\/li>\n<li data-start=\"3593\" data-end=\"3651\">\n<p data-start=\"3595\" data-end=\"3651\">Rev\u00eatement galvanis\u00e9 r\u00e9sistant \u00e0 la corrosion pour une utilisation en ext\u00e9rieur<\/p>\n<\/li>\n<li data-start=\"3652\" data-end=\"3719\">\n<p data-start=\"3654\" data-end=\"3719\">Soutien technique pour la s\u00e9lection des c\u00e2bles et la conception des facteurs de s\u00e9curit\u00e9<\/p>\n<\/li>\n<li data-start=\"3720\" data-end=\"3772\">\n<p data-start=\"3722\" data-end=\"3772\">Cha\u00eene d'approvisionnement stable et livraison fiable \u00e0 l'\u00e9chelle mondiale<\/p>\n<\/li>\n<\/ul>\n<h2 data-start=\"3779\" data-end=\"3820\"><strong data-start=\"3782\" data-end=\"3818\">Foire aux questions (FAQ)<\/strong><\/h2>\n<h3 data-start=\"3822\" data-end=\"3874\"><strong data-start=\"3826\" data-end=\"3872\">Q1 : A quoi sert le c\u00e2ble m\u00e9tallique galvanis\u00e9 ?<\/strong><\/h3>\n<p data-start=\"3875\" data-end=\"4006\">Il est utilis\u00e9 pour le levage, l'h\u00e9litreuillage, le gr\u00e9ement, la suspension et le soutien structurel dans les applications industrielles, de construction et marines.<\/p>\n<h3 data-start=\"4008\" data-end=\"4067\"><strong data-start=\"4012\" data-end=\"4065\">Q2 : Quelle est la diff\u00e9rence entre 6\u00d719 et 6\u00d737 ?<\/strong><\/h3>\n<ul data-start=\"4068\" data-end=\"4201\">\n<li data-start=\"4068\" data-end=\"4133\">\n<p data-start=\"4070\" data-end=\"4133\"><strong data-start=\"4070\" data-end=\"4079\">6\u00d719 :<\/strong> plus solide et plus r\u00e9sistant \u00e0 l'usure, mais moins flexible.<\/p>\n<\/li>\n<li data-start=\"4134\" data-end=\"4201\">\n<p data-start=\"4136\" data-end=\"4201\"><strong data-start=\"4136\" data-end=\"4145\">6\u00d737 :<\/strong> plus flexibles, mieux adapt\u00e9s aux mouvements dynamiques et aux poulies.<\/p>\n<\/li>\n<\/ul>\n<h3 data-start=\"4203\" data-end=\"4244\"><strong data-start=\"4207\" data-end=\"4242\">Q3 : Quel noyau dois-je choisir ?<\/strong><\/h3>\n<ul data-start=\"4245\" data-end=\"4337\">\n<li data-start=\"4245\" data-end=\"4286\">\n<p data-start=\"4247\" data-end=\"4286\">Pour la flexibilit\u00e9 \u2192 <strong data-start=\"4265\" data-end=\"4284\">C\u0153ur de fibre (FC)<\/strong><\/p>\n<\/li>\n<li data-start=\"4287\" data-end=\"4337\">\n<p data-start=\"4289\" data-end=\"4337\">Pour une capacit\u00e9 de charge plus \u00e9lev\u00e9e \u2192 <strong data-start=\"4316\" data-end=\"4337\">IWRC (noyau d'acier)<\/strong><\/p>\n<\/li>\n<\/ul>\n<h3 data-start=\"4339\" data-end=\"4410\"><strong data-start=\"4343\" data-end=\"4408\">Q4 : Les c\u00e2bles m\u00e9talliques galvanis\u00e9s conviennent-ils aux environnements marins ?<\/strong><\/h3>\n<p data-start=\"4411\" data-end=\"4565\">Le rev\u00eatement galvanis\u00e9 offre une bonne r\u00e9sistance \u00e0 la corrosion, mais pour des conditions marines tr\u00e8s agressives, un c\u00e2ble en acier inoxydable peut \u00eatre recommand\u00e9.<\/p>\n<h3 data-start=\"4567\" data-end=\"4611\"><strong data-start=\"4571\" data-end=\"4609\">Q5 : Proposez-vous des diam\u00e8tres personnalis\u00e9s ?<\/strong><\/h3>\n<p data-start=\"4612\" data-end=\"4705\">Oui. Nous pouvons produire des diam\u00e8tres, des constructions et des rev\u00eatements personnalis\u00e9s en fonction de vos besoins.<\/p>","protected":false},"excerpt":{"rendered":"<p>Les c\u00e2bles en acier galvanis\u00e9 fournis par Wonzh sont fabriqu\u00e9s \u00e0 partir de fils d'acier au carbone de haute qualit\u00e9 qui sont galvanis\u00e9s \u00e0 chaud ou par \u00e9lectrolyse pour am\u00e9liorer la r\u00e9sistance \u00e0 la corrosion et la dur\u00e9e de vie.<\/p>","protected":false},"featured_media":1502,"comment_status":"open","ping_status":"closed","template":"","meta":{"site-sidebar-layout":"default","site-content-layout":"","ast-site-content-layout":"default","site-content-style":"default","site-sidebar-style":"default","ast-global-header-display":"","ast-banner-title-visibility":"","ast-main-header-display":"","ast-hfb-above-header-display":"","ast-hfb-below-header-display":"","ast-hfb-mobile-header-display":"","site-post-title":"","ast-breadcrumbs-content":"","ast-featured-img":"","footer-sml-layout":"","ast-disable-related-posts":"","theme-transparent-header-meta":"default","adv-header-id-meta":"","stick-header-meta":"default","header-above-stick-meta":"","header-main-stick-meta":"","header-below-stick-meta":"","astra-migrate-meta-layouts":"set","ast-page-background-enabled":"default","ast-page-background-meta":{"desktop":{"background-color":"","background-image":"","background-repeat":"repeat","background-position":"center center","background-size":"auto","background-attachment":"scroll","background-type":"","background-media":"","overlay-type":"","overlay-color":"","overlay-opacity":"","overlay-gradient":""},"tablet":{"background-color":"","background-image":"","background-repeat":"repeat","background-position":"center center","background-size":"auto","background-attachment":"scroll","background-type":"","background-media":"","overlay-type":"","overlay-color":"","overlay-opacity":"","overlay-gradient":""},"mobile":{"background-color":"","background-image":"","background-repeat":"repeat","background-position":"center center","background-size":"auto","background-attachment":"scroll","background-type":"","background-media":"","overlay-type":"","overlay-color":"","overlay-opacity":"","overlay-gradient":""}},"ast-content-background-meta":{"desktop":{"background-color":"var(--ast-global-color-5)","background-image":"","background-repeat":"repeat","background-position":"center center","background-size":"auto","background-attachment":"scroll","background-type":"","background-media":"","overlay-type":"","overlay-color":"","overlay-opacity":"","overlay-gradient":""},"tablet":{"background-color":"var(--ast-global-color-5)","background-image":"","background-repeat":"repeat","background-position":"center center","background-size":"auto","background-attachment":"scroll","background-type":"","background-media":"","overlay-type":"","overlay-color":"","overlay-opacity":"","overlay-gradient":""},"mobile":{"background-color":"var(--ast-global-color-5)","background-image":"","background-repeat":"repeat","background-position":"center center","background-size":"auto","background-attachment":"scroll","background-type":"","background-media":"","overlay-type":"","overlay-color":"","overlay-opacity":"","overlay-gradient":""}}},"product_brand":[],"product_cat":[22],"product_tag":[261,257,256,259,253,249,258,254,119,260,252,255,118,250,251],"class_list":{"0":"post-1450","1":"product","2":"type-product","3":"status-publish","4":"has-post-thumbnail","6":"product_cat-wire-rope-lifting-accessories","7":"product_tag-china-wire-rope-manufacturer","8":"product_tag-corrosion-resistant-rope","9":"product_tag-crane-wire-rope","10":"product_tag-din-wire-rope","11":"product_tag-fiber-core-wire-rope","12":"product_tag-galvanized-steel-wire-rope","13":"product_tag-high-tensile-wire-rope","14":"product_tag-hoisting-cable","15":"product_tag-industrial-wire-rope","16":"product_tag-iso-wire-rope","17":"product_tag-iwrc-wire-rope","18":"product_tag-lifting-rope","19":"product_tag-marine-wire-rope","20":"product_tag-wire-rope-6x19","21":"product_tag-wire-rope-6x37","22":"desktop-align-left","23":"tablet-align-left","24":"mobile-align-left","26":"first","27":"instock","28":"shipping-taxable","29":"product-type-simple"},"_links":{"self":[{"href":"https:\/\/www.wonzh.com\/fr\/wp-json\/wp\/v2\/product\/1450","targetHints":{"allow":["GET"]}}],"collection":[{"href":"https:\/\/www.wonzh.com\/fr\/wp-json\/wp\/v2\/product"}],"about":[{"href":"https:\/\/www.wonzh.com\/fr\/wp-json\/wp\/v2\/types\/product"}],"replies":[{"embeddable":true,"href":"https:\/\/www.wonzh.com\/fr\/wp-json\/wp\/v2\/comments?post=1450"}],"wp:featuredmedia":[{"embeddable":true,"href":"https:\/\/www.wonzh.com\/fr\/wp-json\/wp\/v2\/media\/1502"}],"wp:attachment":[{"href":"https:\/\/www.wonzh.com\/fr\/wp-json\/wp\/v2\/media?parent=1450"}],"wp:term":[{"taxonomy":"product_brand","embeddable":true,"href":"https:\/\/www.wonzh.com\/fr\/wp-json\/wp\/v2\/product_brand?post=1450"},{"taxonomy":"product_cat","embeddable":true,"href":"https:\/\/www.wonzh.com\/fr\/wp-json\/wp\/v2\/product_cat?post=1450"},{"taxonomy":"product_tag","embeddable":true,"href":"https:\/\/www.wonzh.com\/fr\/wp-json\/wp\/v2\/product_tag?post=1450"}],"curies":[{"name":"wp","href":"https:\/\/api.w.org\/{rel}","templated":true}]}}