{"id":1449,"date":"2026-02-03T14:26:49","date_gmt":"2026-02-03T14:26:49","guid":{"rendered":"https:\/\/www.wonzh.com\/?post_type=product&#038;p=1449"},"modified":"2026-02-04T15:24:03","modified_gmt":"2026-02-04T15:24:03","slug":"custom-industrial-sealing-solutions-engineered-to-your-application","status":"publish","type":"product","link":"https:\/\/www.wonzh.com\/fr\/product\/custom-industrial-sealing-solutions-engineered-to-your-application\/","title":{"rendered":"Solutions d'\u00e9tanch\u00e9it\u00e9 industrielle personnalis\u00e9es - con\u00e7ues pour votre application"},"content":{"rendered":"<p data-start=\"592\" data-end=\"1072\">Les solutions d'\u00e9tanch\u00e9it\u00e9 personnalis\u00e9es fournies par Wonzh sont des syst\u00e8mes d'\u00e9tanch\u00e9it\u00e9 d\u00e9velopp\u00e9s sp\u00e9cifiquement pour les conditions de fonctionnement, les conceptions d'\u00e9quipement et les exigences de performance d\u00e9finies par le client. Au lieu de s'appuyer uniquement sur des produits de catalogue standard, nous analysons les donn\u00e9es d'application r\u00e9elles - y compris la pression, la temp\u00e9rature, la vitesse, le support, l'espace d'installation et les attentes en mati\u00e8re de dur\u00e9e de vie - afin de concevoir des solutions d'\u00e9tanch\u00e9it\u00e9 optimis\u00e9es qui maximisent la fiabilit\u00e9 et minimisent le co\u00fbt total de possession.<\/p>\n<p data-start=\"1074\" data-end=\"1513\">En s'appuyant sur des mat\u00e9riaux avanc\u00e9s tels que le carbure de silicium, le carbure de tungst\u00e8ne, le graphite de carbone, les \u00e9lastom\u00e8res haute performance, les composites PTFE et les polym\u00e8res sp\u00e9cialis\u00e9s, Wonzh fournit des joints m\u00e9caniques, des joints hydrauliques, des joints toriques, des joints d'huile et des assemblages d'\u00e9tanch\u00e9it\u00e9 int\u00e9gr\u00e9s sur mesure pour des syst\u00e8mes industriels complexes. Notre processus de d\u00e9veloppement int\u00e8gre la simulation, l'essai de prototypes et la validation sur le terrain afin de garantir les performances dans des conditions de travail r\u00e9elles.<\/p>\n<p data-start=\"1515\" data-end=\"1786\">Gr\u00e2ce \u00e0 son exp\u00e9rience intersectorielle dans les domaines des pompes, de l'hydraulique, des syst\u00e8mes de transmission, des machines lourdes et des \u00e9quipements de traitement, Wonzh agit non seulement en tant que fournisseur, mais aussi en tant que partenaire technique, apportant son soutien \u00e0 la s\u00e9lection des mat\u00e9riaux, \u00e0 la conception structurelle, \u00e0 l'analyse des d\u00e9faillances et \u00e0 l'optimisation du cycle de vie.<\/p>\n<h2 data-start=\"1793\" data-end=\"1821\"><strong data-start=\"1796\" data-end=\"1821\">Ce que nous pouvons personnaliser<\/strong><\/h2>\n<div class=\"TyagGW_tableContainer\">\n<div class=\"group TyagGW_tableWrapper flex flex-col-reverse w-fit\" tabindex=\"-1\">\n<table class=\"w-fit min-w-(--thread-content-width)\" data-start=\"1823\" data-end=\"2406\">\n<thead data-start=\"1823\" data-end=\"1862\">\n<tr data-start=\"1823\" data-end=\"1862\">\n<th data-start=\"1823\" data-end=\"1844\" data-col-size=\"sm\">Zone de personnalisation<\/th>\n<th data-start=\"1844\" data-end=\"1862\" data-col-size=\"md\">Ce que nous pouvons faire<\/th>\n<\/tr>\n<\/thead>\n<tbody data-start=\"1873\" data-end=\"2406\">\n<tr data-start=\"1873\" data-end=\"1948\">\n<td data-start=\"1873\" data-end=\"1889\" data-col-size=\"sm\"><strong data-start=\"1875\" data-end=\"1888\">Type de joint<\/strong><\/td>\n<td data-start=\"1889\" data-end=\"1948\" data-col-size=\"md\">M\u00e9canique, hydraulique, joint torique, joint d'huile, joint composite<\/td>\n<\/tr>\n<tr data-start=\"1949\" data-end=\"2038\">\n<td data-start=\"1949\" data-end=\"1971\" data-col-size=\"sm\"><strong data-start=\"1951\" data-end=\"1970\">Syst\u00e8me de mat\u00e9riaux<\/strong><\/td>\n<td data-start=\"1971\" data-end=\"2038\" data-col-size=\"md\">SiC, carbure de tungst\u00e8ne, PTFE, PU, FKM, NBR, EPDM, alliages sp\u00e9ciaux<\/td>\n<\/tr>\n<tr data-start=\"2039\" data-end=\"2105\">\n<td data-start=\"2039\" data-end=\"2056\" data-col-size=\"sm\"><strong data-start=\"2041\" data-end=\"2055\">Dimensions<\/strong><\/td>\n<td data-start=\"2056\" data-end=\"2105\" data-col-size=\"md\">Tailles d'arbre, de logement et de rainure non standard<\/td>\n<\/tr>\n<tr data-start=\"2106\" data-end=\"2173\">\n<td data-start=\"2106\" data-end=\"2122\" data-col-size=\"sm\"><strong data-start=\"2108\" data-end=\"2121\">Structure<\/strong><\/td>\n<td data-start=\"2122\" data-end=\"2173\" data-col-size=\"md\">Joints \u00e0 cartouche, joints \u00e0 fente, joints multi-\u00e9tages<\/td>\n<\/tr>\n<tr data-start=\"2174\" data-end=\"2241\">\n<td data-start=\"2174\" data-end=\"2198\" data-col-size=\"sm\"><strong data-start=\"2176\" data-end=\"2197\">Traitement de surface<\/strong><\/td>\n<td data-start=\"2198\" data-end=\"2241\" data-col-size=\"md\">Rev\u00eatements, durcissement, finitions anti-usure<\/td>\n<\/tr>\n<tr data-start=\"2242\" data-end=\"2330\">\n<td data-start=\"2242\" data-end=\"2267\" data-col-size=\"sm\"><strong data-start=\"2244\" data-end=\"2266\">Objectif de performance<\/strong><\/td>\n<td data-start=\"2267\" data-end=\"2330\" data-col-size=\"md\">Pression, temp\u00e9rature, vitesse ou r\u00e9sistance chimique plus \u00e9lev\u00e9es<\/td>\n<\/tr>\n<tr data-start=\"2331\" data-end=\"2406\">\n<td data-start=\"2331\" data-end=\"2349\" data-col-size=\"sm\"><strong data-start=\"2333\" data-end=\"2348\">Int\u00e9gration<\/strong><\/td>\n<td data-start=\"2349\" data-end=\"2406\" data-col-size=\"md\">Modules d'\u00e9tanch\u00e9it\u00e9 pr\u00e9-assembl\u00e9s pour une installation plus facile<\/td>\n<\/tr>\n<\/tbody>\n<\/table>\n<\/div>\n<\/div>\n<h2 data-start=\"2413\" data-end=\"2440\"><strong data-start=\"2416\" data-end=\"2440\">Applications typiques<\/strong><\/h2>\n<ul data-start=\"2442\" data-end=\"2768\">\n<li data-start=\"2442\" data-end=\"2479\">\n<p data-start=\"2444\" data-end=\"2479\">V\u00e9rins hydrauliques \u00e0 haute pression<\/p>\n<\/li>\n<li data-start=\"2480\" data-end=\"2523\">\n<p data-start=\"2482\" data-end=\"2523\">Pompes chimiques pour fluides corrosifs<\/p>\n<\/li>\n<li data-start=\"2524\" data-end=\"2558\">\n<p data-start=\"2526\" data-end=\"2558\">\u00c9quipement de traitement du p\u00e9trole et du gaz<\/p>\n<\/li>\n<li data-start=\"2559\" data-end=\"2594\">\n<p data-start=\"2561\" data-end=\"2594\">Machines d'exploitation mini\u00e8re et machines lourdes<\/p>\n<\/li>\n<li data-start=\"2595\" data-end=\"2639\">\n<p data-start=\"2597\" data-end=\"2639\">Syst\u00e8mes de traitement des aliments et des produits pharmaceutiques<\/p>\n<\/li>\n<li data-start=\"2640\" data-end=\"2680\">\n<p data-start=\"2642\" data-end=\"2680\">Production d'\u00e9nergie et syst\u00e8mes de turbines<\/p>\n<\/li>\n<li data-start=\"2681\" data-end=\"2736\">\n<p data-start=\"2683\" data-end=\"2736\">\u00c9quipements de fabrication de semi-conducteurs et de pr\u00e9cision<\/p>\n<\/li>\n<li data-start=\"2737\" data-end=\"2768\">\n<p data-start=\"2739\" data-end=\"2768\">Syst\u00e8mes marins et offshore<\/p>\n<\/li>\n<\/ul>\n<h2 data-start=\"2775\" data-end=\"2827\"><strong data-start=\"2778\" data-end=\"2825\">Gamme de capacit\u00e9s techniques (repr\u00e9sentative)<\/strong><\/h2>\n<div class=\"TyagGW_tableContainer\">\n<div class=\"group TyagGW_tableWrapper flex flex-col-reverse w-fit\" tabindex=\"-1\">\n<table class=\"w-fit min-w-(--thread-content-width)\" data-start=\"2829\" data-end=\"3292\">\n<thead data-start=\"2829\" data-end=\"2855\">\n<tr data-start=\"2829\" data-end=\"2855\">\n<th data-start=\"2829\" data-end=\"2841\" data-col-size=\"sm\">Param\u00e8tres<\/th>\n<th data-start=\"2841\" data-end=\"2855\" data-col-size=\"md\">Capacit\u00e9<\/th>\n<\/tr>\n<\/thead>\n<tbody data-start=\"2866\" data-end=\"3292\">\n<tr data-start=\"2866\" data-end=\"2927\">\n<td data-start=\"2866\" data-end=\"2887\" data-col-size=\"sm\">Pression de fonctionnement<\/td>\n<td data-start=\"2887\" data-end=\"2927\" data-col-size=\"md\">Jusqu'\u00e0 <strong data-start=\"2895\" data-end=\"2905\">60 MPa<\/strong> (en fonction du projet)<\/td>\n<\/tr>\n<tr data-start=\"2928\" data-end=\"2992\">\n<td data-start=\"2928\" data-end=\"2948\" data-col-size=\"sm\">Plage de temp\u00e9rature<\/td>\n<td data-start=\"2948\" data-end=\"2992\" data-col-size=\"md\"><strong data-start=\"2950\" data-end=\"2969\">De -60\u00b0C \u00e0 +300\u00b0C<\/strong> (en fonction des mat\u00e9riaux)<\/td>\n<\/tr>\n<tr data-start=\"2993\" data-end=\"3054\">\n<td data-start=\"2993\" data-end=\"3009\" data-col-size=\"sm\">Vitesse de glissement<\/td>\n<td data-start=\"3009\" data-end=\"3054\" data-col-size=\"md\">Jusqu'\u00e0 <strong data-start=\"3017\" data-end=\"3028\">2,0 m\/s<\/strong> (en fonction de l'application)<\/td>\n<\/tr>\n<tr data-start=\"3055\" data-end=\"3098\">\n<td data-start=\"3055\" data-end=\"3068\" data-col-size=\"sm\">Taille de l'arbre<\/td>\n<td data-start=\"3068\" data-end=\"3098\" data-col-size=\"md\">De <strong data-start=\"3075\" data-end=\"3096\">\u00d85 mm \u00e0 \u00d81500 mm<\/strong><\/td>\n<\/tr>\n<tr data-start=\"3099\" data-end=\"3163\">\n<td data-start=\"3099\" data-end=\"3121\" data-col-size=\"sm\">Compatibilit\u00e9 des m\u00e9dias<\/td>\n<td data-start=\"3121\" data-end=\"3163\" data-col-size=\"md\">Huile, eau, produits chimiques, vapeur, boues<\/td>\n<\/tr>\n<tr data-start=\"3164\" data-end=\"3226\">\n<td data-start=\"3164\" data-end=\"3187\" data-col-size=\"sm\">Normes r\u00e9f\u00e9renc\u00e9es<\/td>\n<td data-start=\"3187\" data-end=\"3226\" data-col-size=\"md\">ISO, DIN, AS568, normes du client<\/td>\n<\/tr>\n<tr data-start=\"3227\" data-end=\"3292\">\n<td data-start=\"3227\" data-end=\"3247\" data-col-size=\"sm\">Tests disponibles<\/td>\n<td data-start=\"3247\" data-end=\"3292\" data-col-size=\"md\">Essai de pression, essai d'usure, cycle thermique<\/td>\n<\/tr>\n<\/tbody>\n<\/table>\n<\/div>\n<\/div>\n<h2 data-start=\"3299\" data-end=\"3336\"><strong data-start=\"3302\" data-end=\"3336\">Notre processus de d\u00e9veloppement personnalis\u00e9<\/strong><\/h2>\n<ol data-start=\"3338\" data-end=\"3812\">\n<li data-start=\"3338\" data-end=\"3412\">\n<p data-start=\"3341\" data-end=\"3412\"><strong data-start=\"3341\" data-end=\"3365\">Analyse des applications<\/strong> - recueillir les donn\u00e9es d'exploitation et l'historique des d\u00e9faillances<\/p>\n<\/li>\n<li data-start=\"3413\" data-end=\"3481\">\n<p data-start=\"3416\" data-end=\"3481\"><strong data-start=\"3416\" data-end=\"3434\">Conception<\/strong> - proposer une structure de joint et un syst\u00e8me de mat\u00e9riaux<\/p>\n<\/li>\n<li data-start=\"3482\" data-end=\"3553\">\n<p data-start=\"3485\" data-end=\"3553\"><strong data-start=\"3485\" data-end=\"3513\">Simulation et calcul<\/strong> - \u00e9valuer les contraintes, les frottements et l'usure<\/p>\n<\/li>\n<li data-start=\"3554\" data-end=\"3607\">\n<p data-start=\"3557\" data-end=\"3607\"><strong data-start=\"3557\" data-end=\"3584\">Fabrication de prototypes<\/strong> - construire des \u00e9chantillons de joints<\/p>\n<\/li>\n<li data-start=\"3608\" data-end=\"3666\">\n<p data-start=\"3611\" data-end=\"3666\"><strong data-start=\"3611\" data-end=\"3634\">Tests de performance<\/strong> - validation en laboratoire et\/ou sur le terrain<\/p>\n<\/li>\n<li data-start=\"3667\" data-end=\"3739\">\n<p data-start=\"3670\" data-end=\"3739\"><strong data-start=\"3670\" data-end=\"3693\">Optimisation de la conception<\/strong> - affiner pour assurer la durabilit\u00e9 et la rentabilit\u00e9<\/p>\n<\/li>\n<li data-start=\"3740\" data-end=\"3812\">\n<p data-start=\"3743\" data-end=\"3812\"><strong data-start=\"3743\" data-end=\"3772\">Production de masse et soutien<\/strong> - un approvisionnement stable et un service technique<\/p>\n<\/li>\n<\/ol>\n<h2 data-start=\"3819\" data-end=\"3859\"><strong data-start=\"3822\" data-end=\"3859\">Pourquoi choisir Wonzh pour des scell\u00e9s sur mesure ?<\/strong><\/h2>\n<ul data-start=\"3861\" data-end=\"4163\">\n<li data-start=\"3861\" data-end=\"3903\">\n<p data-start=\"3863\" data-end=\"3903\">Approche d'ing\u00e9nierie ax\u00e9e sur l'application<\/p>\n<\/li>\n<li data-start=\"3904\" data-end=\"3972\">\n<p data-start=\"3906\" data-end=\"3972\">Large portefeuille de mat\u00e9riaux couvrant les m\u00e9taux, les c\u00e9ramiques et les polym\u00e8res<\/p>\n<\/li>\n<li data-start=\"3973\" data-end=\"4033\">\n<p data-start=\"3975\" data-end=\"4033\">Capacit\u00e9 int\u00e9gr\u00e9e de conception, d'essai et de fabrication<\/p>\n<\/li>\n<li data-start=\"4034\" data-end=\"4095\">\n<p data-start=\"4036\" data-end=\"4095\">Exp\u00e9rience dans des environnements industriels difficiles et \u00e0 haut risque<\/p>\n<\/li>\n<li data-start=\"4096\" data-end=\"4163\">\n<p data-start=\"4098\" data-end=\"4163\">Partenariat technique \u00e0 long terme plut\u00f4t que ventes transactionnelles<\/p>\n<\/li>\n<\/ul>\n<h2 data-start=\"4170\" data-end=\"4211\"><strong data-start=\"4173\" data-end=\"4209\">Foire aux questions (FAQ)<\/strong><\/h2>\n<h3 data-start=\"4213\" data-end=\"4274\"><strong data-start=\"4217\" data-end=\"4272\">Q1 : Quand devrais-je choisir une solution d'\u00e9tanch\u00e9it\u00e9 personnalis\u00e9e ?<\/strong><\/h3>\n<p data-start=\"4275\" data-end=\"4458\">Choisissez l'\u00e9tanch\u00e9it\u00e9 sur mesure lorsque votre \u00e9quipement fonctionne sous <strong data-start=\"4332\" data-end=\"4413\">des contraintes non standard de pression, de temp\u00e9rature, de vitesse, de support ou d'installation<\/strong> o\u00f9 les joints d'\u00e9tanch\u00e9it\u00e9 de catalogue ne peuvent pas fonctionner de mani\u00e8re fiable.<\/p>\n<h3 data-start=\"4460\" data-end=\"4507\"><strong data-start=\"4464\" data-end=\"4505\">Q2 : Avez-vous besoin de dessins pour commencer ?<\/strong><\/h3>\n<p data-start=\"4508\" data-end=\"4680\">Les donn\u00e9es pr\u00e9f\u00e9r\u00e9es comprennent : la taille de l'arbre, la taille du bo\u00eetier, la pression, la temp\u00e9rature, la vitesse, le support et les photos de d\u00e9faillance. Si les dessins ne sont pas disponibles, nous pouvons vous aider \u00e0 d\u00e9finir les sp\u00e9cifications.<\/p>\n<h3 data-start=\"4682\" data-end=\"4727\"><strong data-start=\"4686\" data-end=\"4725\">Q3 : Combien de temps dure le d\u00e9veloppement ?<\/strong><\/h3>\n<p data-start=\"4728\" data-end=\"4833\">Calendrier type : <strong data-start=\"4746\" data-end=\"4759\">2-6 semaines<\/strong>, En fonction de la complexit\u00e9, des exigences en mati\u00e8re de tests et des it\u00e9rations du prototype.<\/p>\n<h3 data-start=\"4835\" data-end=\"4880\"><strong data-start=\"4839\" data-end=\"4878\">Q4 : Peut-on modifier la conception d'un joint d\u00e9fectueux ?<\/strong><\/h3>\n<p data-start=\"4881\" data-end=\"4973\">Oui. Nous fournissons <strong data-start=\"4897\" data-end=\"4941\">analyse des d\u00e9faillances + reconception + validation<\/strong> des services de pr\u00e9vention des r\u00e9cidives.<\/p>\n<h3 data-start=\"4975\" data-end=\"5027\"><strong data-start=\"4979\" data-end=\"5025\">Q5 : Soutenez-vous la production en petites s\u00e9ries ?<\/strong><\/h3>\n<p data-start=\"5028\" data-end=\"5088\">Oui. Nous prenons en charge les prototypes, les petits lots et la production de masse.<\/p>","protected":false},"excerpt":{"rendered":"<p>Les solutions d'\u00e9tanch\u00e9it\u00e9 personnalis\u00e9es fournies par Wonzh sont des syst\u00e8mes d'\u00e9tanch\u00e9it\u00e9 d\u00e9velopp\u00e9s sp\u00e9cifiquement pour les conditions de fonctionnement, les conceptions d'\u00e9quipement et les exigences de performance d\u00e9finies par le client.<\/p>","protected":false},"featured_media":1499,"comment_status":"open","ping_status":"closed","template":"","meta":{"site-sidebar-layout":"default","site-content-layout":"","ast-site-content-layout":"default","site-content-style":"default","site-sidebar-style":"default","ast-global-header-display":"","ast-banner-title-visibility":"","ast-main-header-display":"","ast-hfb-above-header-display":"","ast-hfb-below-header-display":"","ast-hfb-mobile-header-display":"","site-post-title":"","ast-breadcrumbs-content":"","ast-featured-img":"","footer-sml-layout":"","ast-disable-related-posts":"","theme-transparent-header-meta":"default","adv-header-id-meta":"","stick-header-meta":"default","header-above-stick-meta":"","header-main-stick-meta":"","header-below-stick-meta":"","astra-migrate-meta-layouts":"set","ast-page-background-enabled":"default","ast-page-background-meta":{"desktop":{"background-color":"","background-image":"","background-repeat":"repeat","background-position":"center center","background-size":"auto","background-attachment":"scroll","background-type":"","background-media":"","overlay-type":"","overlay-color":"","overlay-opacity":"","overlay-gradient":""},"tablet":{"background-color":"","background-image":"","background-repeat":"repeat","background-position":"center center","background-size":"auto","background-attachment":"scroll","background-type":"","background-media":"","overlay-type":"","overlay-color":"","overlay-opacity":"","overlay-gradient":""},"mobile":{"background-color":"","background-image":"","background-repeat":"repeat","background-position":"center center","background-size":"auto","background-attachment":"scroll","background-type":"","background-media":"","overlay-type":"","overlay-color":"","overlay-opacity":"","overlay-gradient":""}},"ast-content-background-meta":{"desktop":{"background-color":"var(--ast-global-color-5)","background-image":"","background-repeat":"repeat","background-position":"center center","background-size":"auto","background-attachment":"scroll","background-type":"","background-media":"","overlay-type":"","overlay-color":"","overlay-opacity":"","overlay-gradient":""},"tablet":{"background-color":"var(--ast-global-color-5)","background-image":"","background-repeat":"repeat","background-position":"center center","background-size":"auto","background-attachment":"scroll","background-type":"","background-media":"","overlay-type":"","overlay-color":"","overlay-opacity":"","overlay-gradient":""},"mobile":{"background-color":"var(--ast-global-color-5)","background-image":"","background-repeat":"repeat","background-position":"center center","background-size":"auto","background-attachment":"scroll","background-type":"","background-media":"","overlay-type":"","overlay-color":"","overlay-opacity":"","overlay-gradient":""}}},"product_brand":[],"product_cat":[21],"product_tag":[189,214,242,238,239,247,241,195,244,246,248,243,245,191,240],"class_list":{"0":"post-1449","1":"product","2":"type-product","3":"status-publish","4":"has-post-thumbnail","6":"product_cat-sealing-parts-sealing-systems","7":"product_tag-cartridge-mechanical-seal","8":"product_tag-china-seal-manufacturer","9":"product_tag-corrosion-resistant-seal","10":"product_tag-custom-sealing-solution","11":"product_tag-engineered-seal","12":"product_tag-failure-analysis-seal","13":"product_tag-high-temperature-seal","14":"product_tag-high-pressure-seal","15":"product_tag-hydraulic-custom-seal","16":"product_tag-industrial-sealing-engineering","17":"product_tag-oem-sealing-solution","18":"product_tag-ptfe-composite-seal","19":"product_tag-pump-custom-seal","20":"product_tag-sic-seal","21":"product_tag-special-seal-design","22":"desktop-align-left","23":"tablet-align-left","24":"mobile-align-left","26":"first","27":"instock","28":"shipping-taxable","29":"product-type-simple"},"_links":{"self":[{"href":"https:\/\/www.wonzh.com\/fr\/wp-json\/wp\/v2\/product\/1449","targetHints":{"allow":["GET"]}}],"collection":[{"href":"https:\/\/www.wonzh.com\/fr\/wp-json\/wp\/v2\/product"}],"about":[{"href":"https:\/\/www.wonzh.com\/fr\/wp-json\/wp\/v2\/types\/product"}],"replies":[{"embeddable":true,"href":"https:\/\/www.wonzh.com\/fr\/wp-json\/wp\/v2\/comments?post=1449"}],"wp:featuredmedia":[{"embeddable":true,"href":"https:\/\/www.wonzh.com\/fr\/wp-json\/wp\/v2\/media\/1499"}],"wp:attachment":[{"href":"https:\/\/www.wonzh.com\/fr\/wp-json\/wp\/v2\/media?parent=1449"}],"wp:term":[{"taxonomy":"product_brand","embeddable":true,"href":"https:\/\/www.wonzh.com\/fr\/wp-json\/wp\/v2\/product_brand?post=1449"},{"taxonomy":"product_cat","embeddable":true,"href":"https:\/\/www.wonzh.com\/fr\/wp-json\/wp\/v2\/product_cat?post=1449"},{"taxonomy":"product_tag","embeddable":true,"href":"https:\/\/www.wonzh.com\/fr\/wp-json\/wp\/v2\/product_tag?post=1449"}],"curies":[{"name":"wp","href":"https:\/\/api.w.org\/{rel}","templated":true}]}}