{"id":1446,"date":"2026-02-03T14:22:59","date_gmt":"2026-02-03T14:22:59","guid":{"rendered":"https:\/\/www.wonzh.com\/?post_type=product&#038;p=1446"},"modified":"2026-02-04T15:05:01","modified_gmt":"2026-02-04T15:05:01","slug":"high-performance-hydraulic-seals-for-cylinders-and-fluid-power-systems","status":"publish","type":"product","link":"https:\/\/www.wonzh.com\/fr\/product\/high-performance-hydraulic-seals-for-cylinders-and-fluid-power-systems\/","title":{"rendered":"Joints hydrauliques haute performance pour v\u00e9rins et syst\u00e8mes d'alimentation en fluide"},"content":{"rendered":"<p data-start=\"555\" data-end=\"914\">Les joints hydrauliques fournis par Wonzh sont des composants d'\u00e9tanch\u00e9it\u00e9 de pr\u00e9cision con\u00e7us pour emp\u00eacher les fuites de fluide et maintenir la stabilit\u00e9 de la pression dans les cylindres hydrauliques, les pompes et les syst\u00e8mes d'alimentation en fluide. Ces joints jouent un r\u00f4le essentiel en assurant un mouvement r\u00e9gulier du piston, en emp\u00eachant les fuites internes et en prot\u00e9geant les syst\u00e8mes hydrauliques de la contamination et de l'usure.<\/p>\n<p data-start=\"916\" data-end=\"1340\">Fabriqu\u00e9s \u00e0 partir de mat\u00e9riaux \u00e9lastom\u00e8res et polym\u00e8res avanc\u00e9s tels que le PU (polyur\u00e9thane), le NBR, le FKM, le PTFE et les compos\u00e9s PTFE, les joints hydrauliques Wonzh offrent une excellente r\u00e9sistance \u00e0 l'abrasion, une faible friction et une durabilit\u00e9 \u00e0 haute pression. Le moulage de pr\u00e9cision, l'usinage CNC et l'inspection stricte de la qualit\u00e9 garantissent la pr\u00e9cision des dimensions, une \u00e9tanch\u00e9it\u00e9 fiable et une dur\u00e9e de vie prolong\u00e9e, m\u00eame dans des conditions de fonctionnement difficiles.<\/p>\n<p data-start=\"1342\" data-end=\"1686\">En tant que fournisseur exp\u00e9riment\u00e9 de joints industriels, Wonzh propose des profils de joints hydrauliques standard ainsi que des solutions personnalis\u00e9es adapt\u00e9es aux exigences de pression, de vitesse, de temp\u00e9rature et de compatibilit\u00e9 des fluides. Notre \u00e9quipe d'ing\u00e9nieurs prend en charge la s\u00e9lection des joints, l'optimisation de la conception des rainures et le d\u00e9pannage des applications afin de maximiser la fiabilit\u00e9 du syst\u00e8me.<\/p>\n<h2 data-start=\"1693\" data-end=\"1712\"><strong data-start=\"1696\" data-end=\"1712\">Caract\u00e9ristiques principales<\/strong><\/h2>\n<ul data-start=\"1714\" data-end=\"2014\">\n<li data-start=\"1714\" data-end=\"1767\">\n<p data-start=\"1716\" data-end=\"1767\">Excellentes performances d'\u00e9tanch\u00e9it\u00e9 sous haute pression<\/p>\n<\/li>\n<li data-start=\"1768\" data-end=\"1815\">\n<p data-start=\"1770\" data-end=\"1815\">Faible frottement et consommation d'\u00e9nergie r\u00e9duite<\/p>\n<\/li>\n<li data-start=\"1816\" data-end=\"1860\">\n<p data-start=\"1818\" data-end=\"1860\">Forte r\u00e9sistance \u00e0 l'abrasion et \u00e0 l'extrusion<\/p>\n<\/li>\n<li data-start=\"1861\" data-end=\"1906\">\n<p data-start=\"1863\" data-end=\"1906\">Adapt\u00e9 aux mouvements dynamiques alternatifs<\/p>\n<\/li>\n<li data-start=\"1907\" data-end=\"1960\">\n<p data-start=\"1909\" data-end=\"1960\">Large compatibilit\u00e9 des mat\u00e9riaux avec les fluides hydrauliques<\/p>\n<\/li>\n<li data-start=\"1961\" data-end=\"2014\">\n<p data-start=\"1963\" data-end=\"2014\">Conceptions personnalis\u00e9es disponibles pour des applications sp\u00e9ciales<\/p>\n<\/li>\n<\/ul>\n<h2 data-start=\"2021\" data-end=\"2048\"><strong data-start=\"2024\" data-end=\"2048\">Applications typiques<\/strong><\/h2>\n<ul data-start=\"2050\" data-end=\"2337\">\n<li data-start=\"2050\" data-end=\"2073\">\n<p data-start=\"2052\" data-end=\"2073\">Cylindres hydrauliques<\/p>\n<\/li>\n<li data-start=\"2074\" data-end=\"2115\">\n<p data-start=\"2076\" data-end=\"2115\">Pelles et machines de construction<\/p>\n<\/li>\n<li data-start=\"2116\" data-end=\"2163\">\n<p data-start=\"2118\" data-end=\"2163\">Presses industrielles et \u00e9quipement d'automatisation<\/p>\n<\/li>\n<li data-start=\"2164\" data-end=\"2184\">\n<p data-start=\"2166\" data-end=\"2184\">Machines d'exploitation mini\u00e8re<\/p>\n<\/li>\n<li data-start=\"2185\" data-end=\"2228\">\n<p data-start=\"2187\" data-end=\"2228\">Chariots \u00e9l\u00e9vateurs et syst\u00e8mes de manutention<\/p>\n<\/li>\n<li data-start=\"2229\" data-end=\"2255\">\n<p data-start=\"2231\" data-end=\"2255\">Mat\u00e9riel agricole<\/p>\n<\/li>\n<li data-start=\"2256\" data-end=\"2289\">\n<p data-start=\"2258\" data-end=\"2289\">Syst\u00e8mes hydrauliques pour le p\u00e9trole et le gaz<\/p>\n<\/li>\n<li data-start=\"2290\" data-end=\"2337\">\n<p data-start=\"2292\" data-end=\"2337\">Groupes hydrauliques mobiles et stationnaires<\/p>\n<\/li>\n<\/ul>\n<h2 data-start=\"2344\" data-end=\"2381\"><strong data-start=\"2347\" data-end=\"2381\">Types de joints hydrauliques que nous fournissons<\/strong><\/h2>\n<div class=\"TyagGW_tableContainer\">\n<div class=\"group TyagGW_tableWrapper flex flex-col-reverse w-fit\" tabindex=\"-1\">\n<table class=\"w-fit min-w-(--thread-content-width)\" data-start=\"2383\" data-end=\"2809\">\n<thead data-start=\"2383\" data-end=\"2426\">\n<tr data-start=\"2383\" data-end=\"2426\">\n<th data-start=\"2383\" data-end=\"2395\" data-col-size=\"sm\">Type de joint<\/th>\n<th data-start=\"2395\" data-end=\"2406\" data-col-size=\"md\">Fonction<\/th>\n<th data-start=\"2406\" data-end=\"2426\" data-col-size=\"sm\">Position type<\/th>\n<\/tr>\n<\/thead>\n<tbody data-start=\"2441\" data-end=\"2809\">\n<tr data-start=\"2441\" data-end=\"2516\">\n<td data-start=\"2441\" data-end=\"2455\" data-col-size=\"sm\">Joint de piston<\/td>\n<td data-start=\"2455\" data-end=\"2497\" data-col-size=\"md\">Emp\u00eache les fuites internes au niveau du piston<\/td>\n<td data-start=\"2497\" data-end=\"2516\" data-col-size=\"sm\">Cylindre int\u00e9rieur<\/td>\n<\/tr>\n<tr data-start=\"2517\" data-end=\"2591\">\n<td data-start=\"2517\" data-end=\"2528\" data-col-size=\"sm\">Joint de tige<\/td>\n<td data-start=\"2528\" data-end=\"2570\" data-col-size=\"md\">Emp\u00eache les fuites externes du cylindre<\/td>\n<td data-start=\"2570\" data-end=\"2591\" data-col-size=\"sm\">Sortie de la tige de cylindre<\/td>\n<\/tr>\n<tr data-start=\"2592\" data-end=\"2662\">\n<td data-start=\"2592\" data-end=\"2605\" data-col-size=\"sm\">Joint d'essuie-glace<\/td>\n<td data-start=\"2605\" data-end=\"2643\" data-col-size=\"md\">Bloque la poussi\u00e8re, la salet\u00e9 et les contaminants<\/td>\n<td data-start=\"2643\" data-end=\"2662\" data-col-size=\"sm\">Point d'entr\u00e9e de la tige<\/td>\n<\/tr>\n<tr data-start=\"2663\" data-end=\"2728\">\n<td data-start=\"2663\" data-end=\"2676\" data-col-size=\"sm\">Anneau de guidage<\/td>\n<td data-start=\"2676\" data-end=\"2710\" data-col-size=\"md\">Emp\u00eache le contact m\u00e9tal contre m\u00e9tal<\/td>\n<td data-start=\"2710\" data-end=\"2728\" data-col-size=\"sm\">Piston et tige<\/td>\n<\/tr>\n<tr data-start=\"2729\" data-end=\"2809\">\n<td data-start=\"2729\" data-end=\"2743\" data-col-size=\"sm\">Anneau de secours<\/td>\n<td data-start=\"2743\" data-end=\"2789\" data-col-size=\"md\">Emp\u00eache l'extrusion du joint sous haute pression<\/td>\n<td data-start=\"2789\" data-end=\"2809\" data-col-size=\"sm\">Derri\u00e8re le joint principal<\/td>\n<\/tr>\n<\/tbody>\n<\/table>\n<\/div>\n<\/div>\n<h2 data-start=\"2816\" data-end=\"2868\"><strong data-start=\"2819\" data-end=\"2866\">Param\u00e8tres techniques (gamme repr\u00e9sentative)<\/strong><\/h2>\n<div class=\"TyagGW_tableContainer\">\n<div class=\"group TyagGW_tableWrapper flex flex-col-reverse w-fit\" tabindex=\"-1\">\n<table class=\"w-fit min-w-(--thread-content-width)\" data-start=\"2870\" data-end=\"3388\">\n<thead data-start=\"2870\" data-end=\"2907\">\n<tr data-start=\"2870\" data-end=\"2907\">\n<th data-start=\"2870\" data-end=\"2882\" data-col-size=\"sm\">Param\u00e8tres<\/th>\n<th data-start=\"2882\" data-end=\"2907\" data-col-size=\"md\">Sp\u00e9cification \/ Gamme<\/th>\n<\/tr>\n<\/thead>\n<tbody data-start=\"2918\" data-end=\"3388\">\n<tr data-start=\"2918\" data-end=\"2967\">\n<td data-start=\"2918\" data-end=\"2930\" data-col-size=\"sm\">Type de joint<\/td>\n<td data-start=\"2930\" data-end=\"2967\" data-col-size=\"md\">Piston, tige, racleur, guide, sauvegarde<\/td>\n<\/tr>\n<tr data-start=\"2968\" data-end=\"3029\">\n<td data-start=\"2968\" data-end=\"2989\" data-col-size=\"sm\">Pression de fonctionnement<\/td>\n<td data-start=\"2989\" data-end=\"3029\" data-col-size=\"md\">Jusqu'\u00e0 40 MPa (en fonction de l'application)<\/td>\n<\/tr>\n<tr data-start=\"3030\" data-end=\"3090\">\n<td data-start=\"3030\" data-end=\"3050\" data-col-size=\"sm\">Plage de temp\u00e9rature<\/td>\n<td data-start=\"3050\" data-end=\"3090\" data-col-size=\"md\">-40\u00b0C \u00e0 +120\u00b0C (en fonction du mat\u00e9riau)<\/td>\n<\/tr>\n<tr data-start=\"3091\" data-end=\"3150\">\n<td data-start=\"3091\" data-end=\"3107\" data-col-size=\"sm\">Vitesse de glissement<\/td>\n<td data-start=\"3107\" data-end=\"3150\" data-col-size=\"md\">Jusqu'\u00e0 1,0 m\/s (selon la configuration)<\/td>\n<\/tr>\n<tr data-start=\"3151\" data-end=\"3220\">\n<td data-start=\"3151\" data-end=\"3173\" data-col-size=\"sm\">Compatibilit\u00e9 des m\u00e9dias<\/td>\n<td data-start=\"3173\" data-end=\"3220\" data-col-size=\"md\">Huile min\u00e9rale, eau-glycol, fluides synth\u00e9tiques<\/td>\n<\/tr>\n<tr data-start=\"3221\" data-end=\"3281\">\n<td data-start=\"3221\" data-end=\"3243\" data-col-size=\"sm\">Mat\u00e9riaux disponibles<\/td>\n<td data-start=\"3243\" data-end=\"3281\" data-col-size=\"md\">PU, NBR, FKM, PTFE, PTFE composite<\/td>\n<\/tr>\n<tr data-start=\"3282\" data-end=\"3339\">\n<td data-start=\"3282\" data-end=\"3308\" data-col-size=\"sm\">Rugosit\u00e9 de surface (tige)<\/td>\n<td data-start=\"3308\" data-end=\"3339\" data-col-size=\"md\">Ra 0,2 - 0,4 \u03bcm recommand\u00e9<\/td>\n<\/tr>\n<tr data-start=\"3340\" data-end=\"3388\">\n<td data-start=\"3340\" data-end=\"3362\" data-col-size=\"sm\">Normes prises en charge<\/td>\n<td data-start=\"3362\" data-end=\"3388\" data-col-size=\"md\">Profils ISO disponibles<\/td>\n<\/tr>\n<\/tbody>\n<\/table>\n<\/div>\n<\/div>\n<h2 data-start=\"3395\" data-end=\"3426\"><strong data-start=\"3398\" data-end=\"3426\">Guide de s\u00e9lection des mat\u00e9riaux<\/strong><\/h2>\n<div class=\"TyagGW_tableContainer\">\n<div class=\"group TyagGW_tableWrapper flex flex-col-reverse w-fit\" tabindex=\"-1\">\n<table class=\"w-fit min-w-(--thread-content-width)\" data-start=\"3428\" data-end=\"3860\">\n<thead data-start=\"3428\" data-end=\"3467\">\n<tr data-start=\"3428\" data-end=\"3467\">\n<th data-start=\"3428\" data-end=\"3439\" data-col-size=\"sm\">Mat\u00e9riau<\/th>\n<th data-start=\"3439\" data-end=\"3453\" data-col-size=\"sm\">Utilisation typique<\/th>\n<th data-start=\"3453\" data-end=\"3467\" data-col-size=\"sm\">Avantages<\/th>\n<\/tr>\n<\/thead>\n<tbody data-start=\"3482\" data-end=\"3860\">\n<tr data-start=\"3482\" data-end=\"3558\">\n<td data-start=\"3482\" data-end=\"3506\" data-col-size=\"sm\"><strong data-start=\"3484\" data-end=\"3505\">PU (Polyur\u00e9thane)<\/strong><\/td>\n<td data-start=\"3506\" data-end=\"3529\" data-col-size=\"sm\">Cylindres robustes<\/td>\n<td data-start=\"3529\" data-end=\"3558\" data-col-size=\"sm\">Excellente r\u00e9sistance \u00e0 l'usure<\/td>\n<\/tr>\n<tr data-start=\"3559\" data-end=\"3632\">\n<td data-start=\"3559\" data-end=\"3569\" data-col-size=\"sm\"><strong data-start=\"3561\" data-end=\"3568\">NBR<\/strong><\/td>\n<td data-start=\"3569\" data-end=\"3593\" data-col-size=\"sm\">Huile hydraulique g\u00e9n\u00e9rale<\/td>\n<td data-start=\"3593\" data-end=\"3632\" data-col-size=\"sm\">Rentable, bonne r\u00e9sistance \u00e0 l'huile<\/td>\n<\/tr>\n<tr data-start=\"3633\" data-end=\"3706\">\n<td data-start=\"3633\" data-end=\"3651\" data-col-size=\"sm\"><strong data-start=\"3635\" data-end=\"3650\">FKM (Viton)<\/strong><\/td>\n<td data-start=\"3651\" data-end=\"3678\" data-col-size=\"sm\">Syst\u00e8mes \u00e0 haute temp\u00e9rature<\/td>\n<td data-start=\"3678\" data-end=\"3706\" data-col-size=\"sm\">R\u00e9sistance sup\u00e9rieure \u00e0 la chaleur<\/td>\n<\/tr>\n<tr data-start=\"3707\" data-end=\"3781\">\n<td data-start=\"3707\" data-end=\"3718\" data-col-size=\"sm\"><strong data-start=\"3709\" data-end=\"3717\">PTFE<\/strong><\/td>\n<td data-start=\"3718\" data-end=\"3746\" data-col-size=\"sm\">Applications \u00e0 faible frottement<\/td>\n<td data-start=\"3746\" data-end=\"3781\" data-col-size=\"sm\">Excellente r\u00e9sistance aux produits chimiques<\/td>\n<\/tr>\n<tr data-start=\"3782\" data-end=\"3860\">\n<td data-start=\"3782\" data-end=\"3803\" data-col-size=\"sm\"><strong data-start=\"3784\" data-end=\"3802\">Composite PTFE<\/strong><\/td>\n<td data-start=\"3803\" data-end=\"3828\" data-col-size=\"sm\">Charge et vitesse \u00e9lev\u00e9es<\/td>\n<td data-start=\"3828\" data-end=\"3860\" data-col-size=\"sm\">Tr\u00e8s faible frottement, longue dur\u00e9e de vie<\/td>\n<\/tr>\n<\/tbody>\n<\/table>\n<\/div>\n<\/div>\n<h2 data-start=\"3867\" data-end=\"3890\"><strong data-start=\"3870\" data-end=\"3890\">Pourquoi choisir Wonzh<\/strong><\/h2>\n<ul data-start=\"3892\" data-end=\"4160\">\n<li data-start=\"3892\" data-end=\"3956\">\n<p data-start=\"3894\" data-end=\"3956\">Contr\u00f4le strict de la qualit\u00e9 des mati\u00e8res premi\u00e8res jusqu'\u00e0 l'inspection finale<\/p>\n<\/li>\n<li data-start=\"3957\" data-end=\"4008\">\n<p data-start=\"3959\" data-end=\"4008\">Large gamme de profils de joints standard et personnalis\u00e9s<\/p>\n<\/li>\n<li data-start=\"4009\" data-end=\"4069\">\n<p data-start=\"4011\" data-end=\"4069\">Assistance technique pour la conception des rainures et la s\u00e9lection des joints<\/p>\n<\/li>\n<li data-start=\"4070\" data-end=\"4122\">\n<p data-start=\"4072\" data-end=\"4122\">Performances stables dans des environnements de travail difficiles<\/p>\n<\/li>\n<li data-start=\"4123\" data-end=\"4160\">\n<p data-start=\"4125\" data-end=\"4160\">Capacit\u00e9 d'approvisionnement fiable \u00e0 l'\u00e9chelle mondiale<\/p>\n<\/li>\n<\/ul>\n<h2 data-start=\"4167\" data-end=\"4208\"><strong data-start=\"4170\" data-end=\"4206\">Foire aux questions (FAQ)<\/strong><\/h2>\n<h3 data-start=\"4210\" data-end=\"4258\"><strong data-start=\"4214\" data-end=\"4256\">Q1 : \u00c0 quoi sert un joint hydraulique ?<\/strong><\/h3>\n<p data-start=\"4259\" data-end=\"4400\">Un joint hydraulique emp\u00eache les fuites de fluide et maintient la pression dans les cylindres et les syst\u00e8mes hydrauliques tout en permettant un mouvement alternatif r\u00e9gulier.<\/p>\n<h3 data-start=\"4402\" data-end=\"4472\"><strong data-start=\"4406\" data-end=\"4470\">Q2 : Quelle est la diff\u00e9rence entre un joint de piston et un joint de tige ?<\/strong><\/h3>\n<ul data-start=\"4473\" data-end=\"4620\">\n<li data-start=\"4473\" data-end=\"4540\">\n<p data-start=\"4475\" data-end=\"4540\"><strong data-start=\"4475\" data-end=\"4491\">Joint de piston :<\/strong> emp\u00eache les fuites internes \u00e0 l'int\u00e9rieur du cylindre.<\/p>\n<\/li>\n<li data-start=\"4541\" data-end=\"4620\">\n<p data-start=\"4543\" data-end=\"4620\"><strong data-start=\"4543\" data-end=\"4556\">Joint de tige :<\/strong> emp\u00eache les fuites externes de la bouteille vers l'environnement.<\/p>\n<\/li>\n<\/ul>\n<h3 data-start=\"4622\" data-end=\"4681\"><strong data-start=\"4626\" data-end=\"4679\">Q3 : Les joints hydrauliques peuvent-ils fonctionner sous haute pression ?<\/strong><\/h3>\n<p data-start=\"4682\" data-end=\"4785\">Oui. Avec un choix de mat\u00e9riaux et une conception de la gorge appropri\u00e9s, nos joints peuvent fonctionner de mani\u00e8re fiable jusqu'\u00e0 <strong data-start=\"4774\" data-end=\"4784\">40 MPa<\/strong>.<\/p>\n<h3 data-start=\"4787\" data-end=\"4832\"><strong data-start=\"4791\" data-end=\"4830\">Q4 : Quel mat\u00e9riau dois-je choisir ?<\/strong><\/h3>\n<ul data-start=\"4833\" data-end=\"4960\">\n<li data-start=\"4833\" data-end=\"4865\">\n<p data-start=\"4835\" data-end=\"4865\">Pour une utilisation intensive \u2192 <strong data-start=\"4857\" data-end=\"4863\">PU<\/strong><\/p>\n<\/li>\n<li data-start=\"4866\" data-end=\"4900\">\n<p data-start=\"4868\" data-end=\"4900\">Pour les temp\u00e9ratures \u00e9lev\u00e9es \u2192 <strong data-start=\"4891\" data-end=\"4898\">FKM<\/strong><\/p>\n<\/li>\n<li data-start=\"4901\" data-end=\"4932\">\n<p data-start=\"4903\" data-end=\"4932\">Pour un faible frottement \u2192 <strong data-start=\"4922\" data-end=\"4930\">PTFE<\/strong><\/p>\n<\/li>\n<li data-start=\"4933\" data-end=\"4960\">\n<p data-start=\"4935\" data-end=\"4960\">Pour un usage g\u00e9n\u00e9ral \u2192 <strong data-start=\"4953\" data-end=\"4960\">NBR<\/strong><\/p>\n<\/li>\n<\/ul>\n<h3 data-start=\"4962\" data-end=\"5004\"><strong data-start=\"4966\" data-end=\"5002\">Q5 : Proposez-vous des tailles personnalis\u00e9es ?<\/strong><\/h3>\n<p data-start=\"5005\" data-end=\"5122\">Oui. Nous pouvons fabriquer des joints en fonction des dimensions exactes du cylindre, de la pression, de la vitesse et de la temp\u00e9rature requises.<\/p>","protected":false},"excerpt":{"rendered":"<p>Les joints hydrauliques fournis par Wonzh sont des composants d'\u00e9tanch\u00e9it\u00e9 de pr\u00e9cision con\u00e7us pour emp\u00eacher les fuites de fluide et maintenir la stabilit\u00e9 de la pression dans les cylindres hydrauliques, les pompes et les syst\u00e8mes d'alimentation en fluide.<\/p>","protected":false},"featured_media":1496,"comment_status":"open","ping_status":"closed","template":"","meta":{"site-sidebar-layout":"default","site-content-layout":"","ast-site-content-layout":"default","site-content-style":"default","site-sidebar-style":"default","ast-global-header-display":"","ast-banner-title-visibility":"","ast-main-header-display":"","ast-hfb-above-header-display":"","ast-hfb-below-header-display":"","ast-hfb-mobile-header-display":"","site-post-title":"","ast-breadcrumbs-content":"","ast-featured-img":"","footer-sml-layout":"","ast-disable-related-posts":"","theme-transparent-header-meta":"default","adv-header-id-meta":"","stick-header-meta":"default","header-above-stick-meta":"","header-main-stick-meta":"","header-below-stick-meta":"","astra-migrate-meta-layouts":"set","ast-page-background-enabled":"default","ast-page-background-meta":{"desktop":{"background-color":"","background-image":"","background-repeat":"repeat","background-position":"center center","background-size":"auto","background-attachment":"scroll","background-type":"","background-media":"","overlay-type":"","overlay-color":"","overlay-opacity":"","overlay-gradient":""},"tablet":{"background-color":"","background-image":"","background-repeat":"repeat","background-position":"center center","background-size":"auto","background-attachment":"scroll","background-type":"","background-media":"","overlay-type":"","overlay-color":"","overlay-opacity":"","overlay-gradient":""},"mobile":{"background-color":"","background-image":"","background-repeat":"repeat","background-position":"center center","background-size":"auto","background-attachment":"scroll","background-type":"","background-media":"","overlay-type":"","overlay-color":"","overlay-opacity":"","overlay-gradient":""}},"ast-content-background-meta":{"desktop":{"background-color":"var(--ast-global-color-5)","background-image":"","background-repeat":"repeat","background-position":"center center","background-size":"auto","background-attachment":"scroll","background-type":"","background-media":"","overlay-type":"","overlay-color":"","overlay-opacity":"","overlay-gradient":""},"tablet":{"background-color":"var(--ast-global-color-5)","background-image":"","background-repeat":"repeat","background-position":"center center","background-size":"auto","background-attachment":"scroll","background-type":"","background-media":"","overlay-type":"","overlay-color":"","overlay-opacity":"","overlay-gradient":""},"mobile":{"background-color":"var(--ast-global-color-5)","background-image":"","background-repeat":"repeat","background-position":"center center","background-size":"auto","background-attachment":"scroll","background-type":"","background-media":"","overlay-type":"","overlay-color":"","overlay-opacity":"","overlay-gradient":""}}},"product_brand":[],"product_cat":[21],"product_tag":[230,214,237,233,236,229,195,235,203,190,232,226,234,231,227,228],"class_list":{"0":"post-1446","1":"product","2":"type-product","3":"status-publish","4":"has-post-thumbnail","6":"product_cat-sealing-parts-sealing-systems","7":"product_tag-backup-ring","8":"product_tag-china-seal-manufacturer","9":"product_tag-custom-hydraulic-seal","10":"product_tag-fkm-hydraulic-seal","11":"product_tag-fluid-power-seal","12":"product_tag-guide-ring","13":"product_tag-high-pressure-seal","14":"product_tag-hydraulic-cylinder-seal","15":"product_tag-hydraulic-seal","16":"product_tag-industrial-sealing","17":"product_tag-nbr-hydraulic-seal","18":"product_tag-piston-seal","19":"product_tag-ptfe-hydraulic-seal","20":"product_tag-pu-hydraulic-seal","21":"product_tag-rod-seal","22":"product_tag-wiper-seal","23":"desktop-align-left","24":"tablet-align-left","25":"mobile-align-left","27":"first","28":"instock","29":"shipping-taxable","30":"product-type-simple"},"_links":{"self":[{"href":"https:\/\/www.wonzh.com\/fr\/wp-json\/wp\/v2\/product\/1446","targetHints":{"allow":["GET"]}}],"collection":[{"href":"https:\/\/www.wonzh.com\/fr\/wp-json\/wp\/v2\/product"}],"about":[{"href":"https:\/\/www.wonzh.com\/fr\/wp-json\/wp\/v2\/types\/product"}],"replies":[{"embeddable":true,"href":"https:\/\/www.wonzh.com\/fr\/wp-json\/wp\/v2\/comments?post=1446"}],"wp:featuredmedia":[{"embeddable":true,"href":"https:\/\/www.wonzh.com\/fr\/wp-json\/wp\/v2\/media\/1496"}],"wp:attachment":[{"href":"https:\/\/www.wonzh.com\/fr\/wp-json\/wp\/v2\/media?parent=1446"}],"wp:term":[{"taxonomy":"product_brand","embeddable":true,"href":"https:\/\/www.wonzh.com\/fr\/wp-json\/wp\/v2\/product_brand?post=1446"},{"taxonomy":"product_cat","embeddable":true,"href":"https:\/\/www.wonzh.com\/fr\/wp-json\/wp\/v2\/product_cat?post=1446"},{"taxonomy":"product_tag","embeddable":true,"href":"https:\/\/www.wonzh.com\/fr\/wp-json\/wp\/v2\/product_tag?post=1446"}],"curies":[{"name":"wp","href":"https:\/\/api.w.org\/{rel}","templated":true}]}}