{"id":1443,"date":"2026-02-03T14:19:35","date_gmt":"2026-02-03T14:19:35","guid":{"rendered":"https:\/\/www.wonzh.com\/?post_type=product&#038;p=1443"},"modified":"2026-02-04T14:34:09","modified_gmt":"2026-02-04T14:34:09","slug":"industrial-o-ring-seals-for-static-and-dynamic-sealing-applications","status":"publish","type":"product","link":"https:\/\/www.wonzh.com\/fr\/product\/industrial-o-ring-seals-for-static-and-dynamic-sealing-applications\/","title":{"rendered":"Joints toriques industriels pour les applications d'\u00e9tanch\u00e9it\u00e9 statiques et dynamiques"},"content":{"rendered":"<p data-start=\"542\" data-end=\"933\">Les joints toriques fournis par Wonzh sont des composants d'\u00e9tanch\u00e9it\u00e9 en \u00e9lastom\u00e8re de haute performance con\u00e7us pour emp\u00eacher les fuites de liquides, de gaz et d'autres fluides dans des applications statiques et dynamiques. De section circulaire simple, les joints toriques assurent une \u00e9tanch\u00e9it\u00e9 efficace par d\u00e9formation \u00e9lastique sous compression, ce qui en fait l'une des solutions d'\u00e9tanch\u00e9it\u00e9 les plus utilis\u00e9es dans les \u00e9quipements industriels.<\/p>\n<p data-start=\"935\" data-end=\"1293\">Fabriqu\u00e9s \u00e0 partir de mat\u00e9riaux \u00e9lastom\u00e8res de premi\u00e8re qualit\u00e9 tels que le NBR, le FKM (Viton), l'EPDM, le silicone et les compos\u00e9s encapsul\u00e9s dans le PTFE, les joints toriques Wonzh offrent une excellente r\u00e9sistance \u00e0 la chaleur, \u00e0 l'huile, aux produits chimiques et \u00e0 l'usure. Un moulage de pr\u00e9cision et un contr\u00f4le strict de la qualit\u00e9 garantissent la pr\u00e9cision des dimensions, une longue dur\u00e9e de vie et des performances d'\u00e9tanch\u00e9it\u00e9 stables dans des conditions de fonctionnement variables.<\/p>\n<p data-start=\"1295\" data-end=\"1694\">En tant que fournisseur exp\u00e9riment\u00e9 de joints industriels, Wonzh propose des tailles standard, des dimensions m\u00e9triques et en pouces, ainsi que des solutions personnalis\u00e9es de joints toriques adapt\u00e9es \u00e0 des exigences sp\u00e9cifiques en mati\u00e8re de pression, de temp\u00e9rature et de compatibilit\u00e9 avec les fluides. Notre \u00e9quipe d'ing\u00e9nieurs prend en charge la s\u00e9lection des mat\u00e9riaux, les recommandations relatives \u00e0 la conception des rainures et l'optimisation des applications afin de garantir des performances fiables dans des environnements d'exploitation r\u00e9els.<\/p>\n<h2 data-start=\"1701\" data-end=\"1720\"><strong data-start=\"1704\" data-end=\"1720\">Caract\u00e9ristiques principales<\/strong><\/h2>\n<ul data-start=\"1722\" data-end=\"2041\">\n<li data-start=\"1722\" data-end=\"1790\">\n<p data-start=\"1724\" data-end=\"1790\">Excellentes performances d'\u00e9tanch\u00e9it\u00e9 dans les applications statiques et dynamiques<\/p>\n<\/li>\n<li data-start=\"1791\" data-end=\"1862\">\n<p data-start=\"1793\" data-end=\"1862\">Large gamme d'options de mat\u00e9riaux pour diff\u00e9rents milieux et temp\u00e9ratures<\/p>\n<\/li>\n<li data-start=\"1863\" data-end=\"1907\">\n<p data-start=\"1865\" data-end=\"1907\">Haute \u00e9lasticit\u00e9 et r\u00e9cup\u00e9ration de la compression<\/p>\n<\/li>\n<li data-start=\"1908\" data-end=\"1958\">\n<p data-start=\"1910\" data-end=\"1958\">Forte r\u00e9sistance \u00e0 l'huile, aux produits chimiques et au vieillissement<\/p>\n<\/li>\n<li data-start=\"1959\" data-end=\"2000\">\n<p data-start=\"1961\" data-end=\"2000\">Installation facile et entretien r\u00e9duit<\/p>\n<\/li>\n<li data-start=\"2001\" data-end=\"2041\">\n<p data-start=\"2003\" data-end=\"2041\">Dimensions et mat\u00e9riaux sur mesure disponibles<\/p>\n<\/li>\n<\/ul>\n<h2 data-start=\"2048\" data-end=\"2075\"><strong data-start=\"2051\" data-end=\"2075\">Applications typiques<\/strong><\/h2>\n<ul data-start=\"2077\" data-end=\"2357\">\n<li data-start=\"2077\" data-end=\"2112\">\n<p data-start=\"2079\" data-end=\"2112\">Syst\u00e8mes hydrauliques et pneumatiques<\/p>\n<\/li>\n<li data-start=\"2113\" data-end=\"2133\">\n<p data-start=\"2115\" data-end=\"2133\">Pompes et vannes<\/p>\n<\/li>\n<li data-start=\"2134\" data-end=\"2172\">\n<p data-start=\"2136\" data-end=\"2172\">Machines et \u00e9quipements industriels<\/p>\n<\/li>\n<li data-start=\"2173\" data-end=\"2198\">\n<p data-start=\"2175\" data-end=\"2198\">Composants automobiles<\/p>\n<\/li>\n<li data-start=\"2199\" data-end=\"2232\">\n<p data-start=\"2201\" data-end=\"2232\">\u00c9quipement de traitement chimique<\/p>\n<\/li>\n<li data-start=\"2233\" data-end=\"2294\">\n<p data-start=\"2235\" data-end=\"2294\">Machines pour l'industrie alimentaire et des boissons (options de qualit\u00e9 FDA disponibles)<\/p>\n<\/li>\n<li data-start=\"2295\" data-end=\"2322\">\n<p data-start=\"2297\" data-end=\"2322\">Syst\u00e8mes de traitement des eaux<\/p>\n<\/li>\n<li data-start=\"2323\" data-end=\"2357\">\n<p data-start=\"2325\" data-end=\"2357\">\u00c9quipements a\u00e9rospatiaux et \u00e9nerg\u00e9tiques<\/p>\n<\/li>\n<\/ul>\n<h2 data-start=\"2364\" data-end=\"2416\"><strong data-start=\"2367\" data-end=\"2414\">Param\u00e8tres techniques (gamme repr\u00e9sentative)<\/strong><\/h2>\n<div class=\"TyagGW_tableContainer\">\n<div class=\"group TyagGW_tableWrapper flex flex-col-reverse w-fit\" tabindex=\"-1\">\n<table class=\"w-fit min-w-(--thread-content-width)\" data-start=\"2418\" data-end=\"2984\">\n<thead data-start=\"2418\" data-end=\"2455\">\n<tr data-start=\"2418\" data-end=\"2455\">\n<th data-start=\"2418\" data-end=\"2430\" data-col-size=\"sm\">Param\u00e8tres<\/th>\n<th data-start=\"2430\" data-end=\"2455\" data-col-size=\"md\">Sp\u00e9cification \/ Gamme<\/th>\n<\/tr>\n<\/thead>\n<tbody data-start=\"2466\" data-end=\"2984\">\n<tr data-start=\"2466\" data-end=\"2505\">\n<td data-start=\"2466\" data-end=\"2478\" data-col-size=\"sm\">Type de joint<\/td>\n<td data-start=\"2478\" data-end=\"2505\" data-col-size=\"md\">Joint torique (joint en \u00e9lastom\u00e8re)<\/td>\n<\/tr>\n<tr data-start=\"2506\" data-end=\"2558\">\n<td data-start=\"2506\" data-end=\"2522\" data-col-size=\"sm\">Coupe transversale<\/td>\n<td data-start=\"2522\" data-end=\"2558\" data-col-size=\"md\">1,0 - 10,0 mm (sur mesure)<\/td>\n<\/tr>\n<tr data-start=\"2559\" data-end=\"2613\">\n<td data-start=\"2559\" data-end=\"2576\" data-col-size=\"sm\">Diam\u00e8tre int\u00e9rieur<\/td>\n<td data-start=\"2576\" data-end=\"2613\" data-col-size=\"md\">2 mm - 1000 mm (sur mesure)<\/td>\n<\/tr>\n<tr data-start=\"2614\" data-end=\"2667\">\n<td data-start=\"2614\" data-end=\"2635\" data-col-size=\"sm\">Duret\u00e9 (Shore A)<\/td>\n<td data-start=\"2635\" data-end=\"2667\" data-col-size=\"md\">60 - 90 (en fonction du mat\u00e9riau)<\/td>\n<\/tr>\n<tr data-start=\"2668\" data-end=\"2728\">\n<td data-start=\"2668\" data-end=\"2688\" data-col-size=\"sm\">Plage de temp\u00e9rature<\/td>\n<td data-start=\"2688\" data-end=\"2728\" data-col-size=\"md\">-40\u00b0C \u00e0 +250\u00b0C (en fonction du mat\u00e9riau)<\/td>\n<\/tr>\n<tr data-start=\"2729\" data-end=\"2795\">\n<td data-start=\"2729\" data-end=\"2751\" data-col-size=\"sm\">R\u00e9sistance \u00e0 la pression<\/td>\n<td data-start=\"2751\" data-end=\"2795\" data-col-size=\"md\">Jusqu'\u00e0 40 MPa (avec une conception ad\u00e9quate des rainures)<\/td>\n<\/tr>\n<tr data-start=\"2796\" data-end=\"2865\">\n<td data-start=\"2796\" data-end=\"2818\" data-col-size=\"sm\">Mat\u00e9riaux disponibles<\/td>\n<td data-start=\"2818\" data-end=\"2865\" data-col-size=\"md\">NBR, FKM, EPDM, Silicone, PTFE encapsul\u00e9<\/td>\n<\/tr>\n<tr data-start=\"2866\" data-end=\"2937\">\n<td data-start=\"2866\" data-end=\"2882\" data-col-size=\"sm\">Options de couleur<\/td>\n<td data-start=\"2882\" data-end=\"2937\" data-col-size=\"md\">Noir, brun, vert, rouge, bleu (en fonction du mat\u00e9riau)<\/td>\n<\/tr>\n<tr data-start=\"2938\" data-end=\"2984\">\n<td data-start=\"2938\" data-end=\"2960\" data-col-size=\"sm\">Normes prises en charge<\/td>\n<td data-start=\"2960\" data-end=\"2984\" data-col-size=\"md\">ISO 3601, AS568, DIN<\/td>\n<\/tr>\n<\/tbody>\n<\/table>\n<\/div>\n<\/div>\n<h2 data-start=\"2991\" data-end=\"3037\"><strong data-start=\"2994\" data-end=\"3037\">Guide de s\u00e9lection des mat\u00e9riaux repr\u00e9sentatifs<\/strong><\/h2>\n<div class=\"TyagGW_tableContainer\">\n<div class=\"group TyagGW_tableWrapper flex flex-col-reverse w-fit\" tabindex=\"-1\">\n<table class=\"w-fit min-w-(--thread-content-width)\" data-start=\"3039\" data-end=\"3513\">\n<thead data-start=\"3039\" data-end=\"3078\">\n<tr data-start=\"3039\" data-end=\"3078\">\n<th data-start=\"3039\" data-end=\"3050\" data-col-size=\"sm\">Mat\u00e9riau<\/th>\n<th data-start=\"3050\" data-end=\"3064\" data-col-size=\"sm\">Utilisation typique<\/th>\n<th data-start=\"3064\" data-end=\"3078\" data-col-size=\"sm\">Avantages<\/th>\n<\/tr>\n<\/thead>\n<tbody data-start=\"3093\" data-end=\"3513\">\n<tr data-start=\"3093\" data-end=\"3173\">\n<td data-start=\"3093\" data-end=\"3108\" data-col-size=\"sm\">NBR (Buna-N)<\/td>\n<td data-start=\"3108\" data-end=\"3129\" data-col-size=\"sm\">Syst\u00e8mes d'huile et de carburant<\/td>\n<td data-start=\"3129\" data-end=\"3173\" data-col-size=\"sm\">Excellente r\u00e9sistance \u00e0 l'huile, rentable<\/td>\n<\/tr>\n<tr data-start=\"3174\" data-end=\"3272\">\n<td data-start=\"3174\" data-end=\"3188\" data-col-size=\"sm\">FKM (Viton)<\/td>\n<td data-start=\"3188\" data-end=\"3231\" data-col-size=\"sm\">Temp\u00e9ratures \u00e9lev\u00e9es et environnements chimiques<\/td>\n<td data-start=\"3231\" data-end=\"3272\" data-col-size=\"sm\">R\u00e9sistance sup\u00e9rieure \u00e0 la chaleur et aux produits chimiques<\/td>\n<\/tr>\n<tr data-start=\"3273\" data-end=\"3351\">\n<td data-start=\"3273\" data-end=\"3280\" data-col-size=\"sm\">EPDM<\/td>\n<td data-start=\"3280\" data-end=\"3309\" data-col-size=\"sm\">Applications eau et vapeur<\/td>\n<td data-start=\"3309\" data-end=\"3351\" data-col-size=\"sm\">Excellente r\u00e9sistance aux intemp\u00e9ries et \u00e0 l'ozone<\/td>\n<\/tr>\n<tr data-start=\"3352\" data-end=\"3434\">\n<td data-start=\"3352\" data-end=\"3363\" data-col-size=\"sm\">Silicone<\/td>\n<td data-start=\"3363\" data-end=\"3390\" data-col-size=\"sm\">Aliments et \u00e9quipements m\u00e9dicaux<\/td>\n<td data-start=\"3390\" data-end=\"3434\" data-col-size=\"sm\">Grande flexibilit\u00e9, large gamme de temp\u00e9ratures<\/td>\n<\/tr>\n<tr data-start=\"3435\" data-end=\"3513\">\n<td data-start=\"3435\" data-end=\"3455\" data-col-size=\"sm\">Enrob\u00e9 de PTFE<\/td>\n<td data-start=\"3455\" data-end=\"3478\" data-col-size=\"sm\">Milieux chimiques agressifs<\/td>\n<td data-start=\"3478\" data-end=\"3513\" data-col-size=\"sm\">Excellente r\u00e9sistance aux produits chimiques<\/td>\n<\/tr>\n<\/tbody>\n<\/table>\n<\/div>\n<\/div>\n<h2 data-start=\"3520\" data-end=\"3543\"><strong data-start=\"3523\" data-end=\"3543\">Pourquoi choisir Wonzh<\/strong><\/h2>\n<ul data-start=\"3545\" data-end=\"3803\">\n<li data-start=\"3545\" data-end=\"3598\">\n<p data-start=\"3547\" data-end=\"3598\">Contr\u00f4le de qualit\u00e9 strict et inspection dimensionnelle<\/p>\n<\/li>\n<li data-start=\"3599\" data-end=\"3651\">\n<p data-start=\"3601\" data-end=\"3651\">Large gamme de mat\u00e9riaux pour diff\u00e9rentes industries<\/p>\n<\/li>\n<li data-start=\"3652\" data-end=\"3693\">\n<p data-start=\"3654\" data-end=\"3693\">Disponibilit\u00e9 des tailles standard et personnalis\u00e9es<\/p>\n<\/li>\n<li data-start=\"3694\" data-end=\"3757\">\n<p data-start=\"3696\" data-end=\"3757\">Assistance technique pour la conception des rainures et l'adaptation des mat\u00e9riaux<\/p>\n<\/li>\n<li data-start=\"3758\" data-end=\"3803\">\n<p data-start=\"3760\" data-end=\"3803\">Cha\u00eene d'approvisionnement stable et livraison fiable<\/p>\n<\/li>\n<\/ul>\n<h2 data-start=\"3810\" data-end=\"3851\"><strong data-start=\"3813\" data-end=\"3849\">Foire aux questions (FAQ)<\/strong><\/h2>\n<h3 data-start=\"3853\" data-end=\"3894\"><strong data-start=\"3857\" data-end=\"3892\">Q1 : \u00c0 quoi sert un joint torique ?<\/strong><\/h3>\n<p data-start=\"3895\" data-end=\"4020\">Un joint torique est utilis\u00e9 pour emp\u00eacher les fuites entre deux surfaces en cr\u00e9ant un joint comprim\u00e9 qui bloque le flux de fluide ou de gaz.<\/p>\n<h3 data-start=\"4022\" data-end=\"4067\"><strong data-start=\"4026\" data-end=\"4065\">Q2 : Quel mat\u00e9riau dois-je choisir ?<\/strong><\/h3>\n<ul data-start=\"4068\" data-end=\"4247\">\n<li data-start=\"4068\" data-end=\"4098\">\n<p data-start=\"4070\" data-end=\"4098\">Pour le p\u00e9trole et les carburants \u2192 <strong data-start=\"4089\" data-end=\"4096\">NBR<\/strong><\/p>\n<\/li>\n<li data-start=\"4099\" data-end=\"4154\">\n<p data-start=\"4101\" data-end=\"4154\">Pour les temp\u00e9ratures \u00e9lev\u00e9es ou les produits chimiques \u2192 <strong data-start=\"4137\" data-end=\"4152\">FKM (Viton)<\/strong><\/p>\n<\/li>\n<li data-start=\"4155\" data-end=\"4185\">\n<p data-start=\"4157\" data-end=\"4185\">Pour l'eau\/vapeur \u2192 <strong data-start=\"4175\" data-end=\"4183\">EPDM<\/strong><\/p>\n<\/li>\n<li data-start=\"4186\" data-end=\"4247\">\n<p data-start=\"4188\" data-end=\"4247\">Pour les produits de qualit\u00e9 alimentaire, utiliser \u2192 <strong data-start=\"4209\" data-end=\"4247\">Silicone ou mat\u00e9riaux approuv\u00e9s par la FDA<\/strong><\/p>\n<\/li>\n<\/ul>\n<h3 data-start=\"4249\" data-end=\"4308\"><strong data-start=\"4253\" data-end=\"4306\">Q3 : Les joints toriques peuvent-ils \u00eatre utilis\u00e9s dans des syst\u00e8mes \u00e0 haute pression ?<\/strong><\/h3>\n<p data-start=\"4309\" data-end=\"4403\">Oui. Avec une conception ad\u00e9quate des rainures et des bagues d'appui, les joints toriques peuvent supporter des pressions allant jusqu'\u00e0 40 MPa.<\/p>\n<h3 data-start=\"4405\" data-end=\"4447\"><strong data-start=\"4409\" data-end=\"4445\">Q4 : Proposez-vous des tailles personnalis\u00e9es ?<\/strong><\/h3>\n<p data-start=\"4448\" data-end=\"4558\">Oui. Nous pouvons fabriquer des joints toriques dans des diam\u00e8tres, des sections et des mat\u00e9riaux personnalis\u00e9s en fonction de vos besoins.<\/p>\n<h3 data-start=\"4560\" data-end=\"4598\"><strong data-start=\"4564\" data-end=\"4596\">Q5 : Les normes sont-elles prises en charge ?<\/strong><\/h3>\n<p data-start=\"4599\" data-end=\"4658\">Oui. Nous nous conformons aux <strong data-start=\"4619\" data-end=\"4647\">ISO 3601, AS568 et DIN<\/strong> normes.<\/p>","protected":false},"excerpt":{"rendered":"<p>Les joints toriques fournis par Wonzh sont des composants d'\u00e9tanch\u00e9it\u00e9 en \u00e9lastom\u00e8re de haute performance con\u00e7us pour emp\u00eacher les fuites de liquides, de gaz et d'autres fluides dans des applications statiques et dynamiques.<\/p>","protected":false},"featured_media":1487,"comment_status":"open","ping_status":"closed","template":"","meta":{"site-sidebar-layout":"default","site-content-layout":"","ast-site-content-layout":"default","site-content-style":"default","site-sidebar-style":"default","ast-global-header-display":"","ast-banner-title-visibility":"","ast-main-header-display":"","ast-hfb-above-header-display":"","ast-hfb-below-header-display":"","ast-hfb-mobile-header-display":"","site-post-title":"","ast-breadcrumbs-content":"","ast-featured-img":"","footer-sml-layout":"","ast-disable-related-posts":"","theme-transparent-header-meta":"default","adv-header-id-meta":"","stick-header-meta":"default","header-above-stick-meta":"","header-main-stick-meta":"","header-below-stick-meta":"","astra-migrate-meta-layouts":"set","ast-page-background-enabled":"default","ast-page-background-meta":{"desktop":{"background-color":"","background-image":"","background-repeat":"repeat","background-position":"center center","background-size":"auto","background-attachment":"scroll","background-type":"","background-media":"","overlay-type":"","overlay-color":"","overlay-opacity":"","overlay-gradient":""},"tablet":{"background-color":"","background-image":"","background-repeat":"repeat","background-position":"center center","background-size":"auto","background-attachment":"scroll","background-type":"","background-media":"","overlay-type":"","overlay-color":"","overlay-opacity":"","overlay-gradient":""},"mobile":{"background-color":"","background-image":"","background-repeat":"repeat","background-position":"center center","background-size":"auto","background-attachment":"scroll","background-type":"","background-media":"","overlay-type":"","overlay-color":"","overlay-opacity":"","overlay-gradient":""}},"ast-content-background-meta":{"desktop":{"background-color":"var(--ast-global-color-5)","background-image":"","background-repeat":"repeat","background-position":"center center","background-size":"auto","background-attachment":"scroll","background-type":"","background-media":"","overlay-type":"","overlay-color":"","overlay-opacity":"","overlay-gradient":""},"tablet":{"background-color":"var(--ast-global-color-5)","background-image":"","background-repeat":"repeat","background-position":"center center","background-size":"auto","background-attachment":"scroll","background-type":"","background-media":"","overlay-type":"","overlay-color":"","overlay-opacity":"","overlay-gradient":""},"mobile":{"background-color":"var(--ast-global-color-5)","background-image":"","background-repeat":"repeat","background-position":"center center","background-size":"auto","background-attachment":"scroll","background-type":"","background-media":"","overlay-type":"","overlay-color":"","overlay-opacity":"","overlay-gradient":""}}},"product_brand":[],"product_cat":[21],"product_tag":[212,214,213,205,202,208,207,203,190,211,206,201,210,209,204],"class_list":{"0":"post-1443","1":"product","2":"type-product","3":"status-publish","4":"has-post-thumbnail","6":"product_cat-sealing-parts-sealing-systems","7":"product_tag-as568-o-ring","8":"product_tag-china-seal-manufacturer","9":"product_tag-custom-o-rings","10":"product_tag-dynamic-seal","11":"product_tag-elastomer-seal","12":"product_tag-epdm-o-ring","13":"product_tag-fkm-o-ring","14":"product_tag-hydraulic-seal","15":"product_tag-industrial-sealing","16":"product_tag-iso-3601-o-ring","17":"product_tag-nbr-o-ring","18":"product_tag-o-ring-seal","19":"product_tag-ptfe-encapsulated-o-ring","20":"product_tag-silicone-o-ring","21":"product_tag-static-seal","22":"desktop-align-left","23":"tablet-align-left","24":"mobile-align-left","26":"first","27":"instock","28":"shipping-taxable","29":"product-type-simple"},"_links":{"self":[{"href":"https:\/\/www.wonzh.com\/fr\/wp-json\/wp\/v2\/product\/1443","targetHints":{"allow":["GET"]}}],"collection":[{"href":"https:\/\/www.wonzh.com\/fr\/wp-json\/wp\/v2\/product"}],"about":[{"href":"https:\/\/www.wonzh.com\/fr\/wp-json\/wp\/v2\/types\/product"}],"replies":[{"embeddable":true,"href":"https:\/\/www.wonzh.com\/fr\/wp-json\/wp\/v2\/comments?post=1443"}],"wp:featuredmedia":[{"embeddable":true,"href":"https:\/\/www.wonzh.com\/fr\/wp-json\/wp\/v2\/media\/1487"}],"wp:attachment":[{"href":"https:\/\/www.wonzh.com\/fr\/wp-json\/wp\/v2\/media?parent=1443"}],"wp:term":[{"taxonomy":"product_brand","embeddable":true,"href":"https:\/\/www.wonzh.com\/fr\/wp-json\/wp\/v2\/product_brand?post=1443"},{"taxonomy":"product_cat","embeddable":true,"href":"https:\/\/www.wonzh.com\/fr\/wp-json\/wp\/v2\/product_cat?post=1443"},{"taxonomy":"product_tag","embeddable":true,"href":"https:\/\/www.wonzh.com\/fr\/wp-json\/wp\/v2\/product_tag?post=1443"}],"curies":[{"name":"wp","href":"https:\/\/api.w.org\/{rel}","templated":true}]}}