{"id":1436,"date":"2026-02-02T15:35:41","date_gmt":"2026-02-02T15:35:41","guid":{"rendered":"https:\/\/www.wonzh.com\/?post_type=product&#038;p=1436"},"modified":"2026-02-02T15:35:42","modified_gmt":"2026-02-02T15:35:42","slug":"roulements-a-billes-industriels-pour-machines-et-equipements-lourds","status":"publish","type":"product","link":"https:\/\/www.wonzh.com\/fr\/product\/industrial-pillow-block-bearings-for-heavy-machinery-and-equipment-support\/","title":{"rendered":"Roulements industriels \u00e0 paliers lisses pour machines et \u00e9quipements lourds"},"content":{"rendered":"<p data-start=\"470\" data-end=\"809\">Les roulements \u00e0 palier lisse fournis par Wonzh sont des roulements mont\u00e9s qui offrent une solution de support stable et fiable pour les arbres rotatifs dans les machines industrielles. Con\u00e7us avec un bo\u00eetier int\u00e9gr\u00e9 et un palier \u00e0 alignement automatique, ils offrent une facilit\u00e9 d'installation, une capacit\u00e9 de charge \u00e9lev\u00e9e et un fonctionnement stable dans des conditions difficiles.<\/p>\n<p data-start=\"811\" data-end=\"1210\">Fabriqu\u00e9s \u00e0 partir d'acier \u00e0 roulement de haute qualit\u00e9 (GCr15 \/ \u00e9quivalent AISI 52100) avec un usinage de pr\u00e9cision et un traitement thermique optimis\u00e9, les paliers \u00e0 semelle Wonzh offrent une pr\u00e9cision dimensionnelle constante, un faible frottement et une longue dur\u00e9e de vie. Les paliers peuvent supporter un l\u00e9ger d\u00e9faut d'alignement et sont disponibles dans des configurations standard et \u00e9tanches pour prot\u00e9ger contre la poussi\u00e8re, les d\u00e9bris et la contamination.<\/p>\n<p data-start=\"1212\" data-end=\"1466\">Largement utilis\u00e9s dans les syst\u00e8mes de convoyage, les \u00e9quipements de manutention, les pompes, les ventilateurs, les compresseurs et les machines industrielles g\u00e9n\u00e9rales, ces roulements sont id\u00e9aux pour les applications o\u00f9 l'efficacit\u00e9 de la maintenance, la fiabilit\u00e9 et la stabilit\u00e9 des performances de rotation sont essentielles.<\/p>\n<h2 data-start=\"1473\" data-end=\"1492\"><strong data-start=\"1476\" data-end=\"1492\">Caract\u00e9ristiques principales<\/strong><\/h2>\n<ul data-start=\"1494\" data-end=\"1788\">\n<li data-start=\"1494\" data-end=\"1563\">\n<p data-start=\"1496\" data-end=\"1563\">Palier \u00e0 alignement automatique pour compenser le d\u00e9salignement de l'arbre<\/p>\n<\/li>\n<li data-start=\"1564\" data-end=\"1606\">\n<p data-start=\"1566\" data-end=\"1606\">Bo\u00eetier robuste pour un montage s\u00fbr<\/p>\n<\/li>\n<li data-start=\"1607\" data-end=\"1644\">\n<p data-start=\"1609\" data-end=\"1644\">Capacit\u00e9 de charge \u00e9lev\u00e9e et durabilit\u00e9<\/p>\n<\/li>\n<li data-start=\"1645\" data-end=\"1697\">\n<p data-start=\"1647\" data-end=\"1697\">Options scell\u00e9es et ouvertes pour divers environnements<\/p>\n<\/li>\n<li data-start=\"1698\" data-end=\"1735\">\n<p data-start=\"1700\" data-end=\"1735\">Installation et entretien faciles<\/p>\n<\/li>\n<li data-start=\"1736\" data-end=\"1788\">\n<p data-start=\"1738\" data-end=\"1788\">Mat\u00e9riaux de bo\u00eetier et types de roulements personnalisables<\/p>\n<\/li>\n<\/ul>\n<h2 data-start=\"1795\" data-end=\"1822\"><strong data-start=\"1798\" data-end=\"1822\">Applications typiques<\/strong><\/h2>\n<ul data-start=\"1824\" data-end=\"2033\">\n<li data-start=\"1824\" data-end=\"1866\">\n<p data-start=\"1826\" data-end=\"1866\">Syst\u00e8mes de convoyage et de manutention<\/p>\n<\/li>\n<li data-start=\"1867\" data-end=\"1898\">\n<p data-start=\"1869\" data-end=\"1898\">Ventilateurs industriels<\/p>\n<\/li>\n<li data-start=\"1899\" data-end=\"1924\">\n<p data-start=\"1901\" data-end=\"1924\">Pompes et compresseurs<\/p>\n<\/li>\n<li data-start=\"1925\" data-end=\"1963\">\n<p data-start=\"1927\" data-end=\"1963\">Machines d'emballage et de transformation<\/p>\n<\/li>\n<li data-start=\"1964\" data-end=\"2002\">\n<p data-start=\"1966\" data-end=\"2002\">\u00c9quipements lourds et lignes d'assemblage<\/p>\n<\/li>\n<li data-start=\"2003\" data-end=\"2033\">\n<p data-start=\"2005\" data-end=\"2033\">Syst\u00e8mes de transmission de puissance<\/p>\n<\/li>\n<\/ul>\n<h2 data-start=\"2040\" data-end=\"2092\"><strong data-start=\"2043\" data-end=\"2090\">Param\u00e8tres techniques (gamme repr\u00e9sentative)<\/strong><\/h2>\n<div class=\"TyagGW_tableContainer\">\n<div class=\"group TyagGW_tableWrapper flex flex-col-reverse w-fit\" tabindex=\"-1\">\n<table class=\"w-fit min-w-(--thread-content-width)\" data-start=\"2094\" data-end=\"2702\">\n<thead data-start=\"2094\" data-end=\"2131\">\n<tr data-start=\"2094\" data-end=\"2131\">\n<th data-start=\"2094\" data-end=\"2106\" data-col-size=\"sm\">Param\u00e8tres<\/th>\n<th data-start=\"2106\" data-end=\"2131\" data-col-size=\"md\">Sp\u00e9cification \/ Gamme<\/th>\n<\/tr>\n<\/thead>\n<tbody data-start=\"2142\" data-end=\"2702\">\n<tr data-start=\"2142\" data-end=\"2199\">\n<td data-start=\"2142\" data-end=\"2157\" data-col-size=\"sm\">Type de palier<\/td>\n<td data-start=\"2157\" data-end=\"2199\" data-col-size=\"md\">Roulement \u00e0 palier lisse (roulement mont\u00e9)<\/td>\n<\/tr>\n<tr data-start=\"2200\" data-end=\"2271\">\n<td data-start=\"2200\" data-end=\"2211\" data-col-size=\"sm\">Mat\u00e9riau<\/td>\n<td data-start=\"2211\" data-end=\"2271\" data-col-size=\"md\">Bo\u00eetier : Fonte ou acier ; Palier : GCr15 \/ AISI 52100<\/td>\n<\/tr>\n<tr data-start=\"2272\" data-end=\"2307\">\n<td data-start=\"2272\" data-end=\"2289\" data-col-size=\"sm\">Taille de l'al\u00e9sage (ID)<\/td>\n<td data-start=\"2289\" data-end=\"2307\" data-col-size=\"md\">12 mm - 100 mm<\/td>\n<\/tr>\n<tr data-start=\"2308\" data-end=\"2360\">\n<td data-start=\"2308\" data-end=\"2323\" data-col-size=\"sm\">Type de logement<\/td>\n<td data-start=\"2323\" data-end=\"2360\" data-col-size=\"md\">UCP, UCF, UCFL, ou conceptions personnalis\u00e9es<\/td>\n<\/tr>\n<tr data-start=\"2361\" data-end=\"2402\">\n<td data-start=\"2361\" data-end=\"2373\" data-col-size=\"sm\">Type de charge<\/td>\n<td data-start=\"2373\" data-end=\"2402\" data-col-size=\"md\">Radial + Axial (mod\u00e9r\u00e9)<\/td>\n<\/tr>\n<tr data-start=\"2403\" data-end=\"2467\">\n<td data-start=\"2403\" data-end=\"2422\" data-col-size=\"sm\">Capacit\u00e9 de vitesse<\/td>\n<td data-start=\"2422\" data-end=\"2467\" data-col-size=\"md\">Vitesse moyenne (en fonction de l'al\u00e9sage et de la charge)<\/td>\n<\/tr>\n<tr data-start=\"2468\" data-end=\"2511\">\n<td data-start=\"2468\" data-end=\"2492\" data-col-size=\"sm\">Temp\u00e9rature de fonctionnement<\/td>\n<td data-start=\"2492\" data-end=\"2511\" data-col-size=\"md\">De -20\u00b0C \u00e0 +120\u00b0C<\/td>\n<\/tr>\n<tr data-start=\"2512\" data-end=\"2582\">\n<td data-start=\"2512\" data-end=\"2529\" data-col-size=\"sm\">Insert de palier<\/td>\n<td data-start=\"2529\" data-end=\"2582\" data-col-size=\"md\">Roulement \u00e0 une rang\u00e9e de billes \/ insert \u00e0 rouleaux sph\u00e9riques<\/td>\n<\/tr>\n<tr data-start=\"2583\" data-end=\"2649\">\n<td data-start=\"2583\" data-end=\"2601\" data-col-size=\"sm\">Options d'\u00e9tanch\u00e9it\u00e9<\/td>\n<td data-start=\"2601\" data-end=\"2649\" data-col-size=\"md\">Ouvert \/ 2RS (joint en caoutchouc) \/ ZZ (bouclier m\u00e9tallique)<\/td>\n<\/tr>\n<tr data-start=\"2650\" data-end=\"2702\">\n<td data-start=\"2650\" data-end=\"2664\" data-col-size=\"sm\">Lubrification<\/td>\n<td data-start=\"2664\" data-end=\"2702\" data-col-size=\"md\">Graisse (standard) \/ Huile (en option)<\/td>\n<\/tr>\n<\/tbody>\n<\/table>\n<\/div>\n<\/div>\n<h2 data-start=\"2709\" data-end=\"2745\"><strong data-start=\"2712\" data-end=\"2745\">Exemples de mod\u00e8les repr\u00e9sentatifs<\/strong><\/h2>\n<div class=\"TyagGW_tableContainer\">\n<div class=\"group TyagGW_tableWrapper flex flex-col-reverse w-fit\" tabindex=\"-1\">\n<table class=\"w-fit min-w-(--thread-content-width)\" data-start=\"2747\" data-end=\"3157\">\n<thead data-start=\"2747\" data-end=\"2788\">\n<tr data-start=\"2747\" data-end=\"2788\">\n<th data-start=\"2747\" data-end=\"2756\" data-col-size=\"sm\">S\u00e9rie<\/th>\n<th data-start=\"2756\" data-end=\"2773\" data-col-size=\"sm\">Exemples de mod\u00e8les<\/th>\n<th data-start=\"2773\" data-end=\"2788\" data-col-size=\"sm\">Utilisation typique<\/th>\n<\/tr>\n<\/thead>\n<tbody data-start=\"2803\" data-end=\"3157\">\n<tr data-start=\"2803\" data-end=\"2876\">\n<td data-start=\"2803\" data-end=\"2816\" data-col-size=\"sm\">S\u00e9rie UCP<\/td>\n<td data-start=\"2816\" data-end=\"2841\" data-col-size=\"sm\">UCP205, UCP206, UCP207<\/td>\n<td data-start=\"2841\" data-end=\"2876\" data-col-size=\"sm\">Convoyeurs l\u00e9gers \u00e0 moyens, ventilateurs<\/td>\n<\/tr>\n<tr data-start=\"2877\" data-end=\"2944\">\n<td data-start=\"2877\" data-end=\"2890\" data-col-size=\"sm\">S\u00e9rie UCF<\/td>\n<td data-start=\"2890\" data-end=\"2907\" data-col-size=\"sm\">UCF208, UCF209<\/td>\n<td data-start=\"2907\" data-end=\"2944\" data-col-size=\"sm\">Machines lourdes, compresseurs<\/td>\n<\/tr>\n<tr data-start=\"2945\" data-end=\"3020\">\n<td data-start=\"2945\" data-end=\"2959\" data-col-size=\"sm\">S\u00e9rie UCFL<\/td>\n<td data-start=\"2959\" data-end=\"2978\" data-col-size=\"sm\">UCFL210, UCFL211<\/td>\n<td data-start=\"2978\" data-end=\"3020\" data-col-size=\"sm\">Traitement industriel, lignes d'emballage<\/td>\n<\/tr>\n<tr data-start=\"3021\" data-end=\"3080\">\n<td data-start=\"3021\" data-end=\"3034\" data-col-size=\"sm\">S\u00e9rie UCT<\/td>\n<td data-start=\"3034\" data-end=\"3051\" data-col-size=\"sm\">UCT212, UCT213<\/td>\n<td data-start=\"3051\" data-end=\"3080\" data-col-size=\"sm\">Exploitation mini\u00e8re, manutention<\/td>\n<\/tr>\n<tr data-start=\"3081\" data-end=\"3157\">\n<td data-start=\"3081\" data-end=\"3097\" data-col-size=\"sm\">S\u00e9rie personnalis\u00e9e<\/td>\n<td data-start=\"3097\" data-end=\"3123\" data-col-size=\"sm\">Al\u00e9sage et logement sur mesure<\/td>\n<td data-start=\"3123\" data-end=\"3157\" data-col-size=\"sm\">Applications de machines sp\u00e9ciales<\/td>\n<\/tr>\n<\/tbody>\n<\/table>\n<\/div>\n<\/div>\n<p data-start=\"3159\" data-end=\"3249\"><strong data-start=\"3159\" data-end=\"3168\">Remarque :<\/strong> D'autres tailles, conceptions de bo\u00eetiers et types de roulements sont disponibles sur demande.<\/p>\n<h2 data-start=\"3256\" data-end=\"3279\"><strong data-start=\"3259\" data-end=\"3279\">Pourquoi choisir Wonzh<\/strong><\/h2>\n<ul data-start=\"3281\" data-end=\"3651\">\n<li data-start=\"3281\" data-end=\"3354\">\n<p data-start=\"3283\" data-end=\"3354\">Bo\u00eetiers en fonte ou en acier de haute qualit\u00e9 pour la stabilit\u00e9 et la durabilit\u00e9<\/p>\n<\/li>\n<li data-start=\"3355\" data-end=\"3421\">\n<p data-start=\"3357\" data-end=\"3421\">Roulements de pr\u00e9cision \u00e0 faible frottement et \u00e0 dur\u00e9e de vie prolong\u00e9e<\/p>\n<\/li>\n<li data-start=\"3422\" data-end=\"3483\">\n<p data-start=\"3424\" data-end=\"3483\">Inserts auto-alignants pour la compensation du d\u00e9salignement de l'arbre<\/p>\n<\/li>\n<li data-start=\"3484\" data-end=\"3534\">\n<p data-start=\"3486\" data-end=\"3534\">Options scell\u00e9es et ouvertes pour les environnements difficiles<\/p>\n<\/li>\n<li data-start=\"3535\" data-end=\"3603\">\n<p data-start=\"3537\" data-end=\"3603\">Assistance technique pour l'installation, la s\u00e9lection et la personnalisation<\/p>\n<\/li>\n<li data-start=\"3604\" data-end=\"3651\">\n<p data-start=\"3606\" data-end=\"3651\">Approvisionnement mondial fiable et livraison dans les d\u00e9lais<\/p>\n<\/li>\n<\/ul>\n<h2 data-start=\"3658\" data-end=\"3699\"><strong data-start=\"3661\" data-end=\"3697\">Foire aux questions (FAQ)<\/strong><\/h2>\n<h3 data-start=\"3701\" data-end=\"3755\"><strong data-start=\"3705\" data-end=\"3753\">Q1 : \u00c0 quoi sert un palier \u00e0 semelle ?<\/strong><\/h3>\n<p data-start=\"3756\" data-end=\"3895\">Les paliers \u00e0 semelle fournissent un support mont\u00e9 pour les arbres rotatifs des convoyeurs, des ventilateurs, des pompes, des compresseurs et de la machinerie industrielle g\u00e9n\u00e9rale.<\/p>\n<h3 data-start=\"3897\" data-end=\"3955\"><strong data-start=\"3901\" data-end=\"3953\">Q2 : Ces roulements peuvent-ils supporter un d\u00e9faut d'alignement ?<\/strong><\/h3>\n<p data-start=\"3956\" data-end=\"4072\">Oui. Les paliers \u00e0 semelle comprennent g\u00e9n\u00e9ralement des inserts \u00e0 alignement automatique qui peuvent compenser un d\u00e9salignement mineur de l'arbre.<\/p>\n<h3 data-start=\"4074\" data-end=\"4121\"><strong data-start=\"4078\" data-end=\"4119\">Q3 : Quels sont les types de logements disponibles ?<\/strong><\/h3>\n<p data-start=\"4122\" data-end=\"4242\">Les types standard comprennent les s\u00e9ries UCP, UCF, UCFL et UCT. Des bo\u00eetiers sur mesure sont disponibles pour les applications de machines sp\u00e9ciales.<\/p>\n<h3 data-start=\"4244\" data-end=\"4288\"><strong data-start=\"4248\" data-end=\"4286\">Q4 : Existe-t-il des roulements \u00e9tanches ?<\/strong><\/h3>\n<p data-start=\"4289\" data-end=\"4405\">Oui. Nous proposons des options \u00e9tanches (joint en caoutchouc 2RS ou bouclier m\u00e9tallique ZZ) et ouvertes en fonction de l'environnement et de l'application.<\/p>\n<h3 data-start=\"4407\" data-end=\"4471\"><strong data-start=\"4411\" data-end=\"4469\">Q5 : Pouvez-vous personnaliser les dimensions de l'al\u00e9sage ou les mat\u00e9riaux du bo\u00eetier ?<\/strong><\/h3>\n<p data-start=\"4472\" data-end=\"4589\">Oui. Wonzh prend en charge des tailles d'al\u00e9sage, des mat\u00e9riaux de bo\u00eetier et des types d'insert personnalis\u00e9s pour r\u00e9pondre aux exigences sp\u00e9cifiques de l'application.<\/p>","protected":false},"excerpt":{"rendered":"<p>Les roulements \u00e0 palier lisse fournis par Wonzh sont des roulements mont\u00e9s qui offrent une solution de support stable et fiable pour les arbres rotatifs dans les machines industrielles. Con\u00e7us avec un bo\u00eetier int\u00e9gr\u00e9 et un palier \u00e0 alignement automatique, ils offrent une facilit\u00e9 d'installation, une capacit\u00e9 de charge \u00e9lev\u00e9e et un fonctionnement stable dans des conditions difficiles.<\/p>","protected":false},"featured_media":1438,"comment_status":"open","ping_status":"closed","template":"","meta":{"site-sidebar-layout":"default","site-content-layout":"","ast-site-content-layout":"default","site-content-style":"default","site-sidebar-style":"default","ast-global-header-display":"","ast-banner-title-visibility":"","ast-main-header-display":"","ast-hfb-above-header-display":"","ast-hfb-below-header-display":"","ast-hfb-mobile-header-display":"","site-post-title":"","ast-breadcrumbs-content":"","ast-featured-img":"","footer-sml-layout":"","ast-disable-related-posts":"","theme-transparent-header-meta":"default","adv-header-id-meta":"","stick-header-meta":"default","header-above-stick-meta":"","header-main-stick-meta":"","header-below-stick-meta":"","astra-migrate-meta-layouts":"set","ast-page-background-enabled":"default","ast-page-background-meta":{"desktop":{"background-color":"","background-image":"","background-repeat":"repeat","background-position":"center center","background-size":"auto","background-attachment":"scroll","background-type":"","background-media":"","overlay-type":"","overlay-color":"","overlay-opacity":"","overlay-gradient":""},"tablet":{"background-color":"","background-image":"","background-repeat":"repeat","background-position":"center center","background-size":"auto","background-attachment":"scroll","background-type":"","background-media":"","overlay-type":"","overlay-color":"","overlay-opacity":"","overlay-gradient":""},"mobile":{"background-color":"","background-image":"","background-repeat":"repeat","background-position":"center center","background-size":"auto","background-attachment":"scroll","background-type":"","background-media":"","overlay-type":"","overlay-color":"","overlay-opacity":"","overlay-gradient":""}},"ast-content-background-meta":{"desktop":{"background-color":"var(--ast-global-color-5)","background-image":"","background-repeat":"repeat","background-position":"center center","background-size":"auto","background-attachment":"scroll","background-type":"","background-media":"","overlay-type":"","overlay-color":"","overlay-opacity":"","overlay-gradient":""},"tablet":{"background-color":"var(--ast-global-color-5)","background-image":"","background-repeat":"repeat","background-position":"center center","background-size":"auto","background-attachment":"scroll","background-type":"","background-media":"","overlay-type":"","overlay-color":"","overlay-opacity":"","overlay-gradient":""},"mobile":{"background-color":"var(--ast-global-color-5)","background-image":"","background-repeat":"repeat","background-position":"center center","background-size":"auto","background-attachment":"scroll","background-type":"","background-media":"","overlay-type":"","overlay-color":"","overlay-opacity":"","overlay-gradient":""}}},"product_brand":[],"product_cat":[15],"product_tag":[140,148,174,172,144,173,139,171,136,167,153,166,149,156,169,170,168],"class_list":{"0":"post-1436","1":"product","2":"type-product","3":"status-publish","4":"has-post-thumbnail","6":"product_cat-bearings-bearing-components","7":"product_tag-aisi-52100-bearing","8":"product_tag-bearing-manufacturer-china","9":"product_tag-compressor-bearing","10":"product_tag-conveyor-bearing","11":"product_tag-custom-bearings","12":"product_tag-fan-bearing","13":"product_tag-gcr15-bearing","14":"product_tag-heavy-machinery-bearing","15":"product_tag-industrial-bearings","16":"product_tag-mounted-bearing","17":"product_tag-oem-bearings","18":"product_tag-pillow-block-bearing","19":"product_tag-precision-bearings","20":"product_tag-self-aligning-bearing","21":"product_tag-ucf-bearing","22":"product_tag-ucfl-bearing","23":"product_tag-ucp-bearing","24":"desktop-align-left","25":"tablet-align-left","26":"mobile-align-left","28":"first","29":"instock","30":"shipping-taxable","31":"product-type-simple"},"_links":{"self":[{"href":"https:\/\/www.wonzh.com\/fr\/wp-json\/wp\/v2\/product\/1436","targetHints":{"allow":["GET"]}}],"collection":[{"href":"https:\/\/www.wonzh.com\/fr\/wp-json\/wp\/v2\/product"}],"about":[{"href":"https:\/\/www.wonzh.com\/fr\/wp-json\/wp\/v2\/types\/product"}],"replies":[{"embeddable":true,"href":"https:\/\/www.wonzh.com\/fr\/wp-json\/wp\/v2\/comments?post=1436"}],"wp:featuredmedia":[{"embeddable":true,"href":"https:\/\/www.wonzh.com\/fr\/wp-json\/wp\/v2\/media\/1438"}],"wp:attachment":[{"href":"https:\/\/www.wonzh.com\/fr\/wp-json\/wp\/v2\/media?parent=1436"}],"wp:term":[{"taxonomy":"product_brand","embeddable":true,"href":"https:\/\/www.wonzh.com\/fr\/wp-json\/wp\/v2\/product_brand?post=1436"},{"taxonomy":"product_cat","embeddable":true,"href":"https:\/\/www.wonzh.com\/fr\/wp-json\/wp\/v2\/product_cat?post=1436"},{"taxonomy":"product_tag","embeddable":true,"href":"https:\/\/www.wonzh.com\/fr\/wp-json\/wp\/v2\/product_tag?post=1436"}],"curies":[{"name":"wp","href":"https:\/\/api.w.org\/{rel}","templated":true}]}}