{"id":2153,"date":"2026-04-29T15:31:51","date_gmt":"2026-04-29T15:31:51","guid":{"rendered":"https:\/\/www.wonzh.com\/?post_type=product&#038;p=2153"},"modified":"2026-04-29T15:31:53","modified_gmt":"2026-04-29T15:31:53","slug":"zgs13-wind-solar-power-pad-mounted-step-up-transformer-0-69kv-to-10kv-35kv-compact-substation-transformer-for-renewable-energy-systems","status":"publish","type":"product","link":"https:\/\/www.wonzh.com\/fi\/product\/zgs13-wind-solar-power-pad-mounted-step-up-transformer-0-69kv-to-10kv-35kv-compact-substation-transformer-for-renewable-energy-systems\/","title":{"rendered":"ZGS13 Tuuli- ja aurinkoenergia-asemalle asennettava korotusmuuntaja (0,69 kV - 10 kV \/ 35 kV kompakti muuntamo uusiutuvien energial\u00e4hteiden j\u00e4rjestelmiin)"},"content":{"rendered":"<p data-start=\"283\" data-end=\"466\">ZGS13-sarjan tuuli- ja aurinkoenergian oma tehostusmuuntaja on integroitu kompakti muuntamo-tyyppinen muuntajayksikk\u00f6, joka on suunniteltu uusiutuvan energian tuotantoj\u00e4rjestelmiin.<\/p>\n<p data-start=\"468\" data-end=\"532\">Se yhdist\u00e4\u00e4 seuraavat osat yhdeksi kompaktiksi rakenteeksi:<\/p>\n<ul data-start=\"533\" data-end=\"630\">\n<li data-section-id=\"159gwlz\" data-start=\"533\" data-end=\"565\">Muuntajan ydin ja k\u00e4\u00e4mi<\/li>\n<li data-section-id=\"1nd1vfv\" data-start=\"566\" data-end=\"580\">Kytkinlaitteet<\/li>\n<li data-section-id=\"1gutmwu\" data-start=\"581\" data-end=\"590\">Sulakkeet<\/li>\n<li data-section-id=\"1b2jgah\" data-start=\"591\" data-end=\"606\">Tapin vaihtaja<\/li>\n<li data-section-id=\"1d1nt9k\" data-start=\"607\" data-end=\"630\">Apuv\u00e4lineet<\/li>\n<\/ul>\n<p data-start=\"632\" data-end=\"762\">Yksikk\u00f6 k\u00e4ytt\u00e4\u00e4 muuntajan eristys\u00f6ljy\u00e4 sek\u00e4 eristys- ett\u00e4 j\u00e4\u00e4hdytysmediana, mik\u00e4 takaa korkean hy\u00f6tysuhteen ja vakaan toiminnan.<\/p>\n<p data-start=\"764\" data-end=\"889\">Se on suunniteltu muuntamaan tuotettu teho:<br \/>\n\ud83d\udc49 0,69kV (0,27-1,14kV)<br data-start=\"839\" data-end=\"842\" \/>osoitteeseen<br data-start=\"846\" data-end=\"849\" \/>\ud83d\udc49 10kV tai 35kV keskij\u00e4nnitetaso<\/p>\n<p data-start=\"891\" data-end=\"954\">maakaapeleiden tai ilmajohtojen kautta tapahtuvaa verkkosiirtoa varten.<\/p>\n<hr data-start=\"956\" data-end=\"959\" \/>\n<h2 data-section-id=\"lmz2ep\" data-start=\"961\" data-end=\"984\">\ud83d\udd39 Soveltamisala<\/h2>\n<p data-start=\"986\" data-end=\"1001\">K\u00e4ytet\u00e4\u00e4n laajalti:<\/p>\n<ul data-start=\"1002\" data-end=\"1152\">\n<li data-section-id=\"2kgmpf\" data-start=\"1002\" data-end=\"1035\">Tuulivoiman tuotantoj\u00e4rjestelm\u00e4t<\/li>\n<li data-section-id=\"aj1s75\" data-start=\"1036\" data-end=\"1076\">Aurinkos\u00e4hk\u00f6voimalat (PV)<\/li>\n<li data-section-id=\"x0107k\" data-start=\"1077\" data-end=\"1120\">Uusiutuvan energian ker\u00e4ysasemat<\/li>\n<li data-section-id=\"dyo4pr\" data-start=\"1121\" data-end=\"1152\">Hajautetun energian hankkeet<\/li>\n<\/ul>\n<hr data-start=\"1154\" data-end=\"1157\" \/>\n<h2 data-section-id=\"17fvu7l\" data-start=\"1159\" data-end=\"1177\">\ud83d\udd39 T\u00e4rkeimm\u00e4t ominaisuudet<\/h2>\n<h3 data-section-id=\"8xngy4\" data-start=\"1179\" data-end=\"1209\">\u2714 Eritt\u00e4in integroitu suunnittelu<\/h3>\n<ul data-start=\"1210\" data-end=\"1338\">\n<li data-section-id=\"18mz8ju\" data-start=\"1210\" data-end=\"1282\">Muuntaja + kytkinlaite + suojalaitteet integroitu yhteen yksikk\u00f6\u00f6n.<\/li>\n<li data-section-id=\"h1zq8k\" data-start=\"1283\" data-end=\"1338\">Kompakti rakenne sopii ulkoasennukseen<\/li>\n<\/ul>\n<p data-start=\"1340\" data-end=\"1392\">\ud83d\udc49 V\u00e4hent\u00e4\u00e4 j\u00e4rjestelm\u00e4n monimutkaisuutta ja asennuskustannuksia.<\/p>\n<hr data-start=\"1394\" data-end=\"1397\" \/>\n<h3 data-section-id=\"13rpt0v\" data-start=\"1399\" data-end=\"1429\">\u2714 Tehon portaittainen muuntaminen<\/h3>\n<ul data-start=\"1430\" data-end=\"1532\">\n<li data-section-id=\"n0iuwa\" data-start=\"1430\" data-end=\"1490\">Muuntaa pienj\u00e4nnitteisen tuotannon l\u00e4hd\u00f6n keskij\u00e4nnitteeksi.<\/li>\n<li data-section-id=\"1udo1p2\" data-start=\"1491\" data-end=\"1532\">Tukee verkkoyhteysvaatimuksia<\/li>\n<\/ul>\n<p data-start=\"1534\" data-end=\"1590\">\ud83d\udc49 Olennaista uusiutuvan energian siirtoj\u00e4rjestelmiss\u00e4<\/p>\n<hr data-start=\"1592\" data-end=\"1595\" \/>\n<h3 data-section-id=\"dsrx6t\" data-start=\"1597\" data-end=\"1643\">\u2714 \u00d6ljyyn upotettu eristys ja j\u00e4\u00e4hdytysj\u00e4rjestelm\u00e4<\/h3>\n<ul data-start=\"1644\" data-end=\"1734\">\n<li data-section-id=\"13xv2st\" data-start=\"1644\" data-end=\"1734\">K\u00e4ytt\u00e4\u00e4 eristys\u00f6ljy\u00e4:\n<ul data-start=\"1672\" data-end=\"1734\">\n<li data-section-id=\"s7zkff\" data-start=\"1672\" data-end=\"1704\">S\u00e4hk\u00f6inen eristysv\u00e4liaine<\/li>\n<li data-section-id=\"m3lgqs\" data-start=\"1707\" data-end=\"1734\">L\u00e4mm\u00f6npoistov\u00e4line<\/li>\n<\/ul>\n<\/li>\n<\/ul>\n<p data-start=\"1736\" data-end=\"1775\">\ud83d\udc49 Varmistaa vakaan pitk\u00e4aikaisen toiminnan<\/p>\n<hr data-start=\"1777\" data-end=\"1780\" \/>\n<h3 data-section-id=\"q0elz3\" data-start=\"1782\" data-end=\"1823\">\u2714 Nopea asennus ja helppo k\u00e4ytt\u00f6\u00f6notto<\/h3>\n<ul data-start=\"1824\" data-end=\"1894\">\n<li data-section-id=\"1oiyy76\" data-start=\"1824\" data-end=\"1856\">Tehdasvalmisteinen rakenne<\/li>\n<li data-section-id=\"8zqbpt\" data-start=\"1857\" data-end=\"1894\">V\u00e4h\u00e4inen asennusty\u00f6 paikan p\u00e4\u00e4ll\u00e4<\/li>\n<\/ul>\n<p data-start=\"1896\" data-end=\"1938\">\ud83d\udc49 Ihanteellinen syrj\u00e4isille tuuli- ja aurinkovoimalaitoksille.<\/p>\n<hr data-start=\"1940\" data-end=\"1943\" \/>\n<h3 data-section-id=\"1ney3w6\" data-start=\"1945\" data-end=\"1976\">\u2714 Korkea turvallisuus ja luotettavuus<\/h3>\n<ul data-start=\"1977\" data-end=\"2059\">\n<li data-section-id=\"18wyaby\" data-start=\"1977\" data-end=\"2005\">T\u00e4ysin suljettu rakenne<\/li>\n<li data-section-id=\"1yfbqna\" data-start=\"2006\" data-end=\"2059\">Integroitu suojausj\u00e4rjestelm\u00e4 (sulakkeet + kytkinlaitteet)<\/li>\n<\/ul>\n<p data-start=\"2061\" data-end=\"2105\">\ud83d\udc49 Soveltuu vaativiin ulkoymp\u00e4rist\u00f6ihin<\/p>\n<hr data-start=\"2107\" data-end=\"2110\" \/>\n<h3 data-section-id=\"1ukkhrg\" data-start=\"2112\" data-end=\"2149\">\u2714 Energiatehokas ja ymp\u00e4rist\u00f6yst\u00e4v\u00e4llinen<\/h3>\n<ul data-start=\"2150\" data-end=\"2242\">\n<li data-section-id=\"10oncp9\" data-start=\"2150\" data-end=\"2169\">V\u00e4h\u00e4h\u00e4vi\u00f6inen rakenne<\/li>\n<li data-section-id=\"19wmozq\" data-start=\"2170\" data-end=\"2203\">Optimoitu l\u00e4mp\u00f6tehokkuus<\/li>\n<li data-section-id=\"14ijk6v\" data-start=\"2204\" data-end=\"2242\">Ymp\u00e4rist\u00f6yst\u00e4v\u00e4llinen toiminta<\/li>\n<\/ul>\n<hr data-start=\"2244\" data-end=\"2247\" \/>\n<h3 data-section-id=\"mvgs39\" data-start=\"2249\" data-end=\"2285\">\u2714 Joustava j\u00e4nnitekonfiguraatio<\/h3>\n<p data-start=\"2286\" data-end=\"2295\">Tukee:<\/p>\n<ul data-start=\"2296\" data-end=\"2363\">\n<li data-section-id=\"mzelvn\" data-start=\"2296\" data-end=\"2332\">0,69kV tulo (0,27-1,14kV alue)<\/li>\n<li data-section-id=\"11dvkj3\" data-start=\"2333\" data-end=\"2363\">10kV \/ 35kV l\u00e4ht\u00f6vaihtoehdot<\/li>\n<\/ul>\n<hr data-start=\"2365\" data-end=\"2368\" \/>\n<h2 data-section-id=\"149biba\" data-start=\"2370\" data-end=\"2393\">\ud83d\udd39 Toimintaperiaate<\/h2>\n<ol data-start=\"2395\" data-end=\"2716\">\n<li data-section-id=\"4w3r9l\" data-start=\"2395\" data-end=\"2477\">Tuulivoimaloiden tai aurinkos\u00e4hk\u00f6vaihtimien tuottama s\u00e4hk\u00f6 tulee muuntajaan.<\/li>\n<li data-section-id=\"1s3j0n7\" data-start=\"2478\" data-end=\"2539\">J\u00e4nnite nostetaan pienj\u00e4nnitteest\u00e4 keskij\u00e4nnitteeseen.<\/li>\n<li data-section-id=\"asu5i3\" data-start=\"2540\" data-end=\"2641\">Virta siirret\u00e4\u00e4n ker\u00e4ysj\u00e4rjestelm\u00e4\u00e4n seuraavien v\u00e4lityksell\u00e4:\n<ul data-start=\"2597\" data-end=\"2641\">\n<li data-section-id=\"1y41j33\" data-start=\"2597\" data-end=\"2619\">Maanalaiset kaapelit<\/li>\n<li data-section-id=\"1yxobhv\" data-start=\"2623\" data-end=\"2641\">Ilmajohdot<\/li>\n<\/ul>\n<\/li>\n<li data-section-id=\"fb5a62\" data-start=\"2642\" data-end=\"2716\">Energia toimitetaan tuuli-\/aurinkos\u00e4hk\u00f6asemalle s\u00e4hk\u00f6verkkoon liitt\u00e4mist\u00e4 varten.<\/li>\n<\/ol>\n<hr data-start=\"2718\" data-end=\"2721\" \/>\n<h2 data-section-id=\"1rg4wz9\" data-start=\"2723\" data-end=\"2747\">\ud83d\udd39 Edut Yhteenveto<\/h2>\n<ul data-start=\"2749\" data-end=\"3022\">\n<li data-section-id=\"223ev8\" data-start=\"2749\" data-end=\"2807\">Kompakti integroitu suunnittelu uusiutuvan energian j\u00e4rjestelmi\u00e4 varten<\/li>\n<li data-section-id=\"3v4amq\" data-start=\"2808\" data-end=\"2847\">Nopea asennus ja k\u00e4ytt\u00f6\u00f6notto<\/li>\n<li data-section-id=\"1kyl9qx\" data-start=\"2848\" data-end=\"2891\">Korkea luotettavuus ja toimintavarmuus<\/li>\n<li data-section-id=\"1o44870\" data-start=\"2892\" data-end=\"2935\">Soveltuu vaativiin ulkoymp\u00e4rist\u00f6ihin<\/li>\n<li data-section-id=\"5k48t5\" data-start=\"2936\" data-end=\"2980\">Tukee verkkotason j\u00e4nnitevaatimuksia<\/li>\n<li data-section-id=\"18rnbjv\" data-start=\"2981\" data-end=\"3022\">V\u00e4h\u00e4inen huolto ja pitk\u00e4 k\u00e4ytt\u00f6ik\u00e4<\/li>\n<\/ul>\n<hr data-start=\"3024\" data-end=\"3027\" \/>\n<h1 data-section-id=\"1lxd8kj\" data-start=\"3029\" data-end=\"3036\">\u2753 USEIN KYSYTYT KYSYMYKSET<\/h1>\n<h3 data-section-id=\"16tdf6s\" data-start=\"3038\" data-end=\"3091\">1\ufe0f\u20e3 Mihin ZGS13-korotusmuuntajaa k\u00e4ytet\u00e4\u00e4n?<\/h3>\n<p data-start=\"3093\" data-end=\"3211\">Sit\u00e4 k\u00e4ytet\u00e4\u00e4n:<br \/>\n\ud83d\udc49 J\u00e4nnitteen nostaminen tuuli- tai aurinkoenergian tuotantoj\u00e4rjestelmist\u00e4 verkon siirtotasolle (10 kV tai 35 kV).<\/p>\n<hr data-start=\"3213\" data-end=\"3216\" \/>\n<h3 data-section-id=\"6385e5\" data-start=\"3218\" data-end=\"3248\">2\ufe0f\u20e3 Mihin se on asennettu?<\/h3>\n<p data-start=\"3250\" data-end=\"3273\">Sit\u00e4 k\u00e4ytet\u00e4\u00e4n yleisesti:<\/p>\n<ul data-start=\"3274\" data-end=\"3347\">\n<li data-section-id=\"1ryn0s7\" data-start=\"3274\" data-end=\"3288\">Tuulipuistot<\/li>\n<li data-section-id=\"igs886\" data-start=\"3289\" data-end=\"3314\">Aurinkos\u00e4hk\u00f6voimalat<\/li>\n<li data-section-id=\"1aribom\" data-start=\"3315\" data-end=\"3347\">Uusiutuvan energian s\u00e4hk\u00f6asemat<\/li>\n<\/ul>\n<hr data-start=\"3349\" data-end=\"3352\" \/>\n<h3 data-section-id=\"eaniav\" data-start=\"3354\" data-end=\"3412\">3\ufe0f\u20e3 Miksi sit\u00e4 kutsutaan kompaktiksi s\u00e4hk\u00f6asemamuuntajaksi?<\/h3>\n<p data-start=\"3414\" data-end=\"3436\">Koska se integroituu:<\/p>\n<ul data-start=\"3437\" data-end=\"3490\">\n<li data-section-id=\"1c2mxqr\" data-start=\"3437\" data-end=\"3452\">Muuntaja<\/li>\n<li data-section-id=\"1nd1vfv\" data-start=\"3453\" data-end=\"3467\">Kytkinlaitteet<\/li>\n<li data-section-id=\"9lz69s\" data-start=\"3468\" data-end=\"3490\">Suojalaitteet<\/li>\n<\/ul>\n<p data-start=\"3492\" data-end=\"3524\">\ud83d\udc49 Yhdeksi tehdasvalmisteiseksi yksik\u00f6ksi<\/p>\n<hr data-start=\"3526\" data-end=\"3529\" \/>\n<h3 data-section-id=\"kdbnzc\" data-start=\"3531\" data-end=\"3592\">4\ufe0f\u20e3 Mik\u00e4 tekee siit\u00e4 sopivan uusiutuvan energian hankkeisiin?<\/h3>\n<ul data-start=\"3594\" data-end=\"3686\">\n<li data-section-id=\"5svd5d\" data-start=\"3594\" data-end=\"3613\">Nopea k\u00e4ytt\u00f6\u00f6notto<\/li>\n<li data-section-id=\"4sp4nl\" data-start=\"3614\" data-end=\"3636\">Kest\u00e4vyys ulkona<\/li>\n<li data-section-id=\"1cqlean\" data-start=\"3637\" data-end=\"3666\">Vakaa j\u00e4nnitteen muuntaminen<\/li>\n<li data-section-id=\"1s8wp6p\" data-start=\"3667\" data-end=\"3686\">V\u00e4h\u00e4n huoltoa<\/li>\n<\/ul>\n<hr data-start=\"3688\" data-end=\"3691\" \/>\n<h3 data-section-id=\"e1lsee\" data-start=\"3693\" data-end=\"3725\">5\ufe0f\u20e3 K\u00e4ytet\u00e4\u00e4nk\u00f6 siin\u00e4 \u00f6ljyj\u00e4\u00e4hdytyst\u00e4?<\/h3>\n<p data-start=\"3727\" data-end=\"3794\">Kyll\u00e4, se k\u00e4ytt\u00e4\u00e4:<br \/>\n\ud83d\udc49 Eristys\u00f6ljy sek\u00e4 j\u00e4\u00e4hdytykseen ett\u00e4 eristykseen<\/p>","protected":false},"excerpt":{"rendered":"<p data-start=\"283\" data-end=\"466\">ZGS13-sarjan tuuli- ja aurinkoenergian oma tehostusmuuntaja on integroitu kompakti muuntamo-tyyppinen muuntajayksikk\u00f6, joka on suunniteltu uusiutuvan energian tuotantoj\u00e4rjestelmiin.<\/p>\n<p data-start=\"468\" data-end=\"532\">Se yhdist\u00e4\u00e4 seuraavat osat yhdeksi kompaktiksi rakenteeksi:<\/p>\n<ul data-start=\"533\" data-end=\"630\">\n<li data-section-id=\"159gwlz\" data-start=\"533\" data-end=\"565\">Muuntajan ydin ja k\u00e4\u00e4mi<\/li>\n<li data-section-id=\"1nd1vfv\" data-start=\"566\" data-end=\"580\">Kytkinlaitteet<\/li>\n<li data-section-id=\"1gutmwu\" data-start=\"581\" data-end=\"590\">Sulakkeet<\/li>\n<li data-section-id=\"1b2jgah\" data-start=\"591\" data-end=\"606\">Tapin vaihtaja<\/li>\n<li data-section-id=\"1d1nt9k\" data-start=\"607\" data-end=\"630\">Apuv\u00e4lineet<\/li>\n<\/ul>","protected":false},"featured_media":2154,"comment_status":"open","ping_status":"closed","template":"","meta":{"site-sidebar-layout":"default","site-content-layout":"","ast-site-content-layout":"default","site-content-style":"default","site-sidebar-style":"default","ast-global-header-display":"","ast-banner-title-visibility":"","ast-main-header-display":"","ast-hfb-above-header-display":"","ast-hfb-below-header-display":"","ast-hfb-mobile-header-display":"","site-post-title":"","ast-breadcrumbs-content":"","ast-featured-img":"","footer-sml-layout":"","ast-disable-related-posts":"","theme-transparent-header-meta":"default","adv-header-id-meta":"","stick-header-meta":"","header-above-stick-meta":"","header-main-stick-meta":"","header-below-stick-meta":"","astra-migrate-meta-layouts":"set","ast-page-background-enabled":"default","ast-page-background-meta":{"desktop":{"background-color":"","background-image":"","background-repeat":"repeat","background-position":"center center","background-size":"auto","background-attachment":"scroll","background-type":"","background-media":"","overlay-type":"","overlay-color":"","overlay-opacity":"","overlay-gradient":""},"tablet":{"background-color":"","background-image":"","background-repeat":"repeat","background-position":"center center","background-size":"auto","background-attachment":"scroll","background-type":"","background-media":"","overlay-type":"","overlay-color":"","overlay-opacity":"","overlay-gradient":""},"mobile":{"background-color":"","background-image":"","background-repeat":"repeat","background-position":"center center","background-size":"auto","background-attachment":"scroll","background-type":"","background-media":"","overlay-type":"","overlay-color":"","overlay-opacity":"","overlay-gradient":""}},"ast-content-background-meta":{"desktop":{"background-color":"var(--ast-global-color-5)","background-image":"","background-repeat":"repeat","background-position":"center center","background-size":"auto","background-attachment":"scroll","background-type":"","background-media":"","overlay-type":"","overlay-color":"","overlay-opacity":"","overlay-gradient":""},"tablet":{"background-color":"var(--ast-global-color-5)","background-image":"","background-repeat":"repeat","background-position":"center center","background-size":"auto","background-attachment":"scroll","background-type":"","background-media":"","overlay-type":"","overlay-color":"","overlay-opacity":"","overlay-gradient":""},"mobile":{"background-color":"var(--ast-global-color-5)","background-image":"","background-repeat":"repeat","background-position":"center center","background-size":"auto","background-attachment":"scroll","background-type":"","background-media":"","overlay-type":"","overlay-color":"","overlay-opacity":"","overlay-gradient":""}}},"product_brand":[],"product_cat":[2036,2032],"product_tag":[2156,2157,2160,2159,2155,2158,2162,2154,2161,2153,2152],"class_list":{"0":"post-2153","1":"product","2":"type-product","3":"status-publish","4":"has-post-thumbnail","6":"product_cat-renewable-energy-products","7":"product_cat-electrical-equipment","8":"product_tag-0-69kv-to-10kv-transformer","9":"product_tag-35kv-step-up-transformer","10":"product_tag-compact-substation-transformer","11":"product_tag-pad-mounted-transformer","12":"product_tag-pv-substation-transformer","13":"product_tag-renewable-energy-transformer","14":"product_tag-solar-power-equipment","15":"product_tag-solar-step-up-transformer","16":"product_tag-wind-farm-electrical-equipment","17":"product_tag-wind-power-transformer","18":"product_tag-zgs13-transformer","19":"desktop-align-left","20":"tablet-align-left","21":"mobile-align-left","23":"first","24":"instock","25":"shipping-taxable","26":"product-type-simple"},"_links":{"self":[{"href":"https:\/\/www.wonzh.com\/fi\/wp-json\/wp\/v2\/product\/2153","targetHints":{"allow":["GET"]}}],"collection":[{"href":"https:\/\/www.wonzh.com\/fi\/wp-json\/wp\/v2\/product"}],"about":[{"href":"https:\/\/www.wonzh.com\/fi\/wp-json\/wp\/v2\/types\/product"}],"replies":[{"embeddable":true,"href":"https:\/\/www.wonzh.com\/fi\/wp-json\/wp\/v2\/comments?post=2153"}],"wp:featuredmedia":[{"embeddable":true,"href":"https:\/\/www.wonzh.com\/fi\/wp-json\/wp\/v2\/media\/2154"}],"wp:attachment":[{"href":"https:\/\/www.wonzh.com\/fi\/wp-json\/wp\/v2\/media?parent=2153"}],"wp:term":[{"taxonomy":"product_brand","embeddable":true,"href":"https:\/\/www.wonzh.com\/fi\/wp-json\/wp\/v2\/product_brand?post=2153"},{"taxonomy":"product_cat","embeddable":true,"href":"https:\/\/www.wonzh.com\/fi\/wp-json\/wp\/v2\/product_cat?post=2153"},{"taxonomy":"product_tag","embeddable":true,"href":"https:\/\/www.wonzh.com\/fi\/wp-json\/wp\/v2\/product_tag?post=2153"}],"curies":[{"name":"wp","href":"https:\/\/api.w.org\/{rel}","templated":true}]}}