{"id":2151,"date":"2026-04-29T15:21:33","date_gmt":"2026-04-29T15:21:33","guid":{"rendered":"https:\/\/www.wonzh.com\/?post_type=product&#038;p=2151"},"modified":"2026-04-29T15:21:35","modified_gmt":"2026-04-29T15:21:35","slug":"ybh-sarjan-hybridi-kompakti-sahkoasema-10kv-35kv-tehdasvalmisteinen-sahkoasema-aurinko-tuulivoiman-jakeluun","status":"publish","type":"product","link":"https:\/\/www.wonzh.com\/fi\/product\/ybh-series-hybrid-compact-substation-10kv-35kv-prefabricated-substation-for-solar-wind-power-distribution\/","title":{"rendered":"YBH-sarjan hybridi kompakti s\u00e4hk\u00f6asema (10kV \/ 35kV tehdasvalmisteinen s\u00e4hk\u00f6asema aurinko- ja tuulivoiman jakeluun)"},"content":{"rendered":"<p data-start=\"252\" data-end=\"450\">YBH-sarjan hybridikompakti s\u00e4hk\u00f6asema on innovatiivinen tehdasvalmisteinen s\u00e4hk\u00f6asema, jossa yhdistyv\u00e4t sek\u00e4 amerikkalaistyyppisten (alustalle asennettavien) ett\u00e4 eurooppalaisten kompaktien s\u00e4hk\u00f6asemien edut.<\/p>\n<p data-start=\"452\" data-end=\"611\">Perinteisist\u00e4 malleista poiketen YBH-sarjassa k\u00e4ytet\u00e4\u00e4n ainutlaatuista korkeaj\u00e4nnitekytkent\u00e4rakennetta, jossa on oma tekniikka ja joka tarjoaa erinomaisen tasapainon:<\/p>\n<p data-start=\"613\" data-end=\"689\">\ud83d\udc49 Turvallisuus<br data-start=\"622\" data-end=\"625\" \/>\ud83d\udc49 Luotettavuus<br data-start=\"639\" data-end=\"642\" \/>\ud83d\udc49 Joustavuus<br data-start=\"656\" data-end=\"659\" \/>\ud83d\udc49 Ymp\u00e4rist\u00f6suorituskyky<\/p>\n<p data-start=\"691\" data-end=\"712\">Sit\u00e4 k\u00e4ytet\u00e4\u00e4n laajalti:<\/p>\n<ul data-start=\"713\" data-end=\"811\">\n<li data-section-id=\"1w4tyzr\" data-start=\"713\" data-end=\"744\">Aurinkovoimalat (PV)<\/li>\n<li data-section-id=\"z32h6d\" data-start=\"745\" data-end=\"771\">Tuulivoimaj\u00e4rjestelm\u00e4t<\/li>\n<li data-section-id=\"1xsivcn\" data-start=\"772\" data-end=\"811\">10kV \/ 35kV jakeluverkot<\/li>\n<\/ul>\n<hr data-start=\"813\" data-end=\"816\" \/>\n<h2 data-section-id=\"17fvu7l\" data-start=\"818\" data-end=\"836\">\ud83d\udd39 T\u00e4rkeimm\u00e4t ominaisuudet<\/h2>\n<h3 data-section-id=\"p055a8\" data-start=\"838\" data-end=\"893\">\u2714 Hybridimuotoilu (amerikkalaisten ja eurooppalaisten tyyppien parhaat puolet)<\/h3>\n<ul data-start=\"894\" data-end=\"996\">\n<li data-section-id=\"1ravmmf\" data-start=\"894\" data-end=\"941\">Yhdist\u00e4\u00e4 amerikkalaistyyppisen kompaktin rakenteen<\/li>\n<li data-section-id=\"h5akx7\" data-start=\"942\" data-end=\"996\">Integroi eurooppalaisen tyypin joustavan kokoonpanon<\/li>\n<\/ul>\n<p data-start=\"998\" data-end=\"1048\">\ud83d\udc49 Optimoitu nykyaikaisiin s\u00e4hk\u00f6njakelutarpeisiin<\/p>\n<hr data-start=\"1050\" data-end=\"1053\" \/>\n<h3 data-section-id=\"jwo2v2\" data-start=\"1055\" data-end=\"1107\">\u2714 Oma korkeaj\u00e4nnitekytkent\u00e4tekniikka<\/h3>\n<ul data-start=\"1108\" data-end=\"1180\">\n<li data-section-id=\"eeyv5\" data-start=\"1108\" data-end=\"1139\">Ainutlaatuinen HV-liit\u00e4nt\u00e4suunnittelu<\/li>\n<li data-section-id=\"1neig4x\" data-start=\"1140\" data-end=\"1180\">Parannettu j\u00e4rjestelm\u00e4n vakaus ja turvallisuus<\/li>\n<\/ul>\n<p data-start=\"1182\" data-end=\"1232\">\ud83d\udc49 Eriytetty tuoteetu hankkeissa<\/p>\n<hr data-start=\"1234\" data-end=\"1237\" \/>\n<h3 data-section-id=\"1mr7066\" data-start=\"1239\" data-end=\"1279\">\u2714 Integroitu tehdasvalmisteinen rakenne<\/h3>\n<ul data-start=\"1280\" data-end=\"1350\">\n<li data-section-id=\"kygouv\" data-start=\"1280\" data-end=\"1324\">Muuntaja + HV + LV-j\u00e4rjestelm\u00e4 yhdess\u00e4 yksik\u00f6ss\u00e4<\/li>\n<li data-section-id=\"y5las0\" data-start=\"1325\" data-end=\"1350\">Tehdas esiasennettu<\/li>\n<\/ul>\n<p data-start=\"1352\" data-end=\"1390\">\ud83d\udc49 V\u00e4hent\u00e4\u00e4 asennusaikaa paikan p\u00e4\u00e4ll\u00e4<\/p>\n<hr data-start=\"1392\" data-end=\"1395\" \/>\n<h3 data-section-id=\"1ney3w6\" data-start=\"1397\" data-end=\"1428\">\u2714 Korkea turvallisuus ja luotettavuus<\/h3>\n<ul data-start=\"1429\" data-end=\"1488\">\n<li data-section-id=\"18wyaby\" data-start=\"1429\" data-end=\"1457\">T\u00e4ysin suljettu rakenne<\/li>\n<li data-section-id=\"eqylk7\" data-start=\"1458\" data-end=\"1488\">T\u00e4ydellinen suojausj\u00e4rjestelm\u00e4<\/li>\n<\/ul>\n<p data-start=\"1490\" data-end=\"1534\">\ud83d\udc49 Soveltuu vaativiin ulkoymp\u00e4rist\u00f6ihin<\/p>\n<hr data-start=\"1536\" data-end=\"1539\" \/>\n<h3 data-section-id=\"1ep4gse\" data-start=\"1541\" data-end=\"1569\">\u2714 Kompakti ja tilaa s\u00e4\u00e4st\u00e4v\u00e4<\/h3>\n<ul data-start=\"1570\" data-end=\"1678\">\n<li data-section-id=\"1kzytt9\" data-start=\"1570\" data-end=\"1627\">Pienempi tilantarve verrattuna perinteisiin s\u00e4hk\u00f6asemiin<\/li>\n<li data-section-id=\"1bdhfgw\" data-start=\"1628\" data-end=\"1678\">Ihanteellinen kaupunki- ja hajautettuihin energiaj\u00e4rjestelmiin<\/li>\n<\/ul>\n<hr data-start=\"1680\" data-end=\"1683\" \/>\n<h3 data-section-id=\"nixv8q\" data-start=\"1685\" data-end=\"1722\">\u2714 Ymp\u00e4rist\u00f6yst\u00e4v\u00e4llinen suunnittelu<\/h3>\n<ul data-start=\"1723\" data-end=\"1802\">\n<li data-section-id=\"16visxu\" data-start=\"1723\" data-end=\"1736\">V\u00e4h\u00e4inen melu<\/li>\n<li data-section-id=\"xnrp06\" data-start=\"1737\" data-end=\"1771\">V\u00e4hennetty s\u00e4hk\u00f6magneettinen vaikutus<\/li>\n<li data-section-id=\"fwrxgr\" data-start=\"1772\" data-end=\"1802\">Energiatehokas toiminta<\/li>\n<\/ul>\n<p data-start=\"1804\" data-end=\"1843\">\ud83d\udc49 Sopii vihre\u00e4n energian hankkeisiin<\/p>\n<hr data-start=\"1845\" data-end=\"1848\" \/>\n<h2 data-section-id=\"1hq6i26\" data-start=\"1850\" data-end=\"1873\">\ud83d\udd39 Rakennesuunnittelu<\/h2>\n<h3 data-section-id=\"18zdobt\" data-start=\"1875\" data-end=\"1899\">\ud83d\udd38 Suurj\u00e4nniteyksikk\u00f6<\/h3>\n<ul data-start=\"1900\" data-end=\"1965\">\n<li data-section-id=\"1vszvk\" data-start=\"1900\" data-end=\"1933\">Joustava HV-liit\u00e4nt\u00e4j\u00e4rjestelm\u00e4<\/li>\n<li data-section-id=\"wvv6oo\" data-start=\"1934\" data-end=\"1965\">Turvallinen ja luotettava kytkent\u00e4<\/li>\n<\/ul>\n<hr data-start=\"1967\" data-end=\"1970\" \/>\n<h3 data-section-id=\"ebkzy6\" data-start=\"1972\" data-end=\"1995\">\ud83d\udd38 Muuntajayksikk\u00f6<\/h3>\n<ul data-start=\"1996\" data-end=\"2071\">\n<li data-section-id=\"c29kbn\" data-start=\"1996\" data-end=\"2045\">Tukee \u00f6ljyll\u00e4 upotettua tai kuivamuuntajaa.<\/li>\n<li data-section-id=\"zfd45y\" data-start=\"2046\" data-end=\"2071\">Mukautettava kapasiteetti<\/li>\n<\/ul>\n<hr data-start=\"2073\" data-end=\"2076\" \/>\n<h3 data-section-id=\"1ts15o3\" data-start=\"2078\" data-end=\"2101\">\ud83d\udd38 Pienj\u00e4nniteyksikk\u00f6<\/h3>\n<ul data-start=\"2102\" data-end=\"2177\">\n<li data-section-id=\"1nhl37j\" data-start=\"2102\" data-end=\"2140\">Jakelu- ja suojausj\u00e4rjestelm\u00e4<\/li>\n<li data-section-id=\"nc910x\" data-start=\"2141\" data-end=\"2177\">Mittauksen ja valvonnan integrointi<\/li>\n<\/ul>\n<hr data-start=\"2179\" data-end=\"2182\" \/>\n<h3 data-section-id=\"1m6twft\" data-start=\"2184\" data-end=\"2200\">\ud83d\udd38 Kotelo<\/h3>\n<ul data-start=\"2201\" data-end=\"2286\">\n<li data-section-id=\"1ut0yto\" data-start=\"2201\" data-end=\"2222\">S\u00e4\u00e4nkest\u00e4v\u00e4<\/li>\n<li data-section-id=\"xvhfr1\" data-start=\"2223\" data-end=\"2248\">Korroosionestomuotoilu<\/li>\n<li data-section-id=\"1qum606\" data-start=\"2249\" data-end=\"2286\">Soveltuu ulkoasennukseen<\/li>\n<\/ul>\n<hr data-start=\"2288\" data-end=\"2291\" \/>\n<h2 data-section-id=\"15du31k\" data-start=\"2293\" data-end=\"2311\">\ud83d\udd39 Sovellukset<\/h2>\n<p data-start=\"2313\" data-end=\"2357\">YBH-hybridiasemaa k\u00e4ytet\u00e4\u00e4n laajalti seuraavissa kohteissa:<\/p>\n<ul data-start=\"2359\" data-end=\"2542\">\n<li data-section-id=\"aj1s75\" data-start=\"2359\" data-end=\"2399\">Aurinkos\u00e4hk\u00f6voimalat (PV)<\/li>\n<li data-section-id=\"pdj8ig\" data-start=\"2400\" data-end=\"2424\">Tuulivoimahankkeet<\/li>\n<li data-section-id=\"1oiocup\" data-start=\"2425\" data-end=\"2461\">Kaupunkien s\u00e4hk\u00f6njakeluj\u00e4rjestelm\u00e4t<\/li>\n<li data-section-id=\"ikoknv\" data-start=\"2462\" data-end=\"2502\">Teolliset ja kaupalliset tilat<\/li>\n<li data-section-id=\"gftaf6\" data-start=\"2503\" data-end=\"2542\">Infrastruktuuri- ja yleishy\u00f6dylliset hankkeet<\/li>\n<\/ul>\n<hr data-start=\"2544\" data-end=\"2547\" \/>\n<h2 data-section-id=\"1rg4wz9\" data-start=\"2549\" data-end=\"2573\">\ud83d\udd39 Edut Yhteenveto<\/h2>\n<ul data-start=\"2575\" data-end=\"2866\">\n<li data-section-id=\"1gwl3b8\" data-start=\"2575\" data-end=\"2632\">Hybridirakenne, jossa yhdistyv\u00e4t Yhdysvaltojen ja EU:n s\u00e4hk\u00f6asemien edut<\/li>\n<li data-section-id=\"2hkvtw\" data-start=\"2633\" data-end=\"2683\">Oma korkeaj\u00e4nniteliit\u00e4nt\u00e4tekniikka<\/li>\n<li data-section-id=\"17kae4n\" data-start=\"2684\" data-end=\"2728\">Kompakti, integroitu ja helppo asentaa<\/li>\n<li data-section-id=\"el1xvd\" data-start=\"2729\" data-end=\"2772\">Korkea turvallisuus ja toimintavarmuus<\/li>\n<li data-section-id=\"blvuyk\" data-start=\"2773\" data-end=\"2816\">Ihanteellinen uusiutuvan energian sovelluksiin<\/li>\n<li data-section-id=\"5i22eq\" data-start=\"2817\" data-end=\"2866\">Ymp\u00e4rist\u00f6yst\u00e4v\u00e4llinen ja energiatehokas<\/li>\n<\/ul>\n<hr data-start=\"2868\" data-end=\"2871\" \/>\n<h1 data-section-id=\"1lxd8kj\" data-start=\"2873\" data-end=\"2880\">\u2753 USEIN KYSYTYT KYSYMYKSET<\/h1>\n<h3 data-section-id=\"z3zs38\" data-start=\"2882\" data-end=\"2922\">1\ufe0f\u20e3 Mik\u00e4 on YBH-hybridis\u00e4hk\u00f6asema?<\/h3>\n<p data-start=\"2924\" data-end=\"3023\">Se on:<br \/>\n\ud83d\udc49 Tehdasvalmisteinen kompakti s\u00e4hk\u00f6asema, jossa yhdistyv\u00e4t amerikkalaisen ja eurooppalaisen tyypin ominaisuudet.<\/p>\n<hr data-start=\"3025\" data-end=\"3028\" \/>\n<h3 data-section-id=\"12cezs5\" data-start=\"3030\" data-end=\"3074\">2\ufe0f\u20e3 Mit\u00e4 j\u00e4nnitetasoja se tukee?<\/h3>\n<p data-start=\"3076\" data-end=\"3128\">Tyypillisesti:<br \/>\n\ud83d\udc49 10kV ja 35kV jakeluj\u00e4rjestelm\u00e4t<\/p>\n<hr data-start=\"3130\" data-end=\"3133\" \/>\n<h3 data-section-id=\"67s3uz\" data-start=\"3135\" data-end=\"3194\">3\ufe0f\u20e3 Mik\u00e4 erottaa YBH:n tavallisista s\u00e4hk\u00f6asemista?<\/h3>\n<ul data-start=\"3196\" data-end=\"3301\">\n<li data-section-id=\"1hj524x\" data-start=\"3196\" data-end=\"3216\">Hybridirakenne<\/li>\n<li data-section-id=\"whfq98\" data-start=\"3217\" data-end=\"3251\">Ainutlaatuinen korkeaj\u00e4nniteliit\u00e4nt\u00e4<\/li>\n<li data-section-id=\"111rkfh\" data-start=\"3252\" data-end=\"3301\">Kompaktiuden ja joustavuuden parempi tasapaino<\/li>\n<\/ul>\n<hr data-start=\"3303\" data-end=\"3306\" \/>\n<h3 data-section-id=\"1638i42\" data-start=\"3308\" data-end=\"3360\">4\ufe0f\u20e3 Voidaanko sit\u00e4 k\u00e4ytt\u00e4\u00e4 uusiutuvan energian hankkeissa?<\/h3>\n<p data-start=\"3362\" data-end=\"3427\">Kyll\u00e4, sit\u00e4 k\u00e4ytet\u00e4\u00e4n laajalti:<br \/>\n\ud83d\udc49 Aurinko- (PV) ja tuulivoimaj\u00e4rjestelm\u00e4t<\/p>\n<hr data-start=\"3429\" data-end=\"3432\" \/>\n<h3 data-section-id=\"zb1fot\" data-start=\"3434\" data-end=\"3461\">5\ufe0f\u20e3 Onko se muokattavissa?<\/h3>\n<p data-start=\"3463\" data-end=\"3480\">Kyll\u00e4, se tukee:<\/p>\n<ul data-start=\"3481\" data-end=\"3574\">\n<li data-section-id=\"sbuquj\" data-start=\"3481\" data-end=\"3511\">Muuntajan tyypin valinta<\/li>\n<li data-section-id=\"1aqod29\" data-start=\"3512\" data-end=\"3538\">Kapasiteetin r\u00e4\u00e4t\u00e4l\u00f6inti<\/li>\n<li data-section-id=\"5l4zr8\" data-start=\"3539\" data-end=\"3574\">S\u00e4hk\u00f6isen kokoonpanon suunnittelu<\/li>\n<\/ul>","protected":false},"excerpt":{"rendered":"<p data-start=\"252\" data-end=\"450\">YBH-sarjan hybridikompakti s\u00e4hk\u00f6asema on innovatiivinen tehdasvalmisteinen s\u00e4hk\u00f6asema, jossa yhdistyv\u00e4t sek\u00e4 amerikkalaistyyppisten (alustalle asennettavien) ett\u00e4 eurooppalaisten kompaktien s\u00e4hk\u00f6asemien edut.<\/p>\n<p data-start=\"452\" data-end=\"611\">Perinteisist\u00e4 malleista poiketen YBH-sarjassa k\u00e4ytet\u00e4\u00e4n ainutlaatuista korkeaj\u00e4nnitekytkent\u00e4rakennetta, jossa on oma tekniikka ja joka tarjoaa erinomaisen tasapainon:<\/p>","protected":false},"featured_media":2152,"comment_status":"open","ping_status":"closed","template":"","meta":{"site-sidebar-layout":"default","site-content-layout":"","ast-site-content-layout":"default","site-content-style":"default","site-sidebar-style":"default","ast-global-header-display":"","ast-banner-title-visibility":"","ast-main-header-display":"","ast-hfb-above-header-display":"","ast-hfb-below-header-display":"","ast-hfb-mobile-header-display":"","site-post-title":"","ast-breadcrumbs-content":"","ast-featured-img":"","footer-sml-layout":"","ast-disable-related-posts":"","theme-transparent-header-meta":"default","adv-header-id-meta":"","stick-header-meta":"","header-above-stick-meta":"","header-main-stick-meta":"","header-below-stick-meta":"","astra-migrate-meta-layouts":"set","ast-page-background-enabled":"default","ast-page-background-meta":{"desktop":{"background-color":"","background-image":"","background-repeat":"repeat","background-position":"center center","background-size":"auto","background-attachment":"scroll","background-type":"","background-media":"","overlay-type":"","overlay-color":"","overlay-opacity":"","overlay-gradient":""},"tablet":{"background-color":"","background-image":"","background-repeat":"repeat","background-position":"center center","background-size":"auto","background-attachment":"scroll","background-type":"","background-media":"","overlay-type":"","overlay-color":"","overlay-opacity":"","overlay-gradient":""},"mobile":{"background-color":"","background-image":"","background-repeat":"repeat","background-position":"center center","background-size":"auto","background-attachment":"scroll","background-type":"","background-media":"","overlay-type":"","overlay-color":"","overlay-opacity":"","overlay-gradient":""}},"ast-content-background-meta":{"desktop":{"background-color":"var(--ast-global-color-5)","background-image":"","background-repeat":"repeat","background-position":"center center","background-size":"auto","background-attachment":"scroll","background-type":"","background-media":"","overlay-type":"","overlay-color":"","overlay-opacity":"","overlay-gradient":""},"tablet":{"background-color":"var(--ast-global-color-5)","background-image":"","background-repeat":"repeat","background-position":"center center","background-size":"auto","background-attachment":"scroll","background-type":"","background-media":"","overlay-type":"","overlay-color":"","overlay-opacity":"","overlay-gradient":""},"mobile":{"background-color":"var(--ast-global-color-5)","background-image":"","background-repeat":"repeat","background-position":"center center","background-size":"auto","background-attachment":"scroll","background-type":"","background-media":"","overlay-type":"","overlay-color":"","overlay-opacity":"","overlay-gradient":""}}},"product_brand":[],"product_cat":[2032,2036],"product_tag":[2145,2146,2149,2144,2151,2150,2064,2147,2148,2143],"class_list":{"0":"post-2151","1":"product","2":"type-product","3":"status-publish","4":"has-post-thumbnail","6":"product_cat-electrical-equipment","7":"product_cat-renewable-energy-products","8":"product_tag-10kv-substation","9":"product_tag-35kv-substation","10":"product_tag-compact-transformer-substation","11":"product_tag-hybrid-compact-substation","12":"product_tag-outdoor-substation-equipment","13":"product_tag-power-distribution-substation","14":"product_tag-prefabricated-substation","15":"product_tag-solar-substation","16":"product_tag-wind-power-substation","17":"product_tag-ybh-substation","18":"desktop-align-left","19":"tablet-align-left","20":"mobile-align-left","22":"first","23":"instock","24":"shipping-taxable","25":"product-type-simple"},"_links":{"self":[{"href":"https:\/\/www.wonzh.com\/fi\/wp-json\/wp\/v2\/product\/2151","targetHints":{"allow":["GET"]}}],"collection":[{"href":"https:\/\/www.wonzh.com\/fi\/wp-json\/wp\/v2\/product"}],"about":[{"href":"https:\/\/www.wonzh.com\/fi\/wp-json\/wp\/v2\/types\/product"}],"replies":[{"embeddable":true,"href":"https:\/\/www.wonzh.com\/fi\/wp-json\/wp\/v2\/comments?post=2151"}],"wp:featuredmedia":[{"embeddable":true,"href":"https:\/\/www.wonzh.com\/fi\/wp-json\/wp\/v2\/media\/2152"}],"wp:attachment":[{"href":"https:\/\/www.wonzh.com\/fi\/wp-json\/wp\/v2\/media?parent=2151"}],"wp:term":[{"taxonomy":"product_brand","embeddable":true,"href":"https:\/\/www.wonzh.com\/fi\/wp-json\/wp\/v2\/product_brand?post=2151"},{"taxonomy":"product_cat","embeddable":true,"href":"https:\/\/www.wonzh.com\/fi\/wp-json\/wp\/v2\/product_cat?post=2151"},{"taxonomy":"product_tag","embeddable":true,"href":"https:\/\/www.wonzh.com\/fi\/wp-json\/wp\/v2\/product_tag?post=2151"}],"curies":[{"name":"wp","href":"https:\/\/api.w.org\/{rel}","templated":true}]}}