{"id":2140,"date":"2026-04-29T14:46:34","date_gmt":"2026-04-29T14:46:34","guid":{"rendered":"https:\/\/www.wonzh.com\/?post_type=product&#038;p=2140"},"modified":"2026-04-29T14:46:35","modified_gmt":"2026-04-29T14:46:35","slug":"xgn15-12-sf6-ring-main-unit-12kv-metal-enclosed-air-insulated-switchgear-for-power-distribution","status":"publish","type":"product","link":"https:\/\/www.wonzh.com\/fi\/product\/xgn15-12-sf6-ring-main-unit-12kv-metal-enclosed-air-insulated-switchgear-for-power-distribution\/","title":{"rendered":"XGN15-12 SF6-rengasyksikk\u00f6 (12 kV:n metallinen suljettu ilmaeristetty kytkinlaite s\u00e4hk\u00f6njakelua varten)"},"content":{"rendered":"<p data-start=\"244\" data-end=\"452\">XGN15-12-sarjan SF6-rengasyksikk\u00f6 (RMU) on uuden sukupolven keskij\u00e4nnitekytkinlaite, joka on suunniteltu SF6-kuorman katkaisukytkimill\u00e4 t\u00e4rkeimm\u00e4ksi kytkent\u00e4komponentiksi ja ilmaeristysrakenteeksi.<\/p>\n<p data-start=\"454\" data-end=\"609\">Se on rakenteeltaan kompakti, modulaarinen ja laajennettavissa, joten se sopii erinomaisesti nykyaikaisiin rengasverkon s\u00e4hk\u00f6njakeluj\u00e4rjestelmiin ja p\u00e4\u00e4teasemiin.<\/p>\n<p data-start=\"611\" data-end=\"638\">Kytkinlaite toimii seuraavissa tiloissa:<\/p>\n<ul data-start=\"639\" data-end=\"696\">\n<li data-section-id=\"w0xwqv\" data-start=\"639\" data-end=\"668\">Nimellistaajuus: 50Hz<\/li>\n<li data-section-id=\"1hfgq88\" data-start=\"669\" data-end=\"696\">Nimellisj\u00e4nnite: 12kV<\/li>\n<\/ul>\n<p data-start=\"698\" data-end=\"845\">Sit\u00e4 k\u00e4ytet\u00e4\u00e4n laajalti kaupunkien ja teollisuuden s\u00e4hk\u00f6njakeluverkoissa, erityisesti kaapelirengasj\u00e4rjestelmiss\u00e4 ja p\u00e4\u00e4telaitteiden s\u00e4hk\u00f6nsy\u00f6tt\u00f6sovelluksissa.<\/p>\n<hr data-start=\"847\" data-end=\"850\" \/>\n<h2 data-section-id=\"17fvu7l\" data-start=\"852\" data-end=\"870\">\ud83d\udd39 T\u00e4rkeimm\u00e4t ominaisuudet<\/h2>\n<h3 data-section-id=\"17n3pcd\" data-start=\"872\" data-end=\"902\">\u2714 Kompakti ja modulaarinen rakenne<\/h3>\n<ul data-start=\"903\" data-end=\"974\">\n<li data-section-id=\"1exxsfo\" data-start=\"903\" data-end=\"922\">Pieni jalanj\u00e4lki<\/li>\n<li data-section-id=\"1pg46p\" data-start=\"923\" data-end=\"947\">Laajennettava rakenne<\/li>\n<li data-section-id=\"1lwy1yl\" data-start=\"948\" data-end=\"974\">Joustava kokoonpano<\/li>\n<\/ul>\n<p data-start=\"976\" data-end=\"1018\">\ud83d\udc49 Ihanteellinen rajoitetun tilan asennuksiin<\/p>\n<hr data-start=\"1020\" data-end=\"1023\" \/>\n<h3 data-section-id=\"1rmabi4\" data-start=\"1025\" data-end=\"1063\">\u2714 SF6-kuormituksen katkaisukytkin tekniikka<\/h3>\n<ul data-start=\"1064\" data-end=\"1149\">\n<li data-section-id=\"xmiurg\" data-start=\"1064\" data-end=\"1106\">Korkean luotettavuuden kytkent\u00e4suorituskyky<\/li>\n<li data-section-id=\"g919cy\" data-start=\"1107\" data-end=\"1149\">Erinomainen valokaaren sammutuskyky<\/li>\n<\/ul>\n<p data-start=\"1151\" data-end=\"1189\">\ud83d\udc49 Varmistaa turvallisen ja vakaan toiminnan<\/p>\n<hr data-start=\"1191\" data-end=\"1194\" \/>\n<h3 data-section-id=\"1xt7gxu\" data-start=\"1196\" data-end=\"1226\">\u2714 Metallinen suljettu rakenne<\/h3>\n<ul data-start=\"1227\" data-end=\"1298\">\n<li data-section-id=\"jufgzz\" data-start=\"1227\" data-end=\"1261\">T\u00e4ysin suljettu panssaroitu kaappi<\/li>\n<li data-section-id=\"1cbibis\" data-start=\"1262\" data-end=\"1298\">Ilmaeristetty sis\u00e4inen rakenne<\/li>\n<\/ul>\n<p data-start=\"1300\" data-end=\"1332\">\ud83d\udc49 Parantaa k\u00e4ytt\u00f6turvallisuutta<\/p>\n<hr data-start=\"1334\" data-end=\"1337\" \/>\n<h3 data-section-id=\"nmp87m\" data-start=\"1339\" data-end=\"1369\">\u2714 Joustavat piirikaaviot<\/h3>\n<ul data-start=\"1370\" data-end=\"1462\">\n<li data-section-id=\"ivfvff\" data-start=\"1370\" data-end=\"1415\">Tukee p\u00e4\u00e4te- ja rengasverkkojohdotusta<\/li>\n<li data-section-id=\"1l6lnne\" data-start=\"1416\" data-end=\"1462\">Sovitettavissa erilaisiin j\u00e4rjestelm\u00e4kokoonpanoihin<\/li>\n<\/ul>\n<hr data-start=\"1464\" data-end=\"1467\" \/>\n<h3 data-section-id=\"1gxptii\" data-start=\"1469\" data-end=\"1505\">\u2714 T\u00e4ydellinen komponenttien integrointi<\/h3>\n<p data-start=\"1506\" data-end=\"1515\">Sis\u00e4lt\u00e4\u00e4:<\/p>\n<ul data-start=\"1516\" data-end=\"1629\">\n<li data-section-id=\"zza4lc\" data-start=\"1516\" data-end=\"1541\">SF6-kuorman katkaisukytkin<\/li>\n<li data-section-id=\"1wup980\" data-start=\"1542\" data-end=\"1561\">Maadoituskytkin<\/li>\n<li data-section-id=\"1yhabhp\" data-start=\"1562\" data-end=\"1570\">Sulake<\/li>\n<li data-section-id=\"1vf5890\" data-start=\"1571\" data-end=\"1603\">Virta-\/j\u00e4nnitemuuntajat<\/li>\n<li data-section-id=\"9wlt9w\" data-start=\"1604\" data-end=\"1629\">Toissijaiset v\u00e4lineet<\/li>\n<\/ul>\n<p data-start=\"1631\" data-end=\"1674\">\ud83d\udc49 T\u00e4ytt\u00e4\u00e4 erilaiset tekniset vaatimukset<\/p>\n<hr data-start=\"1676\" data-end=\"1679\" \/>\n<h3 data-section-id=\"12n2clq\" data-start=\"1681\" data-end=\"1719\">\u2714 Luotettava mekaaninen lukitussysteemi<\/h3>\n<ul data-start=\"1720\" data-end=\"1905\">\n<li data-section-id=\"12itbxq\" data-start=\"1720\" data-end=\"1749\">Sis\u00e4\u00e4nrakennettu lukitusj\u00e4rjestelm\u00e4<\/li>\n<li data-section-id=\"opbivp\" data-start=\"1750\" data-end=\"1905\">T\u00e4ytt\u00e4\u00e4 t\u00e4ysin <strong data-start=\"1764\" data-end=\"1805\">\u201cFive Prevention\u201d -turvallisuusvaatimukset<\/strong>:\n<ul data-start=\"1809\" data-end=\"1905\">\n<li data-section-id=\"10220o4\" data-start=\"1809\" data-end=\"1833\">Est\u00e4 virheellinen toiminta<\/li>\n<li data-section-id=\"1d8zgdx\" data-start=\"1836\" data-end=\"1862\">Est\u00e4 j\u00e4nnitteinen maadoitus<\/li>\n<li data-section-id=\"1xh9vyq\" data-start=\"1865\" data-end=\"1905\">Est\u00e4 virheellinen kytkent\u00e4j\u00e4rjestys<\/li>\n<\/ul>\n<\/li>\n<\/ul>\n<hr data-start=\"1907\" data-end=\"1910\" \/>\n<h3 data-section-id=\"1ney3w6\" data-start=\"1912\" data-end=\"1943\">\u2714 Korkea turvallisuus ja luotettavuus<\/h3>\n<ul data-start=\"1944\" data-end=\"2044\">\n<li data-section-id=\"1trnttq\" data-start=\"1944\" data-end=\"1990\">Vakaa toiminta keskij\u00e4nniteverkoissa<\/li>\n<li data-section-id=\"1upbm1x\" data-start=\"1991\" data-end=\"2044\">Soveltuu jatkuvaan virransy\u00f6tt\u00f6\u00f6n<\/li>\n<\/ul>\n<hr data-start=\"2046\" data-end=\"2049\" \/>\n<h2 data-section-id=\"1hq6i26\" data-start=\"2051\" data-end=\"2074\">\ud83d\udd39 Rakennesuunnittelu<\/h2>\n<h3 data-section-id=\"8fsvm5\" data-start=\"2076\" data-end=\"2095\">\ud83d\udd38 Kaappityyppi<\/h3>\n<ul data-start=\"2096\" data-end=\"2183\">\n<li data-section-id=\"6ycy0i\" data-start=\"2096\" data-end=\"2129\">Metalliverhoiltu suljettu rakenne<\/li>\n<li data-section-id=\"9mhacx\" data-start=\"2130\" data-end=\"2160\">Ilmaeristetyt osastot<\/li>\n<li data-section-id=\"19bdaax\" data-start=\"2161\" data-end=\"2183\">Kompakti ja kest\u00e4v\u00e4<\/li>\n<\/ul>\n<hr data-start=\"2185\" data-end=\"2188\" \/>\n<h3 data-section-id=\"1k4dlis\" data-start=\"2190\" data-end=\"2213\">\ud83d\udd38 Kytkent\u00e4j\u00e4rjestelm\u00e4<\/h3>\n<ul data-start=\"2214\" data-end=\"2300\">\n<li data-section-id=\"1pc7u17\" data-start=\"2214\" data-end=\"2254\">SF6-kuorman katkaisukytkin p\u00e4\u00e4kytkimen\u00e4<\/li>\n<li data-section-id=\"19peevs\" data-start=\"2255\" data-end=\"2300\">Integroitu maadoitus- ja suojausj\u00e4rjestelm\u00e4<\/li>\n<\/ul>\n<hr data-start=\"2302\" data-end=\"2305\" \/>\n<h3 data-section-id=\"1x6mgn9\" data-start=\"2307\" data-end=\"2331\">\ud83d\udd38 Suojausj\u00e4rjestelm\u00e4<\/h3>\n<ul data-start=\"2332\" data-end=\"2409\">\n<li data-section-id=\"1vzhk71\" data-start=\"2332\" data-end=\"2368\">Muuntajien sulakesuojaus<\/li>\n<li data-section-id=\"1jqn82g\" data-start=\"2369\" data-end=\"2409\">T\u00e4ydellinen vikasuojausvalmius<\/li>\n<\/ul>\n<hr data-start=\"2411\" data-end=\"2414\" \/>\n<h3 data-section-id=\"1ux2mw7\" data-start=\"2416\" data-end=\"2436\">\ud83d\udd38 Laajennettavuus<\/h3>\n<ul data-start=\"2437\" data-end=\"2518\">\n<li data-section-id=\"hkvjgg\" data-start=\"2437\" data-end=\"2479\">Modulaarinen rakenne mahdollistaa laajentamisen tulevaisuudessa<\/li>\n<li data-section-id=\"cucwfa\" data-start=\"2480\" data-end=\"2518\">Soveltuu kasvaviin voimaj\u00e4rjestelmiin<\/li>\n<\/ul>\n<hr data-start=\"2520\" data-end=\"2523\" \/>\n<h2 data-section-id=\"15du31k\" data-start=\"2525\" data-end=\"2543\">\ud83d\udd39 Sovellukset<\/h2>\n<p data-start=\"2545\" data-end=\"2580\">XGN15-12 RMU:ta k\u00e4ytet\u00e4\u00e4n laajalti seuraavissa kohteissa:<\/p>\n<ul data-start=\"2582\" data-end=\"2841\">\n<li data-section-id=\"86zm1h\" data-start=\"2582\" data-end=\"2622\">Kaupunkien asuinalueiden s\u00e4hk\u00f6njakelu<\/li>\n<li data-section-id=\"zcg4fz\" data-start=\"2623\" data-end=\"2648\">Toissijaiset s\u00e4hk\u00f6asemat<\/li>\n<li data-section-id=\"114sfdf\" data-start=\"2649\" data-end=\"2671\">Kytkent\u00e4asemat<\/li>\n<li data-section-id=\"eakz7s\" data-start=\"2672\" data-end=\"2709\">Teollisuus- ja kaivosyritykset<\/li>\n<li data-section-id=\"hfihxt\" data-start=\"2710\" data-end=\"2734\">Liikerakennukset<\/li>\n<li data-section-id=\"1b8blr8\" data-start=\"2735\" data-end=\"2765\">Lentoasemat ja metroj\u00e4rjestelm\u00e4t<\/li>\n<li data-section-id=\"18stwit\" data-start=\"2766\" data-end=\"2789\">Tuulivoimahankkeet<\/li>\n<li data-section-id=\"1v8duec\" data-start=\"2790\" data-end=\"2816\">Sairaalat ja stadionit<\/li>\n<li data-section-id=\"11oc9le\" data-start=\"2817\" data-end=\"2841\">Rautatiet ja tunnelit<\/li>\n<\/ul>\n<hr data-start=\"2843\" data-end=\"2846\" \/>\n<h2 data-section-id=\"1rg4wz9\" data-start=\"2848\" data-end=\"2872\">\ud83d\udd39 Edut Yhteenveto<\/h2>\n<ul data-start=\"2874\" data-end=\"3139\">\n<li data-section-id=\"1x16qe3\" data-start=\"2874\" data-end=\"2909\">Kompakti ja tilaa s\u00e4\u00e4st\u00e4v\u00e4 rakenne<\/li>\n<li data-section-id=\"1bsc137\" data-start=\"2910\" data-end=\"2960\">Korkea luotettavuus SF6-kytkent\u00e4tekniikan ansiosta<\/li>\n<li data-section-id=\"lol72i\" data-start=\"2961\" data-end=\"3002\">Joustava ja laajennettava kokoonpano<\/li>\n<li data-section-id=\"1nkqwt3\" data-start=\"3003\" data-end=\"3042\">T\u00e4ydellinen turvalukitusj\u00e4rjestelm\u00e4<\/li>\n<li data-section-id=\"18p92t7\" data-start=\"3043\" data-end=\"3098\">Soveltuu rengasverkkoon ja p\u00e4\u00e4tejakeluun<\/li>\n<li data-section-id=\"crou16\" data-start=\"3099\" data-end=\"3139\">Ihanteellinen nykyaikaisiin kaupunkien s\u00e4hk\u00f6j\u00e4rjestelmiin<\/li>\n<\/ul>\n<hr data-start=\"3141\" data-end=\"3144\" \/>\n<h1 data-section-id=\"1lxd8kj\" data-start=\"3146\" data-end=\"3153\">\u2753 USEIN KYSYTYT KYSYMYKSET<\/h1>\n<h3 data-section-id=\"1ukyt9j\" data-start=\"3155\" data-end=\"3193\">1\ufe0f\u20e3 Mik\u00e4 on SF6-rengasyksikk\u00f6?<\/h3>\n<p data-start=\"3195\" data-end=\"3344\">An <strong data-start=\"3198\" data-end=\"3209\">SF6 RMU<\/strong> on keskij\u00e4nnitekytkinlaite, jossa k\u00e4ytet\u00e4\u00e4n <strong data-start=\"3247\" data-end=\"3278\">SF6-kaasun kuormituksen katkaisukytkimet<\/strong> turvalliseen ja luotettavaan s\u00e4hk\u00f6njakeluun rengasverkkoj\u00e4rjestelmiss\u00e4.<\/p>\n<hr data-start=\"3346\" data-end=\"3349\" \/>\n<h3 data-section-id=\"uv2j8y\" data-start=\"3351\" data-end=\"3403\">2\ufe0f\u20e3 Mille j\u00e4nnitetasolle XGN15-12 sopii?<\/h3>\n<p data-start=\"3405\" data-end=\"3465\">Se on suunniteltu:<br \/>\n\ud83d\udc49 <strong data-start=\"3428\" data-end=\"3465\">12 kV:n keskij\u00e4nniteverkot<\/strong><\/p>\n<hr data-start=\"3467\" data-end=\"3470\" \/>\n<h3 data-section-id=\"tk3rvm\" data-start=\"3472\" data-end=\"3512\">3\ufe0f\u20e3 Miss\u00e4 t\u00e4t\u00e4 RMU:ta k\u00e4ytet\u00e4\u00e4n yleisesti?<\/h3>\n<p data-start=\"3514\" data-end=\"3535\">Sit\u00e4 k\u00e4ytet\u00e4\u00e4n laajalti:<\/p>\n<ul data-start=\"3536\" data-end=\"3607\">\n<li data-section-id=\"1k1ryxi\" data-start=\"3536\" data-end=\"3557\">Kaupunkien s\u00e4hk\u00f6verkot<\/li>\n<li data-section-id=\"8295nf\" data-start=\"3558\" data-end=\"3579\">Teollisuuslaitokset<\/li>\n<li data-section-id=\"1e17v55\" data-start=\"3580\" data-end=\"3607\">Infrastruktuurihankkeet<\/li>\n<\/ul>\n<hr data-start=\"3609\" data-end=\"3612\" \/>\n<h3 data-section-id=\"4brwmt\" data-start=\"3614\" data-end=\"3664\">4\ufe0f\u20e3 Mitk\u00e4 ovat SF6-kytkinlaitteiden edut?<\/h3>\n<ul data-start=\"3666\" data-end=\"3782\">\n<li data-section-id=\"1b4urz8\" data-start=\"3666\" data-end=\"3702\">Erinomainen eristyskyky<\/li>\n<li data-section-id=\"ub7qiv\" data-start=\"3703\" data-end=\"3739\">Vahva valokaaren sammutuskyky<\/li>\n<li data-section-id=\"hlwggc\" data-start=\"3740\" data-end=\"3782\">Korkea luotettavuus ja pitk\u00e4 k\u00e4ytt\u00f6ik\u00e4<\/li>\n<\/ul>\n<hr data-start=\"3784\" data-end=\"3787\" \/>\n<h3 data-section-id=\"1vzxbic\" data-start=\"3789\" data-end=\"3830\">5\ufe0f\u20e3 Voiko XGN15-12 RMU:ta laajentaa?<\/h3>\n<p data-start=\"3832\" data-end=\"3915\">Kyll\u00e4, siin\u00e4 on <strong data-start=\"3851\" data-end=\"3880\">modulaarinen laajennettava rakenne<\/strong>, mik\u00e4 mahdollistaa j\u00e4rjestelm\u00e4n laajentamisen tulevaisuudessa.<\/p>","protected":false},"excerpt":{"rendered":"<p data-start=\"244\" data-end=\"452\">XGN15-12-sarjan SF6-rengasyksikk\u00f6 (RMU) on uuden sukupolven keskij\u00e4nnitekytkinlaite, joka on suunniteltu SF6-kuorman katkaisukytkimill\u00e4 t\u00e4rkeimm\u00e4ksi kytkent\u00e4komponentiksi ja ilmaeristysrakenteeksi.<\/p>\n<p data-start=\"454\" data-end=\"609\">Se on rakenteeltaan kompakti, modulaarinen ja laajennettavissa, joten se sopii erinomaisesti nykyaikaisiin rengasverkon s\u00e4hk\u00f6njakeluj\u00e4rjestelmiin ja p\u00e4\u00e4teasemiin.<\/p>","protected":false},"featured_media":2141,"comment_status":"open","ping_status":"closed","template":"","meta":{"site-sidebar-layout":"default","site-content-layout":"","ast-site-content-layout":"default","site-content-style":"default","site-sidebar-style":"default","ast-global-header-display":"","ast-banner-title-visibility":"","ast-main-header-display":"","ast-hfb-above-header-display":"","ast-hfb-below-header-display":"","ast-hfb-mobile-header-display":"","site-post-title":"","ast-breadcrumbs-content":"","ast-featured-img":"","footer-sml-layout":"","ast-disable-related-posts":"","theme-transparent-header-meta":"default","adv-header-id-meta":"","stick-header-meta":"","header-above-stick-meta":"","header-main-stick-meta":"","header-below-stick-meta":"","astra-migrate-meta-layouts":"set","ast-page-background-enabled":"default","ast-page-background-meta":{"desktop":{"background-color":"","background-image":"","background-repeat":"repeat","background-position":"center center","background-size":"auto","background-attachment":"scroll","background-type":"","background-media":"","overlay-type":"","overlay-color":"","overlay-opacity":"","overlay-gradient":""},"tablet":{"background-color":"","background-image":"","background-repeat":"repeat","background-position":"center center","background-size":"auto","background-attachment":"scroll","background-type":"","background-media":"","overlay-type":"","overlay-color":"","overlay-opacity":"","overlay-gradient":""},"mobile":{"background-color":"","background-image":"","background-repeat":"repeat","background-position":"center center","background-size":"auto","background-attachment":"scroll","background-type":"","background-media":"","overlay-type":"","overlay-color":"","overlay-opacity":"","overlay-gradient":""}},"ast-content-background-meta":{"desktop":{"background-color":"var(--ast-global-color-5)","background-image":"","background-repeat":"repeat","background-position":"center center","background-size":"auto","background-attachment":"scroll","background-type":"","background-media":"","overlay-type":"","overlay-color":"","overlay-opacity":"","overlay-gradient":""},"tablet":{"background-color":"var(--ast-global-color-5)","background-image":"","background-repeat":"repeat","background-position":"center center","background-size":"auto","background-attachment":"scroll","background-type":"","background-media":"","overlay-type":"","overlay-color":"","overlay-opacity":"","overlay-gradient":""},"mobile":{"background-color":"var(--ast-global-color-5)","background-image":"","background-repeat":"repeat","background-position":"center center","background-size":"auto","background-attachment":"scroll","background-type":"","background-media":"","overlay-type":"","overlay-color":"","overlay-opacity":"","overlay-gradient":""}}},"product_brand":[],"product_cat":[2035,2032],"product_tag":[2119,2124,2104,2125,2120,2122,2097,2123,2121,2117,2114,2118],"class_list":{"0":"post-2140","1":"product","2":"type-product","3":"status-publish","4":"has-post-thumbnail","6":"product_cat-high-and-low-voltage-switchgear","7":"product_cat-electrical-equipment","8":"product_tag-12kv-rmu","9":"product_tag-air-insulated-switchgear","10":"product_tag-electrical-switchgear","11":"product_tag-industrial-power-equipment","12":"product_tag-medium-voltage-switchgear","13":"product_tag-metal-enclosed-switchgear","14":"product_tag-power-distribution-equipment","15":"product_tag-ring-network-cabinet","16":"product_tag-sf6-load-break-switch","17":"product_tag-sf6-ring-main-unit","18":"product_tag-substation-equipment","19":"product_tag-xgn15-12-switchgear","20":"desktop-align-left","21":"tablet-align-left","22":"mobile-align-left","24":"first","25":"instock","26":"shipping-taxable","27":"product-type-simple"},"_links":{"self":[{"href":"https:\/\/www.wonzh.com\/fi\/wp-json\/wp\/v2\/product\/2140","targetHints":{"allow":["GET"]}}],"collection":[{"href":"https:\/\/www.wonzh.com\/fi\/wp-json\/wp\/v2\/product"}],"about":[{"href":"https:\/\/www.wonzh.com\/fi\/wp-json\/wp\/v2\/types\/product"}],"replies":[{"embeddable":true,"href":"https:\/\/www.wonzh.com\/fi\/wp-json\/wp\/v2\/comments?post=2140"}],"wp:featuredmedia":[{"embeddable":true,"href":"https:\/\/www.wonzh.com\/fi\/wp-json\/wp\/v2\/media\/2141"}],"wp:attachment":[{"href":"https:\/\/www.wonzh.com\/fi\/wp-json\/wp\/v2\/media?parent=2140"}],"wp:term":[{"taxonomy":"product_brand","embeddable":true,"href":"https:\/\/www.wonzh.com\/fi\/wp-json\/wp\/v2\/product_brand?post=2140"},{"taxonomy":"product_cat","embeddable":true,"href":"https:\/\/www.wonzh.com\/fi\/wp-json\/wp\/v2\/product_cat?post=2140"},{"taxonomy":"product_tag","embeddable":true,"href":"https:\/\/www.wonzh.com\/fi\/wp-json\/wp\/v2\/product_tag?post=2140"}],"curies":[{"name":"wp","href":"https:\/\/api.w.org\/{rel}","templated":true}]}}