{"id":2132,"date":"2026-04-28T15:33:52","date_gmt":"2026-04-28T15:33:52","guid":{"rendered":"https:\/\/www.wonzh.com\/?post_type=product&#038;p=2132"},"modified":"2026-04-29T16:14:16","modified_gmt":"2026-04-29T16:14:16","slug":"gcs-low-voltage-withdrawable-switchgear-up-to-4000a-power-distribution-motor-control-system","status":"publish","type":"product","link":"https:\/\/www.wonzh.com\/fi\/product\/gcs-low-voltage-withdrawable-switchgear-up-to-4000a-power-distribution-motor-control-system\/","title":{"rendered":"GCS matalaj\u00e4nnitekytkinlaitteet (jopa 4000A s\u00e4hk\u00f6njakelu- ja moottorinohjausj\u00e4rjestelm\u00e4)"},"content":{"rendered":"<p data-start=\"255\" data-end=\"423\">GCS-sarjan pienj\u00e4nnitekytkinlaitteet on suunniteltu s\u00e4hk\u00f6njakeluun, moottorinohjaukseen ja loistehon kompensointiin nykyaikaisissa s\u00e4hk\u00f6j\u00e4rjestelmiss\u00e4.<\/p>\n<p data-start=\"425\" data-end=\"483\">Se soveltuu kolmivaiheisiin vaihtovirtaj\u00e4rjestelmiin (50 Hz), joissa on seuraavat ominaisuudet.<img fetchpriority=\"high\" decoding=\"async\" class=\"size-medium wp-image-2133 alignright\" src=\"https:\/\/www.wonzh.com\/wp-content\/uploads\/2026\/04\/GCS-Low-Voltage-Withdrawable-Switchgear-Up-to-4000A-Power-Distribution-Motor-Control-System-300x300.png\" alt=\"\" width=\"300\" height=\"300\" srcset=\"https:\/\/www.wonzh.com\/wp-content\/uploads\/2026\/04\/GCS-Low-Voltage-Withdrawable-Switchgear-Up-to-4000A-Power-Distribution-Motor-Control-System-300x300.png 300w, https:\/\/www.wonzh.com\/wp-content\/uploads\/2026\/04\/GCS-Low-Voltage-Withdrawable-Switchgear-Up-to-4000A-Power-Distribution-Motor-Control-System-150x150.png 150w, https:\/\/www.wonzh.com\/wp-content\/uploads\/2026\/04\/GCS-Low-Voltage-Withdrawable-Switchgear-Up-to-4000A-Power-Distribution-Motor-Control-System-768x768.png 768w, https:\/\/www.wonzh.com\/wp-content\/uploads\/2026\/04\/GCS-Low-Voltage-Withdrawable-Switchgear-Up-to-4000A-Power-Distribution-Motor-Control-System-12x12.png 12w, https:\/\/www.wonzh.com\/wp-content\/uploads\/2026\/04\/GCS-Low-Voltage-Withdrawable-Switchgear-Up-to-4000A-Power-Distribution-Motor-Control-System-600x600.png 600w, https:\/\/www.wonzh.com\/wp-content\/uploads\/2026\/04\/GCS-Low-Voltage-Withdrawable-Switchgear-Up-to-4000A-Power-Distribution-Motor-Control-System-100x100.png 100w, https:\/\/www.wonzh.com\/wp-content\/uploads\/2026\/04\/GCS-Low-Voltage-Withdrawable-Switchgear-Up-to-4000A-Power-Distribution-Motor-Control-System.png 1000w\" sizes=\"(max-width: 300px) 100vw, 300px\" \/>h:<\/p>\n<ul data-start=\"484\" data-end=\"553\">\n<li data-section-id=\"1ua275e\" data-start=\"484\" data-end=\"518\">Nimellisj\u00e4nnite: 400V \/ 690V<\/li>\n<li data-section-id=\"1ui9t9i\" data-start=\"519\" data-end=\"553\">Nimellisvirta: jopa 4000A<\/li>\n<\/ul>\n<p data-start=\"555\" data-end=\"789\">Modulaarinen, ulosvedett\u00e4v\u00e4 rakenne mahdollistaa joustavan k\u00e4yt\u00f6n, helpon yll\u00e4pidon ja korkean j\u00e4rjestelm\u00e4n luotettavuuden, joten se sopii erinomaisesti teollisuus- ja infrastruktuurisovelluksiin, joissa tarvitaan jatkuvaa ja \u00e4lyk\u00e4st\u00e4 virranhallintaa.<\/p>\n<p data-start=\"791\" data-end=\"812\">Sit\u00e4 k\u00e4ytet\u00e4\u00e4n laajalti:<\/p>\n<ul data-start=\"813\" data-end=\"1000\">\n<li data-section-id=\"13gp9hh\" data-start=\"813\" data-end=\"845\">Voimalaitokset ja s\u00e4hk\u00f6asemat<\/li>\n<li data-section-id=\"v68dal\" data-start=\"846\" data-end=\"882\">Petrokemian- ja \u00f6ljyteollisuus<\/li>\n<li data-section-id=\"17rxug5\" data-start=\"883\" data-end=\"929\">Metallurginen ja valmistava teollisuus<\/li>\n<li data-section-id=\"18q0d1j\" data-start=\"930\" data-end=\"951\">Tekstiilitehtaat<\/li>\n<li data-section-id=\"1ij7n1e\" data-start=\"952\" data-end=\"1000\">Korkeat rakennukset ja liikekompleksit<\/li>\n<\/ul>\n<hr data-start=\"1002\" data-end=\"1005\" \/>\n<h2 data-section-id=\"17fvu7l\" data-start=\"1007\" data-end=\"1025\">\ud83d\udd39 T\u00e4rkeimm\u00e4t ominaisuudet<\/h2>\n<h3 data-section-id=\"1ms3rs4\" data-start=\"1027\" data-end=\"1060\">\u2714 Modulaarinen vedett\u00e4v\u00e4 rakenne<\/h3>\n<ul data-start=\"1061\" data-end=\"1145\">\n<li data-section-id=\"rzk20g\" data-start=\"1061\" data-end=\"1093\">Laatikkotyyppiset toiminnalliset yksik\u00f6t<\/li>\n<li data-section-id=\"1bdsdea\" data-start=\"1094\" data-end=\"1145\">Helppo asennus, vaihto ja huolto<\/li>\n<\/ul>\n<p data-start=\"1147\" data-end=\"1192\">\ud83d\udc49 V\u00e4hent\u00e4\u00e4 seisokkiaikoja ja parantaa tehokkuutta<\/p>\n<hr data-start=\"1194\" data-end=\"1197\" \/>\n<h3 data-section-id=\"2w9o6u\" data-start=\"1199\" data-end=\"1230\">\u2714 Korkea luotettavuus ja turvallisuus<\/h3>\n<ul data-start=\"1231\" data-end=\"1328\">\n<li data-section-id=\"1gq6mz6\" data-start=\"1231\" data-end=\"1274\">Kehittynyt s\u00e4hk\u00f6inen lukitusj\u00e4rjestelm\u00e4<\/li>\n<li data-section-id=\"nhyewn\" data-start=\"1275\" data-end=\"1300\">Est\u00e4\u00e4 virheellisen toiminnan<\/li>\n<li data-section-id=\"1605knx\" data-start=\"1301\" data-end=\"1328\">Varmistaa k\u00e4ytt\u00e4j\u00e4n turvallisuuden<\/li>\n<\/ul>\n<hr data-start=\"1330\" data-end=\"1333\" \/>\n<h3 data-section-id=\"u4z51z\" data-start=\"1335\" data-end=\"1363\">\u2714 Joustava kokoonpano<\/h3>\n<ul data-start=\"1364\" data-end=\"1455\">\n<li data-section-id=\"sazqw8\" data-start=\"1364\" data-end=\"1455\">Tukee:\n<ul data-start=\"1378\" data-end=\"1455\">\n<li data-section-id=\"1tv7qr1\" data-start=\"1378\" data-end=\"1400\">Tehonjakelu<\/li>\n<li data-section-id=\"zm7t8o\" data-start=\"1403\" data-end=\"1426\">Moottorin ohjaus (MCC)<\/li>\n<li data-section-id=\"yuz8vg\" data-start=\"1429\" data-end=\"1455\">Kondensaattorin kompensointi<\/li>\n<\/ul>\n<\/li>\n<\/ul>\n<p data-start=\"1457\" data-end=\"1504\">\ud83d\udc49 Sopii erilaisiin sovelluskohteisiin<\/p>\n<hr data-start=\"1506\" data-end=\"1509\" \/>\n<h3 data-section-id=\"11dpq2p\" data-start=\"1511\" data-end=\"1538\">\u2714 Korkea nykyinen kapasiteetti<\/h3>\n<ul data-start=\"1539\" data-end=\"1615\">\n<li data-section-id=\"1udyif0\" data-start=\"1539\" data-end=\"1572\">Nimellisvirta jopa 4000A<\/li>\n<li data-section-id=\"11waltv\" data-start=\"1573\" data-end=\"1615\">Soveltuu laajamittaisiin s\u00e4hk\u00f6j\u00e4rjestelmiin<\/li>\n<\/ul>\n<hr data-start=\"1617\" data-end=\"1620\" \/>\n<h3 data-section-id=\"56aejm\" data-start=\"1622\" data-end=\"1658\">\u2714 \u00c4lyk\u00e4s ohjauskyky<\/h3>\n<ul data-start=\"1659\" data-end=\"1759\">\n<li data-section-id=\"1q3ju9x\" data-start=\"1659\" data-end=\"1697\">Yhteensopiva automaatioj\u00e4rjestelmien kanssa<\/li>\n<li data-section-id=\"ls73aw\" data-start=\"1698\" data-end=\"1759\">Tukee viestint\u00e4\u00e4 tietokoneiden ja valvontaj\u00e4rjestelmien kanssa<\/li>\n<\/ul>\n<p data-start=\"1761\" data-end=\"1813\">\ud83d\udc49 Ihanteellinen \u00e4lykk\u00e4isiin tehtaisiin ja automatisoituihin j\u00e4rjestelmiin.<\/p>\n<hr data-start=\"1815\" data-end=\"1818\" \/>\n<h3 data-section-id=\"1hweg03\" data-start=\"1820\" data-end=\"1845\">\u2714 Vahva sopeutumiskyky<\/h3>\n<ul data-start=\"1846\" data-end=\"1942\">\n<li data-section-id=\"ug4n5v\" data-start=\"1846\" data-end=\"1892\">Soveltuu vaativiin teollisuusymp\u00e4rist\u00f6ihin<\/li>\n<li data-section-id=\"1e4pl9p\" data-start=\"1893\" data-end=\"1942\">Vakaa suorituskyky jatkuvassa k\u00e4yt\u00f6ss\u00e4<\/li>\n<\/ul>\n<hr data-start=\"1944\" data-end=\"1947\" \/>\n<h2 data-section-id=\"1hq6i26\" data-start=\"1949\" data-end=\"1972\">\ud83d\udd39 Rakennesuunnittelu<\/h2>\n<h3 data-section-id=\"1xh03j4\" data-start=\"1974\" data-end=\"1998\">\ud83d\udd38 Kaapin rakenne<\/h3>\n<ul data-start=\"1999\" data-end=\"2099\">\n<li data-section-id=\"rca4d3\" data-start=\"1999\" data-end=\"2030\">Modulaarinen koottu rakenne<\/li>\n<li data-section-id=\"i5treg\" data-start=\"2031\" data-end=\"2060\">Lujitettu ter\u00e4srunko<\/li>\n<li data-section-id=\"1bdd9s6\" data-start=\"2061\" data-end=\"2099\">Kompakti ja tilatehokas rakenne<\/li>\n<\/ul>\n<hr data-start=\"2101\" data-end=\"2104\" \/>\n<h3 data-section-id=\"v76t0e\" data-start=\"2106\" data-end=\"2131\">\ud83d\udd38 Nostettavissa olevat yksik\u00f6t<\/h3>\n<ul data-start=\"2132\" data-end=\"2221\">\n<li data-section-id=\"gzz3tl\" data-start=\"2132\" data-end=\"2175\">Laatikkotyyppinen rakenne toiminnallisia yksik\u00f6it\u00e4 varten<\/li>\n<li data-section-id=\"mhiher\" data-start=\"2176\" data-end=\"2221\">Vakiomoduulit helppo vaihtaa<\/li>\n<\/ul>\n<p data-start=\"2223\" data-end=\"2234\">\u27a1 Edut:<\/p>\n<ul data-start=\"2235\" data-end=\"2277\">\n<li data-section-id=\"1o62h68\" data-start=\"2235\" data-end=\"2256\">Nopea huolto<\/li>\n<li data-section-id=\"16zesr\" data-start=\"2257\" data-end=\"2277\">V\u00e4hennetty seisokkiaika<\/li>\n<\/ul>\n<hr data-start=\"2279\" data-end=\"2282\" \/>\n<h3 data-section-id=\"1tnodmb\" data-start=\"2284\" data-end=\"2304\">\ud83d\udd38 V\u00e4yl\u00e4kiskoj\u00e4rjestelm\u00e4<\/h3>\n<ul data-start=\"2305\" data-end=\"2383\">\n<li data-section-id=\"rj0pb8\" data-start=\"2305\" data-end=\"2341\">Eritt\u00e4in johtavat kuparikiskot<\/li>\n<li data-section-id=\"11i1xl1\" data-start=\"2342\" data-end=\"2383\">Optimoitu ulkoasu l\u00e4mm\u00f6ntuottoa varten<\/li>\n<\/ul>\n<p data-start=\"2385\" data-end=\"2396\">\u27a1 Ominaisuudet:<\/p>\n<ul data-start=\"2397\" data-end=\"2447\">\n<li data-section-id=\"11d9kpn\" data-start=\"2397\" data-end=\"2422\">Suuri virtakapasiteetti<\/li>\n<li data-section-id=\"173shq5\" data-start=\"2423\" data-end=\"2447\">Alhainen l\u00e4mp\u00f6tilan nousu<\/li>\n<\/ul>\n<hr data-start=\"2449\" data-end=\"2452\" \/>\n<h3 data-section-id=\"1x6mgn9\" data-start=\"2454\" data-end=\"2478\">\ud83d\udd38 Suojausj\u00e4rjestelm\u00e4<\/h3>\n<ul data-start=\"2479\" data-end=\"2590\">\n<li data-section-id=\"1qpbf50\" data-start=\"2479\" data-end=\"2590\">T\u00e4ydelliset suojaustoiminnot:\n<ul data-start=\"2514\" data-end=\"2590\">\n<li data-section-id=\"14s7m03\" data-start=\"2514\" data-end=\"2537\">Ylikuormitussuojaus<\/li>\n<li data-section-id=\"xnufhj\" data-start=\"2540\" data-end=\"2568\">Oikosulkusuojaus<\/li>\n<li data-section-id=\"1gniwxy\" data-start=\"2571\" data-end=\"2590\">Vian erist\u00e4minen<\/li>\n<\/ul>\n<\/li>\n<\/ul>\n<hr data-start=\"2592\" data-end=\"2595\" \/>\n<h3 data-section-id=\"jsk2jm\" data-start=\"2597\" data-end=\"2627\">\ud83d\udd38 Ohjaus ja viestint\u00e4<\/h3>\n<ul data-start=\"2628\" data-end=\"2710\">\n<li data-section-id=\"12xyfr6\" data-start=\"2628\" data-end=\"2667\">Tukee PLC- ja tietokoneliit\u00e4nt\u00e4\u00e4<\/li>\n<li data-section-id=\"bkrhvp\" data-start=\"2668\" data-end=\"2710\">Soveltuu automaattisiin ohjausj\u00e4rjestelmiin<\/li>\n<\/ul>\n<hr data-start=\"2712\" data-end=\"2715\" \/>\n<h2 data-section-id=\"15du31k\" data-start=\"2717\" data-end=\"2735\">\ud83d\udd39 Sovellukset<\/h2>\n<ul data-start=\"2737\" data-end=\"2922\">\n<li data-section-id=\"19y712\" data-start=\"2737\" data-end=\"2782\">S\u00e4hk\u00f6ntuotanto- ja jakeluj\u00e4rjestelm\u00e4t<\/li>\n<li data-section-id=\"1qs4a2s\" data-start=\"2783\" data-end=\"2807\">Petrokemian laitokset<\/li>\n<li data-section-id=\"1y4z0ss\" data-start=\"2808\" data-end=\"2847\">Teollisuuden tuotantolaitokset<\/li>\n<li data-section-id=\"6m4zjg\" data-start=\"2848\" data-end=\"2894\">Korkeat rakennukset ja kaupalliset keskukset<\/li>\n<li data-section-id=\"1e17v55\" data-start=\"2895\" data-end=\"2922\">Infrastruktuurihankkeet<\/li>\n<\/ul>\n<hr data-start=\"2924\" data-end=\"2927\" \/>\n<h2 data-section-id=\"1rg4wz9\" data-start=\"2929\" data-end=\"2953\">\ud83d\udd39 Edut Yhteenveto<\/h2>\n<ul data-start=\"2955\" data-end=\"3197\">\n<li data-section-id=\"z0351a\" data-start=\"2955\" data-end=\"2986\">Modulaarinen ulosvedett\u00e4v\u00e4 rakenne<\/li>\n<li data-section-id=\"1wao6ap\" data-start=\"2987\" data-end=\"3018\">Korkea turvallisuus ja luotettavuus<\/li>\n<li data-section-id=\"1q8mitz\" data-start=\"3019\" data-end=\"3068\">Joustava kokoonpano useita toimintoja varten<\/li>\n<li data-section-id=\"82rthe\" data-start=\"3069\" data-end=\"3109\">Tukee \u00e4lykk\u00e4it\u00e4 ohjausj\u00e4rjestelmi\u00e4<\/li>\n<li data-section-id=\"1am4nmt\" data-start=\"3110\" data-end=\"3144\">Helppo huolto ja k\u00e4ytt\u00f6<\/li>\n<li data-section-id=\"1kvgnyc\" data-start=\"3145\" data-end=\"3197\">Soveltuu laajamittaisiin teollisuussovelluksiin<\/li>\n<\/ul>\n<hr data-start=\"3199\" data-end=\"3202\" \/>\n<h1 data-section-id=\"1lxd8kj\" data-start=\"3204\" data-end=\"3211\">\u2753 USEIN KYSYTYT KYSYMYKSET<\/h1>\n<h3 data-section-id=\"n1rjwe\" data-start=\"3213\" data-end=\"3255\">1\ufe0f\u20e3 Mik\u00e4 on ulosvedett\u00e4v\u00e4 kytkinlaite?<\/h3>\n<p data-start=\"3257\" data-end=\"3384\">Ulosvedett\u00e4v\u00e4ss\u00e4 kytkinlaitteistossa k\u00e4ytet\u00e4\u00e4n laatikkotyyppisi\u00e4 yksik\u00f6it\u00e4, jotka voidaan irrottaa tai vaihtaa koko j\u00e4rjestelm\u00e4\u00e4 sammuttamatta.<\/p>\n<p data-start=\"3386\" data-end=\"3449\">\ud83d\udc49 T\u00e4m\u00e4 parantaa huollon tehokkuutta ja j\u00e4rjestelm\u00e4n luotettavuutta.<\/p>\n<hr data-start=\"3451\" data-end=\"3454\" \/>\n<h3 data-section-id=\"vheh8a\" data-start=\"3456\" data-end=\"3520\">2\ufe0f\u20e3 Mit\u00e4 eroa on GCS:n ja kiinte\u00e4n kytkinlaitteen v\u00e4lill\u00e4?<\/h3>\n<ul data-start=\"3522\" data-end=\"3624\">\n<li data-section-id=\"fkedhn\" data-start=\"3522\" data-end=\"3575\">GCS: Ulosvedett\u00e4v\u00e4, joustava, helppo huoltaa<\/li>\n<li data-section-id=\"zfbo4r\" data-start=\"3576\" data-end=\"3624\">Kiinte\u00e4 tyyppi: Pienemm\u00e4t kustannukset, mutta v\u00e4hemm\u00e4n joustava<\/li>\n<\/ul>\n<p data-start=\"3626\" data-end=\"3676\">\ud83d\udc49 GCS on parempi monimutkaisille ja kriittisille j\u00e4rjestelmille.<\/p>\n<hr data-start=\"3678\" data-end=\"3681\" \/>\n<h3 data-section-id=\"17jpg85\" data-start=\"3683\" data-end=\"3748\">3\ufe0f\u20e3 Voidaanko GCS-kytkinlaitteet integroida automaatioj\u00e4rjestelmiin?<\/h3>\n<p data-start=\"3750\" data-end=\"3767\">Kyll\u00e4, se tukee:<\/p>\n<ul data-start=\"3768\" data-end=\"3833\">\n<li data-section-id=\"11o480x\" data-start=\"3768\" data-end=\"3783\">PLC-j\u00e4rjestelm\u00e4t<\/li>\n<li data-section-id=\"f41at5\" data-start=\"3784\" data-end=\"3807\">Tietokoneen liit\u00e4nn\u00e4t<\/li>\n<li data-section-id=\"ecp77k\" data-start=\"3808\" data-end=\"3833\">\u00c4lykk\u00e4\u00e4t ohjausj\u00e4rjestelm\u00e4t<\/li>\n<\/ul>\n<p data-start=\"3835\" data-end=\"3886\">\ud83d\udc49 Ihanteellinen teollisuusautomaation ja \u00e4lykk\u00e4iden verkkojen k\u00e4ytt\u00f6\u00f6n.<\/p>\n<hr data-start=\"3888\" data-end=\"3891\" \/>\n<h3 data-section-id=\"1a8r5p4\" data-start=\"3893\" data-end=\"3945\">4\ufe0f\u20e3 Mill\u00e4 teollisuudenaloilla GCS-kytkinlaitteita k\u00e4ytet\u00e4\u00e4n yleisesti?<\/h3>\n<p data-start=\"3947\" data-end=\"3968\">Sit\u00e4 k\u00e4ytet\u00e4\u00e4n laajalti:<\/p>\n<ul data-start=\"3969\" data-end=\"4062\">\n<li data-section-id=\"1q4mphf\" data-start=\"3969\" data-end=\"3985\">Voimalaitokset<\/li>\n<li data-section-id=\"njd3e2\" data-start=\"3986\" data-end=\"4012\">Petrokemian teollisuus<\/li>\n<li data-section-id=\"u3fi1o\" data-start=\"4013\" data-end=\"4037\">Tuotantolaitokset<\/li>\n<li data-section-id=\"hfihxt\" data-start=\"4038\" data-end=\"4062\">Liikerakennukset<\/li>\n<\/ul>","protected":false},"excerpt":{"rendered":"<p data-start=\"255\" data-end=\"423\">GCS-sarjan pienj\u00e4nnitekytkinlaitteet on suunniteltu s\u00e4hk\u00f6njakeluun, moottorinohjaukseen ja loistehon kompensointiin nykyaikaisissa s\u00e4hk\u00f6j\u00e4rjestelmiss\u00e4.<\/p>\n<p data-start=\"425\" data-end=\"483\">Se soveltuu kolmivaiheisiin vaihtovirtaj\u00e4rjestelmiin (50 Hz), joissa on:<\/p>\n<ul data-start=\"484\" data-end=\"553\">\n<li data-section-id=\"1ua275e\" data-start=\"484\" data-end=\"518\">Nimellisj\u00e4nnite: 400V \/ 690V<\/li>\n<li data-section-id=\"1ui9t9i\" data-start=\"519\" data-end=\"553\">Nimellisvirta: jopa 4000A<\/li>\n<\/ul>","protected":false},"featured_media":2133,"comment_status":"open","ping_status":"closed","template":"","meta":{"site-sidebar-layout":"default","site-content-layout":"","ast-site-content-layout":"default","site-content-style":"default","site-sidebar-style":"default","ast-global-header-display":"","ast-banner-title-visibility":"","ast-main-header-display":"","ast-hfb-above-header-display":"","ast-hfb-below-header-display":"","ast-hfb-mobile-header-display":"","site-post-title":"","ast-breadcrumbs-content":"","ast-featured-img":"","footer-sml-layout":"","ast-disable-related-posts":"","theme-transparent-header-meta":"default","adv-header-id-meta":"","stick-header-meta":"","header-above-stick-meta":"","header-main-stick-meta":"","header-below-stick-meta":"","astra-migrate-meta-layouts":"set","ast-page-background-enabled":"default","ast-page-background-meta":{"desktop":{"background-color":"","background-image":"","background-repeat":"repeat","background-position":"center center","background-size":"auto","background-attachment":"scroll","background-type":"","background-media":"","overlay-type":"","overlay-color":"","overlay-opacity":"","overlay-gradient":""},"tablet":{"background-color":"","background-image":"","background-repeat":"repeat","background-position":"center center","background-size":"auto","background-attachment":"scroll","background-type":"","background-media":"","overlay-type":"","overlay-color":"","overlay-opacity":"","overlay-gradient":""},"mobile":{"background-color":"","background-image":"","background-repeat":"repeat","background-position":"center center","background-size":"auto","background-attachment":"scroll","background-type":"","background-media":"","overlay-type":"","overlay-color":"","overlay-opacity":"","overlay-gradient":""}},"ast-content-background-meta":{"desktop":{"background-color":"var(--ast-global-color-5)","background-image":"","background-repeat":"repeat","background-position":"center center","background-size":"auto","background-attachment":"scroll","background-type":"","background-media":"","overlay-type":"","overlay-color":"","overlay-opacity":"","overlay-gradient":""},"tablet":{"background-color":"var(--ast-global-color-5)","background-image":"","background-repeat":"repeat","background-position":"center center","background-size":"auto","background-attachment":"scroll","background-type":"","background-media":"","overlay-type":"","overlay-color":"","overlay-opacity":"","overlay-gradient":""},"mobile":{"background-color":"var(--ast-global-color-5)","background-image":"","background-repeat":"repeat","background-position":"center center","background-size":"auto","background-attachment":"scroll","background-type":"","background-media":"","overlay-type":"","overlay-color":"","overlay-opacity":"","overlay-gradient":""}}},"product_brand":[],"product_cat":[2035,2032],"product_tag":[2096,2043,2093,2099,2094,2098,2097,2100,2101,2095],"class_list":{"0":"post-2132","1":"product","2":"type-product","3":"status-publish","4":"has-post-thumbnail","6":"product_cat-high-and-low-voltage-switchgear","7":"product_cat-electrical-equipment","8":"product_tag-electrical-cabinet","9":"product_tag-electrical-equipment","10":"product_tag-gcs-switchgear","11":"product_tag-industrial-switchgear","12":"product_tag-low-voltage-switchgear","13":"product_tag-mcc-panel","14":"product_tag-power-distribution-equipment","15":"product_tag-smart-switchgear","16":"product_tag-transformer-equipment","17":"product_tag-withdrawable-switchgear","18":"desktop-align-left","19":"tablet-align-left","20":"mobile-align-left","22":"first","23":"instock","24":"shipping-taxable","25":"product-type-simple"},"_links":{"self":[{"href":"https:\/\/www.wonzh.com\/fi\/wp-json\/wp\/v2\/product\/2132","targetHints":{"allow":["GET"]}}],"collection":[{"href":"https:\/\/www.wonzh.com\/fi\/wp-json\/wp\/v2\/product"}],"about":[{"href":"https:\/\/www.wonzh.com\/fi\/wp-json\/wp\/v2\/types\/product"}],"replies":[{"embeddable":true,"href":"https:\/\/www.wonzh.com\/fi\/wp-json\/wp\/v2\/comments?post=2132"}],"wp:featuredmedia":[{"embeddable":true,"href":"https:\/\/www.wonzh.com\/fi\/wp-json\/wp\/v2\/media\/2133"}],"wp:attachment":[{"href":"https:\/\/www.wonzh.com\/fi\/wp-json\/wp\/v2\/media?parent=2132"}],"wp:term":[{"taxonomy":"product_brand","embeddable":true,"href":"https:\/\/www.wonzh.com\/fi\/wp-json\/wp\/v2\/product_brand?post=2132"},{"taxonomy":"product_cat","embeddable":true,"href":"https:\/\/www.wonzh.com\/fi\/wp-json\/wp\/v2\/product_cat?post=2132"},{"taxonomy":"product_tag","embeddable":true,"href":"https:\/\/www.wonzh.com\/fi\/wp-json\/wp\/v2\/product_tag?post=2132"}],"curies":[{"name":"wp","href":"https:\/\/api.w.org\/{rel}","templated":true}]}}