{"id":2118,"date":"2026-04-28T14:17:30","date_gmt":"2026-04-28T14:17:30","guid":{"rendered":"https:\/\/www.wonzh.com\/?post_type=product&#038;p=2118"},"modified":"2026-04-29T16:14:59","modified_gmt":"2026-04-29T16:14:59","slug":"scb11-epoksihartsilla-valettu-kuivamuuntaja","status":"publish","type":"product","link":"https:\/\/www.wonzh.com\/fi\/product\/scb11-epoxy-resin-cast-dry-type-transformer\/","title":{"rendered":"SCB11 Epoksihartsivalettu kuiva-tyyppinen tehomuuntaja (matala h\u00e4vi\u00f6 ja energiatehokas tyyppi)"},"content":{"rendered":"<p data-start=\"235\" data-end=\"430\"><img fetchpriority=\"high\" decoding=\"async\" class=\"size-medium wp-image-2120 alignright\" src=\"https:\/\/www.wonzh.com\/wp-content\/uploads\/2026\/04\/SCB11-Epoxy-Resin-Cast-Dry-Type-Power-Transformer-Low-Loss-Energy-Efficient-Type-3-300x300.png\" alt=\"\" width=\"300\" height=\"300\" srcset=\"https:\/\/www.wonzh.com\/wp-content\/uploads\/2026\/04\/SCB11-Epoxy-Resin-Cast-Dry-Type-Power-Transformer-Low-Loss-Energy-Efficient-Type-3-300x300.png 300w, https:\/\/www.wonzh.com\/wp-content\/uploads\/2026\/04\/SCB11-Epoxy-Resin-Cast-Dry-Type-Power-Transformer-Low-Loss-Energy-Efficient-Type-3-150x150.png 150w, https:\/\/www.wonzh.com\/wp-content\/uploads\/2026\/04\/SCB11-Epoxy-Resin-Cast-Dry-Type-Power-Transformer-Low-Loss-Energy-Efficient-Type-3-768x768.png 768w, https:\/\/www.wonzh.com\/wp-content\/uploads\/2026\/04\/SCB11-Epoxy-Resin-Cast-Dry-Type-Power-Transformer-Low-Loss-Energy-Efficient-Type-3-12x12.png 12w, https:\/\/www.wonzh.com\/wp-content\/uploads\/2026\/04\/SCB11-Epoxy-Resin-Cast-Dry-Type-Power-Transformer-Low-Loss-Energy-Efficient-Type-3-600x600.png 600w, https:\/\/www.wonzh.com\/wp-content\/uploads\/2026\/04\/SCB11-Epoxy-Resin-Cast-Dry-Type-Power-Transformer-Low-Loss-Energy-Efficient-Type-3-100x100.png 100w, https:\/\/www.wonzh.com\/wp-content\/uploads\/2026\/04\/SCB11-Epoxy-Resin-Cast-Dry-Type-Power-Transformer-Low-Loss-Energy-Efficient-Type-3.png 1000w\" sizes=\"(max-width: 300px) 100vw, 300px\" \/>SCB11 epoksihartsivalettu kuivamuuntaja on SCB10-sarjan parannettu versio, joka on suunniteltu pienemmill\u00e4 h\u00e4vi\u00f6ill\u00e4, paremmalla energiatehokkuudella ja suuremmalla toimintavarmuudella.<\/p>\n<p data-start=\"432\" data-end=\"605\">Se on valmistettu k\u00e4ytt\u00e4en kehittynytt\u00e4 valutekniikkaa, korkealaatuisia materiaaleja ja tarkkoja tuotantoprosesseja, ja se tarjoaa erinomaisen s\u00e4hk\u00f6isen suorituskyvyn ja pitk\u00e4n k\u00e4ytt\u00f6i\u00e4n.<\/p>\n<p data-start=\"607\" data-end=\"749\">T\u00e4m\u00e4 muuntaja on \u00f6ljyt\u00f6n, paloturvallinen ja ymp\u00e4rist\u00f6yst\u00e4v\u00e4llinen, joten se sopii erinomaisesti sis\u00e4tiloihin ja turvallisuuskriittisiin sovelluksiin.<\/p>\n<p data-start=\"751\" data-end=\"772\">Sit\u00e4 k\u00e4ytet\u00e4\u00e4n laajalti:<\/p>\n<ul data-start=\"773\" data-end=\"923\">\n<li data-section-id=\"ov2w8z\" data-start=\"773\" data-end=\"796\">Korkeat rakennukset<\/li>\n<li data-section-id=\"1yjht70\" data-start=\"797\" data-end=\"819\">Kaupalliset keskukset<\/li>\n<li data-section-id=\"1usaqco\" data-start=\"820\" data-end=\"844\">Lentoasemat ja tunnelit<\/li>\n<li data-section-id=\"11epkig\" data-start=\"845\" data-end=\"864\">Kemiantehtaat<\/li>\n<li data-section-id=\"qf2vj0\" data-start=\"865\" data-end=\"891\">Ydinvoimalat<\/li>\n<li data-section-id=\"5nxb0l\" data-start=\"892\" data-end=\"923\">Meri- ja offshore-j\u00e4rjestelm\u00e4t<\/li>\n<\/ul>\n<hr data-start=\"925\" data-end=\"928\" \/>\n<h2 data-section-id=\"g4vs8k\" data-start=\"930\" data-end=\"956\">\ud83d\udd39 Standardien noudattaminen<\/h2>\n<ul data-start=\"958\" data-end=\"1274\">\n<li data-section-id=\"1t9ehtv\" data-start=\"958\" data-end=\"1008\">IEC 60076-11 - Kuivatyyppiset tehomuuntajat<\/li>\n<li data-section-id=\"1cu5kzl\" data-start=\"1009\" data-end=\"1049\">GB\/T 1094.1 - Tehomuuntajat<\/li>\n<li data-section-id=\"12jd1ed\" data-start=\"1050\" data-end=\"1094\">GB\/T 1094.11 - Kuivamuuntajat<\/li>\n<li data-section-id=\"2b1ch6\" data-start=\"1095\" data-end=\"1164\">GB\/T 10228 - Kuivamuuntajien tekniset vaatimukset<\/li>\n<li data-section-id=\"1nzvw4u\" data-start=\"1165\" data-end=\"1224\">JB\/T 10088 - 6kV-500kV muuntajien \u00e4\u00e4nitasot<\/li>\n<li data-section-id=\"16sztuj\" data-start=\"1225\" data-end=\"1274\">GB 20052-2020 - Energiatehokkuusstandardit<\/li>\n<\/ul>\n<hr data-start=\"1276\" data-end=\"1279\" \/>\n<h2 data-section-id=\"17fvu7l\" data-start=\"1281\" data-end=\"1299\">\ud83d\udd39 T\u00e4rkeimm\u00e4t ominaisuudet<\/h2>\n<h3 data-section-id=\"1bk7ou6\" data-start=\"1301\" data-end=\"1331\">\u2714 Korkeampi energiatehokkuus<\/h3>\n<ul data-start=\"1332\" data-end=\"1458\">\n<li data-section-id=\"1c5yyc9\" data-start=\"1332\" data-end=\"1376\">Pienemm\u00e4t tyhj\u00e4k\u00e4ynti- ja kuormitush\u00e4vi\u00f6t kuin SCB10:ss\u00e4.<\/li>\n<li data-section-id=\"13bj96\" data-start=\"1377\" data-end=\"1420\">T\u00e4ytt\u00e4\u00e4 nykyaikaiset energians\u00e4\u00e4st\u00f6vaatimukset<\/li>\n<li data-section-id=\"1362i6d\" data-start=\"1421\" data-end=\"1458\">V\u00e4hent\u00e4\u00e4 k\u00e4ytt\u00f6kustannuksia ajan my\u00f6t\u00e4<\/li>\n<\/ul>\n<hr data-start=\"1460\" data-end=\"1463\" \/>\n<h3 data-section-id=\"xrppzx\" data-start=\"1465\" data-end=\"1500\">\u2714 Korkea turvallisuus ja palonkest\u00e4vyys<\/h3>\n<ul data-start=\"1501\" data-end=\"1635\">\n<li data-section-id=\"2hl2rz\" data-start=\"1501\" data-end=\"1544\">\u00d6ljyt\u00f6n rakenne eliminoi palovaaran<\/li>\n<li data-section-id=\"1iz7znm\" data-start=\"1545\" data-end=\"1587\">Myrkyt\u00f6n ja ymp\u00e4rist\u00f6yst\u00e4v\u00e4llinen<\/li>\n<li data-section-id=\"1hbfpug\" data-start=\"1588\" data-end=\"1635\">Soveltuu asennettavaksi kuormituskeskusten l\u00e4heisyyteen<\/li>\n<\/ul>\n<hr data-start=\"1637\" data-end=\"1640\" \/>\n<h3 data-section-id=\"d5sgrf\" data-start=\"1642\" data-end=\"1684\">\u2714 Korkea luotettavuus ja pitk\u00e4 k\u00e4ytt\u00f6ik\u00e4<\/h3>\n<ul data-start=\"1685\" data-end=\"1804\">\n<li data-section-id=\"bi6h0g\" data-start=\"1685\" data-end=\"1725\">Kehittynyt epoksihartsivaluprosessi<\/li>\n<li data-section-id=\"1c490t9\" data-start=\"1726\" data-end=\"1757\">Alhainen osittainen purkaustaso<\/li>\n<li data-section-id=\"1dwz9yg\" data-start=\"1758\" data-end=\"1804\">Erinomainen l\u00e4mm\u00f6nkest\u00e4vyys ja kest\u00e4vyys<\/li>\n<\/ul>\n<hr data-start=\"1806\" data-end=\"1809\" \/>\n<h3 data-section-id=\"l9y0hl\" data-start=\"1811\" data-end=\"1843\">\u2714 Vahva ylikuormituskyky<\/h3>\n<ul data-start=\"1844\" data-end=\"1927\">\n<li data-section-id=\"15of4r\" data-start=\"1844\" data-end=\"1872\">Tehokas j\u00e4\u00e4hdytysj\u00e4rjestelm\u00e4<\/li>\n<li data-section-id=\"1i5hu2f\" data-start=\"1873\" data-end=\"1927\">Tukee pakotettua ilmaj\u00e4\u00e4hdytyst\u00e4 kapasiteetin lis\u00e4\u00e4miseksi<\/li>\n<\/ul>\n<hr data-start=\"1929\" data-end=\"1932\" \/>\n<h3 data-section-id=\"u1jwb0\" data-start=\"1934\" data-end=\"1979\">\u2714 Kosteuden ja ankaran ymp\u00e4rist\u00f6n kest\u00e4vyys<\/h3>\n<ul data-start=\"1980\" data-end=\"2084\">\n<li data-section-id=\"if9zqc\" data-start=\"1980\" data-end=\"2033\">Erinomainen suorituskyky korkeassa kosteudessa<\/li>\n<li data-section-id=\"1o770jo\" data-start=\"2034\" data-end=\"2084\">Soveltuu vaativiin teollisuusymp\u00e4rist\u00f6ihin<\/li>\n<\/ul>\n<hr data-start=\"2086\" data-end=\"2089\" \/>\n<h3 data-section-id=\"5dsqk\" data-start=\"2091\" data-end=\"2126\">\u2714 \u00c4lyk\u00e4s valvontaj\u00e4rjestelm\u00e4<\/h3>\n<ul data-start=\"2127\" data-end=\"2269\">\n<li data-section-id=\"uteb38\" data-start=\"2127\" data-end=\"2175\">K\u00e4\u00e4mien reaaliaikainen l\u00e4mp\u00f6tilan seuranta<\/li>\n<li data-section-id=\"143wrmj\" data-start=\"2176\" data-end=\"2201\">Automaattinen tuulettimen ohjaus<\/li>\n<li data-section-id=\"36ajnw\" data-start=\"2202\" data-end=\"2231\">H\u00e4lytys- ja laukaisusuojaus<\/li>\n<li data-section-id=\"1yt3w6j\" data-start=\"2232\" data-end=\"2269\">Valinnainen et\u00e4valvontaj\u00e4rjestelm\u00e4<\/li>\n<\/ul>\n<hr data-start=\"2271\" data-end=\"2274\" \/>\n<h3 data-section-id=\"129yrz8\" data-start=\"2276\" data-end=\"2319\">\u2714 Kompakti ja kustannustehokas asennus<\/h3>\n<ul data-start=\"2320\" data-end=\"2390\">\n<li data-section-id=\"z73dtz\" data-start=\"2320\" data-end=\"2350\">Pieni koko ja kevyt<\/li>\n<li data-section-id=\"1ed73f8\" data-start=\"2351\" data-end=\"2390\">Pienempi asennustila ja -kulut<\/li>\n<\/ul>\n<hr data-start=\"2392\" data-end=\"2395\" \/>\n<h2 data-section-id=\"1hq6i26\" data-start=\"2397\" data-end=\"2420\">\ud83d\udd39 Rakennesuunnittelu<\/h2>\n<h3 data-section-id=\"1oaxluj\" data-start=\"2422\" data-end=\"2449\">\ud83d\udd38 Suurj\u00e4nnitek\u00e4\u00e4mitys<\/h3>\n<ul data-start=\"2450\" data-end=\"2586\">\n<li data-section-id=\"1rs2wlq\" data-start=\"2450\" data-end=\"2488\">Hapettomat kuparifoliojohtimet<\/li>\n<li data-section-id=\"3ff1a0\" data-start=\"2489\" data-end=\"2518\">F-luokan eristysj\u00e4rjestelm\u00e4<\/li>\n<li data-section-id=\"4z6hz8\" data-start=\"2519\" data-end=\"2555\">Lasikuituvahvistettu rakenne<\/li>\n<li data-section-id=\"dv6lws\" data-start=\"2556\" data-end=\"2586\">Epoksihartsin tyhji\u00f6valu<\/li>\n<\/ul>\n<p data-start=\"2588\" data-end=\"2599\">\u27a1 Edut:<\/p>\n<ul data-start=\"2600\" data-end=\"2691\">\n<li data-section-id=\"19zadxp\" data-start=\"2600\" data-end=\"2628\">Korkea s\u00e4hk\u00f6inen lujuus<\/li>\n<li data-section-id=\"6ehatn\" data-start=\"2629\" data-end=\"2654\">Alhainen osittainen purkaus<\/li>\n<li data-section-id=\"1b4urz8\" data-start=\"2655\" data-end=\"2691\">Erinomainen eristyskyky<\/li>\n<\/ul>\n<hr data-start=\"2693\" data-end=\"2696\" \/>\n<h3 data-section-id=\"vz1dz5\" data-start=\"2698\" data-end=\"2724\">\ud83d\udd38 Pienj\u00e4nnitek\u00e4\u00e4mitys<\/h3>\n<ul data-start=\"2725\" data-end=\"2845\">\n<li data-section-id=\"1maj4yk\" data-start=\"2725\" data-end=\"2772\">Kuparifoliok\u00e4\u00e4mitys, jossa on F-luokan eristys<\/li>\n<li data-section-id=\"10wylr8\" data-start=\"2773\" data-end=\"2803\">Sis\u00e4\u00e4nrakennetut j\u00e4\u00e4hdytysilmakanavat<\/li>\n<li data-section-id=\"vblrvo\" data-start=\"2804\" data-end=\"2845\">Hartsitiivistys parantaa kest\u00e4vyytt\u00e4<\/li>\n<\/ul>\n<p data-start=\"2847\" data-end=\"2858\">\u27a1 Tarjoaa:<\/p>\n<ul data-start=\"2859\" data-end=\"2925\">\n<li data-section-id=\"u66b5g\" data-start=\"2859\" data-end=\"2894\">Vahva oikosulkukest\u00e4vyys<\/li>\n<li data-section-id=\"7gsig0\" data-start=\"2895\" data-end=\"2925\">Tehokas l\u00e4mm\u00f6ntuotto<\/li>\n<\/ul>\n<hr data-start=\"2927\" data-end=\"2930\" \/>\n<h3 data-section-id=\"mp6v7c\" data-start=\"2932\" data-end=\"2943\">\ud83d\udd38 Ydin<\/h3>\n<ul data-start=\"2944\" data-end=\"3064\">\n<li data-section-id=\"1i8lzu9\" data-start=\"2944\" data-end=\"3001\">Korkealaatuinen raesuuntautunut kylm\u00e4valssattu piiter\u00e4s.<\/li>\n<li data-section-id=\"18m9khk\" data-start=\"3002\" data-end=\"3034\">45\u00b0 askelmainen liitosrakenne<\/li>\n<li data-section-id=\"1gp9gfs\" data-start=\"3035\" data-end=\"3064\">Laserleikattu kiinnitysj\u00e4rjestelm\u00e4<\/li>\n<\/ul>\n<p data-start=\"3066\" data-end=\"3077\">\u27a1 Ominaisuudet:<\/p>\n<ul data-start=\"3078\" data-end=\"3145\">\n<li data-section-id=\"tkh7rp\" data-start=\"3078\" data-end=\"3098\">Pieni kuormittamattomuush\u00e4vi\u00f6<\/li>\n<li data-section-id=\"1gveydu\" data-start=\"3099\" data-end=\"3116\">V\u00e4hentynyt melu<\/li>\n<li data-section-id=\"1s47fpa\" data-start=\"3117\" data-end=\"3145\">Korkea rakenteellinen lujuus<\/li>\n<\/ul>\n<hr data-start=\"3147\" data-end=\"3150\" \/>\n<h2 data-section-id=\"15du31k\" data-start=\"3152\" data-end=\"3170\">\ud83d\udd39 Sovellukset<\/h2>\n<ul data-start=\"3172\" data-end=\"3353\">\n<li data-section-id=\"kec6b0\" data-start=\"3172\" data-end=\"3210\">Liikerakennukset ja -kompleksit<\/li>\n<li data-section-id=\"1b8blr8\" data-start=\"3211\" data-end=\"3241\">Lentoasemat ja metroj\u00e4rjestelm\u00e4t<\/li>\n<li data-section-id=\"x7ouso\" data-start=\"3242\" data-end=\"3287\">Teollisuuslaitokset ja kemianteollisuus<\/li>\n<li data-section-id=\"eogvhd\" data-start=\"3288\" data-end=\"3316\">Tehonjakeluhuoneet<\/li>\n<li data-section-id=\"1ggvioq\" data-start=\"3317\" data-end=\"3353\">Offshore- ja merisovellukset<\/li>\n<\/ul>\n<hr data-start=\"3355\" data-end=\"3358\" \/>\n<h2 data-section-id=\"1rg4wz9\" data-start=\"3360\" data-end=\"3384\">\ud83d\udd39 Edut Yhteenveto<\/h2>\n<ul data-start=\"3386\" data-end=\"3610\">\n<li data-section-id=\"4478bs\" data-start=\"3386\" data-end=\"3411\">Pienempi h\u00e4vikki kuin SCB10<\/li>\n<li data-section-id=\"1s4bb9e\" data-start=\"3412\" data-end=\"3458\">Energiaa s\u00e4\u00e4st\u00e4v\u00e4 ja ymp\u00e4rist\u00f6yst\u00e4v\u00e4llinen<\/li>\n<li data-section-id=\"swjw0r\" data-start=\"3459\" data-end=\"3493\">Paloturvallinen ja huoltovapaa<\/li>\n<li data-section-id=\"vhoyyl\" data-start=\"3494\" data-end=\"3532\">Korkea luotettavuus ja pitk\u00e4 k\u00e4ytt\u00f6ik\u00e4<\/li>\n<li data-section-id=\"oc6tql\" data-start=\"3533\" data-end=\"3564\">\u00c4lyk\u00e4s seurantavalmius<\/li>\n<li data-section-id=\"1tttck1\" data-start=\"3565\" data-end=\"3610\">Soveltuu kriittisiin sis\u00e4tiloihin<\/li>\n<\/ul>\n<hr data-start=\"3612\" data-end=\"3615\" \/>\n<h1 data-section-id=\"1lxd8kj\" data-start=\"3617\" data-end=\"3624\">\u2753 USEIN KYSYTYT KYSYMYKSET<\/h1>\n<h3 data-section-id=\"gnwdjm\" data-start=\"3626\" data-end=\"3694\">1\ufe0f\u20e3 Mit\u00e4 eroa on SCB10- ja SCB11-muuntajien v\u00e4lill\u00e4?<\/h3>\n<p data-start=\"3696\" data-end=\"3791\">SCB11-muuntajan h\u00e4vi\u00f6t ovat pienemm\u00e4t ja energiatehokkuus parempi kuin SCB10-muuntajan.<\/p>\n<p data-start=\"3793\" data-end=\"3894\">\ud83d\udc49 Se soveltuu paremmin hankkeisiin, joissa vaaditaan energiaa s\u00e4\u00e4st\u00e4v\u00e4\u00e4 suorituskyky\u00e4 ja pitk\u00e4n aikav\u00e4lin kustannusten v\u00e4hent\u00e4mist\u00e4.<\/p>\n<hr data-start=\"3896\" data-end=\"3899\" \/>\n<h3 data-section-id=\"17jktbc\" data-start=\"3901\" data-end=\"3951\">2\ufe0f\u20e3 Sopiiko SCB11 sis\u00e4asennukseen?<\/h3>\n<p data-start=\"3953\" data-end=\"4001\">Kyll\u00e4, se on suunniteltu erityisesti sis\u00e4k\u00e4ytt\u00f6\u00f6n:<\/p>\n<ul data-start=\"4002\" data-end=\"4083\">\n<li data-section-id=\"1lbhprg\" data-start=\"4002\" data-end=\"4020\">Palonkest\u00e4v\u00e4<\/li>\n<li data-section-id=\"1rtbpgg\" data-start=\"4021\" data-end=\"4044\">Ei \u00f6ljyvuotoriski\u00e4<\/li>\n<li data-section-id=\"sr2uf3\" data-start=\"4045\" data-end=\"4083\">Turvallinen korkean tiheyden ymp\u00e4rist\u00f6iss\u00e4<\/li>\n<\/ul>\n<p data-start=\"4085\" data-end=\"4147\">\ud83d\udc49 Ihanteellinen kaupallisiin rakennuksiin ja infrastruktuurihankkeisiin.<\/p>\n<hr data-start=\"4149\" data-end=\"4152\" \/>\n<h3 data-section-id=\"dwut0p\" data-start=\"4154\" data-end=\"4203\">3\ufe0f\u20e3 Tarvitseeko muuntaja huoltoa?<\/h3>\n<p data-start=\"4205\" data-end=\"4265\">SCB11 on huoltovapaa muuntaja, joka vaatii vain:<\/p>\n<ul data-start=\"4266\" data-end=\"4334\">\n<li data-section-id=\"1mj82eg\" data-start=\"4266\" data-end=\"4288\">Rutiinitarkastus<\/li>\n<li data-section-id=\"1vmf05w\" data-start=\"4289\" data-end=\"4334\">Seuranta l\u00e4mp\u00f6tilan s\u00e4\u00e4t\u00f6j\u00e4rjestelm\u00e4n kautta<\/li>\n<\/ul>\n<hr data-start=\"4336\" data-end=\"4339\" \/>\n<h3 data-section-id=\"103styt\" data-start=\"4341\" data-end=\"4385\">4\ufe0f\u20e3 Voidaanko et\u00e4valvonta integroida?<\/h3>\n<p data-start=\"4387\" data-end=\"4404\">Kyll\u00e4, se tukee:<\/p>\n<ul data-start=\"4405\" data-end=\"4518\">\n<li data-section-id=\"13oiu88\" data-start=\"4405\" data-end=\"4431\">L\u00e4mp\u00f6tilan seuranta<\/li>\n<li data-section-id=\"e5ci2u\" data-start=\"4432\" data-end=\"4447\">Puhaltimen ohjaus<\/li>\n<li data-section-id=\"11u18w2\" data-start=\"4448\" data-end=\"4482\">H\u00e4lytys- ja suojaustoiminnot<\/li>\n<li data-section-id=\"7vomgq\" data-start=\"4483\" data-end=\"4518\">Kaukoviestint\u00e4liit\u00e4nn\u00e4t<\/li>\n<\/ul>\n<p data-start=\"4520\" data-end=\"4554\">\ud83d\udc49 Mahdollistaa \u00e4lykk\u00e4\u00e4n s\u00e4hk\u00f6verkon integroinnin.<\/p>","protected":false},"excerpt":{"rendered":"<p data-start=\"235\" data-end=\"430\">SCB11 epoksihartsivalettu kuivamuuntaja on SCB10-sarjan parannettu versio, joka on suunniteltu pienemmill\u00e4 h\u00e4vi\u00f6ill\u00e4, paremmalla energiatehokkuudella ja suuremmalla toimintavarmuudella.<\/p>\n<p data-start=\"432\" data-end=\"605\">Se on valmistettu k\u00e4ytt\u00e4en kehittynytt\u00e4 valutekniikkaa, korkealaatuisia materiaaleja ja tarkkoja tuotantoprosesseja, ja se tarjoaa erinomaisen s\u00e4hk\u00f6isen suorituskyvyn ja pitk\u00e4n k\u00e4ytt\u00f6i\u00e4n.<\/p>\n<p data-start=\"607\" data-end=\"749\">T\u00e4m\u00e4 muuntaja on \u00f6ljyt\u00f6n, paloturvallinen ja ymp\u00e4rist\u00f6yst\u00e4v\u00e4llinen, joten se sopii erinomaisesti sis\u00e4tiloihin ja turvallisuuskriittisiin sovelluksiin.<\/p>","protected":false},"featured_media":2120,"comment_status":"open","ping_status":"closed","template":"","meta":{"site-sidebar-layout":"default","site-content-layout":"","ast-site-content-layout":"default","site-content-style":"default","site-sidebar-style":"default","ast-global-header-display":"","ast-banner-title-visibility":"","ast-main-header-display":"","ast-hfb-above-header-display":"","ast-hfb-below-header-display":"","ast-hfb-mobile-header-display":"","site-post-title":"","ast-breadcrumbs-content":"","ast-featured-img":"","footer-sml-layout":"","ast-disable-related-posts":"","theme-transparent-header-meta":"default","adv-header-id-meta":"","stick-header-meta":"","header-above-stick-meta":"","header-main-stick-meta":"","header-below-stick-meta":"","astra-migrate-meta-layouts":"set","ast-page-background-enabled":"default","ast-page-background-meta":{"desktop":{"background-color":"","background-image":"","background-repeat":"repeat","background-position":"center center","background-size":"auto","background-attachment":"scroll","background-type":"","background-media":"","overlay-type":"","overlay-color":"","overlay-opacity":"","overlay-gradient":""},"tablet":{"background-color":"","background-image":"","background-repeat":"repeat","background-position":"center center","background-size":"auto","background-attachment":"scroll","background-type":"","background-media":"","overlay-type":"","overlay-color":"","overlay-opacity":"","overlay-gradient":""},"mobile":{"background-color":"","background-image":"","background-repeat":"repeat","background-position":"center center","background-size":"auto","background-attachment":"scroll","background-type":"","background-media":"","overlay-type":"","overlay-color":"","overlay-opacity":"","overlay-gradient":""}},"ast-content-background-meta":{"desktop":{"background-color":"var(--ast-global-color-5)","background-image":"","background-repeat":"repeat","background-position":"center center","background-size":"auto","background-attachment":"scroll","background-type":"","background-media":"","overlay-type":"","overlay-color":"","overlay-opacity":"","overlay-gradient":""},"tablet":{"background-color":"var(--ast-global-color-5)","background-image":"","background-repeat":"repeat","background-position":"center center","background-size":"auto","background-attachment":"scroll","background-type":"","background-media":"","overlay-type":"","overlay-color":"","overlay-opacity":"","overlay-gradient":""},"mobile":{"background-color":"var(--ast-global-color-5)","background-image":"","background-repeat":"repeat","background-position":"center center","background-size":"auto","background-attachment":"scroll","background-type":"","background-media":"","overlay-type":"","overlay-color":"","overlay-opacity":"","overlay-gradient":""}}},"product_brand":[],"product_cat":[2034,2032],"product_tag":[2074,2071,2043,2041,2078,2075,2042,2076,2077,2044],"class_list":{"0":"post-2118","1":"product","2":"type-product","3":"status-publish","4":"has-post-thumbnail","6":"product_cat-dry-type-power-transformer","7":"product_cat-electrical-equipment","8":"product_tag-cast-resin-transformer","9":"product_tag-dry-type-transformer","10":"product_tag-electrical-equipment","11":"product_tag-energy-efficient-transformer","12":"product_tag-epoxy-transformer","13":"product_tag-indoor-transformer","14":"product_tag-power-transformer","15":"product_tag-safe-transformer","16":"product_tag-scb11-transformer","17":"product_tag-transformer-manufacturer","18":"desktop-align-left","19":"tablet-align-left","20":"mobile-align-left","22":"first","23":"instock","24":"shipping-taxable","25":"product-type-simple"},"_links":{"self":[{"href":"https:\/\/www.wonzh.com\/fi\/wp-json\/wp\/v2\/product\/2118","targetHints":{"allow":["GET"]}}],"collection":[{"href":"https:\/\/www.wonzh.com\/fi\/wp-json\/wp\/v2\/product"}],"about":[{"href":"https:\/\/www.wonzh.com\/fi\/wp-json\/wp\/v2\/types\/product"}],"replies":[{"embeddable":true,"href":"https:\/\/www.wonzh.com\/fi\/wp-json\/wp\/v2\/comments?post=2118"}],"wp:featuredmedia":[{"embeddable":true,"href":"https:\/\/www.wonzh.com\/fi\/wp-json\/wp\/v2\/media\/2120"}],"wp:attachment":[{"href":"https:\/\/www.wonzh.com\/fi\/wp-json\/wp\/v2\/media?parent=2118"}],"wp:term":[{"taxonomy":"product_brand","embeddable":true,"href":"https:\/\/www.wonzh.com\/fi\/wp-json\/wp\/v2\/product_brand?post=2118"},{"taxonomy":"product_cat","embeddable":true,"href":"https:\/\/www.wonzh.com\/fi\/wp-json\/wp\/v2\/product_cat?post=2118"},{"taxonomy":"product_tag","embeddable":true,"href":"https:\/\/www.wonzh.com\/fi\/wp-json\/wp\/v2\/product_tag?post=2118"}],"curies":[{"name":"wp","href":"https:\/\/api.w.org\/{rel}","templated":true}]}}