{"id":1480,"date":"2026-02-03T15:17:38","date_gmt":"2026-02-03T15:17:38","guid":{"rendered":"https:\/\/www.wonzh.com\/?post_type=product&#038;p=1480"},"modified":"2026-02-05T15:25:42","modified_gmt":"2026-02-05T15:25:42","slug":"ceramic-lined-parts-for-abrasion-resistant-industrial-applications","status":"publish","type":"product","link":"https:\/\/www.wonzh.com\/fi\/product\/ceramic-lined-parts-for-abrasion-resistant-industrial-applications\/","title":{"rendered":"Keraamisesti vuoratut osat kulutusta kest\u00e4viin teollisiin sovelluksiin"},"content":{"rendered":"<p data-start=\"580\" data-end=\"910\">Wonzhin toimittamat keraamisesti vuoratut osat on suunniteltu kest\u00e4m\u00e4\u00e4n voimakasta kulutusta, suuria iskuja ja sy\u00f6vytt\u00e4vi\u00e4 ymp\u00e4rist\u00f6j\u00e4 teollisuuskoneissa. N\u00e4it\u00e4 osia k\u00e4ytet\u00e4\u00e4n laajalti kaivos-, sementti-, ter\u00e4s-, kemianjalostus-, energiantuotanto- ja materiaalink\u00e4sittelylaitteissa pident\u00e4m\u00e4\u00e4n voimakkaasti kuluvien komponenttien k\u00e4ytt\u00f6ik\u00e4\u00e4.<\/p>\n<p data-start=\"912\" data-end=\"1304\">Osissamme yhdistyv\u00e4t sitke\u00e4 metallipohja (hiiliter\u00e4s, seoster\u00e4s tai ruostumaton ter\u00e4s) ja korkealaatuinen keraaminen vuori, joka tarjoaa poikkeuksellisen kovuuden, kulutuskest\u00e4vyyden ja iskunkest\u00e4vyyden. Valmistusprosesseihin kuuluu tarkka CNC-ty\u00f6st\u00f6, keraaminen upotus, liimaus ja pintak\u00e4sittely, joilla varmistetaan, ett\u00e4 vuori on kest\u00e4v\u00e4, yhten\u00e4inen ja tukevasti kiinni alustassa.<\/p>\n<p data-start=\"1306\" data-end=\"1612\">Wonzh tarjoaa vakio- ja r\u00e4\u00e4t\u00e4l\u00f6ityj\u00e4 keraamisia vuorattuja osia, jotka on suunniteltu asiakkaan eritelmien, OEM-vaatimusten tai laitemallien mukaan. Tekninen tiimimme neuvoo keraamisen materiaalin valinnassa, paksuudessa, geometriassa ja liimaustekniikoissa suorituskyvyn optimoimiseksi vaikeissa k\u00e4ytt\u00f6olosuhteissa.<\/p>\n<h2 data-start=\"1619\" data-end=\"1638\"><strong data-start=\"1622\" data-end=\"1638\">T\u00e4rkeimm\u00e4t ominaisuudet<\/strong><\/h2>\n<ul data-start=\"1640\" data-end=\"1959\">\n<li data-start=\"1640\" data-end=\"1681\">\n<p data-start=\"1642\" data-end=\"1681\">Erinomainen kulutuksen ja kulumisen kest\u00e4vyys<\/p>\n<\/li>\n<li data-start=\"1682\" data-end=\"1719\">\n<p data-start=\"1684\" data-end=\"1719\">Kest\u00e4\u00e4 iskuja ja korroosiota<\/p>\n<\/li>\n<li data-start=\"1720\" data-end=\"1780\">\n<p data-start=\"1722\" data-end=\"1780\">Korkean tarkkuuden ty\u00f6st\u00f6 takaa johdonmukaisen istuvuuden ja toiminnan.<\/p>\n<\/li>\n<li data-start=\"1781\" data-end=\"1836\">\n<p data-start=\"1783\" data-end=\"1836\">Mukautettavat muodot, koot ja keraamiset paksuudet<\/p>\n<\/li>\n<li data-start=\"1837\" data-end=\"1894\">\n<p data-start=\"1839\" data-end=\"1894\">Prototyyppi-, piensarja- ja massatuotanto tuettu<\/p>\n<\/li>\n<li data-start=\"1895\" data-end=\"1959\">\n<p data-start=\"1897\" data-end=\"1959\">Pident\u00e4\u00e4 laitteiden k\u00e4ytt\u00f6ik\u00e4\u00e4 ja v\u00e4hent\u00e4\u00e4 huoltokustannuksia<\/p>\n<\/li>\n<\/ul>\n<h2 data-start=\"1966\" data-end=\"1993\"><strong data-start=\"1969\" data-end=\"1993\">Tyypilliset sovellukset<\/strong><\/h2>\n<ul data-start=\"1995\" data-end=\"2334\">\n<li data-start=\"1995\" data-end=\"2062\">\n<p data-start=\"1997\" data-end=\"2062\">Kaivos- ja sementtiteollisuuden kourut, suppilot ja sy\u00f6tt\u00f6putket<\/p>\n<\/li>\n<li data-start=\"2063\" data-end=\"2112\">\n<p data-start=\"2065\" data-end=\"2112\">Myllyjen, murskainten ja hiomakoneiden kulumisvuoraimet<\/p>\n<\/li>\n<li data-start=\"2113\" data-end=\"2158\">\n<p data-start=\"2115\" data-end=\"2158\">Hiert\u00e4v\u00e4\u00e4 lietett\u00e4 k\u00e4sittelev\u00e4t pumput ja venttiilit<\/p>\n<\/li>\n<li data-start=\"2159\" data-end=\"2210\">\n<p data-start=\"2161\" data-end=\"2210\">Materiaalink\u00e4sittely- ja irtotavaran k\u00e4sittelylaitteet<\/p>\n<\/li>\n<li data-start=\"2211\" data-end=\"2266\">\n<p data-start=\"2213\" data-end=\"2266\">Voimantuotantokoneet ja teollisuusputkistot<\/p>\n<\/li>\n<li data-start=\"2267\" data-end=\"2334\">\n<p data-start=\"2269\" data-end=\"2334\">Kulumiselle ja korroosiolle alttiit kemialliset ja prosessilaitteet<\/p>\n<\/li>\n<\/ul>\n<h2 data-start=\"2341\" data-end=\"2382\"><strong data-start=\"2344\" data-end=\"2382\">Keraamisesti vuoratut osatyypit Toimitamme<\/strong><\/h2>\n<div class=\"TyagGW_tableContainer\">\n<div class=\"group TyagGW_tableWrapper flex flex-col-reverse w-fit\" tabindex=\"-1\">\n<table class=\"w-fit min-w-(--thread-content-width)\" data-start=\"2384\" data-end=\"2969\">\n<thead data-start=\"2384\" data-end=\"2430\">\n<tr data-start=\"2384\" data-end=\"2430\">\n<th data-start=\"2384\" data-end=\"2401\" data-col-size=\"sm\">Komponentti Tyyppi<\/th>\n<th data-start=\"2401\" data-end=\"2415\" data-col-size=\"md\">Kuvaus<\/th>\n<th data-start=\"2415\" data-end=\"2430\" data-col-size=\"sm\">Tyypillinen k\u00e4ytt\u00f6<\/th>\n<\/tr>\n<\/thead>\n<tbody data-start=\"2445\" data-end=\"2969\">\n<tr data-start=\"2445\" data-end=\"2543\">\n<td data-start=\"2445\" data-end=\"2473\" data-col-size=\"sm\"><strong data-start=\"2447\" data-end=\"2472\">Hopperin \/ kourun vuoraukset<\/strong><\/td>\n<td data-start=\"2473\" data-end=\"2513\" data-col-size=\"md\">Keraamisella vuoratut levyt tai segmentit<\/td>\n<td data-start=\"2513\" data-end=\"2543\" data-col-size=\"sm\">Hionta-aineiden k\u00e4sittely<\/td>\n<\/tr>\n<tr data-start=\"2544\" data-end=\"2640\">\n<td data-start=\"2544\" data-end=\"2572\" data-col-size=\"sm\"><strong data-start=\"2546\" data-end=\"2571\">Myllyn \/ murskaimen vuoraukset<\/strong><\/td>\n<td data-start=\"2572\" data-end=\"2604\" data-col-size=\"md\">Keraamisesti pinnoitetut levyt tai tangot<\/td>\n<td data-start=\"2604\" data-end=\"2640\" data-col-size=\"sm\">Hionta- ja murskaustoiminnot<\/td>\n<\/tr>\n<tr data-start=\"2641\" data-end=\"2752\">\n<td data-start=\"2641\" data-end=\"2671\" data-col-size=\"sm\"><strong data-start=\"2643\" data-end=\"2670\">Pumpun \/ venttiilin komponentit<\/strong><\/td>\n<td data-start=\"2671\" data-end=\"2714\" data-col-size=\"md\">Juoksupy\u00f6rien ja koteloiden keraamiset vuoraukset<\/td>\n<td data-start=\"2714\" data-end=\"2752\" data-col-size=\"sm\">Lietteiden ja hankaavien nesteiden k\u00e4sittely<\/td>\n<\/tr>\n<tr data-start=\"2753\" data-end=\"2850\">\n<td data-start=\"2753\" data-end=\"2778\" data-col-size=\"sm\"><strong data-start=\"2755\" data-end=\"2777\">Putkien \/ putkien vuoraukset<\/strong><\/td>\n<td data-start=\"2778\" data-end=\"2810\" data-col-size=\"md\">Keraamiset insertit putkistoja varten<\/td>\n<td data-start=\"2810\" data-end=\"2850\" data-col-size=\"sm\">Lietteiden ja sy\u00f6vytt\u00e4vien aineiden kuljetus<\/td>\n<\/tr>\n<tr data-start=\"2851\" data-end=\"2969\">\n<td data-start=\"2851\" data-end=\"2884\" data-col-size=\"sm\"><strong data-start=\"2853\" data-end=\"2883\">Mukautetut keraamisesti vuoratut osat<\/strong><\/td>\n<td data-start=\"2884\" data-end=\"2930\" data-col-size=\"md\">Suunniteltu piirustusta tai OEM-eritelm\u00e4\u00e4 kohti<\/td>\n<td data-start=\"2930\" data-end=\"2969\" data-col-size=\"sm\">Erikoistuneet teolliset sovellukset<\/td>\n<\/tr>\n<\/tbody>\n<\/table>\n<\/div>\n<\/div>\n<h2 data-start=\"2976\" data-end=\"3028\"><strong data-start=\"2979\" data-end=\"3026\">Tekniset parametrit (edustava alue)<\/strong><\/h2>\n<div class=\"TyagGW_tableContainer\">\n<div class=\"group TyagGW_tableWrapper flex flex-col-reverse w-fit\" tabindex=\"-1\">\n<table class=\"w-fit min-w-(--thread-content-width)\" data-start=\"3030\" data-end=\"3579\">\n<thead data-start=\"3030\" data-end=\"3067\">\n<tr data-start=\"3030\" data-end=\"3067\">\n<th data-start=\"3030\" data-end=\"3042\" data-col-size=\"sm\">Parametri<\/th>\n<th data-start=\"3042\" data-end=\"3067\" data-col-size=\"md\">Tekniset tiedot \/ valikoima<\/th>\n<\/tr>\n<\/thead>\n<tbody data-start=\"3078\" data-end=\"3579\">\n<tr data-start=\"3078\" data-end=\"3146\">\n<td data-start=\"3078\" data-end=\"3100\" data-col-size=\"sm\">Metalli pohja materiaali<\/td>\n<td data-start=\"3100\" data-end=\"3146\" data-col-size=\"md\">Hiiliter\u00e4s, seoster\u00e4s, ruostumaton ter\u00e4s<\/td>\n<\/tr>\n<tr data-start=\"3147\" data-end=\"3246\">\n<td data-start=\"3147\" data-end=\"3166\" data-col-size=\"sm\">Keraaminen materiaali<\/td>\n<td data-start=\"3166\" data-end=\"3246\" data-col-size=\"md\">Alumiinioksidi (Al\u2082O\u2083), zirkoniumoksidi (ZrO\u2082), piikarbidi (SiC), boorikarbidi (B\u2084C).<\/td>\n<\/tr>\n<tr data-start=\"3247\" data-end=\"3298\">\n<td data-start=\"3247\" data-end=\"3267\" data-col-size=\"sm\">Keraaminen paksuus<\/td>\n<td data-start=\"3267\" data-end=\"3298\" data-col-size=\"md\">2 mm - 20 mm (muokattavissa)<\/td>\n<\/tr>\n<tr data-start=\"3299\" data-end=\"3366\">\n<td data-start=\"3299\" data-end=\"3324\" data-col-size=\"sm\">Levyn \/ komponentin koko<\/td>\n<td data-start=\"3324\" data-end=\"3366\" data-col-size=\"md\">Jopa 2000 mm \u00d7 1000 mm (muokattavissa)<\/td>\n<\/tr>\n<tr data-start=\"3367\" data-end=\"3403\">\n<td data-start=\"3367\" data-end=\"3378\" data-col-size=\"sm\">Kovuus<\/td>\n<td data-start=\"3378\" data-end=\"3403\" data-col-size=\"md\">HRA 85 - 92 (keraaminen)<\/td>\n<\/tr>\n<tr data-start=\"3404\" data-end=\"3478\">\n<td data-start=\"3404\" data-end=\"3421\" data-col-size=\"sm\">Liimausmenetelm\u00e4<\/td>\n<td data-start=\"3421\" data-end=\"3478\" data-col-size=\"md\">Korkean l\u00e4mp\u00f6tilan sintraus, juottaminen, liimaaminen<\/td>\n<\/tr>\n<tr data-start=\"3479\" data-end=\"3540\">\n<td data-start=\"3479\" data-end=\"3497\" data-col-size=\"sm\">Tuotantotyyppi<\/td>\n<td data-start=\"3497\" data-end=\"3540\" data-col-size=\"md\">Prototyyppi, pieni er\u00e4, massatuotanto<\/td>\n<\/tr>\n<tr data-start=\"3541\" data-end=\"3579\">\n<td data-start=\"3541\" data-end=\"3563\" data-col-size=\"sm\">Tuetut standardit<\/td>\n<td data-start=\"3563\" data-end=\"3579\" data-col-size=\"md\">ISO, DIN, GB<\/td>\n<\/tr>\n<\/tbody>\n<\/table>\n<\/div>\n<\/div>\n<h2 data-start=\"3586\" data-end=\"3619\"><strong data-start=\"3589\" data-end=\"3619\">Materiaali- ja valintaopas<\/strong><\/h2>\n<div class=\"TyagGW_tableContainer\">\n<div class=\"group TyagGW_tableWrapper flex flex-col-reverse w-fit\" tabindex=\"-1\">\n<table class=\"w-fit min-w-(--thread-content-width)\" data-start=\"3621\" data-end=\"3913\">\n<thead data-start=\"3621\" data-end=\"3665\">\n<tr data-start=\"3621\" data-end=\"3665\">\n<th data-start=\"3621\" data-end=\"3637\" data-col-size=\"sm\">Perusmateriaali<\/th>\n<th data-start=\"3637\" data-end=\"3650\" data-col-size=\"sm\">Edut<\/th>\n<th data-start=\"3650\" data-end=\"3665\" data-col-size=\"sm\">Tyypillinen k\u00e4ytt\u00f6<\/th>\n<\/tr>\n<\/thead>\n<tbody data-start=\"3680\" data-end=\"3913\">\n<tr data-start=\"3680\" data-end=\"3763\">\n<td data-start=\"3680\" data-end=\"3695\" data-col-size=\"sm\">Hiiliter\u00e4s<\/td>\n<td data-start=\"3695\" data-end=\"3728\" data-col-size=\"sm\">Kustannustehokas, helppo ty\u00f6st\u00f6<\/td>\n<td data-start=\"3728\" data-end=\"3763\" data-col-size=\"sm\">Yleiset teollisuussovellukset<\/td>\n<\/tr>\n<tr data-start=\"3764\" data-end=\"3836\">\n<td data-start=\"3764\" data-end=\"3778\" data-col-size=\"sm\">Seoster\u00e4st\u00e4<\/td>\n<td data-start=\"3778\" data-end=\"3812\" data-col-size=\"sm\">Eritt\u00e4in luja, iskunkest\u00e4v\u00e4<\/td>\n<td data-start=\"3812\" data-end=\"3836\" data-col-size=\"sm\">Raskaat ty\u00f6koneet<\/td>\n<\/tr>\n<tr data-start=\"3837\" data-end=\"3913\">\n<td data-start=\"3837\" data-end=\"3855\" data-col-size=\"sm\">Ruostumaton ter\u00e4s<\/td>\n<td data-start=\"3855\" data-end=\"3877\" data-col-size=\"sm\">Korroosionkest\u00e4v\u00e4<\/td>\n<td data-start=\"3877\" data-end=\"3913\" data-col-size=\"sm\">Kemialliset ja meriymp\u00e4rist\u00f6t<\/td>\n<\/tr>\n<\/tbody>\n<\/table>\n<\/div>\n<\/div>\n<div class=\"TyagGW_tableContainer\">\n<div class=\"group TyagGW_tableWrapper flex flex-col-reverse w-fit\" tabindex=\"-1\">\n<table class=\"w-fit min-w-(--thread-content-width)\" data-start=\"3915\" data-end=\"4351\">\n<thead data-start=\"3915\" data-end=\"3966\">\n<tr data-start=\"3915\" data-end=\"3966\">\n<th data-start=\"3915\" data-end=\"3934\" data-col-size=\"sm\">Keraaminen materiaali<\/th>\n<th data-start=\"3934\" data-end=\"3947\" data-col-size=\"sm\">Edut<\/th>\n<th data-start=\"3947\" data-end=\"3966\" data-col-size=\"md\">Suositellaan<\/th>\n<\/tr>\n<\/thead>\n<tbody data-start=\"3981\" data-end=\"4351\">\n<tr data-start=\"3981\" data-end=\"4059\">\n<td data-start=\"3981\" data-end=\"3999\" data-col-size=\"sm\">Alumiinioksidi (Al\u2082O\u2083)<\/td>\n<td data-start=\"3999\" data-end=\"4031\" data-col-size=\"sm\">Korkea kovuus, kulutusta kest\u00e4v\u00e4<\/td>\n<td data-start=\"4031\" data-end=\"4059\" data-col-size=\"md\">Hiontalietteen k\u00e4sittely<\/td>\n<\/tr>\n<tr data-start=\"4060\" data-end=\"4147\">\n<td data-start=\"4060\" data-end=\"4078\" data-col-size=\"sm\">Zirkonia (ZrO\u2082)<\/td>\n<td data-start=\"4078\" data-end=\"4120\" data-col-size=\"sm\">Korkea murtumissitkeys, kulutusta kest\u00e4v\u00e4<\/td>\n<td data-start=\"4120\" data-end=\"4147\" data-col-size=\"md\">Vaikutusalttiit toiminnot<\/td>\n<\/tr>\n<tr data-start=\"4148\" data-end=\"4255\">\n<td data-start=\"4148\" data-end=\"4172\" data-col-size=\"sm\">Piikarbidi (SiC)<\/td>\n<td data-start=\"4172\" data-end=\"4209\" data-col-size=\"sm\">Eritt\u00e4in kova, kemikaaleja kest\u00e4v\u00e4<\/td>\n<td data-start=\"4209\" data-end=\"4255\" data-col-size=\"md\">Kemiallinen liete, \u00e4\u00e4rimm\u00e4iset kulumisymp\u00e4rist\u00f6t<\/td>\n<\/tr>\n<tr data-start=\"4256\" data-end=\"4351\">\n<td data-start=\"4256\" data-end=\"4278\" data-col-size=\"sm\">Boorikarbidi (B\u2084C)<\/td>\n<td data-start=\"4278\" data-end=\"4315\" data-col-size=\"sm\">Eritt\u00e4in kova, korkea iskunkest\u00e4vyys<\/td>\n<td data-start=\"4315\" data-end=\"4351\" data-col-size=\"md\">Kovaa kulutusta ja kovaa iskua vaativat laitteet<\/td>\n<\/tr>\n<\/tbody>\n<\/table>\n<\/div>\n<\/div>\n<h2 data-start=\"4358\" data-end=\"4381\"><strong data-start=\"4361\" data-end=\"4381\">Miksi valita Wonzh<\/strong><\/h2>\n<ul data-start=\"4383\" data-end=\"4732\">\n<li data-start=\"4383\" data-end=\"4437\">\n<p data-start=\"4385\" data-end=\"4437\">Keraamisesti vuorattujen komponenttien edistynyt valmistus<\/p>\n<\/li>\n<li data-start=\"4438\" data-end=\"4494\">\n<p data-start=\"4440\" data-end=\"4494\">Korkean tarkkuuden ty\u00f6st\u00f6 ja kest\u00e4v\u00e4 keraaminen liimaus<\/p>\n<\/li>\n<li data-start=\"4495\" data-end=\"4562\">\n<p data-start=\"4497\" data-end=\"4562\">Laaja valikoima keraamisia ja perusmateriaaleja vaativiin ymp\u00e4rist\u00f6ihin<\/p>\n<\/li>\n<li data-start=\"4563\" data-end=\"4626\">\n<p data-start=\"4565\" data-end=\"4626\">R\u00e4\u00e4t\u00e4l\u00f6ity tekninen tuki OEM- ja teollisuuskoneille<\/p>\n<\/li>\n<li data-start=\"4627\" data-end=\"4676\">\n<p data-start=\"4629\" data-end=\"4676\">V\u00e4hent\u00e4\u00e4 kulumista, seisokkiaikaa ja huoltokustannuksia.<\/p>\n<\/li>\n<li data-start=\"4677\" data-end=\"4732\">\n<p data-start=\"4679\" data-end=\"4732\">Prototyypist\u00e4 massatuotantoon luotettavalla toimituksella<\/p>\n<\/li>\n<\/ul>\n<h2 data-start=\"4739\" data-end=\"4780\"><strong data-start=\"4742\" data-end=\"4778\">Usein kysytyt kysymykset (FAQ)<\/strong><\/h2>\n<h3 data-start=\"4782\" data-end=\"4834\"><strong data-start=\"4786\" data-end=\"4832\">Kysymys 1: Mihin keraamisesti vuorattuja osia k\u00e4ytet\u00e4\u00e4n?<\/strong><\/h3>\n<p data-start=\"4835\" data-end=\"4934\">Ne suojaavat laitteita kulumiselta, iskuilta ja korroosiolta kovaa kulutusta vaativissa teollisuussovelluksissa.<\/p>\n<h3 data-start=\"4936\" data-end=\"4984\"><strong data-start=\"4940\" data-end=\"4982\">Q2: Voinko saada mukautettuja muotoja ja kokoja?<\/strong><\/h3>\n<p data-start=\"4985\" data-end=\"5086\">Kyll\u00e4. Valmistamme keraamisesti vuorattuja osia piirustusten, laitemallien tai OEM-eritelmien perusteella.<\/p>\n<h3 data-start=\"5088\" data-end=\"5140\"><strong data-start=\"5092\" data-end=\"5138\">Kysymys 3: Mit\u00e4 keraamisia materiaaleja on saatavilla?<\/strong><\/h3>\n<p data-start=\"5141\" data-end=\"5271\">Vaihtoehtoina ovat <strong data-start=\"5157\" data-end=\"5214\">Alumiinioksidi, zirkoniumoksidi, piikarbidi ja boorikarbidi.<\/strong>, riippuen kulumisesta, iskusta ja kemiallisista vaatimuksista.<\/p>\n<h3 data-start=\"5273\" data-end=\"5328\"><strong data-start=\"5277\" data-end=\"5326\">Kysymys 4: Voiko keraamiset materiaalit liitt\u00e4\u00e4 eri metalleihin?<\/strong><\/h3>\n<p data-start=\"5329\" data-end=\"5473\">Kyll\u00e4. Liimaamme keramiikkaa <strong data-start=\"5354\" data-end=\"5404\">hiiliter\u00e4s, seoster\u00e4s ja ruostumaton ter\u00e4s<\/strong> k\u00e4ytt\u00e4m\u00e4ll\u00e4 korkean l\u00e4mp\u00f6tilan sintrausta, juottamista tai liimaustekniikkaa.<\/p>\n<h3 data-start=\"5475\" data-end=\"5538\"><strong data-start=\"5479\" data-end=\"5536\">Q5: Mill\u00e4 teollisuudenaloilla k\u00e4ytet\u00e4\u00e4n yleisesti keraamisesti vuorattuja osia?<\/strong><\/h3>\n<p data-start=\"5539\" data-end=\"5636\">Kaivos-, sementti-, ter\u00e4s-, kemianteollisuus, energiantuotanto ja materiaalink\u00e4sittelyteollisuus.<\/p>","protected":false},"excerpt":{"rendered":"<p>Wonzhin toimittamat keraamisesti vuoratut osat on suunniteltu kest\u00e4m\u00e4\u00e4n voimakasta kulutusta, suuria iskuja ja sy\u00f6vytt\u00e4vi\u00e4 ymp\u00e4rist\u00f6j\u00e4 teollisuuskoneissa. N\u00e4it\u00e4 osia k\u00e4ytet\u00e4\u00e4n laajalti kaivos-, sementti-, ter\u00e4s-, kemianjalostus-, energiantuotanto- ja materiaalink\u00e4sittelylaitteissa pident\u00e4m\u00e4\u00e4n voimakkaasti kuluvien komponenttien k\u00e4ytt\u00f6ik\u00e4\u00e4.<\/p>","protected":false},"featured_media":1542,"comment_status":"open","ping_status":"closed","template":"","meta":{"site-sidebar-layout":"default","site-content-layout":"","ast-site-content-layout":"default","site-content-style":"default","site-sidebar-style":"default","ast-global-header-display":"","ast-banner-title-visibility":"","ast-main-header-display":"","ast-hfb-above-header-display":"","ast-hfb-below-header-display":"","ast-hfb-mobile-header-display":"","site-post-title":"","ast-breadcrumbs-content":"","ast-featured-img":"","footer-sml-layout":"","ast-disable-related-posts":"","theme-transparent-header-meta":"default","adv-header-id-meta":"","stick-header-meta":"default","header-above-stick-meta":"","header-main-stick-meta":"","header-below-stick-meta":"","astra-migrate-meta-layouts":"set","ast-page-background-enabled":"default","ast-page-background-meta":{"desktop":{"background-color":"","background-image":"","background-repeat":"repeat","background-position":"center center","background-size":"auto","background-attachment":"scroll","background-type":"","background-media":"","overlay-type":"","overlay-color":"","overlay-opacity":"","overlay-gradient":""},"tablet":{"background-color":"","background-image":"","background-repeat":"repeat","background-position":"center center","background-size":"auto","background-attachment":"scroll","background-type":"","background-media":"","overlay-type":"","overlay-color":"","overlay-opacity":"","overlay-gradient":""},"mobile":{"background-color":"","background-image":"","background-repeat":"repeat","background-position":"center center","background-size":"auto","background-attachment":"scroll","background-type":"","background-media":"","overlay-type":"","overlay-color":"","overlay-opacity":"","overlay-gradient":""}},"ast-content-background-meta":{"desktop":{"background-color":"var(--ast-global-color-5)","background-image":"","background-repeat":"repeat","background-position":"center center","background-size":"auto","background-attachment":"scroll","background-type":"","background-media":"","overlay-type":"","overlay-color":"","overlay-opacity":"","overlay-gradient":""},"tablet":{"background-color":"var(--ast-global-color-5)","background-image":"","background-repeat":"repeat","background-position":"center center","background-size":"auto","background-attachment":"scroll","background-type":"","background-media":"","overlay-type":"","overlay-color":"","overlay-opacity":"","overlay-gradient":""},"mobile":{"background-color":"var(--ast-global-color-5)","background-image":"","background-repeat":"repeat","background-position":"center center","background-size":"auto","background-attachment":"scroll","background-type":"","background-media":"","overlay-type":"","overlay-color":"","overlay-opacity":"","overlay-gradient":""}}},"product_brand":[],"product_cat":[24],"product_tag":[434,429,432,428,440,343,439,420,435,436,437,431,438,433,430],"class_list":{"0":"post-1480","1":"product","2":"type-product","3":"status-publish","4":"has-post-thumbnail","6":"product_cat-wear-parts-wear-components","7":"product_tag-abrasion-resistant-parts","8":"product_tag-alumina-lined-parts","9":"product_tag-boron-carbide-lined-parts","10":"product_tag-ceramic-lined-parts","11":"product_tag-china-ceramic-lined-manufacturer","12":"product_tag-crusher-liners","13":"product_tag-custom-ceramic-lined-parts","14":"product_tag-hopper-liners","15":"product_tag-industrial-liners","16":"product_tag-mill-liners","17":"product_tag-pipe-liners","18":"product_tag-sic-lined-parts","19":"product_tag-slurry-handling-parts","20":"product_tag-wear-resistant-components","21":"product_tag-zirconia-lined-parts","22":"desktop-align-left","23":"tablet-align-left","24":"mobile-align-left","26":"first","27":"instock","28":"shipping-taxable","29":"product-type-simple"},"_links":{"self":[{"href":"https:\/\/www.wonzh.com\/fi\/wp-json\/wp\/v2\/product\/1480","targetHints":{"allow":["GET"]}}],"collection":[{"href":"https:\/\/www.wonzh.com\/fi\/wp-json\/wp\/v2\/product"}],"about":[{"href":"https:\/\/www.wonzh.com\/fi\/wp-json\/wp\/v2\/types\/product"}],"replies":[{"embeddable":true,"href":"https:\/\/www.wonzh.com\/fi\/wp-json\/wp\/v2\/comments?post=1480"}],"wp:featuredmedia":[{"embeddable":true,"href":"https:\/\/www.wonzh.com\/fi\/wp-json\/wp\/v2\/media\/1542"}],"wp:attachment":[{"href":"https:\/\/www.wonzh.com\/fi\/wp-json\/wp\/v2\/media?parent=1480"}],"wp:term":[{"taxonomy":"product_brand","embeddable":true,"href":"https:\/\/www.wonzh.com\/fi\/wp-json\/wp\/v2\/product_brand?post=1480"},{"taxonomy":"product_cat","embeddable":true,"href":"https:\/\/www.wonzh.com\/fi\/wp-json\/wp\/v2\/product_cat?post=1480"},{"taxonomy":"product_tag","embeddable":true,"href":"https:\/\/www.wonzh.com\/fi\/wp-json\/wp\/v2\/product_tag?post=1480"}],"curies":[{"name":"wp","href":"https:\/\/api.w.org\/{rel}","templated":true}]}}