{"id":1476,"date":"2026-02-03T15:06:59","date_gmt":"2026-02-03T15:06:59","guid":{"rendered":"https:\/\/www.wonzh.com\/?post_type=product&#038;p=1476"},"modified":"2026-02-05T15:03:37","modified_gmt":"2026-02-05T15:03:37","slug":"sprockets-chain-components-for-industrial-power-transmission","status":"publish","type":"product","link":"https:\/\/www.wonzh.com\/fi\/product\/sprockets-chain-components-for-industrial-power-transmission\/","title":{"rendered":"Ketjupy\u00f6r\u00e4t ja ketjukomponentit teollisuuden voimansiirtoon"},"content":{"rendered":"<p data-start=\"615\" data-end=\"909\">Wonzhin toimittamat ketjupy\u00f6r\u00e4t ja ketjukomponentit ovat tarkkuutta vaativia osia, jotka on suunniteltu mekaanisen voiman siirt\u00e4miseen ketjuvetoisissa j\u00e4rjestelmiss\u00e4. Niit\u00e4 k\u00e4ytet\u00e4\u00e4n laajalti kuljettimissa, maatalouskoneissa, rakennuskoneissa, teollisuusautomaatiossa ja materiaalink\u00e4sittelyj\u00e4rjestelmiss\u00e4.<\/p>\n<p data-start=\"911\" data-end=\"1262\">Ketjupy\u00f6r\u00e4mme valmistetaan hiiliter\u00e4ksest\u00e4, seoster\u00e4ksest\u00e4, ruostumattomasta ter\u00e4ksest\u00e4 tai teknisest\u00e4 muovista, ja ne ty\u00f6stet\u00e4\u00e4n eritt\u00e4in tarkasti tiukkojen hammasprofiilitoleranssien mukaisesti. Ketjut valmistetaan lujatekoisesta seoster\u00e4ksest\u00e4, ja ne l\u00e4mp\u00f6k\u00e4sitell\u00e4\u00e4n ja pintak\u00e4sitell\u00e4\u00e4n kulumiskest\u00e4vyyden, v\u00e4symislujuuden ja pitk\u00e4n k\u00e4ytt\u00f6i\u00e4n varmistamiseksi.<\/p>\n<p data-start=\"1264\" data-end=\"1667\">Wonzh tarjoaa kattavan valikoiman rullaketjuja, hiljaisia ketjuja, kuljetinketjuja, vakioketjuja, mukautettuja ketjupy\u00f6ri\u00e4 ja ketjukokoonpanoja. Tarjoamme my\u00f6s mukautettuja kokoja, hammaslukuja, materiaaleja ja pinnoitteita sovelluskohtaisten vaatimusten mukaisesti. Insin\u00f6\u00f6ritiimimme auttaa ketjutyyppien, ketjupy\u00f6r\u00e4materiaalien ja yhteensopivuuden valinnassa, mik\u00e4 takaa tasaisen ja luotettavan toiminnan.<\/p>\n<h2 data-start=\"1674\" data-end=\"1693\"><strong data-start=\"1677\" data-end=\"1693\">T\u00e4rkeimm\u00e4t ominaisuudet<\/strong><\/h2>\n<ul data-start=\"1695\" data-end=\"2057\">\n<li data-start=\"1695\" data-end=\"1764\">\n<p data-start=\"1697\" data-end=\"1764\">Eritt\u00e4in tarkka hammaspy\u00f6r\u00e4n hammasprofiili ketjun tasaista kytkeytymist\u00e4 varten<\/p>\n<\/li>\n<li data-start=\"1765\" data-end=\"1832\">\n<p data-start=\"1767\" data-end=\"1832\">Korkean vetolujuuden ja kulutuskest\u00e4vyyden vuoksi suunnitellut ketjut<\/p>\n<\/li>\n<li data-start=\"1833\" data-end=\"1889\">\n<p data-start=\"1835\" data-end=\"1889\">Tukee monenlaisia ketjupohjaisia sovelluksia.<\/p>\n<\/li>\n<li data-start=\"1890\" data-end=\"1945\">\n<p data-start=\"1892\" data-end=\"1945\">Mukautettuja kokoja, hammaslukuja ja materiaaleja saatavana.<\/p>\n<\/li>\n<li data-start=\"1946\" data-end=\"1996\">\n<p data-start=\"1948\" data-end=\"1996\">Kest\u00e4\u00e4 kovaa kuormitusta ja vaativia ymp\u00e4rist\u00f6j\u00e4.<\/p>\n<\/li>\n<li data-start=\"1997\" data-end=\"2057\">\n<p data-start=\"1999\" data-end=\"2057\">Soveltuu prototyyppien, pienten erien ja massatuotannon valmistukseen.<\/p>\n<\/li>\n<\/ul>\n<h2 data-start=\"2064\" data-end=\"2091\"><strong data-start=\"2067\" data-end=\"2091\">Tyypilliset sovellukset<\/strong><\/h2>\n<ul data-start=\"2093\" data-end=\"2348\">\n<li data-start=\"2093\" data-end=\"2139\">\n<p data-start=\"2095\" data-end=\"2139\">Teollisuuskuljettimet ja materiaalink\u00e4sittely<\/p>\n<\/li>\n<li data-start=\"2140\" data-end=\"2178\">\n<p data-start=\"2142\" data-end=\"2178\">Maatalouskoneet ja maatalouskoneet<\/p>\n<\/li>\n<li data-start=\"2179\" data-end=\"2216\">\n<p data-start=\"2181\" data-end=\"2216\">Rakennus- ja kaivoslaitteet<\/p>\n<\/li>\n<li data-start=\"2217\" data-end=\"2273\">\n<p data-start=\"2219\" data-end=\"2273\">Pakkaus-, elintarvikkeiden k\u00e4sittely- ja automaatiokoneet<\/p>\n<\/li>\n<li data-start=\"2274\" data-end=\"2307\">\n<p data-start=\"2276\" data-end=\"2307\">Autojen voimansiirto<\/p>\n<\/li>\n<li data-start=\"2308\" data-end=\"2348\">\n<p data-start=\"2310\" data-end=\"2348\">Raskaiden koneiden ja laitteiden k\u00e4ytt\u00f6laitteet<\/p>\n<\/li>\n<\/ul>\n<h2 data-start=\"2355\" data-end=\"2394\"><strong data-start=\"2358\" data-end=\"2394\">Toimitamme ketjupy\u00f6r\u00e4- ja ketjutyyppej\u00e4<\/strong><\/h2>\n<div class=\"TyagGW_tableContainer\">\n<div class=\"group TyagGW_tableWrapper flex flex-col-reverse w-fit\" tabindex=\"-1\">\n<table class=\"w-fit min-w-(--thread-content-width)\" data-start=\"2396\" data-end=\"3034\">\n<thead data-start=\"2396\" data-end=\"2442\">\n<tr data-start=\"2396\" data-end=\"2442\">\n<th data-start=\"2396\" data-end=\"2413\" data-col-size=\"sm\">Komponentti Tyyppi<\/th>\n<th data-start=\"2413\" data-end=\"2427\" data-col-size=\"md\">Kuvaus<\/th>\n<th data-start=\"2427\" data-end=\"2442\" data-col-size=\"sm\">Tyypillinen k\u00e4ytt\u00f6<\/th>\n<\/tr>\n<\/thead>\n<tbody data-start=\"2457\" data-end=\"3034\">\n<tr data-start=\"2457\" data-end=\"2548\">\n<td data-start=\"2457\" data-end=\"2476\" data-col-size=\"sm\"><strong data-start=\"2459\" data-end=\"2475\">Rullaketju<\/strong><\/td>\n<td data-start=\"2476\" data-end=\"2516\" data-col-size=\"md\">Vakioketju voimansiirtoa varten<\/td>\n<td data-start=\"2516\" data-end=\"2548\" data-col-size=\"sm\">Kuljettimet, teollisuusk\u00e4yt\u00f6t<\/td>\n<\/tr>\n<tr data-start=\"2549\" data-end=\"2650\">\n<td data-start=\"2549\" data-end=\"2577\" data-col-size=\"sm\"><strong data-start=\"2551\" data-end=\"2576\">Hiljainen \/ ajoitusketju<\/strong><\/td>\n<td data-start=\"2577\" data-end=\"2612\" data-col-size=\"md\">Sujuva toiminta, tarkka ajoitus<\/td>\n<td data-start=\"2612\" data-end=\"2650\" data-col-size=\"sm\">Autoteollisuus, CNC-koneet, robotiikka<\/td>\n<\/tr>\n<tr data-start=\"2651\" data-end=\"2743\">\n<td data-start=\"2651\" data-end=\"2672\" data-col-size=\"sm\"><strong data-start=\"2653\" data-end=\"2671\">Kuljetinketju<\/strong><\/td>\n<td data-start=\"2672\" data-end=\"2702\" data-col-size=\"md\">Raskas tai modulaarinen ketju<\/td>\n<td data-start=\"2702\" data-end=\"2743\" data-col-size=\"sm\">Materiaalink\u00e4sittely- ja pakkauslinjat<\/td>\n<\/tr>\n<tr data-start=\"2744\" data-end=\"2846\">\n<td data-start=\"2744\" data-end=\"2768\" data-col-size=\"sm\"><strong data-start=\"2746\" data-end=\"2767\">Vakio ketjupy\u00f6r\u00e4<\/strong><\/td>\n<td data-start=\"2768\" data-end=\"2812\" data-col-size=\"md\">Py\u00f6re\u00e4 hammaspy\u00f6r\u00e4, jossa on hampaat ketjujen kytkemist\u00e4 varten<\/td>\n<td data-start=\"2812\" data-end=\"2846\" data-col-size=\"sm\">Rullaketjujen k\u00e4ytt\u00f6laitteet, kuljettimet<\/td>\n<\/tr>\n<tr data-start=\"2847\" data-end=\"2946\">\n<td data-start=\"2847\" data-end=\"2869\" data-col-size=\"sm\"><strong data-start=\"2849\" data-end=\"2868\">Mukautettu ketjupy\u00f6r\u00e4<\/strong><\/td>\n<td data-start=\"2869\" data-end=\"2910\" data-col-size=\"md\">Suunniteltu piirustuksen \/ eritelmien mukaan<\/td>\n<td data-start=\"2910\" data-end=\"2946\" data-col-size=\"sm\">OEM- ja erikoissovellukset<\/td>\n<\/tr>\n<tr data-start=\"2947\" data-end=\"3034\">\n<td data-start=\"2947\" data-end=\"2971\" data-col-size=\"sm\"><strong data-start=\"2949\" data-end=\"2970\">Ketjutarvikkeet<\/strong><\/td>\n<td data-start=\"2971\" data-end=\"3000\" data-col-size=\"md\">Liittimet, nastat, holkit<\/td>\n<td data-start=\"3000\" data-end=\"3034\" data-col-size=\"sm\">Ketjun kokoonpano ja huolto<\/td>\n<\/tr>\n<\/tbody>\n<\/table>\n<\/div>\n<\/div>\n<h2 data-start=\"3041\" data-end=\"3093\"><strong data-start=\"3044\" data-end=\"3091\">Tekniset parametrit (edustava alue)<\/strong><\/h2>\n<div class=\"TyagGW_tableContainer\">\n<div class=\"group TyagGW_tableWrapper flex flex-col-reverse w-fit\" tabindex=\"-1\">\n<table class=\"w-fit min-w-(--thread-content-width)\" data-start=\"3095\" data-end=\"3617\">\n<thead data-start=\"3095\" data-end=\"3132\">\n<tr data-start=\"3095\" data-end=\"3132\">\n<th data-start=\"3095\" data-end=\"3107\" data-col-size=\"sm\">Parametri<\/th>\n<th data-start=\"3107\" data-end=\"3132\" data-col-size=\"md\">Tekniset tiedot \/ valikoima<\/th>\n<\/tr>\n<\/thead>\n<tbody data-start=\"3143\" data-end=\"3617\">\n<tr data-start=\"3143\" data-end=\"3230\">\n<td data-start=\"3143\" data-end=\"3162\" data-col-size=\"sm\">Materiaalivaihtoehdot<\/td>\n<td data-start=\"3162\" data-end=\"3230\" data-col-size=\"md\">Hiiliter\u00e4s, seoster\u00e4s, ruostumaton ter\u00e4s, tekniset muovit.<\/td>\n<\/tr>\n<tr data-start=\"3231\" data-end=\"3282\">\n<td data-start=\"3231\" data-end=\"3245\" data-col-size=\"sm\">Ketjun jako<\/td>\n<td data-start=\"3245\" data-end=\"3282\" data-col-size=\"md\">6 mm - 100 mm (vakio- ja erikoisvalmisteiset)<\/td>\n<\/tr>\n<tr data-start=\"3283\" data-end=\"3331\">\n<td data-start=\"3283\" data-end=\"3299\" data-col-size=\"sm\">Ketjupy\u00f6r\u00e4n poraus<\/td>\n<td data-start=\"3299\" data-end=\"3331\" data-col-size=\"md\">5 mm - 150 mm (muokattavissa)<\/td>\n<\/tr>\n<tr data-start=\"3332\" data-end=\"3377\">\n<td data-start=\"3332\" data-end=\"3350\" data-col-size=\"sm\">Hampaiden lukum\u00e4\u00e4r\u00e4<\/td>\n<td data-start=\"3350\" data-end=\"3377\" data-col-size=\"md\">10 - 200 (muokattavissa)<\/td>\n<\/tr>\n<tr data-start=\"3378\" data-end=\"3442\">\n<td data-start=\"3378\" data-end=\"3394\" data-col-size=\"sm\">Kuormituskapasiteetti<\/td>\n<td data-start=\"3394\" data-end=\"3442\" data-col-size=\"md\">Kevyist\u00e4 raskaisiin ketjuihin (tyypist\u00e4 riippuen)<\/td>\n<\/tr>\n<tr data-start=\"3443\" data-end=\"3510\">\n<td data-start=\"3443\" data-end=\"3463\" data-col-size=\"sm\">Pintak\u00e4sittely<\/td>\n<td data-start=\"3463\" data-end=\"3510\" data-col-size=\"md\">Karkaisu, pinnoitus, pinnoitus, l\u00e4mp\u00f6k\u00e4sittelyt<\/td>\n<\/tr>\n<tr data-start=\"3511\" data-end=\"3572\">\n<td data-start=\"3511\" data-end=\"3529\" data-col-size=\"sm\">Tuotantotyyppi<\/td>\n<td data-start=\"3529\" data-end=\"3572\" data-col-size=\"md\">Prototyyppi, pieni er\u00e4, massatuotanto<\/td>\n<\/tr>\n<tr data-start=\"3573\" data-end=\"3617\">\n<td data-start=\"3573\" data-end=\"3595\" data-col-size=\"sm\">Tuetut standardit<\/td>\n<td data-start=\"3595\" data-end=\"3617\" data-col-size=\"md\">ISO, DIN, ANSI, GB<\/td>\n<\/tr>\n<\/tbody>\n<\/table>\n<\/div>\n<\/div>\n<h2 data-start=\"3624\" data-end=\"3657\"><strong data-start=\"3627\" data-end=\"3657\">Materiaali- ja valintaopas<\/strong><\/h2>\n<div class=\"TyagGW_tableContainer\">\n<div class=\"group TyagGW_tableWrapper flex flex-col-reverse w-fit\" tabindex=\"-1\">\n<table class=\"w-fit min-w-(--thread-content-width)\" data-start=\"3659\" data-end=\"4079\">\n<thead data-start=\"3659\" data-end=\"3702\">\n<tr data-start=\"3659\" data-end=\"3702\">\n<th data-start=\"3659\" data-end=\"3670\" data-col-size=\"sm\">Materiaali<\/th>\n<th data-start=\"3670\" data-end=\"3683\" data-col-size=\"sm\">Edut<\/th>\n<th data-start=\"3683\" data-end=\"3702\" data-col-size=\"sm\">Suositellaan<\/th>\n<\/tr>\n<\/thead>\n<tbody data-start=\"3717\" data-end=\"4079\">\n<tr data-start=\"3717\" data-end=\"3805\">\n<td data-start=\"3717\" data-end=\"3736\" data-col-size=\"sm\"><strong data-start=\"3719\" data-end=\"3735\">Hiiliter\u00e4s<\/strong><\/td>\n<td data-start=\"3736\" data-end=\"3761\" data-col-size=\"sm\">Vahva, kustannustehokas<\/td>\n<td data-start=\"3761\" data-end=\"3805\" data-col-size=\"sm\">Teollisuuden vakioketjut ja ketjupy\u00f6r\u00e4t<\/td>\n<\/tr>\n<tr data-start=\"3806\" data-end=\"3902\">\n<td data-start=\"3806\" data-end=\"3824\" data-col-size=\"sm\"><strong data-start=\"3808\" data-end=\"3823\">Seoster\u00e4st\u00e4<\/strong><\/td>\n<td data-start=\"3824\" data-end=\"3864\" data-col-size=\"sm\">Korkea vetolujuus, kulutusta kest\u00e4v\u00e4<\/td>\n<td data-start=\"3864\" data-end=\"3902\" data-col-size=\"sm\">Raskaat, suuren kuormituksen sovellukset<\/td>\n<\/tr>\n<tr data-start=\"3903\" data-end=\"3987\">\n<td data-start=\"3903\" data-end=\"3925\" data-col-size=\"sm\"><strong data-start=\"3905\" data-end=\"3924\">Ruostumaton ter\u00e4s<\/strong><\/td>\n<td data-start=\"3925\" data-end=\"3947\" data-col-size=\"sm\">Korroosionkest\u00e4v\u00e4<\/td>\n<td data-start=\"3947\" data-end=\"3987\" data-col-size=\"sm\">Elintarvike-, kemian- ja merenkulkukoneet<\/td>\n<\/tr>\n<tr data-start=\"3988\" data-end=\"4079\">\n<td data-start=\"3988\" data-end=\"4015\" data-col-size=\"sm\"><strong data-start=\"3990\" data-end=\"4014\">Tekniset muovit<\/strong><\/td>\n<td data-start=\"4015\" data-end=\"4043\" data-col-size=\"sm\">Kevyt, alhainen kitka<\/td>\n<td data-start=\"4043\" data-end=\"4079\" data-col-size=\"sm\">V\u00e4h\u00e4n kuormitetut, hidask\u00e4yntiset sovellukset<\/td>\n<\/tr>\n<\/tbody>\n<\/table>\n<\/div>\n<\/div>\n<div class=\"TyagGW_tableContainer\">\n<div class=\"group TyagGW_tableWrapper flex flex-col-reverse w-fit\" tabindex=\"-1\">\n<table class=\"w-fit min-w-(--thread-content-width)\" data-start=\"4081\" data-end=\"4427\">\n<thead data-start=\"4081\" data-end=\"4125\">\n<tr data-start=\"4081\" data-end=\"4125\">\n<th data-start=\"4081\" data-end=\"4098\" data-col-size=\"sm\">Komponentti Tyyppi<\/th>\n<th data-start=\"4098\" data-end=\"4110\" data-col-size=\"sm\">Advantage<\/th>\n<th data-start=\"4110\" data-end=\"4125\" data-col-size=\"sm\">Tyypillinen k\u00e4ytt\u00f6<\/th>\n<\/tr>\n<\/thead>\n<tbody data-start=\"4140\" data-end=\"4427\">\n<tr data-start=\"4140\" data-end=\"4200\">\n<td data-start=\"4140\" data-end=\"4155\" data-col-size=\"sm\">Rullaketju<\/td>\n<td data-start=\"4155\" data-end=\"4179\" data-col-size=\"sm\">Korkea kuormitus, kest\u00e4vyys<\/td>\n<td data-start=\"4179\" data-end=\"4200\" data-col-size=\"sm\">Kuljettimet, taajuusmuuttajat<\/td>\n<\/tr>\n<tr data-start=\"4201\" data-end=\"4274\">\n<td data-start=\"4201\" data-end=\"4225\" data-col-size=\"sm\">Ajoitus \/ hiljainen ketju<\/td>\n<td data-start=\"4225\" data-end=\"4245\" data-col-size=\"sm\">Tasainen, hiljainen<\/td>\n<td data-start=\"4245\" data-end=\"4274\" data-col-size=\"sm\">Autoteollisuus, CNC, robotiikka<\/td>\n<\/tr>\n<tr data-start=\"4275\" data-end=\"4350\">\n<td data-start=\"4275\" data-end=\"4286\" data-col-size=\"sm\">Ketjupy\u00f6r\u00e4<\/td>\n<td data-start=\"4286\" data-end=\"4310\" data-col-size=\"sm\">Tarkka hammasprofiili<\/td>\n<td data-start=\"4310\" data-end=\"4350\" data-col-size=\"sm\">Ketjun kytkent\u00e4, voimansiirto<\/td>\n<\/tr>\n<tr data-start=\"4351\" data-end=\"4427\">\n<td data-start=\"4351\" data-end=\"4371\" data-col-size=\"sm\">Mukautetut komponentit<\/td>\n<td data-start=\"4371\" data-end=\"4394\" data-col-size=\"sm\">Sovelluskohtainen<\/td>\n<td data-start=\"4394\" data-end=\"4427\" data-col-size=\"sm\">OEM ja erikoiskoneet<\/td>\n<\/tr>\n<\/tbody>\n<\/table>\n<\/div>\n<\/div>\n<h2 data-start=\"4434\" data-end=\"4457\"><strong data-start=\"4437\" data-end=\"4457\">Miksi valita Wonzh<\/strong><\/h2>\n<ul data-start=\"4459\" data-end=\"4772\">\n<li data-start=\"4459\" data-end=\"4510\">\n<p data-start=\"4461\" data-end=\"4510\">Kehittynyt valmistus ketjupy\u00f6ri\u00e4 ja ketjuja varten<\/p>\n<\/li>\n<li data-start=\"4511\" data-end=\"4585\">\n<p data-start=\"4513\" data-end=\"4585\">Kulutuskest\u00e4vyyden ja mittatarkkuuden tiukka laatutarkastus<\/p>\n<\/li>\n<li data-start=\"4586\" data-end=\"4652\">\n<p data-start=\"4588\" data-end=\"4652\">R\u00e4\u00e4t\u00e4l\u00f6ity tekninen tuki OEM- ja teollisuussovelluksille<\/p>\n<\/li>\n<li data-start=\"4653\" data-end=\"4716\">\n<p data-start=\"4655\" data-end=\"4716\">Kest\u00e4v\u00e4t, lujat komponentit pitk\u00e4\u00e4 k\u00e4ytt\u00f6ik\u00e4\u00e4 varten<\/p>\n<\/li>\n<li data-start=\"4717\" data-end=\"4772\">\n<p data-start=\"4719\" data-end=\"4772\">Prototyypist\u00e4 massatuotantoon luotettavalla toimituksella<\/p>\n<\/li>\n<\/ul>\n<h2 data-start=\"4779\" data-end=\"4820\"><strong data-start=\"4782\" data-end=\"4818\">Usein kysytyt kysymykset (FAQ)<\/strong><\/h2>\n<h3 data-start=\"4822\" data-end=\"4875\"><strong data-start=\"4826\" data-end=\"4873\">Kysymys 1: Mihin ketjupy\u00f6ri\u00e4 ja ketjuja k\u00e4ytet\u00e4\u00e4n?<\/strong><\/h3>\n<p data-start=\"4876\" data-end=\"4965\">Ne siirt\u00e4v\u00e4t mekaanista voimaa akselien v\u00e4lill\u00e4 ja ohjaavat liikett\u00e4 ketjuvetoisissa j\u00e4rjestelmiss\u00e4.<\/p>\n<h3 data-start=\"4967\" data-end=\"5018\"><strong data-start=\"4971\" data-end=\"5016\">Kysymys 2: Voinko saada r\u00e4\u00e4t\u00e4l\u00f6ityj\u00e4 ketjupy\u00f6ri\u00e4 tai ketjuja?<\/strong><\/h3>\n<p data-start=\"5019\" data-end=\"5121\">Kyll\u00e4. Valmistamme ketjupy\u00f6ri\u00e4 ja ketjuja, jotka pohjautuvat <strong data-start=\"5069\" data-end=\"5118\">piirustukset, eritelm\u00e4t tai OEM-vaatimukset<\/strong>.<\/p>\n<h3 data-start=\"5123\" data-end=\"5166\"><strong data-start=\"5127\" data-end=\"5164\">Q3: Mit\u00e4 materiaaleja on saatavilla?<\/strong><\/h3>\n<p data-start=\"5167\" data-end=\"5301\"><strong data-start=\"5167\" data-end=\"5239\">Hiiliter\u00e4s, seoster\u00e4s, ruostumaton ter\u00e4s ja tekniset muovit.<\/strong> riippuen kuormituksesta, ymp\u00e4rist\u00f6st\u00e4 ja korroosiovaatimuksista.<\/p>\n<h3 data-start=\"5303\" data-end=\"5349\"><strong data-start=\"5307\" data-end=\"5347\">Q4: Mit\u00e4 ketjutyyppej\u00e4 tuetaan?<\/strong><\/h3>\n<p data-start=\"5350\" data-end=\"5423\">Toimitamme <strong data-start=\"5360\" data-end=\"5420\">rullaketjut, \u00e4\u00e4nett\u00f6m\u00e4t\/ajoitusketjut ja kuljetinketjut.<\/strong>.<\/p>\n<h3 data-start=\"5425\" data-end=\"5473\"><strong data-start=\"5429\" data-end=\"5471\">Q5: Voiko pintak\u00e4sittelyj\u00e4 tehd\u00e4?<\/strong><\/h3>\n<p data-start=\"5474\" data-end=\"5600\">Kyll\u00e4. Karkaisu, pinnoitus, pinnoitus ja muut pintak\u00e4sittelyt ovat k\u00e4ytett\u00e4viss\u00e4 kest\u00e4vyyden ja korroosionkest\u00e4vyyden parantamiseksi.<\/p>","protected":false},"excerpt":{"rendered":"<p>Wonzhin toimittamat ketjupy\u00f6r\u00e4t ja ketjukomponentit ovat tarkkuutta vaativia osia, jotka on suunniteltu mekaanisen voiman siirt\u00e4miseen ketjuvetoisissa j\u00e4rjestelmiss\u00e4. Niit\u00e4 k\u00e4ytet\u00e4\u00e4n laajalti kuljettimissa, maatalouskoneissa, rakennuskoneissa, teollisuusautomaatiossa ja materiaalink\u00e4sittelyj\u00e4rjestelmiss\u00e4.<\/p>","protected":false},"featured_media":1536,"comment_status":"open","ping_status":"closed","template":"","meta":{"site-sidebar-layout":"default","site-content-layout":"","ast-site-content-layout":"default","site-content-style":"default","site-sidebar-style":"default","ast-global-header-display":"","ast-banner-title-visibility":"","ast-main-header-display":"","ast-hfb-above-header-display":"","ast-hfb-below-header-display":"","ast-hfb-mobile-header-display":"","site-post-title":"","ast-breadcrumbs-content":"","ast-featured-img":"","footer-sml-layout":"","ast-disable-related-posts":"","theme-transparent-header-meta":"default","adv-header-id-meta":"","stick-header-meta":"default","header-above-stick-meta":"","header-main-stick-meta":"","header-below-stick-meta":"","astra-migrate-meta-layouts":"set","ast-page-background-enabled":"default","ast-page-background-meta":{"desktop":{"background-color":"","background-image":"","background-repeat":"repeat","background-position":"center center","background-size":"auto","background-attachment":"scroll","background-type":"","background-media":"","overlay-type":"","overlay-color":"","overlay-opacity":"","overlay-gradient":""},"tablet":{"background-color":"","background-image":"","background-repeat":"repeat","background-position":"center center","background-size":"auto","background-attachment":"scroll","background-type":"","background-media":"","overlay-type":"","overlay-color":"","overlay-opacity":"","overlay-gradient":""},"mobile":{"background-color":"","background-image":"","background-repeat":"repeat","background-position":"center center","background-size":"auto","background-attachment":"scroll","background-type":"","background-media":"","overlay-type":"","overlay-color":"","overlay-opacity":"","overlay-gradient":""}},"ast-content-background-meta":{"desktop":{"background-color":"var(--ast-global-color-5)","background-image":"","background-repeat":"repeat","background-position":"center center","background-size":"auto","background-attachment":"scroll","background-type":"","background-media":"","overlay-type":"","overlay-color":"","overlay-opacity":"","overlay-gradient":""},"tablet":{"background-color":"var(--ast-global-color-5)","background-image":"","background-repeat":"repeat","background-position":"center center","background-size":"auto","background-attachment":"scroll","background-type":"","background-media":"","overlay-type":"","overlay-color":"","overlay-opacity":"","overlay-gradient":""},"mobile":{"background-color":"var(--ast-global-color-5)","background-image":"","background-repeat":"repeat","background-position":"center center","background-size":"auto","background-attachment":"scroll","background-type":"","background-media":"","overlay-type":"","overlay-color":"","overlay-opacity":"","overlay-gradient":""}}},"product_brand":[],"product_cat":[25],"product_tag":[409,408,415,411,405,406,414,407,413,412,402,404,401,410,403],"class_list":{"0":"post-1476","1":"product","2":"type-product","3":"status-publish","4":"has-post-thumbnail","6":"product_cat-transmission-drive-components","7":"product_tag-alloy-steel-chains","8":"product_tag-chain-accessories","9":"product_tag-china-chain-manufacturer","10":"product_tag-cnc-machined-sprockets","11":"product_tag-conveyor-chain","12":"product_tag-custom-sprockets","13":"product_tag-heavy-duty-chains","14":"product_tag-industrial-sprockets","15":"product_tag-oem-chains","16":"product_tag-power-transmission-components","17":"product_tag-roller-chain","18":"product_tag-silent-chain","19":"product_tag-sprocket-components","20":"product_tag-stainless-steel-chains","21":"product_tag-timing-chain","22":"desktop-align-left","23":"tablet-align-left","24":"mobile-align-left","26":"first","27":"instock","28":"shipping-taxable","29":"product-type-simple"},"_links":{"self":[{"href":"https:\/\/www.wonzh.com\/fi\/wp-json\/wp\/v2\/product\/1476","targetHints":{"allow":["GET"]}}],"collection":[{"href":"https:\/\/www.wonzh.com\/fi\/wp-json\/wp\/v2\/product"}],"about":[{"href":"https:\/\/www.wonzh.com\/fi\/wp-json\/wp\/v2\/types\/product"}],"replies":[{"embeddable":true,"href":"https:\/\/www.wonzh.com\/fi\/wp-json\/wp\/v2\/comments?post=1476"}],"wp:featuredmedia":[{"embeddable":true,"href":"https:\/\/www.wonzh.com\/fi\/wp-json\/wp\/v2\/media\/1536"}],"wp:attachment":[{"href":"https:\/\/www.wonzh.com\/fi\/wp-json\/wp\/v2\/media?parent=1476"}],"wp:term":[{"taxonomy":"product_brand","embeddable":true,"href":"https:\/\/www.wonzh.com\/fi\/wp-json\/wp\/v2\/product_brand?post=1476"},{"taxonomy":"product_cat","embeddable":true,"href":"https:\/\/www.wonzh.com\/fi\/wp-json\/wp\/v2\/product_cat?post=1476"},{"taxonomy":"product_tag","embeddable":true,"href":"https:\/\/www.wonzh.com\/fi\/wp-json\/wp\/v2\/product_tag?post=1476"}],"curies":[{"name":"wp","href":"https:\/\/api.w.org\/{rel}","templated":true}]}}