{"id":1440,"date":"2026-02-02T15:44:39","date_gmt":"2026-02-02T15:44:39","guid":{"rendered":"https:\/\/www.wonzh.com\/?post_type=product&#038;p=1440"},"modified":"2026-02-02T15:44:40","modified_gmt":"2026-02-02T15:44:40","slug":"custom-industrial-bearings-for-specialized-machinery-and-heavy-duty-applications","status":"publish","type":"product","link":"https:\/\/www.wonzh.com\/fi\/product\/custom-industrial-bearings-for-specialized-machinery-and-heavy-duty-applications\/","title":{"rendered":"R\u00e4\u00e4t\u00e4l\u00f6idyt teollisuuslaakerit erikoiskoneisiin ja raskaisiin sovelluksiin"},"content":{"rendered":"<p data-start=\"487\" data-end=\"823\">Wonzhin r\u00e4\u00e4t\u00e4l\u00f6idyt teollisuuslaakerit on suunniteltu t\u00e4ytt\u00e4m\u00e4\u00e4n erikoiskoneiden, raskaiden laitteiden ja suorituskykyisten teollisuussovellusten ainutlaatuiset vaatimukset. Tarkkuutta, kest\u00e4vyytt\u00e4 ja luotettavuutta varten suunnitellut laakerit voidaan r\u00e4\u00e4t\u00e4l\u00f6id\u00e4 koon, materiaalin, kantavuuden, sis\u00e4isen v\u00e4lyksen ja tiivistysvaihtoehtojen osalta.<\/p>\n<p data-start=\"825\" data-end=\"1143\">Wonzhin r\u00e4\u00e4t\u00e4l\u00f6idyt laakerilaakerit, jotka on valmistettu korkealaatuisista laakeriter\u00e4ksist\u00e4, kuten GCr15 (AISI 52100 vastaava), ruostumattomasta ter\u00e4ksest\u00e4 tai erityisist\u00e4 seosmateriaaleista, ja jotka on k\u00e4sitelty tiukkojen ISO-pohjaisten laatustandardien mukaisesti, takaavat vakaan py\u00f6rimisen, pienemm\u00e4n kitkan ja pitk\u00e4n k\u00e4ytt\u00f6i\u00e4n jopa vaikeissa tai ep\u00e4tavanomaisissa ymp\u00e4rist\u00f6iss\u00e4.<\/p>\n<p data-start=\"1145\" data-end=\"1494\">Insin\u00f6\u00f6ritiimimme tekee tiivist\u00e4 yhteisty\u00f6t\u00e4 asiakkaiden kanssa analysoidakseen toiminnalliset vaatimukset ja suunnitellakseen laakerit, jotka on optimoitu kuormituksen, nopeuden, l\u00e4mp\u00f6tilan, likaantumiskest\u00e4vyyden ja voitelumenetelm\u00e4n suhteen. R\u00e4\u00e4t\u00e4l\u00f6ityj\u00e4 ratkaisuja on saatavilla monenlaisille laakerityypeille, kuten kuulalaakereille, rullalaakereille, kartio- ja pallolaakereille sek\u00e4 asennetuille kokoonpanoille.<\/p>\n<h2 data-start=\"1501\" data-end=\"1520\"><strong data-start=\"1504\" data-end=\"1520\">T\u00e4rkeimm\u00e4t ominaisuudet<\/strong><\/h2>\n<ul data-start=\"1522\" data-end=\"1872\">\n<li data-start=\"1522\" data-end=\"1573\">\n<p data-start=\"1524\" data-end=\"1573\">T\u00e4ysin muokattavissa olevat mitat ja kantavuus<\/p>\n<\/li>\n<li data-start=\"1574\" data-end=\"1652\">\n<p data-start=\"1576\" data-end=\"1652\">Laajat materiaalivaihtoehdot: tavallinen ter\u00e4s, ruostumaton ter\u00e4s ja erikoisseokset.<\/p>\n<\/li>\n<li data-start=\"1653\" data-end=\"1701\">\n<p data-start=\"1655\" data-end=\"1701\">S\u00e4\u00e4dett\u00e4v\u00e4 sis\u00e4inen v\u00e4lys ja esij\u00e4nnitys<\/p>\n<\/li>\n<li data-start=\"1702\" data-end=\"1746\">\n<p data-start=\"1704\" data-end=\"1746\">Useita tiivistys- ja voiteluvaihtoehtoja<\/p>\n<\/li>\n<li data-start=\"1747\" data-end=\"1810\">\n<p data-start=\"1749\" data-end=\"1810\">Suunniteltu \u00e4\u00e4rimm\u00e4isiin tai ep\u00e4tavanomaisiin k\u00e4ytt\u00f6olosuhteisiin<\/p>\n<\/li>\n<li data-start=\"1811\" data-end=\"1872\">\n<p data-start=\"1813\" data-end=\"1872\">Tekninen tuki sovelluskohtaista optimointia varten<\/p>\n<\/li>\n<\/ul>\n<h2 data-start=\"1879\" data-end=\"1906\"><strong data-start=\"1882\" data-end=\"1906\">Tyypilliset sovellukset<\/strong><\/h2>\n<ul data-start=\"1908\" data-end=\"2168\">\n<li data-start=\"1908\" data-end=\"1952\">\n<p data-start=\"1910\" data-end=\"1952\">Raskaat koneet ja teollisuuslaitteet<\/p>\n<\/li>\n<li data-start=\"1953\" data-end=\"1993\">\n<p data-start=\"1955\" data-end=\"1993\">Kaivos- ja materiaalink\u00e4sittelyj\u00e4rjestelm\u00e4t<\/p>\n<\/li>\n<li data-start=\"1994\" data-end=\"2031\">\n<p data-start=\"1996\" data-end=\"2031\">Pumput, kompressorit ja vaihteistot<\/p>\n<\/li>\n<li data-start=\"2032\" data-end=\"2075\">\n<p data-start=\"2034\" data-end=\"2075\">Auto- ja kuljetusv\u00e4lineet<\/p>\n<\/li>\n<li data-start=\"2076\" data-end=\"2122\">\n<p data-start=\"2078\" data-end=\"2122\">Tuulivoimalat ja uusiutuvan energian j\u00e4rjestelm\u00e4t<\/p>\n<\/li>\n<li data-start=\"2123\" data-end=\"2168\">\n<p data-start=\"2125\" data-end=\"2168\">R\u00e4\u00e4t\u00e4l\u00f6idyt koneet ja OEM-tuotantolinjat<\/p>\n<\/li>\n<\/ul>\n<h2 data-start=\"2175\" data-end=\"2227\"><strong data-start=\"2178\" data-end=\"2225\">Tekniset parametrit (edustava alue)<\/strong><\/h2>\n<div class=\"TyagGW_tableContainer\">\n<div class=\"group TyagGW_tableWrapper flex flex-col-reverse w-fit\" tabindex=\"-1\">\n<table class=\"w-fit min-w-(--thread-content-width)\" data-start=\"2229\" data-end=\"2908\">\n<thead data-start=\"2229\" data-end=\"2266\">\n<tr data-start=\"2229\" data-end=\"2266\">\n<th data-start=\"2229\" data-end=\"2241\" data-col-size=\"sm\">Parametri<\/th>\n<th data-start=\"2241\" data-end=\"2266\" data-col-size=\"md\">Tekniset tiedot \/ valikoima<\/th>\n<\/tr>\n<\/thead>\n<tbody data-start=\"2277\" data-end=\"2908\">\n<tr data-start=\"2277\" data-end=\"2365\">\n<td data-start=\"2277\" data-end=\"2292\" data-col-size=\"sm\">Laakerityyppi<\/td>\n<td data-col-size=\"md\" data-start=\"2292\" data-end=\"2365\">Custom Industrial Bearing (kuula, rulla, kartiomainen, pallomainen, asennettu)<\/td>\n<\/tr>\n<tr data-start=\"2366\" data-end=\"2437\">\n<td data-start=\"2366\" data-end=\"2377\" data-col-size=\"sm\">Materiaali<\/td>\n<td data-start=\"2377\" data-end=\"2437\" data-col-size=\"md\">GCr15 (AISI 52100), ruostumaton ter\u00e4s, erikoisseosteiset ter\u00e4kset<\/td>\n<\/tr>\n<tr data-start=\"2438\" data-end=\"2488\">\n<td data-start=\"2438\" data-end=\"2455\" data-col-size=\"sm\">Porauskoko (ID)<\/td>\n<td data-start=\"2455\" data-end=\"2488\" data-col-size=\"md\">10 mm - 500 mm (muokattavissa)<\/td>\n<\/tr>\n<tr data-start=\"2489\" data-end=\"2544\">\n<td data-start=\"2489\" data-end=\"2511\" data-col-size=\"sm\">Ulkohalkaisija (OD)<\/td>\n<td data-start=\"2511\" data-end=\"2544\" data-col-size=\"md\">26 mm - 900 mm (muokattavissa)<\/td>\n<\/tr>\n<tr data-start=\"2545\" data-end=\"2600\">\n<td data-start=\"2545\" data-end=\"2557\" data-col-size=\"sm\">Kuormitustyyppi<\/td>\n<td data-start=\"2557\" data-end=\"2600\" data-col-size=\"md\">Radiaalinen, aksiaalinen tai yhdistetty (r\u00e4\u00e4t\u00e4l\u00f6ityn\u00e4)<\/td>\n<\/tr>\n<tr data-start=\"2601\" data-end=\"2662\">\n<td data-start=\"2601\" data-end=\"2620\" data-col-size=\"sm\">Nopeuskapasiteetti<\/td>\n<td data-start=\"2620\" data-end=\"2662\" data-col-size=\"md\">Alhainen tai korkea (sovelluksesta riippuen)<\/td>\n<\/tr>\n<tr data-start=\"2663\" data-end=\"2721\">\n<td data-start=\"2663\" data-end=\"2687\" data-col-size=\"sm\">K\u00e4ytt\u00f6l\u00e4mp\u00f6tila<\/td>\n<td data-start=\"2687\" data-end=\"2721\" data-col-size=\"md\">-40\u00b0C - +150\u00b0C (muokattavissa)<\/td>\n<\/tr>\n<tr data-start=\"2722\" data-end=\"2773\">\n<td data-start=\"2722\" data-end=\"2734\" data-col-size=\"sm\">Tyhjennys<\/td>\n<td data-start=\"2734\" data-end=\"2773\" data-col-size=\"md\">C2 \/ C3 \/ C4 tai erityinen esikuormitus<\/td>\n<\/tr>\n<tr data-start=\"2774\" data-end=\"2855\">\n<td data-start=\"2774\" data-end=\"2792\" data-col-size=\"sm\">Tiivistysvaihtoehdot<\/td>\n<td data-col-size=\"md\" data-start=\"2792\" data-end=\"2855\">Avoin \/ ZZ (metallisuojus) \/ 2RS (kumitiiviste) \/ Mukautetut tiivisteet<\/td>\n<\/tr>\n<tr data-start=\"2856\" data-end=\"2908\">\n<td data-start=\"2856\" data-end=\"2870\" data-col-size=\"sm\">Voitelu<\/td>\n<td data-start=\"2870\" data-end=\"2908\" data-col-size=\"md\">Rasva, \u00f6ljy tai erikoisvoiteluaineet<\/td>\n<\/tr>\n<\/tbody>\n<\/table>\n<\/div>\n<\/div>\n<h2 data-start=\"2915\" data-end=\"2951\"><strong data-start=\"2918\" data-end=\"2951\">Edustavat malliesimerkit<\/strong><\/h2>\n<p data-start=\"2953\" data-end=\"3025\"><em data-start=\"2953\" data-end=\"3025\">(Vain viitteeksi - t\u00e4ysin r\u00e4\u00e4t\u00e4l\u00f6ityj\u00e4 malleja saatavana pyynn\u00f6st\u00e4.)<\/em><\/p>\n<div class=\"TyagGW_tableContainer\">\n<div class=\"group TyagGW_tableWrapper flex flex-col-reverse w-fit\" tabindex=\"-1\">\n<table class=\"w-fit min-w-(--thread-content-width)\" data-start=\"3027\" data-end=\"3461\">\n<thead data-start=\"3027\" data-end=\"3066\">\n<tr data-start=\"3027\" data-end=\"3066\">\n<th data-start=\"3027\" data-end=\"3034\" data-col-size=\"sm\">Tyyppi<\/th>\n<th data-start=\"3034\" data-end=\"3051\" data-col-size=\"sm\">Esimerkkimallit<\/th>\n<th data-start=\"3051\" data-end=\"3066\" data-col-size=\"md\">Tyypillinen k\u00e4ytt\u00f6<\/th>\n<\/tr>\n<\/thead>\n<tbody data-start=\"3081\" data-end=\"3461\">\n<tr data-start=\"3081\" data-end=\"3142\">\n<td data-start=\"3081\" data-end=\"3097\" data-col-size=\"sm\">Kuulalaakerit<\/td>\n<td data-start=\"3097\" data-end=\"3117\" data-col-size=\"sm\">Custom 6205, 6308<\/td>\n<td data-start=\"3117\" data-end=\"3142\" data-col-size=\"md\">OEM-koneet, moottorit<\/td>\n<\/tr>\n<tr data-start=\"3143\" data-end=\"3207\">\n<td data-start=\"3143\" data-end=\"3161\" data-col-size=\"sm\">Rullalaakerit<\/td>\n<td data-start=\"3161\" data-end=\"3183\" data-col-size=\"sm\">Mukautettu 22206, 22308<\/td>\n<td data-start=\"3183\" data-end=\"3207\" data-col-size=\"md\">Vaihteet, kuljettimet<\/td>\n<\/tr>\n<tr data-start=\"3208\" data-end=\"3300\">\n<td data-start=\"3208\" data-end=\"3225\" data-col-size=\"sm\">Kartiorulla<\/td>\n<td data-start=\"3225\" data-end=\"3247\" data-col-size=\"sm\">Custom 30208, 30310<\/td>\n<td data-start=\"3247\" data-end=\"3300\" data-col-size=\"md\">Raskaat auto- ja teollisuussovellukset<\/td>\n<\/tr>\n<tr data-start=\"3301\" data-end=\"3380\">\n<td data-start=\"3301\" data-end=\"3320\" data-col-size=\"sm\">Pallomainen rulla<\/td>\n<td data-start=\"3320\" data-end=\"3342\" data-col-size=\"sm\">Mukautettu 22220, 22322<\/td>\n<td data-start=\"3342\" data-end=\"3380\" data-col-size=\"md\">Kaivos-, ter\u00e4s- ja paperikoneet<\/td>\n<\/tr>\n<tr data-start=\"3381\" data-end=\"3461\">\n<td data-start=\"3381\" data-end=\"3396\" data-col-size=\"sm\">Tyynylohko<\/td>\n<td data-start=\"3396\" data-end=\"3420\" data-col-size=\"sm\">Mukautettu UCP206, UCF208<\/td>\n<td data-start=\"3420\" data-end=\"3461\" data-col-size=\"md\">Asennettu tuki kuljettimiin ja puhaltimiin<\/td>\n<\/tr>\n<\/tbody>\n<\/table>\n<\/div>\n<\/div>\n<p data-start=\"3463\" data-end=\"3577\"><strong data-start=\"3463\" data-end=\"3472\">Huom:<\/strong> Kaikki mitat, materiaalit ja kokoonpanot voidaan r\u00e4\u00e4t\u00e4l\u00f6id\u00e4 vastaamaan erityisi\u00e4 toiminnallisia vaatimuksia.<\/p>\n<h2 data-start=\"3584\" data-end=\"3607\"><strong data-start=\"3587\" data-end=\"3607\">Miksi valita Wonzh<\/strong><\/h2>\n<ul data-start=\"3609\" data-end=\"3936\">\n<li data-start=\"3609\" data-end=\"3669\">\n<p data-start=\"3611\" data-end=\"3669\">T\u00e4ydellinen r\u00e4\u00e4t\u00e4l\u00f6inti toiminnallisten vaatimusten mukaan<\/p>\n<\/li>\n<li data-start=\"3670\" data-end=\"3754\">\n<p data-start=\"3672\" data-end=\"3754\">Suunnittelun, materiaalivalintojen ja suorituskyvyn optimoinnin tekninen tuki<\/p>\n<\/li>\n<li data-start=\"3755\" data-end=\"3814\">\n<p data-start=\"3757\" data-end=\"3814\">Laadukas valmistus ISO-standardin mukaisilla prosesseilla<\/p>\n<\/li>\n<li data-start=\"3815\" data-end=\"3890\">\n<p data-start=\"3817\" data-end=\"3890\">Ratkaisut \u00e4\u00e4rimm\u00e4isiin kuormituksiin, l\u00e4mp\u00f6tiloihin ja ymp\u00e4rist\u00f6olosuhteisiin<\/p>\n<\/li>\n<li data-start=\"3891\" data-end=\"3936\">\n<p data-start=\"3893\" data-end=\"3936\">Luotettava toimitusketju ja maailmanlaajuinen toimitus<\/p>\n<\/li>\n<\/ul>\n<h2 data-start=\"3943\" data-end=\"3984\"><strong data-start=\"3946\" data-end=\"3982\">Usein kysytyt kysymykset (FAQ)<\/strong><\/h2>\n<h3 data-start=\"3986\" data-end=\"4041\"><strong data-start=\"3990\" data-end=\"4039\">Q1: Millaisia laakereita voidaan r\u00e4\u00e4t\u00e4l\u00f6id\u00e4?<\/strong><\/h3>\n<p data-start=\"4042\" data-end=\"4154\">Voimme r\u00e4\u00e4t\u00e4l\u00f6id\u00e4 kaikkia yleisimpi\u00e4 laakerityyppej\u00e4, kuten kuula-, rulla-, kartio-, pallo- ja tyynylaakereita.<\/p>\n<h3 data-start=\"4156\" data-end=\"4222\"><strong data-start=\"4160\" data-end=\"4220\">Kysymys 2: Voitteko r\u00e4\u00e4t\u00e4l\u00f6id\u00e4 laakereita \u00e4\u00e4rimm\u00e4isiin ymp\u00e4rist\u00f6ihin?<\/strong><\/h3>\n<p data-start=\"4223\" data-end=\"4354\">Kyll\u00e4. Materiaalit, tiivisteet ja voitelu voidaan valita kest\u00e4m\u00e4\u00e4n korkeita tai matalia l\u00e4mp\u00f6tiloja, suuria kuormia tai saastuneita olosuhteita.<\/p>\n<h3 data-start=\"4356\" data-end=\"4420\"><strong data-start=\"4360\" data-end=\"4418\">Kysymys 3: Mik\u00e4 on tyypillinen toimitusaika r\u00e4\u00e4t\u00e4l\u00f6idyille laakereille?<\/strong><\/h3>\n<p data-start=\"4421\" data-end=\"4541\">L\u00e4pimenoaika riippuu suunnittelun monimutkaisuudesta ja m\u00e4\u00e4r\u00e4st\u00e4. Suunnittelutiimimme antaa aikataulun kunkin projektin perusteella.<\/p>\n<h3 data-start=\"4543\" data-end=\"4609\"><strong data-start=\"4547\" data-end=\"4607\">Q4: Tarjoatteko teknist\u00e4 tukea mukautetuille malleille?<\/strong><\/h3>\n<p data-start=\"4610\" data-end=\"4722\">Kyll\u00e4. Wonzhin insin\u00f6\u00f6rit ty\u00f6skentelev\u00e4t asiakkaiden kanssa suunnittelun, materiaalien, kuormitusluokituksen ja toiminnallisen suorituskyvyn optimoimiseksi.<\/p>\n<h3 data-start=\"4724\" data-end=\"4788\"><strong data-start=\"4728\" data-end=\"4786\">Q5: Onko r\u00e4\u00e4t\u00e4l\u00f6ityj\u00e4 laakereita saatavana pieni\u00e4 m\u00e4\u00e4ri\u00e4?<\/strong><\/h3>\n<p data-start=\"4789\" data-end=\"4863\">Kyll\u00e4. Tuemme sek\u00e4 pieni\u00e4 OEM-sarjoja ett\u00e4 laajamittaista teollista tuotantoa.<\/p>","protected":false},"excerpt":{"rendered":"<p>Wonzhin r\u00e4\u00e4t\u00e4l\u00f6idyt teollisuuslaakerit on suunniteltu t\u00e4ytt\u00e4m\u00e4\u00e4n erikoiskoneiden, raskaiden laitteiden ja suorituskykyisten teollisuussovellusten ainutlaatuiset vaatimukset. Tarkkuutta, kest\u00e4vyytt\u00e4 ja luotettavuutta varten suunnitellut laakerit voidaan r\u00e4\u00e4t\u00e4l\u00f6id\u00e4 koon, materiaalin, kantavuuden, sis\u00e4isen v\u00e4lyksen ja tiivistysvaihtoehtojen osalta.<\/p>","protected":false},"featured_media":1441,"comment_status":"open","ping_status":"closed","template":"","meta":{"site-sidebar-layout":"default","site-content-layout":"","ast-site-content-layout":"default","site-content-style":"default","site-sidebar-style":"default","ast-global-header-display":"","ast-banner-title-visibility":"","ast-main-header-display":"","ast-hfb-above-header-display":"","ast-hfb-below-header-display":"","ast-hfb-mobile-header-display":"","site-post-title":"","ast-breadcrumbs-content":"","ast-featured-img":"","footer-sml-layout":"","ast-disable-related-posts":"","theme-transparent-header-meta":"default","adv-header-id-meta":"","stick-header-meta":"default","header-above-stick-meta":"","header-main-stick-meta":"","header-below-stick-meta":"","astra-migrate-meta-layouts":"set","ast-page-background-enabled":"default","ast-page-background-meta":{"desktop":{"background-color":"","background-image":"","background-repeat":"repeat","background-position":"center center","background-size":"auto","background-attachment":"scroll","background-type":"","background-media":"","overlay-type":"","overlay-color":"","overlay-opacity":"","overlay-gradient":""},"tablet":{"background-color":"","background-image":"","background-repeat":"repeat","background-position":"center center","background-size":"auto","background-attachment":"scroll","background-type":"","background-media":"","overlay-type":"","overlay-color":"","overlay-opacity":"","overlay-gradient":""},"mobile":{"background-color":"","background-image":"","background-repeat":"repeat","background-position":"center center","background-size":"auto","background-attachment":"scroll","background-type":"","background-media":"","overlay-type":"","overlay-color":"","overlay-opacity":"","overlay-gradient":""}},"ast-content-background-meta":{"desktop":{"background-color":"var(--ast-global-color-5)","background-image":"","background-repeat":"repeat","background-position":"center center","background-size":"auto","background-attachment":"scroll","background-type":"","background-media":"","overlay-type":"","overlay-color":"","overlay-opacity":"","overlay-gradient":""},"tablet":{"background-color":"var(--ast-global-color-5)","background-image":"","background-repeat":"repeat","background-position":"center center","background-size":"auto","background-attachment":"scroll","background-type":"","background-media":"","overlay-type":"","overlay-color":"","overlay-opacity":"","overlay-gradient":""},"mobile":{"background-color":"var(--ast-global-color-5)","background-image":"","background-repeat":"repeat","background-position":"center center","background-size":"auto","background-attachment":"scroll","background-type":"","background-media":"","overlay-type":"","overlay-color":"","overlay-opacity":"","overlay-gradient":""}}},"product_brand":[],"product_cat":[15],"product_tag":[180,148,175,184,186,178,185,152,177,166,179,181,183,176,182],"class_list":{"0":"post-1440","1":"product","2":"type-product","3":"status-publish","4":"has-post-thumbnail","6":"product_cat-bearings-bearing-components","7":"product_tag-ball-bearing","8":"product_tag-bearing-manufacturer-china","9":"product_tag-custom-industrial-bearing","10":"product_tag-custom-load-bearing","11":"product_tag-engineering-bearing-solution","12":"product_tag-heavy-duty-bearing","13":"product_tag-high-performance-bearing","14":"product_tag-industrial-components","15":"product_tag-oem-bearing","16":"product_tag-pillow-block-bearing","17":"product_tag-precision-bearing","18":"product_tag-roller-bearing","19":"product_tag-spherical-bearing","20":"product_tag-tailored-bearing","21":"product_tag-tapered-bearing","22":"desktop-align-left","23":"tablet-align-left","24":"mobile-align-left","26":"first","27":"instock","28":"shipping-taxable","29":"product-type-simple"},"_links":{"self":[{"href":"https:\/\/www.wonzh.com\/fi\/wp-json\/wp\/v2\/product\/1440","targetHints":{"allow":["GET"]}}],"collection":[{"href":"https:\/\/www.wonzh.com\/fi\/wp-json\/wp\/v2\/product"}],"about":[{"href":"https:\/\/www.wonzh.com\/fi\/wp-json\/wp\/v2\/types\/product"}],"replies":[{"embeddable":true,"href":"https:\/\/www.wonzh.com\/fi\/wp-json\/wp\/v2\/comments?post=1440"}],"wp:featuredmedia":[{"embeddable":true,"href":"https:\/\/www.wonzh.com\/fi\/wp-json\/wp\/v2\/media\/1441"}],"wp:attachment":[{"href":"https:\/\/www.wonzh.com\/fi\/wp-json\/wp\/v2\/media?parent=1440"}],"wp:term":[{"taxonomy":"product_brand","embeddable":true,"href":"https:\/\/www.wonzh.com\/fi\/wp-json\/wp\/v2\/product_brand?post=1440"},{"taxonomy":"product_cat","embeddable":true,"href":"https:\/\/www.wonzh.com\/fi\/wp-json\/wp\/v2\/product_cat?post=1440"},{"taxonomy":"product_tag","embeddable":true,"href":"https:\/\/www.wonzh.com\/fi\/wp-json\/wp\/v2\/product_tag?post=1440"}],"curies":[{"name":"wp","href":"https:\/\/api.w.org\/{rel}","templated":true}]}}