{"id":1428,"date":"2026-02-02T14:54:21","date_gmt":"2026-02-02T14:54:21","guid":{"rendered":"https:\/\/www.wonzh.com\/?post_type=product&#038;p=1428"},"modified":"2026-02-02T15:07:33","modified_gmt":"2026-02-02T15:07:33","slug":"industrial-tapered-roller-bearings-for-heavy-load-and-high-reliability-applications","status":"publish","type":"product","link":"https:\/\/www.wonzh.com\/fi\/product\/industrial-tapered-roller-bearings-for-heavy-load-and-high-reliability-applications\/","title":{"rendered":"Teollisuuden kartiorullalaakerit raskaaseen kuormitukseen ja korkean luotettavuuden sovelluksiin"},"content":{"rendered":"<p data-start=\"588\" data-end=\"902\">Wonzhin toimittamat kartiorullalaakerit ovat tarkkuutta vaativia vierint\u00e4laakereita, jotka on suunniteltu kantamaan sek\u00e4 s\u00e4teitt\u00e4isi\u00e4 ett\u00e4 aksiaalisia kuormia yhteen suuntaan. Kartiomaisen geometriansa ansiosta n\u00e4m\u00e4 laakerit tarjoavat erinomaisen kuormankantokyvyn, suuren j\u00e4ykkyyden ja erinomaisen kest\u00e4vyyden raskaissa k\u00e4ytt\u00f6olosuhteissa.<\/p>\n<p data-start=\"904\" data-end=\"1327\">Wonzh-kartiorullalaakerit on valmistettu korkealaatuisesta laakeriter\u00e4ksest\u00e4, kuten GCr15 (AISI 52100 vastaava), ja ne on k\u00e4sitelty kehittyneell\u00e4 l\u00e4mp\u00f6k\u00e4sittelyll\u00e4 ja tarkkuushionnalla, ja ne tarjoavat tasaisen mittatarkkuuden, luotettavan suorituskyvyn ja pitk\u00e4n k\u00e4ytt\u00f6i\u00e4n. Niit\u00e4 k\u00e4ytet\u00e4\u00e4n laajalti autojen akseleissa, vaihteistoissa, rakennuskoneissa, kaivoslaitteissa, teollisuuden vaihteistoissa ja raskaissa py\u00f6riviss\u00e4 koneissa.<\/p>\n<p data-start=\"1329\" data-end=\"1611\">Kokeneena teollisuuskomponenttien toimittajana Wonzh tarjoaa sek\u00e4 vakio- ett\u00e4 r\u00e4\u00e4t\u00e4l\u00f6ityj\u00e4 kartiorullalaakereita. Insin\u00f6\u00f6ritiimimme tukee asiakkaita sopivien kokojen, v\u00e4lysten, materiaalien ja kokoonpanojen valinnassa suorituskyvyn optimoimiseksi todellisissa sovelluksissa.<\/p>\n<h2 data-start=\"1618\" data-end=\"1637\"><strong data-start=\"1621\" data-end=\"1637\">T\u00e4rkeimm\u00e4t ominaisuudet<\/strong><\/h2>\n<ul data-start=\"1639\" data-end=\"1918\">\n<li data-start=\"1639\" data-end=\"1683\">\n<p data-start=\"1641\" data-end=\"1683\">Erinomainen s\u00e4teitt\u00e4inen ja aksiaalinen kuormitettavuus<\/p>\n<\/li>\n<li data-start=\"1684\" data-end=\"1726\">\n<p data-start=\"1686\" data-end=\"1726\">Suuri j\u00e4ykkyys ja rakenteellinen vakaus<\/p>\n<\/li>\n<li data-start=\"1727\" data-end=\"1774\">\n<p data-start=\"1729\" data-end=\"1774\">Vahva isku- ja iskunkest\u00e4vyys<\/p>\n<\/li>\n<li data-start=\"1775\" data-end=\"1831\">\n<p data-start=\"1777\" data-end=\"1831\">Soveltuu raskaaseen k\u00e4ytt\u00f6\u00f6n ja korkean v\u00e4\u00e4nt\u00f6momentin sovelluksiin.<\/p>\n<\/li>\n<li data-start=\"1832\" data-end=\"1877\">\n<p data-start=\"1834\" data-end=\"1877\">Pitk\u00e4 k\u00e4ytt\u00f6ik\u00e4 asianmukaisella voitelulla<\/p>\n<\/li>\n<li data-start=\"1878\" data-end=\"1918\">\n<p data-start=\"1880\" data-end=\"1918\">Saatavana r\u00e4\u00e4t\u00e4l\u00f6ityj\u00e4 kokoja ja materiaaleja<\/p>\n<\/li>\n<\/ul>\n<h2 data-start=\"1925\" data-end=\"1952\"><strong data-start=\"1928\" data-end=\"1952\">Tyypilliset sovellukset<\/strong><\/h2>\n<ul data-start=\"1954\" data-end=\"2180\">\n<li data-start=\"1954\" data-end=\"1989\">\n<p data-start=\"1956\" data-end=\"1989\">Autojen akselit ja py\u00f6r\u00e4n navat<\/p>\n<\/li>\n<li data-start=\"1990\" data-end=\"2016\">\n<p data-start=\"1992\" data-end=\"2016\">Vaihteet ja alennusvaihteet<\/p>\n<\/li>\n<li data-start=\"2017\" data-end=\"2054\">\n<p data-start=\"2019\" data-end=\"2054\">Kaivos- ja rakennuskoneet<\/p>\n<\/li>\n<li data-start=\"2055\" data-end=\"2083\">\n<p data-start=\"2057\" data-end=\"2083\">Teollisuuden voimansiirrot<\/p>\n<\/li>\n<li data-start=\"2084\" data-end=\"2132\">\n<p data-start=\"2086\" data-end=\"2132\">Raskaat laitteet ja voimantuotantoj\u00e4rjestelm\u00e4t<\/p>\n<\/li>\n<li data-start=\"2133\" data-end=\"2180\">\n<p data-start=\"2135\" data-end=\"2180\">Ter\u00e4stehtaat ja materiaalink\u00e4sittelylaitteet<\/p>\n<\/li>\n<\/ul>\n<h2 data-start=\"2187\" data-end=\"2239\"><strong data-start=\"2190\" data-end=\"2237\">Tekniset parametrit (edustava alue)<\/strong><\/h2>\n<div class=\"TyagGW_tableContainer\">\n<div class=\"group TyagGW_tableWrapper flex flex-col-reverse w-fit\" tabindex=\"-1\">\n<table class=\"w-fit min-w-(--thread-content-width)\" data-start=\"2241\" data-end=\"2765\">\n<thead data-start=\"2241\" data-end=\"2278\">\n<tr data-start=\"2241\" data-end=\"2278\">\n<th data-start=\"2241\" data-end=\"2253\" data-col-size=\"sm\">Parametri<\/th>\n<th data-start=\"2253\" data-end=\"2278\" data-col-size=\"md\">Tekniset tiedot \/ valikoima<\/th>\n<\/tr>\n<\/thead>\n<tbody data-start=\"2289\" data-end=\"2765\">\n<tr data-start=\"2289\" data-end=\"2330\">\n<td data-start=\"2289\" data-end=\"2304\" data-col-size=\"sm\">Laakerityyppi<\/td>\n<td data-col-size=\"md\" data-start=\"2304\" data-end=\"2330\">Kartiorullalaakeri<\/td>\n<\/tr>\n<tr data-start=\"2331\" data-end=\"2398\">\n<td data-start=\"2331\" data-end=\"2342\" data-col-size=\"sm\">Materiaali<\/td>\n<td data-col-size=\"md\" data-start=\"2342\" data-end=\"2398\">GCr15 (AISI 52100 vastaava) tai erikoisseosteinen ter\u00e4s.<\/td>\n<\/tr>\n<tr data-start=\"2399\" data-end=\"2434\">\n<td data-start=\"2399\" data-end=\"2416\" data-col-size=\"sm\">Porauskoko (ID)<\/td>\n<td data-start=\"2416\" data-end=\"2434\" data-col-size=\"md\">20 mm - 300 mm<\/td>\n<\/tr>\n<tr data-start=\"2435\" data-end=\"2475\">\n<td data-start=\"2435\" data-end=\"2457\" data-col-size=\"sm\">Ulkohalkaisija (OD)<\/td>\n<td data-start=\"2457\" data-end=\"2475\" data-col-size=\"md\">47 mm - 600 mm<\/td>\n<\/tr>\n<tr data-start=\"2476\" data-end=\"2522\">\n<td data-start=\"2476\" data-end=\"2488\" data-col-size=\"sm\">Kuormitustyyppi<\/td>\n<td data-start=\"2488\" data-end=\"2522\" data-col-size=\"md\">Radiaalinen + aksiaalinen (yksi suunta)<\/td>\n<\/tr>\n<tr data-start=\"2523\" data-end=\"2575\">\n<td data-start=\"2523\" data-end=\"2542\" data-col-size=\"sm\">Nopeuskapasiteetti<\/td>\n<td data-start=\"2542\" data-end=\"2575\" data-col-size=\"md\">Keskinopeus (riippuu kuormituksesta)<\/td>\n<\/tr>\n<tr data-start=\"2576\" data-end=\"2619\">\n<td data-start=\"2576\" data-end=\"2600\" data-col-size=\"sm\">K\u00e4ytt\u00f6l\u00e4mp\u00f6tila<\/td>\n<td data-start=\"2600\" data-end=\"2619\" data-col-size=\"md\">-20\u00b0C - +120\u00b0C<\/td>\n<\/tr>\n<tr data-start=\"2620\" data-end=\"2669\">\n<td data-start=\"2620\" data-end=\"2632\" data-col-size=\"sm\">Tyhjennys<\/td>\n<td data-start=\"2632\" data-end=\"2669\" data-col-size=\"md\">Mukautettavissa sovelluksen mukaan<\/td>\n<\/tr>\n<tr data-start=\"2670\" data-end=\"2733\">\n<td data-start=\"2670\" data-end=\"2686\" data-col-size=\"sm\">Konfigurointi<\/td>\n<td data-start=\"2686\" data-end=\"2733\" data-col-size=\"md\">Saatavana yksirivinen, pari- tai kaksirivinen.<\/td>\n<\/tr>\n<tr data-start=\"2734\" data-end=\"2765\">\n<td data-start=\"2734\" data-end=\"2748\" data-col-size=\"sm\">Voitelu<\/td>\n<td data-start=\"2748\" data-end=\"2765\" data-col-size=\"md\">Rasva tai \u00f6ljy<\/td>\n<\/tr>\n<\/tbody>\n<\/table>\n<\/div>\n<\/div>\n<h2 data-start=\"2772\" data-end=\"2808\"><strong data-start=\"2775\" data-end=\"2808\">Edustavat malliesimerkit<\/strong><\/h2>\n<p data-start=\"2810\" data-end=\"2871\"><em data-start=\"2810\" data-end=\"2871\">(Vain viitteeksi - t\u00e4ydellinen luettelo saatavana pyynn\u00f6st\u00e4.)<\/em><\/p>\n<div class=\"TyagGW_tableContainer\">\n<div class=\"group TyagGW_tableWrapper flex flex-col-reverse w-fit\" tabindex=\"-1\">\n<table class=\"w-fit min-w-(--thread-content-width)\" data-start=\"2873\" data-end=\"3217\">\n<thead data-start=\"2873\" data-end=\"2914\">\n<tr data-start=\"2873\" data-end=\"2914\">\n<th data-start=\"2873\" data-end=\"2882\" data-col-size=\"sm\">Sarja<\/th>\n<th data-start=\"2882\" data-end=\"2899\" data-col-size=\"sm\">Esimerkkimallit<\/th>\n<th data-start=\"2899\" data-end=\"2914\" data-col-size=\"sm\">Tyypillinen k\u00e4ytt\u00f6<\/th>\n<\/tr>\n<\/thead>\n<tbody data-start=\"2929\" data-end=\"3217\">\n<tr data-start=\"2929\" data-end=\"2993\">\n<td data-start=\"2929\" data-end=\"2942\" data-col-size=\"sm\">302-sarja<\/td>\n<td data-start=\"2942\" data-end=\"2964\" data-col-size=\"sm\">30205, 30206, 30208<\/td>\n<td data-start=\"2964\" data-end=\"2993\" data-col-size=\"sm\">Kevyet tai keskisuuret koneet<\/td>\n<\/tr>\n<tr data-start=\"2994\" data-end=\"3050\">\n<td data-start=\"2994\" data-end=\"3007\" data-col-size=\"sm\">303-sarja<\/td>\n<td data-start=\"3007\" data-end=\"3022\" data-col-size=\"sm\">30306, 30308<\/td>\n<td data-start=\"3022\" data-end=\"3050\" data-col-size=\"sm\">Teollisuuden voimansiirrot<\/td>\n<\/tr>\n<tr data-start=\"3051\" data-end=\"3103\">\n<td data-start=\"3051\" data-end=\"3064\" data-col-size=\"sm\">322-sarja<\/td>\n<td data-col-size=\"sm\" data-start=\"3064\" data-end=\"3079\">32208, 32210<\/td>\n<td data-col-size=\"sm\" data-start=\"3079\" data-end=\"3103\">Raskaat vaihteistot<\/td>\n<\/tr>\n<tr data-start=\"3104\" data-end=\"3162\">\n<td data-start=\"3104\" data-end=\"3117\" data-col-size=\"sm\">323-sarja<\/td>\n<td data-start=\"3117\" data-end=\"3132\" data-col-size=\"sm\">32308, 32310<\/td>\n<td data-start=\"3132\" data-end=\"3162\" data-col-size=\"sm\">Kaivos- ja ter\u00e4slaitteet<\/td>\n<\/tr>\n<tr data-start=\"3163\" data-end=\"3217\">\n<td data-start=\"3163\" data-end=\"3176\" data-col-size=\"sm\">329-sarja<\/td>\n<td data-start=\"3176\" data-end=\"3191\" data-col-size=\"sm\">32908, 32910<\/td>\n<td data-start=\"3191\" data-end=\"3217\" data-col-size=\"sm\">Korkean kuormituksen sovellukset<\/td>\n<\/tr>\n<\/tbody>\n<\/table>\n<\/div>\n<\/div>\n<p data-start=\"3219\" data-end=\"3311\"><strong data-start=\"3219\" data-end=\"3228\">Huom:<\/strong> Lis\u00e4kokoja, -materiaaleja ja -parikokoonpanoja on saatavana pyynn\u00f6st\u00e4.<\/p>\n<h2 data-start=\"3318\" data-end=\"3341\"><strong data-start=\"3321\" data-end=\"3341\">Miksi valita Wonzh<\/strong><\/h2>\n<ul data-start=\"3343\" data-end=\"3637\">\n<li data-start=\"3343\" data-end=\"3407\">\n<p data-start=\"3345\" data-end=\"3407\">Tiukka laadunvalvonta raaka-aineesta lopputarkastukseen asti<\/p>\n<\/li>\n<li data-start=\"3408\" data-end=\"3460\">\n<p data-start=\"3410\" data-end=\"3460\">Tarkka ty\u00f6st\u00f6 ja vakaa erien yhdenmukaisuus<\/p>\n<\/li>\n<li data-start=\"3461\" data-end=\"3518\">\n<p data-start=\"3463\" data-end=\"3518\">Tekninen tuki kuorman ja sovellusten yhteensovittamiseen<\/p>\n<\/li>\n<li data-start=\"3519\" data-end=\"3580\">\n<p data-start=\"3521\" data-end=\"3580\">Saatavana r\u00e4\u00e4t\u00e4l\u00f6ityj\u00e4 malleja erityisiin k\u00e4ytt\u00f6olosuhteisiin<\/p>\n<\/li>\n<li data-start=\"3581\" data-end=\"3637\">\n<p data-start=\"3583\" data-end=\"3637\">Luotettava toimitusketju ja maailmanlaajuinen toimitusvalmius<\/p>\n<\/li>\n<\/ul>\n<h2 data-start=\"3644\" data-end=\"3685\"><strong data-start=\"3647\" data-end=\"3683\">Usein kysytyt kysymykset (FAQ)<\/strong><\/h2>\n<h3 data-start=\"3687\" data-end=\"3743\"><strong data-start=\"3691\" data-end=\"3741\">Q1: Mihin kartiorullalaakereita k\u00e4ytet\u00e4\u00e4n?<\/strong><\/h3>\n<p data-start=\"3744\" data-end=\"3917\">Kartiorullalaakereita k\u00e4ytet\u00e4\u00e4n yleisesti autojen akseleissa, vaihteistoissa, kaivoskoneissa ja raskaissa teollisuuslaitteissa, joissa esiintyy yhdistettyj\u00e4 s\u00e4teis- ja aksiaalikuormia.<\/p>\n<h3 data-start=\"3919\" data-end=\"3980\"><strong data-start=\"3923\" data-end=\"3978\">Kysymys 2: Pystyv\u00e4tk\u00f6 kartiorullalaakerit k\u00e4sittelem\u00e4\u00e4n raskaita kuormia?<\/strong><\/h3>\n<p data-start=\"3981\" data-end=\"4110\">Kyll\u00e4. Ne soveltuvat kartiomaisen rakenteensa ja suuren kosketuspinta-alansa ansiosta erityisesti suurten kuormitusten ja iskujen kohteisiin.<\/p>\n<h3 data-start=\"4112\" data-end=\"4156\"><strong data-start=\"4116\" data-end=\"4154\">Kysymys 3: Onko paritettuja laakereita saatavilla?<\/strong><\/h3>\n<p data-start=\"4157\" data-end=\"4284\">Kyll\u00e4. Voimme toimittaa yksirivisi\u00e4, vastakkain olevia, vastakkain olevia tai parittaisia kartiorullalaakereita sovelluksen tarpeiden mukaan.<\/p>\n<h3 data-start=\"4286\" data-end=\"4329\"><strong data-start=\"4290\" data-end=\"4327\">Q4: Mit\u00e4 materiaaleja on saatavilla?<\/strong><\/h3>\n<p data-start=\"4330\" data-end=\"4454\">Vakiomateriaali on GCr15 (AISI 52100 vastaava). Pyynn\u00f6st\u00e4 voidaan toimittaa erikoister\u00e4kset ja ruostumattomat vaihtoehdot.<\/p>\n<h3 data-start=\"4456\" data-end=\"4499\"><strong data-start=\"4460\" data-end=\"4497\">Q5: Tuetteko r\u00e4\u00e4t\u00e4l\u00f6inti\u00e4?<\/strong><\/h3>\n<p data-start=\"4500\" data-end=\"4618\">Kyll\u00e4. Wonzh tukee r\u00e4\u00e4t\u00e4l\u00f6ityj\u00e4 kokoja, materiaaleja, v\u00e4lyksi\u00e4 ja kokoonpanoja erityisten suorituskykyvaatimusten t\u00e4ytt\u00e4miseksi.<\/p>","protected":false},"excerpt":{"rendered":"<p>Wonzhin toimittamat kartiorullalaakerit ovat tarkkuutta vaativia vierint\u00e4laakereita, jotka on suunniteltu kantamaan sek\u00e4 s\u00e4teitt\u00e4isi\u00e4 ett\u00e4 aksiaalisia kuormia yhteen suuntaan. Kartiomaisen geometriansa ansiosta n\u00e4m\u00e4 laakerit tarjoavat erinomaisen kuormankantokyvyn, suuren j\u00e4ykkyyden ja erinomaisen kest\u00e4vyyden raskaissa k\u00e4ytt\u00f6olosuhteissa.<\/p>","protected":false},"featured_media":1429,"comment_status":"open","ping_status":"closed","template":"","meta":{"site-sidebar-layout":"default","site-content-layout":"","ast-site-content-layout":"default","site-content-style":"default","site-sidebar-style":"default","ast-global-header-display":"","ast-banner-title-visibility":"","ast-main-header-display":"","ast-hfb-above-header-display":"","ast-hfb-below-header-display":"","ast-hfb-mobile-header-display":"","site-post-title":"","ast-breadcrumbs-content":"","ast-featured-img":"","footer-sml-layout":"","ast-disable-related-posts":"","theme-transparent-header-meta":"default","adv-header-id-meta":"","stick-header-meta":"default","header-above-stick-meta":"","header-main-stick-meta":"","header-below-stick-meta":"","astra-migrate-meta-layouts":"set","ast-page-background-enabled":"default","ast-page-background-meta":{"desktop":{"background-color":"","background-image":"","background-repeat":"repeat","background-position":"center center","background-size":"auto","background-attachment":"scroll","background-type":"","background-media":"","overlay-type":"","overlay-color":"","overlay-opacity":"","overlay-gradient":""},"tablet":{"background-color":"","background-image":"","background-repeat":"repeat","background-position":"center center","background-size":"auto","background-attachment":"scroll","background-type":"","background-media":"","overlay-type":"","overlay-color":"","overlay-opacity":"","overlay-gradient":""},"mobile":{"background-color":"","background-image":"","background-repeat":"repeat","background-position":"center center","background-size":"auto","background-attachment":"scroll","background-type":"","background-media":"","overlay-type":"","overlay-color":"","overlay-opacity":"","overlay-gradient":""}},"ast-content-background-meta":{"desktop":{"background-color":"var(--ast-global-color-5)","background-image":"","background-repeat":"repeat","background-position":"center center","background-size":"auto","background-attachment":"scroll","background-type":"","background-media":"","overlay-type":"","overlay-color":"","overlay-opacity":"","overlay-gradient":""},"tablet":{"background-color":"var(--ast-global-color-5)","background-image":"","background-repeat":"repeat","background-position":"center center","background-size":"auto","background-attachment":"scroll","background-type":"","background-media":"","overlay-type":"","overlay-color":"","overlay-opacity":"","overlay-gradient":""},"mobile":{"background-color":"var(--ast-global-color-5)","background-image":"","background-repeat":"repeat","background-position":"center center","background-size":"auto","background-attachment":"scroll","background-type":"","background-media":"","overlay-type":"","overlay-color":"","overlay-opacity":"","overlay-gradient":""}}},"product_brand":[],"product_cat":[15],"product_tag":[140,165,148,144,139,164,157,136,152,158,153,149,163,162],"class_list":{"0":"post-1428","1":"product","2":"type-product","3":"status-publish","4":"has-post-thumbnail","6":"product_cat-bearings-bearing-components","7":"product_tag-aisi-52100-bearing","8":"product_tag-automotive-axle-bearing","9":"product_tag-bearing-manufacturer-china","10":"product_tag-custom-bearings","11":"product_tag-gcr15-bearing","12":"product_tag-gearbox-bearing","13":"product_tag-heavy-load-bearing","14":"product_tag-industrial-bearings","15":"product_tag-industrial-components","16":"product_tag-mining-machinery-bearing","17":"product_tag-oem-bearings","18":"product_tag-precision-bearings","19":"product_tag-radial-and-axial-bearing","20":"product_tag-tapered-roller-bearing","21":"desktop-align-left","22":"tablet-align-left","23":"mobile-align-left","25":"first","26":"instock","27":"shipping-taxable","28":"product-type-simple"},"_links":{"self":[{"href":"https:\/\/www.wonzh.com\/fi\/wp-json\/wp\/v2\/product\/1428","targetHints":{"allow":["GET"]}}],"collection":[{"href":"https:\/\/www.wonzh.com\/fi\/wp-json\/wp\/v2\/product"}],"about":[{"href":"https:\/\/www.wonzh.com\/fi\/wp-json\/wp\/v2\/types\/product"}],"replies":[{"embeddable":true,"href":"https:\/\/www.wonzh.com\/fi\/wp-json\/wp\/v2\/comments?post=1428"}],"wp:featuredmedia":[{"embeddable":true,"href":"https:\/\/www.wonzh.com\/fi\/wp-json\/wp\/v2\/media\/1429"}],"wp:attachment":[{"href":"https:\/\/www.wonzh.com\/fi\/wp-json\/wp\/v2\/media?parent=1428"}],"wp:term":[{"taxonomy":"product_brand","embeddable":true,"href":"https:\/\/www.wonzh.com\/fi\/wp-json\/wp\/v2\/product_brand?post=1428"},{"taxonomy":"product_cat","embeddable":true,"href":"https:\/\/www.wonzh.com\/fi\/wp-json\/wp\/v2\/product_cat?post=1428"},{"taxonomy":"product_tag","embeddable":true,"href":"https:\/\/www.wonzh.com\/fi\/wp-json\/wp\/v2\/product_tag?post=1428"}],"curies":[{"name":"wp","href":"https:\/\/api.w.org\/{rel}","templated":true}]}}