{"id":273,"date":"2026-01-29T14:22:45","date_gmt":"2026-01-29T14:22:45","guid":{"rendered":"https:\/\/www.wonzh.com\/training\/"},"modified":"2026-02-01T01:38:18","modified_gmt":"2026-02-01T01:38:18","slug":"sovellukset","status":"publish","type":"page","link":"https:\/\/www.wonzh.com\/fi\/applications\/","title":{"rendered":"Sovellukset"},"content":{"rendered":"<div data-elementor-type=\"wp-page\" data-elementor-id=\"273\" class=\"elementor elementor-273\" data-elementor-post-type=\"page\">\n\t\t\t\t<div class=\"elementor-element elementor-element-c8f1513 e-flex e-con-boxed e-con e-parent\" data-id=\"c8f1513\" data-element_type=\"container\" data-e-type=\"container\" data-settings=\"{&quot;background_background&quot;:&quot;classic&quot;}\">\n\t\t\t\t\t<div class=\"e-con-inner\">\n\t\t<div class=\"elementor-element elementor-element-e238a3f e-con-full e-flex e-con e-child\" data-id=\"e238a3f\" data-element_type=\"container\" data-e-type=\"container\">\n\t\t\t\t<div class=\"elementor-element elementor-element-024ca05 elementor-widget elementor-widget-heading\" data-id=\"024ca05\" data-element_type=\"widget\" data-e-type=\"widget\" data-widget_type=\"heading.default\">\n\t\t\t\t<div class=\"elementor-widget-container\">\n\t\t\t\t\t<h1 class=\"elementor-heading-title elementor-size-default\">Sovellukset<\/h1>\t\t\t\t<\/div>\n\t\t\t\t<\/div>\n\t\t\t\t<div class=\"elementor-element elementor-element-66f6130 elementor-widget-divider--view-line elementor-widget elementor-widget-divider\" data-id=\"66f6130\" data-element_type=\"widget\" data-e-type=\"widget\" data-widget_type=\"divider.default\">\n\t\t\t\t<div class=\"elementor-widget-container\">\n\t\t\t\t\t\t\t<div class=\"elementor-divider\">\n\t\t\t<span class=\"elementor-divider-separator\">\n\t\t\t\t\t\t<\/span>\n\t\t<\/div>\n\t\t\t\t\t\t<\/div>\n\t\t\t\t<\/div>\n\t\t\t\t<\/div>\n\t\t\t\t\t<\/div>\n\t\t\t\t<\/div>\n\t\t<div class=\"elementor-element elementor-element-95aaa2c e-flex e-con-boxed e-con e-parent\" data-id=\"95aaa2c\" data-element_type=\"container\" data-e-type=\"container\">\n\t\t\t\t\t<div class=\"e-con-inner\">\n\t\t<div class=\"elementor-element elementor-element-fccb6b4 e-con-full e-flex e-con e-child\" data-id=\"fccb6b4\" data-element_type=\"container\" data-e-type=\"container\">\n\t\t\t\t<div class=\"elementor-element elementor-element-09f4d0c elementor-position-right elementor-vertical-align-middle elementor-widget elementor-widget-image-box\" data-id=\"09f4d0c\" data-element_type=\"widget\" data-e-type=\"widget\" data-widget_type=\"image-box.default\">\n\t\t\t\t<div class=\"elementor-widget-container\">\n\t\t\t\t\t<div class=\"elementor-image-box-wrapper\"><figure class=\"elementor-image-box-img\"><img fetchpriority=\"high\" decoding=\"async\" width=\"1024\" height=\"683\" src=\"https:\/\/www.wonzh.com\/wp-content\/uploads\/2026\/02\/Industrial-Equipment-Parts-for-Real-World-Applications.jpeg\" class=\"attachment-full size-full wp-image-1374\" alt=\"teollisuuslaitteiden osat todellisia sovelluksia varten\" srcset=\"https:\/\/www.wonzh.com\/wp-content\/uploads\/2026\/02\/Industrial-Equipment-Parts-for-Real-World-Applications.jpeg 1024w, https:\/\/www.wonzh.com\/wp-content\/uploads\/2026\/02\/Industrial-Equipment-Parts-for-Real-World-Applications-300x200.jpeg 300w, https:\/\/www.wonzh.com\/wp-content\/uploads\/2026\/02\/Industrial-Equipment-Parts-for-Real-World-Applications-768x512.jpeg 768w, https:\/\/www.wonzh.com\/wp-content\/uploads\/2026\/02\/Industrial-Equipment-Parts-for-Real-World-Applications-600x400.jpeg 600w\" sizes=\"(max-width: 1024px) 100vw, 1024px\" \/><\/figure><div class=\"elementor-image-box-content\"><h2 class=\"elementor-image-box-title\">Teollisuuslaitteiden osat todellisia sovelluksia varten<\/h2><p class=\"elementor-image-box-description\">Henan Wonzh Precision Manufacturing Co., Ltd. toimittaa teollisuuslaitteiden komponentteja ja kulutusosia monenlaisiin k\u00e4ytt\u00f6ymp\u00e4rist\u00f6ihin. Tuotteitamme k\u00e4ytet\u00e4\u00e4n yleisesti laitteiden kunnossapidossa, OEM-valmistuksessa ja MRO-varaosien vaihdossa, mik\u00e4 auttaa asiakkaita yll\u00e4pit\u00e4m\u00e4\u00e4n vakaata toimintaa ja hallitsemaan yll\u00e4pitokustannuksia.\n\nAlla on esitetty keskeiset k\u00e4ytt\u00f6skenaariot, jotka kuvastavat, miten tuotteitamme k\u00e4ytet\u00e4\u00e4n todellisissa teollisuusolosuhteissa.<\/p><\/div><\/div>\t\t\t\t<\/div>\n\t\t\t\t<\/div>\n\t\t\t\t<div class=\"elementor-element elementor-element-1cff81d elementor-widget__width-initial elementor-widget-mobile__width-inherit elementor-position-top elementor-widget elementor-widget-image-box\" data-id=\"1cff81d\" data-element_type=\"widget\" data-e-type=\"widget\" data-widget_type=\"image-box.default\">\n\t\t\t\t<div class=\"elementor-widget-container\">\n\t\t\t\t\t<div class=\"elementor-image-box-wrapper\"><figure class=\"elementor-image-box-img\"><a href=\"#\" tabindex=\"-1\"><img decoding=\"async\" width=\"1536\" height=\"1024\" src=\"https:\/\/www.wonzh.com\/wp-content\/uploads\/2026\/02\/Industrial-Machinery-Maintenance.png\" class=\"attachment-full size-full wp-image-1376\" alt=\"teollisuuskoneiden huolto\" srcset=\"https:\/\/www.wonzh.com\/wp-content\/uploads\/2026\/02\/Industrial-Machinery-Maintenance.png 1536w, https:\/\/www.wonzh.com\/wp-content\/uploads\/2026\/02\/Industrial-Machinery-Maintenance-300x200.png 300w, https:\/\/www.wonzh.com\/wp-content\/uploads\/2026\/02\/Industrial-Machinery-Maintenance-1024x683.png 1024w, https:\/\/www.wonzh.com\/wp-content\/uploads\/2026\/02\/Industrial-Machinery-Maintenance-768x512.png 768w, https:\/\/www.wonzh.com\/wp-content\/uploads\/2026\/02\/Industrial-Machinery-Maintenance-600x400.png 600w\" sizes=\"(max-width: 1536px) 100vw, 1536px\" \/><\/a><\/figure><div class=\"elementor-image-box-content\"><h4 class=\"elementor-image-box-title\"><a href=\"#\">Teollisuuskoneiden huolto<\/a><\/h4><p class=\"elementor-image-box-description\">Teollisuuskoneet vaativat korkean kulumisen ja kriittisten komponenttien s\u00e4\u00e4nn\u00f6llist\u00e4 vaihtamista, jotta niiden toiminta olisi jatkuvaa. Toimitamme laakereita, tiivisteosia, kuluvia osia ja voimansiirron osia, joita k\u00e4ytet\u00e4\u00e4n yleisesti yleisiss\u00e4 teollisuuskoneissa.<\/p><\/div><\/div>\t\t\t\t<\/div>\n\t\t\t\t<\/div>\n\t\t\t\t<div class=\"elementor-element elementor-element-43bee2a elementor-widget__width-initial elementor-widget-mobile__width-inherit elementor-position-top elementor-widget elementor-widget-image-box\" data-id=\"43bee2a\" data-element_type=\"widget\" data-e-type=\"widget\" data-widget_type=\"image-box.default\">\n\t\t\t\t<div class=\"elementor-widget-container\">\n\t\t\t\t\t<div class=\"elementor-image-box-wrapper\"><figure class=\"elementor-image-box-img\"><a href=\"#\" tabindex=\"-1\"><img decoding=\"async\" width=\"1783\" height=\"1191\" src=\"https:\/\/www.wonzh.com\/wp-content\/uploads\/2026\/02\/BoydHydraulicHead.jpg\" class=\"attachment-full size-full wp-image-1377\" alt=\"hydraulinen p\u00e4\u00e4\" srcset=\"https:\/\/www.wonzh.com\/wp-content\/uploads\/2026\/02\/BoydHydraulicHead.jpg 1783w, https:\/\/www.wonzh.com\/wp-content\/uploads\/2026\/02\/BoydHydraulicHead-300x200.jpg 300w, https:\/\/www.wonzh.com\/wp-content\/uploads\/2026\/02\/BoydHydraulicHead-1024x684.jpg 1024w, https:\/\/www.wonzh.com\/wp-content\/uploads\/2026\/02\/BoydHydraulicHead-768x513.jpg 768w, https:\/\/www.wonzh.com\/wp-content\/uploads\/2026\/02\/BoydHydraulicHead-1536x1026.jpg 1536w, https:\/\/www.wonzh.com\/wp-content\/uploads\/2026\/02\/BoydHydraulicHead-600x401.jpg 600w\" sizes=\"(max-width: 1783px) 100vw, 1783px\" \/><\/a><\/figure><div class=\"elementor-image-box-content\"><h4 class=\"elementor-image-box-title\"><a href=\"#\">Hydrauliset ja pneumaattiset j\u00e4rjestelm\u00e4t<\/a><\/h4><p class=\"elementor-image-box-description\">Hydrauliset ja pneumaattiset j\u00e4rjestelm\u00e4t toimivat paineen, l\u00e4mp\u00f6tilan vaihtelun ja tihe\u00e4n liikkeen alaisena. Luotettavat tiivisteet ja tarkkuuskomponentit ovat v\u00e4ltt\u00e4m\u00e4tt\u00f6mi\u00e4 vuotojen ja suorituskyvyn heikkenemisen est\u00e4miseksi.<\/p><\/div><\/div>\t\t\t\t<\/div>\n\t\t\t\t<\/div>\n\t\t\t\t<div class=\"elementor-element elementor-element-3b535ac elementor-widget__width-initial elementor-widget-mobile__width-inherit elementor-position-top elementor-widget elementor-widget-image-box\" data-id=\"3b535ac\" data-element_type=\"widget\" data-e-type=\"widget\" data-widget_type=\"image-box.default\">\n\t\t\t\t<div class=\"elementor-widget-container\">\n\t\t\t\t\t<div class=\"elementor-image-box-wrapper\"><figure class=\"elementor-image-box-img\"><a href=\"#\" tabindex=\"-1\"><img loading=\"lazy\" decoding=\"async\" width=\"750\" height=\"500\" src=\"https:\/\/www.wonzh.com\/wp-content\/uploads\/2026\/02\/industrial-workers-operating-machinery-in-factory.jpg\" class=\"attachment-full size-full wp-image-1378\" alt=\"teollisuusty\u00f6ntekij\u00e4t k\u00e4ytt\u00e4v\u00e4t koneita tehtaassa\" srcset=\"https:\/\/www.wonzh.com\/wp-content\/uploads\/2026\/02\/industrial-workers-operating-machinery-in-factory.jpg 750w, https:\/\/www.wonzh.com\/wp-content\/uploads\/2026\/02\/industrial-workers-operating-machinery-in-factory-300x200.jpg 300w, https:\/\/www.wonzh.com\/wp-content\/uploads\/2026\/02\/industrial-workers-operating-machinery-in-factory-600x400.jpg 600w\" sizes=\"(max-width: 750px) 100vw, 750px\" \/><\/a><\/figure><div class=\"elementor-image-box-content\"><h4 class=\"elementor-image-box-title\"><a href=\"#\">Materiaalink\u00e4sittely- ja nostolaitteet<\/a><\/h4><p class=\"elementor-image-box-description\">Materiaalink\u00e4sittely- ja nostolaitteet toimivat jatkuvassa kuormituksessa ja dynaamisessa rasituksessa. N\u00e4iss\u00e4 j\u00e4rjestelmiss\u00e4 k\u00e4ytett\u00e4vien komponenttien on t\u00e4ytett\u00e4v\u00e4 lujuus-, turvallisuus- ja kest\u00e4vyysvaatimukset.<\/p><\/div><\/div>\t\t\t\t<\/div>\n\t\t\t\t<\/div>\n\t\t\t\t<div class=\"elementor-element elementor-element-ec19072 elementor-widget__width-initial elementor-widget-mobile__width-inherit elementor-position-top elementor-widget elementor-widget-image-box\" data-id=\"ec19072\" data-element_type=\"widget\" data-e-type=\"widget\" data-widget_type=\"image-box.default\">\n\t\t\t\t<div class=\"elementor-widget-container\">\n\t\t\t\t\t<div class=\"elementor-image-box-wrapper\"><figure class=\"elementor-image-box-img\"><a href=\"#\" tabindex=\"-1\"><img loading=\"lazy\" decoding=\"async\" width=\"1200\" height=\"800\" src=\"https:\/\/www.wonzh.com\/wp-content\/uploads\/2026\/02\/OEM.jpg\" class=\"attachment-full size-full wp-image-1379\" alt=\"oem\" srcset=\"https:\/\/www.wonzh.com\/wp-content\/uploads\/2026\/02\/OEM.jpg 1200w, https:\/\/www.wonzh.com\/wp-content\/uploads\/2026\/02\/OEM-300x200.jpg 300w, https:\/\/www.wonzh.com\/wp-content\/uploads\/2026\/02\/OEM-1024x683.jpg 1024w, https:\/\/www.wonzh.com\/wp-content\/uploads\/2026\/02\/OEM-768x512.jpg 768w, https:\/\/www.wonzh.com\/wp-content\/uploads\/2026\/02\/OEM-600x400.jpg 600w\" sizes=\"(max-width: 1200px) 100vw, 1200px\" \/><\/a><\/figure><div class=\"elementor-image-box-content\"><h4 class=\"elementor-image-box-title\"><a href=\"#\">OEM-laitteiden valmistus<\/a><\/h4><p class=\"elementor-image-box-description\">Tuemme alkuper\u00e4isi\u00e4 laitevalmistajia vakiokomponenteilla, korvaavilla ja yhteensopivilla osilla sek\u00e4 piirustusten tai n\u00e4ytteiden perusteella r\u00e4\u00e4t\u00e4l\u00f6idyill\u00e4 osilla.<\/p><\/div><\/div>\t\t\t\t<\/div>\n\t\t\t\t<\/div>\n\t\t\t\t<div class=\"elementor-element elementor-element-f92d5c5 elementor-widget__width-initial elementor-widget-mobile__width-inherit elementor-position-top elementor-widget elementor-widget-image-box\" data-id=\"f92d5c5\" data-element_type=\"widget\" data-e-type=\"widget\" data-widget_type=\"image-box.default\">\n\t\t\t\t<div class=\"elementor-widget-container\">\n\t\t\t\t\t<div class=\"elementor-image-box-wrapper\"><figure class=\"elementor-image-box-img\"><a href=\"#\" tabindex=\"-1\"><img loading=\"lazy\" decoding=\"async\" width=\"500\" height=\"333\" src=\"https:\/\/www.wonzh.com\/wp-content\/uploads\/2026\/02\/MRO.png\" class=\"attachment-full size-full wp-image-1380\" alt=\"mro\" srcset=\"https:\/\/www.wonzh.com\/wp-content\/uploads\/2026\/02\/MRO.png 500w, https:\/\/www.wonzh.com\/wp-content\/uploads\/2026\/02\/MRO-300x200.png 300w\" sizes=\"(max-width: 500px) 100vw, 500px\" \/><\/a><\/figure><div class=\"elementor-image-box-content\"><h4 class=\"elementor-image-box-title\"><a href=\"#\">MRO &amp; varaosien vaihto<\/a><\/h4><p class=\"elementor-image-box-description\">Huoltoryhmille ja MRO-alan ostajille nopea ja tarkka varaosien hankinta on ratkaisevan t\u00e4rke\u00e4\u00e4. Autamme asiakkaita l\u00f6yt\u00e4m\u00e4\u00e4n sopivat varaosat, vaikka alkuper\u00e4iset osanumerot tai piirustukset olisivat puutteellisia.<\/p><\/div><\/div>\t\t\t\t<\/div>\n\t\t\t\t<\/div>\n\t\t\t\t<div class=\"elementor-element elementor-element-9b00271 elementor-widget__width-initial elementor-widget-mobile__width-inherit elementor-position-top elementor-widget elementor-widget-image-box\" data-id=\"9b00271\" data-element_type=\"widget\" data-e-type=\"widget\" data-widget_type=\"image-box.default\">\n\t\t\t\t<div class=\"elementor-widget-container\">\n\t\t\t\t\t<div class=\"elementor-image-box-wrapper\"><figure class=\"elementor-image-box-img\"><a href=\"#\" tabindex=\"-1\"><img loading=\"lazy\" decoding=\"async\" width=\"660\" height=\"439\" src=\"https:\/\/www.wonzh.com\/wp-content\/uploads\/2026\/02\/Transmission.webp\" class=\"attachment-full size-full wp-image-1381\" alt=\"l\u00e4hetys\" srcset=\"https:\/\/www.wonzh.com\/wp-content\/uploads\/2026\/02\/Transmission.webp 660w, https:\/\/www.wonzh.com\/wp-content\/uploads\/2026\/02\/Transmission-300x200.webp 300w, https:\/\/www.wonzh.com\/wp-content\/uploads\/2026\/02\/Transmission-600x399.webp 600w\" sizes=\"(max-width: 660px) 100vw, 660px\" \/><\/a><\/figure><div class=\"elementor-image-box-content\"><h4 class=\"elementor-image-box-title\"><a href=\"#\">Voimansiirto ja voimansiirtoj\u00e4rjestelm\u00e4t<\/a><\/h4><p class=\"elementor-image-box-description\">Mekaanisia voimansiirtoj\u00e4rjestelmi\u00e4 k\u00e4ytet\u00e4\u00e4n laajalti teollisuuslaitteissa. Oikealla komponenttivalinnalla varmistetaan tehokas voimansiirto ja v\u00e4hennet\u00e4\u00e4n j\u00e4rjestelm\u00e4n kulumista.<\/p><\/div><\/div>\t\t\t\t<\/div>\n\t\t\t\t<\/div>\n\t\t\t\t<\/div>\n\t\t\t\t\t<\/div>\n\t\t\t\t<\/div>\n\t\t<div class=\"elementor-element elementor-element-612b94a e-flex e-con-boxed e-con e-parent\" data-id=\"612b94a\" data-element_type=\"container\" data-e-type=\"container\" data-settings=\"{&quot;background_background&quot;:&quot;classic&quot;}\">\n\t\t\t\t\t<div class=\"e-con-inner\">\n\t\t<div class=\"elementor-element elementor-element-0d15ea1 e-con-full e-flex e-con e-child\" data-id=\"0d15ea1\" data-element_type=\"container\" data-e-type=\"container\">\n\t\t\t\t<div class=\"elementor-element elementor-element-2a8ed68 elementor-widget elementor-widget-heading\" data-id=\"2a8ed68\" data-element_type=\"widget\" data-e-type=\"widget\" data-widget_type=\"heading.default\">\n\t\t\t\t<div class=\"elementor-widget-container\">\n\t\t\t\t\t<h6 class=\"elementor-heading-title elementor-size-default\">Miten tuemme hakemustasi<\/h6>\t\t\t\t<\/div>\n\t\t\t\t<\/div>\n\t\t\t\t<div class=\"elementor-element elementor-element-00d2124 elementor-widget elementor-widget-heading\" data-id=\"00d2124\" data-element_type=\"widget\" data-e-type=\"widget\" data-widget_type=\"heading.default\">\n\t\t\t\t<div class=\"elementor-widget-container\">\n\t\t\t\t\t<h5 class=\"elementor-heading-title elementor-size-default\">Tuemme vakio-osia, varaosia, OEM-tuotantoa ja r\u00e4\u00e4t\u00e4l\u00f6ity\u00e4 valmistusta, ja hankinnat perustuvat piirustuksiin, n\u00e4ytteisiin ja sovellusvaatimuksiin. Tiimimme keskittyy selke\u00e4\u00e4n viestint\u00e4\u00e4n ja k\u00e4yt\u00e4nn\u00f6llisiin suosituksiin ja auttaa asiakkaita l\u00f6yt\u00e4m\u00e4\u00e4n sopivat ratkaisut tehokkaasti. Saatavilla on joustavia m\u00e4\u00e4ri\u00e4 sek\u00e4 koetilauksia ett\u00e4 toistuvia toimituksia varten. Jos olet ep\u00e4varma osien spesifikaatioista tai korvaavien osien yhteensopivuudesta, ota rohkeasti yhteytt\u00e4 meihin ja ilmoita sovellustietosi, niin tarkastelemme vaatimuksiasi ja tarjoamme sopivia vaihtoehtoja.<\/h5>\t\t\t\t<\/div>\n\t\t\t\t<\/div>\n\t\t\t\t<div class=\"elementor-element elementor-element-d7df4bf elementor-widget elementor-widget-text-editor\" data-id=\"d7df4bf\" data-element_type=\"widget\" data-e-type=\"widget\" data-widget_type=\"text-editor.default\">\n\t\t\t\t<div class=\"elementor-widget-container\">\n\t\t\t\t\t\t\t\t\t<p>Amet facilisis viverra sapien odio senectus et in nunc eget volutpat adipiscing<\/p>\t\t\t\t\t\t\t\t<\/div>\n\t\t\t\t<\/div>\n\t\t\t\t<div class=\"elementor-element elementor-element-30677dc elementor-align-center elementor-widget elementor-widget-button\" data-id=\"30677dc\" data-element_type=\"widget\" data-e-type=\"widget\" data-widget_type=\"button.default\">\n\t\t\t\t<div class=\"elementor-widget-container\">\n\t\t\t\t\t\t\t\t\t<div class=\"elementor-button-wrapper\">\n\t\t\t\t\t<a class=\"elementor-button elementor-button-link elementor-size-sm\" href=\"mailto:sales@wonzh.com\">\n\t\t\t\t\t\t<span class=\"elementor-button-content-wrapper\">\n\t\t\t\t\t\t\t\t\t<span class=\"elementor-button-text\">Ota meihin yhteytt\u00e4 t\u00e4n\u00e4\u00e4n<\/span>\n\t\t\t\t\t<\/span>\n\t\t\t\t\t<\/a>\n\t\t\t\t<\/div>\n\t\t\t\t\t\t\t\t<\/div>\n\t\t\t\t<\/div>\n\t\t\t\t<\/div>\n\t\t\t\t\t<\/div>\n\t\t\t\t<\/div>\n\t\t\t\t<\/div>","protected":false},"excerpt":{"rendered":"<p>Applications Industrial Equipment Parts for Real-World Applications Henan Wonzh Precision Manufacturing Co., Ltd. supplies industrial equipment components and wear parts for a wide range of operating environments. Our products are commonly used in equipment maintenance, OEM manufacturing, and MRO spare parts replacement, helping customers maintain stable operation and control maintenance costs. Below are our core [&hellip;]<\/p>\n","protected":false},"author":1,"featured_media":0,"parent":0,"menu_order":0,"comment_status":"closed","ping_status":"closed","template":"","meta":{"site-sidebar-layout":"no-sidebar","site-content-layout":"page-builder","ast-site-content-layout":"default","site-content-style":"default","site-sidebar-style":"default","ast-global-header-display":"","ast-banner-title-visibility":"","ast-main-header-display":"","ast-hfb-above-header-display":"","ast-hfb-below-header-display":"","ast-hfb-mobile-header-display":"","site-post-title":"disabled","ast-breadcrumbs-content":"disabled","ast-featured-img":"disabled","footer-sml-layout":"","ast-disable-related-posts":"","theme-transparent-header-meta":"enabled","adv-header-id-meta":"","stick-header-meta":"","header-above-stick-meta":"","header-main-stick-meta":"","header-below-stick-meta":"","astra-migrate-meta-layouts":"default","ast-page-background-enabled":"default","ast-page-background-meta":{"desktop":{"background-color":"","background-image":"","background-repeat":"repeat","background-position":"center center","background-size":"auto","background-attachment":"scroll","background-type":"","background-media":"","overlay-type":"","overlay-color":"","overlay-opacity":"","overlay-gradient":""},"tablet":{"background-color":"","background-image":"","background-repeat":"repeat","background-position":"center center","background-size":"auto","background-attachment":"scroll","background-type":"","background-media":"","overlay-type":"","overlay-color":"","overlay-opacity":"","overlay-gradient":""},"mobile":{"background-color":"","background-image":"","background-repeat":"repeat","background-position":"center center","background-size":"auto","background-attachment":"scroll","background-type":"","background-media":"","overlay-type":"","overlay-color":"","overlay-opacity":"","overlay-gradient":""}},"ast-content-background-meta":{"desktop":{"background-color":"var(--ast-global-color-5)","background-image":"","background-repeat":"repeat","background-position":"center center","background-size":"auto","background-attachment":"scroll","background-type":"","background-media":"","overlay-type":"","overlay-color":"","overlay-opacity":"","overlay-gradient":""},"tablet":{"background-color":"var(--ast-global-color-5)","background-image":"","background-repeat":"repeat","background-position":"center center","background-size":"auto","background-attachment":"scroll","background-type":"","background-media":"","overlay-type":"","overlay-color":"","overlay-opacity":"","overlay-gradient":""},"mobile":{"background-color":"var(--ast-global-color-5)","background-image":"","background-repeat":"repeat","background-position":"center center","background-size":"auto","background-attachment":"scroll","background-type":"","background-media":"","overlay-type":"","overlay-color":"","overlay-opacity":"","overlay-gradient":""}},"footnotes":""},"class_list":["post-273","page","type-page","status-publish","hentry"],"_links":{"self":[{"href":"https:\/\/www.wonzh.com\/fi\/wp-json\/wp\/v2\/pages\/273","targetHints":{"allow":["GET"]}}],"collection":[{"href":"https:\/\/www.wonzh.com\/fi\/wp-json\/wp\/v2\/pages"}],"about":[{"href":"https:\/\/www.wonzh.com\/fi\/wp-json\/wp\/v2\/types\/page"}],"author":[{"embeddable":true,"href":"https:\/\/www.wonzh.com\/fi\/wp-json\/wp\/v2\/users\/1"}],"replies":[{"embeddable":true,"href":"https:\/\/www.wonzh.com\/fi\/wp-json\/wp\/v2\/comments?post=273"}],"version-history":[{"count":10,"href":"https:\/\/www.wonzh.com\/fi\/wp-json\/wp\/v2\/pages\/273\/revisions"}],"predecessor-version":[{"id":1384,"href":"https:\/\/www.wonzh.com\/fi\/wp-json\/wp\/v2\/pages\/273\/revisions\/1384"}],"wp:attachment":[{"href":"https:\/\/www.wonzh.com\/fi\/wp-json\/wp\/v2\/media?parent=273"}],"curies":[{"name":"wp","href":"https:\/\/api.w.org\/{rel}","templated":true}]}}