{"id":2155,"date":"2026-04-29T15:46:24","date_gmt":"2026-04-29T15:46:24","guid":{"rendered":"https:\/\/www.wonzh.com\/?post_type=product&#038;p=2155"},"modified":"2026-04-29T15:46:25","modified_gmt":"2026-04-29T15:46:25","slug":"dfw-series-cable-branch-box-outdoor-indoor-underground-fully-insulated-cable-distribution-junction-box-for-power-cable-network-system","status":"publish","type":"product","link":"https:\/\/www.wonzh.com\/es\/product\/dfw-series-cable-branch-box-outdoor-indoor-underground-fully-insulated-cable-distribution-junction-box-for-power-cable-network-system\/","title":{"rendered":"Caja de derivaci\u00f3n de cable serie DFW (caja de derivaci\u00f3n de distribuci\u00f3n de cable totalmente aislada para exterior\/interior\/subterr\u00e1nea para sistema de red de cable de alimentaci\u00f3n)"},"content":{"rendered":"<p data-start=\"267\" data-end=\"438\">La caja de derivaci\u00f3n de cables de la serie DFW es un dispositivo vers\u00e1til de distribuci\u00f3n y conexi\u00f3n de cables de media y baja tensi\u00f3n, dise\u00f1ado para los modernos sistemas de redes de cables el\u00e9ctricos.<\/p>\n<p data-start=\"440\" data-end=\"483\">Est\u00e1 disponible en m\u00faltiples configuraciones:<\/p>\n<ul data-start=\"484\" data-end=\"585\">\n<li data-section-id=\"1b1rycm\" data-start=\"484\" data-end=\"518\">Caja de derivaci\u00f3n de cable tipo americano<\/li>\n<li data-section-id=\"4zhipb\" data-start=\"519\" data-end=\"553\">Caja de derivaci\u00f3n de cable de tipo europeo<\/li>\n<li data-section-id=\"1y53ypx\" data-start=\"554\" data-end=\"585\">Caja de derivaci\u00f3n tipo interruptor de carga<\/li>\n<\/ul>\n<p data-start=\"587\" data-end=\"610\">Se puede instalar en:<\/p>\n<ul data-start=\"611\" data-end=\"688\">\n<li data-section-id=\"ogmok6\" data-start=\"611\" data-end=\"635\">Entornos exteriores<\/li>\n<li data-section-id=\"1ga8o2c\" data-start=\"636\" data-end=\"658\">Subestaciones interiores<\/li>\n<li data-section-id=\"4gvg0a\" data-start=\"659\" data-end=\"688\">Instalaciones subterr\u00e1neas<\/li>\n<\/ul>\n<p data-start=\"690\" data-end=\"738\">El sistema se utiliza para conectar cables de alimentaci\u00f3n con:<\/p>\n<ul data-start=\"739\" data-end=\"850\">\n<li data-section-id=\"1wb0xsk\" data-start=\"739\" data-end=\"767\">Transformadores sobre pedestal<\/li>\n<li data-section-id=\"204qt5\" data-start=\"768\" data-end=\"792\">Armarios de distribuci\u00f3n de carga<\/li>\n<li data-section-id=\"1n6bpa2\" data-start=\"793\" data-end=\"824\">Combinaci\u00f3n de fusibles<\/li>\n<li data-section-id=\"1nbsyjz\" data-start=\"825\" data-end=\"850\">Unidades principales de anillo (RMU)<\/li>\n<\/ul>\n<p data-start=\"852\" data-end=\"955\">\ud83d\udc49 Proporciona funciones de ramificaci\u00f3n, distribuci\u00f3n, transferencia e interconexi\u00f3n de cables de alimentaci\u00f3n.<\/p>\n<hr data-start=\"957\" data-end=\"960\" \/>\n<h2 data-section-id=\"17fvu7l\" data-start=\"962\" data-end=\"980\">Caracter\u00edsticas principales<\/h2>\n<h3 data-section-id=\"83kma6\" data-start=\"982\" data-end=\"1022\">\u2714 Integraci\u00f3n flexible de redes de cable<\/h3>\n<ul data-start=\"1023\" data-end=\"1127\">\n<li data-section-id=\"1xveqe0\" data-start=\"1023\" data-end=\"1076\">Admite m\u00faltiples configuraciones de conexi\u00f3n por cable<\/li>\n<li data-section-id=\"qn3ivt\" data-start=\"1077\" data-end=\"1127\">Compatible con diversos equipos de distribuci\u00f3n<\/li>\n<\/ul>\n<p data-start=\"1129\" data-end=\"1174\">\ud83d\udc49 Permite una ampliaci\u00f3n flexible de la red el\u00e9ctrica<\/p>\n<hr data-start=\"1176\" data-end=\"1179\" \/>\n<h3 data-section-id=\"eb4elr\" data-start=\"1181\" data-end=\"1218\">\u2714 Dise\u00f1o totalmente aislado y sellado<\/h3>\n<ul data-start=\"1219\" data-end=\"1318\">\n<li data-section-id=\"j9zwqu\" data-start=\"1219\" data-end=\"1256\">Sistema de conectores de cable premoldeados<\/li>\n<li data-section-id=\"7jmlji\" data-start=\"1257\" data-end=\"1286\">Estructura totalmente aislada<\/li>\n<li data-section-id=\"1p7zya\" data-start=\"1287\" data-end=\"1318\">Totalmente sellado e impermeable<\/li>\n<\/ul>\n<p data-start=\"1320\" data-end=\"1369\">\ud83d\udc49 Garantiza un funcionamiento seguro en entornos dif\u00edciles<\/p>\n<hr data-start=\"1371\" data-end=\"1374\" \/>\n<h3 data-section-id=\"11uvrqb\" data-start=\"1376\" data-end=\"1408\">\u2714 Funcionamiento sin mantenimiento<\/h3>\n<ul data-start=\"1409\" data-end=\"1473\">\n<li data-section-id=\"1s9s2lf\" data-start=\"1409\" data-end=\"1444\">No requiere mantenimiento rutinario<\/li>\n<li data-section-id=\"3m3xcb\" data-start=\"1445\" data-end=\"1473\">Dise\u00f1o de larga vida \u00fatil<\/li>\n<\/ul>\n<p data-start=\"1475\" data-end=\"1518\">Reduce los costes de funcionamiento y mantenimiento<\/p>\n<hr data-start=\"1520\" data-end=\"1523\" \/>\n<h3 data-section-id=\"1yk88wo\" data-start=\"1525\" data-end=\"1554\">\u2714 Altas prestaciones de seguridad<\/h3>\n<ul data-start=\"1555\" data-end=\"1668\">\n<li data-section-id=\"1sbxal4\" data-start=\"1555\" data-end=\"1590\">Conectores aislados a prueba de contacto<\/li>\n<li data-section-id=\"1j4yelu\" data-start=\"1591\" data-end=\"1626\">Dise\u00f1o resistente al agua y al polvo<\/li>\n<li data-section-id=\"xrwnq4\" data-start=\"1627\" data-end=\"1668\">Alta fiabilidad en exteriores<\/li>\n<\/ul>\n<hr data-start=\"1670\" data-end=\"1673\" \/>\n<h3 data-section-id=\"5ae8zy\" data-start=\"1675\" data-end=\"1710\">\u2714 M\u00faltiples opciones de instalaci\u00f3n<\/h3>\n<ul data-start=\"1711\" data-end=\"1789\">\n<li data-section-id=\"1psv4z0\" data-start=\"1711\" data-end=\"1729\">En el suelo<\/li>\n<li data-section-id=\"15dtqpx\" data-start=\"1730\" data-end=\"1753\">Instalaci\u00f3n interior<\/li>\n<li data-section-id=\"drzzpw\" data-start=\"1754\" data-end=\"1789\">Instalaci\u00f3n subterr\u00e1nea enterrada<\/li>\n<\/ul>\n<p data-start=\"1791\" data-end=\"1840\">\ud83d\udc49 Adecuado para diferentes escenarios de ingenier\u00eda<\/p>\n<hr data-start=\"1842\" data-end=\"1845\" \/>\n<h3 data-section-id=\"lo4pv\" data-start=\"1847\" data-end=\"1871\">\u2714 Amplia compatibilidad<\/h3>\n<p data-start=\"1872\" data-end=\"1889\">Puede conectar con:<\/p>\n<ul data-start=\"1890\" data-end=\"2006\">\n<li data-section-id=\"9e8jry\" data-start=\"1890\" data-end=\"1917\">Centros de transformaci\u00f3n<\/li>\n<li data-section-id=\"204qt5\" data-start=\"1918\" data-end=\"1942\">Armarios de distribuci\u00f3n de carga<\/li>\n<li data-section-id=\"17bv308\" data-start=\"1943\" data-end=\"1971\">Sistemas de red en anillo RMU<\/li>\n<li data-section-id=\"1hei0ww\" data-start=\"1972\" data-end=\"2006\">Aparamenta el\u00e9ctrica combinada<\/li>\n<\/ul>\n<hr data-start=\"2008\" data-end=\"2011\" \/>\n<h2 data-section-id=\"1hq6i26\" data-start=\"2013\" data-end=\"2036\">\ud83d\udd39 Dise\u00f1o estructural<\/h2>\n<h3 data-section-id=\"1y35nqk\" data-start=\"2038\" data-end=\"2067\">\ud83d\udd38 Sistema de conectores de cables<\/h3>\n<ul data-start=\"2068\" data-end=\"2151\">\n<li data-section-id=\"alh734\" data-start=\"2068\" data-end=\"2103\">Conectores aislados premoldeados<\/li>\n<li data-section-id=\"1c3b4xr\" data-start=\"2104\" data-end=\"2151\">M\u00faltiples tama\u00f1os y configuraciones disponibles<\/li>\n<\/ul>\n<hr data-start=\"2153\" data-end=\"2156\" \/>\n<h3 data-section-id=\"10wxqng\" data-start=\"2158\" data-end=\"2184\">\ud83d\udd38 Estructura del recinto<\/h3>\n<ul data-start=\"2185\" data-end=\"2286\">\n<li data-section-id=\"3ajclp\" data-start=\"2185\" data-end=\"2214\">Carcasa resistente a la intemperie<\/li>\n<li data-section-id=\"1twjtjg\" data-start=\"2215\" data-end=\"2244\">Protecci\u00f3n anticorrosi\u00f3n<\/li>\n<li data-section-id=\"127ycka\" data-start=\"2245\" data-end=\"2286\">Adecuado para condiciones exteriores duras<\/li>\n<\/ul>\n<hr data-start=\"2288\" data-end=\"2291\" \/>\n<h3 data-section-id=\"1u5i8v2\" data-start=\"2293\" data-end=\"2317\">\ud83d\udd38 Dise\u00f1o funcional<\/h3>\n<ul data-start=\"2318\" data-end=\"2406\">\n<li data-section-id=\"1wjoi39\" data-start=\"2318\" data-end=\"2337\">Derivaci\u00f3n de cables<\/li>\n<li data-section-id=\"1nucvvf\" data-start=\"2338\" data-end=\"2360\">Distribuci\u00f3n de cables<\/li>\n<li data-section-id=\"1o2p1be\" data-start=\"2361\" data-end=\"2379\">Transferencia por cable<\/li>\n<li data-section-id=\"koqqbj\" data-start=\"2380\" data-end=\"2406\">Interconexi\u00f3n de sistemas<\/li>\n<\/ul>\n<hr data-start=\"2408\" data-end=\"2411\" \/>\n<h2 data-section-id=\"15du31k\" data-start=\"2413\" data-end=\"2431\">Aplicaciones<\/h2>\n<p data-start=\"2433\" data-end=\"2476\">La caja de derivaci\u00f3n de cable DFW se utiliza ampliamente en:<\/p>\n<ul data-start=\"2478\" data-end=\"2684\">\n<li data-section-id=\"cptaoa\" data-start=\"2478\" data-end=\"2515\">Redes urbanas de distribuci\u00f3n de electricidad<\/li>\n<li data-section-id=\"16vuyds\" data-start=\"2516\" data-end=\"2544\">Sistemas de cables industriales<\/li>\n<li data-section-id=\"zs3gyb\" data-start=\"2545\" data-end=\"2586\">Infraestructura el\u00e9ctrica residencial<\/li>\n<li data-section-id=\"hfihxt\" data-start=\"2587\" data-end=\"2611\">Edificios comerciales<\/li>\n<li data-section-id=\"rysg9z\" data-start=\"2612\" data-end=\"2653\">Sistemas de distribuci\u00f3n de energ\u00edas renovables<\/li>\n<li data-section-id=\"7b60u9\" data-start=\"2654\" data-end=\"2684\">Redes de cables subterr\u00e1neos<\/li>\n<\/ul>\n<hr data-start=\"2686\" data-end=\"2689\" \/>\n<h2 data-section-id=\"1rg4wz9\" data-start=\"2691\" data-end=\"2715\">\ud83d\udd39 Resumen de ventajas<\/h2>\n<ul data-start=\"2717\" data-end=\"2982\">\n<li data-section-id=\"1cqn87z\" data-start=\"2717\" data-end=\"2757\">Estructura totalmente aislada y sellada<\/li>\n<li data-section-id=\"yjho9c\" data-start=\"2758\" data-end=\"2803\">Sistema de conexi\u00f3n de cables seguro y fiable<\/li>\n<li data-section-id=\"phyv7z\" data-start=\"2804\" data-end=\"2851\">Distribuci\u00f3n flexible y multidireccional de cables<\/li>\n<li data-section-id=\"sjf3fy\" data-start=\"2852\" data-end=\"2905\">Apto para uso interior, exterior y subterr\u00e1neo<\/li>\n<li data-section-id=\"1ysv9yx\" data-start=\"2906\" data-end=\"2936\">Funcionamiento sin mantenimiento<\/li>\n<li data-section-id=\"1azmre0\" data-start=\"2937\" data-end=\"2982\">Ideal para los modernos sistemas de redes por cable<\/li>\n<\/ul>\n<hr data-start=\"2984\" data-end=\"2987\" \/>\n<h1 data-section-id=\"1lxd8kj\" data-start=\"2989\" data-end=\"2996\">PREGUNTAS FRECUENTES<\/h1>\n<h3 data-section-id=\"10d5nh0\" data-start=\"2998\" data-end=\"3046\">1\ufe0f\u20e3 \u00bfPara qu\u00e9 sirve una caja de derivaci\u00f3n de cable DFW?<\/h3>\n<p data-start=\"3048\" data-end=\"3145\">Se utiliza para:<br \/>\n\ud83d\udc49 Distribuci\u00f3n, ramificaci\u00f3n e interconexi\u00f3n de cables en redes de cables el\u00e9ctricos<\/p>\n<hr data-start=\"3147\" data-end=\"3150\" \/>\n<h3 data-section-id=\"m8r8u4\" data-start=\"3152\" data-end=\"3192\">2\ufe0f\u20e3 \u00bfSe puede instalar bajo tierra?<\/h3>\n<p data-start=\"3194\" data-end=\"3262\">S\u00ed, es compatible:<br \/>\n\ud83d\udc49 Instalaci\u00f3n exterior, interior y subterr\u00e1nea.<\/p>\n<hr data-start=\"3264\" data-end=\"3267\" \/>\n<h3 data-section-id=\"3v9qy9\" data-start=\"3269\" data-end=\"3312\">3\ufe0f\u20e3 \u00bfEs seguro el sistema para su uso en exteriores?<\/h3>\n<p data-start=\"3314\" data-end=\"3331\">S\u00ed, lo tiene:<\/p>\n<ul data-start=\"3332\" data-end=\"3420\">\n<li data-section-id=\"1rm48rt\" data-start=\"3332\" data-end=\"3358\">Dise\u00f1o totalmente aislado<\/li>\n<li data-section-id=\"1n1cccd\" data-start=\"3359\" data-end=\"3394\">Estructura impermeable y sellada<\/li>\n<li data-section-id=\"rm0pq9\" data-start=\"3395\" data-end=\"3420\">Conectores seguros al tacto<\/li>\n<\/ul>\n<hr data-start=\"3422\" data-end=\"3425\" \/>\n<h3 data-section-id=\"b3qzgx\" data-start=\"3427\" data-end=\"3463\">4\ufe0f\u20e3 \u00bfNecesita mantenimiento?<\/h3>\n<p data-start=\"3465\" data-end=\"3529\">No, lo es:<br \/>\n\ud83d\udc49 Dise\u00f1o sin mantenimiento con una larga vida \u00fatil<\/p>\n<hr data-start=\"3531\" data-end=\"3534\" \/>\n<h3 data-section-id=\"17drfyl\" data-start=\"3536\" data-end=\"3579\">5\ufe0f\u20e3 \u00bfCon qu\u00e9 equipos se puede conectar?<\/h3>\n<p data-start=\"3581\" data-end=\"3604\">Se puede conectar a:<\/p>\n<ul data-start=\"3605\" data-end=\"3704\">\n<li data-section-id=\"nqkthc\" data-start=\"3605\" data-end=\"3621\">Transformers<\/li>\n<li data-section-id=\"h6gab3\" data-start=\"3622\" data-end=\"3647\">RMU (unidades principales de anillo)<\/li>\n<li data-section-id=\"204qt5\" data-start=\"3648\" data-end=\"3672\">Armarios de distribuci\u00f3n de carga<\/li>\n<li data-section-id=\"rbnifp\" data-start=\"3673\" data-end=\"3704\">Sistemas el\u00e9ctricos combinados<\/li>\n<\/ul>","protected":false},"excerpt":{"rendered":"<p data-start=\"267\" data-end=\"438\">La caja de derivaci\u00f3n de cables de la serie DFW es un dispositivo vers\u00e1til de distribuci\u00f3n y conexi\u00f3n de cables de media y baja tensi\u00f3n, dise\u00f1ado para los modernos sistemas de redes de cables el\u00e9ctricos.<\/p>\n<p data-start=\"440\" data-end=\"483\">Est\u00e1 disponible en m\u00faltiples configuraciones:<\/p>\n<ul data-start=\"484\" data-end=\"585\">\n<li data-section-id=\"1b1rycm\" data-start=\"484\" data-end=\"518\">Caja de derivaci\u00f3n de cable tipo americano<\/li>\n<li data-section-id=\"4zhipb\" data-start=\"519\" data-end=\"553\">Caja de derivaci\u00f3n de cable de tipo europeo<\/li>\n<li data-section-id=\"1y53ypx\" data-start=\"554\" data-end=\"585\">Caja de derivaci\u00f3n tipo interruptor de carga<\/li>\n<\/ul>","protected":false},"featured_media":2158,"comment_status":"open","ping_status":"closed","template":"","meta":{"site-sidebar-layout":"default","site-content-layout":"","ast-site-content-layout":"default","site-content-style":"default","site-sidebar-style":"default","ast-global-header-display":"","ast-banner-title-visibility":"","ast-main-header-display":"","ast-hfb-above-header-display":"","ast-hfb-below-header-display":"","ast-hfb-mobile-header-display":"","site-post-title":"","ast-breadcrumbs-content":"","ast-featured-img":"","footer-sml-layout":"","ast-disable-related-posts":"","theme-transparent-header-meta":"default","adv-header-id-meta":"","stick-header-meta":"","header-above-stick-meta":"","header-main-stick-meta":"","header-below-stick-meta":"","astra-migrate-meta-layouts":"set","ast-page-background-enabled":"default","ast-page-background-meta":{"desktop":{"background-color":"","background-image":"","background-repeat":"repeat","background-position":"center center","background-size":"auto","background-attachment":"scroll","background-type":"","background-media":"","overlay-type":"","overlay-color":"","overlay-opacity":"","overlay-gradient":""},"tablet":{"background-color":"","background-image":"","background-repeat":"repeat","background-position":"center center","background-size":"auto","background-attachment":"scroll","background-type":"","background-media":"","overlay-type":"","overlay-color":"","overlay-opacity":"","overlay-gradient":""},"mobile":{"background-color":"","background-image":"","background-repeat":"repeat","background-position":"center center","background-size":"auto","background-attachment":"scroll","background-type":"","background-media":"","overlay-type":"","overlay-color":"","overlay-opacity":"","overlay-gradient":""}},"ast-content-background-meta":{"desktop":{"background-color":"var(--ast-global-color-5)","background-image":"","background-repeat":"repeat","background-position":"center center","background-size":"auto","background-attachment":"scroll","background-type":"","background-media":"","overlay-type":"","overlay-color":"","overlay-opacity":"","overlay-gradient":""},"tablet":{"background-color":"var(--ast-global-color-5)","background-image":"","background-repeat":"repeat","background-position":"center center","background-size":"auto","background-attachment":"scroll","background-type":"","background-media":"","overlay-type":"","overlay-color":"","overlay-opacity":"","overlay-gradient":""},"mobile":{"background-color":"var(--ast-global-color-5)","background-image":"","background-repeat":"repeat","background-position":"center center","background-size":"auto","background-attachment":"scroll","background-type":"","background-media":"","overlay-type":"","overlay-color":"","overlay-opacity":"","overlay-gradient":""}}},"product_brand":[],"product_cat":[2036,2032],"product_tag":[2164,2165,2163,2170,2167,2171,2169,2166,2172,2168],"class_list":{"0":"post-2155","1":"product","2":"type-product","3":"status-publish","4":"has-post-thumbnail","6":"product_cat-renewable-energy-products","7":"product_cat-electrical-equipment","8":"product_tag-cable-distribution-box","9":"product_tag-cable-junction-box","10":"product_tag-dfw-cable-branch-box","11":"product_tag-electrical-cable-network-equipment","12":"product_tag-fully-insulated-cable-box","13":"product_tag-medium-voltage-cable-system","14":"product_tag-outdoor-cable-branch-cabinet","15":"product_tag-power-cable-branch-system","16":"product_tag-power-distribution-accessories","17":"product_tag-underground-cable-distribution-box","18":"desktop-align-left","19":"tablet-align-left","20":"mobile-align-left","22":"first","23":"instock","24":"shipping-taxable","25":"product-type-simple"},"_links":{"self":[{"href":"https:\/\/www.wonzh.com\/es\/wp-json\/wp\/v2\/product\/2155","targetHints":{"allow":["GET"]}}],"collection":[{"href":"https:\/\/www.wonzh.com\/es\/wp-json\/wp\/v2\/product"}],"about":[{"href":"https:\/\/www.wonzh.com\/es\/wp-json\/wp\/v2\/types\/product"}],"replies":[{"embeddable":true,"href":"https:\/\/www.wonzh.com\/es\/wp-json\/wp\/v2\/comments?post=2155"}],"wp:featuredmedia":[{"embeddable":true,"href":"https:\/\/www.wonzh.com\/es\/wp-json\/wp\/v2\/media\/2158"}],"wp:attachment":[{"href":"https:\/\/www.wonzh.com\/es\/wp-json\/wp\/v2\/media?parent=2155"}],"wp:term":[{"taxonomy":"product_brand","embeddable":true,"href":"https:\/\/www.wonzh.com\/es\/wp-json\/wp\/v2\/product_brand?post=2155"},{"taxonomy":"product_cat","embeddable":true,"href":"https:\/\/www.wonzh.com\/es\/wp-json\/wp\/v2\/product_cat?post=2155"},{"taxonomy":"product_tag","embeddable":true,"href":"https:\/\/www.wonzh.com\/es\/wp-json\/wp\/v2\/product_tag?post=2155"}],"curies":[{"name":"wp","href":"https:\/\/api.w.org\/{rel}","templated":true}]}}