{"id":2153,"date":"2026-04-29T15:31:51","date_gmt":"2026-04-29T15:31:51","guid":{"rendered":"https:\/\/www.wonzh.com\/?post_type=product&#038;p=2153"},"modified":"2026-04-29T15:31:53","modified_gmt":"2026-04-29T15:31:53","slug":"zgs13-wind-solar-power-pad-mounted-step-up-transformer-0-69kv-to-10kv-35kv-compact-substation-transformer-for-renewable-energy-systems","status":"publish","type":"product","link":"https:\/\/www.wonzh.com\/es\/product\/zgs13-wind-solar-power-pad-mounted-step-up-transformer-0-69kv-to-10kv-35kv-compact-substation-transformer-for-renewable-energy-systems\/","title":{"rendered":"ZGS13 Transformador elevador e\u00f3lico y solar (transformador de subestaci\u00f3n compacto de 0,69 kV a 10 kV \/ 35 kV para sistemas de energ\u00eda renovable)"},"content":{"rendered":"<p data-start=\"283\" data-end=\"466\">El transformador elevador espec\u00edfico para energ\u00eda e\u00f3lica y solar de la serie ZGS13 es una unidad de transformador compacta integrada de tipo subestaci\u00f3n dise\u00f1ada para sistemas de generaci\u00f3n de energ\u00eda renovable.<\/p>\n<p data-start=\"468\" data-end=\"532\">Combina los siguientes componentes en una estructura compacta:<\/p>\n<ul data-start=\"533\" data-end=\"630\">\n<li data-section-id=\"159gwlz\" data-start=\"533\" data-end=\"565\">N\u00facleo y bobinado del transformador<\/li>\n<li data-section-id=\"1nd1vfv\" data-start=\"566\" data-end=\"580\">Aparamenta<\/li>\n<li data-section-id=\"1gutmwu\" data-start=\"581\" data-end=\"590\">Fusibles<\/li>\n<li data-section-id=\"1b2jgah\" data-start=\"591\" data-end=\"606\">Cambiador de tomas<\/li>\n<li data-section-id=\"1d1nt9k\" data-start=\"607\" data-end=\"630\">Equipos auxiliares<\/li>\n<\/ul>\n<p data-start=\"632\" data-end=\"762\">La unidad utiliza aceite aislante de transformador como medio de aislamiento y refrigeraci\u00f3n, lo que garantiza un alto rendimiento y un funcionamiento estable.<\/p>\n<p data-start=\"764\" data-end=\"889\">Est\u00e1 dise\u00f1ado para convertir la energ\u00eda generada a partir de:<br \/>\n\ud83d\udc49 0,69kV (0,27-1,14kV)<br data-start=\"839\" data-end=\"842\" \/>en<br data-start=\"846\" data-end=\"849\" \/>\ud83d\udc49 10kV o 35kV nivel de media tensi\u00f3n<\/p>\n<p data-start=\"891\" data-end=\"954\">para la transmisi\u00f3n a la red a trav\u00e9s de cables subterr\u00e1neos o l\u00edneas a\u00e9reas.<\/p>\n<hr data-start=\"956\" data-end=\"959\" \/>\n<h2 data-section-id=\"lmz2ep\" data-start=\"961\" data-end=\"984\">\ud83d\udd39 \u00c1mbito de aplicaci\u00f3n<\/h2>\n<p data-start=\"986\" data-end=\"1001\">Muy utilizado en:<\/p>\n<ul data-start=\"1002\" data-end=\"1152\">\n<li data-section-id=\"2kgmpf\" data-start=\"1002\" data-end=\"1035\">Sistemas de generaci\u00f3n de energ\u00eda e\u00f3lica<\/li>\n<li data-section-id=\"aj1s75\" data-start=\"1036\" data-end=\"1076\">Centrales solares fotovoltaicas<\/li>\n<li data-section-id=\"x0107k\" data-start=\"1077\" data-end=\"1120\">Subestaciones de captaci\u00f3n de energ\u00edas renovables<\/li>\n<li data-section-id=\"dyo4pr\" data-start=\"1121\" data-end=\"1152\">Proyectos de energ\u00eda distribuida<\/li>\n<\/ul>\n<hr data-start=\"1154\" data-end=\"1157\" \/>\n<h2 data-section-id=\"17fvu7l\" data-start=\"1159\" data-end=\"1177\">Caracter\u00edsticas principales<\/h2>\n<h3 data-section-id=\"8xngy4\" data-start=\"1179\" data-end=\"1209\">\u2714 Dise\u00f1o altamente integrado<\/h3>\n<ul data-start=\"1210\" data-end=\"1338\">\n<li data-section-id=\"18mz8ju\" data-start=\"1210\" data-end=\"1282\">Transformador + aparamenta + dispositivos de protecci\u00f3n integrados en una sola unidad<\/li>\n<li data-section-id=\"h1zq8k\" data-start=\"1283\" data-end=\"1338\">Estructura compacta adecuada para la instalaci\u00f3n en exteriores<\/li>\n<\/ul>\n<p data-start=\"1340\" data-end=\"1392\">\ud83d\udc49 Reduce la complejidad del sistema y el coste de instalaci\u00f3n.<\/p>\n<hr data-start=\"1394\" data-end=\"1397\" \/>\n<h3 data-section-id=\"13rpt0v\" data-start=\"1399\" data-end=\"1429\">\u2714 Conversi\u00f3n de potencia escalonada<\/h3>\n<ul data-start=\"1430\" data-end=\"1532\">\n<li data-section-id=\"n0iuwa\" data-start=\"1430\" data-end=\"1490\">Convierte la salida de generaci\u00f3n de baja tensi\u00f3n a media tensi\u00f3n<\/li>\n<li data-section-id=\"1udo1p2\" data-start=\"1491\" data-end=\"1532\">Admite requisitos de conexi\u00f3n a la red<\/li>\n<\/ul>\n<p data-start=\"1534\" data-end=\"1590\">\ud83d\udc49 Esencial para los sistemas de transmisi\u00f3n de energ\u00edas renovables<\/p>\n<hr data-start=\"1592\" data-end=\"1595\" \/>\n<h3 data-section-id=\"dsrx6t\" data-start=\"1597\" data-end=\"1643\">\u2714 Aislamiento sumergido en aceite y sistema de refrigeraci\u00f3n<\/h3>\n<ul data-start=\"1644\" data-end=\"1734\">\n<li data-section-id=\"13xv2st\" data-start=\"1644\" data-end=\"1734\">Utiliza aceite aislante como:\n<ul data-start=\"1672\" data-end=\"1734\">\n<li data-section-id=\"s7zkff\" data-start=\"1672\" data-end=\"1704\">Medio de aislamiento el\u00e9ctrico<\/li>\n<li data-section-id=\"m3lgqs\" data-start=\"1707\" data-end=\"1734\">Medio de disipaci\u00f3n del calor<\/li>\n<\/ul>\n<\/li>\n<\/ul>\n<p data-start=\"1736\" data-end=\"1775\">\ud83d\udc49 Garantiza un funcionamiento estable a largo plazo<\/p>\n<hr data-start=\"1777\" data-end=\"1780\" \/>\n<h3 data-section-id=\"q0elz3\" data-start=\"1782\" data-end=\"1823\">\u2714 Instalaci\u00f3n r\u00e1pida y despliegue sencillo<\/h3>\n<ul data-start=\"1824\" data-end=\"1894\">\n<li data-section-id=\"1oiyy76\" data-start=\"1824\" data-end=\"1856\">Dise\u00f1o premontado en f\u00e1brica<\/li>\n<li data-section-id=\"8zqbpt\" data-start=\"1857\" data-end=\"1894\">M\u00ednimo trabajo de instalaci\u00f3n in situ<\/li>\n<\/ul>\n<p data-start=\"1896\" data-end=\"1938\">\ud83d\udc49 Ideal para parques e\u00f3licos y solares remotos<\/p>\n<hr data-start=\"1940\" data-end=\"1943\" \/>\n<h3 data-section-id=\"1ney3w6\" data-start=\"1945\" data-end=\"1976\">\u2714 Alta seguridad y fiabilidad<\/h3>\n<ul data-start=\"1977\" data-end=\"2059\">\n<li data-section-id=\"18wyaby\" data-start=\"1977\" data-end=\"2005\">Estructura totalmente cerrada<\/li>\n<li data-section-id=\"1yfbqna\" data-start=\"2006\" data-end=\"2059\">Sistema de protecci\u00f3n integrado (fusibles + interruptores)<\/li>\n<\/ul>\n<p data-start=\"2061\" data-end=\"2105\">\ud83d\udc49 Adecuado para entornos exteriores dif\u00edciles<\/p>\n<hr data-start=\"2107\" data-end=\"2110\" \/>\n<h3 data-section-id=\"1ukkhrg\" data-start=\"2112\" data-end=\"2149\">Eficiencia energ\u00e9tica y respeto por el medio ambiente<\/h3>\n<ul data-start=\"2150\" data-end=\"2242\">\n<li data-section-id=\"10oncp9\" data-start=\"2150\" data-end=\"2169\">Dise\u00f1o de bajas p\u00e9rdidas<\/li>\n<li data-section-id=\"19wmozq\" data-start=\"2170\" data-end=\"2203\">Rendimiento t\u00e9rmico optimizado<\/li>\n<li data-section-id=\"14ijk6v\" data-start=\"2204\" data-end=\"2242\">Funcionamiento respetuoso con el medio ambiente<\/li>\n<\/ul>\n<hr data-start=\"2244\" data-end=\"2247\" \/>\n<h3 data-section-id=\"mvgs39\" data-start=\"2249\" data-end=\"2285\">\u2714 Configuraci\u00f3n de tensi\u00f3n flexible<\/h3>\n<p data-start=\"2286\" data-end=\"2295\">Soportes:<\/p>\n<ul data-start=\"2296\" data-end=\"2363\">\n<li data-section-id=\"mzelvn\" data-start=\"2296\" data-end=\"2332\">Entrada de 0,69 kV (intervalo de 0,27-1,14 kV)<\/li>\n<li data-section-id=\"11dvkj3\" data-start=\"2333\" data-end=\"2363\">Opciones de salida de 10kV \/ 35kV<\/li>\n<\/ul>\n<hr data-start=\"2365\" data-end=\"2368\" \/>\n<h2 data-section-id=\"149biba\" data-start=\"2370\" data-end=\"2393\">\ud83d\udd39 Principio de funcionamiento<\/h2>\n<ol data-start=\"2395\" data-end=\"2716\">\n<li data-section-id=\"4w3r9l\" data-start=\"2395\" data-end=\"2477\">La electricidad generada por aerogeneradores o inversores fotovoltaicos entra en el transformador<\/li>\n<li data-section-id=\"1s3j0n7\" data-start=\"2478\" data-end=\"2539\">La tensi\u00f3n pasa de baja a media tensi\u00f3n<\/li>\n<li data-section-id=\"asu5i3\" data-start=\"2540\" data-end=\"2641\">La energ\u00eda se transmite al sistema de recogida a trav\u00e9s de:\n<ul data-start=\"2597\" data-end=\"2641\">\n<li data-section-id=\"1y41j33\" data-start=\"2597\" data-end=\"2619\">Cables subterr\u00e1neos<\/li>\n<li data-section-id=\"1yxobhv\" data-start=\"2623\" data-end=\"2641\">L\u00edneas a\u00e9reas<\/li>\n<\/ul>\n<\/li>\n<li data-section-id=\"fb5a62\" data-start=\"2642\" data-end=\"2716\">La energ\u00eda se suministra a la subestaci\u00f3n e\u00f3lica\/solar para su integraci\u00f3n en la red<\/li>\n<\/ol>\n<hr data-start=\"2718\" data-end=\"2721\" \/>\n<h2 data-section-id=\"1rg4wz9\" data-start=\"2723\" data-end=\"2747\">\ud83d\udd39 Resumen de ventajas<\/h2>\n<ul data-start=\"2749\" data-end=\"3022\">\n<li data-section-id=\"223ev8\" data-start=\"2749\" data-end=\"2807\">Dise\u00f1o compacto integrado para sistemas de energ\u00eda renovable<\/li>\n<li data-section-id=\"3v4amq\" data-start=\"2808\" data-end=\"2847\">Instalaci\u00f3n y puesta en marcha r\u00e1pidas<\/li>\n<li data-section-id=\"1kyl9qx\" data-start=\"2848\" data-end=\"2891\">Alta fiabilidad y seguridad de funcionamiento<\/li>\n<li data-section-id=\"1o44870\" data-start=\"2892\" data-end=\"2935\">Adecuado para entornos exteriores dif\u00edciles<\/li>\n<li data-section-id=\"5k48t5\" data-start=\"2936\" data-end=\"2980\">Admite requisitos de tensi\u00f3n a nivel de red<\/li>\n<li data-section-id=\"18rnbjv\" data-start=\"2981\" data-end=\"3022\">Bajo mantenimiento y larga vida \u00fatil<\/li>\n<\/ul>\n<hr data-start=\"3024\" data-end=\"3027\" \/>\n<h1 data-section-id=\"1lxd8kj\" data-start=\"3029\" data-end=\"3036\">PREGUNTAS FRECUENTES<\/h1>\n<h3 data-section-id=\"16tdf6s\" data-start=\"3038\" data-end=\"3091\">1\ufe0f\u20e3 \u00bfPara qu\u00e9 sirve un transformador elevador ZGS13?<\/h3>\n<p data-start=\"3093\" data-end=\"3211\">Se utiliza para:<br \/>\n\ud83d\udc49 Aumentar la tensi\u00f3n de los sistemas de generaci\u00f3n e\u00f3lica o solar hasta el nivel de transmisi\u00f3n de la red (10kV o 35kV).<\/p>\n<hr data-start=\"3213\" data-end=\"3216\" \/>\n<h3 data-section-id=\"6385e5\" data-start=\"3218\" data-end=\"3248\">2\ufe0f\u20e3 \u00bfD\u00f3nde est\u00e1 instalado?<\/h3>\n<p data-start=\"3250\" data-end=\"3273\">Se utiliza habitualmente en:<\/p>\n<ul data-start=\"3274\" data-end=\"3347\">\n<li data-section-id=\"1ryn0s7\" data-start=\"3274\" data-end=\"3288\">Parques e\u00f3licos<\/li>\n<li data-section-id=\"igs886\" data-start=\"3289\" data-end=\"3314\">Centrales solares fotovoltaicas<\/li>\n<li data-section-id=\"1aribom\" data-start=\"3315\" data-end=\"3347\">Subestaciones de energ\u00edas renovables<\/li>\n<\/ul>\n<hr data-start=\"3349\" data-end=\"3352\" \/>\n<h3 data-section-id=\"eaniav\" data-start=\"3354\" data-end=\"3412\">3\ufe0f\u20e3 \u00bfPor qu\u00e9 se llama transformador compacto de subestaci\u00f3n?<\/h3>\n<p data-start=\"3414\" data-end=\"3436\">Porque se integra:<\/p>\n<ul data-start=\"3437\" data-end=\"3490\">\n<li data-section-id=\"1c2mxqr\" data-start=\"3437\" data-end=\"3452\">Transformador<\/li>\n<li data-section-id=\"1nd1vfv\" data-start=\"3453\" data-end=\"3467\">Aparamenta<\/li>\n<li data-section-id=\"9lz69s\" data-start=\"3468\" data-end=\"3490\">Dispositivos de protecci\u00f3n<\/li>\n<\/ul>\n<p data-start=\"3492\" data-end=\"3524\">\ud83d\udc49 En una unidad prefabricada<\/p>\n<hr data-start=\"3526\" data-end=\"3529\" \/>\n<h3 data-section-id=\"kdbnzc\" data-start=\"3531\" data-end=\"3592\">4\ufe0f\u20e3 \u00bfQu\u00e9 lo hace adecuado para proyectos de energ\u00edas renovables?<\/h3>\n<ul data-start=\"3594\" data-end=\"3686\">\n<li data-section-id=\"5svd5d\" data-start=\"3594\" data-end=\"3613\">Despliegue r\u00e1pido<\/li>\n<li data-section-id=\"4sp4nl\" data-start=\"3614\" data-end=\"3636\">Resistencia a la intemperie<\/li>\n<li data-section-id=\"1cqlean\" data-start=\"3637\" data-end=\"3666\">Conversi\u00f3n de tensi\u00f3n estable<\/li>\n<li data-section-id=\"1s8wp6p\" data-start=\"3667\" data-end=\"3686\">Bajo mantenimiento<\/li>\n<\/ul>\n<hr data-start=\"3688\" data-end=\"3691\" \/>\n<h3 data-section-id=\"e1lsee\" data-start=\"3693\" data-end=\"3725\">5\ufe0f\u20e3 \u00bfUtiliza refrigeraci\u00f3n por aceite?<\/h3>\n<p data-start=\"3727\" data-end=\"3794\">S\u00ed, utiliza:<br \/>\n\ud83d\udc49 Aceite aislante tanto para refrigeraci\u00f3n como para aislamiento<\/p>","protected":false},"excerpt":{"rendered":"<p data-start=\"283\" data-end=\"466\">El transformador elevador espec\u00edfico para energ\u00eda e\u00f3lica y solar de la serie ZGS13 es una unidad de transformador compacta integrada de tipo subestaci\u00f3n dise\u00f1ada para sistemas de generaci\u00f3n de energ\u00eda renovable.<\/p>\n<p data-start=\"468\" data-end=\"532\">Combina los siguientes componentes en una estructura compacta:<\/p>\n<ul data-start=\"533\" data-end=\"630\">\n<li data-section-id=\"159gwlz\" data-start=\"533\" data-end=\"565\">N\u00facleo y bobinado del transformador<\/li>\n<li data-section-id=\"1nd1vfv\" data-start=\"566\" data-end=\"580\">Aparamenta<\/li>\n<li data-section-id=\"1gutmwu\" data-start=\"581\" data-end=\"590\">Fusibles<\/li>\n<li data-section-id=\"1b2jgah\" data-start=\"591\" data-end=\"606\">Cambiador de tomas<\/li>\n<li data-section-id=\"1d1nt9k\" data-start=\"607\" data-end=\"630\">Equipos auxiliares<\/li>\n<\/ul>","protected":false},"featured_media":2154,"comment_status":"open","ping_status":"closed","template":"","meta":{"site-sidebar-layout":"default","site-content-layout":"","ast-site-content-layout":"default","site-content-style":"default","site-sidebar-style":"default","ast-global-header-display":"","ast-banner-title-visibility":"","ast-main-header-display":"","ast-hfb-above-header-display":"","ast-hfb-below-header-display":"","ast-hfb-mobile-header-display":"","site-post-title":"","ast-breadcrumbs-content":"","ast-featured-img":"","footer-sml-layout":"","ast-disable-related-posts":"","theme-transparent-header-meta":"default","adv-header-id-meta":"","stick-header-meta":"","header-above-stick-meta":"","header-main-stick-meta":"","header-below-stick-meta":"","astra-migrate-meta-layouts":"set","ast-page-background-enabled":"default","ast-page-background-meta":{"desktop":{"background-color":"","background-image":"","background-repeat":"repeat","background-position":"center center","background-size":"auto","background-attachment":"scroll","background-type":"","background-media":"","overlay-type":"","overlay-color":"","overlay-opacity":"","overlay-gradient":""},"tablet":{"background-color":"","background-image":"","background-repeat":"repeat","background-position":"center center","background-size":"auto","background-attachment":"scroll","background-type":"","background-media":"","overlay-type":"","overlay-color":"","overlay-opacity":"","overlay-gradient":""},"mobile":{"background-color":"","background-image":"","background-repeat":"repeat","background-position":"center center","background-size":"auto","background-attachment":"scroll","background-type":"","background-media":"","overlay-type":"","overlay-color":"","overlay-opacity":"","overlay-gradient":""}},"ast-content-background-meta":{"desktop":{"background-color":"var(--ast-global-color-5)","background-image":"","background-repeat":"repeat","background-position":"center center","background-size":"auto","background-attachment":"scroll","background-type":"","background-media":"","overlay-type":"","overlay-color":"","overlay-opacity":"","overlay-gradient":""},"tablet":{"background-color":"var(--ast-global-color-5)","background-image":"","background-repeat":"repeat","background-position":"center center","background-size":"auto","background-attachment":"scroll","background-type":"","background-media":"","overlay-type":"","overlay-color":"","overlay-opacity":"","overlay-gradient":""},"mobile":{"background-color":"var(--ast-global-color-5)","background-image":"","background-repeat":"repeat","background-position":"center center","background-size":"auto","background-attachment":"scroll","background-type":"","background-media":"","overlay-type":"","overlay-color":"","overlay-opacity":"","overlay-gradient":""}}},"product_brand":[],"product_cat":[2036,2032],"product_tag":[2156,2157,2160,2159,2155,2158,2162,2154,2161,2153,2152],"class_list":{"0":"post-2153","1":"product","2":"type-product","3":"status-publish","4":"has-post-thumbnail","6":"product_cat-renewable-energy-products","7":"product_cat-electrical-equipment","8":"product_tag-0-69kv-to-10kv-transformer","9":"product_tag-35kv-step-up-transformer","10":"product_tag-compact-substation-transformer","11":"product_tag-pad-mounted-transformer","12":"product_tag-pv-substation-transformer","13":"product_tag-renewable-energy-transformer","14":"product_tag-solar-power-equipment","15":"product_tag-solar-step-up-transformer","16":"product_tag-wind-farm-electrical-equipment","17":"product_tag-wind-power-transformer","18":"product_tag-zgs13-transformer","19":"desktop-align-left","20":"tablet-align-left","21":"mobile-align-left","23":"first","24":"instock","25":"shipping-taxable","26":"product-type-simple"},"_links":{"self":[{"href":"https:\/\/www.wonzh.com\/es\/wp-json\/wp\/v2\/product\/2153","targetHints":{"allow":["GET"]}}],"collection":[{"href":"https:\/\/www.wonzh.com\/es\/wp-json\/wp\/v2\/product"}],"about":[{"href":"https:\/\/www.wonzh.com\/es\/wp-json\/wp\/v2\/types\/product"}],"replies":[{"embeddable":true,"href":"https:\/\/www.wonzh.com\/es\/wp-json\/wp\/v2\/comments?post=2153"}],"wp:featuredmedia":[{"embeddable":true,"href":"https:\/\/www.wonzh.com\/es\/wp-json\/wp\/v2\/media\/2154"}],"wp:attachment":[{"href":"https:\/\/www.wonzh.com\/es\/wp-json\/wp\/v2\/media?parent=2153"}],"wp:term":[{"taxonomy":"product_brand","embeddable":true,"href":"https:\/\/www.wonzh.com\/es\/wp-json\/wp\/v2\/product_brand?post=2153"},{"taxonomy":"product_cat","embeddable":true,"href":"https:\/\/www.wonzh.com\/es\/wp-json\/wp\/v2\/product_cat?post=2153"},{"taxonomy":"product_tag","embeddable":true,"href":"https:\/\/www.wonzh.com\/es\/wp-json\/wp\/v2\/product_tag?post=2153"}],"curies":[{"name":"wp","href":"https:\/\/api.w.org\/{rel}","templated":true}]}}