{"id":2151,"date":"2026-04-29T15:21:33","date_gmt":"2026-04-29T15:21:33","guid":{"rendered":"https:\/\/www.wonzh.com\/?post_type=product&#038;p=2151"},"modified":"2026-04-29T15:21:35","modified_gmt":"2026-04-29T15:21:35","slug":"ybh-series-hybrid-compact-substation-10kv-35kv-prefabricated-substation-for-solar-wind-power-distribution","status":"publish","type":"product","link":"https:\/\/www.wonzh.com\/es\/product\/ybh-series-hybrid-compact-substation-10kv-35kv-prefabricated-substation-for-solar-wind-power-distribution\/","title":{"rendered":"Subestaci\u00f3n compacta h\u00edbrida serie YBH (subestaci\u00f3n prefabricada de 10 kV\/35 kV para distribuci\u00f3n de energ\u00eda solar y e\u00f3lica)"},"content":{"rendered":"<p data-start=\"252\" data-end=\"450\">La subestaci\u00f3n compacta h\u00edbrida de la serie YBH es una subestaci\u00f3n prefabricada innovadora que combina las ventajas de las subestaciones compactas de tipo americano (montaje en pedestal) y de tipo europeo.<\/p>\n<p data-start=\"452\" data-end=\"611\">A diferencia de los dise\u00f1os tradicionales, la serie YBH adopta una estructura de conexi\u00f3n de alto voltaje \u00fanica con tecnolog\u00eda patentada, que ofrece un equilibrio superior de:<\/p>\n<p data-start=\"613\" data-end=\"689\">\ud83d\udc49 Seguridad<br data-start=\"622\" data-end=\"625\" \/>Fiabilidad<br data-start=\"639\" data-end=\"642\" \/>\ud83d\udc49 Flexibilidad<br data-start=\"656\" data-end=\"659\" \/>\ud83d\udc49 Comportamiento medioambiental<\/p>\n<p data-start=\"691\" data-end=\"712\">Se utiliza ampliamente en:<\/p>\n<ul data-start=\"713\" data-end=\"811\">\n<li data-section-id=\"1w4tyzr\" data-start=\"713\" data-end=\"744\">Plantas de energ\u00eda solar (FV)<\/li>\n<li data-section-id=\"z32h6d\" data-start=\"745\" data-end=\"771\">Sistemas de energ\u00eda e\u00f3lica<\/li>\n<li data-section-id=\"1xsivcn\" data-start=\"772\" data-end=\"811\">Redes de distribuci\u00f3n de 10kV \/ 35kV<\/li>\n<\/ul>\n<hr data-start=\"813\" data-end=\"816\" \/>\n<h2 data-section-id=\"17fvu7l\" data-start=\"818\" data-end=\"836\">Caracter\u00edsticas principales<\/h2>\n<h3 data-section-id=\"p055a8\" data-start=\"838\" data-end=\"893\">\u2714 Dise\u00f1o h\u00edbrido (lo mejor de los tipos americano y europeo)<\/h3>\n<ul data-start=\"894\" data-end=\"996\">\n<li data-section-id=\"1ravmmf\" data-start=\"894\" data-end=\"941\">Combina una estructura compacta de tipo americano<\/li>\n<li data-section-id=\"h5akx7\" data-start=\"942\" data-end=\"996\">Integra una configuraci\u00f3n flexible de tipo europeo<\/li>\n<\/ul>\n<p data-start=\"998\" data-end=\"1048\">\ud83d\udc49 Optimizado para las necesidades modernas de distribuci\u00f3n de energ\u00eda<\/p>\n<hr data-start=\"1050\" data-end=\"1053\" \/>\n<h3 data-section-id=\"jwo2v2\" data-start=\"1055\" data-end=\"1107\">\u2714 Tecnolog\u00eda propia de conexi\u00f3n de alta tensi\u00f3n<\/h3>\n<ul data-start=\"1108\" data-end=\"1180\">\n<li data-section-id=\"eeyv5\" data-start=\"1108\" data-end=\"1139\">Dise\u00f1o exclusivo de conexi\u00f3n de alta tensi\u00f3n<\/li>\n<li data-section-id=\"1neig4x\" data-start=\"1140\" data-end=\"1180\">Mayor estabilidad y seguridad del sistema<\/li>\n<\/ul>\n<p data-start=\"1182\" data-end=\"1232\">\ud83d\udc49 Ventaja de producto diferenciado para proyectos<\/p>\n<hr data-start=\"1234\" data-end=\"1237\" \/>\n<h3 data-section-id=\"1mr7066\" data-start=\"1239\" data-end=\"1279\">\u2714 Estructura prefabricada integrada<\/h3>\n<ul data-start=\"1280\" data-end=\"1350\">\n<li data-section-id=\"kygouv\" data-start=\"1280\" data-end=\"1324\">Transformador + sistema de AT + BT en una sola unidad<\/li>\n<li data-section-id=\"y5las0\" data-start=\"1325\" data-end=\"1350\">Premontado en f\u00e1brica<\/li>\n<\/ul>\n<p data-start=\"1352\" data-end=\"1390\">\ud83d\udc49 Reduce el tiempo de instalaci\u00f3n in situ<\/p>\n<hr data-start=\"1392\" data-end=\"1395\" \/>\n<h3 data-section-id=\"1ney3w6\" data-start=\"1397\" data-end=\"1428\">\u2714 Alta seguridad y fiabilidad<\/h3>\n<ul data-start=\"1429\" data-end=\"1488\">\n<li data-section-id=\"18wyaby\" data-start=\"1429\" data-end=\"1457\">Estructura totalmente cerrada<\/li>\n<li data-section-id=\"eqylk7\" data-start=\"1458\" data-end=\"1488\">Sistema de protecci\u00f3n completo<\/li>\n<\/ul>\n<p data-start=\"1490\" data-end=\"1534\">\ud83d\udc49 Adecuado para entornos exteriores dif\u00edciles<\/p>\n<hr data-start=\"1536\" data-end=\"1539\" \/>\n<h3 data-section-id=\"1ep4gse\" data-start=\"1541\" data-end=\"1569\">\u2714 Compacto y ahorra espacio<\/h3>\n<ul data-start=\"1570\" data-end=\"1678\">\n<li data-section-id=\"1kzytt9\" data-start=\"1570\" data-end=\"1627\">Ocupa menos espacio que las subestaciones tradicionales<\/li>\n<li data-section-id=\"1bdhfgw\" data-start=\"1628\" data-end=\"1678\">Ideal para sistemas energ\u00e9ticos urbanos y distribuidos<\/li>\n<\/ul>\n<hr data-start=\"1680\" data-end=\"1683\" \/>\n<h3 data-section-id=\"nixv8q\" data-start=\"1685\" data-end=\"1722\">\u2714 Dise\u00f1o respetuoso con el medio ambiente<\/h3>\n<ul data-start=\"1723\" data-end=\"1802\">\n<li data-section-id=\"16visxu\" data-start=\"1723\" data-end=\"1736\">Bajo nivel de ruido<\/li>\n<li data-section-id=\"xnrp06\" data-start=\"1737\" data-end=\"1771\">Impacto electromagn\u00e9tico reducido<\/li>\n<li data-section-id=\"fwrxgr\" data-start=\"1772\" data-end=\"1802\">Funcionamiento energ\u00e9ticamente eficiente<\/li>\n<\/ul>\n<p data-start=\"1804\" data-end=\"1843\">\ud83d\udc49 Adecuado para proyectos de energ\u00eda verde<\/p>\n<hr data-start=\"1845\" data-end=\"1848\" \/>\n<h2 data-section-id=\"1hq6i26\" data-start=\"1850\" data-end=\"1873\">\ud83d\udd39 Dise\u00f1o estructural<\/h2>\n<h3 data-section-id=\"18zdobt\" data-start=\"1875\" data-end=\"1899\">\ud83d\udd38 Unidad de alto voltaje<\/h3>\n<ul data-start=\"1900\" data-end=\"1965\">\n<li data-section-id=\"1vszvk\" data-start=\"1900\" data-end=\"1933\">Esquema flexible de conexi\u00f3n de AT<\/li>\n<li data-section-id=\"wvv6oo\" data-start=\"1934\" data-end=\"1965\">Conmutaci\u00f3n segura y fiable<\/li>\n<\/ul>\n<hr data-start=\"1967\" data-end=\"1970\" \/>\n<h3 data-section-id=\"ebkzy6\" data-start=\"1972\" data-end=\"1995\">\ud83d\udd38 Unidad de transformador<\/h3>\n<ul data-start=\"1996\" data-end=\"2071\">\n<li data-section-id=\"c29kbn\" data-start=\"1996\" data-end=\"2045\">Admite transformador sumergido en aceite o de tipo seco<\/li>\n<li data-section-id=\"zfd45y\" data-start=\"2046\" data-end=\"2071\">Capacidad personalizable<\/li>\n<\/ul>\n<hr data-start=\"2073\" data-end=\"2076\" \/>\n<h3 data-section-id=\"1ts15o3\" data-start=\"2078\" data-end=\"2101\">\ud83d\udd38 Unidad de baja tensi\u00f3n<\/h3>\n<ul data-start=\"2102\" data-end=\"2177\">\n<li data-section-id=\"1nhl37j\" data-start=\"2102\" data-end=\"2140\">Sistema de distribuci\u00f3n y protecci\u00f3n<\/li>\n<li data-section-id=\"nc910x\" data-start=\"2141\" data-end=\"2177\">Integraci\u00f3n de medici\u00f3n y control<\/li>\n<\/ul>\n<hr data-start=\"2179\" data-end=\"2182\" \/>\n<h3 data-section-id=\"1m6twft\" data-start=\"2184\" data-end=\"2200\">\ud83d\udd38 Recinto<\/h3>\n<ul data-start=\"2201\" data-end=\"2286\">\n<li data-section-id=\"1ut0yto\" data-start=\"2201\" data-end=\"2222\">Resistente a la intemperie<\/li>\n<li data-section-id=\"xvhfr1\" data-start=\"2223\" data-end=\"2248\">Dise\u00f1o anticorrosi\u00f3n<\/li>\n<li data-section-id=\"1qum606\" data-start=\"2249\" data-end=\"2286\">Apto para instalaci\u00f3n en exteriores<\/li>\n<\/ul>\n<hr data-start=\"2288\" data-end=\"2291\" \/>\n<h2 data-section-id=\"15du31k\" data-start=\"2293\" data-end=\"2311\">Aplicaciones<\/h2>\n<p data-start=\"2313\" data-end=\"2357\">La subestaci\u00f3n h\u00edbrida YBH se utiliza ampliamente en:<\/p>\n<ul data-start=\"2359\" data-end=\"2542\">\n<li data-section-id=\"aj1s75\" data-start=\"2359\" data-end=\"2399\">Centrales solares fotovoltaicas<\/li>\n<li data-section-id=\"pdj8ig\" data-start=\"2400\" data-end=\"2424\">Proyectos de energ\u00eda e\u00f3lica<\/li>\n<li data-section-id=\"1oiocup\" data-start=\"2425\" data-end=\"2461\">Sistemas urbanos de distribuci\u00f3n de electricidad<\/li>\n<li data-section-id=\"ikoknv\" data-start=\"2462\" data-end=\"2502\">Instalaciones industriales y comerciales<\/li>\n<li data-section-id=\"gftaf6\" data-start=\"2503\" data-end=\"2542\">Proyectos de infraestructuras y servicios p\u00fablicos<\/li>\n<\/ul>\n<hr data-start=\"2544\" data-end=\"2547\" \/>\n<h2 data-section-id=\"1rg4wz9\" data-start=\"2549\" data-end=\"2573\">\ud83d\udd39 Resumen de ventajas<\/h2>\n<ul data-start=\"2575\" data-end=\"2866\">\n<li data-section-id=\"1gwl3b8\" data-start=\"2575\" data-end=\"2632\">Dise\u00f1o h\u00edbrido que combina las ventajas de las subestaciones de EE.UU. y la UE<\/li>\n<li data-section-id=\"2hkvtw\" data-start=\"2633\" data-end=\"2683\">Tecnolog\u00eda propia de conexi\u00f3n de alta tensi\u00f3n<\/li>\n<li data-section-id=\"17kae4n\" data-start=\"2684\" data-end=\"2728\">Compacto, integrado y f\u00e1cil de instalar<\/li>\n<li data-section-id=\"el1xvd\" data-start=\"2729\" data-end=\"2772\">Alta seguridad y fiabilidad operativa<\/li>\n<li data-section-id=\"blvuyk\" data-start=\"2773\" data-end=\"2816\">Ideal para aplicaciones de energ\u00edas renovables<\/li>\n<li data-section-id=\"5i22eq\" data-start=\"2817\" data-end=\"2866\">Respetuoso con el medio ambiente y eficiente energ\u00e9ticamente<\/li>\n<\/ul>\n<hr data-start=\"2868\" data-end=\"2871\" \/>\n<h1 data-section-id=\"1lxd8kj\" data-start=\"2873\" data-end=\"2880\">PREGUNTAS FRECUENTES<\/h1>\n<h3 data-section-id=\"z3zs38\" data-start=\"2882\" data-end=\"2922\">1\ufe0f\u20e3 \u00bfQu\u00e9 es una subestaci\u00f3n h\u00edbrida YBH?<\/h3>\n<p data-start=\"2924\" data-end=\"3023\">Lo es:<br \/>\n\ud83d\udc49 Una subestaci\u00f3n compacta prefabricada que combina caracter\u00edsticas de los tipos americano y europeo.<\/p>\n<hr data-start=\"3025\" data-end=\"3028\" \/>\n<h3 data-section-id=\"12cezs5\" data-start=\"3030\" data-end=\"3074\">2\ufe0f\u20e3 \u00bfQu\u00e9 niveles de tensi\u00f3n admite?<\/h3>\n<p data-start=\"3076\" data-end=\"3128\">T\u00edpico:<br \/>\n\ud83d\udc49 Sistemas de distribuci\u00f3n de 10kV y 35kV<\/p>\n<hr data-start=\"3130\" data-end=\"3133\" \/>\n<h3 data-section-id=\"67s3uz\" data-start=\"3135\" data-end=\"3194\">3\ufe0f\u20e3 \u00bfQu\u00e9 diferencia al YBH de las subestaciones est\u00e1ndar?<\/h3>\n<ul data-start=\"3196\" data-end=\"3301\">\n<li data-section-id=\"1hj524x\" data-start=\"3196\" data-end=\"3216\">Estructura h\u00edbrida<\/li>\n<li data-section-id=\"whfq98\" data-start=\"3217\" data-end=\"3251\">Conexi\u00f3n \u00fanica de alta tensi\u00f3n<\/li>\n<li data-section-id=\"111rkfh\" data-start=\"3252\" data-end=\"3301\">Mejor equilibrio entre compacidad y flexibilidad<\/li>\n<\/ul>\n<hr data-start=\"3303\" data-end=\"3306\" \/>\n<h3 data-section-id=\"1638i42\" data-start=\"3308\" data-end=\"3360\">4\ufe0f\u20e3 \u00bfPuede utilizarse en proyectos de energ\u00edas renovables?<\/h3>\n<p data-start=\"3362\" data-end=\"3427\">S\u00ed, se utiliza mucho en:<br \/>\n\ud83d\udc49 Sistemas de energ\u00eda solar (fotovoltaica) y e\u00f3lica<\/p>\n<hr data-start=\"3429\" data-end=\"3432\" \/>\n<h3 data-section-id=\"zb1fot\" data-start=\"3434\" data-end=\"3461\">5\ufe0f\u20e3 \u00bfSe puede personalizar?<\/h3>\n<p data-start=\"3463\" data-end=\"3480\">S\u00ed, es compatible:<\/p>\n<ul data-start=\"3481\" data-end=\"3574\">\n<li data-section-id=\"sbuquj\" data-start=\"3481\" data-end=\"3511\">Selecci\u00f3n del tipo de transformador<\/li>\n<li data-section-id=\"1aqod29\" data-start=\"3512\" data-end=\"3538\">Personalizaci\u00f3n de la capacidad<\/li>\n<li data-section-id=\"5l4zr8\" data-start=\"3539\" data-end=\"3574\">Dise\u00f1o de la configuraci\u00f3n el\u00e9ctrica<\/li>\n<\/ul>","protected":false},"excerpt":{"rendered":"<p data-start=\"252\" data-end=\"450\">La subestaci\u00f3n compacta h\u00edbrida de la serie YBH es una subestaci\u00f3n prefabricada innovadora que combina las ventajas de las subestaciones compactas de tipo americano (montaje en pedestal) y de tipo europeo.<\/p>\n<p data-start=\"452\" data-end=\"611\">A diferencia de los dise\u00f1os tradicionales, la serie YBH adopta una estructura de conexi\u00f3n de alto voltaje \u00fanica con tecnolog\u00eda patentada, que ofrece un equilibrio superior de:<\/p>","protected":false},"featured_media":2152,"comment_status":"open","ping_status":"closed","template":"","meta":{"site-sidebar-layout":"default","site-content-layout":"","ast-site-content-layout":"default","site-content-style":"default","site-sidebar-style":"default","ast-global-header-display":"","ast-banner-title-visibility":"","ast-main-header-display":"","ast-hfb-above-header-display":"","ast-hfb-below-header-display":"","ast-hfb-mobile-header-display":"","site-post-title":"","ast-breadcrumbs-content":"","ast-featured-img":"","footer-sml-layout":"","ast-disable-related-posts":"","theme-transparent-header-meta":"default","adv-header-id-meta":"","stick-header-meta":"","header-above-stick-meta":"","header-main-stick-meta":"","header-below-stick-meta":"","astra-migrate-meta-layouts":"set","ast-page-background-enabled":"default","ast-page-background-meta":{"desktop":{"background-color":"","background-image":"","background-repeat":"repeat","background-position":"center center","background-size":"auto","background-attachment":"scroll","background-type":"","background-media":"","overlay-type":"","overlay-color":"","overlay-opacity":"","overlay-gradient":""},"tablet":{"background-color":"","background-image":"","background-repeat":"repeat","background-position":"center center","background-size":"auto","background-attachment":"scroll","background-type":"","background-media":"","overlay-type":"","overlay-color":"","overlay-opacity":"","overlay-gradient":""},"mobile":{"background-color":"","background-image":"","background-repeat":"repeat","background-position":"center center","background-size":"auto","background-attachment":"scroll","background-type":"","background-media":"","overlay-type":"","overlay-color":"","overlay-opacity":"","overlay-gradient":""}},"ast-content-background-meta":{"desktop":{"background-color":"var(--ast-global-color-5)","background-image":"","background-repeat":"repeat","background-position":"center center","background-size":"auto","background-attachment":"scroll","background-type":"","background-media":"","overlay-type":"","overlay-color":"","overlay-opacity":"","overlay-gradient":""},"tablet":{"background-color":"var(--ast-global-color-5)","background-image":"","background-repeat":"repeat","background-position":"center center","background-size":"auto","background-attachment":"scroll","background-type":"","background-media":"","overlay-type":"","overlay-color":"","overlay-opacity":"","overlay-gradient":""},"mobile":{"background-color":"var(--ast-global-color-5)","background-image":"","background-repeat":"repeat","background-position":"center center","background-size":"auto","background-attachment":"scroll","background-type":"","background-media":"","overlay-type":"","overlay-color":"","overlay-opacity":"","overlay-gradient":""}}},"product_brand":[],"product_cat":[2032,2036],"product_tag":[2145,2146,2149,2144,2151,2150,2064,2147,2148,2143],"class_list":{"0":"post-2151","1":"product","2":"type-product","3":"status-publish","4":"has-post-thumbnail","6":"product_cat-electrical-equipment","7":"product_cat-renewable-energy-products","8":"product_tag-10kv-substation","9":"product_tag-35kv-substation","10":"product_tag-compact-transformer-substation","11":"product_tag-hybrid-compact-substation","12":"product_tag-outdoor-substation-equipment","13":"product_tag-power-distribution-substation","14":"product_tag-prefabricated-substation","15":"product_tag-solar-substation","16":"product_tag-wind-power-substation","17":"product_tag-ybh-substation","18":"desktop-align-left","19":"tablet-align-left","20":"mobile-align-left","22":"first","23":"instock","24":"shipping-taxable","25":"product-type-simple"},"_links":{"self":[{"href":"https:\/\/www.wonzh.com\/es\/wp-json\/wp\/v2\/product\/2151","targetHints":{"allow":["GET"]}}],"collection":[{"href":"https:\/\/www.wonzh.com\/es\/wp-json\/wp\/v2\/product"}],"about":[{"href":"https:\/\/www.wonzh.com\/es\/wp-json\/wp\/v2\/types\/product"}],"replies":[{"embeddable":true,"href":"https:\/\/www.wonzh.com\/es\/wp-json\/wp\/v2\/comments?post=2151"}],"wp:featuredmedia":[{"embeddable":true,"href":"https:\/\/www.wonzh.com\/es\/wp-json\/wp\/v2\/media\/2152"}],"wp:attachment":[{"href":"https:\/\/www.wonzh.com\/es\/wp-json\/wp\/v2\/media?parent=2151"}],"wp:term":[{"taxonomy":"product_brand","embeddable":true,"href":"https:\/\/www.wonzh.com\/es\/wp-json\/wp\/v2\/product_brand?post=2151"},{"taxonomy":"product_cat","embeddable":true,"href":"https:\/\/www.wonzh.com\/es\/wp-json\/wp\/v2\/product_cat?post=2151"},{"taxonomy":"product_tag","embeddable":true,"href":"https:\/\/www.wonzh.com\/es\/wp-json\/wp\/v2\/product_tag?post=2151"}],"curies":[{"name":"wp","href":"https:\/\/api.w.org\/{rel}","templated":true}]}}