{"id":2140,"date":"2026-04-29T14:46:34","date_gmt":"2026-04-29T14:46:34","guid":{"rendered":"https:\/\/www.wonzh.com\/?post_type=product&#038;p=2140"},"modified":"2026-04-29T14:46:35","modified_gmt":"2026-04-29T14:46:35","slug":"xgn15-12-sf6-ring-main-unit-12kv-metal-enclosed-air-insulated-switchgear-for-power-distribution","status":"publish","type":"product","link":"https:\/\/www.wonzh.com\/es\/product\/xgn15-12-sf6-ring-main-unit-12kv-metal-enclosed-air-insulated-switchgear-for-power-distribution\/","title":{"rendered":"XGN15-12 SF6 Ring Main Unit (Aparamenta met\u00e1lica aislada en aire de 12 kV para distribuci\u00f3n de energ\u00eda)"},"content":{"rendered":"<p data-start=\"244\" data-end=\"452\">La Unidad Principal de Anillo (RMU) SF6 de la serie XGN15-12 es una aparamenta de media tensi\u00f3n de nueva generaci\u00f3n dise\u00f1ada con interruptores-seccionadores en SF6 como componente principal de conmutaci\u00f3n y estructura de aislamiento en aire.<\/p>\n<p data-start=\"454\" data-end=\"609\">Presenta un dise\u00f1o compacto, modular y ampliable, por lo que resulta ideal para los modernos sistemas de distribuci\u00f3n de energ\u00eda de red en anillo y subestaciones terminales.<\/p>\n<p data-start=\"611\" data-end=\"638\">La aparamenta funciona en:<\/p>\n<ul data-start=\"639\" data-end=\"696\">\n<li data-section-id=\"w0xwqv\" data-start=\"639\" data-end=\"668\">Frecuencia nominal: 50 Hz<\/li>\n<li data-section-id=\"1hfgq88\" data-start=\"669\" data-end=\"696\">Tensi\u00f3n nominal: 12 kV<\/li>\n<\/ul>\n<p data-start=\"698\" data-end=\"845\">Se utiliza ampliamente en redes de distribuci\u00f3n de energ\u00eda urbanas e industriales, especialmente en sistemas de anillos de cables y aplicaciones de alimentaci\u00f3n de terminales.<\/p>\n<hr data-start=\"847\" data-end=\"850\" \/>\n<h2 data-section-id=\"17fvu7l\" data-start=\"852\" data-end=\"870\">Caracter\u00edsticas principales<\/h2>\n<h3 data-section-id=\"17n3pcd\" data-start=\"872\" data-end=\"902\">\u2714 Dise\u00f1o compacto y modular<\/h3>\n<ul data-start=\"903\" data-end=\"974\">\n<li data-section-id=\"1exxsfo\" data-start=\"903\" data-end=\"922\">Ocupa poco espacio<\/li>\n<li data-section-id=\"1pg46p\" data-start=\"923\" data-end=\"947\">Estructura ampliable<\/li>\n<li data-section-id=\"1lwy1yl\" data-start=\"948\" data-end=\"974\">Configuraci\u00f3n flexible<\/li>\n<\/ul>\n<p data-start=\"976\" data-end=\"1018\">\ud83d\udc49 Ideal para instalaciones con espacio limitado<\/p>\n<hr data-start=\"1020\" data-end=\"1023\" \/>\n<h3 data-section-id=\"1rmabi4\" data-start=\"1025\" data-end=\"1063\">\u2714 Tecnolog\u00eda de interruptores de carga SF6<\/h3>\n<ul data-start=\"1064\" data-end=\"1149\">\n<li data-section-id=\"xmiurg\" data-start=\"1064\" data-end=\"1106\">Conmutaci\u00f3n de alta fiabilidad<\/li>\n<li data-section-id=\"g919cy\" data-start=\"1107\" data-end=\"1149\">Excelente capacidad de extinci\u00f3n de arcos<\/li>\n<\/ul>\n<p data-start=\"1151\" data-end=\"1189\">\ud83d\udc49 Garantiza un funcionamiento seguro y estable<\/p>\n<hr data-start=\"1191\" data-end=\"1194\" \/>\n<h3 data-section-id=\"1xt7gxu\" data-start=\"1196\" data-end=\"1226\">\u2714 Estructura met\u00e1lica cerrada<\/h3>\n<ul data-start=\"1227\" data-end=\"1298\">\n<li data-section-id=\"jufgzz\" data-start=\"1227\" data-end=\"1261\">Armario blindado totalmente cerrado<\/li>\n<li data-section-id=\"1cbibis\" data-start=\"1262\" data-end=\"1298\">Estructura interna aislada del aire<\/li>\n<\/ul>\n<p data-start=\"1300\" data-end=\"1332\">\ud83d\udc49 Mejora la seguridad operativa<\/p>\n<hr data-start=\"1334\" data-end=\"1337\" \/>\n<h3 data-section-id=\"nmp87m\" data-start=\"1339\" data-end=\"1369\">\u2714 Esquemas de circuitos flexibles<\/h3>\n<ul data-start=\"1370\" data-end=\"1462\">\n<li data-section-id=\"ivfvff\" data-start=\"1370\" data-end=\"1415\">Admite cableado de red terminal y en anillo<\/li>\n<li data-section-id=\"1l6lnne\" data-start=\"1416\" data-end=\"1462\">Adaptable a distintas configuraciones del sistema<\/li>\n<\/ul>\n<hr data-start=\"1464\" data-end=\"1467\" \/>\n<h3 data-section-id=\"1gxptii\" data-start=\"1469\" data-end=\"1505\">\u2714 Integraci\u00f3n completa de componentes<\/h3>\n<p data-start=\"1506\" data-end=\"1515\">Incluye:<\/p>\n<ul data-start=\"1516\" data-end=\"1629\">\n<li data-section-id=\"zza4lc\" data-start=\"1516\" data-end=\"1541\">Interruptor-seccionador SF6<\/li>\n<li data-section-id=\"1wup980\" data-start=\"1542\" data-end=\"1561\">Interruptor de puesta a tierra<\/li>\n<li data-section-id=\"1yhabhp\" data-start=\"1562\" data-end=\"1570\">Fusible<\/li>\n<li data-section-id=\"1vf5890\" data-start=\"1571\" data-end=\"1603\">Transformadores de corriente\/tensi\u00f3n<\/li>\n<li data-section-id=\"9wlt9w\" data-start=\"1604\" data-end=\"1629\">Instrumentos secundarios<\/li>\n<\/ul>\n<p data-start=\"1631\" data-end=\"1674\">\ud83d\udc49 Cumple diversos requisitos de ingenier\u00eda<\/p>\n<hr data-start=\"1676\" data-end=\"1679\" \/>\n<h3 data-section-id=\"12n2clq\" data-start=\"1681\" data-end=\"1719\">\u2714 Enclavamiento mec\u00e1nico fiable<\/h3>\n<ul data-start=\"1720\" data-end=\"1905\">\n<li data-section-id=\"12itbxq\" data-start=\"1720\" data-end=\"1749\">Sistema de enclavamiento integrado<\/li>\n<li data-section-id=\"opbivp\" data-start=\"1750\" data-end=\"1905\">Cumple plenamente <strong data-start=\"1764\" data-end=\"1805\">\u201cRequisitos de seguridad \u201dFive Prevention<\/strong>:\n<ul data-start=\"1809\" data-end=\"1905\">\n<li data-section-id=\"10220o4\" data-start=\"1809\" data-end=\"1833\">Evitar el funcionamiento incorrecto<\/li>\n<li data-section-id=\"1d8zgdx\" data-start=\"1836\" data-end=\"1862\">Evitar la conexi\u00f3n a tierra con tensi\u00f3n<\/li>\n<li data-section-id=\"1xh9vyq\" data-start=\"1865\" data-end=\"1905\">Evitar una secuencia de conmutaci\u00f3n incorrecta<\/li>\n<\/ul>\n<\/li>\n<\/ul>\n<hr data-start=\"1907\" data-end=\"1910\" \/>\n<h3 data-section-id=\"1ney3w6\" data-start=\"1912\" data-end=\"1943\">\u2714 Alta seguridad y fiabilidad<\/h3>\n<ul data-start=\"1944\" data-end=\"2044\">\n<li data-section-id=\"1trnttq\" data-start=\"1944\" data-end=\"1990\">Funcionamiento estable en sistemas de media tensi\u00f3n<\/li>\n<li data-section-id=\"1upbm1x\" data-start=\"1991\" data-end=\"2044\">Adecuado para entornos de alimentaci\u00f3n continua<\/li>\n<\/ul>\n<hr data-start=\"2046\" data-end=\"2049\" \/>\n<h2 data-section-id=\"1hq6i26\" data-start=\"2051\" data-end=\"2074\">\ud83d\udd39 Dise\u00f1o estructural<\/h2>\n<h3 data-section-id=\"8fsvm5\" data-start=\"2076\" data-end=\"2095\">\ud83d\udd38 Tipo de armario<\/h3>\n<ul data-start=\"2096\" data-end=\"2183\">\n<li data-section-id=\"6ycy0i\" data-start=\"2096\" data-end=\"2129\">Estructura cerrada revestida de metal<\/li>\n<li data-section-id=\"9mhacx\" data-start=\"2130\" data-end=\"2160\">Compartimentos aislados por aire<\/li>\n<li data-section-id=\"19bdaax\" data-start=\"2161\" data-end=\"2183\">Compacto y robusto<\/li>\n<\/ul>\n<hr data-start=\"2185\" data-end=\"2188\" \/>\n<h3 data-section-id=\"1k4dlis\" data-start=\"2190\" data-end=\"2213\">\ud83d\udd38 Sistema de conmutaci\u00f3n<\/h3>\n<ul data-start=\"2214\" data-end=\"2300\">\n<li data-section-id=\"1pc7u17\" data-start=\"2214\" data-end=\"2254\">Interruptor-seccionador SF6 como interruptor principal<\/li>\n<li data-section-id=\"19peevs\" data-start=\"2255\" data-end=\"2300\">Sistema integrado de puesta a tierra y protecci\u00f3n<\/li>\n<\/ul>\n<hr data-start=\"2302\" data-end=\"2305\" \/>\n<h3 data-section-id=\"1x6mgn9\" data-start=\"2307\" data-end=\"2331\">\ud83d\udd38 Sistema de protecci\u00f3n<\/h3>\n<ul data-start=\"2332\" data-end=\"2409\">\n<li data-section-id=\"1vzhk71\" data-start=\"2332\" data-end=\"2368\">Protecci\u00f3n por fusible para transformadores<\/li>\n<li data-section-id=\"1jqn82g\" data-start=\"2369\" data-end=\"2409\">Capacidad completa de protecci\u00f3n contra fallos<\/li>\n<\/ul>\n<hr data-start=\"2411\" data-end=\"2414\" \/>\n<h3 data-section-id=\"1ux2mw7\" data-start=\"2416\" data-end=\"2436\">\ud83d\udd38 Ampliabilidad<\/h3>\n<ul data-start=\"2437\" data-end=\"2518\">\n<li data-section-id=\"hkvjgg\" data-start=\"2437\" data-end=\"2479\">El dise\u00f1o modular permite futuras ampliaciones<\/li>\n<li data-section-id=\"cucwfa\" data-start=\"2480\" data-end=\"2518\">Adecuado para sistemas de potencia en crecimiento<\/li>\n<\/ul>\n<hr data-start=\"2520\" data-end=\"2523\" \/>\n<h2 data-section-id=\"15du31k\" data-start=\"2525\" data-end=\"2543\">Aplicaciones<\/h2>\n<p data-start=\"2545\" data-end=\"2580\">La RMU XGN15-12 se utiliza ampliamente en:<\/p>\n<ul data-start=\"2582\" data-end=\"2841\">\n<li data-section-id=\"86zm1h\" data-start=\"2582\" data-end=\"2622\">Distribuci\u00f3n de energ\u00eda residencial urbana<\/li>\n<li data-section-id=\"zcg4fz\" data-start=\"2623\" data-end=\"2648\">Subestaciones secundarias<\/li>\n<li data-section-id=\"114sfdf\" data-start=\"2649\" data-end=\"2671\">Estaciones de conmutaci\u00f3n<\/li>\n<li data-section-id=\"eakz7s\" data-start=\"2672\" data-end=\"2709\">Empresas industriales y mineras<\/li>\n<li data-section-id=\"hfihxt\" data-start=\"2710\" data-end=\"2734\">Edificios comerciales<\/li>\n<li data-section-id=\"1b8blr8\" data-start=\"2735\" data-end=\"2765\">Aeropuertos y metro<\/li>\n<li data-section-id=\"18stwit\" data-start=\"2766\" data-end=\"2789\">Proyectos de energ\u00eda e\u00f3lica<\/li>\n<li data-section-id=\"1v8duec\" data-start=\"2790\" data-end=\"2816\">Hospitales y estadios<\/li>\n<li data-section-id=\"11oc9le\" data-start=\"2817\" data-end=\"2841\">Ferrocarriles y t\u00faneles<\/li>\n<\/ul>\n<hr data-start=\"2843\" data-end=\"2846\" \/>\n<h2 data-section-id=\"1rg4wz9\" data-start=\"2848\" data-end=\"2872\">\ud83d\udd39 Resumen de ventajas<\/h2>\n<ul data-start=\"2874\" data-end=\"3139\">\n<li data-section-id=\"1x16qe3\" data-start=\"2874\" data-end=\"2909\">Dise\u00f1o compacto que ahorra espacio<\/li>\n<li data-section-id=\"1bsc137\" data-start=\"2910\" data-end=\"2960\">Alta fiabilidad con tecnolog\u00eda de conmutaci\u00f3n SF6<\/li>\n<li data-section-id=\"lol72i\" data-start=\"2961\" data-end=\"3002\">Configuraci\u00f3n flexible y ampliable<\/li>\n<li data-section-id=\"1nkqwt3\" data-start=\"3003\" data-end=\"3042\">Sistema completo de enclavamiento de seguridad<\/li>\n<li data-section-id=\"18p92t7\" data-start=\"3043\" data-end=\"3098\">Apto para red en anillo y distribuci\u00f3n terminal<\/li>\n<li data-section-id=\"crou16\" data-start=\"3099\" data-end=\"3139\">Ideal para los modernos sistemas el\u00e9ctricos urbanos<\/li>\n<\/ul>\n<hr data-start=\"3141\" data-end=\"3144\" \/>\n<h1 data-section-id=\"1lxd8kj\" data-start=\"3146\" data-end=\"3153\">PREGUNTAS FRECUENTES<\/h1>\n<h3 data-section-id=\"1ukyt9j\" data-start=\"3155\" data-end=\"3193\">1\ufe0f\u20e3 \u00bfQu\u00e9 es una unidad principal de anillo SF6?<\/h3>\n<p data-start=\"3195\" data-end=\"3344\">En <strong data-start=\"3198\" data-end=\"3209\">SF6 RMU<\/strong> es una aparamenta de media tensi\u00f3n que utiliza <strong data-start=\"3247\" data-end=\"3278\">Interruptores-seccionadores de gas SF6<\/strong> para una distribuci\u00f3n de energ\u00eda segura y fiable en sistemas de red en anillo.<\/p>\n<hr data-start=\"3346\" data-end=\"3349\" \/>\n<h3 data-section-id=\"uv2j8y\" data-start=\"3351\" data-end=\"3403\">2\ufe0f\u20e3 \u00bfPara qu\u00e9 nivel de tensi\u00f3n es adecuado el XGN15-12?<\/h3>\n<p data-start=\"3405\" data-end=\"3465\">Est\u00e1 dise\u00f1ado para:<br \/>\n\ud83d\udc49 <strong data-start=\"3428\" data-end=\"3465\">Sistemas el\u00e9ctricos de media tensi\u00f3n de 12 kV<\/strong><\/p>\n<hr data-start=\"3467\" data-end=\"3470\" \/>\n<h3 data-section-id=\"tk3rvm\" data-start=\"3472\" data-end=\"3512\">3\ufe0f\u20e3 \u00bfD\u00f3nde se utiliza habitualmente esta RMU?<\/h3>\n<p data-start=\"3514\" data-end=\"3535\">Se utiliza ampliamente en:<\/p>\n<ul data-start=\"3536\" data-end=\"3607\">\n<li data-section-id=\"1k1ryxi\" data-start=\"3536\" data-end=\"3557\">Redes el\u00e9ctricas urbanas<\/li>\n<li data-section-id=\"8295nf\" data-start=\"3558\" data-end=\"3579\">Plantas industriales<\/li>\n<li data-section-id=\"1e17v55\" data-start=\"3580\" data-end=\"3607\">Proyectos de infraestructuras<\/li>\n<\/ul>\n<hr data-start=\"3609\" data-end=\"3612\" \/>\n<h3 data-section-id=\"4brwmt\" data-start=\"3614\" data-end=\"3664\">4\ufe0f\u20e3 \u00bfCu\u00e1les son las ventajas de la aparamenta en SF6?<\/h3>\n<ul data-start=\"3666\" data-end=\"3782\">\n<li data-section-id=\"1b4urz8\" data-start=\"3666\" data-end=\"3702\">Excelente rendimiento aislante<\/li>\n<li data-section-id=\"ub7qiv\" data-start=\"3703\" data-end=\"3739\">Gran capacidad de extinci\u00f3n de arcos<\/li>\n<li data-section-id=\"hlwggc\" data-start=\"3740\" data-end=\"3782\">Alta fiabilidad y larga vida \u00fatil<\/li>\n<\/ul>\n<hr data-start=\"3784\" data-end=\"3787\" \/>\n<h3 data-section-id=\"1vzxbic\" data-start=\"3789\" data-end=\"3830\">5\ufe0f\u20e3 \u00bfSe puede ampliar la RMU XGN15-12?<\/h3>\n<p data-start=\"3832\" data-end=\"3915\">S\u00ed, cuenta con un <strong data-start=\"3851\" data-end=\"3880\">dise\u00f1o modular ampliable<\/strong>, que permite ampliar el sistema en el futuro.<\/p>","protected":false},"excerpt":{"rendered":"<p data-start=\"244\" data-end=\"452\">La Unidad Principal de Anillo (RMU) SF6 de la serie XGN15-12 es una aparamenta de media tensi\u00f3n de nueva generaci\u00f3n dise\u00f1ada con interruptores-seccionadores en SF6 como componente principal de conmutaci\u00f3n y estructura de aislamiento en aire.<\/p>\n<p data-start=\"454\" data-end=\"609\">Presenta un dise\u00f1o compacto, modular y ampliable, por lo que resulta ideal para los modernos sistemas de distribuci\u00f3n de energ\u00eda de red en anillo y subestaciones terminales.<\/p>","protected":false},"featured_media":2141,"comment_status":"open","ping_status":"closed","template":"","meta":{"site-sidebar-layout":"default","site-content-layout":"","ast-site-content-layout":"default","site-content-style":"default","site-sidebar-style":"default","ast-global-header-display":"","ast-banner-title-visibility":"","ast-main-header-display":"","ast-hfb-above-header-display":"","ast-hfb-below-header-display":"","ast-hfb-mobile-header-display":"","site-post-title":"","ast-breadcrumbs-content":"","ast-featured-img":"","footer-sml-layout":"","ast-disable-related-posts":"","theme-transparent-header-meta":"default","adv-header-id-meta":"","stick-header-meta":"","header-above-stick-meta":"","header-main-stick-meta":"","header-below-stick-meta":"","astra-migrate-meta-layouts":"set","ast-page-background-enabled":"default","ast-page-background-meta":{"desktop":{"background-color":"","background-image":"","background-repeat":"repeat","background-position":"center center","background-size":"auto","background-attachment":"scroll","background-type":"","background-media":"","overlay-type":"","overlay-color":"","overlay-opacity":"","overlay-gradient":""},"tablet":{"background-color":"","background-image":"","background-repeat":"repeat","background-position":"center center","background-size":"auto","background-attachment":"scroll","background-type":"","background-media":"","overlay-type":"","overlay-color":"","overlay-opacity":"","overlay-gradient":""},"mobile":{"background-color":"","background-image":"","background-repeat":"repeat","background-position":"center center","background-size":"auto","background-attachment":"scroll","background-type":"","background-media":"","overlay-type":"","overlay-color":"","overlay-opacity":"","overlay-gradient":""}},"ast-content-background-meta":{"desktop":{"background-color":"var(--ast-global-color-5)","background-image":"","background-repeat":"repeat","background-position":"center center","background-size":"auto","background-attachment":"scroll","background-type":"","background-media":"","overlay-type":"","overlay-color":"","overlay-opacity":"","overlay-gradient":""},"tablet":{"background-color":"var(--ast-global-color-5)","background-image":"","background-repeat":"repeat","background-position":"center center","background-size":"auto","background-attachment":"scroll","background-type":"","background-media":"","overlay-type":"","overlay-color":"","overlay-opacity":"","overlay-gradient":""},"mobile":{"background-color":"var(--ast-global-color-5)","background-image":"","background-repeat":"repeat","background-position":"center center","background-size":"auto","background-attachment":"scroll","background-type":"","background-media":"","overlay-type":"","overlay-color":"","overlay-opacity":"","overlay-gradient":""}}},"product_brand":[],"product_cat":[2035,2032],"product_tag":[2119,2124,2104,2125,2120,2122,2097,2123,2121,2117,2114,2118],"class_list":{"0":"post-2140","1":"product","2":"type-product","3":"status-publish","4":"has-post-thumbnail","6":"product_cat-high-and-low-voltage-switchgear","7":"product_cat-electrical-equipment","8":"product_tag-12kv-rmu","9":"product_tag-air-insulated-switchgear","10":"product_tag-electrical-switchgear","11":"product_tag-industrial-power-equipment","12":"product_tag-medium-voltage-switchgear","13":"product_tag-metal-enclosed-switchgear","14":"product_tag-power-distribution-equipment","15":"product_tag-ring-network-cabinet","16":"product_tag-sf6-load-break-switch","17":"product_tag-sf6-ring-main-unit","18":"product_tag-substation-equipment","19":"product_tag-xgn15-12-switchgear","20":"desktop-align-left","21":"tablet-align-left","22":"mobile-align-left","24":"first","25":"instock","26":"shipping-taxable","27":"product-type-simple"},"_links":{"self":[{"href":"https:\/\/www.wonzh.com\/es\/wp-json\/wp\/v2\/product\/2140","targetHints":{"allow":["GET"]}}],"collection":[{"href":"https:\/\/www.wonzh.com\/es\/wp-json\/wp\/v2\/product"}],"about":[{"href":"https:\/\/www.wonzh.com\/es\/wp-json\/wp\/v2\/types\/product"}],"replies":[{"embeddable":true,"href":"https:\/\/www.wonzh.com\/es\/wp-json\/wp\/v2\/comments?post=2140"}],"wp:featuredmedia":[{"embeddable":true,"href":"https:\/\/www.wonzh.com\/es\/wp-json\/wp\/v2\/media\/2141"}],"wp:attachment":[{"href":"https:\/\/www.wonzh.com\/es\/wp-json\/wp\/v2\/media?parent=2140"}],"wp:term":[{"taxonomy":"product_brand","embeddable":true,"href":"https:\/\/www.wonzh.com\/es\/wp-json\/wp\/v2\/product_brand?post=2140"},{"taxonomy":"product_cat","embeddable":true,"href":"https:\/\/www.wonzh.com\/es\/wp-json\/wp\/v2\/product_cat?post=2140"},{"taxonomy":"product_tag","embeddable":true,"href":"https:\/\/www.wonzh.com\/es\/wp-json\/wp\/v2\/product_tag?post=2140"}],"curies":[{"name":"wp","href":"https:\/\/api.w.org\/{rel}","templated":true}]}}