{"id":2132,"date":"2026-04-28T15:33:52","date_gmt":"2026-04-28T15:33:52","guid":{"rendered":"https:\/\/www.wonzh.com\/?post_type=product&#038;p=2132"},"modified":"2026-04-29T16:14:16","modified_gmt":"2026-04-29T16:14:16","slug":"gcs-low-voltage-withdrawable-switchgear-up-to-4000a-power-distribution-motor-control-system","status":"publish","type":"product","link":"https:\/\/www.wonzh.com\/es\/product\/gcs-low-voltage-withdrawable-switchgear-up-to-4000a-power-distribution-motor-control-system\/","title":{"rendered":"Aparamenta de baja tensi\u00f3n extra\u00edble GCS (Sistema de distribuci\u00f3n de energ\u00eda y control de motores de hasta 4000 A)"},"content":{"rendered":"<p data-start=\"255\" data-end=\"423\">Las celdas extra\u00edbles de baja tensi\u00f3n de la serie GCS est\u00e1n dise\u00f1adas para la distribuci\u00f3n de potencia, el control de motores y la compensaci\u00f3n de potencia reactiva en los sistemas el\u00e9ctricos modernos.<\/p>\n<p data-start=\"425\" data-end=\"483\">Es adecuado para sistemas de CA trif\u00e1sicos (50 Hz) con<img fetchpriority=\"high\" decoding=\"async\" class=\"size-medium wp-image-2133 alignright\" src=\"https:\/\/www.wonzh.com\/wp-content\/uploads\/2026\/04\/GCS-Low-Voltage-Withdrawable-Switchgear-Up-to-4000A-Power-Distribution-Motor-Control-System-300x300.png\" alt=\"\" width=\"300\" height=\"300\" srcset=\"https:\/\/www.wonzh.com\/wp-content\/uploads\/2026\/04\/GCS-Low-Voltage-Withdrawable-Switchgear-Up-to-4000A-Power-Distribution-Motor-Control-System-300x300.png 300w, https:\/\/www.wonzh.com\/wp-content\/uploads\/2026\/04\/GCS-Low-Voltage-Withdrawable-Switchgear-Up-to-4000A-Power-Distribution-Motor-Control-System-150x150.png 150w, https:\/\/www.wonzh.com\/wp-content\/uploads\/2026\/04\/GCS-Low-Voltage-Withdrawable-Switchgear-Up-to-4000A-Power-Distribution-Motor-Control-System-768x768.png 768w, https:\/\/www.wonzh.com\/wp-content\/uploads\/2026\/04\/GCS-Low-Voltage-Withdrawable-Switchgear-Up-to-4000A-Power-Distribution-Motor-Control-System-12x12.png 12w, https:\/\/www.wonzh.com\/wp-content\/uploads\/2026\/04\/GCS-Low-Voltage-Withdrawable-Switchgear-Up-to-4000A-Power-Distribution-Motor-Control-System-600x600.png 600w, https:\/\/www.wonzh.com\/wp-content\/uploads\/2026\/04\/GCS-Low-Voltage-Withdrawable-Switchgear-Up-to-4000A-Power-Distribution-Motor-Control-System-100x100.png 100w, https:\/\/www.wonzh.com\/wp-content\/uploads\/2026\/04\/GCS-Low-Voltage-Withdrawable-Switchgear-Up-to-4000A-Power-Distribution-Motor-Control-System.png 1000w\" sizes=\"(max-width: 300px) 100vw, 300px\" \/>h:<\/p>\n<ul data-start=\"484\" data-end=\"553\">\n<li data-section-id=\"1ua275e\" data-start=\"484\" data-end=\"518\">Tensi\u00f3n nominal: 400V \/ 690V<\/li>\n<li data-section-id=\"1ui9t9i\" data-start=\"519\" data-end=\"553\">Corriente nominal: hasta 4000A<\/li>\n<\/ul>\n<p data-start=\"555\" data-end=\"789\">El dise\u00f1o modular extra\u00edble permite un funcionamiento flexible, un mantenimiento sencillo y una alta fiabilidad del sistema, por lo que resulta ideal para aplicaciones industriales y de infraestructuras que requieren una gesti\u00f3n continua e inteligente de la energ\u00eda.<\/p>\n<p data-start=\"791\" data-end=\"812\">Se utiliza ampliamente en:<\/p>\n<ul data-start=\"813\" data-end=\"1000\">\n<li data-section-id=\"13gp9hh\" data-start=\"813\" data-end=\"845\">Centrales el\u00e9ctricas y subestaciones<\/li>\n<li data-section-id=\"v68dal\" data-start=\"846\" data-end=\"882\">Industrias petroqu\u00edmica y petrolera<\/li>\n<li data-section-id=\"17rxug5\" data-start=\"883\" data-end=\"929\">Industrias metal\u00fargicas y manufactureras<\/li>\n<li data-section-id=\"18q0d1j\" data-start=\"930\" data-end=\"951\">F\u00e1bricas textiles<\/li>\n<li data-section-id=\"1ij7n1e\" data-start=\"952\" data-end=\"1000\">Edificios altos y complejos comerciales<\/li>\n<\/ul>\n<hr data-start=\"1002\" data-end=\"1005\" \/>\n<h2 data-section-id=\"17fvu7l\" data-start=\"1007\" data-end=\"1025\">Caracter\u00edsticas principales<\/h2>\n<h3 data-section-id=\"1ms3rs4\" data-start=\"1027\" data-end=\"1060\">\u2714 Dise\u00f1o modular extra\u00edble<\/h3>\n<ul data-start=\"1061\" data-end=\"1145\">\n<li data-section-id=\"rzk20g\" data-start=\"1061\" data-end=\"1093\">Unidades funcionales tipo caj\u00f3n<\/li>\n<li data-section-id=\"1bdsdea\" data-start=\"1094\" data-end=\"1145\">F\u00e1cil instalaci\u00f3n, sustituci\u00f3n y mantenimiento<\/li>\n<\/ul>\n<p data-start=\"1147\" data-end=\"1192\">\ud83d\udc49 Reduce el tiempo de inactividad y mejora la eficiencia.<\/p>\n<hr data-start=\"1194\" data-end=\"1197\" \/>\n<h3 data-section-id=\"2w9o6u\" data-start=\"1199\" data-end=\"1230\">\u2714 Alta fiabilidad y seguridad<\/h3>\n<ul data-start=\"1231\" data-end=\"1328\">\n<li data-section-id=\"1gq6mz6\" data-start=\"1231\" data-end=\"1274\">Sistema avanzado de enclavamiento el\u00e9ctrico<\/li>\n<li data-section-id=\"nhyewn\" data-start=\"1275\" data-end=\"1300\">Evita el funcionamiento incorrecto<\/li>\n<li data-section-id=\"1605knx\" data-start=\"1301\" data-end=\"1328\">Garantiza la seguridad del operador<\/li>\n<\/ul>\n<hr data-start=\"1330\" data-end=\"1333\" \/>\n<h3 data-section-id=\"u4z51z\" data-start=\"1335\" data-end=\"1363\">\u2714 Configuraci\u00f3n flexible<\/h3>\n<ul data-start=\"1364\" data-end=\"1455\">\n<li data-section-id=\"sazqw8\" data-start=\"1364\" data-end=\"1455\">Soportes:\n<ul data-start=\"1378\" data-end=\"1455\">\n<li data-section-id=\"1tv7qr1\" data-start=\"1378\" data-end=\"1400\">Distribuci\u00f3n de energ\u00eda<\/li>\n<li data-section-id=\"zm7t8o\" data-start=\"1403\" data-end=\"1426\">Control del motor (MCC)<\/li>\n<li data-section-id=\"yuz8vg\" data-start=\"1429\" data-end=\"1455\">Compensaci\u00f3n de condensadores<\/li>\n<\/ul>\n<\/li>\n<\/ul>\n<p data-start=\"1457\" data-end=\"1504\">\ud83d\udc49 Adecuado para diversos escenarios de aplicaci\u00f3n<\/p>\n<hr data-start=\"1506\" data-end=\"1509\" \/>\n<h3 data-section-id=\"11dpq2p\" data-start=\"1511\" data-end=\"1538\">\u2714 Alta capacidad de corriente<\/h3>\n<ul data-start=\"1539\" data-end=\"1615\">\n<li data-section-id=\"1udyif0\" data-start=\"1539\" data-end=\"1572\">Corriente nominal hasta 4000A<\/li>\n<li data-section-id=\"11waltv\" data-start=\"1573\" data-end=\"1615\">Adecuado para sistemas de energ\u00eda a gran escala<\/li>\n<\/ul>\n<hr data-start=\"1617\" data-end=\"1620\" \/>\n<h3 data-section-id=\"56aejm\" data-start=\"1622\" data-end=\"1658\">\u2714 Capacidad de control inteligente<\/h3>\n<ul data-start=\"1659\" data-end=\"1759\">\n<li data-section-id=\"1q3ju9x\" data-start=\"1659\" data-end=\"1697\">Compatible con sistemas de automatizaci\u00f3n<\/li>\n<li data-section-id=\"ls73aw\" data-start=\"1698\" data-end=\"1759\">Admite la comunicaci\u00f3n con ordenadores y sistemas de control<\/li>\n<\/ul>\n<p data-start=\"1761\" data-end=\"1813\">\ud83d\udc49 Ideal para f\u00e1bricas inteligentes y sistemas automatizados<\/p>\n<hr data-start=\"1815\" data-end=\"1818\" \/>\n<h3 data-section-id=\"1hweg03\" data-start=\"1820\" data-end=\"1845\">\u2714 Gran adaptabilidad<\/h3>\n<ul data-start=\"1846\" data-end=\"1942\">\n<li data-section-id=\"ug4n5v\" data-start=\"1846\" data-end=\"1892\">Adecuado para entornos industriales dif\u00edciles<\/li>\n<li data-section-id=\"1e4pl9p\" data-start=\"1893\" data-end=\"1942\">Rendimiento estable en funcionamiento continuo<\/li>\n<\/ul>\n<hr data-start=\"1944\" data-end=\"1947\" \/>\n<h2 data-section-id=\"1hq6i26\" data-start=\"1949\" data-end=\"1972\">\ud83d\udd39 Dise\u00f1o estructural<\/h2>\n<h3 data-section-id=\"1xh03j4\" data-start=\"1974\" data-end=\"1998\">\ud83d\udd38 Estructura del armario<\/h3>\n<ul data-start=\"1999\" data-end=\"2099\">\n<li data-section-id=\"rca4d3\" data-start=\"1999\" data-end=\"2030\">Estructura modular ensamblada<\/li>\n<li data-section-id=\"i5treg\" data-start=\"2031\" data-end=\"2060\">Bastidor de acero de alta resistencia<\/li>\n<li data-section-id=\"1bdd9s6\" data-start=\"2061\" data-end=\"2099\">Dise\u00f1o compacto y compacto<\/li>\n<\/ul>\n<hr data-start=\"2101\" data-end=\"2104\" \/>\n<h3 data-section-id=\"v76t0e\" data-start=\"2106\" data-end=\"2131\">\ud83d\udd38 Unidades retirables<\/h3>\n<ul data-start=\"2132\" data-end=\"2221\">\n<li data-section-id=\"gzz3tl\" data-start=\"2132\" data-end=\"2175\">Dise\u00f1o tipo caj\u00f3n para unidades funcionales<\/li>\n<li data-section-id=\"mhiher\" data-start=\"2176\" data-end=\"2221\">M\u00f3dulos estandarizados para facilitar la sustituci\u00f3n<\/li>\n<\/ul>\n<p data-start=\"2223\" data-end=\"2234\">\u27a1 Beneficios:<\/p>\n<ul data-start=\"2235\" data-end=\"2277\">\n<li data-section-id=\"1o62h68\" data-start=\"2235\" data-end=\"2256\">Mantenimiento r\u00e1pido<\/li>\n<li data-section-id=\"16zesr\" data-start=\"2257\" data-end=\"2277\">Reducci\u00f3n del tiempo de inactividad<\/li>\n<\/ul>\n<hr data-start=\"2279\" data-end=\"2282\" \/>\n<h3 data-section-id=\"1tnodmb\" data-start=\"2284\" data-end=\"2304\">\ud83d\udd38 Sistema de barras colectoras<\/h3>\n<ul data-start=\"2305\" data-end=\"2383\">\n<li data-section-id=\"rj0pb8\" data-start=\"2305\" data-end=\"2341\">Barras conductoras de cobre de alta conductividad<\/li>\n<li data-section-id=\"11i1xl1\" data-start=\"2342\" data-end=\"2383\">Disposici\u00f3n optimizada para la disipaci\u00f3n del calor<\/li>\n<\/ul>\n<p data-start=\"2385\" data-end=\"2396\">\u27a1 Caracter\u00edsticas:<\/p>\n<ul data-start=\"2397\" data-end=\"2447\">\n<li data-section-id=\"11d9kpn\" data-start=\"2397\" data-end=\"2422\">Alta capacidad de corriente<\/li>\n<li data-section-id=\"173shq5\" data-start=\"2423\" data-end=\"2447\">Bajo aumento de temperatura<\/li>\n<\/ul>\n<hr data-start=\"2449\" data-end=\"2452\" \/>\n<h3 data-section-id=\"1x6mgn9\" data-start=\"2454\" data-end=\"2478\">\ud83d\udd38 Sistema de protecci\u00f3n<\/h3>\n<ul data-start=\"2479\" data-end=\"2590\">\n<li data-section-id=\"1qpbf50\" data-start=\"2479\" data-end=\"2590\">Funciones de protecci\u00f3n completas:\n<ul data-start=\"2514\" data-end=\"2590\">\n<li data-section-id=\"14s7m03\" data-start=\"2514\" data-end=\"2537\">Protecci\u00f3n contra sobrecargas<\/li>\n<li data-section-id=\"xnufhj\" data-start=\"2540\" data-end=\"2568\">Protecci\u00f3n contra cortocircuitos<\/li>\n<li data-section-id=\"1gniwxy\" data-start=\"2571\" data-end=\"2590\">Aislamiento de fallos<\/li>\n<\/ul>\n<\/li>\n<\/ul>\n<hr data-start=\"2592\" data-end=\"2595\" \/>\n<h3 data-section-id=\"jsk2jm\" data-start=\"2597\" data-end=\"2627\">\ud83d\udd38 Control y comunicaci\u00f3n<\/h3>\n<ul data-start=\"2628\" data-end=\"2710\">\n<li data-section-id=\"12xyfr6\" data-start=\"2628\" data-end=\"2667\">Admite PLC e interfaz de ordenador<\/li>\n<li data-section-id=\"bkrhvp\" data-start=\"2668\" data-end=\"2710\">Adecuado para sistemas de control automatizados<\/li>\n<\/ul>\n<hr data-start=\"2712\" data-end=\"2715\" \/>\n<h2 data-section-id=\"15du31k\" data-start=\"2717\" data-end=\"2735\">Aplicaciones<\/h2>\n<ul data-start=\"2737\" data-end=\"2922\">\n<li data-section-id=\"19y712\" data-start=\"2737\" data-end=\"2782\">Sistemas de generaci\u00f3n y distribuci\u00f3n de energ\u00eda<\/li>\n<li data-section-id=\"1qs4a2s\" data-start=\"2783\" data-end=\"2807\">Plantas petroqu\u00edmicas<\/li>\n<li data-section-id=\"1y4z0ss\" data-start=\"2808\" data-end=\"2847\">Instalaciones de fabricaci\u00f3n industrial<\/li>\n<li data-section-id=\"6m4zjg\" data-start=\"2848\" data-end=\"2894\">Edificios altos y centros comerciales<\/li>\n<li data-section-id=\"1e17v55\" data-start=\"2895\" data-end=\"2922\">Proyectos de infraestructuras<\/li>\n<\/ul>\n<hr data-start=\"2924\" data-end=\"2927\" \/>\n<h2 data-section-id=\"1rg4wz9\" data-start=\"2929\" data-end=\"2953\">\ud83d\udd39 Resumen de ventajas<\/h2>\n<ul data-start=\"2955\" data-end=\"3197\">\n<li data-section-id=\"z0351a\" data-start=\"2955\" data-end=\"2986\">Dise\u00f1o modular extra\u00edble<\/li>\n<li data-section-id=\"1wao6ap\" data-start=\"2987\" data-end=\"3018\">Alta seguridad y fiabilidad<\/li>\n<li data-section-id=\"1q8mitz\" data-start=\"3019\" data-end=\"3068\">Configuraci\u00f3n flexible para m\u00faltiples funciones<\/li>\n<li data-section-id=\"82rthe\" data-start=\"3069\" data-end=\"3109\">Compatible con sistemas de control inteligentes<\/li>\n<li data-section-id=\"1am4nmt\" data-start=\"3110\" data-end=\"3144\">F\u00e1cil mantenimiento y funcionamiento<\/li>\n<li data-section-id=\"1kvgnyc\" data-start=\"3145\" data-end=\"3197\">Adecuado para aplicaciones industriales a gran escala<\/li>\n<\/ul>\n<hr data-start=\"3199\" data-end=\"3202\" \/>\n<h1 data-section-id=\"1lxd8kj\" data-start=\"3204\" data-end=\"3211\">PREGUNTAS FRECUENTES<\/h1>\n<h3 data-section-id=\"n1rjwe\" data-start=\"3213\" data-end=\"3255\">1\ufe0f\u20e3 \u00bfQu\u00e9 es un cuadro de distribuci\u00f3n extra\u00edble?<\/h3>\n<p data-start=\"3257\" data-end=\"3384\">Una aparamenta extra\u00edble utiliza unidades de tipo caj\u00f3n que pueden retirarse o sustituirse sin desconectar todo el sistema.<\/p>\n<p data-start=\"3386\" data-end=\"3449\">\ud83d\udc49 Esto mejora la eficiencia del mantenimiento y la fiabilidad del sistema.<\/p>\n<hr data-start=\"3451\" data-end=\"3454\" \/>\n<h3 data-section-id=\"vheh8a\" data-start=\"3456\" data-end=\"3520\">2\ufe0f\u20e3 \u00bfCu\u00e1l es la diferencia entre GCS y aparamenta fija?<\/h3>\n<ul data-start=\"3522\" data-end=\"3624\">\n<li data-section-id=\"fkedhn\" data-start=\"3522\" data-end=\"3575\">GCS: Extra\u00edble, flexible, f\u00e1cil mantenimiento<\/li>\n<li data-section-id=\"zfbo4r\" data-start=\"3576\" data-end=\"3624\">Tipo fijo: Menor coste pero menos flexible<\/li>\n<\/ul>\n<p data-start=\"3626\" data-end=\"3676\">\ud83d\udc49 GCS es mejor para sistemas complejos y cr\u00edticos.<\/p>\n<hr data-start=\"3678\" data-end=\"3681\" \/>\n<h3 data-section-id=\"17jpg85\" data-start=\"3683\" data-end=\"3748\">3\ufe0f\u20e3 \u00bfSe puede integrar la aparamenta GCS con los sistemas de automatizaci\u00f3n?<\/h3>\n<p data-start=\"3750\" data-end=\"3767\">S\u00ed, es compatible:<\/p>\n<ul data-start=\"3768\" data-end=\"3833\">\n<li data-section-id=\"11o480x\" data-start=\"3768\" data-end=\"3783\">Sistemas PLC<\/li>\n<li data-section-id=\"f41at5\" data-start=\"3784\" data-end=\"3807\">Interfaces inform\u00e1ticas<\/li>\n<li data-section-id=\"ecp77k\" data-start=\"3808\" data-end=\"3833\">Sistemas de control inteligentes<\/li>\n<\/ul>\n<p data-start=\"3835\" data-end=\"3886\">\ud83d\udc49 Ideal para automatizaci\u00f3n industrial y redes inteligentes.<\/p>\n<hr data-start=\"3888\" data-end=\"3891\" \/>\n<h3 data-section-id=\"1a8r5p4\" data-start=\"3893\" data-end=\"3945\">4\ufe0f\u20e3 \u00bfQu\u00e9 industrias utilizan habitualmente aparamenta GCS?<\/h3>\n<p data-start=\"3947\" data-end=\"3968\">Se utiliza ampliamente en:<\/p>\n<ul data-start=\"3969\" data-end=\"4062\">\n<li data-section-id=\"1q4mphf\" data-start=\"3969\" data-end=\"3985\">Centrales el\u00e9ctricas<\/li>\n<li data-section-id=\"njd3e2\" data-start=\"3986\" data-end=\"4012\">Industria petroqu\u00edmica<\/li>\n<li data-section-id=\"u3fi1o\" data-start=\"4013\" data-end=\"4037\">Plantas de fabricaci\u00f3n<\/li>\n<li data-section-id=\"hfihxt\" data-start=\"4038\" data-end=\"4062\">Edificios comerciales<\/li>\n<\/ul>","protected":false},"excerpt":{"rendered":"<p data-start=\"255\" data-end=\"423\">Las celdas extra\u00edbles de baja tensi\u00f3n de la serie GCS est\u00e1n dise\u00f1adas para la distribuci\u00f3n de potencia, el control de motores y la compensaci\u00f3n de potencia reactiva en los sistemas el\u00e9ctricos modernos.<\/p>\n<p data-start=\"425\" data-end=\"483\">Es adecuado para sistemas de CA trif\u00e1sicos (50 Hz) con:<\/p>\n<ul data-start=\"484\" data-end=\"553\">\n<li data-section-id=\"1ua275e\" data-start=\"484\" data-end=\"518\">Tensi\u00f3n nominal: 400V \/ 690V<\/li>\n<li data-section-id=\"1ui9t9i\" data-start=\"519\" data-end=\"553\">Corriente nominal: hasta 4000A<\/li>\n<\/ul>","protected":false},"featured_media":2133,"comment_status":"open","ping_status":"closed","template":"","meta":{"site-sidebar-layout":"default","site-content-layout":"","ast-site-content-layout":"default","site-content-style":"default","site-sidebar-style":"default","ast-global-header-display":"","ast-banner-title-visibility":"","ast-main-header-display":"","ast-hfb-above-header-display":"","ast-hfb-below-header-display":"","ast-hfb-mobile-header-display":"","site-post-title":"","ast-breadcrumbs-content":"","ast-featured-img":"","footer-sml-layout":"","ast-disable-related-posts":"","theme-transparent-header-meta":"default","adv-header-id-meta":"","stick-header-meta":"","header-above-stick-meta":"","header-main-stick-meta":"","header-below-stick-meta":"","astra-migrate-meta-layouts":"set","ast-page-background-enabled":"default","ast-page-background-meta":{"desktop":{"background-color":"","background-image":"","background-repeat":"repeat","background-position":"center center","background-size":"auto","background-attachment":"scroll","background-type":"","background-media":"","overlay-type":"","overlay-color":"","overlay-opacity":"","overlay-gradient":""},"tablet":{"background-color":"","background-image":"","background-repeat":"repeat","background-position":"center center","background-size":"auto","background-attachment":"scroll","background-type":"","background-media":"","overlay-type":"","overlay-color":"","overlay-opacity":"","overlay-gradient":""},"mobile":{"background-color":"","background-image":"","background-repeat":"repeat","background-position":"center center","background-size":"auto","background-attachment":"scroll","background-type":"","background-media":"","overlay-type":"","overlay-color":"","overlay-opacity":"","overlay-gradient":""}},"ast-content-background-meta":{"desktop":{"background-color":"var(--ast-global-color-5)","background-image":"","background-repeat":"repeat","background-position":"center center","background-size":"auto","background-attachment":"scroll","background-type":"","background-media":"","overlay-type":"","overlay-color":"","overlay-opacity":"","overlay-gradient":""},"tablet":{"background-color":"var(--ast-global-color-5)","background-image":"","background-repeat":"repeat","background-position":"center center","background-size":"auto","background-attachment":"scroll","background-type":"","background-media":"","overlay-type":"","overlay-color":"","overlay-opacity":"","overlay-gradient":""},"mobile":{"background-color":"var(--ast-global-color-5)","background-image":"","background-repeat":"repeat","background-position":"center center","background-size":"auto","background-attachment":"scroll","background-type":"","background-media":"","overlay-type":"","overlay-color":"","overlay-opacity":"","overlay-gradient":""}}},"product_brand":[],"product_cat":[2035,2032],"product_tag":[2096,2043,2093,2099,2094,2098,2097,2100,2101,2095],"class_list":{"0":"post-2132","1":"product","2":"type-product","3":"status-publish","4":"has-post-thumbnail","6":"product_cat-high-and-low-voltage-switchgear","7":"product_cat-electrical-equipment","8":"product_tag-electrical-cabinet","9":"product_tag-electrical-equipment","10":"product_tag-gcs-switchgear","11":"product_tag-industrial-switchgear","12":"product_tag-low-voltage-switchgear","13":"product_tag-mcc-panel","14":"product_tag-power-distribution-equipment","15":"product_tag-smart-switchgear","16":"product_tag-transformer-equipment","17":"product_tag-withdrawable-switchgear","18":"desktop-align-left","19":"tablet-align-left","20":"mobile-align-left","22":"first","23":"instock","24":"shipping-taxable","25":"product-type-simple"},"_links":{"self":[{"href":"https:\/\/www.wonzh.com\/es\/wp-json\/wp\/v2\/product\/2132","targetHints":{"allow":["GET"]}}],"collection":[{"href":"https:\/\/www.wonzh.com\/es\/wp-json\/wp\/v2\/product"}],"about":[{"href":"https:\/\/www.wonzh.com\/es\/wp-json\/wp\/v2\/types\/product"}],"replies":[{"embeddable":true,"href":"https:\/\/www.wonzh.com\/es\/wp-json\/wp\/v2\/comments?post=2132"}],"wp:featuredmedia":[{"embeddable":true,"href":"https:\/\/www.wonzh.com\/es\/wp-json\/wp\/v2\/media\/2133"}],"wp:attachment":[{"href":"https:\/\/www.wonzh.com\/es\/wp-json\/wp\/v2\/media?parent=2132"}],"wp:term":[{"taxonomy":"product_brand","embeddable":true,"href":"https:\/\/www.wonzh.com\/es\/wp-json\/wp\/v2\/product_brand?post=2132"},{"taxonomy":"product_cat","embeddable":true,"href":"https:\/\/www.wonzh.com\/es\/wp-json\/wp\/v2\/product_cat?post=2132"},{"taxonomy":"product_tag","embeddable":true,"href":"https:\/\/www.wonzh.com\/es\/wp-json\/wp\/v2\/product_tag?post=2132"}],"curies":[{"name":"wp","href":"https:\/\/api.w.org\/{rel}","templated":true}]}}