{"id":2118,"date":"2026-04-28T14:17:30","date_gmt":"2026-04-28T14:17:30","guid":{"rendered":"https:\/\/www.wonzh.com\/?post_type=product&#038;p=2118"},"modified":"2026-04-29T16:14:59","modified_gmt":"2026-04-29T16:14:59","slug":"scb11-epoxy-resin-cast-dry-type-transformer","status":"publish","type":"product","link":"https:\/\/www.wonzh.com\/es\/product\/scb11-epoxy-resin-cast-dry-type-transformer\/","title":{"rendered":"SCB11 Transformador de potencia de colada en seco de resina epoxi (tipo de bajas p\u00e9rdidas y bajo consumo)"},"content":{"rendered":"<p data-start=\"235\" data-end=\"430\"><img fetchpriority=\"high\" decoding=\"async\" class=\"size-medium wp-image-2120 alignright\" src=\"https:\/\/www.wonzh.com\/wp-content\/uploads\/2026\/04\/SCB11-Epoxy-Resin-Cast-Dry-Type-Power-Transformer-Low-Loss-Energy-Efficient-Type-3-300x300.png\" alt=\"\" width=\"300\" height=\"300\" srcset=\"https:\/\/www.wonzh.com\/wp-content\/uploads\/2026\/04\/SCB11-Epoxy-Resin-Cast-Dry-Type-Power-Transformer-Low-Loss-Energy-Efficient-Type-3-300x300.png 300w, https:\/\/www.wonzh.com\/wp-content\/uploads\/2026\/04\/SCB11-Epoxy-Resin-Cast-Dry-Type-Power-Transformer-Low-Loss-Energy-Efficient-Type-3-150x150.png 150w, https:\/\/www.wonzh.com\/wp-content\/uploads\/2026\/04\/SCB11-Epoxy-Resin-Cast-Dry-Type-Power-Transformer-Low-Loss-Energy-Efficient-Type-3-768x768.png 768w, https:\/\/www.wonzh.com\/wp-content\/uploads\/2026\/04\/SCB11-Epoxy-Resin-Cast-Dry-Type-Power-Transformer-Low-Loss-Energy-Efficient-Type-3-12x12.png 12w, https:\/\/www.wonzh.com\/wp-content\/uploads\/2026\/04\/SCB11-Epoxy-Resin-Cast-Dry-Type-Power-Transformer-Low-Loss-Energy-Efficient-Type-3-600x600.png 600w, https:\/\/www.wonzh.com\/wp-content\/uploads\/2026\/04\/SCB11-Epoxy-Resin-Cast-Dry-Type-Power-Transformer-Low-Loss-Energy-Efficient-Type-3-100x100.png 100w, https:\/\/www.wonzh.com\/wp-content\/uploads\/2026\/04\/SCB11-Epoxy-Resin-Cast-Dry-Type-Power-Transformer-Low-Loss-Energy-Efficient-Type-3.png 1000w\" sizes=\"(max-width: 300px) 100vw, 300px\" \/>El transformador seco de fundici\u00f3n de resina epoxi SCB11 es una versi\u00f3n mejorada de la serie SCB10, dise\u00f1ada con menores p\u00e9rdidas, mayor eficiencia energ\u00e9tica y mayor fiabilidad operativa.<\/p>\n<p data-start=\"432\" data-end=\"605\">Fabricado con tecnolog\u00eda de fundici\u00f3n avanzada, materiales de alta calidad y procesos de producci\u00f3n precisos, ofrece un excelente rendimiento el\u00e9ctrico y una larga vida \u00fatil.<\/p>\n<p data-start=\"607\" data-end=\"749\">Este transformador no contiene aceite, es resistente al fuego y respetuoso con el medio ambiente, por lo que es ideal para aplicaciones de interior y cr\u00edticas para la seguridad.<\/p>\n<p data-start=\"751\" data-end=\"772\">Se utiliza ampliamente en:<\/p>\n<ul data-start=\"773\" data-end=\"923\">\n<li data-section-id=\"ov2w8z\" data-start=\"773\" data-end=\"796\">Edificios altos<\/li>\n<li data-section-id=\"1yjht70\" data-start=\"797\" data-end=\"819\">Centros comerciales<\/li>\n<li data-section-id=\"1usaqco\" data-start=\"820\" data-end=\"844\">Aeropuertos y t\u00faneles<\/li>\n<li data-section-id=\"11epkig\" data-start=\"845\" data-end=\"864\">Plantas qu\u00edmicas<\/li>\n<li data-section-id=\"qf2vj0\" data-start=\"865\" data-end=\"891\">Centrales nucleares<\/li>\n<li data-section-id=\"5nxb0l\" data-start=\"892\" data-end=\"923\">Sistemas marinos y offshore<\/li>\n<\/ul>\n<hr data-start=\"925\" data-end=\"928\" \/>\n<h2 data-section-id=\"g4vs8k\" data-start=\"930\" data-end=\"956\">\ud83d\udd39 Cumplimiento de las normas<\/h2>\n<ul data-start=\"958\" data-end=\"1274\">\n<li data-section-id=\"1t9ehtv\" data-start=\"958\" data-end=\"1008\">IEC 60076-11 - Transformadores de potencia de tipo seco<\/li>\n<li data-section-id=\"1cu5kzl\" data-start=\"1009\" data-end=\"1049\">GB\/T 1094.1 - Transformadores de potencia<\/li>\n<li data-section-id=\"12jd1ed\" data-start=\"1050\" data-end=\"1094\">GB\/T 1094.11 - Transformadores secos<\/li>\n<li data-section-id=\"2b1ch6\" data-start=\"1095\" data-end=\"1164\">GB\/T 10228 - Requisitos t\u00e9cnicos de los transformadores en seco<\/li>\n<li data-section-id=\"1nzvw4u\" data-start=\"1165\" data-end=\"1224\">JB\/T 10088 - Nivel sonoro de los transformadores de 6kV-500kV<\/li>\n<li data-section-id=\"16sztuj\" data-start=\"1225\" data-end=\"1274\">GB 20052-2020 - Normas de eficiencia energ\u00e9tica<\/li>\n<\/ul>\n<hr data-start=\"1276\" data-end=\"1279\" \/>\n<h2 data-section-id=\"17fvu7l\" data-start=\"1281\" data-end=\"1299\">Caracter\u00edsticas principales<\/h2>\n<h3 data-section-id=\"1bk7ou6\" data-start=\"1301\" data-end=\"1331\">\u2714 Mayor eficiencia energ\u00e9tica<\/h3>\n<ul data-start=\"1332\" data-end=\"1458\">\n<li data-section-id=\"1c5yyc9\" data-start=\"1332\" data-end=\"1376\">Menores p\u00e9rdidas en vac\u00edo y en carga que SCB10<\/li>\n<li data-section-id=\"13bj96\" data-start=\"1377\" data-end=\"1420\">Cumple los requisitos modernos de ahorro de energ\u00eda<\/li>\n<li data-section-id=\"1362i6d\" data-start=\"1421\" data-end=\"1458\">Reduce los costes de explotaci\u00f3n a lo largo del tiempo<\/li>\n<\/ul>\n<hr data-start=\"1460\" data-end=\"1463\" \/>\n<h3 data-section-id=\"xrppzx\" data-start=\"1465\" data-end=\"1500\">\u2714 Alta seguridad y resistencia al fuego<\/h3>\n<ul data-start=\"1501\" data-end=\"1635\">\n<li data-section-id=\"2hl2rz\" data-start=\"1501\" data-end=\"1544\">El dise\u00f1o sin aceite elimina el riesgo de incendio<\/li>\n<li data-section-id=\"1iz7znm\" data-start=\"1545\" data-end=\"1587\">No t\u00f3xico y respetuoso con el medio ambiente<\/li>\n<li data-section-id=\"1hbfpug\" data-start=\"1588\" data-end=\"1635\">Adecuado para su instalaci\u00f3n cerca de centros de carga<\/li>\n<\/ul>\n<hr data-start=\"1637\" data-end=\"1640\" \/>\n<h3 data-section-id=\"d5sgrf\" data-start=\"1642\" data-end=\"1684\">\u2714 Alta fiabilidad y larga vida \u00fatil<\/h3>\n<ul data-start=\"1685\" data-end=\"1804\">\n<li data-section-id=\"bi6h0g\" data-start=\"1685\" data-end=\"1725\">Proceso avanzado de fundici\u00f3n de resina epoxi<\/li>\n<li data-section-id=\"1c490t9\" data-start=\"1726\" data-end=\"1757\">Bajo nivel de descarga parcial<\/li>\n<li data-section-id=\"1dwz9yg\" data-start=\"1758\" data-end=\"1804\">Excelente estabilidad t\u00e9rmica y durabilidad<\/li>\n<\/ul>\n<hr data-start=\"1806\" data-end=\"1809\" \/>\n<h3 data-section-id=\"l9y0hl\" data-start=\"1811\" data-end=\"1843\">\u2714 Gran capacidad de sobrecarga<\/h3>\n<ul data-start=\"1844\" data-end=\"1927\">\n<li data-section-id=\"15of4r\" data-start=\"1844\" data-end=\"1872\">Sistema de refrigeraci\u00f3n eficiente<\/li>\n<li data-section-id=\"1i5hu2f\" data-start=\"1873\" data-end=\"1927\">Admite refrigeraci\u00f3n por aire forzado para aumentar la capacidad<\/li>\n<\/ul>\n<hr data-start=\"1929\" data-end=\"1932\" \/>\n<h3 data-section-id=\"u1jwb0\" data-start=\"1934\" data-end=\"1979\">\u2714 Resistencia a la humedad y a entornos agresivos<\/h3>\n<ul data-start=\"1980\" data-end=\"2084\">\n<li data-section-id=\"if9zqc\" data-start=\"1980\" data-end=\"2033\">Excelente rendimiento en condiciones de alta humedad<\/li>\n<li data-section-id=\"1o770jo\" data-start=\"2034\" data-end=\"2084\">Adecuado para entornos industriales exigentes<\/li>\n<\/ul>\n<hr data-start=\"2086\" data-end=\"2089\" \/>\n<h3 data-section-id=\"5dsqk\" data-start=\"2091\" data-end=\"2126\">\u2714 Sistema de supervisi\u00f3n inteligente<\/h3>\n<ul data-start=\"2127\" data-end=\"2269\">\n<li data-section-id=\"uteb38\" data-start=\"2127\" data-end=\"2175\">Control de la temperatura de los devanados en tiempo real<\/li>\n<li data-section-id=\"143wrmj\" data-start=\"2176\" data-end=\"2201\">Control autom\u00e1tico del ventilador<\/li>\n<li data-section-id=\"36ajnw\" data-start=\"2202\" data-end=\"2231\">Alarma y protecci\u00f3n contra desconexi\u00f3n<\/li>\n<li data-section-id=\"1yt3w6j\" data-start=\"2232\" data-end=\"2269\">Sistema de supervisi\u00f3n remota opcional<\/li>\n<\/ul>\n<hr data-start=\"2271\" data-end=\"2274\" \/>\n<h3 data-section-id=\"129yrz8\" data-start=\"2276\" data-end=\"2319\">\u2714 Instalaci\u00f3n compacta y rentable<\/h3>\n<ul data-start=\"2320\" data-end=\"2390\">\n<li data-section-id=\"z73dtz\" data-start=\"2320\" data-end=\"2350\">Tama\u00f1o reducido y peso ligero<\/li>\n<li data-section-id=\"1ed73f8\" data-start=\"2351\" data-end=\"2390\">Espacio y coste de instalaci\u00f3n reducidos<\/li>\n<\/ul>\n<hr data-start=\"2392\" data-end=\"2395\" \/>\n<h2 data-section-id=\"1hq6i26\" data-start=\"2397\" data-end=\"2420\">\ud83d\udd39 Dise\u00f1o estructural<\/h2>\n<h3 data-section-id=\"1oaxluj\" data-start=\"2422\" data-end=\"2449\">\ud83d\udd38 Bobinado de alta tensi\u00f3n<\/h3>\n<ul data-start=\"2450\" data-end=\"2586\">\n<li data-section-id=\"1rs2wlq\" data-start=\"2450\" data-end=\"2488\">Conductores de l\u00e1mina de cobre sin ox\u00edgeno<\/li>\n<li data-section-id=\"3ff1a0\" data-start=\"2489\" data-end=\"2518\">Sistema de aislamiento de clase F<\/li>\n<li data-section-id=\"4z6hz8\" data-start=\"2519\" data-end=\"2555\">Estructura reforzada con fibra de vidrio<\/li>\n<li data-section-id=\"dv6lws\" data-start=\"2556\" data-end=\"2586\">Colada al vac\u00edo de resina epoxi<\/li>\n<\/ul>\n<p data-start=\"2588\" data-end=\"2599\">\u27a1 Beneficios:<\/p>\n<ul data-start=\"2600\" data-end=\"2691\">\n<li data-section-id=\"19zadxp\" data-start=\"2600\" data-end=\"2628\">Alta resistencia el\u00e9ctrica<\/li>\n<li data-section-id=\"6ehatn\" data-start=\"2629\" data-end=\"2654\">Baja descarga parcial<\/li>\n<li data-section-id=\"1b4urz8\" data-start=\"2655\" data-end=\"2691\">Excelente rendimiento aislante<\/li>\n<\/ul>\n<hr data-start=\"2693\" data-end=\"2696\" \/>\n<h3 data-section-id=\"vz1dz5\" data-start=\"2698\" data-end=\"2724\">\ud83d\udd38 Bobinado de baja tensi\u00f3n<\/h3>\n<ul data-start=\"2725\" data-end=\"2845\">\n<li data-section-id=\"1maj4yk\" data-start=\"2725\" data-end=\"2772\">Bobinado de l\u00e1mina de cobre con aislamiento de clase F<\/li>\n<li data-section-id=\"10wylr8\" data-start=\"2773\" data-end=\"2803\">Conductos de aire de refrigeraci\u00f3n integrados<\/li>\n<li data-section-id=\"vblrvo\" data-start=\"2804\" data-end=\"2845\">Sellado de resina para una mayor durabilidad<\/li>\n<\/ul>\n<p data-start=\"2847\" data-end=\"2858\">\u27a1 Proporciona:<\/p>\n<ul data-start=\"2859\" data-end=\"2925\">\n<li data-section-id=\"u66b5g\" data-start=\"2859\" data-end=\"2894\">Gran resistencia al cortocircuito<\/li>\n<li data-section-id=\"7gsig0\" data-start=\"2895\" data-end=\"2925\">Eficaz disipaci\u00f3n del calor<\/li>\n<\/ul>\n<hr data-start=\"2927\" data-end=\"2930\" \/>\n<h3 data-section-id=\"mp6v7c\" data-start=\"2932\" data-end=\"2943\">N\u00facleo<\/h3>\n<ul data-start=\"2944\" data-end=\"3064\">\n<li data-section-id=\"1i8lzu9\" data-start=\"2944\" data-end=\"3001\">Acero al silicio de grano orientado de alta calidad laminado en fr\u00edo<\/li>\n<li data-section-id=\"18m9khk\" data-start=\"3002\" data-end=\"3034\">Estructura de junta escalonada de 45<\/li>\n<li data-section-id=\"1gp9gfs\" data-start=\"3035\" data-end=\"3064\">Sistema de sujeci\u00f3n cortado con l\u00e1ser<\/li>\n<\/ul>\n<p data-start=\"3066\" data-end=\"3077\">\u27a1 Caracter\u00edsticas:<\/p>\n<ul data-start=\"3078\" data-end=\"3145\">\n<li data-section-id=\"tkh7rp\" data-start=\"3078\" data-end=\"3098\">Baja p\u00e9rdida en vac\u00edo<\/li>\n<li data-section-id=\"1gveydu\" data-start=\"3099\" data-end=\"3116\">Reducci\u00f3n del ruido<\/li>\n<li data-section-id=\"1s47fpa\" data-start=\"3117\" data-end=\"3145\">Alta resistencia estructural<\/li>\n<\/ul>\n<hr data-start=\"3147\" data-end=\"3150\" \/>\n<h2 data-section-id=\"15du31k\" data-start=\"3152\" data-end=\"3170\">Aplicaciones<\/h2>\n<ul data-start=\"3172\" data-end=\"3353\">\n<li data-section-id=\"kec6b0\" data-start=\"3172\" data-end=\"3210\">Edificios y complejos comerciales<\/li>\n<li data-section-id=\"1b8blr8\" data-start=\"3211\" data-end=\"3241\">Aeropuertos y metro<\/li>\n<li data-section-id=\"x7ouso\" data-start=\"3242\" data-end=\"3287\">Plantas industriales e industrias qu\u00edmicas<\/li>\n<li data-section-id=\"eogvhd\" data-start=\"3288\" data-end=\"3316\">Salas de distribuci\u00f3n de energ\u00eda<\/li>\n<li data-section-id=\"1ggvioq\" data-start=\"3317\" data-end=\"3353\">Aplicaciones marinas y en alta mar<\/li>\n<\/ul>\n<hr data-start=\"3355\" data-end=\"3358\" \/>\n<h2 data-section-id=\"1rg4wz9\" data-start=\"3360\" data-end=\"3384\">\ud83d\udd39 Resumen de ventajas<\/h2>\n<ul data-start=\"3386\" data-end=\"3610\">\n<li data-section-id=\"4478bs\" data-start=\"3386\" data-end=\"3411\">Menor p\u00e9rdida que SCB10<\/li>\n<li data-section-id=\"1s4bb9e\" data-start=\"3412\" data-end=\"3458\">Ahorro de energ\u00eda y respeto por el medio ambiente<\/li>\n<li data-section-id=\"swjw0r\" data-start=\"3459\" data-end=\"3493\">Ign\u00edfugo y sin mantenimiento<\/li>\n<li data-section-id=\"vhoyyl\" data-start=\"3494\" data-end=\"3532\">Alta fiabilidad y larga vida \u00fatil<\/li>\n<li data-section-id=\"oc6tql\" data-start=\"3533\" data-end=\"3564\">Capacidad de supervisi\u00f3n inteligente<\/li>\n<li data-section-id=\"1tttck1\" data-start=\"3565\" data-end=\"3610\">Adecuado para aplicaciones cr\u00edticas en interiores<\/li>\n<\/ul>\n<hr data-start=\"3612\" data-end=\"3615\" \/>\n<h1 data-section-id=\"1lxd8kj\" data-start=\"3617\" data-end=\"3624\">PREGUNTAS FRECUENTES<\/h1>\n<h3 data-section-id=\"gnwdjm\" data-start=\"3626\" data-end=\"3694\">1\ufe0f\u20e3 \u00bfCu\u00e1l es la diferencia entre los transformadores SCB10 y SCB11?<\/h3>\n<p data-start=\"3696\" data-end=\"3791\">El transformador SCB11 ofrece menores p\u00e9rdidas y mayor eficiencia energ\u00e9tica que el SCB10.<\/p>\n<p data-start=\"3793\" data-end=\"3894\">\ud83d\udc49 Es m\u00e1s adecuado para proyectos que requieren un rendimiento de ahorro energ\u00e9tico y una reducci\u00f3n de costes a largo plazo.<\/p>\n<hr data-start=\"3896\" data-end=\"3899\" \/>\n<h3 data-section-id=\"17jktbc\" data-start=\"3901\" data-end=\"3951\">2\ufe0f\u20e3 \u00bfEs SCB11 adecuado para su instalaci\u00f3n en interiores?<\/h3>\n<p data-start=\"3953\" data-end=\"4001\">S\u00ed, est\u00e1 dise\u00f1ado espec\u00edficamente para su uso en interiores:<\/p>\n<ul data-start=\"4002\" data-end=\"4083\">\n<li data-section-id=\"1lbhprg\" data-start=\"4002\" data-end=\"4020\">Resistente al fuego<\/li>\n<li data-section-id=\"1rtbpgg\" data-start=\"4021\" data-end=\"4044\">Sin riesgo de fugas de aceite<\/li>\n<li data-section-id=\"sr2uf3\" data-start=\"4045\" data-end=\"4083\">Seguro para entornos de alta densidad<\/li>\n<\/ul>\n<p data-start=\"4085\" data-end=\"4147\">\ud83d\udc49 Ideal para edificios comerciales y proyectos de infraestructuras.<\/p>\n<hr data-start=\"4149\" data-end=\"4152\" \/>\n<h3 data-section-id=\"dwut0p\" data-start=\"4154\" data-end=\"4203\">3\ufe0f\u20e3 \u00bfNecesita mantenimiento el transformador?<\/h3>\n<p data-start=\"4205\" data-end=\"4265\">SCB11 es un transformador libre de mantenimiento, que s\u00f3lo requiere:<\/p>\n<ul data-start=\"4266\" data-end=\"4334\">\n<li data-section-id=\"1mj82eg\" data-start=\"4266\" data-end=\"4288\">Inspecci\u00f3n rutinaria<\/li>\n<li data-section-id=\"1vmf05w\" data-start=\"4289\" data-end=\"4334\">Supervisi\u00f3n mediante sistema de control de la temperatura<\/li>\n<\/ul>\n<hr data-start=\"4336\" data-end=\"4339\" \/>\n<h3 data-section-id=\"103styt\" data-start=\"4341\" data-end=\"4385\">4\ufe0f\u20e3 \u00bfSe puede integrar la supervisi\u00f3n a distancia?<\/h3>\n<p data-start=\"4387\" data-end=\"4404\">S\u00ed, es compatible:<\/p>\n<ul data-start=\"4405\" data-end=\"4518\">\n<li data-section-id=\"13oiu88\" data-start=\"4405\" data-end=\"4431\">Control de la temperatura<\/li>\n<li data-section-id=\"e5ci2u\" data-start=\"4432\" data-end=\"4447\">Control del ventilador<\/li>\n<li data-section-id=\"11u18w2\" data-start=\"4448\" data-end=\"4482\">Funciones de alarma y protecci\u00f3n<\/li>\n<li data-section-id=\"7vomgq\" data-start=\"4483\" data-end=\"4518\">Interfaces de comunicaci\u00f3n a distancia<\/li>\n<\/ul>\n<p data-start=\"4520\" data-end=\"4554\">\ud83d\udc49 Permite la integraci\u00f3n en redes inteligentes.<\/p>","protected":false},"excerpt":{"rendered":"<p data-start=\"235\" data-end=\"430\">El transformador seco de fundici\u00f3n de resina epoxi SCB11 es una versi\u00f3n mejorada de la serie SCB10, dise\u00f1ada con menores p\u00e9rdidas, mayor eficiencia energ\u00e9tica y mayor fiabilidad operativa.<\/p>\n<p data-start=\"432\" data-end=\"605\">Fabricado con tecnolog\u00eda de fundici\u00f3n avanzada, materiales de alta calidad y procesos de producci\u00f3n precisos, ofrece un excelente rendimiento el\u00e9ctrico y una larga vida \u00fatil.<\/p>\n<p data-start=\"607\" data-end=\"749\">Este transformador no contiene aceite, es resistente al fuego y respetuoso con el medio ambiente, por lo que es ideal para aplicaciones de interior y cr\u00edticas para la seguridad.<\/p>","protected":false},"featured_media":2120,"comment_status":"open","ping_status":"closed","template":"","meta":{"site-sidebar-layout":"default","site-content-layout":"","ast-site-content-layout":"default","site-content-style":"default","site-sidebar-style":"default","ast-global-header-display":"","ast-banner-title-visibility":"","ast-main-header-display":"","ast-hfb-above-header-display":"","ast-hfb-below-header-display":"","ast-hfb-mobile-header-display":"","site-post-title":"","ast-breadcrumbs-content":"","ast-featured-img":"","footer-sml-layout":"","ast-disable-related-posts":"","theme-transparent-header-meta":"default","adv-header-id-meta":"","stick-header-meta":"","header-above-stick-meta":"","header-main-stick-meta":"","header-below-stick-meta":"","astra-migrate-meta-layouts":"set","ast-page-background-enabled":"default","ast-page-background-meta":{"desktop":{"background-color":"","background-image":"","background-repeat":"repeat","background-position":"center center","background-size":"auto","background-attachment":"scroll","background-type":"","background-media":"","overlay-type":"","overlay-color":"","overlay-opacity":"","overlay-gradient":""},"tablet":{"background-color":"","background-image":"","background-repeat":"repeat","background-position":"center center","background-size":"auto","background-attachment":"scroll","background-type":"","background-media":"","overlay-type":"","overlay-color":"","overlay-opacity":"","overlay-gradient":""},"mobile":{"background-color":"","background-image":"","background-repeat":"repeat","background-position":"center center","background-size":"auto","background-attachment":"scroll","background-type":"","background-media":"","overlay-type":"","overlay-color":"","overlay-opacity":"","overlay-gradient":""}},"ast-content-background-meta":{"desktop":{"background-color":"var(--ast-global-color-5)","background-image":"","background-repeat":"repeat","background-position":"center center","background-size":"auto","background-attachment":"scroll","background-type":"","background-media":"","overlay-type":"","overlay-color":"","overlay-opacity":"","overlay-gradient":""},"tablet":{"background-color":"var(--ast-global-color-5)","background-image":"","background-repeat":"repeat","background-position":"center center","background-size":"auto","background-attachment":"scroll","background-type":"","background-media":"","overlay-type":"","overlay-color":"","overlay-opacity":"","overlay-gradient":""},"mobile":{"background-color":"var(--ast-global-color-5)","background-image":"","background-repeat":"repeat","background-position":"center center","background-size":"auto","background-attachment":"scroll","background-type":"","background-media":"","overlay-type":"","overlay-color":"","overlay-opacity":"","overlay-gradient":""}}},"product_brand":[],"product_cat":[2034,2032],"product_tag":[2074,2071,2043,2041,2078,2075,2042,2076,2077,2044],"class_list":{"0":"post-2118","1":"product","2":"type-product","3":"status-publish","4":"has-post-thumbnail","6":"product_cat-dry-type-power-transformer","7":"product_cat-electrical-equipment","8":"product_tag-cast-resin-transformer","9":"product_tag-dry-type-transformer","10":"product_tag-electrical-equipment","11":"product_tag-energy-efficient-transformer","12":"product_tag-epoxy-transformer","13":"product_tag-indoor-transformer","14":"product_tag-power-transformer","15":"product_tag-safe-transformer","16":"product_tag-scb11-transformer","17":"product_tag-transformer-manufacturer","18":"desktop-align-left","19":"tablet-align-left","20":"mobile-align-left","22":"first","23":"instock","24":"shipping-taxable","25":"product-type-simple"},"_links":{"self":[{"href":"https:\/\/www.wonzh.com\/es\/wp-json\/wp\/v2\/product\/2118","targetHints":{"allow":["GET"]}}],"collection":[{"href":"https:\/\/www.wonzh.com\/es\/wp-json\/wp\/v2\/product"}],"about":[{"href":"https:\/\/www.wonzh.com\/es\/wp-json\/wp\/v2\/types\/product"}],"replies":[{"embeddable":true,"href":"https:\/\/www.wonzh.com\/es\/wp-json\/wp\/v2\/comments?post=2118"}],"wp:featuredmedia":[{"embeddable":true,"href":"https:\/\/www.wonzh.com\/es\/wp-json\/wp\/v2\/media\/2120"}],"wp:attachment":[{"href":"https:\/\/www.wonzh.com\/es\/wp-json\/wp\/v2\/media?parent=2118"}],"wp:term":[{"taxonomy":"product_brand","embeddable":true,"href":"https:\/\/www.wonzh.com\/es\/wp-json\/wp\/v2\/product_brand?post=2118"},{"taxonomy":"product_cat","embeddable":true,"href":"https:\/\/www.wonzh.com\/es\/wp-json\/wp\/v2\/product_cat?post=2118"},{"taxonomy":"product_tag","embeddable":true,"href":"https:\/\/www.wonzh.com\/es\/wp-json\/wp\/v2\/product_tag?post=2118"}],"curies":[{"name":"wp","href":"https:\/\/api.w.org\/{rel}","templated":true}]}}