{"id":1923,"date":"2026-02-16T03:42:16","date_gmt":"2026-02-16T03:42:16","guid":{"rendered":"https:\/\/www.wonzh.com\/?post_type=product&#038;p=1923"},"modified":"2026-02-16T04:08:22","modified_gmt":"2026-02-16T04:08:22","slug":"high-strength-alloy-wire-rope-for-heavy-lifting","status":"publish","type":"product","link":"https:\/\/www.wonzh.com\/es\/product\/high-strength-alloy-wire-rope-for-heavy-lifting\/","title":{"rendered":"Cables de acero de aleaci\u00f3n de alta resistencia para cargas pesadas"},"content":{"rendered":"<p data-start=\"215\" data-end=\"667\">Nuestro cable de acero de aleaci\u00f3n de alta resistencia est\u00e1 dise\u00f1ado para aplicaciones industriales exigentes de elevaci\u00f3n, izado y aparejo. Fabricado con acero de aleaci\u00f3n de primera calidad, ofrece una resistencia a la tracci\u00f3n superior, una excelente resistencia a la fatiga y una larga vida \u00fatil bajo cargas extremas. Dise\u00f1ado para operaciones pesadas, este cable de acero garantiza la m\u00e1xima seguridad y fiabilidad en aplicaciones industriales, de construcci\u00f3n, de alta mar y de miner\u00eda.<\/p>\n<p data-start=\"669\" data-end=\"1001\">El n\u00facleo de acero de aleaci\u00f3n de alta resistencia proporciona una capacidad de carga excepcional al tiempo que mantiene la flexibilidad y la elasticidad. Cada cuerda se fabrica bajo estrictas normas de control de calidad para cumplir los requisitos internacionales de seguridad y rendimiento, lo que la convierte en una soluci\u00f3n de confianza para los profesionales de los sectores de elevaci\u00f3n y aparejos.<\/p>\n<hr data-start=\"1003\" data-end=\"1006\" \/>\n<h3 data-start=\"1008\" data-end=\"1031\"><strong data-start=\"1012\" data-end=\"1029\">Caracter\u00edsticas principales:<\/strong><\/h3>\n<ul data-start=\"1032\" data-end=\"1439\">\n<li data-start=\"1032\" data-end=\"1104\">\n<p data-start=\"1034\" data-end=\"1104\">Construcci\u00f3n de aleaci\u00f3n de acero de primera calidad para una m\u00e1xima resistencia y durabilidad<\/p>\n<\/li>\n<li data-start=\"1105\" data-end=\"1169\">\n<p data-start=\"1107\" data-end=\"1169\">Alta resistencia a la tracci\u00f3n y a la fatiga para cargas pesadas<\/p>\n<\/li>\n<li data-start=\"1170\" data-end=\"1234\">\n<p data-start=\"1172\" data-end=\"1234\">Larga vida \u00fatil incluso en condiciones de uso intensivo continuo<\/p>\n<\/li>\n<li data-start=\"1235\" data-end=\"1308\">\n<p data-start=\"1237\" data-end=\"1308\">Dise\u00f1o flexible adecuado para gr\u00faas, polipastos y maquinaria industrial<\/p>\n<\/li>\n<li data-start=\"1309\" data-end=\"1377\">\n<p data-start=\"1311\" data-end=\"1377\">Cumple las normas internacionales de seguridad de elevaci\u00f3n y aparejo<\/p>\n<\/li>\n<li data-start=\"1378\" data-end=\"1439\">\n<p data-start=\"1380\" data-end=\"1439\">Resistente a la abrasi\u00f3n, la deformaci\u00f3n y la tensi\u00f3n mec\u00e1nica<\/p>\n<\/li>\n<\/ul>\n<hr data-start=\"1441\" data-end=\"1444\" \/>\n<h3 data-start=\"1446\" data-end=\"1480\"><strong data-start=\"1450\" data-end=\"1478\">Especificaciones t\u00e9cnicas<\/strong><\/h3>\n<div class=\"TyagGW_tableContainer\">\n<div class=\"group TyagGW_tableWrapper flex flex-col-reverse w-fit\" tabindex=\"-1\">\n<table class=\"w-fit min-w-(--thread-content-width)\" data-start=\"1482\" data-end=\"2176\">\n<thead data-start=\"1482\" data-end=\"1519\">\n<tr data-start=\"1482\" data-end=\"1519\">\n<th class=\"\" data-start=\"1482\" data-end=\"1494\" data-col-size=\"sm\">Par\u00e1metro<\/th>\n<th class=\"\" data-start=\"1494\" data-end=\"1510\" data-col-size=\"md\">Especificaci\u00f3n<\/th>\n<th class=\"\" data-start=\"1510\" data-end=\"1519\" data-col-size=\"md\">Notas<\/th>\n<\/tr>\n<\/thead>\n<tbody data-start=\"1558\" data-end=\"2176\">\n<tr data-start=\"1558\" data-end=\"1639\">\n<td data-start=\"1558\" data-end=\"1569\" data-col-size=\"sm\">Material<\/td>\n<td data-start=\"1569\" data-end=\"1591\" data-col-size=\"md\">Acero de aleaci\u00f3n de primera calidad<\/td>\n<td data-start=\"1591\" data-end=\"1639\" data-col-size=\"md\">Alta resistencia a la tracci\u00f3n y a la fatiga<\/td>\n<\/tr>\n<tr data-start=\"1640\" data-end=\"1718\">\n<td data-start=\"1640\" data-end=\"1657\" data-col-size=\"sm\">Di\u00e1metro<\/td>\n<td data-start=\"1657\" data-end=\"1672\" data-col-size=\"md\">8 mm - 36 mm<\/td>\n<td data-start=\"1672\" data-end=\"1718\" data-col-size=\"md\">Tama\u00f1os est\u00e1ndar; di\u00e1metros personalizados disponibles<\/td>\n<\/tr>\n<tr data-start=\"1719\" data-end=\"1807\">\n<td data-start=\"1719\" data-end=\"1734\" data-col-size=\"sm\">Construcci\u00f3n<\/td>\n<td data-col-size=\"md\" data-start=\"1734\" data-end=\"1767\">6\u00d719, 6\u00d736, 7\u00d719, 1\u00d719 cordones<\/td>\n<td data-col-size=\"md\" data-start=\"1767\" data-end=\"1807\">Construcciones flexibles o semirr\u00edgidas<\/td>\n<\/tr>\n<tr data-start=\"1808\" data-end=\"1881\">\n<td data-start=\"1808\" data-end=\"1824\" data-col-size=\"sm\">Carga de rotura<\/td>\n<td data-start=\"1824\" data-end=\"1839\" data-col-size=\"md\">2 - 150 toneladas<\/td>\n<td data-start=\"1839\" data-end=\"1881\" data-col-size=\"md\">En funci\u00f3n del di\u00e1metro y la construcci\u00f3n<\/td>\n<\/tr>\n<tr data-start=\"1882\" data-end=\"1962\">\n<td data-start=\"1882\" data-end=\"1892\" data-col-size=\"sm\">Revestimiento<\/td>\n<td data-start=\"1892\" data-end=\"1929\" data-col-size=\"md\">Revestimiento opcional galvanizado o de PVC<\/td>\n<td data-start=\"1929\" data-end=\"1962\" data-col-size=\"md\">Mejora la resistencia a la corrosi\u00f3n<\/td>\n<\/tr>\n<tr data-start=\"1963\" data-end=\"2056\">\n<td data-start=\"1963\" data-end=\"1983\" data-col-size=\"sm\">Temperatura<\/td>\n<td data-start=\"1983\" data-end=\"2001\" data-col-size=\"md\">-40\u00b0C a +150\u00b0C<\/td>\n<td data-start=\"2001\" data-end=\"2056\" data-col-size=\"md\">Depende del revestimiento; adecuado para condiciones extremas<\/td>\n<\/tr>\n<tr data-start=\"2057\" data-end=\"2176\">\n<td data-start=\"2057\" data-end=\"2072\" data-col-size=\"sm\">Aplicaciones<\/td>\n<td data-start=\"2072\" data-end=\"2128\" data-col-size=\"md\">Elevaci\u00f3n de cargas pesadas, gr\u00faas, construcci\u00f3n, alta mar, miner\u00eda<\/td>\n<td data-start=\"2128\" data-end=\"2176\" data-col-size=\"md\">Dise\u00f1ado para operaciones industriales exigentes<\/td>\n<\/tr>\n<\/tbody>\n<\/table>\n<\/div>\n<\/div>\n<blockquote data-start=\"2178\" data-end=\"2285\">\n<p data-start=\"2180\" data-end=\"2285\"><strong data-start=\"2180\" data-end=\"2189\">Nota:<\/strong> Se dispone de di\u00e1metros, construcciones y revestimientos personalizados para satisfacer requisitos especiales.<\/p>\n<\/blockquote>\n<hr data-start=\"2287\" data-end=\"2290\" \/>\n<h3 data-start=\"2292\" data-end=\"2323\"><strong data-start=\"2296\" data-end=\"2321\">Aplicaciones t\u00edpicas:<\/strong><\/h3>\n<ul data-start=\"2324\" data-end=\"2598\">\n<li data-start=\"2324\" data-end=\"2373\">\n<p data-start=\"2326\" data-end=\"2373\">Gr\u00faas industriales y elevaci\u00f3n de maquinaria pesada<\/p>\n<\/li>\n<li data-start=\"2374\" data-end=\"2427\">\n<p data-start=\"2376\" data-end=\"2427\">Operaciones de elevaci\u00f3n y aparejo en obras de construcci\u00f3n<\/p>\n<\/li>\n<li data-start=\"2428\" data-end=\"2470\">\n<p data-start=\"2430\" data-end=\"2470\">Operaciones mar\u00edtimas y de elevaci\u00f3n en alta mar<\/p>\n<\/li>\n<li data-start=\"2471\" data-end=\"2525\">\n<p data-start=\"2473\" data-end=\"2525\">Operaciones de miner\u00eda y manipulaci\u00f3n de materiales pesados<\/p>\n<\/li>\n<li data-start=\"2526\" data-end=\"2598\">\n<p data-start=\"2528\" data-end=\"2598\">Cualquier aplicaci\u00f3n que requiera soluciones de elevaci\u00f3n de gran carga y resistencia<\/p>\n<\/li>\n<\/ul>\n<hr data-start=\"2600\" data-end=\"2603\" \/>\n<h3 data-start=\"2605\" data-end=\"2656\"><strong data-start=\"2609\" data-end=\"2654\">\u00bfPor qu\u00e9 elegir cables de acero de aleaci\u00f3n de alta resistencia?<\/strong><\/h3>\n<p data-start=\"2657\" data-end=\"3096\">Los cables de aleaci\u00f3n de alta resistencia proporcionan el equilibrio perfecto entre <strong data-start=\"2724\" data-end=\"2778\">capacidad de carga, flexibilidad y durabilidad<\/strong>. A diferencia de los cables de acero est\u00e1ndar, la composici\u00f3n de la aleaci\u00f3n mejora la resistencia a la fatiga, reduce el riesgo de fallo bajo esfuerzos repetidos y prolonga la vida \u00fatil, incluso en entornos exigentes. Estas caracter\u00edsticas lo hacen ideal para ingenieros y operarios que necesitan un rendimiento fiable bajo cargas y condiciones extremas.<\/p>\n<hr data-start=\"3098\" data-end=\"3101\" \/>\n<h3 data-start=\"3103\" data-end=\"3145\"><strong data-start=\"3107\" data-end=\"3143\">Preguntas m\u00e1s frecuentes (FAQ)<\/strong><\/h3>\n<p data-start=\"3147\" data-end=\"3457\"><strong data-start=\"3147\" data-end=\"3230\">Q1: \u00bfEn qu\u00e9 se diferencia el cable de acero aleado de alta resistencia del cable de acero normal?<\/strong><br data-start=\"3230\" data-end=\"3233\" \/>R: Los cables met\u00e1licos de aleaci\u00f3n se fabrican con aleaciones de acero especializadas que aumentan la resistencia a la tracci\u00f3n, la resistencia a la fatiga y la capacidad de carga. Los cables de acero normales son m\u00e1s propensos al desgaste, la deformaci\u00f3n y el fallo bajo cargas pesadas.<\/p>\n<p data-start=\"3459\" data-end=\"3739\"><strong data-start=\"3459\" data-end=\"3518\">P2: \u00bfSe puede utilizar este cable met\u00e1lico en entornos extremos?<\/strong><br data-start=\"3518\" data-end=\"3521\" \/>R: S\u00ed. Con revestimientos opcionales como el galvanizado o el PVC, el cable met\u00e1lico puede soportar una humedad elevada, la exposici\u00f3n al aire libre, las condiciones marinas y una gran tensi\u00f3n mec\u00e1nica. Tambi\u00e9n hay disponibles variantes resistentes a la temperatura.<\/p>\n<p data-start=\"3741\" data-end=\"4109\"><strong data-start=\"3741\" data-end=\"3822\">P3: \u00bfC\u00f3mo selecciono el di\u00e1metro y la construcci\u00f3n adecuados para mi aplicaci\u00f3n?<\/strong><br data-start=\"3822\" data-end=\"3825\" \/>R: La selecci\u00f3n depende de la carga de rotura requerida, el radio de curvatura y las condiciones de funcionamiento. Las construcciones est\u00e1ndar como 6\u00d719, 6\u00d736 o 7\u00d719 son adecuadas para la mayor\u00eda de las aplicaciones pesadas. P\u00f3ngase en contacto con el fabricante para obtener configuraciones personalizadas para cargas extremas u operaciones especializadas.<\/p>\n<hr data-start=\"4111\" data-end=\"4114\" \/>\n<p data-start=\"4116\" data-end=\"4369\">Este <strong data-start=\"4121\" data-end=\"4154\">Cables de acero de aleaci\u00f3n de alta resistencia<\/strong> es la soluci\u00f3n \u00f3ptima para los profesionales que buscan <strong data-start=\"4205\" data-end=\"4266\">equipos de elevaci\u00f3n fiables, duraderos y de alto rendimiento<\/strong>. Una selecci\u00f3n, instalaci\u00f3n y mantenimiento adecuados garantizan la seguridad y eficacia de funcionamiento a largo plazo.<\/p>","protected":false},"excerpt":{"rendered":"<p>Nuestro cable met\u00e1lico de aleaci\u00f3n de alta resistencia est\u00e1 dise\u00f1ado para aplicaciones industriales exigentes de elevaci\u00f3n, izado y aparejo. Fabricado con acero de aleaci\u00f3n de primera calidad, ofrece una resistencia a la tracci\u00f3n superior, una excelente resistencia a la fatiga y una larga vida \u00fatil bajo cargas extremas.<\/p>","protected":false},"featured_media":1929,"comment_status":"open","ping_status":"closed","template":"","meta":{"site-sidebar-layout":"default","site-content-layout":"","ast-site-content-layout":"default","site-content-style":"default","site-sidebar-style":"default","ast-global-header-display":"","ast-banner-title-visibility":"","ast-main-header-display":"","ast-hfb-above-header-display":"","ast-hfb-below-header-display":"","ast-hfb-mobile-header-display":"","site-post-title":"","ast-breadcrumbs-content":"","ast-featured-img":"","footer-sml-layout":"","ast-disable-related-posts":"","theme-transparent-header-meta":"default","adv-header-id-meta":"","stick-header-meta":"default","header-above-stick-meta":"","header-main-stick-meta":"","header-below-stick-meta":"","astra-migrate-meta-layouts":"set","ast-page-background-enabled":"default","ast-page-background-meta":{"desktop":{"background-color":"","background-image":"","background-repeat":"repeat","background-position":"center center","background-size":"auto","background-attachment":"scroll","background-type":"","background-media":"","overlay-type":"","overlay-color":"","overlay-opacity":"","overlay-gradient":""},"tablet":{"background-color":"","background-image":"","background-repeat":"repeat","background-position":"center center","background-size":"auto","background-attachment":"scroll","background-type":"","background-media":"","overlay-type":"","overlay-color":"","overlay-opacity":"","overlay-gradient":""},"mobile":{"background-color":"","background-image":"","background-repeat":"repeat","background-position":"center center","background-size":"auto","background-attachment":"scroll","background-type":"","background-media":"","overlay-type":"","overlay-color":"","overlay-opacity":"","overlay-gradient":""}},"ast-content-background-meta":{"desktop":{"background-color":"var(--ast-global-color-5)","background-image":"","background-repeat":"repeat","background-position":"center center","background-size":"auto","background-attachment":"scroll","background-type":"","background-media":"","overlay-type":"","overlay-color":"","overlay-opacity":"","overlay-gradient":""},"tablet":{"background-color":"var(--ast-global-color-5)","background-image":"","background-repeat":"repeat","background-position":"center center","background-size":"auto","background-attachment":"scroll","background-type":"","background-media":"","overlay-type":"","overlay-color":"","overlay-opacity":"","overlay-gradient":""},"mobile":{"background-color":"var(--ast-global-color-5)","background-image":"","background-repeat":"repeat","background-position":"center center","background-size":"auto","background-attachment":"scroll","background-type":"","background-media":"","overlay-type":"","overlay-color":"","overlay-opacity":"","overlay-gradient":""}}},"product_brand":[],"product_cat":[22],"product_tag":[1639,1642,256,1645,1644,1646,1638,1647,1643,1637,1632,119,1641,1640,1627,1633],"class_list":{"0":"post-1923","1":"product","2":"type-product","3":"status-publish","4":"has-post-thumbnail","6":"product_cat-wire-rope-lifting-accessories","7":"product_tag-alloy-steel-wire-rope","8":"product_tag-construction-wire-rope","9":"product_tag-crane-wire-rope","10":"product_tag-durable-wire-rope","11":"product_tag-fatigue-resistant-wire-rope","12":"product_tag-galvanized-wire-rope","13":"product_tag-heavy-lifting-wire-rope","14":"product_tag-heavy-duty-lifting-equipment","15":"product_tag-high-load-wire-rope","16":"product_tag-high-strength-alloy-wire-rope","17":"product_tag-hoisting-wire-rope","18":"product_tag-industrial-wire-rope","19":"product_tag-mining-wire-rope","20":"product_tag-offshore-wire-rope","21":"product_tag-pvc-coated-wire-rope","22":"product_tag-rigging-wire-rope","23":"desktop-align-left","24":"tablet-align-left","25":"mobile-align-left","27":"first","28":"instock","29":"shipping-taxable","30":"product-type-simple"},"_links":{"self":[{"href":"https:\/\/www.wonzh.com\/es\/wp-json\/wp\/v2\/product\/1923","targetHints":{"allow":["GET"]}}],"collection":[{"href":"https:\/\/www.wonzh.com\/es\/wp-json\/wp\/v2\/product"}],"about":[{"href":"https:\/\/www.wonzh.com\/es\/wp-json\/wp\/v2\/types\/product"}],"replies":[{"embeddable":true,"href":"https:\/\/www.wonzh.com\/es\/wp-json\/wp\/v2\/comments?post=1923"}],"wp:featuredmedia":[{"embeddable":true,"href":"https:\/\/www.wonzh.com\/es\/wp-json\/wp\/v2\/media\/1929"}],"wp:attachment":[{"href":"https:\/\/www.wonzh.com\/es\/wp-json\/wp\/v2\/media?parent=1923"}],"wp:term":[{"taxonomy":"product_brand","embeddable":true,"href":"https:\/\/www.wonzh.com\/es\/wp-json\/wp\/v2\/product_brand?post=1923"},{"taxonomy":"product_cat","embeddable":true,"href":"https:\/\/www.wonzh.com\/es\/wp-json\/wp\/v2\/product_cat?post=1923"},{"taxonomy":"product_tag","embeddable":true,"href":"https:\/\/www.wonzh.com\/es\/wp-json\/wp\/v2\/product_tag?post=1923"}],"curies":[{"name":"wp","href":"https:\/\/api.w.org\/{rel}","templated":true}]}}