{"id":1922,"date":"2026-02-16T03:38:48","date_gmt":"2026-02-16T03:38:48","guid":{"rendered":"https:\/\/www.wonzh.com\/?post_type=product&#038;p=1922"},"modified":"2026-02-16T03:56:00","modified_gmt":"2026-02-16T03:56:00","slug":"coated-wire-rope-for-corrosion-protection","status":"publish","type":"product","link":"https:\/\/www.wonzh.com\/es\/product\/coated-wire-rope-for-corrosion-protection\/","title":{"rendered":"Cables de acero recubiertos para protecci\u00f3n contra la corrosi\u00f3n"},"content":{"rendered":"<p data-start=\"172\" data-end=\"635\">Nuestro cable de acero revestido tiene un n\u00facleo de acero galvanizado de alta calidad con un revestimiento duradero de PVC o poliuretano para una mayor resistencia a la corrosi\u00f3n y a la abrasi\u00f3n. Ideal para aplicaciones de elevaci\u00f3n marinas, exteriores, qu\u00edmicas e industriales, este cable de acero garantiza una larga vida \u00fatil, una mayor seguridad de manipulaci\u00f3n y un rendimiento fiable incluso en entornos dif\u00edciles. Perfecto para elevaci\u00f3n, izado, aparejo y operaciones industriales pesadas.<\/p>\n<p data-start=\"637\" data-end=\"656\"><strong data-start=\"637\" data-end=\"654\">Caracter\u00edsticas principales:<\/strong><\/p>\n<ul data-start=\"657\" data-end=\"939\">\n<li data-start=\"657\" data-end=\"721\">\n<p data-start=\"659\" data-end=\"721\">Revestimiento de PVC o poliuretano para una m\u00e1xima protecci\u00f3n contra la corrosi\u00f3n<\/p>\n<\/li>\n<li data-start=\"722\" data-end=\"766\">\n<p data-start=\"724\" data-end=\"766\">Reduce el desgaste y la abrasi\u00f3n entre metales<\/p>\n<\/li>\n<li data-start=\"767\" data-end=\"818\">\n<p data-start=\"769\" data-end=\"818\">Flexible y f\u00e1cil de manejar durante la instalaci\u00f3n<\/p>\n<\/li>\n<li data-start=\"819\" data-end=\"878\">\n<p data-start=\"821\" data-end=\"878\">Apto para entornos marinos, exteriores y qu\u00edmicos<\/p>\n<\/li>\n<li data-start=\"879\" data-end=\"939\">\n<p data-start=\"881\" data-end=\"939\">Cumple las normas internacionales de seguridad de elevaci\u00f3n y aparejo<\/p>\n<\/li>\n<\/ul>\n<hr data-start=\"941\" data-end=\"944\" \/>\n<h3 data-start=\"946\" data-end=\"980\"><strong data-start=\"950\" data-end=\"978\">Especificaciones t\u00e9cnicas<\/strong><\/h3>\n<div class=\"TyagGW_tableContainer\">\n<div class=\"group TyagGW_tableWrapper flex flex-col-reverse w-fit\" tabindex=\"-1\">\n<table class=\"w-fit min-w-(--thread-content-width)\" data-start=\"982\" data-end=\"1610\">\n<thead data-start=\"982\" data-end=\"1019\">\n<tr data-start=\"982\" data-end=\"1019\">\n<th class=\"\" data-start=\"982\" data-end=\"994\" data-col-size=\"sm\">Par\u00e1metro<\/th>\n<th class=\"\" data-start=\"994\" data-end=\"1010\" data-col-size=\"md\">Especificaci\u00f3n<\/th>\n<th class=\"\" data-start=\"1010\" data-end=\"1019\" data-col-size=\"md\">Notas<\/th>\n<\/tr>\n<\/thead>\n<tbody data-start=\"1058\" data-end=\"1610\">\n<tr data-start=\"1058\" data-end=\"1141\">\n<td data-start=\"1058\" data-end=\"1069\" data-col-size=\"sm\">Material<\/td>\n<td data-start=\"1069\" data-end=\"1093\" data-col-size=\"md\">N\u00facleo de acero galvanizado<\/td>\n<td data-col-size=\"md\" data-start=\"1093\" data-end=\"1141\">Alta resistencia a la tracci\u00f3n y a la fatiga<\/td>\n<\/tr>\n<tr data-start=\"1142\" data-end=\"1210\">\n<td data-start=\"1142\" data-end=\"1152\" data-col-size=\"sm\">Revestimiento<\/td>\n<td data-start=\"1152\" data-end=\"1173\" data-col-size=\"md\">PVC \/ Poliuretano<\/td>\n<td data-col-size=\"md\" data-start=\"1173\" data-end=\"1210\">Grosor: 0,5-2 mm, personalizable<\/td>\n<\/tr>\n<tr data-start=\"1211\" data-end=\"1289\">\n<td data-start=\"1211\" data-end=\"1228\" data-col-size=\"sm\">Di\u00e1metro<\/td>\n<td data-col-size=\"md\" data-start=\"1228\" data-end=\"1243\">6 mm - 32 mm<\/td>\n<td data-col-size=\"md\" data-start=\"1243\" data-end=\"1289\">Tama\u00f1os est\u00e1ndar; di\u00e1metros personalizados disponibles<\/td>\n<\/tr>\n<tr data-start=\"1290\" data-end=\"1361\">\n<td data-start=\"1290\" data-end=\"1305\" data-col-size=\"sm\">Construcci\u00f3n<\/td>\n<td data-col-size=\"md\" data-start=\"1305\" data-end=\"1335\">Hebras de 6\u00d719, 7\u00d719 o 1\u00d719<\/td>\n<td data-col-size=\"md\" data-start=\"1335\" data-end=\"1361\">Flexible o semirr\u00edgido<\/td>\n<\/tr>\n<tr data-start=\"1362\" data-end=\"1435\">\n<td data-start=\"1362\" data-end=\"1378\" data-col-size=\"sm\">Carga de rotura<\/td>\n<td data-col-size=\"md\" data-start=\"1378\" data-end=\"1395\">1,5 - 120 toneladas<\/td>\n<td data-col-size=\"md\" data-start=\"1395\" data-end=\"1435\">Depende del di\u00e1metro y la construcci\u00f3n<\/td>\n<\/tr>\n<tr data-start=\"1436\" data-end=\"1511\">\n<td data-start=\"1436\" data-end=\"1456\" data-col-size=\"sm\">Temperatura<\/td>\n<td data-start=\"1456\" data-end=\"1473\" data-col-size=\"md\">-40\u00b0C a +80\u00b0C<\/td>\n<td data-col-size=\"md\" data-start=\"1473\" data-end=\"1511\">PVC; revestimientos de alta temperatura opcionales<\/td>\n<\/tr>\n<tr data-start=\"1512\" data-end=\"1610\">\n<td data-start=\"1512\" data-end=\"1527\" data-col-size=\"sm\">Aplicaciones<\/td>\n<td data-start=\"1527\" data-end=\"1575\" data-col-size=\"md\">Elevaci\u00f3n marina, exterior, qu\u00edmica e industrial<\/td>\n<td data-col-size=\"md\" data-start=\"1575\" data-end=\"1610\">Protecci\u00f3n anticorrosi\u00f3n de alta resistencia<\/td>\n<\/tr>\n<\/tbody>\n<\/table>\n<\/div>\n<\/div>\n<hr data-start=\"1612\" data-end=\"1615\" \/>\n<h3 data-start=\"1617\" data-end=\"1630\"><strong data-start=\"1621\" data-end=\"1628\">PREGUNTAS FRECUENTES<\/strong><\/h3>\n<p data-start=\"1632\" data-end=\"1919\"><strong data-start=\"1632\" data-end=\"1704\">P1: \u00bfEn qu\u00e9 se diferencia el cable recubierto del cable galvanizado est\u00e1ndar?<\/strong><br data-start=\"1704\" data-end=\"1707\" \/>R: Los cables met\u00e1licos revestidos tienen una capa protectora de PVC o poliuretano sobre el n\u00facleo de acero, que proporciona resistencia a la corrosi\u00f3n, reduce la abrasi\u00f3n y mejora la seguridad. Los cables galvanizados est\u00e1ndar carecen de esta protecci\u00f3n adicional.<\/p>\n<p data-start=\"1921\" data-end=\"2111\"><strong data-start=\"1921\" data-end=\"1991\">P2: \u00bfSe puede utilizar este cable met\u00e1lico en entornos marinos o qu\u00edmicos?<\/strong><br data-start=\"1991\" data-end=\"1994\" \/>R: S\u00ed. El revestimiento evita la corrosi\u00f3n provocada por el agua salada o la exposici\u00f3n a productos qu\u00edmicos, por lo que es ideal para entornos dif\u00edciles.<\/p>\n<p data-start=\"2113\" data-end=\"2395\"><strong data-start=\"2113\" data-end=\"2173\">P3: \u00bfC\u00f3mo elijo el di\u00e1metro y la construcci\u00f3n adecuados?<\/strong><br data-start=\"2173\" data-end=\"2176\" \/>R: Seleccione en funci\u00f3n de la carga de rotura requerida, el radio de curvatura y las condiciones ambientales. Las construcciones est\u00e1ndar como 6\u00d719 o 7\u00d719 sirven para la mayor\u00eda de las aplicaciones de elevaci\u00f3n. Existen opciones personalizadas para necesidades especiales.<\/p>","protected":false},"excerpt":{"rendered":"<p>Nuestro cable de acero recubierto presenta un n\u00facleo de acero galvanizado de alta calidad con un recubrimiento duradero de PVC o poliuretano para una mayor resistencia a la corrosi\u00f3n y a la abrasi\u00f3n.<\/p>","protected":false},"featured_media":1926,"comment_status":"open","ping_status":"closed","template":"","meta":{"site-sidebar-layout":"default","site-content-layout":"","ast-site-content-layout":"default","site-content-style":"default","site-sidebar-style":"default","ast-global-header-display":"","ast-banner-title-visibility":"","ast-main-header-display":"","ast-hfb-above-header-display":"","ast-hfb-below-header-display":"","ast-hfb-mobile-header-display":"","site-post-title":"","ast-breadcrumbs-content":"","ast-featured-img":"","footer-sml-layout":"","ast-disable-related-posts":"","theme-transparent-header-meta":"default","adv-header-id-meta":"","stick-header-meta":"default","header-above-stick-meta":"","header-main-stick-meta":"","header-below-stick-meta":"","astra-migrate-meta-layouts":"set","ast-page-background-enabled":"default","ast-page-background-meta":{"desktop":{"background-color":"","background-image":"","background-repeat":"repeat","background-position":"center center","background-size":"auto","background-attachment":"scroll","background-type":"","background-media":"","overlay-type":"","overlay-color":"","overlay-opacity":"","overlay-gradient":""},"tablet":{"background-color":"","background-image":"","background-repeat":"repeat","background-position":"center center","background-size":"auto","background-attachment":"scroll","background-type":"","background-media":"","overlay-type":"","overlay-color":"","overlay-opacity":"","overlay-gradient":""},"mobile":{"background-color":"","background-image":"","background-repeat":"repeat","background-position":"center center","background-size":"auto","background-attachment":"scroll","background-type":"","background-media":"","overlay-type":"","overlay-color":"","overlay-opacity":"","overlay-gradient":""}},"ast-content-background-meta":{"desktop":{"background-color":"var(--ast-global-color-5)","background-image":"","background-repeat":"repeat","background-position":"center center","background-size":"auto","background-attachment":"scroll","background-type":"","background-media":"","overlay-type":"","overlay-color":"","overlay-opacity":"","overlay-gradient":""},"tablet":{"background-color":"var(--ast-global-color-5)","background-image":"","background-repeat":"repeat","background-position":"center center","background-size":"auto","background-attachment":"scroll","background-type":"","background-media":"","overlay-type":"","overlay-color":"","overlay-opacity":"","overlay-gradient":""},"mobile":{"background-color":"var(--ast-global-color-5)","background-image":"","background-repeat":"repeat","background-position":"center center","background-size":"auto","background-attachment":"scroll","background-type":"","background-media":"","overlay-type":"","overlay-color":"","overlay-opacity":"","overlay-gradient":""}}},"product_brand":[],"product_cat":[22],"product_tag":[1631,1625,1626,249,1634,1635,1632,1629,1636,118,1630,1628,1627,1633,284],"class_list":{"0":"post-1922","1":"product","2":"type-product","3":"status-publish","4":"has-post-thumbnail","6":"product_cat-wire-rope-lifting-accessories","7":"product_tag-chemical-resistant-wire-rope","8":"product_tag-coated-wire-rope","9":"product_tag-corrosion-resistant-wire-rope","10":"product_tag-galvanized-steel-wire-rope","11":"product_tag-heavy-duty-wire-rope","12":"product_tag-high-strength-wire-rope","13":"product_tag-hoisting-wire-rope","14":"product_tag-industrial-lifting-wire-rope","15":"product_tag-lifting-equipment","16":"product_tag-marine-wire-rope","17":"product_tag-outdoor-wire-rope","18":"product_tag-polyurethane-coated-wire-rope","19":"product_tag-pvc-coated-wire-rope","20":"product_tag-rigging-wire-rope","21":"product_tag-wire-rope-accessories","22":"desktop-align-left","23":"tablet-align-left","24":"mobile-align-left","26":"first","27":"instock","28":"shipping-taxable","29":"product-type-simple"},"_links":{"self":[{"href":"https:\/\/www.wonzh.com\/es\/wp-json\/wp\/v2\/product\/1922","targetHints":{"allow":["GET"]}}],"collection":[{"href":"https:\/\/www.wonzh.com\/es\/wp-json\/wp\/v2\/product"}],"about":[{"href":"https:\/\/www.wonzh.com\/es\/wp-json\/wp\/v2\/types\/product"}],"replies":[{"embeddable":true,"href":"https:\/\/www.wonzh.com\/es\/wp-json\/wp\/v2\/comments?post=1922"}],"wp:featuredmedia":[{"embeddable":true,"href":"https:\/\/www.wonzh.com\/es\/wp-json\/wp\/v2\/media\/1926"}],"wp:attachment":[{"href":"https:\/\/www.wonzh.com\/es\/wp-json\/wp\/v2\/media?parent=1922"}],"wp:term":[{"taxonomy":"product_brand","embeddable":true,"href":"https:\/\/www.wonzh.com\/es\/wp-json\/wp\/v2\/product_brand?post=1922"},{"taxonomy":"product_cat","embeddable":true,"href":"https:\/\/www.wonzh.com\/es\/wp-json\/wp\/v2\/product_cat?post=1922"},{"taxonomy":"product_tag","embeddable":true,"href":"https:\/\/www.wonzh.com\/es\/wp-json\/wp\/v2\/product_tag?post=1922"}],"curies":[{"name":"wp","href":"https:\/\/api.w.org\/{rel}","templated":true}]}}