{"id":1482,"date":"2026-02-03T15:21:10","date_gmt":"2026-02-03T15:21:10","guid":{"rendered":"https:\/\/www.wonzh.com\/?post_type=product&#038;p=1482"},"modified":"2026-02-05T15:53:46","modified_gmt":"2026-02-05T15:53:46","slug":"custom-wear-parts-for-industrial-machinery-and-heavy-duty-equipment","status":"publish","type":"product","link":"https:\/\/www.wonzh.com\/es\/product\/custom-wear-parts-for-industrial-machinery-and-heavy-duty-equipment\/","title":{"rendered":"Piezas de desgaste a medida para maquinaria industrial y equipos pesados"},"content":{"rendered":"<p data-start=\"585\" data-end=\"965\">Las piezas de desgaste a medida suministradas por Wonzh est\u00e1n dise\u00f1adas para satisfacer los requisitos exclusivos de la maquinaria industrial que funciona en condiciones de alto desgaste, alto impacto y corrosi\u00f3n. Nuestras soluciones se utilizan ampliamente en equipos de miner\u00eda, cemento, acero, manipulaci\u00f3n de materiales, construcci\u00f3n y procesamiento qu\u00edmico para prolongar la vida \u00fatil, reducir el tiempo de inactividad y mejorar la eficiencia operativa.<\/p>\n<p data-start=\"967\" data-end=\"1361\">Estamos especializados en la producci\u00f3n de componentes resistentes al desgaste totalmente personalizados utilizando materiales como acero al carbono, acero aleado, acero inoxidable, acero de alto contenido en cromo, cer\u00e1mica y aleaciones de recargue duro. Las avanzadas t\u00e9cnicas de fabricaci\u00f3n, como el mecanizado CNC, el corte por l\u00e1ser, la soldadura, el recargue, el revestimiento cer\u00e1mico y el acabado superficial, garantizan la precisi\u00f3n, la durabilidad y un rendimiento fiable.<\/p>\n<p data-start=\"1363\" data-end=\"1566\">Wonzh admite tama\u00f1os, formas, espesores y tratamientos superficiales personalizados, as\u00ed como piezas de repuesto OEM, proporcionando soporte de ingenier\u00eda integral desde la selecci\u00f3n de materiales hasta la producci\u00f3n final.<\/p>\n<h2 data-start=\"1573\" data-end=\"1592\"><strong data-start=\"1576\" data-end=\"1592\">Caracter\u00edsticas principales<\/strong><\/h2>\n<ul data-start=\"1594\" data-end=\"1901\">\n<li data-start=\"1594\" data-end=\"1652\">\n<p data-start=\"1596\" data-end=\"1652\">Dimensiones, materiales y geometr\u00edas totalmente personalizados<\/p>\n<\/li>\n<li data-start=\"1653\" data-end=\"1699\">\n<p data-start=\"1655\" data-end=\"1699\">Gran resistencia al desgaste, la abrasi\u00f3n y los impactos<\/p>\n<\/li>\n<li data-start=\"1700\" data-end=\"1746\">\n<p data-start=\"1702\" data-end=\"1746\">Compatible con maquinaria est\u00e1ndar y OEM<\/p>\n<\/li>\n<li data-start=\"1747\" data-end=\"1796\">\n<p data-start=\"1749\" data-end=\"1796\">Duradero en condiciones de uso intensivo<\/p>\n<\/li>\n<li data-start=\"1797\" data-end=\"1854\">\n<p data-start=\"1799\" data-end=\"1854\">Se admiten prototipos, lotes peque\u00f1os y producci\u00f3n en serie<\/p>\n<\/li>\n<li data-start=\"1855\" data-end=\"1901\">\n<p data-start=\"1857\" data-end=\"1901\">Reduce la frecuencia de mantenimiento y el tiempo de inactividad<\/p>\n<\/li>\n<\/ul>\n<h2 data-start=\"1908\" data-end=\"1935\"><strong data-start=\"1911\" data-end=\"1935\">Aplicaciones t\u00edpicas<\/strong><\/h2>\n<ul data-start=\"1937\" data-end=\"2183\">\n<li data-start=\"1937\" data-end=\"1964\">\n<p data-start=\"1939\" data-end=\"1964\">Revestimientos de trituradoras y molinos<\/p>\n<\/li>\n<li data-start=\"1965\" data-end=\"2009\">\n<p data-start=\"1967\" data-end=\"2009\">Tolvas, tolvas y componentes de transporte<\/p>\n<\/li>\n<li data-start=\"2010\" data-end=\"2044\">\n<p data-start=\"2012\" data-end=\"2044\">Piezas para bombas y tratamiento de lodos<\/p>\n<\/li>\n<li data-start=\"2045\" data-end=\"2102\">\n<p data-start=\"2047\" data-end=\"2102\">Maquinaria de miner\u00eda, construcci\u00f3n y manipulaci\u00f3n de materiales<\/p>\n<\/li>\n<li data-start=\"2103\" data-end=\"2139\">\n<p data-start=\"2105\" data-end=\"2139\">Equipos para acer\u00edas y cementeras<\/p>\n<\/li>\n<li data-start=\"2140\" data-end=\"2183\">\n<p data-start=\"2142\" data-end=\"2183\">Equipos qu\u00edmicos y de generaci\u00f3n de energ\u00eda<\/p>\n<\/li>\n<\/ul>\n<h2 data-start=\"2190\" data-end=\"2229\"><strong data-start=\"2193\" data-end=\"2229\">Tipos de piezas de desgaste personalizadas que suministramos<\/strong><\/h2>\n<div class=\"TyagGW_tableContainer\">\n<div class=\"group TyagGW_tableWrapper flex flex-col-reverse w-fit\" tabindex=\"-1\">\n<table class=\"w-fit min-w-(--thread-content-width)\" data-start=\"2231\" data-end=\"2861\">\n<thead data-start=\"2231\" data-end=\"2277\">\n<tr data-start=\"2231\" data-end=\"2277\">\n<th data-start=\"2231\" data-end=\"2248\" data-col-size=\"sm\">Tipo de componente<\/th>\n<th data-start=\"2248\" data-end=\"2262\" data-col-size=\"md\">Descripci\u00f3n<\/th>\n<th data-start=\"2262\" data-end=\"2277\" data-col-size=\"sm\">Uso t\u00edpico<\/th>\n<\/tr>\n<\/thead>\n<tbody data-start=\"2292\" data-end=\"2861\">\n<tr data-start=\"2292\" data-end=\"2407\">\n<td data-start=\"2292\" data-end=\"2326\" data-col-size=\"sm\"><strong data-start=\"2294\" data-end=\"2325\">Placas de desgaste \/ Revestimientos a medida<\/strong><\/td>\n<td data-start=\"2326\" data-end=\"2378\" data-col-size=\"md\">Placas a medida con materiales resistentes a la abrasi\u00f3n<\/td>\n<td data-start=\"2378\" data-end=\"2407\" data-col-size=\"sm\">Tolvas, tolvas, trituradoras<\/td>\n<\/tr>\n<tr data-start=\"2408\" data-end=\"2517\">\n<td data-start=\"2408\" data-end=\"2434\" data-col-size=\"sm\"><strong data-start=\"2410\" data-end=\"2433\">Piezas revestidas de cer\u00e1mica<\/strong><\/td>\n<td data-start=\"2434\" data-end=\"2483\" data-col-size=\"md\">Piezas met\u00e1licas con insertos cer\u00e1micos de alta dureza<\/td>\n<td data-start=\"2483\" data-end=\"2517\" data-col-size=\"sm\">Manipulaci\u00f3n de lodos, molinos, tolvas<\/td>\n<\/tr>\n<tr data-start=\"2518\" data-end=\"2629\">\n<td data-start=\"2518\" data-end=\"2546\" data-col-size=\"sm\"><strong data-start=\"2520\" data-end=\"2545\">Componentes de recargue<\/strong><\/td>\n<td data-start=\"2546\" data-end=\"2601\" data-col-size=\"md\">Componentes con capa de recargue soldada o depositada<\/td>\n<td data-start=\"2601\" data-end=\"2629\" data-col-size=\"sm\">Trituradoras, alimentadores, bombas<\/td>\n<\/tr>\n<tr data-start=\"2630\" data-end=\"2754\">\n<td data-start=\"2630\" data-end=\"2658\" data-col-size=\"sm\"><strong data-start=\"2632\" data-end=\"2657\">Piezas de repuesto OEM<\/strong><\/td>\n<td data-start=\"2658\" data-end=\"2710\" data-col-size=\"md\">Componentes mecanizados a medida para maquinaria espec\u00edfica<\/td>\n<td data-start=\"2710\" data-end=\"2754\" data-col-size=\"sm\">Miner\u00eda, construcci\u00f3n, equipos qu\u00edmicos<\/td>\n<\/tr>\n<tr data-start=\"2755\" data-end=\"2861\">\n<td data-start=\"2755\" data-end=\"2790\" data-col-size=\"sm\"><strong data-start=\"2757\" data-end=\"2789\">Piezas de desgaste fabricadas a medida<\/strong><\/td>\n<td data-start=\"2790\" data-end=\"2825\" data-col-size=\"md\">Dise\u00f1ado seg\u00fan planos<\/td>\n<td data-start=\"2825\" data-end=\"2861\" data-col-size=\"sm\">Maquinaria industrial especializada<\/td>\n<\/tr>\n<\/tbody>\n<\/table>\n<\/div>\n<\/div>\n<h2 data-start=\"2868\" data-end=\"2920\"><strong data-start=\"2871\" data-end=\"2918\">Par\u00e1metros t\u00e9cnicos (gama representativa)<\/strong><\/h2>\n<div class=\"TyagGW_tableContainer\">\n<div class=\"group TyagGW_tableWrapper flex flex-col-reverse w-fit\" tabindex=\"-1\">\n<table class=\"w-fit min-w-(--thread-content-width)\" data-start=\"2922\" data-end=\"3428\">\n<thead data-start=\"2922\" data-end=\"2959\">\n<tr data-start=\"2922\" data-end=\"2959\">\n<th data-start=\"2922\" data-end=\"2934\" data-col-size=\"sm\">Par\u00e1metro<\/th>\n<th data-start=\"2934\" data-end=\"2959\" data-col-size=\"md\">Especificaci\u00f3n \/ Gama<\/th>\n<\/tr>\n<\/thead>\n<tbody data-start=\"2970\" data-end=\"3428\">\n<tr data-start=\"2970\" data-end=\"3061\">\n<td data-start=\"2970\" data-end=\"2986\" data-col-size=\"sm\">Material de base<\/td>\n<td data-start=\"2986\" data-end=\"3061\" data-col-size=\"md\">Acero al carbono, acero aleado, acero inoxidable, acero de alto contenido en cromo, cer\u00e1mica<\/td>\n<\/tr>\n<tr data-start=\"3062\" data-end=\"3156\">\n<td data-start=\"3062\" data-end=\"3084\" data-col-size=\"sm\">Recubrimiento \/ Revestimiento<\/td>\n<td data-start=\"3084\" data-end=\"3156\" data-col-size=\"md\">Carburo de cromo, carburo de wolframio, estelita, al\u00famina, circonio, SiC<\/td>\n<\/tr>\n<tr data-start=\"3157\" data-end=\"3201\">\n<td data-start=\"3157\" data-end=\"3169\" data-col-size=\"sm\">Espesor<\/td>\n<td data-start=\"3169\" data-end=\"3201\" data-col-size=\"md\">2 mm - 100 mm (personalizable)<\/td>\n<\/tr>\n<tr data-start=\"3202\" data-end=\"3261\">\n<td data-start=\"3202\" data-end=\"3219\" data-col-size=\"sm\">Tama\u00f1o del componente<\/td>\n<td data-start=\"3219\" data-end=\"3261\" data-col-size=\"md\">Hasta 3000 mm \u00d7 1500 mm (personalizable)<\/td>\n<\/tr>\n<tr data-start=\"3262\" data-end=\"3327\">\n<td data-start=\"3262\" data-end=\"3281\" data-col-size=\"sm\">Dureza de la superficie<\/td>\n<td data-start=\"3281\" data-end=\"3327\" data-col-size=\"md\">HRC 40 - 65 (metal), HRA 85 - 92 (cer\u00e1mica)<\/td>\n<\/tr>\n<tr data-start=\"3328\" data-end=\"3389\">\n<td data-start=\"3328\" data-end=\"3346\" data-col-size=\"sm\">Tipo de producci\u00f3n<\/td>\n<td data-start=\"3346\" data-end=\"3389\" data-col-size=\"md\">Prototipo, lote peque\u00f1o, producci\u00f3n en serie<\/td>\n<\/tr>\n<tr data-start=\"3390\" data-end=\"3428\">\n<td data-start=\"3390\" data-end=\"3412\" data-col-size=\"sm\">Normas admitidas<\/td>\n<td data-start=\"3412\" data-end=\"3428\" data-col-size=\"md\">ISO, DIN, GB<\/td>\n<\/tr>\n<\/tbody>\n<\/table>\n<\/div>\n<\/div>\n<h2 data-start=\"3435\" data-end=\"3482\"><strong data-start=\"3438\" data-end=\"3482\">Gu\u00eda de selecci\u00f3n de materiales y soluciones antidesgaste<\/strong><\/h2>\n<div class=\"TyagGW_tableContainer\">\n<div class=\"group TyagGW_tableWrapper flex flex-col-reverse w-fit\" tabindex=\"-1\">\n<table class=\"w-fit min-w-(--thread-content-width)\" data-start=\"3484\" data-end=\"4035\">\n<thead data-start=\"3484\" data-end=\"3523\">\n<tr data-start=\"3484\" data-end=\"3523\">\n<th data-start=\"3484\" data-end=\"3495\" data-col-size=\"sm\">Material<\/th>\n<th data-start=\"3495\" data-end=\"3508\" data-col-size=\"md\">Ventajas<\/th>\n<th data-start=\"3508\" data-end=\"3523\" data-col-size=\"sm\">Uso t\u00edpico<\/th>\n<\/tr>\n<\/thead>\n<tbody data-start=\"3538\" data-end=\"4035\">\n<tr data-start=\"3538\" data-end=\"3623\">\n<td data-start=\"3538\" data-end=\"3553\" data-col-size=\"sm\">Acero al carbono<\/td>\n<td data-start=\"3553\" data-end=\"3596\" data-col-size=\"md\">Rentable, moderada resistencia al desgaste<\/td>\n<td data-start=\"3596\" data-end=\"3623\" data-col-size=\"sm\">Protecci\u00f3n general contra el desgaste<\/td>\n<\/tr>\n<tr data-start=\"3624\" data-end=\"3698\">\n<td data-start=\"3624\" data-end=\"3638\" data-col-size=\"sm\">Acero aleado<\/td>\n<td data-start=\"3638\" data-end=\"3674\" data-col-size=\"md\">Alta tenacidad, resistencia al impacto<\/td>\n<td data-start=\"3674\" data-end=\"3698\" data-col-size=\"sm\">Maquinaria pesada<\/td>\n<\/tr>\n<tr data-start=\"3699\" data-end=\"3782\">\n<td data-start=\"3699\" data-end=\"3717\" data-col-size=\"sm\">Acero inoxidable<\/td>\n<td data-start=\"3717\" data-end=\"3739\" data-col-size=\"md\">Resistente a la corrosi\u00f3n<\/td>\n<td data-start=\"3739\" data-end=\"3782\" data-col-size=\"sm\">Entornos qu\u00edmicos, alimentarios y marinos<\/td>\n<\/tr>\n<tr data-start=\"3783\" data-end=\"3861\">\n<td data-start=\"3783\" data-end=\"3803\" data-col-size=\"sm\">Acero de alto contenido en cromo<\/td>\n<td data-start=\"3803\" data-end=\"3833\" data-col-size=\"md\">M\u00e1xima resistencia a la abrasi\u00f3n<\/td>\n<td data-start=\"3833\" data-end=\"3861\" data-col-size=\"sm\">Molinos, trituradoras, tolvas<\/td>\n<\/tr>\n<tr data-start=\"3862\" data-end=\"3940\">\n<td data-start=\"3862\" data-end=\"3873\" data-col-size=\"sm\">Cer\u00e1mica<\/td>\n<td data-start=\"3873\" data-end=\"3906\" data-col-size=\"md\">Extremadamente duro, resistente al desgaste<\/td>\n<td data-start=\"3906\" data-end=\"3940\" data-col-size=\"sm\">Manipulaci\u00f3n de lodos, tolvas, molinos<\/td>\n<\/tr>\n<tr data-start=\"3941\" data-end=\"4035\">\n<td data-start=\"3941\" data-end=\"3961\" data-col-size=\"sm\">Aleaciones de recargue<\/td>\n<td data-start=\"3961\" data-end=\"4007\" data-col-size=\"md\">Alta dureza superficial y resistencia al impacto<\/td>\n<td data-start=\"4007\" data-end=\"4035\" data-col-size=\"sm\">Trituradoras, bombas, alimentadores<\/td>\n<\/tr>\n<\/tbody>\n<\/table>\n<\/div>\n<\/div>\n<h2 data-start=\"4042\" data-end=\"4065\"><strong data-start=\"4045\" data-end=\"4065\">Por qu\u00e9 elegir Wonzh<\/strong><\/h2>\n<ul data-start=\"4067\" data-end=\"4423\">\n<li data-start=\"4067\" data-end=\"4119\">\n<p data-start=\"4069\" data-end=\"4119\">Ingenier\u00eda personalizada para soluciones de desgaste industrial<\/p>\n<\/li>\n<li data-start=\"4120\" data-end=\"4197\">\n<p data-start=\"4122\" data-end=\"4197\">Amplia gama de materiales, tratamientos superficiales y t\u00e9cnicas de fabricaci\u00f3n<\/p>\n<\/li>\n<li data-start=\"4198\" data-end=\"4264\">\n<p data-start=\"4200\" data-end=\"4264\">Mecanizado de precisi\u00f3n e inspecci\u00f3n de alta calidad para una mayor durabilidad<\/p>\n<\/li>\n<li data-start=\"4265\" data-end=\"4317\">\n<p data-start=\"4267\" data-end=\"4317\">Asistencia OEM y maquinaria industrial especializada<\/p>\n<\/li>\n<li data-start=\"4318\" data-end=\"4367\">\n<p data-start=\"4320\" data-end=\"4367\">Reduce el desgaste, el tiempo de inactividad y los costes de mantenimiento<\/p>\n<\/li>\n<li data-start=\"4368\" data-end=\"4423\">\n<p data-start=\"4370\" data-end=\"4423\">Del prototipo a la producci\u00f3n en serie con entregas fiables<\/p>\n<\/li>\n<\/ul>\n<h2 data-start=\"4430\" data-end=\"4471\"><strong data-start=\"4433\" data-end=\"4469\">Preguntas m\u00e1s frecuentes (FAQ)<\/strong><\/h2>\n<h3 data-start=\"4473\" data-end=\"4542\"><strong data-start=\"4477\" data-end=\"4540\">P1: \u00bfPueden fabricar piezas a medida para mi maquinaria espec\u00edfica?<\/strong><\/h3>\n<p data-start=\"4543\" data-end=\"4632\">S\u00ed. Fabricamos piezas de desgaste basadas en <strong data-start=\"4583\" data-end=\"4629\">planos, archivos CAD o especificaciones OEM<\/strong>.<\/p>\n<h3 data-start=\"4634\" data-end=\"4700\"><strong data-start=\"4638\" data-end=\"4698\">P2: \u00bfQu\u00e9 materiales est\u00e1n disponibles para las piezas de desgaste personalizadas?<\/strong><\/h3>\n<p data-start=\"4701\" data-end=\"4820\">Los materiales incluyen <strong data-start=\"4719\" data-end=\"4817\">acero al carbono, acero aleado, acero inoxidable, acero de alto contenido en cromo, cer\u00e1mica y aleaciones de recargue duro<\/strong>.<\/p>\n<h3 data-start=\"4822\" data-end=\"4871\"><strong data-start=\"4826\" data-end=\"4869\">P3: \u00bfPueden realizar tratamientos superficiales?<\/strong><\/h3>\n<p data-start=\"4872\" data-end=\"4987\">S\u00ed. Las opciones incluyen <strong data-start=\"4893\" data-end=\"4961\">recargue, revestimiento cer\u00e1mico, tratamiento t\u00e9rmico, revestimiento y chapado<\/strong> para aumentar la durabilidad.<\/p>\n<h3 data-start=\"4989\" data-end=\"5050\"><strong data-start=\"4993\" data-end=\"5048\">P4: \u00bfQu\u00e9 sectores suelen utilizar piezas de desgaste personalizadas?<\/strong><\/h3>\n<p data-start=\"5051\" data-end=\"5162\">Industrias minera, cementera, sider\u00fargica, de la construcci\u00f3n, de manipulaci\u00f3n de materiales, de procesamiento qu\u00edmico y de generaci\u00f3n de energ\u00eda.<\/p>\n<h3 data-start=\"5164\" data-end=\"5231\"><strong data-start=\"5168\" data-end=\"5229\">P5: \u00bfPueden trabajar con componentes personalizados grandes o pesados?<\/strong><\/h3>\n<p data-start=\"5232\" data-end=\"5347\">S\u00ed. Nuestra capacidad de fabricaci\u00f3n admite <strong data-start=\"5275\" data-end=\"5344\">componentes industriales de gran tama\u00f1o, espesor y resistencia<\/strong>.<\/p>","protected":false},"excerpt":{"rendered":"<p>Las piezas de desgaste a medida suministradas por Wonzh est\u00e1n dise\u00f1adas para satisfacer los requisitos exclusivos de la maquinaria industrial que funciona en condiciones de alto desgaste, alto impacto y corrosi\u00f3n. Nuestras soluciones se utilizan ampliamente en equipos de miner\u00eda, cemento, acero, manipulaci\u00f3n de materiales, construcci\u00f3n y procesamiento qu\u00edmico para prolongar la vida \u00fatil, reducir el tiempo de inactividad y mejorar la eficiencia operativa.<\/p>","protected":false},"featured_media":1551,"comment_status":"open","ping_status":"closed","template":"","meta":{"site-sidebar-layout":"default","site-content-layout":"","ast-site-content-layout":"default","site-content-style":"default","site-sidebar-style":"default","ast-global-header-display":"","ast-banner-title-visibility":"","ast-main-header-display":"","ast-hfb-above-header-display":"","ast-hfb-below-header-display":"","ast-hfb-mobile-header-display":"","site-post-title":"","ast-breadcrumbs-content":"","ast-featured-img":"","footer-sml-layout":"","ast-disable-related-posts":"","theme-transparent-header-meta":"default","adv-header-id-meta":"","stick-header-meta":"default","header-above-stick-meta":"","header-main-stick-meta":"","header-below-stick-meta":"","astra-migrate-meta-layouts":"set","ast-page-background-enabled":"default","ast-page-background-meta":{"desktop":{"background-color":"","background-image":"","background-repeat":"repeat","background-position":"center center","background-size":"auto","background-attachment":"scroll","background-type":"","background-media":"","overlay-type":"","overlay-color":"","overlay-opacity":"","overlay-gradient":""},"tablet":{"background-color":"","background-image":"","background-repeat":"repeat","background-position":"center center","background-size":"auto","background-attachment":"scroll","background-type":"","background-media":"","overlay-type":"","overlay-color":"","overlay-opacity":"","overlay-gradient":""},"mobile":{"background-color":"","background-image":"","background-repeat":"repeat","background-position":"center center","background-size":"auto","background-attachment":"scroll","background-type":"","background-media":"","overlay-type":"","overlay-color":"","overlay-opacity":"","overlay-gradient":""}},"ast-content-background-meta":{"desktop":{"background-color":"var(--ast-global-color-5)","background-image":"","background-repeat":"repeat","background-position":"center center","background-size":"auto","background-attachment":"scroll","background-type":"","background-media":"","overlay-type":"","overlay-color":"","overlay-opacity":"","overlay-gradient":""},"tablet":{"background-color":"var(--ast-global-color-5)","background-image":"","background-repeat":"repeat","background-position":"center center","background-size":"auto","background-attachment":"scroll","background-type":"","background-media":"","overlay-type":"","overlay-color":"","overlay-opacity":"","overlay-gradient":""},"mobile":{"background-color":"var(--ast-global-color-5)","background-image":"","background-repeat":"repeat","background-position":"center center","background-size":"auto","background-attachment":"scroll","background-type":"","background-media":"","overlay-type":"","overlay-color":"","overlay-opacity":"","overlay-gradient":""}}},"product_brand":[],"product_cat":[24],"product_tag":[456,428,355,458,343,457,453,441,352,420,454,436,459,455,438],"class_list":{"0":"post-1482","1":"product","2":"type-product","3":"status-publish","4":"has-post-thumbnail","6":"product_cat-wear-parts-wear-components","7":"product_tag-abrasion-resistant-components","8":"product_tag-ceramic-lined-parts","9":"product_tag-china-wear-parts-manufacturer","10":"product_tag-cnc-wear-components","11":"product_tag-crusher-liners","12":"product_tag-custom-machined-wear-parts","13":"product_tag-custom-wear-parts","14":"product_tag-hardfacing-components","15":"product_tag-heavy-duty-machinery-parts","16":"product_tag-hopper-liners","17":"product_tag-industrial-wear-parts","18":"product_tag-mill-liners","19":"product_tag-mining-equipment-parts","20":"product_tag-oem-replacement-parts","21":"product_tag-slurry-handling-parts","22":"desktop-align-left","23":"tablet-align-left","24":"mobile-align-left","26":"first","27":"instock","28":"shipping-taxable","29":"product-type-simple"},"_links":{"self":[{"href":"https:\/\/www.wonzh.com\/es\/wp-json\/wp\/v2\/product\/1482","targetHints":{"allow":["GET"]}}],"collection":[{"href":"https:\/\/www.wonzh.com\/es\/wp-json\/wp\/v2\/product"}],"about":[{"href":"https:\/\/www.wonzh.com\/es\/wp-json\/wp\/v2\/types\/product"}],"replies":[{"embeddable":true,"href":"https:\/\/www.wonzh.com\/es\/wp-json\/wp\/v2\/comments?post=1482"}],"wp:featuredmedia":[{"embeddable":true,"href":"https:\/\/www.wonzh.com\/es\/wp-json\/wp\/v2\/media\/1551"}],"wp:attachment":[{"href":"https:\/\/www.wonzh.com\/es\/wp-json\/wp\/v2\/media?parent=1482"}],"wp:term":[{"taxonomy":"product_brand","embeddable":true,"href":"https:\/\/www.wonzh.com\/es\/wp-json\/wp\/v2\/product_brand?post=1482"},{"taxonomy":"product_cat","embeddable":true,"href":"https:\/\/www.wonzh.com\/es\/wp-json\/wp\/v2\/product_cat?post=1482"},{"taxonomy":"product_tag","embeddable":true,"href":"https:\/\/www.wonzh.com\/es\/wp-json\/wp\/v2\/product_tag?post=1482"}],"curies":[{"name":"wp","href":"https:\/\/api.w.org\/{rel}","templated":true}]}}