{"id":1481,"date":"2026-02-03T15:19:10","date_gmt":"2026-02-03T15:19:10","guid":{"rendered":"https:\/\/www.wonzh.com\/?post_type=product&#038;p=1481"},"modified":"2026-02-05T15:43:12","modified_gmt":"2026-02-05T15:43:12","slug":"hardfacing-components-for-wear-resistant-industrial-applications","status":"publish","type":"product","link":"https:\/\/www.wonzh.com\/es\/product\/hardfacing-components-for-wear-resistant-industrial-applications\/","title":{"rendered":"Componentes de recargue duro para aplicaciones industriales resistentes al desgaste"},"content":{"rendered":"<p data-start=\"594\" data-end=\"921\">Los componentes de recargue duro suministrados por Wonzh est\u00e1n dise\u00f1ados para proteger la maquinaria industrial del desgaste extremo y prolongar su vida \u00fatil. Estos componentes son ampliamente utilizados en miner\u00eda, cemento, acero, construcci\u00f3n, manipulaci\u00f3n de materiales y equipos de generaci\u00f3n de energ\u00eda, donde las superficies est\u00e1n expuestas a la abrasi\u00f3n, impacto o erosi\u00f3n.<\/p>\n<p data-start=\"923\" data-end=\"1260\">Nuestros componentes presentan una capa de recargue duro de alta calidad aplicada a una base met\u00e1lica (acero al carbono, acero aleado o acero inoxidable). El recargue se consigue mediante soldadura, pulverizaci\u00f3n de plasma o deposici\u00f3n t\u00e9rmica, creando una superficie extremadamente dura, resistente al desgaste y capaz de soportar condiciones de funcionamiento extremas.<\/p>\n<p data-start=\"1262\" data-end=\"1548\">Wonzh suministra componentes de recargue est\u00e1ndar y personalizados, adaptados a las especificaciones del cliente o a los requisitos de los fabricantes de equipos originales. Nuestro equipo de ingenier\u00eda ayuda a seleccionar el material, la aleaci\u00f3n de recargue, la optimizaci\u00f3n del espesor y el dise\u00f1o geom\u00e9trico para maximizar la durabilidad y el rendimiento.<\/p>\n<h2 data-start=\"1555\" data-end=\"1574\"><strong data-start=\"1558\" data-end=\"1574\">Caracter\u00edsticas principales<\/strong><\/h2>\n<ul data-start=\"1576\" data-end=\"1881\">\n<li data-start=\"1576\" data-end=\"1617\">\n<p data-start=\"1578\" data-end=\"1617\">Mayor resistencia al desgaste y a la abrasi\u00f3n<\/p>\n<\/li>\n<li data-start=\"1618\" data-end=\"1658\">\n<p data-start=\"1620\" data-end=\"1658\">Superficie resistente a los impactos y a la erosi\u00f3n<\/p>\n<\/li>\n<li data-start=\"1659\" data-end=\"1709\">\n<p data-start=\"1661\" data-end=\"1709\">Componente base de alta precisi\u00f3n para un ajuste fiable<\/p>\n<\/li>\n<li data-start=\"1710\" data-end=\"1772\">\n<p data-start=\"1712\" data-end=\"1772\">Formas, tama\u00f1os y espesores de recargue a medida<\/p>\n<\/li>\n<li data-start=\"1773\" data-end=\"1828\">\n<p data-start=\"1775\" data-end=\"1828\">Apoyo a prototipos, lotes peque\u00f1os y producci\u00f3n en serie<\/p>\n<\/li>\n<li data-start=\"1829\" data-end=\"1881\">\n<p data-start=\"1831\" data-end=\"1881\">Reduce los costes de mantenimiento y el tiempo de inactividad de los equipos<\/p>\n<\/li>\n<\/ul>\n<h2 data-start=\"1888\" data-end=\"1915\"><strong data-start=\"1891\" data-end=\"1915\">Aplicaciones t\u00edpicas<\/strong><\/h2>\n<ul data-start=\"1917\" data-end=\"2159\">\n<li data-start=\"1917\" data-end=\"1952\">\n<p data-start=\"1919\" data-end=\"1952\">Martillos trituradores y revestimientos de molinos<\/p>\n<\/li>\n<li data-start=\"1953\" data-end=\"1993\">\n<p data-start=\"1955\" data-end=\"1993\">Piezas del transportador y componentes del alimentador<\/p>\n<\/li>\n<li data-start=\"1994\" data-end=\"2030\">\n<p data-start=\"1996\" data-end=\"2030\">Placas de desgaste para excavadoras y cargadoras<\/p>\n<\/li>\n<li data-start=\"2031\" data-end=\"2069\">\n<p data-start=\"2033\" data-end=\"2069\">Equipos de bombeo y manipulaci\u00f3n de lodos<\/p>\n<\/li>\n<li data-start=\"2070\" data-end=\"2112\">\n<p data-start=\"2072\" data-end=\"2112\">Rampas, tolvas y revestimientos industriales<\/p>\n<\/li>\n<li data-start=\"2113\" data-end=\"2159\">\n<p data-start=\"2115\" data-end=\"2159\">Maquinaria pesada de transformaci\u00f3n y miner\u00eda<\/p>\n<\/li>\n<\/ul>\n<h2 data-start=\"2166\" data-end=\"2209\"><strong data-start=\"2169\" data-end=\"2209\">Tipos de componentes de recargue duro que suministramos<\/strong><\/h2>\n<div class=\"TyagGW_tableContainer\">\n<div class=\"group TyagGW_tableWrapper flex flex-col-reverse w-fit\" tabindex=\"-1\">\n<table class=\"w-fit min-w-(--thread-content-width)\" data-start=\"2211\" data-end=\"2664\">\n<thead data-start=\"2211\" data-end=\"2257\">\n<tr data-start=\"2211\" data-end=\"2257\">\n<th data-start=\"2211\" data-end=\"2228\" data-col-size=\"sm\">Tipo de componente<\/th>\n<th data-start=\"2228\" data-end=\"2242\" data-col-size=\"sm\">Descripci\u00f3n<\/th>\n<th data-start=\"2242\" data-end=\"2257\" data-col-size=\"sm\">Uso t\u00edpico<\/th>\n<\/tr>\n<\/thead>\n<tbody data-start=\"2272\" data-end=\"2664\">\n<tr data-start=\"2272\" data-end=\"2358\">\n<td data-start=\"2272\" data-end=\"2299\" data-col-size=\"sm\"><strong data-start=\"2274\" data-end=\"2298\">Placas de desgaste \/ Camisas<\/strong><\/td>\n<td data-start=\"2299\" data-end=\"2330\" data-col-size=\"sm\">Placas con capa de recargue<\/td>\n<td data-start=\"2330\" data-end=\"2358\" data-col-size=\"sm\">Trituradoras, tolvas, molinos<\/td>\n<\/tr>\n<tr data-start=\"2359\" data-end=\"2460\">\n<td data-start=\"2359\" data-end=\"2390\" data-col-size=\"sm\"><strong data-start=\"2361\" data-end=\"2389\">Martillos trituradores \/ Cuchillas<\/strong><\/td>\n<td data-start=\"2390\" data-end=\"2430\" data-col-size=\"sm\">Componentes con revestimiento de alta dureza<\/td>\n<td data-start=\"2430\" data-end=\"2460\" data-col-size=\"sm\">Trituradoras de cemento y miner\u00eda<\/td>\n<\/tr>\n<tr data-start=\"2461\" data-end=\"2558\">\n<td data-start=\"2461\" data-end=\"2486\" data-col-size=\"sm\"><strong data-start=\"2463\" data-end=\"2485\">Piezas de bombas y v\u00e1lvulas<\/strong><\/td>\n<td data-start=\"2486\" data-end=\"2520\" data-col-size=\"sm\">Rodetes y carcasas con revestimiento duro<\/td>\n<td data-start=\"2520\" data-end=\"2558\" data-col-size=\"sm\">Manipulaci\u00f3n de lodos y fluidos abrasivos<\/td>\n<\/tr>\n<tr data-start=\"2559\" data-end=\"2664\">\n<td data-start=\"2559\" data-end=\"2589\" data-col-size=\"sm\"><strong data-start=\"2561\" data-end=\"2588\">Piezas de recargue a medida<\/strong><\/td>\n<td data-start=\"2589\" data-end=\"2625\" data-col-size=\"sm\">Dise\u00f1ado seg\u00fan plano o especificaciones OEM<\/td>\n<td data-start=\"2625\" data-end=\"2664\" data-col-size=\"sm\">Aplicaciones industriales especializadas<\/td>\n<\/tr>\n<\/tbody>\n<\/table>\n<\/div>\n<\/div>\n<h2 data-start=\"2671\" data-end=\"2723\"><strong data-start=\"2674\" data-end=\"2721\">Par\u00e1metros t\u00e9cnicos (gama representativa)<\/strong><\/h2>\n<div class=\"TyagGW_tableContainer\">\n<div class=\"group TyagGW_tableWrapper flex flex-col-reverse w-fit\" tabindex=\"-1\">\n<table class=\"w-fit min-w-(--thread-content-width)\" data-start=\"2725\" data-end=\"3191\">\n<thead data-start=\"2725\" data-end=\"2762\">\n<tr data-start=\"2725\" data-end=\"2762\">\n<th data-start=\"2725\" data-end=\"2737\" data-col-size=\"sm\">Par\u00e1metro<\/th>\n<th data-start=\"2737\" data-end=\"2762\" data-col-size=\"md\">Especificaci\u00f3n \/ Gama<\/th>\n<\/tr>\n<\/thead>\n<tbody data-start=\"2773\" data-end=\"3191\">\n<tr data-start=\"2773\" data-end=\"2835\">\n<td data-start=\"2773\" data-end=\"2789\" data-col-size=\"sm\">Material de base<\/td>\n<td data-start=\"2789\" data-end=\"2835\" data-col-size=\"md\">Acero al carbono, acero aleado, acero inoxidable<\/td>\n<\/tr>\n<tr data-start=\"2836\" data-end=\"2919\">\n<td data-start=\"2836\" data-end=\"2855\" data-col-size=\"sm\">Aleaci\u00f3n de recargue duro<\/td>\n<td data-start=\"2855\" data-end=\"2919\" data-col-size=\"md\">Carburo de cromo, carburo de wolframio, estelita, aleaciones Fe-Cr-C<\/td>\n<\/tr>\n<tr data-start=\"2920\" data-end=\"2974\">\n<td data-start=\"2920\" data-end=\"2943\" data-col-size=\"sm\">Espesor de recargue<\/td>\n<td data-start=\"2943\" data-end=\"2974\" data-col-size=\"md\">2 mm - 15 mm (personalizable)<\/td>\n<\/tr>\n<tr data-start=\"2975\" data-end=\"3030\">\n<td data-start=\"2975\" data-end=\"2994\" data-col-size=\"sm\">Dureza de la superficie<\/td>\n<td data-start=\"2994\" data-end=\"3030\" data-col-size=\"md\">HRC 50 - 65 (dependiendo de la aleaci\u00f3n)<\/td>\n<\/tr>\n<tr data-start=\"3031\" data-end=\"3090\">\n<td data-start=\"3031\" data-end=\"3048\" data-col-size=\"sm\">Tama\u00f1o del componente<\/td>\n<td data-start=\"3048\" data-end=\"3090\" data-col-size=\"md\">Hasta 2000 mm \u00d7 1000 mm (personalizable)<\/td>\n<\/tr>\n<tr data-start=\"3091\" data-end=\"3152\">\n<td data-start=\"3091\" data-end=\"3109\" data-col-size=\"sm\">Tipo de producci\u00f3n<\/td>\n<td data-start=\"3109\" data-end=\"3152\" data-col-size=\"md\">Prototipo, lote peque\u00f1o, producci\u00f3n en serie<\/td>\n<\/tr>\n<tr data-start=\"3153\" data-end=\"3191\">\n<td data-start=\"3153\" data-end=\"3175\" data-col-size=\"sm\">Normas admitidas<\/td>\n<td data-start=\"3175\" data-end=\"3191\" data-col-size=\"md\">ISO, DIN, GB<\/td>\n<\/tr>\n<\/tbody>\n<\/table>\n<\/div>\n<\/div>\n<h2 data-start=\"3198\" data-end=\"3242\"><strong data-start=\"3201\" data-end=\"3242\">Gu\u00eda de selecci\u00f3n de materiales y recargues<\/strong><\/h2>\n<div class=\"TyagGW_tableContainer\">\n<div class=\"group TyagGW_tableWrapper flex flex-col-reverse w-fit\" tabindex=\"-1\">\n<table class=\"w-fit min-w-(--thread-content-width)\" data-start=\"3244\" data-end=\"3537\">\n<thead data-start=\"3244\" data-end=\"3288\">\n<tr data-start=\"3244\" data-end=\"3288\">\n<th data-start=\"3244\" data-end=\"3260\" data-col-size=\"sm\">Material de base<\/th>\n<th data-start=\"3260\" data-end=\"3273\" data-col-size=\"sm\">Ventajas<\/th>\n<th data-start=\"3273\" data-end=\"3288\" data-col-size=\"sm\">Uso t\u00edpico<\/th>\n<\/tr>\n<\/thead>\n<tbody data-start=\"3303\" data-end=\"3537\">\n<tr data-start=\"3303\" data-end=\"3382\">\n<td data-start=\"3303\" data-end=\"3318\" data-col-size=\"sm\">Acero al carbono<\/td>\n<td data-start=\"3318\" data-end=\"3355\" data-col-size=\"sm\">Rentable, buena maquinabilidad<\/td>\n<td data-start=\"3355\" data-end=\"3382\" data-col-size=\"sm\">Protecci\u00f3n general contra el desgaste<\/td>\n<\/tr>\n<tr data-start=\"3383\" data-end=\"3460\">\n<td data-start=\"3383\" data-end=\"3397\" data-col-size=\"sm\">Acero aleado<\/td>\n<td data-start=\"3397\" data-end=\"3436\" data-col-size=\"sm\">Gran tenacidad y resistencia al impacto<\/td>\n<td data-start=\"3436\" data-end=\"3460\" data-col-size=\"sm\">Maquinaria pesada<\/td>\n<\/tr>\n<tr data-start=\"3461\" data-end=\"3537\">\n<td data-start=\"3461\" data-end=\"3479\" data-col-size=\"sm\">Acero inoxidable<\/td>\n<td data-start=\"3479\" data-end=\"3501\" data-col-size=\"sm\">Resistente a la corrosi\u00f3n<\/td>\n<td data-start=\"3501\" data-end=\"3537\" data-col-size=\"sm\">Entornos qu\u00edmicos y marinos<\/td>\n<\/tr>\n<\/tbody>\n<\/table>\n<\/div>\n<\/div>\n<div class=\"TyagGW_tableContainer\">\n<div class=\"group TyagGW_tableWrapper flex flex-col-reverse w-fit\" tabindex=\"-1\">\n<table class=\"w-fit min-w-(--thread-content-width)\" data-start=\"3539\" data-end=\"3913\">\n<thead data-start=\"3539\" data-end=\"3590\">\n<tr data-start=\"3539\" data-end=\"3590\">\n<th data-start=\"3539\" data-end=\"3558\" data-col-size=\"sm\">Aleaci\u00f3n de recargue duro<\/th>\n<th data-start=\"3558\" data-end=\"3571\" data-col-size=\"sm\">Ventajas<\/th>\n<th data-start=\"3571\" data-end=\"3590\" data-col-size=\"sm\">Recomendado para<\/th>\n<\/tr>\n<\/thead>\n<tbody data-start=\"3605\" data-end=\"3913\">\n<tr data-start=\"3605\" data-end=\"3686\">\n<td data-start=\"3605\" data-end=\"3624\" data-col-size=\"sm\">Carburo de cromo<\/td>\n<td data-start=\"3624\" data-end=\"3656\" data-col-size=\"sm\">Alta dureza, resistente al desgaste<\/td>\n<td data-start=\"3656\" data-end=\"3686\" data-col-size=\"sm\">Lodos abrasivos e impacto<\/td>\n<\/tr>\n<tr data-start=\"3687\" data-end=\"3766\">\n<td data-start=\"3687\" data-end=\"3706\" data-col-size=\"sm\">Carburo de tungsteno<\/td>\n<td data-start=\"3706\" data-end=\"3747\" data-col-size=\"sm\">Dureza extrema, alta resistencia al desgaste<\/td>\n<td data-start=\"3747\" data-end=\"3766\" data-col-size=\"sm\">Trituradoras, molinos<\/td>\n<\/tr>\n<tr data-start=\"3767\" data-end=\"3833\">\n<td data-start=\"3767\" data-end=\"3778\" data-col-size=\"sm\">Stellite<\/td>\n<td data-start=\"3778\" data-end=\"3809\" data-col-size=\"sm\">Resistente a la corrosi\u00f3n y al calor<\/td>\n<td data-start=\"3809\" data-end=\"3833\" data-col-size=\"sm\">Bombas para lodos, v\u00e1lvulas<\/td>\n<\/tr>\n<tr data-start=\"3834\" data-end=\"3913\">\n<td data-start=\"3834\" data-end=\"3844\" data-col-size=\"sm\">Fe-Cr-C<\/td>\n<td data-start=\"3844\" data-end=\"3878\" data-col-size=\"sm\">Dureza y tenacidad equilibradas<\/td>\n<td data-start=\"3878\" data-end=\"3913\" data-col-size=\"sm\">Aplicaciones industriales generales<\/td>\n<\/tr>\n<\/tbody>\n<\/table>\n<\/div>\n<\/div>\n<h2 data-start=\"3920\" data-end=\"3943\"><strong data-start=\"3923\" data-end=\"3943\">Por qu\u00e9 elegir Wonzh<\/strong><\/h2>\n<ul data-start=\"3945\" data-end=\"4286\">\n<li data-start=\"3945\" data-end=\"3997\">\n<p data-start=\"3947\" data-end=\"3997\">Tecnolog\u00eda avanzada de recargue y mecanizado CNC<\/p>\n<\/li>\n<li data-start=\"3998\" data-end=\"4057\">\n<p data-start=\"4000\" data-end=\"4057\">Componentes duraderos de alta calidad para entornos dif\u00edciles<\/p>\n<\/li>\n<li data-start=\"4058\" data-end=\"4116\">\n<p data-start=\"4060\" data-end=\"4116\">Amplia selecci\u00f3n de materiales base y aleaciones de recargue duro<\/p>\n<\/li>\n<li data-start=\"4117\" data-end=\"4180\">\n<p data-start=\"4119\" data-end=\"4180\">Asistencia de ingenier\u00eda personalizada para OEM y maquinaria industrial<\/p>\n<\/li>\n<li data-start=\"4181\" data-end=\"4230\">\n<p data-start=\"4183\" data-end=\"4230\">Reduce el desgaste, el tiempo de inactividad y los costes de mantenimiento<\/p>\n<\/li>\n<li data-start=\"4231\" data-end=\"4286\">\n<p data-start=\"4233\" data-end=\"4286\">Del prototipo a la producci\u00f3n en serie con entregas fiables<\/p>\n<\/li>\n<\/ul>\n<h2 data-start=\"4293\" data-end=\"4334\"><strong data-start=\"4296\" data-end=\"4332\">Preguntas m\u00e1s frecuentes (FAQ)<\/strong><\/h2>\n<h3 data-start=\"4336\" data-end=\"4390\"><strong data-start=\"4340\" data-end=\"4388\">P1: \u00bfPara qu\u00e9 se utilizan los componentes de recargue?<\/strong><\/h3>\n<p data-start=\"4391\" data-end=\"4497\">Protegen las superficies de la maquinaria de la abrasi\u00f3n, el impacto y la erosi\u00f3n en aplicaciones industriales de alto desgaste.<\/p>\n<h3 data-start=\"4499\" data-end=\"4547\"><strong data-start=\"4503\" data-end=\"4545\">P2: \u00bfPuedo obtener piezas de recargue personalizadas?<\/strong><\/h3>\n<p data-start=\"4548\" data-end=\"4637\">S\u00ed. Los componentes pueden fabricarse seg\u00fan planos, especificaciones o requisitos OEM.<\/p>\n<h3 data-start=\"4639\" data-end=\"4694\"><strong data-start=\"4643\" data-end=\"4692\">P3: \u00bfQu\u00e9 materiales de recargue hay disponibles?<\/strong><\/h3>\n<p data-start=\"4695\" data-end=\"4825\">Las opciones incluyen <strong data-start=\"4711\" data-end=\"4779\">Carburo de cromo, carburo de wolframio, estelita y aleaciones Fe-Cr-C<\/strong>, en funci\u00f3n de los requisitos de desgaste e impacto.<\/p>\n<h3 data-start=\"4827\" data-end=\"4887\"><strong data-start=\"4831\" data-end=\"4885\">P4: \u00bfSe puede aplicar el recargue a distintos metales?<\/strong><\/h3>\n<p data-start=\"4888\" data-end=\"4979\">S\u00ed. Podemos aplicar revestimiento duro a <strong data-start=\"4920\" data-end=\"4976\">bases de acero al carbono, acero aleado y acero inoxidable<\/strong>.<\/p>\n<h3 data-start=\"4981\" data-end=\"5038\"><strong data-start=\"4985\" data-end=\"5036\">P5: \u00bfQu\u00e9 industrias utilizan componentes de recargue?<\/strong><\/h3>\n<p data-start=\"5039\" data-end=\"5132\">Industrias minera, cementera, sider\u00fargica, de la construcci\u00f3n, de manipulaci\u00f3n de materiales y de transformaci\u00f3n qu\u00edmica.<\/p>","protected":false},"excerpt":{"rendered":"<p>Los componentes de recargue duro suministrados por Wonzh est\u00e1n dise\u00f1ados para proteger la maquinaria industrial del desgaste extremo y prolongar su vida \u00fatil. Estos componentes son ampliamente utilizados en miner\u00eda, cemento, acero, construcci\u00f3n, manipulaci\u00f3n de materiales y equipos de generaci\u00f3n de energ\u00eda, donde las superficies est\u00e1n expuestas a la abrasi\u00f3n, impacto o erosi\u00f3n.<\/p>","protected":false},"featured_media":1547,"comment_status":"open","ping_status":"closed","template":"","meta":{"site-sidebar-layout":"default","site-content-layout":"","ast-site-content-layout":"default","site-content-style":"default","site-sidebar-style":"default","ast-global-header-display":"","ast-banner-title-visibility":"","ast-main-header-display":"","ast-hfb-above-header-display":"","ast-hfb-below-header-display":"","ast-hfb-mobile-header-display":"","site-post-title":"","ast-breadcrumbs-content":"","ast-featured-img":"","footer-sml-layout":"","ast-disable-related-posts":"","theme-transparent-header-meta":"default","adv-header-id-meta":"","stick-header-meta":"default","header-above-stick-meta":"","header-main-stick-meta":"","header-below-stick-meta":"","astra-migrate-meta-layouts":"set","ast-page-background-enabled":"default","ast-page-background-meta":{"desktop":{"background-color":"","background-image":"","background-repeat":"repeat","background-position":"center center","background-size":"auto","background-attachment":"scroll","background-type":"","background-media":"","overlay-type":"","overlay-color":"","overlay-opacity":"","overlay-gradient":""},"tablet":{"background-color":"","background-image":"","background-repeat":"repeat","background-position":"center center","background-size":"auto","background-attachment":"scroll","background-type":"","background-media":"","overlay-type":"","overlay-color":"","overlay-opacity":"","overlay-gradient":""},"mobile":{"background-color":"","background-image":"","background-repeat":"repeat","background-position":"center center","background-size":"auto","background-attachment":"scroll","background-type":"","background-media":"","overlay-type":"","overlay-color":"","overlay-opacity":"","overlay-gradient":""}},"ast-content-background-meta":{"desktop":{"background-color":"var(--ast-global-color-5)","background-image":"","background-repeat":"repeat","background-position":"center center","background-size":"auto","background-attachment":"scroll","background-type":"","background-media":"","overlay-type":"","overlay-color":"","overlay-opacity":"","overlay-gradient":""},"tablet":{"background-color":"var(--ast-global-color-5)","background-image":"","background-repeat":"repeat","background-position":"center center","background-size":"auto","background-attachment":"scroll","background-type":"","background-media":"","overlay-type":"","overlay-color":"","overlay-opacity":"","overlay-gradient":""},"mobile":{"background-color":"var(--ast-global-color-5)","background-image":"","background-repeat":"repeat","background-position":"center center","background-size":"auto","background-attachment":"scroll","background-type":"","background-media":"","overlay-type":"","overlay-color":"","overlay-opacity":"","overlay-gradient":""}}},"product_brand":[],"product_cat":[24],"product_tag":[434,452,446,449,443,448,442,441,419,451,450,444,447,445,342],"class_list":{"0":"post-1481","1":"product","2":"type-product","3":"status-publish","4":"has-post-thumbnail","6":"product_cat-wear-parts-wear-components","7":"product_tag-abrasion-resistant-parts","8":"product_tag-china-hardfacing-manufacturer","9":"product_tag-chromium-carbide-parts","10":"product_tag-cnc-machined-hardfacing","11":"product_tag-crusher-hammers","12":"product_tag-custom-hardfacing-parts","13":"product_tag-hardfaced-liners","14":"product_tag-hardfacing-components","15":"product_tag-industrial-wear-components","16":"product_tag-mining-wear-parts","17":"product_tag-oem-hardfacing-components","18":"product_tag-pump-hardfacing-parts","19":"product_tag-stellite-components","20":"product_tag-tungsten-carbide-components","21":"product_tag-wear-plates","22":"desktop-align-left","23":"tablet-align-left","24":"mobile-align-left","26":"first","27":"instock","28":"shipping-taxable","29":"product-type-simple"},"_links":{"self":[{"href":"https:\/\/www.wonzh.com\/es\/wp-json\/wp\/v2\/product\/1481","targetHints":{"allow":["GET"]}}],"collection":[{"href":"https:\/\/www.wonzh.com\/es\/wp-json\/wp\/v2\/product"}],"about":[{"href":"https:\/\/www.wonzh.com\/es\/wp-json\/wp\/v2\/types\/product"}],"replies":[{"embeddable":true,"href":"https:\/\/www.wonzh.com\/es\/wp-json\/wp\/v2\/comments?post=1481"}],"wp:featuredmedia":[{"embeddable":true,"href":"https:\/\/www.wonzh.com\/es\/wp-json\/wp\/v2\/media\/1547"}],"wp:attachment":[{"href":"https:\/\/www.wonzh.com\/es\/wp-json\/wp\/v2\/media?parent=1481"}],"wp:term":[{"taxonomy":"product_brand","embeddable":true,"href":"https:\/\/www.wonzh.com\/es\/wp-json\/wp\/v2\/product_brand?post=1481"},{"taxonomy":"product_cat","embeddable":true,"href":"https:\/\/www.wonzh.com\/es\/wp-json\/wp\/v2\/product_cat?post=1481"},{"taxonomy":"product_tag","embeddable":true,"href":"https:\/\/www.wonzh.com\/es\/wp-json\/wp\/v2\/product_tag?post=1481"}],"curies":[{"name":"wp","href":"https:\/\/api.w.org\/{rel}","templated":true}]}}