{"id":1478,"date":"2026-02-03T15:15:13","date_gmt":"2026-02-03T15:15:13","guid":{"rendered":"https:\/\/www.wonzh.com\/?post_type=product&#038;p=1478"},"modified":"2026-02-05T15:10:51","modified_gmt":"2026-02-05T15:10:51","slug":"industrial-wear-plates-for-heavy-duty-machinery","status":"publish","type":"product","link":"https:\/\/www.wonzh.com\/es\/product\/industrial-wear-plates-for-heavy-duty-machinery\/","title":{"rendered":"Placas de desgaste industriales para maquinaria pesada"},"content":{"rendered":"<p data-start=\"555\" data-end=\"860\">Las placas antidesgaste suministradas por Wonzh est\u00e1n dise\u00f1adas para proporcionar resistencia a la abrasi\u00f3n, el impacto y la corrosi\u00f3n en equipos industriales. Se utilizan ampliamente en miner\u00eda, cemento, acero, construcci\u00f3n, manipulaci\u00f3n de materiales y maquinaria de generaci\u00f3n de energ\u00eda para proteger las superficies estructurales y reducir los costes de mantenimiento.<\/p>\n<p data-start=\"862\" data-end=\"1155\">Nuestras placas de desgaste se fabrican con acero al carbono de alta resistencia, acero aleado, acero inoxidable y acero resistente al desgaste de alto contenido en cromo. Los procesos avanzados, como el corte CNC, el tratamiento t\u00e9rmico, el recargue y el acabado superficial, garantizan una gran durabilidad, precisi\u00f3n y vida \u00fatil.<\/p>\n<p data-start=\"1157\" data-end=\"1440\">Wonzh suministra placas de desgaste est\u00e1ndar y personalizadas basadas en sus especificaciones, planos o modelos de equipos. Nuestro equipo de ingenier\u00eda se encarga de la selecci\u00f3n de materiales, la optimizaci\u00f3n de espesores, el tratamiento de superficies y el control de tolerancias, garantizando la m\u00e1xima protecci\u00f3n y el m\u00ednimo tiempo de inactividad.<\/p>\n<h2 data-start=\"1447\" data-end=\"1466\"><strong data-start=\"1450\" data-end=\"1466\">Caracter\u00edsticas principales<\/strong><\/h2>\n<ul data-start=\"1468\" data-end=\"1746\">\n<li data-start=\"1468\" data-end=\"1507\">\n<p data-start=\"1470\" data-end=\"1507\">Alta resistencia a la abrasi\u00f3n y al impacto<\/p>\n<\/li>\n<li data-start=\"1508\" data-end=\"1546\">\n<p data-start=\"1510\" data-end=\"1546\">Duradero en condiciones de carga elevada<\/p>\n<\/li>\n<li data-start=\"1547\" data-end=\"1601\">\n<p data-start=\"1549\" data-end=\"1601\">Tama\u00f1os, grosores y materiales a medida<\/p>\n<\/li>\n<li data-start=\"1602\" data-end=\"1641\">\n<p data-start=\"1604\" data-end=\"1641\">Corte de precisi\u00f3n para facilitar la instalaci\u00f3n<\/p>\n<\/li>\n<li data-start=\"1642\" data-end=\"1697\">\n<p data-start=\"1644\" data-end=\"1697\">Apoyo a prototipos, lotes peque\u00f1os y producci\u00f3n en serie<\/p>\n<\/li>\n<li data-start=\"1698\" data-end=\"1746\">\n<p data-start=\"1700\" data-end=\"1746\">Compatible con diversos equipos industriales<\/p>\n<\/li>\n<\/ul>\n<h2 data-start=\"1753\" data-end=\"1780\"><strong data-start=\"1756\" data-end=\"1780\">Aplicaciones t\u00edpicas<\/strong><\/h2>\n<ul data-start=\"1782\" data-end=\"1991\">\n<li data-start=\"1782\" data-end=\"1821\">\n<p data-start=\"1784\" data-end=\"1821\">Trituradoras, tolvas y tolvines<\/p>\n<\/li>\n<li data-start=\"1822\" data-end=\"1853\">\n<p data-start=\"1824\" data-end=\"1853\">Sistemas de transporte y alimentaci\u00f3n<\/p>\n<\/li>\n<li data-start=\"1854\" data-end=\"1885\">\n<p data-start=\"1856\" data-end=\"1885\">Equipos de miner\u00eda y canteras<\/p>\n<\/li>\n<li data-start=\"1886\" data-end=\"1925\">\n<p data-start=\"1888\" data-end=\"1925\">Maquinaria para la industria cementera y sider\u00fargica<\/p>\n<\/li>\n<li data-start=\"1926\" data-end=\"1955\">\n<p data-start=\"1928\" data-end=\"1955\">Sistemas de manipulaci\u00f3n de materiales<\/p>\n<\/li>\n<li data-start=\"1956\" data-end=\"1991\">\n<p data-start=\"1958\" data-end=\"1991\">Equipos pesados de procesamiento<\/p>\n<\/li>\n<\/ul>\n<h2 data-start=\"1998\" data-end=\"2031\"><strong data-start=\"2001\" data-end=\"2031\">Tipos de placas de desgaste que suministramos<\/strong><\/h2>\n<div class=\"TyagGW_tableContainer\">\n<div class=\"group TyagGW_tableWrapper flex flex-col-reverse w-fit\" tabindex=\"-1\">\n<table class=\"w-fit min-w-(--thread-content-width)\" data-start=\"2033\" data-end=\"2567\">\n<thead data-start=\"2033\" data-end=\"2080\">\n<tr data-start=\"2033\" data-end=\"2080\">\n<th data-start=\"2033\" data-end=\"2051\" data-col-size=\"sm\">Tipo de placa de desgaste<\/th>\n<th data-start=\"2051\" data-end=\"2065\" data-col-size=\"sm\">Descripci\u00f3n<\/th>\n<th data-start=\"2065\" data-end=\"2080\" data-col-size=\"sm\">Uso t\u00edpico<\/th>\n<\/tr>\n<\/thead>\n<tbody data-start=\"2095\" data-end=\"2567\">\n<tr data-start=\"2095\" data-end=\"2176\">\n<td data-start=\"2095\" data-end=\"2122\" data-col-size=\"sm\"><strong data-start=\"2097\" data-end=\"2121\">Placas de desgaste est\u00e1ndar<\/strong><\/td>\n<td data-start=\"2122\" data-end=\"2145\" data-col-size=\"sm\">Placas planas y duraderas<\/td>\n<td data-start=\"2145\" data-end=\"2176\" data-col-size=\"sm\">Protecci\u00f3n general contra la abrasi\u00f3n<\/td>\n<\/tr>\n<tr data-start=\"2177\" data-end=\"2274\">\n<td data-start=\"2177\" data-end=\"2207\" data-col-size=\"sm\"><strong data-start=\"2179\" data-end=\"2206\">Placas de desgaste de alto contenido en cromo<\/strong><\/td>\n<td data-start=\"2207\" data-end=\"2246\" data-col-size=\"sm\">Extremadamente duro, alta resistencia al desgaste<\/td>\n<td data-start=\"2246\" data-end=\"2274\" data-col-size=\"sm\">Trituradoras, molinos, tolvas<\/td>\n<\/tr>\n<tr data-start=\"2275\" data-end=\"2370\">\n<td data-start=\"2275\" data-end=\"2303\" data-col-size=\"sm\"><strong data-start=\"2277\" data-end=\"2302\">Placas de desgaste con revestimiento duro<\/strong><\/td>\n<td data-start=\"2303\" data-end=\"2341\" data-col-size=\"sm\">Capa superficial reforzada con aleaci\u00f3n<\/td>\n<td data-start=\"2341\" data-end=\"2370\" data-col-size=\"sm\">Entornos con fuertes impactos<\/td>\n<\/tr>\n<tr data-start=\"2371\" data-end=\"2470\">\n<td data-start=\"2371\" data-end=\"2405\" data-col-size=\"sm\"><strong data-start=\"2373\" data-end=\"2404\">Placas de desgaste de acero inoxidable<\/strong><\/td>\n<td data-start=\"2405\" data-end=\"2427\" data-col-size=\"sm\">Resistente a la corrosi\u00f3n<\/td>\n<td data-start=\"2427\" data-end=\"2470\" data-col-size=\"sm\">Aplicaciones qu\u00edmicas, marinas y alimentarias<\/td>\n<\/tr>\n<tr data-start=\"2471\" data-end=\"2567\">\n<td data-start=\"2471\" data-end=\"2496\" data-col-size=\"sm\"><strong data-start=\"2473\" data-end=\"2495\">Placas de desgaste personalizadas<\/strong><\/td>\n<td data-start=\"2496\" data-end=\"2534\" data-col-size=\"sm\">Dise\u00f1ado seg\u00fan planos\/especificaciones<\/td>\n<td data-start=\"2534\" data-end=\"2567\" data-col-size=\"sm\">OEM y equipos especializados<\/td>\n<\/tr>\n<\/tbody>\n<\/table>\n<\/div>\n<\/div>\n<h2 data-start=\"2574\" data-end=\"2626\"><strong data-start=\"2577\" data-end=\"2624\">Par\u00e1metros t\u00e9cnicos (gama representativa)<\/strong><\/h2>\n<div class=\"TyagGW_tableContainer\">\n<div class=\"group TyagGW_tableWrapper flex flex-col-reverse w-fit\" tabindex=\"-1\">\n<table class=\"w-fit min-w-(--thread-content-width)\" data-start=\"2628\" data-end=\"3097\">\n<thead data-start=\"2628\" data-end=\"2665\">\n<tr data-start=\"2628\" data-end=\"2665\">\n<th data-start=\"2628\" data-end=\"2640\" data-col-size=\"sm\">Par\u00e1metro<\/th>\n<th data-start=\"2640\" data-end=\"2665\" data-col-size=\"md\">Especificaci\u00f3n \/ Gama<\/th>\n<\/tr>\n<\/thead>\n<tbody data-start=\"2676\" data-end=\"3097\">\n<tr data-start=\"2676\" data-end=\"2775\">\n<td data-start=\"2676\" data-end=\"2695\" data-col-size=\"sm\">Opciones de material<\/td>\n<td data-start=\"2695\" data-end=\"2775\" data-col-size=\"md\">Acero al carbono, acero aleado, acero inoxidable, acero de alto cromo resistente al desgaste<\/td>\n<\/tr>\n<tr data-start=\"2776\" data-end=\"2820\">\n<td data-start=\"2776\" data-end=\"2788\" data-col-size=\"sm\">Espesor<\/td>\n<td data-start=\"2788\" data-end=\"2820\" data-col-size=\"md\">5 mm - 100 mm (personalizable)<\/td>\n<\/tr>\n<tr data-start=\"2821\" data-end=\"2876\">\n<td data-start=\"2821\" data-end=\"2834\" data-col-size=\"sm\">Tama\u00f1o de la placa<\/td>\n<td data-start=\"2834\" data-end=\"2876\" data-col-size=\"md\">Hasta 2000 mm \u00d7 1000 mm (personalizable)<\/td>\n<\/tr>\n<tr data-start=\"2877\" data-end=\"2927\">\n<td data-start=\"2877\" data-end=\"2888\" data-col-size=\"sm\">Dureza<\/td>\n<td data-start=\"2888\" data-end=\"2927\" data-col-size=\"md\">HRC 40 - 65 (dependiendo de la aplicaci\u00f3n)<\/td>\n<\/tr>\n<tr data-start=\"2928\" data-end=\"2996\">\n<td data-start=\"2928\" data-end=\"2948\" data-col-size=\"sm\">Tratamiento de superficies<\/td>\n<td data-start=\"2948\" data-end=\"2996\" data-col-size=\"md\">Recargue, revestimiento, tratamiento t\u00e9rmico, chapado<\/td>\n<\/tr>\n<tr data-start=\"2997\" data-end=\"3058\">\n<td data-start=\"2997\" data-end=\"3015\" data-col-size=\"sm\">Tipo de producci\u00f3n<\/td>\n<td data-start=\"3015\" data-end=\"3058\" data-col-size=\"md\">Prototipo, lote peque\u00f1o, producci\u00f3n en serie<\/td>\n<\/tr>\n<tr data-start=\"3059\" data-end=\"3097\">\n<td data-start=\"3059\" data-end=\"3081\" data-col-size=\"sm\">Normas admitidas<\/td>\n<td data-start=\"3081\" data-end=\"3097\" data-col-size=\"md\">ISO, DIN, GB<\/td>\n<\/tr>\n<\/tbody>\n<\/table>\n<\/div>\n<\/div>\n<h2 data-start=\"3104\" data-end=\"3137\"><strong data-start=\"3107\" data-end=\"3137\">Gu\u00eda de materiales y tratamientos<\/strong><\/h2>\n<div class=\"TyagGW_tableContainer\">\n<div class=\"group TyagGW_tableWrapper flex flex-col-reverse w-fit\" tabindex=\"-1\">\n<table class=\"w-fit min-w-(--thread-content-width)\" data-start=\"3139\" data-end=\"3563\">\n<thead data-start=\"3139\" data-end=\"3178\">\n<tr data-start=\"3139\" data-end=\"3178\">\n<th data-start=\"3139\" data-end=\"3150\" data-col-size=\"sm\">Material<\/th>\n<th data-start=\"3150\" data-end=\"3163\" data-col-size=\"sm\">Ventajas<\/th>\n<th data-start=\"3163\" data-end=\"3178\" data-col-size=\"sm\">Uso t\u00edpico<\/th>\n<\/tr>\n<\/thead>\n<tbody data-start=\"3193\" data-end=\"3563\">\n<tr data-start=\"3193\" data-end=\"3292\">\n<td data-start=\"3193\" data-end=\"3212\" data-col-size=\"sm\"><strong data-start=\"3195\" data-end=\"3211\">Acero al carbono<\/strong><\/td>\n<td data-start=\"3212\" data-end=\"3255\" data-col-size=\"sm\">Rentable, moderada resistencia al desgaste<\/td>\n<td data-start=\"3255\" data-end=\"3292\" data-col-size=\"sm\">Protecci\u00f3n general contra el desgaste de la maquinaria<\/td>\n<\/tr>\n<tr data-start=\"3293\" data-end=\"3385\">\n<td data-start=\"3293\" data-end=\"3311\" data-col-size=\"sm\"><strong data-start=\"3295\" data-end=\"3310\">Acero aleado<\/strong><\/td>\n<td data-start=\"3311\" data-end=\"3350\" data-col-size=\"sm\">Gran tenacidad y resistencia al impacto<\/td>\n<td data-start=\"3350\" data-end=\"3385\" data-col-size=\"sm\">Trituradoras y alimentadores de gran potencia<\/td>\n<\/tr>\n<tr data-start=\"3386\" data-end=\"3482\">\n<td data-start=\"3386\" data-end=\"3410\" data-col-size=\"sm\"><strong data-start=\"3388\" data-end=\"3409\">Acero de alto contenido en cromo<\/strong><\/td>\n<td data-start=\"3410\" data-end=\"3453\" data-col-size=\"sm\">M\u00e1xima dureza y resistencia a la abrasi\u00f3n<\/td>\n<td data-start=\"3453\" data-end=\"3482\" data-col-size=\"sm\">Molinos, tolvas, cintas transportadoras<\/td>\n<\/tr>\n<tr data-start=\"3483\" data-end=\"3563\">\n<td data-start=\"3483\" data-end=\"3505\" data-col-size=\"sm\"><strong data-start=\"3485\" data-end=\"3504\">Acero inoxidable<\/strong><\/td>\n<td data-start=\"3505\" data-end=\"3527\" data-col-size=\"sm\">Resistente a la corrosi\u00f3n<\/td>\n<td data-start=\"3527\" data-end=\"3563\" data-col-size=\"sm\">Equipos qu\u00edmicos, marinos y alimentarios<\/td>\n<\/tr>\n<\/tbody>\n<\/table>\n<\/div>\n<\/div>\n<div class=\"TyagGW_tableContainer\">\n<div class=\"group TyagGW_tableWrapper flex flex-col-reverse w-fit\" tabindex=\"-1\">\n<table class=\"w-fit min-w-(--thread-content-width)\" data-start=\"3565\" data-end=\"3846\">\n<thead data-start=\"3565\" data-end=\"3610\">\n<tr data-start=\"3565\" data-end=\"3610\">\n<th data-start=\"3565\" data-end=\"3585\" data-col-size=\"sm\">Tratamiento de superficies<\/th>\n<th data-start=\"3585\" data-end=\"3595\" data-col-size=\"sm\">Prop\u00f3sito<\/th>\n<th data-start=\"3595\" data-end=\"3610\" data-col-size=\"sm\">Uso t\u00edpico<\/th>\n<\/tr>\n<\/thead>\n<tbody data-start=\"3625\" data-end=\"3846\">\n<tr data-start=\"3625\" data-end=\"3692\">\n<td data-start=\"3625\" data-end=\"3638\" data-col-size=\"sm\">Recargue<\/td>\n<td data-start=\"3638\" data-end=\"3666\" data-col-size=\"sm\">A\u00f1ade una capa resistente al desgaste<\/td>\n<td data-start=\"3666\" data-end=\"3692\" data-col-size=\"sm\">Maquinaria pesada de impacto<\/td>\n<\/tr>\n<tr data-start=\"3693\" data-end=\"3771\">\n<td data-start=\"3693\" data-end=\"3710\" data-col-size=\"sm\">Tratamiento t\u00e9rmico<\/td>\n<td data-start=\"3710\" data-end=\"3744\" data-col-size=\"sm\">Mejora la dureza y la tenacidad<\/td>\n<td data-start=\"3744\" data-end=\"3771\" data-col-size=\"sm\">Aplicaciones con cargas pesadas<\/td>\n<\/tr>\n<tr data-start=\"3772\" data-end=\"3846\">\n<td data-start=\"3772\" data-end=\"3792\" data-col-size=\"sm\">Revestimiento \/ Galvanoplastia<\/td>\n<td data-start=\"3792\" data-end=\"3824\" data-col-size=\"sm\">Protecci\u00f3n contra la corrosi\u00f3n y el desgaste<\/td>\n<td data-start=\"3824\" data-end=\"3846\" data-col-size=\"sm\">Entornos hostiles<\/td>\n<\/tr>\n<\/tbody>\n<\/table>\n<\/div>\n<\/div>\n<h2 data-start=\"3853\" data-end=\"3876\"><strong data-start=\"3856\" data-end=\"3876\">Por qu\u00e9 elegir Wonzh<\/strong><\/h2>\n<ul data-start=\"3878\" data-end=\"4170\">\n<li data-start=\"3878\" data-end=\"3940\">\n<p data-start=\"3880\" data-end=\"3940\">Placas de desgaste duraderas y de alta calidad para maquinaria industrial<\/p>\n<\/li>\n<li data-start=\"3941\" data-end=\"3995\">\n<p data-start=\"3943\" data-end=\"3995\">Amplia selecci\u00f3n de materiales y tratamientos superficiales<\/p>\n<\/li>\n<li data-start=\"3996\" data-end=\"4062\">\n<p data-start=\"3998\" data-end=\"4062\">Asistencia de ingenier\u00eda personalizada para OEM y aplicaciones industriales<\/p>\n<\/li>\n<li data-start=\"4063\" data-end=\"4105\">\n<p data-start=\"4065\" data-end=\"4105\">Reducci\u00f3n del tiempo de inactividad y de los costes de mantenimiento<\/p>\n<\/li>\n<li data-start=\"4106\" data-end=\"4170\">\n<p data-start=\"4108\" data-end=\"4170\">Del prototipo a la producci\u00f3n en serie con entregas r\u00e1pidas y fiables<\/p>\n<\/li>\n<\/ul>\n<h2 data-start=\"4177\" data-end=\"4218\"><strong data-start=\"4180\" data-end=\"4216\">Preguntas m\u00e1s frecuentes (FAQ)<\/strong><\/h2>\n<h3 data-start=\"4220\" data-end=\"4264\"><strong data-start=\"4224\" data-end=\"4262\">P1: \u00bfPara qu\u00e9 se utilizan las placas de desgaste?<\/strong><\/h3>\n<p data-start=\"4265\" data-end=\"4377\">Las placas de desgaste protegen las superficies de la maquinaria de la abrasi\u00f3n, los impactos y la corrosi\u00f3n, prolongando la vida \u00fatil de los equipos.<\/p>\n<h3 data-start=\"4379\" data-end=\"4432\"><strong data-start=\"4383\" data-end=\"4430\">P2: \u00bfPuedo obtener tama\u00f1os y grosores personalizados?<\/strong><\/h3>\n<p data-start=\"4433\" data-end=\"4522\">S\u00ed. Las placas de desgaste pueden personalizarse totalmente a partir de planos o especificaciones del equipo.<\/p>\n<h3 data-start=\"4524\" data-end=\"4568\"><strong data-start=\"4528\" data-end=\"4566\">P3: \u00bfQu\u00e9 materiales hay disponibles?<\/strong><\/h3>\n<p data-start=\"4569\" data-end=\"4694\">Los materiales incluyen <strong data-start=\"4587\" data-end=\"4661\">acero al carbono, acero aleado, acero de alto contenido en cromo y acero inoxidable<\/strong>, en funci\u00f3n de la aplicaci\u00f3n.<\/p>\n<h3 data-start=\"4696\" data-end=\"4743\"><strong data-start=\"4700\" data-end=\"4741\">P4: \u00bfExisten tratamientos superficiales?<\/strong><\/h3>\n<p data-start=\"4744\" data-end=\"4843\">S\u00ed. Las opciones incluyen <strong data-start=\"4765\" data-end=\"4817\">recargue, tratamiento t\u00e9rmico, chapado y revestimiento<\/strong> para aumentar la durabilidad.<\/p>\n<h3 data-start=\"4845\" data-end=\"4900\"><strong data-start=\"4849\" data-end=\"4898\">P5: \u00bfQu\u00e9 industrias utilizan habitualmente placas de desgaste?<\/strong><\/h3>\n<p data-start=\"4901\" data-end=\"5001\">Las industrias minera, cementera, sider\u00fargica, de la construcci\u00f3n, de manipulaci\u00f3n de materiales y qu\u00edmica son usuarios t\u00edpicos.<\/p>","protected":false},"excerpt":{"rendered":"<p>Las placas antidesgaste suministradas por Wonzh est\u00e1n dise\u00f1adas para proporcionar resistencia a la abrasi\u00f3n, el impacto y la corrosi\u00f3n en equipos industriales. Se utilizan ampliamente en miner\u00eda, cemento, acero, construcci\u00f3n, manipulaci\u00f3n de materiales y maquinaria de generaci\u00f3n de energ\u00eda para proteger las superficies estructurales y reducir los costes de mantenimiento.<\/p>","protected":false},"featured_media":1539,"comment_status":"open","ping_status":"closed","template":"","meta":{"site-sidebar-layout":"default","site-content-layout":"","ast-site-content-layout":"default","site-content-style":"default","site-sidebar-style":"default","ast-global-header-display":"","ast-banner-title-visibility":"","ast-main-header-display":"","ast-hfb-above-header-display":"","ast-hfb-below-header-display":"","ast-hfb-mobile-header-display":"","site-post-title":"","ast-breadcrumbs-content":"","ast-featured-img":"","footer-sml-layout":"","ast-disable-related-posts":"","theme-transparent-header-meta":"default","adv-header-id-meta":"","stick-header-meta":"default","header-above-stick-meta":"","header-main-stick-meta":"","header-below-stick-meta":"","astra-migrate-meta-layouts":"set","ast-page-background-enabled":"default","ast-page-background-meta":{"desktop":{"background-color":"","background-image":"","background-repeat":"repeat","background-position":"center center","background-size":"auto","background-attachment":"scroll","background-type":"","background-media":"","overlay-type":"","overlay-color":"","overlay-opacity":"","overlay-gradient":""},"tablet":{"background-color":"","background-image":"","background-repeat":"repeat","background-position":"center center","background-size":"auto","background-attachment":"scroll","background-type":"","background-media":"","overlay-type":"","overlay-color":"","overlay-opacity":"","overlay-gradient":""},"mobile":{"background-color":"","background-image":"","background-repeat":"repeat","background-position":"center center","background-size":"auto","background-attachment":"scroll","background-type":"","background-media":"","overlay-type":"","overlay-color":"","overlay-opacity":"","overlay-gradient":""}},"ast-content-background-meta":{"desktop":{"background-color":"var(--ast-global-color-5)","background-image":"","background-repeat":"repeat","background-position":"center center","background-size":"auto","background-attachment":"scroll","background-type":"","background-media":"","overlay-type":"","overlay-color":"","overlay-opacity":"","overlay-gradient":""},"tablet":{"background-color":"var(--ast-global-color-5)","background-image":"","background-repeat":"repeat","background-position":"center center","background-size":"auto","background-attachment":"scroll","background-type":"","background-media":"","overlay-type":"","overlay-color":"","overlay-opacity":"","overlay-gradient":""},"mobile":{"background-color":"var(--ast-global-color-5)","background-image":"","background-repeat":"repeat","background-position":"center center","background-size":"auto","background-attachment":"scroll","background-type":"","background-media":"","overlay-type":"","overlay-color":"","overlay-opacity":"","overlay-gradient":""}}},"product_brand":[],"product_cat":[24],"product_tag":[423,427,426,421,343,425,417,424,416,420,419,422,353,418,342],"class_list":{"0":"post-1478","1":"product","2":"type-product","3":"status-publish","4":"has-post-thumbnail","6":"product_cat-wear-parts-wear-components","7":"product_tag-cement-equipment-wear-parts","8":"product_tag-china-wear-plate-manufacturer","9":"product_tag-cnc-cut-wear-plates","10":"product_tag-conveyor-wear-plates","11":"product_tag-crusher-liners","12":"product_tag-custom-wear-plates","13":"product_tag-hardfaced-plates","14":"product_tag-heavy-duty-machinery-protection","15":"product_tag-high-chrome-wear-plates","16":"product_tag-hopper-liners","17":"product_tag-industrial-wear-components","18":"product_tag-mining-wear-plates","19":"product_tag-oem-wear-components","20":"product_tag-stainless-steel-wear-plates","21":"product_tag-wear-plates","22":"desktop-align-left","23":"tablet-align-left","24":"mobile-align-left","26":"first","27":"instock","28":"shipping-taxable","29":"product-type-simple"},"_links":{"self":[{"href":"https:\/\/www.wonzh.com\/es\/wp-json\/wp\/v2\/product\/1478","targetHints":{"allow":["GET"]}}],"collection":[{"href":"https:\/\/www.wonzh.com\/es\/wp-json\/wp\/v2\/product"}],"about":[{"href":"https:\/\/www.wonzh.com\/es\/wp-json\/wp\/v2\/types\/product"}],"replies":[{"embeddable":true,"href":"https:\/\/www.wonzh.com\/es\/wp-json\/wp\/v2\/comments?post=1478"}],"wp:featuredmedia":[{"embeddable":true,"href":"https:\/\/www.wonzh.com\/es\/wp-json\/wp\/v2\/media\/1539"}],"wp:attachment":[{"href":"https:\/\/www.wonzh.com\/es\/wp-json\/wp\/v2\/media?parent=1478"}],"wp:term":[{"taxonomy":"product_brand","embeddable":true,"href":"https:\/\/www.wonzh.com\/es\/wp-json\/wp\/v2\/product_brand?post=1478"},{"taxonomy":"product_cat","embeddable":true,"href":"https:\/\/www.wonzh.com\/es\/wp-json\/wp\/v2\/product_cat?post=1478"},{"taxonomy":"product_tag","embeddable":true,"href":"https:\/\/www.wonzh.com\/es\/wp-json\/wp\/v2\/product_tag?post=1478"}],"curies":[{"name":"wp","href":"https:\/\/api.w.org\/{rel}","templated":true}]}}