{"id":1476,"date":"2026-02-03T15:06:59","date_gmt":"2026-02-03T15:06:59","guid":{"rendered":"https:\/\/www.wonzh.com\/?post_type=product&#038;p=1476"},"modified":"2026-02-05T15:03:37","modified_gmt":"2026-02-05T15:03:37","slug":"sprockets-chain-components-for-industrial-power-transmission","status":"publish","type":"product","link":"https:\/\/www.wonzh.com\/es\/product\/sprockets-chain-components-for-industrial-power-transmission\/","title":{"rendered":"Pi\u00f1ones y componentes de cadena para transmisi\u00f3n de potencia industrial"},"content":{"rendered":"<p data-start=\"615\" data-end=\"909\">Los pi\u00f1ones y componentes de cadena suministrados por Wonzh son piezas de ingenier\u00eda de precisi\u00f3n dise\u00f1adas para transferir potencia mec\u00e1nica en sistemas accionados por cadena. Se utilizan ampliamente en cintas transportadoras, maquinaria agr\u00edcola, equipos de construcci\u00f3n, automatizaci\u00f3n industrial y sistemas de manipulaci\u00f3n de materiales.<\/p>\n<p data-start=\"911\" data-end=\"1262\">Nuestros pi\u00f1ones se fabrican con acero al carbono, acero aleado, acero inoxidable o pl\u00e1sticos t\u00e9cnicos y se mecanizan con gran precisi\u00f3n y estrictas tolerancias en el perfil de los dientes. Las cadenas se fabrican con acero de aleaci\u00f3n de alta resistencia con tratamiento t\u00e9rmico y acabado superficial para garantizar la resistencia al desgaste, la resistencia a la fatiga y una larga vida \u00fatil.<\/p>\n<p data-start=\"1264\" data-end=\"1667\">Wonzh ofrece una amplia gama de cadenas de rodillos, cadenas silenciosas, cadenas transportadoras, ruedas dentadas est\u00e1ndar, ruedas dentadas personalizadas y conjuntos de cadenas. Tambi\u00e9n ofrecemos tama\u00f1os, n\u00famero de dientes, materiales y revestimientos personalizados para satisfacer los requisitos espec\u00edficos de cada aplicaci\u00f3n. Nuestro equipo de ingenier\u00eda ayuda a seleccionar los tipos de cadena, los materiales de los pi\u00f1ones y la compatibilidad, garantizando un funcionamiento suave y fiable.<\/p>\n<h2 data-start=\"1674\" data-end=\"1693\"><strong data-start=\"1677\" data-end=\"1693\">Caracter\u00edsticas principales<\/strong><\/h2>\n<ul data-start=\"1695\" data-end=\"2057\">\n<li data-start=\"1695\" data-end=\"1764\">\n<p data-start=\"1697\" data-end=\"1764\">Perfil del diente del pi\u00f1\u00f3n de alta precisi\u00f3n para un engranaje suave de la cadena<\/p>\n<\/li>\n<li data-start=\"1765\" data-end=\"1832\">\n<p data-start=\"1767\" data-end=\"1832\">Cadenas dise\u00f1adas para ofrecer una gran resistencia a la tracci\u00f3n y al desgaste<\/p>\n<\/li>\n<li data-start=\"1833\" data-end=\"1889\">\n<p data-start=\"1835\" data-end=\"1889\">Admite m\u00faltiples tipos de aplicaciones basadas en cadenas<\/p>\n<\/li>\n<li data-start=\"1890\" data-end=\"1945\">\n<p data-start=\"1892\" data-end=\"1945\">Tama\u00f1os, n\u00famero de dientes y materiales a medida<\/p>\n<\/li>\n<li data-start=\"1946\" data-end=\"1996\">\n<p data-start=\"1948\" data-end=\"1996\">Resistente a cargas elevadas y entornos dif\u00edciles<\/p>\n<\/li>\n<li data-start=\"1997\" data-end=\"2057\">\n<p data-start=\"1999\" data-end=\"2057\">Adecuado para prototipos, lotes peque\u00f1os y producci\u00f3n en serie<\/p>\n<\/li>\n<\/ul>\n<h2 data-start=\"2064\" data-end=\"2091\"><strong data-start=\"2067\" data-end=\"2091\">Aplicaciones t\u00edpicas<\/strong><\/h2>\n<ul data-start=\"2093\" data-end=\"2348\">\n<li data-start=\"2093\" data-end=\"2139\">\n<p data-start=\"2095\" data-end=\"2139\">Transportadores industriales y manipulaci\u00f3n de materiales<\/p>\n<\/li>\n<li data-start=\"2140\" data-end=\"2178\">\n<p data-start=\"2142\" data-end=\"2178\">Maquinaria agr\u00edcola y ganadera<\/p>\n<\/li>\n<li data-start=\"2179\" data-end=\"2216\">\n<p data-start=\"2181\" data-end=\"2216\">Equipos de construcci\u00f3n y miner\u00eda<\/p>\n<\/li>\n<li data-start=\"2217\" data-end=\"2273\">\n<p data-start=\"2219\" data-end=\"2273\">Maquinaria de envasado, procesamiento de alimentos y automatizaci\u00f3n<\/p>\n<\/li>\n<li data-start=\"2274\" data-end=\"2307\">\n<p data-start=\"2276\" data-end=\"2307\">Transmisi\u00f3n de potencia en automoci\u00f3n<\/p>\n<\/li>\n<li data-start=\"2308\" data-end=\"2348\">\n<p data-start=\"2310\" data-end=\"2348\">Accionamientos de maquinaria y equipos pesados<\/p>\n<\/li>\n<\/ul>\n<h2 data-start=\"2355\" data-end=\"2394\"><strong data-start=\"2358\" data-end=\"2394\">Tipos de pi\u00f1ones y cadenas que suministramos<\/strong><\/h2>\n<div class=\"TyagGW_tableContainer\">\n<div class=\"group TyagGW_tableWrapper flex flex-col-reverse w-fit\" tabindex=\"-1\">\n<table class=\"w-fit min-w-(--thread-content-width)\" data-start=\"2396\" data-end=\"3034\">\n<thead data-start=\"2396\" data-end=\"2442\">\n<tr data-start=\"2396\" data-end=\"2442\">\n<th data-start=\"2396\" data-end=\"2413\" data-col-size=\"sm\">Tipo de componente<\/th>\n<th data-start=\"2413\" data-end=\"2427\" data-col-size=\"md\">Descripci\u00f3n<\/th>\n<th data-start=\"2427\" data-end=\"2442\" data-col-size=\"sm\">Uso t\u00edpico<\/th>\n<\/tr>\n<\/thead>\n<tbody data-start=\"2457\" data-end=\"3034\">\n<tr data-start=\"2457\" data-end=\"2548\">\n<td data-start=\"2457\" data-end=\"2476\" data-col-size=\"sm\"><strong data-start=\"2459\" data-end=\"2475\">Cadena de rodillos<\/strong><\/td>\n<td data-start=\"2476\" data-end=\"2516\" data-col-size=\"md\">Cadena est\u00e1ndar para transmisi\u00f3n de potencia<\/td>\n<td data-start=\"2516\" data-end=\"2548\" data-col-size=\"sm\">Transportadores, accionamientos industriales<\/td>\n<\/tr>\n<tr data-start=\"2549\" data-end=\"2650\">\n<td data-start=\"2549\" data-end=\"2577\" data-col-size=\"sm\"><strong data-start=\"2551\" data-end=\"2576\">Silencioso \/ Cadena de distribuci\u00f3n<\/strong><\/td>\n<td data-start=\"2577\" data-end=\"2612\" data-col-size=\"md\">Funcionamiento suave, sincronizaci\u00f3n precisa<\/td>\n<td data-start=\"2612\" data-end=\"2650\" data-col-size=\"sm\">Automoci\u00f3n, m\u00e1quinas CNC, rob\u00f3tica<\/td>\n<\/tr>\n<tr data-start=\"2651\" data-end=\"2743\">\n<td data-start=\"2651\" data-end=\"2672\" data-col-size=\"sm\"><strong data-start=\"2653\" data-end=\"2671\">Cadena transportadora<\/strong><\/td>\n<td data-start=\"2672\" data-end=\"2702\" data-col-size=\"md\">Cadena resistente o modular<\/td>\n<td data-start=\"2702\" data-end=\"2743\" data-col-size=\"sm\">L\u00edneas de manipulaci\u00f3n y envasado de materiales<\/td>\n<\/tr>\n<tr data-start=\"2744\" data-end=\"2846\">\n<td data-start=\"2744\" data-end=\"2768\" data-col-size=\"sm\"><strong data-start=\"2746\" data-end=\"2767\">Pi\u00f1\u00f3n est\u00e1ndar<\/strong><\/td>\n<td data-start=\"2768\" data-end=\"2812\" data-col-size=\"md\">Engranaje circular con dientes para enganchar cadenas<\/td>\n<td data-start=\"2812\" data-end=\"2846\" data-col-size=\"sm\">Accionamientos de cadenas de rodillos, transportadores<\/td>\n<\/tr>\n<tr data-start=\"2847\" data-end=\"2946\">\n<td data-start=\"2847\" data-end=\"2869\" data-col-size=\"sm\"><strong data-start=\"2849\" data-end=\"2868\">Pi\u00f1\u00f3n personalizado<\/strong><\/td>\n<td data-start=\"2869\" data-end=\"2910\" data-col-size=\"md\">Dise\u00f1ado seg\u00fan planos \/ especificaciones<\/td>\n<td data-start=\"2910\" data-end=\"2946\" data-col-size=\"sm\">OEM y aplicaciones especializadas<\/td>\n<\/tr>\n<tr data-start=\"2947\" data-end=\"3034\">\n<td data-start=\"2947\" data-end=\"2971\" data-col-size=\"sm\"><strong data-start=\"2949\" data-end=\"2970\">Accesorios para cadenas<\/strong><\/td>\n<td data-start=\"2971\" data-end=\"3000\" data-col-size=\"md\">Conectores, pasadores, casquillos<\/td>\n<td data-start=\"3000\" data-end=\"3034\" data-col-size=\"sm\">Montaje y mantenimiento de la cadena<\/td>\n<\/tr>\n<\/tbody>\n<\/table>\n<\/div>\n<\/div>\n<h2 data-start=\"3041\" data-end=\"3093\"><strong data-start=\"3044\" data-end=\"3091\">Par\u00e1metros t\u00e9cnicos (gama representativa)<\/strong><\/h2>\n<div class=\"TyagGW_tableContainer\">\n<div class=\"group TyagGW_tableWrapper flex flex-col-reverse w-fit\" tabindex=\"-1\">\n<table class=\"w-fit min-w-(--thread-content-width)\" data-start=\"3095\" data-end=\"3617\">\n<thead data-start=\"3095\" data-end=\"3132\">\n<tr data-start=\"3095\" data-end=\"3132\">\n<th data-start=\"3095\" data-end=\"3107\" data-col-size=\"sm\">Par\u00e1metro<\/th>\n<th data-start=\"3107\" data-end=\"3132\" data-col-size=\"md\">Especificaci\u00f3n \/ Gama<\/th>\n<\/tr>\n<\/thead>\n<tbody data-start=\"3143\" data-end=\"3617\">\n<tr data-start=\"3143\" data-end=\"3230\">\n<td data-start=\"3143\" data-end=\"3162\" data-col-size=\"sm\">Opciones de material<\/td>\n<td data-start=\"3162\" data-end=\"3230\" data-col-size=\"md\">Acero al carbono, acero aleado, acero inoxidable, pl\u00e1sticos t\u00e9cnicos<\/td>\n<\/tr>\n<tr data-start=\"3231\" data-end=\"3282\">\n<td data-start=\"3231\" data-end=\"3245\" data-col-size=\"sm\">Paso de cadena<\/td>\n<td data-start=\"3245\" data-end=\"3282\" data-col-size=\"md\">6 mm - 100 mm (est\u00e1ndar y a medida)<\/td>\n<\/tr>\n<tr data-start=\"3283\" data-end=\"3331\">\n<td data-start=\"3283\" data-end=\"3299\" data-col-size=\"sm\">Di\u00e1metro del pi\u00f1\u00f3n<\/td>\n<td data-start=\"3299\" data-end=\"3331\" data-col-size=\"md\">5 mm - 150 mm (personalizable)<\/td>\n<\/tr>\n<tr data-start=\"3332\" data-end=\"3377\">\n<td data-start=\"3332\" data-end=\"3350\" data-col-size=\"sm\">N\u00famero de dientes<\/td>\n<td data-start=\"3350\" data-end=\"3377\" data-col-size=\"md\">10 - 200 (personalizable)<\/td>\n<\/tr>\n<tr data-start=\"3378\" data-end=\"3442\">\n<td data-start=\"3378\" data-end=\"3394\" data-col-size=\"sm\">Capacidad de carga<\/td>\n<td data-start=\"3394\" data-end=\"3442\" data-col-size=\"md\">Cadenas ligeras o pesadas (seg\u00fan el tipo)<\/td>\n<\/tr>\n<tr data-start=\"3443\" data-end=\"3510\">\n<td data-start=\"3443\" data-end=\"3463\" data-col-size=\"sm\">Tratamiento de superficies<\/td>\n<td data-start=\"3463\" data-end=\"3510\" data-col-size=\"md\">Endurecimiento, chapado, revestimiento, tratamiento t\u00e9rmico<\/td>\n<\/tr>\n<tr data-start=\"3511\" data-end=\"3572\">\n<td data-start=\"3511\" data-end=\"3529\" data-col-size=\"sm\">Tipo de producci\u00f3n<\/td>\n<td data-start=\"3529\" data-end=\"3572\" data-col-size=\"md\">Prototipo, lote peque\u00f1o, producci\u00f3n en serie<\/td>\n<\/tr>\n<tr data-start=\"3573\" data-end=\"3617\">\n<td data-start=\"3573\" data-end=\"3595\" data-col-size=\"sm\">Normas admitidas<\/td>\n<td data-start=\"3595\" data-end=\"3617\" data-col-size=\"md\">ISO, DIN, ANSI, GB<\/td>\n<\/tr>\n<\/tbody>\n<\/table>\n<\/div>\n<\/div>\n<h2 data-start=\"3624\" data-end=\"3657\"><strong data-start=\"3627\" data-end=\"3657\">Gu\u00eda de materiales y selecci\u00f3n<\/strong><\/h2>\n<div class=\"TyagGW_tableContainer\">\n<div class=\"group TyagGW_tableWrapper flex flex-col-reverse w-fit\" tabindex=\"-1\">\n<table class=\"w-fit min-w-(--thread-content-width)\" data-start=\"3659\" data-end=\"4079\">\n<thead data-start=\"3659\" data-end=\"3702\">\n<tr data-start=\"3659\" data-end=\"3702\">\n<th data-start=\"3659\" data-end=\"3670\" data-col-size=\"sm\">Material<\/th>\n<th data-start=\"3670\" data-end=\"3683\" data-col-size=\"sm\">Ventajas<\/th>\n<th data-start=\"3683\" data-end=\"3702\" data-col-size=\"sm\">Recomendado para<\/th>\n<\/tr>\n<\/thead>\n<tbody data-start=\"3717\" data-end=\"4079\">\n<tr data-start=\"3717\" data-end=\"3805\">\n<td data-start=\"3717\" data-end=\"3736\" data-col-size=\"sm\"><strong data-start=\"3719\" data-end=\"3735\">Acero al carbono<\/strong><\/td>\n<td data-start=\"3736\" data-end=\"3761\" data-col-size=\"sm\">Resistente y rentable<\/td>\n<td data-start=\"3761\" data-end=\"3805\" data-col-size=\"sm\">Cadenas y pi\u00f1ones industriales est\u00e1ndar<\/td>\n<\/tr>\n<tr data-start=\"3806\" data-end=\"3902\">\n<td data-start=\"3806\" data-end=\"3824\" data-col-size=\"sm\"><strong data-start=\"3808\" data-end=\"3823\">Acero aleado<\/strong><\/td>\n<td data-start=\"3824\" data-end=\"3864\" data-col-size=\"sm\">Alta resistencia a la tracci\u00f3n y al desgaste<\/td>\n<td data-start=\"3864\" data-end=\"3902\" data-col-size=\"sm\">Aplicaciones pesadas y de gran carga<\/td>\n<\/tr>\n<tr data-start=\"3903\" data-end=\"3987\">\n<td data-start=\"3903\" data-end=\"3925\" data-col-size=\"sm\"><strong data-start=\"3905\" data-end=\"3924\">Acero inoxidable<\/strong><\/td>\n<td data-start=\"3925\" data-end=\"3947\" data-col-size=\"sm\">Resistente a la corrosi\u00f3n<\/td>\n<td data-start=\"3947\" data-end=\"3987\" data-col-size=\"sm\">Maquinaria alimentaria, qu\u00edmica y naval<\/td>\n<\/tr>\n<tr data-start=\"3988\" data-end=\"4079\">\n<td data-start=\"3988\" data-end=\"4015\" data-col-size=\"sm\"><strong data-start=\"3990\" data-end=\"4014\">Pl\u00e1sticos t\u00e9cnicos<\/strong><\/td>\n<td data-start=\"4015\" data-end=\"4043\" data-col-size=\"sm\">Ligero, baja fricci\u00f3n<\/td>\n<td data-start=\"4043\" data-end=\"4079\" data-col-size=\"sm\">Aplicaciones de baja carga y baja velocidad<\/td>\n<\/tr>\n<\/tbody>\n<\/table>\n<\/div>\n<\/div>\n<div class=\"TyagGW_tableContainer\">\n<div class=\"group TyagGW_tableWrapper flex flex-col-reverse w-fit\" tabindex=\"-1\">\n<table class=\"w-fit min-w-(--thread-content-width)\" data-start=\"4081\" data-end=\"4427\">\n<thead data-start=\"4081\" data-end=\"4125\">\n<tr data-start=\"4081\" data-end=\"4125\">\n<th data-start=\"4081\" data-end=\"4098\" data-col-size=\"sm\">Tipo de componente<\/th>\n<th data-start=\"4098\" data-end=\"4110\" data-col-size=\"sm\">Ventaja<\/th>\n<th data-start=\"4110\" data-end=\"4125\" data-col-size=\"sm\">Uso t\u00edpico<\/th>\n<\/tr>\n<\/thead>\n<tbody data-start=\"4140\" data-end=\"4427\">\n<tr data-start=\"4140\" data-end=\"4200\">\n<td data-start=\"4140\" data-end=\"4155\" data-col-size=\"sm\">Cadena de rodillos<\/td>\n<td data-start=\"4155\" data-end=\"4179\" data-col-size=\"sm\">Alta carga, durabilidad<\/td>\n<td data-start=\"4179\" data-end=\"4200\" data-col-size=\"sm\">Transportadores, accionamientos<\/td>\n<\/tr>\n<tr data-start=\"4201\" data-end=\"4274\">\n<td data-start=\"4201\" data-end=\"4225\" data-col-size=\"sm\">Distribuci\u00f3n \/ Cadena silenciosa<\/td>\n<td data-start=\"4225\" data-end=\"4245\" data-col-size=\"sm\">Suave y silencioso<\/td>\n<td data-start=\"4245\" data-end=\"4274\" data-col-size=\"sm\">Automoci\u00f3n, CNC, rob\u00f3tica<\/td>\n<\/tr>\n<tr data-start=\"4275\" data-end=\"4350\">\n<td data-start=\"4275\" data-end=\"4286\" data-col-size=\"sm\">Pi\u00f1\u00f3n<\/td>\n<td data-start=\"4286\" data-end=\"4310\" data-col-size=\"sm\">Perfil preciso del diente<\/td>\n<td data-start=\"4310\" data-end=\"4350\" data-col-size=\"sm\">Enganche de cadena, transmisi\u00f3n de potencia<\/td>\n<\/tr>\n<tr data-start=\"4351\" data-end=\"4427\">\n<td data-start=\"4351\" data-end=\"4371\" data-col-size=\"sm\">Componentes personalizados<\/td>\n<td data-start=\"4371\" data-end=\"4394\" data-col-size=\"sm\">Aplicaci\u00f3n espec\u00edfica<\/td>\n<td data-start=\"4394\" data-end=\"4427\" data-col-size=\"sm\">OEM y maquinaria especializada<\/td>\n<\/tr>\n<\/tbody>\n<\/table>\n<\/div>\n<\/div>\n<h2 data-start=\"4434\" data-end=\"4457\"><strong data-start=\"4437\" data-end=\"4457\">Por qu\u00e9 elegir Wonzh<\/strong><\/h2>\n<ul data-start=\"4459\" data-end=\"4772\">\n<li data-start=\"4459\" data-end=\"4510\">\n<p data-start=\"4461\" data-end=\"4510\">Fabricaci\u00f3n avanzada de pi\u00f1ones y cadenas<\/p>\n<\/li>\n<li data-start=\"4511\" data-end=\"4585\">\n<p data-start=\"4513\" data-end=\"4585\">Estricto control de calidad de la resistencia al desgaste y la precisi\u00f3n dimensional<\/p>\n<\/li>\n<li data-start=\"4586\" data-end=\"4652\">\n<p data-start=\"4588\" data-end=\"4652\">Asistencia de ingenier\u00eda personalizada para OEM y aplicaciones industriales<\/p>\n<\/li>\n<li data-start=\"4653\" data-end=\"4716\">\n<p data-start=\"4655\" data-end=\"4716\">Componentes duraderos y de alta resistencia para una larga vida \u00fatil<\/p>\n<\/li>\n<li data-start=\"4717\" data-end=\"4772\">\n<p data-start=\"4719\" data-end=\"4772\">Del prototipo a la producci\u00f3n en serie con entregas fiables<\/p>\n<\/li>\n<\/ul>\n<h2 data-start=\"4779\" data-end=\"4820\"><strong data-start=\"4782\" data-end=\"4818\">Preguntas m\u00e1s frecuentes (FAQ)<\/strong><\/h2>\n<h3 data-start=\"4822\" data-end=\"4875\"><strong data-start=\"4826\" data-end=\"4873\">P1: \u00bfPara qu\u00e9 sirven las ruedas dentadas y las cadenas?<\/strong><\/h3>\n<p data-start=\"4876\" data-end=\"4965\">Transmiten potencia mec\u00e1nica entre ejes e impulsan el movimiento en sistemas accionados por cadena.<\/p>\n<h3 data-start=\"4967\" data-end=\"5018\"><strong data-start=\"4971\" data-end=\"5016\">P2: \u00bfPuedo conseguir pi\u00f1ones o cadenas personalizados?<\/strong><\/h3>\n<p data-start=\"5019\" data-end=\"5121\">S\u00ed. Fabricamos pi\u00f1ones y cadenas basados en <strong data-start=\"5069\" data-end=\"5118\">planos, especificaciones o requisitos de los fabricantes de equipos originales<\/strong>.<\/p>\n<h3 data-start=\"5123\" data-end=\"5166\"><strong data-start=\"5127\" data-end=\"5164\">P3: \u00bfQu\u00e9 materiales hay disponibles?<\/strong><\/h3>\n<p data-start=\"5167\" data-end=\"5301\"><strong data-start=\"5167\" data-end=\"5239\">Acero al carbono, acero aleado, acero inoxidable y pl\u00e1sticos t\u00e9cnicos<\/strong> en funci\u00f3n de la carga, el entorno y los requisitos de corrosi\u00f3n.<\/p>\n<h3 data-start=\"5303\" data-end=\"5349\"><strong data-start=\"5307\" data-end=\"5347\">P4: \u00bfQu\u00e9 tipos de cadena son compatibles?<\/strong><\/h3>\n<p data-start=\"5350\" data-end=\"5423\">Suministramos <strong data-start=\"5360\" data-end=\"5420\">cadenas de rodillos, cadenas silenciosas y cadenas transportadoras<\/strong>.<\/p>\n<h3 data-start=\"5425\" data-end=\"5473\"><strong data-start=\"5429\" data-end=\"5471\">P5: \u00bfSe pueden aplicar tratamientos superficiales?<\/strong><\/h3>\n<p data-start=\"5474\" data-end=\"5600\">S\u00ed. Existen tratamientos de endurecimiento, chapado, revestimiento y otros tratamientos superficiales para mejorar la durabilidad y la resistencia a la corrosi\u00f3n.<\/p>","protected":false},"excerpt":{"rendered":"<p>Los pi\u00f1ones y componentes de cadena suministrados por Wonzh son piezas de ingenier\u00eda de precisi\u00f3n dise\u00f1adas para transferir potencia mec\u00e1nica en sistemas accionados por cadena. Se utilizan ampliamente en cintas transportadoras, maquinaria agr\u00edcola, equipos de construcci\u00f3n, automatizaci\u00f3n industrial y sistemas de manipulaci\u00f3n de materiales.<\/p>","protected":false},"featured_media":1536,"comment_status":"open","ping_status":"closed","template":"","meta":{"site-sidebar-layout":"default","site-content-layout":"","ast-site-content-layout":"default","site-content-style":"default","site-sidebar-style":"default","ast-global-header-display":"","ast-banner-title-visibility":"","ast-main-header-display":"","ast-hfb-above-header-display":"","ast-hfb-below-header-display":"","ast-hfb-mobile-header-display":"","site-post-title":"","ast-breadcrumbs-content":"","ast-featured-img":"","footer-sml-layout":"","ast-disable-related-posts":"","theme-transparent-header-meta":"default","adv-header-id-meta":"","stick-header-meta":"default","header-above-stick-meta":"","header-main-stick-meta":"","header-below-stick-meta":"","astra-migrate-meta-layouts":"set","ast-page-background-enabled":"default","ast-page-background-meta":{"desktop":{"background-color":"","background-image":"","background-repeat":"repeat","background-position":"center center","background-size":"auto","background-attachment":"scroll","background-type":"","background-media":"","overlay-type":"","overlay-color":"","overlay-opacity":"","overlay-gradient":""},"tablet":{"background-color":"","background-image":"","background-repeat":"repeat","background-position":"center center","background-size":"auto","background-attachment":"scroll","background-type":"","background-media":"","overlay-type":"","overlay-color":"","overlay-opacity":"","overlay-gradient":""},"mobile":{"background-color":"","background-image":"","background-repeat":"repeat","background-position":"center center","background-size":"auto","background-attachment":"scroll","background-type":"","background-media":"","overlay-type":"","overlay-color":"","overlay-opacity":"","overlay-gradient":""}},"ast-content-background-meta":{"desktop":{"background-color":"var(--ast-global-color-5)","background-image":"","background-repeat":"repeat","background-position":"center center","background-size":"auto","background-attachment":"scroll","background-type":"","background-media":"","overlay-type":"","overlay-color":"","overlay-opacity":"","overlay-gradient":""},"tablet":{"background-color":"var(--ast-global-color-5)","background-image":"","background-repeat":"repeat","background-position":"center center","background-size":"auto","background-attachment":"scroll","background-type":"","background-media":"","overlay-type":"","overlay-color":"","overlay-opacity":"","overlay-gradient":""},"mobile":{"background-color":"var(--ast-global-color-5)","background-image":"","background-repeat":"repeat","background-position":"center center","background-size":"auto","background-attachment":"scroll","background-type":"","background-media":"","overlay-type":"","overlay-color":"","overlay-opacity":"","overlay-gradient":""}}},"product_brand":[],"product_cat":[25],"product_tag":[409,408,415,411,405,406,414,407,413,412,402,404,401,410,403],"class_list":{"0":"post-1476","1":"product","2":"type-product","3":"status-publish","4":"has-post-thumbnail","6":"product_cat-transmission-drive-components","7":"product_tag-alloy-steel-chains","8":"product_tag-chain-accessories","9":"product_tag-china-chain-manufacturer","10":"product_tag-cnc-machined-sprockets","11":"product_tag-conveyor-chain","12":"product_tag-custom-sprockets","13":"product_tag-heavy-duty-chains","14":"product_tag-industrial-sprockets","15":"product_tag-oem-chains","16":"product_tag-power-transmission-components","17":"product_tag-roller-chain","18":"product_tag-silent-chain","19":"product_tag-sprocket-components","20":"product_tag-stainless-steel-chains","21":"product_tag-timing-chain","22":"desktop-align-left","23":"tablet-align-left","24":"mobile-align-left","26":"first","27":"instock","28":"shipping-taxable","29":"product-type-simple"},"_links":{"self":[{"href":"https:\/\/www.wonzh.com\/es\/wp-json\/wp\/v2\/product\/1476","targetHints":{"allow":["GET"]}}],"collection":[{"href":"https:\/\/www.wonzh.com\/es\/wp-json\/wp\/v2\/product"}],"about":[{"href":"https:\/\/www.wonzh.com\/es\/wp-json\/wp\/v2\/types\/product"}],"replies":[{"embeddable":true,"href":"https:\/\/www.wonzh.com\/es\/wp-json\/wp\/v2\/comments?post=1476"}],"wp:featuredmedia":[{"embeddable":true,"href":"https:\/\/www.wonzh.com\/es\/wp-json\/wp\/v2\/media\/1536"}],"wp:attachment":[{"href":"https:\/\/www.wonzh.com\/es\/wp-json\/wp\/v2\/media?parent=1476"}],"wp:term":[{"taxonomy":"product_brand","embeddable":true,"href":"https:\/\/www.wonzh.com\/es\/wp-json\/wp\/v2\/product_brand?post=1476"},{"taxonomy":"product_cat","embeddable":true,"href":"https:\/\/www.wonzh.com\/es\/wp-json\/wp\/v2\/product_cat?post=1476"},{"taxonomy":"product_tag","embeddable":true,"href":"https:\/\/www.wonzh.com\/es\/wp-json\/wp\/v2\/product_tag?post=1476"}],"curies":[{"name":"wp","href":"https:\/\/api.w.org\/{rel}","templated":true}]}}