{"id":1472,"date":"2026-02-03T15:00:09","date_gmt":"2026-02-03T15:00:09","guid":{"rendered":"https:\/\/www.wonzh.com\/?post_type=product&#038;p=1472"},"modified":"2026-02-05T14:50:06","modified_gmt":"2026-02-05T14:50:06","slug":"industrial-couplings-for-power-transmission-and-mechanical-systems","status":"publish","type":"product","link":"https:\/\/www.wonzh.com\/es\/product\/industrial-couplings-for-power-transmission-and-mechanical-systems\/","title":{"rendered":"Acoplamientos industriales para transmisi\u00f3n de potencia y sistemas mec\u00e1nicos"},"content":{"rendered":"<p data-start=\"567\" data-end=\"910\">Acoplamientos suministrados por <strong data-start=\"589\" data-end=\"598\">Wonzh<\/strong> son componentes mec\u00e1nicos dise\u00f1ados con precisi\u00f3n que se utilizan para conectar dos ejes para la transmisi\u00f3n de potencia a la vez que se adaptan a la desalineaci\u00f3n, reducen las vibraciones y protegen los equipos conectados. Nuestros acoplamientos se aplican ampliamente en <strong data-start=\"829\" data-end=\"907\">motores, bombas, compresores, transportadores, reductores y maquinaria industrial<\/strong>.<\/p>\n<p data-start=\"912\" data-end=\"1409\">Fabricado con materiales de alta resistencia <strong data-start=\"944\" data-end=\"1015\">acero al carbono, acero aleado, acero inoxidable o pl\u00e1sticos t\u00e9cnicos<\/strong>, Los acoplamientos Wonzh est\u00e1n dise\u00f1ados para ofrecer durabilidad, capacidad de par y fiabilidad operativa. Nuestros productos incluyen <strong data-start=\"1131\" data-end=\"1232\">acoplamientos r\u00edgidos, acoplamientos el\u00e1sticos, acoplamientos de garras, acoplamientos de engranajes y soluciones a medida<\/strong> para aplicaciones especializadas. El avanzado mecanizado CNC, el tratamiento t\u00e9rmico y el acabado superficial garantizan un rendimiento constante bajo cargas din\u00e1micas y duras condiciones industriales.<\/p>\n<p data-start=\"1411\" data-end=\"1722\">Ofrecemos <strong data-start=\"1422\" data-end=\"1465\">acoplamientos est\u00e1ndar y totalmente personalizados<\/strong>, Nuestro equipo de ingenier\u00eda puede recomendar tipos, materiales y tolerancias de acoplamiento adecuados para optimizar la eficiencia y la vida \u00fatil de la m\u00e1quina. Nuestro equipo de ingenier\u00eda puede recomendar tipos de acoplamiento, materiales y tolerancias adecuados para optimizar la eficiencia y la vida \u00fatil de la m\u00e1quina.<\/p>\n<h2 data-start=\"1729\" data-end=\"1748\"><strong data-start=\"1732\" data-end=\"1748\">Caracter\u00edsticas principales<\/strong><\/h2>\n<ul data-start=\"1750\" data-end=\"2049\">\n<li data-start=\"1750\" data-end=\"1789\">\n<p data-start=\"1752\" data-end=\"1789\">Gran capacidad de transmisi\u00f3n de par<\/p>\n<\/li>\n<li data-start=\"1790\" data-end=\"1848\">\n<p data-start=\"1792\" data-end=\"1848\">Admite desalineaciones angulares, paralelas y axiales<\/p>\n<\/li>\n<li data-start=\"1849\" data-end=\"1891\">\n<p data-start=\"1851\" data-end=\"1891\">Amortiguaci\u00f3n de vibraciones y absorci\u00f3n de impactos<\/p>\n<\/li>\n<li data-start=\"1892\" data-end=\"1940\">\n<p data-start=\"1894\" data-end=\"1940\">Resistente al desgaste y duradero con cargas pesadas<\/p>\n<\/li>\n<li data-start=\"1941\" data-end=\"1992\">\n<p data-start=\"1943\" data-end=\"1992\">Tama\u00f1os, materiales y tipos est\u00e1ndar y personalizados<\/p>\n<\/li>\n<li data-start=\"1993\" data-end=\"2049\">\n<p data-start=\"1995\" data-end=\"2049\">Admite prototipos, lotes peque\u00f1os y producci\u00f3n en serie<\/p>\n<\/li>\n<\/ul>\n<h2 data-start=\"2056\" data-end=\"2083\"><strong data-start=\"2059\" data-end=\"2083\">Aplicaciones t\u00edpicas<\/strong><\/h2>\n<ul data-start=\"2085\" data-end=\"2350\">\n<li data-start=\"2085\" data-end=\"2116\">\n<p data-start=\"2087\" data-end=\"2116\">Motores y bombas industriales<\/p>\n<\/li>\n<li data-start=\"2117\" data-end=\"2155\">\n<p data-start=\"2119\" data-end=\"2155\">Cajas de cambios y sistemas de transmisi\u00f3n<\/p>\n<\/li>\n<li data-start=\"2156\" data-end=\"2183\">\n<p data-start=\"2158\" data-end=\"2183\">Compresores y soplantes<\/p>\n<\/li>\n<li data-start=\"2184\" data-end=\"2227\">\n<p data-start=\"2186\" data-end=\"2227\">Transportadores y sistemas de manipulaci\u00f3n de materiales<\/p>\n<\/li>\n<li data-start=\"2228\" data-end=\"2273\">\n<p data-start=\"2230\" data-end=\"2273\">Miner\u00eda, construcci\u00f3n y maquinaria pesada<\/p>\n<\/li>\n<li data-start=\"2274\" data-end=\"2315\">\n<p data-start=\"2276\" data-end=\"2315\">Equipos de generaci\u00f3n de electricidad y energ\u00eda<\/p>\n<\/li>\n<li data-start=\"2316\" data-end=\"2350\">\n<p data-start=\"2318\" data-end=\"2350\">Automatizaci\u00f3n y sistemas robotizados<\/p>\n<\/li>\n<\/ul>\n<h2 data-start=\"2357\" data-end=\"2388\"><strong data-start=\"2360\" data-end=\"2388\">Tipos de acoplamiento que suministramos<\/strong><\/h2>\n<div class=\"TyagGW_tableContainer\">\n<div class=\"group TyagGW_tableWrapper flex flex-col-reverse w-fit\" tabindex=\"-1\">\n<table class=\"w-fit min-w-(--thread-content-width)\" data-start=\"2390\" data-end=\"3062\">\n<thead data-start=\"2390\" data-end=\"2435\">\n<tr data-start=\"2390\" data-end=\"2435\">\n<th data-start=\"2390\" data-end=\"2406\" data-col-size=\"sm\">Tipo de acoplamiento<\/th>\n<th data-start=\"2406\" data-end=\"2420\" data-col-size=\"md\">Descripci\u00f3n<\/th>\n<th data-start=\"2420\" data-end=\"2435\" data-col-size=\"md\">Uso t\u00edpico<\/th>\n<\/tr>\n<\/thead>\n<tbody data-start=\"2450\" data-end=\"3062\">\n<tr data-start=\"2450\" data-end=\"2571\">\n<td data-start=\"2450\" data-end=\"2471\" data-col-size=\"sm\"><strong data-start=\"2452\" data-end=\"2470\">Acoplamiento r\u00edgido<\/strong><\/td>\n<td data-start=\"2471\" data-end=\"2520\" data-col-size=\"md\">Conexi\u00f3n s\u00f3lida, sin compensaci\u00f3n de desalineaci\u00f3n<\/td>\n<td data-start=\"2520\" data-end=\"2571\" data-col-size=\"md\">Alineaci\u00f3n precisa de ejes, aplicaciones de baja velocidad<\/td>\n<\/tr>\n<tr data-start=\"2572\" data-end=\"2681\">\n<td data-start=\"2572\" data-end=\"2596\" data-col-size=\"sm\"><strong data-start=\"2574\" data-end=\"2595\">Acoplamiento el\u00e1stico<\/strong><\/td>\n<td data-start=\"2596\" data-end=\"2639\" data-col-size=\"md\">Permite la desalineaci\u00f3n angular y paralela<\/td>\n<td data-start=\"2639\" data-end=\"2681\" data-col-size=\"md\">Motores, bombas, amortiguaci\u00f3n de vibraciones ligeras<\/td>\n<\/tr>\n<tr data-start=\"2682\" data-end=\"2787\">\n<td data-start=\"2682\" data-end=\"2701\" data-col-size=\"sm\"><strong data-start=\"2684\" data-end=\"2700\">Acoplamiento de mordazas<\/strong><\/td>\n<td data-start=\"2701\" data-end=\"2748\" data-col-size=\"md\">El inserto de elast\u00f3mero absorbe las vibraciones y los golpes<\/td>\n<td data-start=\"2748\" data-end=\"2787\" data-col-size=\"md\">Transmisi\u00f3n de par de uso general<\/td>\n<\/tr>\n<tr data-start=\"2788\" data-end=\"2883\">\n<td data-start=\"2788\" data-end=\"2808\" data-col-size=\"sm\"><strong data-start=\"2790\" data-end=\"2807\">Acoplamiento de engranajes<\/strong><\/td>\n<td data-start=\"2808\" data-end=\"2848\" data-col-size=\"md\">Alto par, compensa la desalineaci\u00f3n<\/td>\n<td data-start=\"2848\" data-end=\"2883\" data-col-size=\"md\">Maquinaria industrial pesada<\/td>\n<\/tr>\n<tr data-start=\"2884\" data-end=\"2979\">\n<td data-start=\"2884\" data-end=\"2911\" data-col-size=\"sm\"><strong data-start=\"2886\" data-end=\"2910\">Acoplamiento de rejilla \/ disco<\/strong><\/td>\n<td data-start=\"2911\" data-end=\"2947\" data-col-size=\"md\">Torsionalmente flexible, alto par<\/td>\n<td data-start=\"2947\" data-end=\"2979\" data-col-size=\"md\">Bombas, compresores, turbinas<\/td>\n<\/tr>\n<tr data-start=\"2980\" data-end=\"3062\">\n<td data-start=\"2980\" data-end=\"3002\" data-col-size=\"sm\"><strong data-start=\"2982\" data-end=\"3001\">Acoplamiento a medida<\/strong><\/td>\n<td data-start=\"3002\" data-end=\"3033\" data-col-size=\"md\">Dise\u00f1ado seg\u00fan las especificaciones<\/td>\n<td data-start=\"3033\" data-end=\"3062\" data-col-size=\"md\">OEM y maquinaria especial<\/td>\n<\/tr>\n<\/tbody>\n<\/table>\n<\/div>\n<\/div>\n<h2 data-start=\"3069\" data-end=\"3121\"><strong data-start=\"3072\" data-end=\"3119\">Par\u00e1metros t\u00e9cnicos (gama representativa)<\/strong><\/h2>\n<div class=\"TyagGW_tableContainer\">\n<div class=\"group TyagGW_tableWrapper flex flex-col-reverse w-fit\" tabindex=\"-1\">\n<table class=\"w-fit min-w-(--thread-content-width)\" data-start=\"3123\" data-end=\"3669\">\n<thead data-start=\"3123\" data-end=\"3160\">\n<tr data-start=\"3123\" data-end=\"3160\">\n<th data-start=\"3123\" data-end=\"3135\" data-col-size=\"sm\">Par\u00e1metro<\/th>\n<th data-start=\"3135\" data-end=\"3160\" data-col-size=\"md\">Especificaci\u00f3n \/ Gama<\/th>\n<\/tr>\n<\/thead>\n<tbody data-start=\"3171\" data-end=\"3669\">\n<tr data-start=\"3171\" data-end=\"3268\">\n<td data-start=\"3171\" data-end=\"3190\" data-col-size=\"sm\">Opciones de material<\/td>\n<td data-start=\"3190\" data-end=\"3268\" data-col-size=\"md\">Acero al carbono, acero aleado, acero inoxidable, aluminio, pl\u00e1sticos t\u00e9cnicos<\/td>\n<\/tr>\n<tr data-start=\"3269\" data-end=\"3317\">\n<td data-start=\"3269\" data-end=\"3285\" data-col-size=\"sm\">Di\u00e1metro interior<\/td>\n<td data-start=\"3285\" data-end=\"3317\" data-col-size=\"md\">5 mm - 150 mm (personalizable)<\/td>\n<\/tr>\n<tr data-start=\"3318\" data-end=\"3381\">\n<td data-start=\"3318\" data-end=\"3336\" data-col-size=\"sm\">Capacidad de par<\/td>\n<td data-start=\"3336\" data-end=\"3381\" data-col-size=\"md\">10 Nm - 50.000 Nm (en funci\u00f3n de la aplicaci\u00f3n)<\/td>\n<\/tr>\n<tr data-start=\"3382\" data-end=\"3461\">\n<td data-start=\"3382\" data-end=\"3406\" data-col-size=\"sm\">Capacidad de desalineaci\u00f3n<\/td>\n<td data-start=\"3406\" data-end=\"3461\" data-col-size=\"md\">Angular: 1\u00b0-5\u00b0, Paralelo: 0,1-1 mm, Axial: 0,5-5 mm<\/td>\n<\/tr>\n<tr data-start=\"3462\" data-end=\"3510\">\n<td data-start=\"3462\" data-end=\"3470\" data-col-size=\"sm\">Velocidad<\/td>\n<td data-start=\"3470\" data-end=\"3510\" data-col-size=\"md\">Hasta 10.000 RPM (seg\u00fan el tipo)<\/td>\n<\/tr>\n<tr data-start=\"3511\" data-end=\"3562\">\n<td data-start=\"3511\" data-end=\"3531\" data-col-size=\"sm\">Tratamiento de superficies<\/td>\n<td data-start=\"3531\" data-end=\"3562\" data-col-size=\"md\">Endurecimiento, revestimiento, chapado<\/td>\n<\/tr>\n<tr data-start=\"3563\" data-end=\"3607\">\n<td data-start=\"3563\" data-end=\"3585\" data-col-size=\"sm\">Normas admitidas<\/td>\n<td data-start=\"3585\" data-end=\"3607\" data-col-size=\"md\">ISO, DIN, AGMA, GB<\/td>\n<\/tr>\n<tr data-start=\"3608\" data-end=\"3669\">\n<td data-start=\"3608\" data-end=\"3626\" data-col-size=\"sm\">Tipo de producci\u00f3n<\/td>\n<td data-start=\"3626\" data-end=\"3669\" data-col-size=\"md\">Prototipo, lote peque\u00f1o, producci\u00f3n en serie<\/td>\n<\/tr>\n<\/tbody>\n<\/table>\n<\/div>\n<\/div>\n<h2 data-start=\"3676\" data-end=\"3709\"><strong data-start=\"3679\" data-end=\"3709\">Gu\u00eda de materiales y selecci\u00f3n<\/strong><\/h2>\n<div class=\"TyagGW_tableContainer\">\n<div class=\"group TyagGW_tableWrapper flex flex-col-reverse w-fit\" tabindex=\"-1\">\n<table class=\"w-fit min-w-(--thread-content-width)\" data-start=\"3711\" data-end=\"4136\">\n<thead data-start=\"3711\" data-end=\"3750\">\n<tr data-start=\"3711\" data-end=\"3750\">\n<th data-start=\"3711\" data-end=\"3722\" data-col-size=\"sm\">Material<\/th>\n<th data-start=\"3722\" data-end=\"3735\" data-col-size=\"sm\">Ventajas<\/th>\n<th data-start=\"3735\" data-end=\"3750\" data-col-size=\"sm\">Uso t\u00edpico<\/th>\n<\/tr>\n<\/thead>\n<tbody data-start=\"3765\" data-end=\"4136\">\n<tr data-start=\"3765\" data-end=\"3841\">\n<td data-start=\"3765\" data-end=\"3784\" data-col-size=\"sm\"><strong data-start=\"3767\" data-end=\"3783\">Acero al carbono<\/strong><\/td>\n<td data-start=\"3784\" data-end=\"3809\" data-col-size=\"sm\">Resistente y rentable<\/td>\n<td data-start=\"3809\" data-end=\"3841\" data-col-size=\"sm\">Acoplamientos industriales generales<\/td>\n<\/tr>\n<tr data-start=\"3842\" data-end=\"3935\">\n<td data-start=\"3842\" data-end=\"3860\" data-col-size=\"sm\"><strong data-start=\"3844\" data-end=\"3859\">Acero aleado<\/strong><\/td>\n<td data-start=\"3860\" data-end=\"3892\" data-col-size=\"sm\">Alta resistencia, resistente al desgaste<\/td>\n<td data-start=\"3892\" data-end=\"3935\" data-col-size=\"sm\">Aplicaciones pesadas y de alto par<\/td>\n<\/tr>\n<tr data-start=\"3936\" data-end=\"4020\">\n<td data-start=\"3936\" data-end=\"3958\" data-col-size=\"sm\"><strong data-start=\"3938\" data-end=\"3957\">Acero inoxidable<\/strong><\/td>\n<td data-start=\"3958\" data-end=\"3980\" data-col-size=\"sm\">Resistente a la corrosi\u00f3n<\/td>\n<td data-start=\"3980\" data-end=\"4020\" data-col-size=\"sm\">Maquinaria naval, qu\u00edmica y alimentaria<\/td>\n<\/tr>\n<tr data-start=\"4021\" data-end=\"4136\">\n<td data-start=\"4021\" data-end=\"4061\" data-col-size=\"sm\"><strong data-start=\"4023\" data-end=\"4060\">Pl\u00e1sticos t\u00e9cnicos \/ Elast\u00f3meros<\/strong><\/td>\n<td data-start=\"4061\" data-end=\"4093\" data-col-size=\"sm\">Amortiguaci\u00f3n, ligereza<\/td>\n<td data-start=\"4093\" data-end=\"4136\" data-col-size=\"sm\">Aplicaciones de baja velocidad y propensas a las vibraciones<\/td>\n<\/tr>\n<\/tbody>\n<\/table>\n<\/div>\n<\/div>\n<div class=\"TyagGW_tableContainer\">\n<div class=\"group TyagGW_tableWrapper flex flex-col-reverse w-fit\" tabindex=\"-1\">\n<table class=\"w-fit min-w-(--thread-content-width)\" data-start=\"4138\" data-end=\"4521\">\n<thead data-start=\"4138\" data-end=\"4185\">\n<tr data-start=\"4138\" data-end=\"4185\">\n<th data-start=\"4138\" data-end=\"4154\" data-col-size=\"sm\">Tipo de acoplamiento<\/th>\n<th data-start=\"4154\" data-end=\"4166\" data-col-size=\"sm\">Ventaja<\/th>\n<th data-start=\"4166\" data-end=\"4185\" data-col-size=\"sm\">Recomendado para<\/th>\n<\/tr>\n<\/thead>\n<tbody data-start=\"4200\" data-end=\"4521\">\n<tr data-start=\"4200\" data-end=\"4263\">\n<td data-start=\"4200\" data-end=\"4208\" data-col-size=\"sm\">R\u00edgido<\/td>\n<td data-start=\"4208\" data-end=\"4241\" data-col-size=\"sm\">Alto par, alineaci\u00f3n precisa<\/td>\n<td data-start=\"4241\" data-end=\"4263\" data-col-size=\"sm\">M\u00e1quinas de baja velocidad<\/td>\n<\/tr>\n<tr data-start=\"4264\" data-end=\"4320\">\n<td data-start=\"4264\" data-end=\"4275\" data-col-size=\"sm\">Flexible<\/td>\n<td data-start=\"4275\" data-end=\"4303\" data-col-size=\"sm\">Compensaci\u00f3n de desalineaci\u00f3n<\/td>\n<td data-start=\"4303\" data-end=\"4320\" data-col-size=\"sm\">Motores, bombas<\/td>\n<\/tr>\n<tr data-start=\"4321\" data-end=\"4389\">\n<td data-start=\"4321\" data-end=\"4327\" data-col-size=\"sm\">Mand\u00edbula<\/td>\n<td data-start=\"4327\" data-end=\"4350\" data-col-size=\"sm\">Absorci\u00f3n de vibraciones<\/td>\n<td data-start=\"4350\" data-end=\"4389\" data-col-size=\"sm\">Accionamientos generales de velocidad media<\/td>\n<\/tr>\n<tr data-start=\"4390\" data-end=\"4451\">\n<td data-start=\"4390\" data-end=\"4397\" data-col-size=\"sm\">Engranaje<\/td>\n<td data-start=\"4397\" data-end=\"4417\" data-col-size=\"sm\">Torsi\u00f3n de alta resistencia<\/td>\n<td data-start=\"4417\" data-end=\"4451\" data-col-size=\"sm\">Maquinaria industrial de alta carga<\/td>\n<\/tr>\n<tr data-start=\"4452\" data-end=\"4521\">\n<td data-start=\"4452\" data-end=\"4466\" data-col-size=\"sm\">Rejilla \/ Disco<\/td>\n<td data-start=\"4466\" data-end=\"4489\" data-col-size=\"sm\">Flexible a la torsi\u00f3n<\/td>\n<td data-start=\"4489\" data-end=\"4521\" data-col-size=\"sm\">Bombas, compresores, turbinas<\/td>\n<\/tr>\n<\/tbody>\n<\/table>\n<\/div>\n<\/div>\n<h2 data-start=\"4528\" data-end=\"4551\"><strong data-start=\"4531\" data-end=\"4551\">Por qu\u00e9 elegir Wonzh<\/strong><\/h2>\n<ul data-start=\"4553\" data-end=\"4854\">\n<li data-start=\"4553\" data-end=\"4601\">\n<p data-start=\"4555\" data-end=\"4601\">Acoplamientos de alta calidad y precisi\u00f3n<\/p>\n<\/li>\n<li data-start=\"4602\" data-end=\"4653\">\n<p data-start=\"4604\" data-end=\"4653\">Procesos avanzados de fabricaci\u00f3n e inspecci\u00f3n<\/p>\n<\/li>\n<li data-start=\"4654\" data-end=\"4730\">\n<p data-start=\"4656\" data-end=\"4730\">Asistencia t\u00e9cnica personalizada para la selecci\u00f3n del par, la alineaci\u00f3n y el material<\/p>\n<\/li>\n<li data-start=\"4731\" data-end=\"4800\">\n<p data-start=\"4733\" data-end=\"4800\">Duraderas, resistentes al desgaste y fiables para aplicaciones pesadas<\/p>\n<\/li>\n<li data-start=\"4801\" data-end=\"4854\">\n<p data-start=\"4803\" data-end=\"4854\">De prototipo a producci\u00f3n en serie con entrega mundial<\/p>\n<\/li>\n<\/ul>\n<h2 data-start=\"4861\" data-end=\"4902\"><strong data-start=\"4864\" data-end=\"4900\">Preguntas m\u00e1s frecuentes (FAQ)<\/strong><\/h2>\n<h3 data-start=\"4904\" data-end=\"4952\"><strong data-start=\"4908\" data-end=\"4950\">P1: \u00bfPara qu\u00e9 sirve un acoplamiento?<\/strong><\/h3>\n<p data-start=\"4953\" data-end=\"5073\">Un acoplamiento conecta dos ejes para transmitir el par, al tiempo que se adapta a la desalineaci\u00f3n y absorbe las vibraciones o los choques.<\/p>\n<h3 data-start=\"5075\" data-end=\"5122\"><strong data-start=\"5079\" data-end=\"5120\">P2: \u00bfPueden suministrar acoplamientos a medida?<\/strong><\/h3>\n<p data-start=\"5123\" data-end=\"5230\">S\u00ed. Fabricamos acoplamientos a medida en funci\u00f3n del tama\u00f1o del eje, los requisitos de par y las condiciones de funcionamiento.<\/p>\n<h3 data-start=\"5232\" data-end=\"5306\"><strong data-start=\"5236\" data-end=\"5304\">P3: \u00bfQu\u00e9 tipo de acoplamiento es mejor para aplicaciones de par elevado?<\/strong><\/h3>\n<p data-start=\"5307\" data-end=\"5404\"><strong data-start=\"5307\" data-end=\"5325\">Acoplamientos de engranajes<\/strong> y <strong data-start=\"5330\" data-end=\"5353\">acoplamientos rejilla\/disco<\/strong> son ideales para maquinaria pesada de alto par.<\/p>\n<h3 data-start=\"5406\" data-end=\"5468\"><strong data-start=\"5410\" data-end=\"5466\">P4: \u00bfPueden los acoplamientos compensar la desalineaci\u00f3n de los ejes?<\/strong><\/h3>\n<p data-start=\"5469\" data-end=\"5569\">S\u00ed. Los acoplamientos el\u00e1sticos, de garras, de engranajes y de discos pueden soportar desalineaciones angulares, paralelas y axiales.<\/p>\n<h3 data-start=\"5571\" data-end=\"5614\"><strong data-start=\"5575\" data-end=\"5612\">P5: \u00bfQu\u00e9 materiales hay disponibles?<\/strong><\/h3>\n<p data-start=\"5615\" data-end=\"5762\">Los acoplamientos se fabrican con <strong data-start=\"5639\" data-end=\"5720\">acero al carbono, acero aleado, acero inoxidable, aluminio o pl\u00e1sticos t\u00e9cnicos<\/strong>, en funci\u00f3n de los requisitos de la aplicaci\u00f3n.<\/p>","protected":false},"excerpt":{"rendered":"<p>Acoplamientos suministrados por <strong data-start=\"589\" data-end=\"598\">Wonzh<\/strong> son componentes mec\u00e1nicos dise\u00f1ados con precisi\u00f3n que se utilizan para conectar dos ejes para la transmisi\u00f3n de potencia a la vez que se adaptan a la desalineaci\u00f3n, reducen las vibraciones y protegen los equipos conectados. Nuestros acoplamientos se aplican ampliamente en <strong data-start=\"829\" data-end=\"907\">motores, bombas, compresores, transportadores, reductores y maquinaria industrial<\/strong>.<\/p>","protected":false},"featured_media":1530,"comment_status":"open","ping_status":"closed","template":"","meta":{"site-sidebar-layout":"default","site-content-layout":"","ast-site-content-layout":"default","site-content-style":"default","site-sidebar-style":"default","ast-global-header-display":"","ast-banner-title-visibility":"","ast-main-header-display":"","ast-hfb-above-header-display":"","ast-hfb-below-header-display":"","ast-hfb-mobile-header-display":"","site-post-title":"","ast-breadcrumbs-content":"","ast-featured-img":"","footer-sml-layout":"","ast-disable-related-posts":"","theme-transparent-header-meta":"default","adv-header-id-meta":"","stick-header-meta":"default","header-above-stick-meta":"","header-main-stick-meta":"","header-below-stick-meta":"","astra-migrate-meta-layouts":"set","ast-page-background-enabled":"default","ast-page-background-meta":{"desktop":{"background-color":"","background-image":"","background-repeat":"repeat","background-position":"center center","background-size":"auto","background-attachment":"scroll","background-type":"","background-media":"","overlay-type":"","overlay-color":"","overlay-opacity":"","overlay-gradient":""},"tablet":{"background-color":"","background-image":"","background-repeat":"repeat","background-position":"center center","background-size":"auto","background-attachment":"scroll","background-type":"","background-media":"","overlay-type":"","overlay-color":"","overlay-opacity":"","overlay-gradient":""},"mobile":{"background-color":"","background-image":"","background-repeat":"repeat","background-position":"center center","background-size":"auto","background-attachment":"scroll","background-type":"","background-media":"","overlay-type":"","overlay-color":"","overlay-opacity":"","overlay-gradient":""}},"ast-content-background-meta":{"desktop":{"background-color":"var(--ast-global-color-5)","background-image":"","background-repeat":"repeat","background-position":"center center","background-size":"auto","background-attachment":"scroll","background-type":"","background-media":"","overlay-type":"","overlay-color":"","overlay-opacity":"","overlay-gradient":""},"tablet":{"background-color":"var(--ast-global-color-5)","background-image":"","background-repeat":"repeat","background-position":"center center","background-size":"auto","background-attachment":"scroll","background-type":"","background-media":"","overlay-type":"","overlay-color":"","overlay-opacity":"","overlay-gradient":""},"mobile":{"background-color":"var(--ast-global-color-5)","background-image":"","background-repeat":"repeat","background-position":"center center","background-size":"auto","background-attachment":"scroll","background-type":"","background-media":"","overlay-type":"","overlay-color":"","overlay-opacity":"","overlay-gradient":""}}},"product_brand":[],"product_cat":[25],"product_tag":[385,381,377,372,375,376,383,371,374,380,382,373,378,384,379],"class_list":{"0":"post-1472","1":"product","2":"type-product","3":"status-publish","4":"has-post-thumbnail","6":"product_cat-transmission-drive-components","7":"product_tag-china-coupling-manufacturer","8":"product_tag-cnc-coupling","9":"product_tag-disc-coupling","10":"product_tag-flexible-coupling","11":"product_tag-gear-coupling","12":"product_tag-grid-coupling","13":"product_tag-high-torque-coupling","14":"product_tag-industrial-couplings","15":"product_tag-jaw-coupling","16":"product_tag-misalignment-compensation","17":"product_tag-oem-couplings","18":"product_tag-rigid-coupling","19":"product_tag-shaft-connection","20":"product_tag-stainless-steel-coupling","21":"product_tag-torque-transmission","22":"desktop-align-left","23":"tablet-align-left","24":"mobile-align-left","26":"first","27":"instock","28":"shipping-taxable","29":"product-type-simple"},"_links":{"self":[{"href":"https:\/\/www.wonzh.com\/es\/wp-json\/wp\/v2\/product\/1472","targetHints":{"allow":["GET"]}}],"collection":[{"href":"https:\/\/www.wonzh.com\/es\/wp-json\/wp\/v2\/product"}],"about":[{"href":"https:\/\/www.wonzh.com\/es\/wp-json\/wp\/v2\/types\/product"}],"replies":[{"embeddable":true,"href":"https:\/\/www.wonzh.com\/es\/wp-json\/wp\/v2\/comments?post=1472"}],"wp:featuredmedia":[{"embeddable":true,"href":"https:\/\/www.wonzh.com\/es\/wp-json\/wp\/v2\/media\/1530"}],"wp:attachment":[{"href":"https:\/\/www.wonzh.com\/es\/wp-json\/wp\/v2\/media?parent=1472"}],"wp:term":[{"taxonomy":"product_brand","embeddable":true,"href":"https:\/\/www.wonzh.com\/es\/wp-json\/wp\/v2\/product_brand?post=1472"},{"taxonomy":"product_cat","embeddable":true,"href":"https:\/\/www.wonzh.com\/es\/wp-json\/wp\/v2\/product_cat?post=1472"},{"taxonomy":"product_tag","embeddable":true,"href":"https:\/\/www.wonzh.com\/es\/wp-json\/wp\/v2\/product_tag?post=1472"}],"curies":[{"name":"wp","href":"https:\/\/api.w.org\/{rel}","templated":true}]}}