{"id":1471,"date":"2026-02-03T14:55:58","date_gmt":"2026-02-03T14:55:58","guid":{"rendered":"https:\/\/www.wonzh.com\/?post_type=product&#038;p=1471"},"modified":"2026-02-05T14:46:49","modified_gmt":"2026-02-05T14:46:49","slug":"precision-gears-gear-components-for-industrial-machinery-and-oem-applications","status":"publish","type":"product","link":"https:\/\/www.wonzh.com\/es\/product\/precision-gears-gear-components-for-industrial-machinery-and-oem-applications\/","title":{"rendered":"Engranajes y componentes de engranajes de precisi\u00f3n para maquinaria industrial y aplicaciones OEM"},"content":{"rendered":"<p data-start=\"567\" data-end=\"900\">Engranajes y componentes de engranajes suministrados por <strong data-start=\"603\" data-end=\"612\">Wonzh<\/strong> son piezas mec\u00e1nicas de precisi\u00f3n dise\u00f1adas para transmitir el par, controlar la velocidad y ajustar el movimiento entre ejes giratorios en equipos industriales. Nuestros productos se utilizan ampliamente en <strong data-start=\"798\" data-end=\"897\">cajas de cambios, sistemas de automatizaci\u00f3n, maquinaria pesada, automoci\u00f3n y aplicaciones de transmisi\u00f3n de potencia<\/strong>.<\/p>\n<p data-start=\"902\" data-end=\"1252\">Fabricado con materiales de primera calidad <strong data-start=\"928\" data-end=\"1000\">acero al carbono, acero aleado, acero inoxidable y pl\u00e1sticos t\u00e9cnicos<\/strong>, Los engranajes Wonzh se someten a procesos avanzados que incluyen <strong data-start=\"1051\" data-end=\"1126\">Mecanizado CNC, fresado, rectificado, tratamiento t\u00e9rmico y acabado de superficies<\/strong>. Esto garantiza una gran precisi\u00f3n dimensional, resistencia al desgaste, reducci\u00f3n del ruido y un funcionamiento suave en condiciones de carga elevada.<\/p>\n<p data-start=\"1254\" data-end=\"1597\">Ofrecemos <strong data-start=\"1265\" data-end=\"1359\">engranajes rectos, engranajes helicoidales, engranajes c\u00f3nicos, engranajes helicoidales, cremalleras y componentes de engranajes a medida<\/strong> con opciones de tama\u00f1os, perfiles de dientes y materiales est\u00e1ndar o totalmente personalizados. Nuestro equipo t\u00e9cnico ayuda en la selecci\u00f3n de materiales, la especificaci\u00f3n de tolerancias y la optimizaci\u00f3n del dise\u00f1o para satisfacer los requisitos de rendimiento espec\u00edficos de la aplicaci\u00f3n.<\/p>\n<h2 data-start=\"1604\" data-end=\"1623\"><strong data-start=\"1607\" data-end=\"1623\">Caracter\u00edsticas principales<\/strong><\/h2>\n<ul data-start=\"1625\" data-end=\"1951\">\n<li data-start=\"1625\" data-end=\"1682\">\n<p data-start=\"1627\" data-end=\"1682\">Gran exactitud dimensional y precisi\u00f3n del perfil del diente<\/p>\n<\/li>\n<li data-start=\"1683\" data-end=\"1733\">\n<p data-start=\"1685\" data-end=\"1733\">Excelente resistencia al desgaste y dureza superficial<\/p>\n<\/li>\n<li data-start=\"1734\" data-end=\"1789\">\n<p data-start=\"1736\" data-end=\"1789\">Eficaz transmisi\u00f3n del par con un juego m\u00ednimo<\/p>\n<\/li>\n<li data-start=\"1790\" data-end=\"1845\">\n<p data-start=\"1792\" data-end=\"1845\">Compatible con conjuntos de engranajes est\u00e1ndar y personalizados<\/p>\n<\/li>\n<li data-start=\"1846\" data-end=\"1895\">\n<p data-start=\"1848\" data-end=\"1895\">Materiales, tama\u00f1os y tipos de engranajes personalizables<\/p>\n<\/li>\n<li data-start=\"1896\" data-end=\"1951\">\n<p data-start=\"1898\" data-end=\"1951\">Apoyo a prototipos, lotes peque\u00f1os y producci\u00f3n en serie<\/p>\n<\/li>\n<\/ul>\n<h2 data-start=\"1958\" data-end=\"1985\"><strong data-start=\"1961\" data-end=\"1985\">Aplicaciones t\u00edpicas<\/strong><\/h2>\n<ul data-start=\"1987\" data-end=\"2270\">\n<li data-start=\"1987\" data-end=\"2025\">\n<p data-start=\"1989\" data-end=\"2025\">Cajas de cambios y sistemas de transmisi\u00f3n<\/p>\n<\/li>\n<li data-start=\"2026\" data-end=\"2061\">\n<p data-start=\"2028\" data-end=\"2061\">Equipos de automatizaci\u00f3n industrial<\/p>\n<\/li>\n<li data-start=\"2062\" data-end=\"2113\">\n<p data-start=\"2064\" data-end=\"2113\">Maquinaria pesada y equipos de manipulaci\u00f3n de materiales<\/p>\n<\/li>\n<li data-start=\"2114\" data-end=\"2155\">\n<p data-start=\"2116\" data-end=\"2155\">Aplicaciones de automoci\u00f3n y transporte<\/p>\n<\/li>\n<li data-start=\"2156\" data-end=\"2195\">\n<p data-start=\"2158\" data-end=\"2195\">Instrumentos aeroespaciales y de precisi\u00f3n<\/p>\n<\/li>\n<li data-start=\"2196\" data-end=\"2232\">\n<p data-start=\"2198\" data-end=\"2232\">Bombas, compresores y turbinas<\/p>\n<\/li>\n<li data-start=\"2233\" data-end=\"2270\">\n<p data-start=\"2235\" data-end=\"2270\">Maquinaria de miner\u00eda y construcci\u00f3n<\/p>\n<\/li>\n<\/ul>\n<h2 data-start=\"2277\" data-end=\"2304\"><strong data-start=\"2280\" data-end=\"2304\">Tipos de engranajes que suministramos<\/strong><\/h2>\n<div class=\"TyagGW_tableContainer\">\n<div class=\"group TyagGW_tableWrapper flex flex-col-reverse w-fit\" tabindex=\"-1\">\n<table class=\"w-fit min-w-(--thread-content-width)\" data-start=\"2306\" data-end=\"2901\">\n<thead data-start=\"2306\" data-end=\"2347\">\n<tr data-start=\"2306\" data-end=\"2347\">\n<th data-start=\"2306\" data-end=\"2318\" data-col-size=\"sm\">Tipo de engranaje<\/th>\n<th data-start=\"2318\" data-end=\"2332\" data-col-size=\"sm\">Descripci\u00f3n<\/th>\n<th data-start=\"2332\" data-end=\"2347\" data-col-size=\"sm\">Uso t\u00edpico<\/th>\n<\/tr>\n<\/thead>\n<tbody data-start=\"2362\" data-end=\"2901\">\n<tr data-start=\"2362\" data-end=\"2447\">\n<td data-start=\"2362\" data-end=\"2378\" data-col-size=\"sm\"><strong data-start=\"2364\" data-end=\"2377\">Engranaje recto<\/strong><\/td>\n<td data-start=\"2378\" data-end=\"2416\" data-col-size=\"sm\">Dientes rectos paralelos al eje<\/td>\n<td data-start=\"2416\" data-end=\"2447\" data-col-size=\"sm\">Reductores simples, transportadores<\/td>\n<\/tr>\n<tr data-start=\"2448\" data-end=\"2539\">\n<td data-start=\"2448\" data-end=\"2467\" data-col-size=\"sm\"><strong data-start=\"2450\" data-end=\"2466\">Engranaje helicoidal<\/strong><\/td>\n<td data-start=\"2467\" data-end=\"2503\" data-col-size=\"sm\">Dientes en \u00e1ngulo para un funcionamiento suave<\/td>\n<td data-start=\"2503\" data-end=\"2539\" data-col-size=\"sm\">Sistemas de alta velocidad y alta carga<\/td>\n<\/tr>\n<tr data-start=\"2540\" data-end=\"2631\">\n<td data-start=\"2540\" data-end=\"2557\" data-col-size=\"sm\"><strong data-start=\"2542\" data-end=\"2556\">Engranaje c\u00f3nico<\/strong><\/td>\n<td data-start=\"2557\" data-end=\"2598\" data-col-size=\"sm\">Dentado c\u00f3nico para transmisi\u00f3n angular<\/td>\n<td data-start=\"2598\" data-end=\"2631\" data-col-size=\"sm\">Accionamientos en \u00e1ngulo recto, maquinaria<\/td>\n<\/tr>\n<tr data-start=\"2632\" data-end=\"2718\">\n<td data-start=\"2632\" data-end=\"2648\" data-col-size=\"sm\"><strong data-start=\"2634\" data-end=\"2647\">Engranaje helicoidal<\/strong><\/td>\n<td data-start=\"2648\" data-end=\"2679\" data-col-size=\"sm\">Engranaje roscado y tornillo sin fin<\/td>\n<td data-start=\"2679\" data-end=\"2718\" data-col-size=\"sm\">Alta reducci\u00f3n, transmisi\u00f3n de par<\/td>\n<\/tr>\n<tr data-start=\"2719\" data-end=\"2805\">\n<td data-start=\"2719\" data-end=\"2735\" data-col-size=\"sm\"><strong data-start=\"2721\" data-end=\"2734\">Cremallera<\/strong><\/td>\n<td data-start=\"2735\" data-end=\"2771\" data-col-size=\"sm\">Engranaje lineal para conversi\u00f3n de movimiento<\/td>\n<td data-start=\"2771\" data-end=\"2805\" data-col-size=\"sm\">Actuadores lineales, m\u00e1quinas CNC<\/td>\n<\/tr>\n<tr data-start=\"2806\" data-end=\"2901\">\n<td data-start=\"2806\" data-end=\"2835\" data-col-size=\"sm\"><strong data-start=\"2808\" data-end=\"2834\">Componentes de engranaje personalizados<\/strong><\/td>\n<td data-start=\"2835\" data-end=\"2865\" data-col-size=\"sm\">Dise\u00f1ado seg\u00fan las especificaciones<\/td>\n<td data-start=\"2865\" data-end=\"2901\" data-col-size=\"sm\">OEM y aplicaciones especializadas<\/td>\n<\/tr>\n<\/tbody>\n<\/table>\n<\/div>\n<\/div>\n<h2 data-start=\"2908\" data-end=\"2960\"><strong data-start=\"2911\" data-end=\"2958\">Par\u00e1metros t\u00e9cnicos (gama representativa)<\/strong><\/h2>\n<div class=\"TyagGW_tableContainer\">\n<div class=\"group TyagGW_tableWrapper flex flex-col-reverse w-fit\" tabindex=\"-1\">\n<table class=\"w-fit min-w-(--thread-content-width)\" data-start=\"2962\" data-end=\"3474\">\n<thead data-start=\"2962\" data-end=\"2999\">\n<tr data-start=\"2962\" data-end=\"2999\">\n<th data-start=\"2962\" data-end=\"2974\" data-col-size=\"sm\">Par\u00e1metro<\/th>\n<th data-start=\"2974\" data-end=\"2999\" data-col-size=\"md\">Especificaci\u00f3n \/ Gama<\/th>\n<\/tr>\n<\/thead>\n<tbody data-start=\"3010\" data-end=\"3474\">\n<tr data-start=\"3010\" data-end=\"3097\">\n<td data-start=\"3010\" data-end=\"3029\" data-col-size=\"sm\">Opciones de material<\/td>\n<td data-start=\"3029\" data-end=\"3097\" data-col-size=\"md\">Acero al carbono, acero aleado, acero inoxidable, pl\u00e1sticos t\u00e9cnicos<\/td>\n<\/tr>\n<tr data-start=\"3098\" data-end=\"3148\">\n<td data-start=\"3098\" data-end=\"3115\" data-col-size=\"sm\">M\u00f3dulo \/ Paso<\/td>\n<td data-start=\"3115\" data-end=\"3148\" data-col-size=\"md\">0,5 mm - 50 mm (personalizable)<\/td>\n<\/tr>\n<tr data-start=\"3149\" data-end=\"3204\">\n<td data-start=\"3149\" data-end=\"3165\" data-col-size=\"sm\">Di\u00e1metro del engranaje<\/td>\n<td data-start=\"3165\" data-end=\"3204\" data-col-size=\"md\">10 mm - 1000 mm (en funci\u00f3n del proyecto)<\/td>\n<\/tr>\n<tr data-start=\"3205\" data-end=\"3241\">\n<td data-start=\"3205\" data-end=\"3222\" data-col-size=\"sm\">\u00c1ngulo de presi\u00f3n<\/td>\n<td data-start=\"3222\" data-end=\"3241\" data-col-size=\"md\">14.5\u00b0, 20\u00b0, 25\u00b0<\/td>\n<\/tr>\n<tr data-start=\"3242\" data-end=\"3302\">\n<td data-start=\"3242\" data-end=\"3258\" data-col-size=\"sm\">Perfil de los dientes<\/td>\n<td data-start=\"3258\" data-end=\"3302\" data-col-size=\"md\">Involuta, recta, helicoidal, c\u00f3nica, helicoidal<\/td>\n<\/tr>\n<tr data-start=\"3303\" data-end=\"3369\">\n<td data-start=\"3303\" data-end=\"3323\" data-col-size=\"sm\">Tratamiento de superficies<\/td>\n<td data-start=\"3323\" data-end=\"3369\" data-col-size=\"md\">Endurecimiento, nitruraci\u00f3n, carburaci\u00f3n, revestimiento<\/td>\n<\/tr>\n<tr data-start=\"3370\" data-end=\"3431\">\n<td data-start=\"3370\" data-end=\"3388\" data-col-size=\"sm\">Tipo de producci\u00f3n<\/td>\n<td data-start=\"3388\" data-end=\"3431\" data-col-size=\"md\">Prototipo, lote peque\u00f1o, producci\u00f3n en serie<\/td>\n<\/tr>\n<tr data-start=\"3432\" data-end=\"3474\">\n<td data-start=\"3432\" data-end=\"3452\" data-col-size=\"sm\">Normas de calidad<\/td>\n<td data-start=\"3452\" data-end=\"3474\" data-col-size=\"md\">ISO, DIN, AGMA, GB<\/td>\n<\/tr>\n<\/tbody>\n<\/table>\n<\/div>\n<\/div>\n<h2 data-start=\"3481\" data-end=\"3524\"><strong data-start=\"3484\" data-end=\"3524\">Gu\u00eda de selecci\u00f3n de materiales y tratamientos<\/strong><\/h2>\n<div class=\"TyagGW_tableContainer\">\n<div class=\"group TyagGW_tableWrapper flex flex-col-reverse w-fit\" tabindex=\"-1\">\n<table class=\"w-fit min-w-(--thread-content-width)\" data-start=\"3526\" data-end=\"3956\">\n<thead data-start=\"3526\" data-end=\"3564\">\n<tr data-start=\"3526\" data-end=\"3564\">\n<th data-start=\"3526\" data-end=\"3537\" data-col-size=\"sm\">Material<\/th>\n<th data-start=\"3537\" data-end=\"3549\" data-col-size=\"sm\">Ventaja<\/th>\n<th data-start=\"3549\" data-end=\"3564\" data-col-size=\"md\">Uso t\u00edpico<\/th>\n<\/tr>\n<\/thead>\n<tbody data-start=\"3579\" data-end=\"3956\">\n<tr data-start=\"3579\" data-end=\"3657\">\n<td data-start=\"3579\" data-end=\"3598\" data-col-size=\"sm\"><strong data-start=\"3581\" data-end=\"3597\">Acero al carbono<\/strong><\/td>\n<td data-start=\"3598\" data-end=\"3630\" data-col-size=\"sm\">Alta resistencia y rentabilidad<\/td>\n<td data-start=\"3630\" data-end=\"3657\" data-col-size=\"md\">Engranajes de maquinaria general<\/td>\n<\/tr>\n<tr data-start=\"3658\" data-end=\"3754\">\n<td data-start=\"3658\" data-end=\"3676\" data-col-size=\"sm\"><strong data-start=\"3660\" data-end=\"3675\">Acero aleado<\/strong><\/td>\n<td data-start=\"3676\" data-end=\"3716\" data-col-size=\"sm\">Mayor dureza y resistencia a la fatiga<\/td>\n<td data-start=\"3716\" data-end=\"3754\" data-col-size=\"md\">Aplicaciones pesadas y de gran carga<\/td>\n<\/tr>\n<tr data-start=\"3755\" data-end=\"3849\">\n<td data-start=\"3755\" data-end=\"3777\" data-col-size=\"sm\"><strong data-start=\"3757\" data-end=\"3776\">Acero inoxidable<\/strong><\/td>\n<td data-start=\"3777\" data-end=\"3799\" data-col-size=\"sm\">Resistente a la corrosi\u00f3n<\/td>\n<td data-start=\"3799\" data-end=\"3849\" data-col-size=\"md\">Equipos marinos, qu\u00edmicos o de procesamiento de alimentos<\/td>\n<\/tr>\n<tr data-start=\"3850\" data-end=\"3956\">\n<td data-start=\"3850\" data-end=\"3890\" data-col-size=\"sm\"><strong data-start=\"3852\" data-end=\"3889\">Pl\u00e1sticos t\u00e9cnicos (POM, nailon)<\/strong><\/td>\n<td data-start=\"3890\" data-end=\"3915\" data-col-size=\"sm\">Ligero y silencioso<\/td>\n<td data-start=\"3915\" data-end=\"3956\" data-col-size=\"md\">Aplicaciones de engranajes de precisi\u00f3n de baja carga<\/td>\n<\/tr>\n<\/tbody>\n<\/table>\n<\/div>\n<\/div>\n<div class=\"TyagGW_tableContainer\">\n<div class=\"group TyagGW_tableWrapper flex flex-col-reverse w-fit\" tabindex=\"-1\">\n<table class=\"w-fit min-w-(--thread-content-width)\" data-start=\"3958\" data-end=\"4334\">\n<thead data-start=\"3958\" data-end=\"3995\">\n<tr data-start=\"3958\" data-end=\"3995\">\n<th data-start=\"3958\" data-end=\"3970\" data-col-size=\"sm\">Tratamiento<\/th>\n<th data-start=\"3970\" data-end=\"3980\" data-col-size=\"md\">Prop\u00f3sito<\/th>\n<th data-start=\"3980\" data-end=\"3995\" data-col-size=\"sm\">Uso t\u00edpico<\/th>\n<\/tr>\n<\/thead>\n<tbody data-start=\"4010\" data-end=\"4334\">\n<tr data-start=\"4010\" data-end=\"4082\">\n<td data-start=\"4010\" data-end=\"4022\" data-col-size=\"sm\">Endurecimiento<\/td>\n<td data-start=\"4022\" data-end=\"4049\" data-col-size=\"md\">Aumentar la resistencia al desgaste<\/td>\n<td data-start=\"4049\" data-end=\"4082\" data-col-size=\"sm\">Engranajes met\u00e1licos sometidos a grandes esfuerzos<\/td>\n<\/tr>\n<tr data-start=\"4083\" data-end=\"4167\">\n<td data-start=\"4083\" data-end=\"4095\" data-col-size=\"sm\">Nitruraci\u00f3n<\/td>\n<td data-start=\"4095\" data-end=\"4137\" data-col-size=\"md\">Dureza superficial y resistencia a la fatiga<\/td>\n<td data-start=\"4137\" data-end=\"4167\" data-col-size=\"sm\">Engranajes r\u00e1pidos de larga duraci\u00f3n<\/td>\n<\/tr>\n<tr data-start=\"4168\" data-end=\"4241\">\n<td data-start=\"4168\" data-end=\"4182\" data-col-size=\"sm\">Carburaci\u00f3n<\/td>\n<td data-start=\"4182\" data-end=\"4208\" data-col-size=\"md\">Capa superficial dura y profunda<\/td>\n<td data-start=\"4208\" data-end=\"4241\" data-col-size=\"sm\">Transmisi\u00f3n de par de alta carga<\/td>\n<\/tr>\n<tr data-start=\"4242\" data-end=\"4334\">\n<td data-start=\"4242\" data-end=\"4252\" data-col-size=\"sm\">Revestimiento<\/td>\n<td data-start=\"4252\" data-end=\"4300\" data-col-size=\"md\">Reduce la fricci\u00f3n, mejora la resistencia a la corrosi\u00f3n<\/td>\n<td data-start=\"4300\" data-end=\"4334\" data-col-size=\"sm\">Aplicaciones en entornos dif\u00edciles<\/td>\n<\/tr>\n<\/tbody>\n<\/table>\n<\/div>\n<\/div>\n<h2 data-start=\"4341\" data-end=\"4364\"><strong data-start=\"4344\" data-end=\"4364\">Por qu\u00e9 elegir Wonzh<\/strong><\/h2>\n<ul data-start=\"4366\" data-end=\"4640\">\n<li data-start=\"4366\" data-end=\"4424\">\n<p data-start=\"4368\" data-end=\"4424\">Tecnolog\u00edas avanzadas de fabricaci\u00f3n y acabado de engranajes<\/p>\n<\/li>\n<li data-start=\"4425\" data-end=\"4476\">\n<p data-start=\"4427\" data-end=\"4476\">Estricta inspecci\u00f3n dimensional y del perfil del diente<\/p>\n<\/li>\n<li data-start=\"4477\" data-end=\"4523\">\n<p data-start=\"4479\" data-end=\"4523\">Dise\u00f1o de engranajes a medida y asistencia t\u00e9cnica<\/p>\n<\/li>\n<li data-start=\"4524\" data-end=\"4584\">\n<p data-start=\"4526\" data-end=\"4584\">Componentes duraderos, resistentes al desgaste y de alto rendimiento<\/p>\n<\/li>\n<li data-start=\"4585\" data-end=\"4640\">\n<p data-start=\"4587\" data-end=\"4640\">Del prototipo a la producci\u00f3n en serie con entregas fiables<\/p>\n<\/li>\n<\/ul>\n<h2 data-start=\"4647\" data-end=\"4688\"><strong data-start=\"4650\" data-end=\"4686\">Preguntas m\u00e1s frecuentes (FAQ)<\/strong><\/h2>\n<h3 data-start=\"4690\" data-end=\"4743\"><strong data-start=\"4694\" data-end=\"4741\">P1: \u00bfQu\u00e9 tipos de engranajes fabrican?<\/strong><\/h3>\n<p data-start=\"4744\" data-end=\"4829\">Suministramos <strong data-start=\"4754\" data-end=\"4802\">engranajes rectos, helicoidales, c\u00f3nicos, helicoidales, cremalleras<\/strong>, y engranajes totalmente personalizados.<\/p>\n<h3 data-start=\"4831\" data-end=\"4887\"><strong data-start=\"4835\" data-end=\"4885\">P2: \u00bfPuedo adquirir engranajes de acero inoxidable?<\/strong><\/h3>\n<p data-start=\"4888\" data-end=\"4985\">S\u00ed. Hay disponibles engranajes de acero inoxidable para entornos corrosivos o aplicaciones alimentarias.<\/p>\n<h3 data-start=\"4987\" data-end=\"5053\"><strong data-start=\"4991\" data-end=\"5051\">P3: \u00bfAdmiten tama\u00f1os de engranaje y perfiles de diente personalizados?<\/strong><\/h3>\n<p data-start=\"5054\" data-end=\"5160\">S\u00ed. Fabricamos engranajes basados en <strong data-start=\"5085\" data-end=\"5124\">dibujos, modelos CAD o prototipos<\/strong>, incluyendo geometr\u00eda de dientes personalizada.<\/p>\n<h3 data-start=\"5162\" data-end=\"5212\"><strong data-start=\"5166\" data-end=\"5210\">P4: \u00bfQu\u00e9 tratamientos t\u00e9rmicos hay disponibles?<\/strong><\/h3>\n<p data-start=\"5213\" data-end=\"5319\">Ofrecemos <strong data-start=\"5224\" data-end=\"5274\">temple, nitruraci\u00f3n, carburaci\u00f3n y revestimiento<\/strong> para mejorar la resistencia al desgaste y la durabilidad.<\/p>\n<h3 data-start=\"5321\" data-end=\"5375\"><strong data-start=\"5325\" data-end=\"5373\">P5: \u00bfCu\u00e1l es el plazo de entrega habitual de los engranajes?<\/strong><\/h3>\n<ul data-start=\"5376\" data-end=\"5474\">\n<li data-start=\"5376\" data-end=\"5404\">\n<p data-start=\"5378\" data-end=\"5404\">Prototipo: <strong data-start=\"5389\" data-end=\"5402\">1-2 semanas<\/strong><\/p>\n<\/li>\n<li data-start=\"5405\" data-end=\"5435\">\n<p data-start=\"5407\" data-end=\"5435\">Lote peque\u00f1o: <strong data-start=\"5420\" data-end=\"5433\">2-4 semanas<\/strong><\/p>\n<\/li>\n<li data-start=\"5436\" data-end=\"5474\">\n<p data-start=\"5438\" data-end=\"5474\">Producci\u00f3n en serie: en funci\u00f3n del proyecto<\/p>\n<\/li>\n<\/ul>","protected":false},"excerpt":{"rendered":"<p>Engranajes y componentes de engranajes suministrados por <strong data-start=\"603\" data-end=\"612\">Wonzh<\/strong> son piezas mec\u00e1nicas de precisi\u00f3n dise\u00f1adas para transmitir el par, controlar la velocidad y ajustar el movimiento entre ejes giratorios en equipos industriales. Nuestros productos se utilizan ampliamente en <strong data-start=\"798\" data-end=\"897\">cajas de cambios, sistemas de automatizaci\u00f3n, maquinaria pesada, automoci\u00f3n y aplicaciones de transmisi\u00f3n de potencia<\/strong>.<\/p>","protected":false},"featured_media":1529,"comment_status":"open","ping_status":"closed","template":"","meta":{"site-sidebar-layout":"default","site-content-layout":"","ast-site-content-layout":"default","site-content-style":"default","site-sidebar-style":"default","ast-global-header-display":"","ast-banner-title-visibility":"","ast-main-header-display":"","ast-hfb-above-header-display":"","ast-hfb-below-header-display":"","ast-hfb-mobile-header-display":"","site-post-title":"","ast-breadcrumbs-content":"","ast-featured-img":"","footer-sml-layout":"","ast-disable-related-posts":"","theme-transparent-header-meta":"default","adv-header-id-meta":"","stick-header-meta":"default","header-above-stick-meta":"","header-main-stick-meta":"","header-below-stick-meta":"","astra-migrate-meta-layouts":"set","ast-page-background-enabled":"default","ast-page-background-meta":{"desktop":{"background-color":"","background-image":"","background-repeat":"repeat","background-position":"center center","background-size":"auto","background-attachment":"scroll","background-type":"","background-media":"","overlay-type":"","overlay-color":"","overlay-opacity":"","overlay-gradient":""},"tablet":{"background-color":"","background-image":"","background-repeat":"repeat","background-position":"center center","background-size":"auto","background-attachment":"scroll","background-type":"","background-media":"","overlay-type":"","overlay-color":"","overlay-opacity":"","overlay-gradient":""},"mobile":{"background-color":"","background-image":"","background-repeat":"repeat","background-position":"center center","background-size":"auto","background-attachment":"scroll","background-type":"","background-media":"","overlay-type":"","overlay-color":"","overlay-opacity":"","overlay-gradient":""}},"ast-content-background-meta":{"desktop":{"background-color":"var(--ast-global-color-5)","background-image":"","background-repeat":"repeat","background-position":"center center","background-size":"auto","background-attachment":"scroll","background-type":"","background-media":"","overlay-type":"","overlay-color":"","overlay-opacity":"","overlay-gradient":""},"tablet":{"background-color":"var(--ast-global-color-5)","background-image":"","background-repeat":"repeat","background-position":"center center","background-size":"auto","background-attachment":"scroll","background-type":"","background-media":"","overlay-type":"","overlay-color":"","overlay-opacity":"","overlay-gradient":""},"mobile":{"background-color":"var(--ast-global-color-5)","background-image":"","background-repeat":"repeat","background-position":"center center","background-size":"auto","background-attachment":"scroll","background-type":"","background-media":"","overlay-type":"","overlay-color":"","overlay-opacity":"","overlay-gradient":""}}},"product_brand":[],"product_cat":[25],"product_tag":[364,360,370,366,363,357,362,359,368,367,369,356,358,365,361],"class_list":{"0":"post-1471","1":"product","2":"type-product","3":"status-publish","4":"has-post-thumbnail","6":"product_cat-transmission-drive-components","7":"product_tag-alloy-steel-gears","8":"product_tag-bevel-gear","9":"product_tag-china-gear-manufacturer","10":"product_tag-cnc-machined-gears","11":"product_tag-custom-gears","12":"product_tag-gear-components","13":"product_tag-gear-rack","14":"product_tag-helical-gear","15":"product_tag-high-load-gears","16":"product_tag-industrial-gear-components","17":"product_tag-oem-gear-parts","18":"product_tag-precision-gears","19":"product_tag-spur-gear","20":"product_tag-stainless-steel-gears","21":"product_tag-worm-gear","22":"desktop-align-left","23":"tablet-align-left","24":"mobile-align-left","26":"first","27":"instock","28":"shipping-taxable","29":"product-type-simple"},"_links":{"self":[{"href":"https:\/\/www.wonzh.com\/es\/wp-json\/wp\/v2\/product\/1471","targetHints":{"allow":["GET"]}}],"collection":[{"href":"https:\/\/www.wonzh.com\/es\/wp-json\/wp\/v2\/product"}],"about":[{"href":"https:\/\/www.wonzh.com\/es\/wp-json\/wp\/v2\/types\/product"}],"replies":[{"embeddable":true,"href":"https:\/\/www.wonzh.com\/es\/wp-json\/wp\/v2\/comments?post=1471"}],"wp:featuredmedia":[{"embeddable":true,"href":"https:\/\/www.wonzh.com\/es\/wp-json\/wp\/v2\/media\/1529"}],"wp:attachment":[{"href":"https:\/\/www.wonzh.com\/es\/wp-json\/wp\/v2\/media?parent=1471"}],"wp:term":[{"taxonomy":"product_brand","embeddable":true,"href":"https:\/\/www.wonzh.com\/es\/wp-json\/wp\/v2\/product_brand?post=1471"},{"taxonomy":"product_cat","embeddable":true,"href":"https:\/\/www.wonzh.com\/es\/wp-json\/wp\/v2\/product_cat?post=1471"},{"taxonomy":"product_tag","embeddable":true,"href":"https:\/\/www.wonzh.com\/es\/wp-json\/wp\/v2\/product_tag?post=1471"}],"curies":[{"name":"wp","href":"https:\/\/api.w.org\/{rel}","templated":true}]}}