{"id":1465,"date":"2026-02-03T14:47:16","date_gmt":"2026-02-03T14:47:16","guid":{"rendered":"https:\/\/www.wonzh.com\/?post_type=product&#038;p=1465"},"modified":"2026-02-05T14:24:10","modified_gmt":"2026-02-05T14:24:10","slug":"custom-metal-parts-for-industrial-automotive-and-oem-applications","status":"publish","type":"product","link":"https:\/\/www.wonzh.com\/es\/product\/custom-metal-parts-for-industrial-automotive-and-oem-applications\/","title":{"rendered":"Piezas met\u00e1licas a medida para aplicaciones industriales, de automoci\u00f3n y OEM"},"content":{"rendered":"<p data-start=\"534\" data-end=\"856\">Piezas met\u00e1licas a medida suministradas por <strong data-start=\"565\" data-end=\"574\">Wonzh<\/strong> son componentes de ingenier\u00eda de precisi\u00f3n dise\u00f1ados y fabricados seg\u00fan las especificaciones, planos o prototipos del cliente. Estamos especializados en el suministro de piezas met\u00e1licas de alta calidad para sectores como la maquinaria industrial, la automoci\u00f3n, la construcci\u00f3n, la energ\u00eda y los fabricantes de equipos originales.<\/p>\n<p data-start=\"858\" data-end=\"1285\">Nuestras capacidades abarcan una amplia gama de metales.<strong data-start=\"904\" data-end=\"979\">acero al carbono, acero inoxidable, aluminio, lat\u00f3n, cobre y acero aleado<\/strong>-con procesos que incluyen <strong data-start=\"1005\" data-end=\"1088\">Mecanizado CNC, corte por l\u00e1ser, estampaci\u00f3n, plegado, soldadura y acabado de superficies<\/strong>. Combinando tecnolog\u00edas de fabricaci\u00f3n avanzadas con un estricto control de calidad, Wonzh garantiza que cada pieza cumpla exactamente las tolerancias dimensionales, el rendimiento mec\u00e1nico y los requisitos est\u00e9ticos.<\/p>\n<p data-start=\"1287\" data-end=\"1634\">Como proveedor industrial de confianza, prestamos apoyo a <strong data-start=\"1332\" data-end=\"1412\">desarrollo de prototipos, producci\u00f3n de lotes peque\u00f1os y fabricaci\u00f3n a gran escala<\/strong>, Wonzh trabaja en estrecha colaboraci\u00f3n con los ingenieros para optimizar la selecci\u00f3n de materiales, el dise\u00f1o para la fabricaci\u00f3n y la eficiencia de la producci\u00f3n. Las piezas met\u00e1licas personalizadas de Wonzh est\u00e1n dise\u00f1adas para ofrecer durabilidad, precisi\u00f3n y fiabilidad a largo plazo.<\/p>\n<h2 data-start=\"1641\" data-end=\"1660\"><strong data-start=\"1644\" data-end=\"1660\">Caracter\u00edsticas principales<\/strong><\/h2>\n<ul data-start=\"1662\" data-end=\"1989\">\n<li data-start=\"1662\" data-end=\"1725\">\n<p data-start=\"1664\" data-end=\"1725\">Totalmente personalizados seg\u00fan planos, especificaciones o prototipos<\/p>\n<\/li>\n<li data-start=\"1726\" data-end=\"1773\">\n<p data-start=\"1728\" data-end=\"1773\">Gran precisi\u00f3n dimensional y repetibilidad<\/p>\n<\/li>\n<li data-start=\"1774\" data-end=\"1824\">\n<p data-start=\"1776\" data-end=\"1824\">Adecuado para una amplia gama de metales y aleaciones<\/p>\n<\/li>\n<li data-start=\"1825\" data-end=\"1894\">\n<p data-start=\"1827\" data-end=\"1894\">M\u00faltiples procesos de fabricaci\u00f3n: CNC, estampaci\u00f3n, soldadura, plegado<\/p>\n<\/li>\n<li data-start=\"1895\" data-end=\"1948\">\n<p data-start=\"1897\" data-end=\"1948\">Tratamiento superficial y opciones de acabado disponibles<\/p>\n<\/li>\n<li data-start=\"1949\" data-end=\"1989\">\n<p data-start=\"1951\" data-end=\"1989\">Apoyo desde el prototipo hasta la producci\u00f3n en serie<\/p>\n<\/li>\n<\/ul>\n<h2 data-start=\"1996\" data-end=\"2023\"><strong data-start=\"1999\" data-end=\"2023\">Aplicaciones t\u00edpicas<\/strong><\/h2>\n<ul data-start=\"2025\" data-end=\"2295\">\n<li data-start=\"2025\" data-end=\"2060\">\n<p data-start=\"2027\" data-end=\"2060\">Componentes de maquinaria industrial<\/p>\n<\/li>\n<li data-start=\"2061\" data-end=\"2096\">\n<p data-start=\"2063\" data-end=\"2096\">Piezas y conjuntos de automoci\u00f3n<\/p>\n<\/li>\n<li data-start=\"2097\" data-end=\"2129\">\n<p data-start=\"2099\" data-end=\"2129\">Piezas para maquinaria de construcci\u00f3n<\/p>\n<\/li>\n<li data-start=\"2130\" data-end=\"2169\">\n<p data-start=\"2132\" data-end=\"2169\">Sistemas de generaci\u00f3n de energ\u00eda y electricidad<\/p>\n<\/li>\n<li data-start=\"2170\" data-end=\"2217\">\n<p data-start=\"2172\" data-end=\"2217\">Bombas, v\u00e1lvulas y equipos de conducci\u00f3n de fluidos<\/p>\n<\/li>\n<li data-start=\"2218\" data-end=\"2245\">\n<p data-start=\"2220\" data-end=\"2245\">Piezas de recambio OEM y MRO<\/p>\n<\/li>\n<li data-start=\"2246\" data-end=\"2295\">\n<p data-start=\"2248\" data-end=\"2295\">Componentes met\u00e1licos arquitect\u00f3nicos y estructurales<\/p>\n<\/li>\n<\/ul>\n<h2 data-start=\"2302\" data-end=\"2335\"><strong data-start=\"2305\" data-end=\"2335\">Capacidad de fabricaci\u00f3n<\/strong><\/h2>\n<div class=\"TyagGW_tableContainer\">\n<div class=\"group TyagGW_tableWrapper flex flex-col-reverse w-fit\" tabindex=\"-1\">\n<table class=\"w-fit min-w-(--thread-content-width)\" data-start=\"2337\" data-end=\"2850\">\n<thead data-start=\"2337\" data-end=\"2361\">\n<tr data-start=\"2337\" data-end=\"2361\">\n<th data-start=\"2337\" data-end=\"2347\" data-col-size=\"sm\">Proceso<\/th>\n<th data-start=\"2347\" data-end=\"2361\" data-col-size=\"md\">Capacidad<\/th>\n<\/tr>\n<\/thead>\n<tbody data-start=\"2372\" data-end=\"2850\">\n<tr data-start=\"2372\" data-end=\"2449\">\n<td data-start=\"2372\" data-end=\"2388\" data-col-size=\"sm\">Mecanizado CNC<\/td>\n<td data-start=\"2388\" data-end=\"2449\" data-col-size=\"md\">Torneado, fresado, taladrado y rectificado de piezas complejas<\/td>\n<\/tr>\n<tr data-start=\"2450\" data-end=\"2505\">\n<td data-start=\"2450\" data-end=\"2467\" data-col-size=\"sm\">Estampaci\u00f3n de metales<\/td>\n<td data-start=\"2467\" data-end=\"2505\" data-col-size=\"md\">Componentes de chapa de gran volumen<\/td>\n<\/tr>\n<tr data-start=\"2506\" data-end=\"2568\">\n<td data-start=\"2506\" data-end=\"2522\" data-col-size=\"sm\">Corte por l\u00e1ser<\/td>\n<td data-start=\"2522\" data-end=\"2568\" data-col-size=\"md\">Corte preciso de chapas y placas met\u00e1licas<\/td>\n<\/tr>\n<tr data-start=\"2569\" data-end=\"2619\">\n<td data-start=\"2569\" data-end=\"2589\" data-col-size=\"sm\">Doblado \/ Conformado<\/td>\n<td data-start=\"2589\" data-end=\"2619\" data-col-size=\"md\">Formas y perfiles personalizados<\/td>\n<\/tr>\n<tr data-start=\"2620\" data-end=\"2689\">\n<td data-start=\"2620\" data-end=\"2641\" data-col-size=\"sm\">Soldadura y montaje<\/td>\n<td data-start=\"2641\" data-end=\"2689\" data-col-size=\"md\">TIG, MIG, soldadura por puntos y montaje modular<\/td>\n<\/tr>\n<tr data-start=\"2690\" data-end=\"2771\">\n<td data-start=\"2690\" data-end=\"2710\" data-col-size=\"sm\">Tratamiento de superficies<\/td>\n<td data-start=\"2710\" data-end=\"2771\" data-col-size=\"md\">Anodizado, chapado, pintura, recubrimiento en polvo, pasivado<\/td>\n<\/tr>\n<tr data-start=\"2772\" data-end=\"2850\">\n<td data-start=\"2772\" data-end=\"2789\" data-col-size=\"sm\">Tratamiento t\u00e9rmico<\/td>\n<td data-start=\"2789\" data-end=\"2850\" data-col-size=\"md\">Temple, revenido, recocido para obtener propiedades mec\u00e1nicas<\/td>\n<\/tr>\n<\/tbody>\n<\/table>\n<\/div>\n<\/div>\n<h2 data-start=\"2857\" data-end=\"2909\"><strong data-start=\"2860\" data-end=\"2907\">Par\u00e1metros t\u00e9cnicos (gama representativa)<\/strong><\/h2>\n<div class=\"TyagGW_tableContainer\">\n<div class=\"group TyagGW_tableWrapper flex flex-col-reverse w-fit\" tabindex=\"-1\">\n<table class=\"w-fit min-w-(--thread-content-width)\" data-start=\"2911\" data-end=\"3406\">\n<thead data-start=\"2911\" data-end=\"2937\">\n<tr data-start=\"2911\" data-end=\"2937\">\n<th data-start=\"2911\" data-end=\"2923\" data-col-size=\"sm\">Par\u00e1metro<\/th>\n<th data-start=\"2923\" data-end=\"2937\" data-col-size=\"md\">Capacidad<\/th>\n<\/tr>\n<\/thead>\n<tbody data-start=\"2948\" data-end=\"3406\">\n<tr data-start=\"2948\" data-end=\"3038\">\n<td data-start=\"2948\" data-end=\"2967\" data-col-size=\"sm\">Opciones de material<\/td>\n<td data-start=\"2967\" data-end=\"3038\" data-col-size=\"md\">Acero al carbono, acero inoxidable, aluminio, lat\u00f3n, cobre, acero aleado<\/td>\n<\/tr>\n<tr data-start=\"3039\" data-end=\"3098\">\n<td data-start=\"3039\" data-end=\"3063\" data-col-size=\"sm\">Tolerancia dimensional<\/td>\n<td data-start=\"3063\" data-end=\"3098\" data-col-size=\"md\">Hasta \u00b10,01 mm (en funci\u00f3n de la pieza)<\/td>\n<\/tr>\n<tr data-start=\"3099\" data-end=\"3171\">\n<td data-start=\"3099\" data-end=\"3116\" data-col-size=\"sm\">Acabado superficial<\/td>\n<td data-start=\"3116\" data-end=\"3171\" data-col-size=\"md\">Ra 0,8 - Ra 3,2, pulido, anodizado, chapado, revestido<\/td>\n<\/tr>\n<tr data-start=\"3172\" data-end=\"3220\">\n<td data-start=\"3172\" data-end=\"3188\" data-col-size=\"sm\">Tama\u00f1o m\u00e1ximo de la pieza<\/td>\n<td data-start=\"3188\" data-end=\"3220\" data-col-size=\"md\">Hasta 1200 mm (personalizable)<\/td>\n<\/tr>\n<tr data-start=\"3221\" data-end=\"3282\">\n<td data-start=\"3221\" data-end=\"3239\" data-col-size=\"sm\">Tipo de producci\u00f3n<\/td>\n<td data-start=\"3239\" data-end=\"3282\" data-col-size=\"md\">Prototipo, lote peque\u00f1o, producci\u00f3n en serie<\/td>\n<\/tr>\n<tr data-start=\"3283\" data-end=\"3335\">\n<td data-start=\"3283\" data-end=\"3303\" data-col-size=\"sm\">Normas de calidad<\/td>\n<td data-start=\"3303\" data-end=\"3335\" data-col-size=\"md\">Proceso de inspecci\u00f3n basado en la norma ISO<\/td>\n<\/tr>\n<tr data-start=\"3336\" data-end=\"3406\">\n<td data-start=\"3336\" data-end=\"3349\" data-col-size=\"sm\">Inspecci\u00f3n<\/td>\n<td data-start=\"3349\" data-end=\"3406\" data-col-size=\"md\">MMC, micr\u00f3metros, calibres, pruebas de rugosidad superficial<\/td>\n<\/tr>\n<\/tbody>\n<\/table>\n<\/div>\n<\/div>\n<h2 data-start=\"3413\" data-end=\"3444\"><strong data-start=\"3416\" data-end=\"3444\">Gu\u00eda de selecci\u00f3n de materiales<\/strong><\/h2>\n<div class=\"TyagGW_tableContainer\">\n<div class=\"group TyagGW_tableWrapper flex flex-col-reverse w-fit\" tabindex=\"-1\">\n<table class=\"w-fit min-w-(--thread-content-width)\" data-start=\"3446\" data-end=\"3945\">\n<thead data-start=\"3446\" data-end=\"3485\">\n<tr data-start=\"3446\" data-end=\"3485\">\n<th data-start=\"3446\" data-end=\"3457\" data-col-size=\"sm\">Material<\/th>\n<th data-start=\"3457\" data-end=\"3470\" data-col-size=\"sm\">Ventajas<\/th>\n<th data-start=\"3470\" data-end=\"3485\" data-col-size=\"sm\">Uso t\u00edpico<\/th>\n<\/tr>\n<\/thead>\n<tbody data-start=\"3500\" data-end=\"3945\">\n<tr data-start=\"3500\" data-end=\"3582\">\n<td data-start=\"3500\" data-end=\"3519\" data-col-size=\"sm\"><strong data-start=\"3502\" data-end=\"3518\">Acero al carbono<\/strong><\/td>\n<td data-start=\"3519\" data-end=\"3551\" data-col-size=\"sm\">Alta resistencia y rentabilidad<\/td>\n<td data-start=\"3551\" data-end=\"3582\" data-col-size=\"sm\">Maquinaria, piezas pesadas<\/td>\n<\/tr>\n<tr data-start=\"3583\" data-end=\"3673\">\n<td data-start=\"3583\" data-end=\"3615\" data-col-size=\"sm\"><strong data-start=\"3585\" data-end=\"3614\">Acero inoxidable (304\/316)<\/strong><\/td>\n<td data-start=\"3615\" data-end=\"3637\" data-col-size=\"sm\">Resistente a la corrosi\u00f3n<\/td>\n<td data-start=\"3637\" data-end=\"3673\" data-col-size=\"sm\">Equipos marinos, qu\u00edmicos y alimentarios<\/td>\n<\/tr>\n<tr data-start=\"3674\" data-end=\"3767\">\n<td data-start=\"3674\" data-end=\"3695\" data-col-size=\"sm\"><strong data-start=\"3676\" data-end=\"3694\">Aleaci\u00f3n de aluminio<\/strong><\/td>\n<td data-start=\"3695\" data-end=\"3729\" data-col-size=\"sm\">Ligero, buena maquinabilidad<\/td>\n<td data-start=\"3729\" data-end=\"3767\" data-col-size=\"sm\">Automoci\u00f3n, aeroespacial, electr\u00f3nica<\/td>\n<\/tr>\n<tr data-start=\"3768\" data-end=\"3858\">\n<td data-start=\"3768\" data-end=\"3789\" data-col-size=\"sm\"><strong data-start=\"3770\" data-end=\"3788\">Lat\u00f3n \/ Cobre<\/strong><\/td>\n<td data-start=\"3789\" data-end=\"3826\" data-col-size=\"sm\">Conductividad, resistencia a la corrosi\u00f3n<\/td>\n<td data-start=\"3826\" data-end=\"3858\" data-col-size=\"sm\">V\u00e1lvulas, accesorios, conectores<\/td>\n<\/tr>\n<tr data-start=\"3859\" data-end=\"3945\">\n<td data-start=\"3859\" data-end=\"3877\" data-col-size=\"sm\"><strong data-start=\"3861\" data-end=\"3876\">Acero aleado<\/strong><\/td>\n<td data-start=\"3877\" data-end=\"3910\" data-col-size=\"sm\">Alta resistencia, resistencia al desgaste<\/td>\n<td data-start=\"3910\" data-end=\"3945\" data-col-size=\"sm\">Equipos industriales y mineros<\/td>\n<\/tr>\n<\/tbody>\n<\/table>\n<\/div>\n<\/div>\n<h2 data-start=\"3952\" data-end=\"3975\"><strong data-start=\"3955\" data-end=\"3975\">Por qu\u00e9 elegir Wonzh<\/strong><\/h2>\n<ul data-start=\"3977\" data-end=\"4287\">\n<li data-start=\"3977\" data-end=\"4050\">\n<p data-start=\"3979\" data-end=\"4050\">Control de calidad de principio a fin, desde el aprovisionamiento de materiales hasta la inspecci\u00f3n final<\/p>\n<\/li>\n<li data-start=\"4051\" data-end=\"4116\">\n<p data-start=\"4053\" data-end=\"4116\">Equipos de fabricaci\u00f3n avanzados y equipo de ingenieros cualificados<\/p>\n<\/li>\n<li data-start=\"4117\" data-end=\"4173\">\n<p data-start=\"4119\" data-end=\"4173\">Admite geometr\u00edas complejas y tolerancias personalizadas<\/p>\n<\/li>\n<li data-start=\"4174\" data-end=\"4241\">\n<p data-start=\"4176\" data-end=\"4241\">Producci\u00f3n flexible: prototipos, lotes peque\u00f1os, producci\u00f3n en serie<\/p>\n<\/li>\n<li data-start=\"4242\" data-end=\"4287\">\n<p data-start=\"4244\" data-end=\"4287\">Entrega mundial y cadena de suministro fiable<\/p>\n<\/li>\n<\/ul>\n<h2 data-start=\"4294\" data-end=\"4335\"><strong data-start=\"4297\" data-end=\"4333\">Preguntas m\u00e1s frecuentes (FAQ)<\/strong><\/h2>\n<h3 data-start=\"4337\" data-end=\"4394\"><strong data-start=\"4341\" data-end=\"4392\">P1: \u00bfPueden fabricar piezas a partir de mis dibujos?<\/strong><\/h3>\n<p data-start=\"4395\" data-end=\"4500\">S\u00ed. Podemos fabricar piezas estrictamente <strong data-start=\"4447\" data-end=\"4497\">Dibujos 2D\/3D, archivos CAD o muestras f\u00edsicas<\/strong>.<\/p>\n<h3 data-start=\"4502\" data-end=\"4547\"><strong data-start=\"4506\" data-end=\"4545\">P2: \u00bfQu\u00e9 formatos de archivo se aceptan?<\/strong><\/h3>\n<p data-start=\"4548\" data-end=\"4621\">Aceptamos <strong data-start=\"4558\" data-end=\"4587\">STEP, IGES, DXF, DWG, PDF<\/strong> y otros formatos CAD est\u00e1ndar.<\/p>\n<h3 data-start=\"4623\" data-end=\"4667\"><strong data-start=\"4627\" data-end=\"4665\">P3: \u00bfCu\u00e1l es el plazo de entrega habitual?<\/strong><\/h3>\n<ul data-start=\"4668\" data-end=\"4766\">\n<li data-start=\"4668\" data-end=\"4696\">\n<p data-start=\"4670\" data-end=\"4696\">Prototipo: <strong data-start=\"4681\" data-end=\"4694\">1-2 semanas<\/strong><\/p>\n<\/li>\n<li data-start=\"4697\" data-end=\"4727\">\n<p data-start=\"4699\" data-end=\"4727\">Lote peque\u00f1o: <strong data-start=\"4712\" data-end=\"4725\">2-4 semanas<\/strong><\/p>\n<\/li>\n<li data-start=\"4728\" data-end=\"4766\">\n<p data-start=\"4730\" data-end=\"4766\">Producci\u00f3n en serie: en funci\u00f3n del proyecto<\/p>\n<\/li>\n<\/ul>\n<h3 data-start=\"4768\" data-end=\"4815\"><strong data-start=\"4772\" data-end=\"4813\">P4: \u00bfExisten tratamientos superficiales?<\/strong><\/h3>\n<p data-start=\"4816\" data-end=\"4915\">S\u00ed. Ofrecemos <strong data-start=\"4830\" data-end=\"4891\">anodizado, chapado, pintura, recubrimiento en polvo, pasivado<\/strong>, y acabados personalizados.<\/p>\n<h3 data-start=\"4917\" data-end=\"4969\"><strong data-start=\"4921\" data-end=\"4967\">P5: \u00bfApoyan la producci\u00f3n de peque\u00f1os lotes?<\/strong><\/h3>\n<p data-start=\"4970\" data-end=\"5057\">S\u00ed. Podemos fabricar prototipos, lotes peque\u00f1os y producci\u00f3n a gran escala de forma eficaz.<\/p>","protected":false},"excerpt":{"rendered":"<p>Piezas met\u00e1licas a medida suministradas por <strong data-start=\"565\" data-end=\"574\">Wonzh<\/strong> son componentes de ingenier\u00eda de precisi\u00f3n dise\u00f1ados y fabricados seg\u00fan las especificaciones, planos o prototipos del cliente. Estamos especializados en el suministro de piezas met\u00e1licas de alta calidad para sectores como la maquinaria industrial, la automoci\u00f3n, la construcci\u00f3n, la energ\u00eda y los fabricantes de equipos originales.<\/p>","protected":false},"featured_media":1520,"comment_status":"open","ping_status":"closed","template":"","meta":{"site-sidebar-layout":"default","site-content-layout":"","ast-site-content-layout":"default","site-content-style":"default","site-sidebar-style":"default","ast-global-header-display":"","ast-banner-title-visibility":"","ast-main-header-display":"","ast-hfb-above-header-display":"","ast-hfb-below-header-display":"","ast-hfb-mobile-header-display":"","site-post-title":"","ast-breadcrumbs-content":"","ast-featured-img":"","footer-sml-layout":"","ast-disable-related-posts":"","theme-transparent-header-meta":"default","adv-header-id-meta":"","stick-header-meta":"default","header-above-stick-meta":"","header-main-stick-meta":"","header-below-stick-meta":"","astra-migrate-meta-layouts":"set","ast-page-background-enabled":"default","ast-page-background-meta":{"desktop":{"background-color":"","background-image":"","background-repeat":"repeat","background-position":"center center","background-size":"auto","background-attachment":"scroll","background-type":"","background-media":"","overlay-type":"","overlay-color":"","overlay-opacity":"","overlay-gradient":""},"tablet":{"background-color":"","background-image":"","background-repeat":"repeat","background-position":"center center","background-size":"auto","background-attachment":"scroll","background-type":"","background-media":"","overlay-type":"","overlay-color":"","overlay-opacity":"","overlay-gradient":""},"mobile":{"background-color":"","background-image":"","background-repeat":"repeat","background-position":"center center","background-size":"auto","background-attachment":"scroll","background-type":"","background-media":"","overlay-type":"","overlay-color":"","overlay-opacity":"","overlay-gradient":""}},"ast-content-background-meta":{"desktop":{"background-color":"var(--ast-global-color-5)","background-image":"","background-repeat":"repeat","background-position":"center center","background-size":"auto","background-attachment":"scroll","background-type":"","background-media":"","overlay-type":"","overlay-color":"","overlay-opacity":"","overlay-gradient":""},"tablet":{"background-color":"var(--ast-global-color-5)","background-image":"","background-repeat":"repeat","background-position":"center center","background-size":"auto","background-attachment":"scroll","background-type":"","background-media":"","overlay-type":"","overlay-color":"","overlay-opacity":"","overlay-gradient":""},"mobile":{"background-color":"var(--ast-global-color-5)","background-image":"","background-repeat":"repeat","background-position":"center center","background-size":"auto","background-attachment":"scroll","background-type":"","background-media":"","overlay-type":"","overlay-color":"","overlay-opacity":"","overlay-gradient":""}}},"product_brand":[],"product_cat":[23],"product_tag":[315,317,323,299,324,312,325,319,318,313,320,321,316,314,322],"class_list":{"0":"post-1465","1":"product","2":"type-product","3":"status-publish","4":"has-post-thumbnail","6":"product_cat-precision-machined-parts","7":"product_tag-aluminum-parts","8":"product_tag-carbon-steel-parts","9":"product_tag-china-metal-manufacturer","10":"product_tag-cnc-machined-parts","11":"product_tag-custom-fabricated-parts","12":"product_tag-custom-metal-parts","13":"product_tag-high-precision-metal-parts","14":"product_tag-industrial-metal-components","15":"product_tag-oem-metal-parts","16":"product_tag-precision-metal-components","17":"product_tag-prototype-metal-parts","18":"product_tag-small-batch-metal-production","19":"product_tag-stainless-steel-components","20":"product_tag-stamped-metal-parts","21":"product_tag-surface-treated-metal","22":"desktop-align-left","23":"tablet-align-left","24":"mobile-align-left","26":"first","27":"instock","28":"shipping-taxable","29":"product-type-simple"},"_links":{"self":[{"href":"https:\/\/www.wonzh.com\/es\/wp-json\/wp\/v2\/product\/1465","targetHints":{"allow":["GET"]}}],"collection":[{"href":"https:\/\/www.wonzh.com\/es\/wp-json\/wp\/v2\/product"}],"about":[{"href":"https:\/\/www.wonzh.com\/es\/wp-json\/wp\/v2\/types\/product"}],"replies":[{"embeddable":true,"href":"https:\/\/www.wonzh.com\/es\/wp-json\/wp\/v2\/comments?post=1465"}],"wp:featuredmedia":[{"embeddable":true,"href":"https:\/\/www.wonzh.com\/es\/wp-json\/wp\/v2\/media\/1520"}],"wp:attachment":[{"href":"https:\/\/www.wonzh.com\/es\/wp-json\/wp\/v2\/media?parent=1465"}],"wp:term":[{"taxonomy":"product_brand","embeddable":true,"href":"https:\/\/www.wonzh.com\/es\/wp-json\/wp\/v2\/product_brand?post=1465"},{"taxonomy":"product_cat","embeddable":true,"href":"https:\/\/www.wonzh.com\/es\/wp-json\/wp\/v2\/product_cat?post=1465"},{"taxonomy":"product_tag","embeddable":true,"href":"https:\/\/www.wonzh.com\/es\/wp-json\/wp\/v2\/product_tag?post=1465"}],"curies":[{"name":"wp","href":"https:\/\/api.w.org\/{rel}","templated":true}]}}