{"id":1463,"date":"2026-02-03T14:44:49","date_gmt":"2026-02-03T14:44:49","guid":{"rendered":"https:\/\/www.wonzh.com\/?post_type=product&#038;p=1463"},"modified":"2026-02-05T09:35:08","modified_gmt":"2026-02-05T09:35:08","slug":"precision-cnc-machined-parts-for-industrial-equipment-and-oem-applications","status":"publish","type":"product","link":"https:\/\/www.wonzh.com\/es\/product\/precision-cnc-machined-parts-for-industrial-equipment-and-oem-applications\/","title":{"rendered":"Piezas mecanizadas CNC de precisi\u00f3n para equipos industriales y aplicaciones OEM"},"content":{"rendered":"<p data-start=\"529\" data-end=\"893\">Piezas mecanizadas CNC suministradas por <strong data-start=\"560\" data-end=\"569\">Wonzh<\/strong> son componentes de ingenier\u00eda de precisi\u00f3n fabricados mediante tecnolog\u00edas avanzadas de torneado, fresado, taladrado y rectificado CNC. Dise\u00f1adas para cumplir estrictas tolerancias dimensionales y requisitos de calidad superficial, nuestras piezas mecanizadas se utilizan ampliamente en maquinaria industrial, sistemas de automatizaci\u00f3n, equipos pesados y fabricaci\u00f3n OEM.<\/p>\n<p data-start=\"895\" data-end=\"1258\">Procesamos una amplia gama de materiales, como acero al carbono, acero inoxidable, aleaciones de aluminio, lat\u00f3n, cobre y pl\u00e1sticos t\u00e9cnicos. Mediante procesos de mecanizado optimizados, un estricto control de calidad y la inspecci\u00f3n durante el proceso, Wonzh garantiza una alta repetibilidad, un excelente acabado superficial y un rendimiento mec\u00e1nico fiable incluso en entornos operativos exigentes.<\/p>\n<p data-start=\"1260\" data-end=\"1574\">Como socio con experiencia en la fabricaci\u00f3n industrial, Wonzh respalda <strong data-start=\"1327\" data-end=\"1404\">personalizaci\u00f3n basada en dibujos, creaci\u00f3n de prototipos de lotes peque\u00f1os y producci\u00f3n en serie<\/strong>. Nuestro equipo de ingenieros colabora con los clientes en la fabricaci\u00f3n (DFM), la optimizaci\u00f3n de tolerancias y la selecci\u00f3n de materiales para equilibrar rendimiento, coste y plazo de entrega.<\/p>\n<h2 data-start=\"1581\" data-end=\"1600\"><strong data-start=\"1584\" data-end=\"1600\">Caracter\u00edsticas principales<\/strong><\/h2>\n<ul data-start=\"1602\" data-end=\"1912\">\n<li data-start=\"1602\" data-end=\"1647\">\n<p data-start=\"1604\" data-end=\"1647\">Gran precisi\u00f3n y coherencia dimensional<\/p>\n<\/li>\n<li data-start=\"1648\" data-end=\"1701\">\n<p data-start=\"1650\" data-end=\"1701\">Excelente acabado superficial e integridad estructural<\/p>\n<\/li>\n<li data-start=\"1702\" data-end=\"1758\">\n<p data-start=\"1704\" data-end=\"1758\">Adecuado para geometr\u00edas complejas y tolerancias estrechas<\/p>\n<\/li>\n<li data-start=\"1759\" data-end=\"1819\">\n<p data-start=\"1761\" data-end=\"1819\">Compatible con m\u00faltiples metales y pl\u00e1sticos t\u00e9cnicos<\/p>\n<\/li>\n<li data-start=\"1820\" data-end=\"1864\">\n<p data-start=\"1822\" data-end=\"1864\">Apoyo desde el prototipo hasta la producci\u00f3n en serie<\/p>\n<\/li>\n<li data-start=\"1865\" data-end=\"1912\">\n<p data-start=\"1867\" data-end=\"1912\">Totalmente personalizado seg\u00fan los planos del cliente<\/p>\n<\/li>\n<\/ul>\n<h2 data-start=\"1919\" data-end=\"1946\"><strong data-start=\"1922\" data-end=\"1946\">Aplicaciones t\u00edpicas<\/strong><\/h2>\n<ul data-start=\"1948\" data-end=\"2262\">\n<li data-start=\"1948\" data-end=\"1983\">\n<p data-start=\"1950\" data-end=\"1983\">Componentes de maquinaria industrial<\/p>\n<\/li>\n<li data-start=\"1984\" data-end=\"2017\">\n<p data-start=\"1986\" data-end=\"2017\">Piezas de automatizaci\u00f3n y rob\u00f3tica<\/p>\n<\/li>\n<li data-start=\"2018\" data-end=\"2054\">\n<p data-start=\"2020\" data-end=\"2054\">Bombas, v\u00e1lvulas y sistemas de fluidos<\/p>\n<\/li>\n<li data-start=\"2055\" data-end=\"2093\">\n<p data-start=\"2057\" data-end=\"2093\">Cajas de cambios y sistemas de transmisi\u00f3n<\/p>\n<\/li>\n<li data-start=\"2094\" data-end=\"2131\">\n<p data-start=\"2096\" data-end=\"2131\">Equipos de construcci\u00f3n y miner\u00eda<\/p>\n<\/li>\n<li data-start=\"2132\" data-end=\"2173\">\n<p data-start=\"2134\" data-end=\"2173\">Equipos de generaci\u00f3n de energ\u00eda y electricidad<\/p>\n<\/li>\n<li data-start=\"2174\" data-end=\"2211\">\n<p data-start=\"2176\" data-end=\"2211\">Instrumentos m\u00e9dicos y de precisi\u00f3n<\/p>\n<\/li>\n<li data-start=\"2212\" data-end=\"2262\">\n<p data-start=\"2214\" data-end=\"2262\">Soportes para semiconductores y equipos de alta tecnolog\u00eda<\/p>\n<\/li>\n<\/ul>\n<h2 data-start=\"2269\" data-end=\"2298\"><strong data-start=\"2272\" data-end=\"2298\">Capacidad de mecanizado<\/strong><\/h2>\n<div class=\"TyagGW_tableContainer\">\n<div class=\"group TyagGW_tableWrapper flex flex-col-reverse w-fit\" tabindex=\"-1\">\n<table class=\"w-fit min-w-(--thread-content-width)\" data-start=\"2300\" data-end=\"2688\">\n<thead data-start=\"2300\" data-end=\"2324\">\n<tr data-start=\"2300\" data-end=\"2324\">\n<th data-start=\"2300\" data-end=\"2310\" data-col-size=\"sm\">Proceso<\/th>\n<th data-start=\"2310\" data-end=\"2324\" data-col-size=\"md\">Capacidad<\/th>\n<\/tr>\n<\/thead>\n<tbody data-start=\"2335\" data-end=\"2688\">\n<tr data-start=\"2335\" data-end=\"2384\">\n<td data-start=\"2335\" data-end=\"2349\" data-col-size=\"sm\">Torneado CNC<\/td>\n<td data-start=\"2349\" data-end=\"2384\" data-col-size=\"md\">Ejes, bujes, bridas, pasadores<\/td>\n<\/tr>\n<tr data-start=\"2385\" data-end=\"2445\">\n<td data-start=\"2385\" data-end=\"2399\" data-col-size=\"sm\">Fresado CNC<\/td>\n<td data-start=\"2399\" data-end=\"2445\" data-col-size=\"md\">Soportes, placas, carcasas, formas complejas<\/td>\n<\/tr>\n<tr data-start=\"2446\" data-end=\"2510\">\n<td data-start=\"2446\" data-end=\"2467\" data-col-size=\"sm\">Taladrado y roscado<\/td>\n<td data-start=\"2467\" data-end=\"2510\" data-col-size=\"md\">Componentes roscados y orificios de precisi\u00f3n<\/td>\n<\/tr>\n<tr data-start=\"2511\" data-end=\"2570\">\n<td data-start=\"2511\" data-end=\"2522\" data-col-size=\"sm\">Rectificado<\/td>\n<td data-start=\"2522\" data-end=\"2570\" data-col-size=\"md\">Superficies de alta precisi\u00f3n y tolerancias estrictas<\/td>\n<\/tr>\n<tr data-start=\"2571\" data-end=\"2635\">\n<td data-start=\"2571\" data-end=\"2591\" data-col-size=\"sm\">Tratamiento de superficies<\/td>\n<td data-start=\"2591\" data-end=\"2635\" data-col-size=\"md\">Anodizado, chapado, pasivado, revestimiento<\/td>\n<\/tr>\n<tr data-start=\"2636\" data-end=\"2688\">\n<td data-start=\"2636\" data-end=\"2653\" data-col-size=\"sm\">Tratamiento t\u00e9rmico<\/td>\n<td data-start=\"2653\" data-end=\"2688\" data-col-size=\"md\">Temple, revenido, recocido<\/td>\n<\/tr>\n<\/tbody>\n<\/table>\n<\/div>\n<\/div>\n<h2 data-start=\"2695\" data-end=\"2747\"><strong data-start=\"2698\" data-end=\"2745\">Par\u00e1metros t\u00e9cnicos (gama representativa)<\/strong><\/h2>\n<div class=\"TyagGW_tableContainer\">\n<div class=\"group TyagGW_tableWrapper flex flex-col-reverse w-fit\" tabindex=\"-1\">\n<table class=\"w-fit min-w-(--thread-content-width)\" data-start=\"2749\" data-end=\"3246\">\n<thead data-start=\"2749\" data-end=\"2775\">\n<tr data-start=\"2749\" data-end=\"2775\">\n<th data-start=\"2749\" data-end=\"2761\" data-col-size=\"sm\">Par\u00e1metro<\/th>\n<th data-start=\"2761\" data-end=\"2775\" data-col-size=\"md\">Capacidad<\/th>\n<\/tr>\n<\/thead>\n<tbody data-start=\"2786\" data-end=\"3246\">\n<tr data-start=\"2786\" data-end=\"2885\">\n<td data-start=\"2786\" data-end=\"2805\" data-col-size=\"sm\">Opciones de material<\/td>\n<td data-start=\"2805\" data-end=\"2885\" data-col-size=\"md\">Acero al carbono, acero inoxidable, aluminio, lat\u00f3n, cobre, pl\u00e1sticos t\u00e9cnicos<\/td>\n<\/tr>\n<tr data-start=\"2886\" data-end=\"2945\">\n<td data-start=\"2886\" data-end=\"2910\" data-col-size=\"sm\">Tolerancia dimensional<\/td>\n<td data-start=\"2910\" data-end=\"2945\" data-col-size=\"md\">Hasta \u00b10,01 mm (en funci\u00f3n de la pieza)<\/td>\n<\/tr>\n<tr data-start=\"2946\" data-end=\"3014\">\n<td data-start=\"2946\" data-end=\"2966\" data-col-size=\"sm\">Rugosidad superficial<\/td>\n<td data-start=\"2966\" data-end=\"3014\" data-col-size=\"md\">Ra 0,8 - Ra 3,2 (m\u00e1s fino bajo pedido)<\/td>\n<\/tr>\n<tr data-start=\"3015\" data-end=\"3068\">\n<td data-start=\"3015\" data-end=\"3031\" data-col-size=\"sm\">Tama\u00f1o m\u00e1ximo de la pieza<\/td>\n<td data-start=\"3031\" data-end=\"3068\" data-col-size=\"md\">Hasta 1200 mm (en funci\u00f3n del proyecto)<\/td>\n<\/tr>\n<tr data-start=\"3069\" data-end=\"3130\">\n<td data-start=\"3069\" data-end=\"3087\" data-col-size=\"sm\">Tipo de producci\u00f3n<\/td>\n<td data-start=\"3087\" data-end=\"3130\" data-col-size=\"md\">Prototipo, lote peque\u00f1o, producci\u00f3n en serie<\/td>\n<\/tr>\n<tr data-start=\"3131\" data-end=\"3183\">\n<td data-start=\"3131\" data-end=\"3151\" data-col-size=\"sm\">Normas de calidad<\/td>\n<td data-start=\"3151\" data-end=\"3183\" data-col-size=\"md\">Proceso de inspecci\u00f3n basado en la norma ISO<\/td>\n<\/tr>\n<tr data-start=\"3184\" data-end=\"3246\">\n<td data-start=\"3184\" data-end=\"3197\" data-col-size=\"sm\">Inspecci\u00f3n<\/td>\n<td data-start=\"3197\" data-end=\"3246\" data-col-size=\"md\">MMC, calibres, micr\u00f3metros, pruebas de rugosidad<\/td>\n<\/tr>\n<\/tbody>\n<\/table>\n<\/div>\n<\/div>\n<h2 data-start=\"3253\" data-end=\"3284\"><strong data-start=\"3256\" data-end=\"3284\">Gu\u00eda de selecci\u00f3n de materiales<\/strong><\/h2>\n<div class=\"TyagGW_tableContainer\">\n<div class=\"group TyagGW_tableWrapper flex flex-col-reverse w-fit\" tabindex=\"-1\">\n<table class=\"w-fit min-w-(--thread-content-width)\" data-start=\"3286\" data-end=\"3776\">\n<thead data-start=\"3286\" data-end=\"3325\">\n<tr data-start=\"3286\" data-end=\"3325\">\n<th data-start=\"3286\" data-end=\"3297\" data-col-size=\"sm\">Material<\/th>\n<th data-start=\"3297\" data-end=\"3310\" data-col-size=\"sm\">Ventajas<\/th>\n<th data-start=\"3310\" data-end=\"3325\" data-col-size=\"sm\">Uso t\u00edpico<\/th>\n<\/tr>\n<\/thead>\n<tbody data-start=\"3340\" data-end=\"3776\">\n<tr data-start=\"3340\" data-end=\"3416\">\n<td data-start=\"3340\" data-end=\"3359\" data-col-size=\"sm\"><strong data-start=\"3342\" data-end=\"3358\">Acero al carbono<\/strong><\/td>\n<td data-start=\"3359\" data-end=\"3391\" data-col-size=\"sm\">Alta resistencia y rentabilidad<\/td>\n<td data-start=\"3391\" data-end=\"3416\" data-col-size=\"sm\">Piezas de maquinaria pesada<\/td>\n<\/tr>\n<tr data-start=\"3417\" data-end=\"3507\">\n<td data-start=\"3417\" data-end=\"3449\" data-col-size=\"sm\"><strong data-start=\"3419\" data-end=\"3448\">Acero inoxidable (304\/316)<\/strong><\/td>\n<td data-start=\"3449\" data-end=\"3471\" data-col-size=\"sm\">Resistente a la corrosi\u00f3n<\/td>\n<td data-start=\"3471\" data-end=\"3507\" data-col-size=\"sm\">Equipos qu\u00edmicos, marinos y alimentarios<\/td>\n<\/tr>\n<tr data-start=\"3508\" data-end=\"3590\">\n<td data-start=\"3508\" data-end=\"3529\" data-col-size=\"sm\"><strong data-start=\"3510\" data-end=\"3528\">Aleaci\u00f3n de aluminio<\/strong><\/td>\n<td data-start=\"3529\" data-end=\"3563\" data-col-size=\"sm\">Ligero, buena maquinabilidad<\/td>\n<td data-start=\"3563\" data-end=\"3590\" data-col-size=\"sm\">Automatizaci\u00f3n, electr\u00f3nica<\/td>\n<\/tr>\n<tr data-start=\"3591\" data-end=\"3674\">\n<td data-start=\"3591\" data-end=\"3610\" data-col-size=\"sm\"><strong data-start=\"3593\" data-end=\"3609\">Lat\u00f3n\/Cobre<\/strong><\/td>\n<td data-start=\"3610\" data-end=\"3652\" data-col-size=\"sm\">Buena conductividad, resistencia a la corrosi\u00f3n<\/td>\n<td data-start=\"3652\" data-end=\"3674\" data-col-size=\"sm\">V\u00e1lvulas, conectores<\/td>\n<\/tr>\n<tr data-start=\"3675\" data-end=\"3776\">\n<td data-start=\"3675\" data-end=\"3721\" data-col-size=\"sm\"><strong data-start=\"3677\" data-end=\"3720\">Pl\u00e1sticos t\u00e9cnicos (POM, nailon, PTFE)<\/strong><\/td>\n<td data-start=\"3721\" data-end=\"3757\" data-col-size=\"sm\">Baja fricci\u00f3n, resistencia qu\u00edmica<\/td>\n<td data-start=\"3757\" data-end=\"3776\" data-col-size=\"sm\">Componentes de desgaste<\/td>\n<\/tr>\n<\/tbody>\n<\/table>\n<\/div>\n<\/div>\n<h2 data-start=\"3783\" data-end=\"3806\"><strong data-start=\"3786\" data-end=\"3806\">Por qu\u00e9 elegir Wonzh<\/strong><\/h2>\n<ul data-start=\"3808\" data-end=\"4094\">\n<li data-start=\"3808\" data-end=\"3872\">\n<p data-start=\"3810\" data-end=\"3872\">Estricto control de calidad desde la materia prima hasta la inspecci\u00f3n final<\/p>\n<\/li>\n<li data-start=\"3873\" data-end=\"3933\">\n<p data-start=\"3875\" data-end=\"3933\">Ingenieros de mecanizado experimentados y modernos equipos CNC<\/p>\n<\/li>\n<li data-start=\"3934\" data-end=\"3989\">\n<p data-start=\"3936\" data-end=\"3989\">Admite geometr\u00edas complejas y tolerancias estrechas<\/p>\n<\/li>\n<li data-start=\"3990\" data-end=\"4039\">\n<p data-start=\"3992\" data-end=\"4039\">Creaci\u00f3n r\u00e1pida de prototipos y producci\u00f3n en serie fiable<\/p>\n<\/li>\n<li data-start=\"4040\" data-end=\"4094\">\n<p data-start=\"4042\" data-end=\"4094\">Cadena de suministro estable y capacidad de entrega mundial<\/p>\n<\/li>\n<\/ul>\n<h2 data-start=\"4101\" data-end=\"4142\"><strong data-start=\"4104\" data-end=\"4140\">Preguntas m\u00e1s frecuentes (FAQ)<\/strong><\/h2>\n<h3 data-start=\"4144\" data-end=\"4204\"><strong data-start=\"4148\" data-end=\"4202\">P1: \u00bfFabrican a partir de los planos de los clientes?<\/strong><\/h3>\n<p data-start=\"4205\" data-end=\"4280\">S\u00ed. Producimos piezas estrictamente seg\u00fan sus dibujos 2D\/3D o muestras.<\/p>\n<h3 data-start=\"4282\" data-end=\"4328\"><strong data-start=\"4286\" data-end=\"4326\">P2: \u00bfQu\u00e9 formatos de archivo aceptan?<\/strong><\/h3>\n<p data-start=\"4329\" data-end=\"4382\">Aceptamos <strong data-start=\"4339\" data-end=\"4381\">Dibujos STEP, IGES, DXF, DWG y PDF<\/strong>.<\/p>\n<h3 data-start=\"4384\" data-end=\"4429\"><strong data-start=\"4388\" data-end=\"4427\">P3: \u00bfCu\u00e1l es su plazo de entrega habitual?<\/strong><\/h3>\n<ul data-start=\"4430\" data-end=\"4527\">\n<li data-start=\"4430\" data-end=\"4459\">\n<p data-start=\"4432\" data-end=\"4459\">Prototipos: <strong data-start=\"4444\" data-end=\"4457\">1-2 semanas<\/strong><\/p>\n<\/li>\n<li data-start=\"4460\" data-end=\"4490\">\n<p data-start=\"4462\" data-end=\"4490\">Lote peque\u00f1o: <strong data-start=\"4475\" data-end=\"4488\">2-4 semanas<\/strong><\/p>\n<\/li>\n<li data-start=\"4491\" data-end=\"4527\">\n<p data-start=\"4493\" data-end=\"4527\">Producci\u00f3n en serie: en funci\u00f3n del proyecto<\/p>\n<\/li>\n<\/ul>\n<h3 data-start=\"4529\" data-end=\"4578\"><strong data-start=\"4533\" data-end=\"4576\">P4: \u00bfPueden realizar tratamientos superficiales?<\/strong><\/h3>\n<p data-start=\"4579\" data-end=\"4657\">S\u00ed. Ofrecemos servicios de anodizado, chapado, pintura, pasivado y revestimiento.<\/p>\n<h3 data-start=\"4659\" data-end=\"4707\"><strong data-start=\"4663\" data-end=\"4705\">P5: \u00bfAdmiten pedidos de lotes peque\u00f1os?<\/strong><\/h3>\n<p data-start=\"4708\" data-end=\"4778\">S\u00ed. Admitimos prototipos, lotes peque\u00f1os y producci\u00f3n a gran escala.<\/p>","protected":false},"excerpt":{"rendered":"<p>Piezas mecanizadas CNC suministradas por <strong data-start=\"560\" data-end=\"569\">Wonzh<\/strong> son componentes de ingenier\u00eda de precisi\u00f3n fabricados mediante tecnolog\u00edas avanzadas de torneado, fresado, taladrado y rectificado CNC. Dise\u00f1adas para cumplir estrictas tolerancias dimensionales y requisitos de calidad superficial, nuestras piezas mecanizadas se utilizan ampliamente en maquinaria industrial, sistemas de automatizaci\u00f3n, equipos pesados y fabricaci\u00f3n OEM.<\/p>","protected":false},"featured_media":1518,"comment_status":"open","ping_status":"closed","template":"","meta":{"site-sidebar-layout":"default","site-content-layout":"","ast-site-content-layout":"default","site-content-style":"default","site-sidebar-style":"default","ast-global-header-display":"","ast-banner-title-visibility":"","ast-main-header-display":"","ast-hfb-above-header-display":"","ast-hfb-below-header-display":"","ast-hfb-mobile-header-display":"","site-post-title":"","ast-breadcrumbs-content":"","ast-featured-img":"","footer-sml-layout":"","ast-disable-related-posts":"","theme-transparent-header-meta":"default","adv-header-id-meta":"","stick-header-meta":"default","header-above-stick-meta":"","header-main-stick-meta":"","header-below-stick-meta":"","astra-migrate-meta-layouts":"set","ast-page-background-enabled":"default","ast-page-background-meta":{"desktop":{"background-color":"","background-image":"","background-repeat":"repeat","background-position":"center center","background-size":"auto","background-attachment":"scroll","background-type":"","background-media":"","overlay-type":"","overlay-color":"","overlay-opacity":"","overlay-gradient":""},"tablet":{"background-color":"","background-image":"","background-repeat":"repeat","background-position":"center center","background-size":"auto","background-attachment":"scroll","background-type":"","background-media":"","overlay-type":"","overlay-color":"","overlay-opacity":"","overlay-gradient":""},"mobile":{"background-color":"","background-image":"","background-repeat":"repeat","background-position":"center center","background-size":"auto","background-attachment":"scroll","background-type":"","background-media":"","overlay-type":"","overlay-color":"","overlay-opacity":"","overlay-gradient":""}},"ast-content-background-meta":{"desktop":{"background-color":"var(--ast-global-color-5)","background-image":"","background-repeat":"repeat","background-position":"center center","background-size":"auto","background-attachment":"scroll","background-type":"","background-media":"","overlay-type":"","overlay-color":"","overlay-opacity":"","overlay-gradient":""},"tablet":{"background-color":"var(--ast-global-color-5)","background-image":"","background-repeat":"repeat","background-position":"center center","background-size":"auto","background-attachment":"scroll","background-type":"","background-media":"","overlay-type":"","overlay-color":"","overlay-opacity":"","overlay-gradient":""},"mobile":{"background-color":"var(--ast-global-color-5)","background-image":"","background-repeat":"repeat","background-position":"center center","background-size":"auto","background-attachment":"scroll","background-type":"","background-media":"","overlay-type":"","overlay-color":"","overlay-opacity":"","overlay-gradient":""}}},"product_brand":[],"product_cat":[23],"product_tag":[305,311,299,302,301,303,309,306,307,300,308,304,310],"class_list":{"0":"post-1463","1":"product","2":"type-product","3":"status-publish","4":"has-post-thumbnail","6":"product_cat-precision-machined-parts","7":"product_tag-aluminum-machining","8":"product_tag-china-cnc-manufacturer","9":"product_tag-cnc-machined-parts","10":"product_tag-cnc-milling-parts","11":"product_tag-cnc-turning-parts","12":"product_tag-custom-machined-components","13":"product_tag-high-precision-parts","14":"product_tag-industrial-parts-manufacturing","15":"product_tag-oem-machined-parts","16":"product_tag-precision-machining","17":"product_tag-prototype-machining","18":"product_tag-stainless-steel-machining","19":"product_tag-surface-treatment-machining","20":"desktop-align-left","21":"tablet-align-left","22":"mobile-align-left","24":"first","25":"instock","26":"shipping-taxable","27":"product-type-simple"},"_links":{"self":[{"href":"https:\/\/www.wonzh.com\/es\/wp-json\/wp\/v2\/product\/1463","targetHints":{"allow":["GET"]}}],"collection":[{"href":"https:\/\/www.wonzh.com\/es\/wp-json\/wp\/v2\/product"}],"about":[{"href":"https:\/\/www.wonzh.com\/es\/wp-json\/wp\/v2\/types\/product"}],"replies":[{"embeddable":true,"href":"https:\/\/www.wonzh.com\/es\/wp-json\/wp\/v2\/comments?post=1463"}],"wp:featuredmedia":[{"embeddable":true,"href":"https:\/\/www.wonzh.com\/es\/wp-json\/wp\/v2\/media\/1518"}],"wp:attachment":[{"href":"https:\/\/www.wonzh.com\/es\/wp-json\/wp\/v2\/media?parent=1463"}],"wp:term":[{"taxonomy":"product_brand","embeddable":true,"href":"https:\/\/www.wonzh.com\/es\/wp-json\/wp\/v2\/product_brand?post=1463"},{"taxonomy":"product_cat","embeddable":true,"href":"https:\/\/www.wonzh.com\/es\/wp-json\/wp\/v2\/product_cat?post=1463"},{"taxonomy":"product_tag","embeddable":true,"href":"https:\/\/www.wonzh.com\/es\/wp-json\/wp\/v2\/product_tag?post=1463"}],"curies":[{"name":"wp","href":"https:\/\/api.w.org\/{rel}","templated":true}]}}