{"id":1462,"date":"2026-02-03T14:41:29","date_gmt":"2026-02-03T14:41:29","guid":{"rendered":"https:\/\/www.wonzh.com\/?post_type=product&#038;p=1462"},"modified":"2026-02-05T09:12:03","modified_gmt":"2026-02-05T09:12:03","slug":"accesorios-de-cable-para-sistemas-de-elevacion-de-aparejos-y-cables","status":"publish","type":"product","link":"https:\/\/www.wonzh.com\/es\/product\/wire-rope-accessories-for-rigging-lifting-and-cable-systems\/","title":{"rendered":"Accesorios de cable met\u00e1lico para sistemas de aparejos, elevaci\u00f3n y cables"},"content":{"rendered":"<p data-start=\"549\" data-end=\"911\">Los accesorios para cables de acero suministrados por Wonzh son accesorios y herrajes fabricados con precisi\u00f3n que se utilizan para conectar, asegurar y terminar cables de acero en sistemas de elevaci\u00f3n, aparejos y cables. Estos componentes desempe\u00f1an un papel fundamental a la hora de garantizar la integridad estructural, la seguridad de la carga y la fiabilidad operativa en gr\u00faas, polipastos, equipos marinos e instalaciones industriales.<\/p>\n<p data-start=\"913\" data-end=\"1300\">Nuestros accesorios se fabrican con materiales de alta calidad, como acero al carbono, acero galvanizado, acero inoxidable (AISI 304\/316) y acero aleado, que proporcionan una excelente resistencia mec\u00e1nica, resistencia a la corrosi\u00f3n y durabilidad a la fatiga. Los avanzados procesos de forja, fundici\u00f3n, mecanizado y tratamiento de superficies garantizan la precisi\u00f3n dimensional y un rendimiento estable en condiciones de carga din\u00e1mica.<\/p>\n<p data-start=\"1302\" data-end=\"1614\">Como proveedor industrial con experiencia, Wonzh ofrece accesorios para cables de acero est\u00e1ndar y personalizados, incluidos clips, guardacabos, tensores, grilletes, ganchos, casquillos y accesorios de ensamblaje. Nuestro equipo de ingenieros le ayudar\u00e1 a realizar una selecci\u00f3n adecuada en funci\u00f3n del di\u00e1metro del cable, los requisitos de carga y las condiciones ambientales.<\/p>\n<h2 data-start=\"1621\" data-end=\"1640\"><strong data-start=\"1624\" data-end=\"1640\">Caracter\u00edsticas principales<\/strong><\/h2>\n<ul data-start=\"1642\" data-end=\"1924\">\n<li data-start=\"1642\" data-end=\"1679\">\n<p data-start=\"1644\" data-end=\"1679\">Capacidad de carga fiable<\/p>\n<\/li>\n<li data-start=\"1680\" data-end=\"1733\">\n<p data-start=\"1682\" data-end=\"1733\">Materiales de alta resistencia para mayor seguridad y durabilidad<\/p>\n<\/li>\n<li data-start=\"1734\" data-end=\"1797\">\n<p data-start=\"1736\" data-end=\"1797\">Opciones resistentes a la corrosi\u00f3n (galvanizado o acero inoxidable)<\/p>\n<\/li>\n<li data-start=\"1798\" data-end=\"1846\">\n<p data-start=\"1800\" data-end=\"1846\">Compatible con la mayor\u00eda de las construcciones de cable met\u00e1lico<\/p>\n<\/li>\n<li data-start=\"1847\" data-end=\"1884\">\n<p data-start=\"1849\" data-end=\"1884\">F\u00e1cil instalaci\u00f3n y mantenimiento<\/p>\n<\/li>\n<li data-start=\"1885\" data-end=\"1924\">\n<p data-start=\"1887\" data-end=\"1924\">Tama\u00f1os est\u00e1ndar y personalizados disponibles<\/p>\n<\/li>\n<\/ul>\n<h2 data-start=\"1931\" data-end=\"1958\"><strong data-start=\"1934\" data-end=\"1958\">Aplicaciones t\u00edpicas<\/strong><\/h2>\n<ul data-start=\"1960\" data-end=\"2212\">\n<li data-start=\"1960\" data-end=\"1990\">\n<p data-start=\"1962\" data-end=\"1990\">Gr\u00faas y sistemas de elevaci\u00f3n<\/p>\n<\/li>\n<li data-start=\"1991\" data-end=\"2022\">\n<p data-start=\"1993\" data-end=\"2022\">Aparejos marinos y de alta mar<\/p>\n<\/li>\n<li data-start=\"2023\" data-end=\"2067\">\n<p data-start=\"2025\" data-end=\"2067\">Proyectos de construcci\u00f3n e infraestructuras<\/p>\n<\/li>\n<li data-start=\"2068\" data-end=\"2098\">\n<p data-start=\"2070\" data-end=\"2098\">Miner\u00eda y maquinaria pesada<\/p>\n<\/li>\n<li data-start=\"2099\" data-end=\"2129\">\n<p data-start=\"2101\" data-end=\"2129\">Sistemas de ascensores y cabrestantes<\/p>\n<\/li>\n<li data-start=\"2130\" data-end=\"2164\">\n<p data-start=\"2132\" data-end=\"2164\">Estructuras arquitect\u00f3nicas de cables<\/p>\n<\/li>\n<li data-start=\"2165\" data-end=\"2212\">\n<p data-start=\"2167\" data-end=\"2212\">Mantenimiento industrial y aplicaciones MRO<\/p>\n<\/li>\n<\/ul>\n<h2 data-start=\"2219\" data-end=\"2262\"><strong data-start=\"2222\" data-end=\"2262\">Principales accesorios de cables de acero que suministramos<\/strong><\/h2>\n<div class=\"TyagGW_tableContainer\">\n<div class=\"group TyagGW_tableWrapper flex flex-col-reverse w-fit\" tabindex=\"-1\">\n<table class=\"w-fit min-w-(--thread-content-width)\" data-start=\"2264\" data-end=\"2915\">\n<thead data-start=\"2264\" data-end=\"2302\">\n<tr data-start=\"2264\" data-end=\"2302\">\n<th data-start=\"2264\" data-end=\"2276\" data-col-size=\"sm\">Accesorio<\/th>\n<th data-start=\"2276\" data-end=\"2287\" data-col-size=\"sm\">Funci\u00f3n<\/th>\n<th data-start=\"2287\" data-end=\"2302\" data-col-size=\"sm\">Uso t\u00edpico<\/th>\n<\/tr>\n<\/thead>\n<tbody data-start=\"2317\" data-end=\"2915\">\n<tr data-start=\"2317\" data-end=\"2404\">\n<td data-start=\"2317\" data-end=\"2346\" data-col-size=\"sm\"><strong data-start=\"2319\" data-end=\"2345\">Pinza de cable<\/strong><\/td>\n<td data-start=\"2346\" data-end=\"2377\" data-col-size=\"sm\">Asegure los lazos y las uniones de las cuerdas<\/td>\n<td data-start=\"2377\" data-end=\"2404\" data-col-size=\"sm\">Aparejo ligero a medio<\/td>\n<\/tr>\n<tr data-start=\"2405\" data-end=\"2476\">\n<td data-start=\"2405\" data-end=\"2419\" data-col-size=\"sm\"><strong data-start=\"2407\" data-end=\"2418\">Dedal<\/strong><\/td>\n<td data-start=\"2419\" data-end=\"2449\" data-col-size=\"sm\">Protege el ojo de la cuerda del desgaste<\/td>\n<td data-start=\"2449\" data-end=\"2476\" data-col-size=\"sm\">Eslingas y cables de elevaci\u00f3n<\/td>\n<\/tr>\n<tr data-start=\"2477\" data-end=\"2550\">\n<td data-start=\"2477\" data-end=\"2494\" data-col-size=\"sm\"><strong data-start=\"2479\" data-end=\"2493\">Tensor<\/strong><\/td>\n<td data-start=\"2494\" data-end=\"2518\" data-col-size=\"sm\">Ajusta la tensi\u00f3n del cable<\/td>\n<td data-start=\"2518\" data-end=\"2550\" data-col-size=\"sm\">Cables estructurales y marinos<\/td>\n<\/tr>\n<tr data-start=\"2551\" data-end=\"2624\">\n<td data-start=\"2551\" data-end=\"2576\" data-col-size=\"sm\"><strong data-start=\"2553\" data-end=\"2575\">Grillete (D o arco)<\/strong><\/td>\n<td data-start=\"2576\" data-end=\"2607\" data-col-size=\"sm\">Conecta eslingas y herrajes<\/td>\n<td data-start=\"2607\" data-end=\"2624\" data-col-size=\"sm\">Elevaci\u00f3n de cargas pesadas<\/td>\n<\/tr>\n<tr data-start=\"2625\" data-end=\"2698\">\n<td data-start=\"2625\" data-end=\"2649\" data-col-size=\"sm\"><strong data-start=\"2627\" data-end=\"2648\">Gancho (Horquilla\/Ojo)<\/strong><\/td>\n<td data-start=\"2649\" data-end=\"2677\" data-col-size=\"sm\">Fijaci\u00f3n r\u00e1pida a las cargas<\/td>\n<td data-start=\"2677\" data-end=\"2698\" data-col-size=\"sm\">Gr\u00faas y polipastos<\/td>\n<\/tr>\n<tr data-start=\"2699\" data-end=\"2768\">\n<td data-start=\"2699\" data-end=\"2722\" data-col-size=\"sm\"><strong data-start=\"2701\" data-end=\"2721\">Virola \/ Manguito<\/strong><\/td>\n<td data-start=\"2722\" data-end=\"2751\" data-col-size=\"sm\">Terminaci\u00f3n permanente de la cuerda<\/td>\n<td data-start=\"2751\" data-end=\"2768\" data-col-size=\"sm\">Eslingas articuladas<\/td>\n<\/tr>\n<tr data-start=\"2769\" data-end=\"2840\">\n<td data-start=\"2769\" data-end=\"2789\" data-col-size=\"sm\"><strong data-start=\"2771\" data-end=\"2788\">Racores Swage<\/strong><\/td>\n<td data-start=\"2789\" data-end=\"2816\" data-col-size=\"sm\">Terminaci\u00f3n fija fuerte<\/td>\n<td data-start=\"2816\" data-end=\"2840\" data-col-size=\"sm\">Cables arquitect\u00f3nicos<\/td>\n<\/tr>\n<tr data-start=\"2841\" data-end=\"2915\">\n<td data-start=\"2841\" data-end=\"2866\" data-col-size=\"sm\"><strong data-start=\"2843\" data-end=\"2865\">Tornillo de ojo \/ Tuerca de ojo<\/strong><\/td>\n<td data-start=\"2866\" data-end=\"2889\" data-col-size=\"sm\">Punto de anclaje de elevaci\u00f3n<\/td>\n<td data-start=\"2889\" data-end=\"2915\" data-col-size=\"sm\">Maquinaria y estructuras<\/td>\n<\/tr>\n<\/tbody>\n<\/table>\n<\/div>\n<\/div>\n<h2 data-start=\"2922\" data-end=\"2974\"><strong data-start=\"2925\" data-end=\"2972\">Par\u00e1metros t\u00e9cnicos (gama representativa)<\/strong><\/h2>\n<div class=\"TyagGW_tableContainer\">\n<div class=\"group TyagGW_tableWrapper flex flex-col-reverse w-fit\" tabindex=\"-1\">\n<table class=\"w-fit min-w-(--thread-content-width)\" data-start=\"2976\" data-end=\"3416\">\n<thead data-start=\"2976\" data-end=\"3013\">\n<tr data-start=\"2976\" data-end=\"3013\">\n<th data-start=\"2976\" data-end=\"2988\" data-col-size=\"sm\">Par\u00e1metro<\/th>\n<th data-start=\"2988\" data-end=\"3013\" data-col-size=\"md\">Especificaci\u00f3n \/ Gama<\/th>\n<\/tr>\n<\/thead>\n<tbody data-start=\"3024\" data-end=\"3416\">\n<tr data-start=\"3024\" data-end=\"3117\">\n<td data-start=\"3024\" data-end=\"3043\" data-col-size=\"sm\">Opciones de material<\/td>\n<td data-start=\"3043\" data-end=\"3117\" data-col-size=\"md\">Acero al carbono, acero galvanizado, acero inoxidable (304\/316), acero aleado<\/td>\n<\/tr>\n<tr data-start=\"3118\" data-end=\"3187\">\n<td data-start=\"3118\" data-end=\"3135\" data-col-size=\"sm\">Acabado superficial<\/td>\n<td data-start=\"3135\" data-end=\"3187\" data-col-size=\"md\">Galvanizado, inoxidable brillante, pintado o recubierto<\/td>\n<\/tr>\n<tr data-start=\"3188\" data-end=\"3253\">\n<td data-start=\"3188\" data-end=\"3215\" data-col-size=\"sm\">Di\u00e1metro de cuerda compatible<\/td>\n<td data-start=\"3215\" data-end=\"3253\" data-col-size=\"md\">2 mm - 60 mm (en funci\u00f3n del accesorio)<\/td>\n<\/tr>\n<tr data-start=\"3254\" data-end=\"3308\">\n<td data-start=\"3254\" data-end=\"3268\" data-col-size=\"sm\">Capacidad de carga<\/td>\n<td data-start=\"3268\" data-end=\"3308\" data-col-size=\"md\">Marcado por tipo de producto y norma<\/td>\n<\/tr>\n<tr data-start=\"3309\" data-end=\"3351\">\n<td data-start=\"3309\" data-end=\"3331\" data-col-size=\"sm\">Normas admitidas<\/td>\n<td data-start=\"3331\" data-end=\"3351\" data-col-size=\"md\">ISO, DIN, EN, GB<\/td>\n<\/tr>\n<tr data-start=\"3352\" data-end=\"3416\">\n<td data-start=\"3352\" data-end=\"3376\" data-col-size=\"sm\">Proceso de fabricaci\u00f3n<\/td>\n<td data-start=\"3376\" data-end=\"3416\" data-col-size=\"md\">Forja, fundici\u00f3n, mecanizado, estampado<\/td>\n<\/tr>\n<\/tbody>\n<\/table>\n<\/div>\n<\/div>\n<h2 data-start=\"3423\" data-end=\"3454\"><strong data-start=\"3426\" data-end=\"3454\">Gu\u00eda de selecci\u00f3n de materiales<\/strong><\/h2>\n<div class=\"TyagGW_tableContainer\">\n<div class=\"group TyagGW_tableWrapper flex flex-col-reverse w-fit\" tabindex=\"-1\">\n<table class=\"w-fit min-w-(--thread-content-width)\" data-start=\"3456\" data-end=\"3909\">\n<thead data-start=\"3456\" data-end=\"3498\">\n<tr data-start=\"3456\" data-end=\"3498\">\n<th data-start=\"3456\" data-end=\"3467\" data-col-size=\"sm\">Material<\/th>\n<th data-start=\"3467\" data-end=\"3479\" data-col-size=\"sm\">Ventaja<\/th>\n<th data-start=\"3479\" data-end=\"3498\" data-col-size=\"sm\">Recomendado para<\/th>\n<\/tr>\n<\/thead>\n<tbody data-start=\"3513\" data-end=\"3909\">\n<tr data-start=\"3513\" data-end=\"3590\">\n<td data-start=\"3513\" data-end=\"3532\" data-col-size=\"sm\"><strong data-start=\"3515\" data-end=\"3531\">Acero al carbono<\/strong><\/td>\n<td data-start=\"3532\" data-end=\"3564\" data-col-size=\"sm\">Alta resistencia y rentabilidad<\/td>\n<td data-start=\"3564\" data-end=\"3590\" data-col-size=\"sm\">Uso industrial general<\/td>\n<\/tr>\n<tr data-start=\"3591\" data-end=\"3673\">\n<td data-start=\"3591\" data-end=\"3614\" data-col-size=\"sm\"><strong data-start=\"3593\" data-end=\"3613\">Acero galvanizado<\/strong><\/td>\n<td data-start=\"3614\" data-end=\"3649\" data-col-size=\"sm\">Resistencia a la corrosi\u00f3n, econ\u00f3mico<\/td>\n<td data-start=\"3649\" data-end=\"3673\" data-col-size=\"sm\">Aplicaciones exteriores<\/td>\n<\/tr>\n<tr data-start=\"3674\" data-end=\"3755\">\n<td data-start=\"3674\" data-end=\"3699\" data-col-size=\"sm\"><strong data-start=\"3676\" data-end=\"3698\">Inoxidable AISI 304<\/strong><\/td>\n<td data-start=\"3699\" data-end=\"3727\" data-col-size=\"sm\">Buena resistencia a la corrosi\u00f3n<\/td>\n<td data-start=\"3727\" data-end=\"3755\" data-col-size=\"sm\">Entornos marinos suaves<\/td>\n<\/tr>\n<tr data-start=\"3756\" data-end=\"3847\">\n<td data-start=\"3756\" data-end=\"3781\" data-col-size=\"sm\"><strong data-start=\"3758\" data-end=\"3780\">Inoxidable AISI 316<\/strong><\/td>\n<td data-start=\"3781\" data-end=\"3814\" data-col-size=\"sm\">Excelente resistencia a la corrosi\u00f3n<\/td>\n<td data-start=\"3814\" data-end=\"3847\" data-col-size=\"sm\">Entornos marinos y qu\u00edmicos agresivos<\/td>\n<\/tr>\n<tr data-start=\"3848\" data-end=\"3909\">\n<td data-start=\"3848\" data-end=\"3866\" data-col-size=\"sm\"><strong data-start=\"3850\" data-end=\"3865\">Acero aleado<\/strong><\/td>\n<td data-start=\"3866\" data-end=\"3887\" data-col-size=\"sm\">Muy alta resistencia<\/td>\n<td data-start=\"3887\" data-end=\"3909\" data-col-size=\"sm\">Elevaci\u00f3n de cargas pesadas<\/td>\n<\/tr>\n<\/tbody>\n<\/table>\n<\/div>\n<\/div>\n<h2 data-start=\"3916\" data-end=\"3939\"><strong data-start=\"3919\" data-end=\"3939\">Por qu\u00e9 elegir Wonzh<\/strong><\/h2>\n<ul data-start=\"3941\" data-end=\"4195\">\n<li data-start=\"3941\" data-end=\"3986\">\n<p data-start=\"3943\" data-end=\"3986\">Estricto control de calidad de cada lote<\/p>\n<\/li>\n<li data-start=\"3987\" data-end=\"4033\">\n<p data-start=\"3989\" data-end=\"4033\">Amplia gama de accesorios est\u00e1ndar y personalizados<\/p>\n<\/li>\n<li data-start=\"4034\" data-end=\"4089\">\n<p data-start=\"4036\" data-end=\"4089\">Gran compatibilidad con distintos tipos de cable<\/p>\n<\/li>\n<li data-start=\"4090\" data-end=\"4149\">\n<p data-start=\"4092\" data-end=\"4149\">Asistencia t\u00e9cnica para una selecci\u00f3n e instalaci\u00f3n seguras<\/p>\n<\/li>\n<li data-start=\"4150\" data-end=\"4195\">\n<p data-start=\"4152\" data-end=\"4195\">Cadena de suministro fiable y entrega mundial<\/p>\n<\/li>\n<\/ul>\n<h2 data-start=\"4202\" data-end=\"4243\"><strong data-start=\"4205\" data-end=\"4241\">Preguntas m\u00e1s frecuentes (FAQ)<\/strong><\/h2>\n<h3 data-start=\"4245\" data-end=\"4299\"><strong data-start=\"4249\" data-end=\"4297\">P1: \u00bfPara qu\u00e9 se utilizan los accesorios de cable met\u00e1lico?<\/strong><\/h3>\n<p data-start=\"4300\" data-end=\"4406\">Se utilizan para conectar, asegurar, terminar y ajustar cables met\u00e1licos en sistemas de elevaci\u00f3n, aparejos y cables.<\/p>\n<h3 data-start=\"4408\" data-end=\"4462\"><strong data-start=\"4412\" data-end=\"4460\">P2: \u00bfCu\u00e1ntos sujetacables deben utilizarse?<\/strong><\/h3>\n<p data-start=\"4463\" data-end=\"4586\">Depende del di\u00e1metro de la cuerda y de las condiciones de carga, pero normalmente <strong data-start=\"4526\" data-end=\"4548\">al menos 3-5 clips<\/strong> se recomiendan para una terminaci\u00f3n segura.<\/p>\n<h3 data-start=\"4588\" data-end=\"4633\"><strong data-start=\"4592\" data-end=\"4631\">P3: \u00bfQu\u00e9 material debo elegir?<\/strong><\/h3>\n<ul data-start=\"4634\" data-end=\"4743\">\n<li data-start=\"4634\" data-end=\"4668\">\n<p data-start=\"4636\" data-end=\"4668\">Uso general \u2192 <strong data-start=\"4650\" data-end=\"4666\">Acero al carbono<\/strong><\/p>\n<\/li>\n<li data-start=\"4669\" data-end=\"4703\">\n<p data-start=\"4671\" data-end=\"4703\">Exterior \u2192 <strong data-start=\"4681\" data-end=\"4701\">Acero galvanizado<\/strong><\/p>\n<\/li>\n<li data-start=\"4704\" data-end=\"4743\">\n<p data-start=\"4706\" data-end=\"4743\">Marina \u2192 <strong data-start=\"4715\" data-end=\"4743\">Acero inoxidable AISI 316<\/strong><\/p>\n<\/li>\n<\/ul>\n<h3 data-start=\"4745\" data-end=\"4812\"><strong data-start=\"4749\" data-end=\"4810\">P4: \u00bfSon compatibles estos accesorios con el cable inoxidable?<\/strong><\/h3>\n<p data-start=\"4813\" data-end=\"4907\">S\u00ed. Suministramos accesorios inoxidables a juego (304\/316) para sistemas de cables de acero inoxidable.<\/p>\n<h3 data-start=\"4909\" data-end=\"4954\"><strong data-start=\"4913\" data-end=\"4952\">P5: \u00bfOfrecen accesorios a medida?<\/strong><\/h3>\n<p data-start=\"4955\" data-end=\"5058\">S\u00ed. Podemos personalizar las dimensiones, los materiales y los tratamientos superficiales en funci\u00f3n de los requisitos de su proyecto.<\/p>","protected":false},"excerpt":{"rendered":"<p>Los accesorios para cables de acero suministrados por Wonzh son accesorios y herrajes fabricados con precisi\u00f3n que se utilizan para conectar, asegurar y terminar cables de acero en sistemas de elevaci\u00f3n, aparejos y cables. Estos componentes desempe\u00f1an un papel fundamental a la hora de garantizar la integridad estructural, la seguridad de la carga y la fiabilidad operativa en gr\u00faas, polipastos, equipos marinos e instalaciones industriales.<\/p>","protected":false},"featured_media":1513,"comment_status":"open","ping_status":"closed","template":"","meta":{"site-sidebar-layout":"default","site-content-layout":"","ast-site-content-layout":"default","site-content-style":"default","site-sidebar-style":"default","ast-global-header-display":"","ast-banner-title-visibility":"","ast-main-header-display":"","ast-hfb-above-header-display":"","ast-hfb-below-header-display":"","ast-hfb-mobile-header-display":"","site-post-title":"","ast-breadcrumbs-content":"","ast-featured-img":"","footer-sml-layout":"","ast-disable-related-posts":"","theme-transparent-header-meta":"default","adv-header-id-meta":"","stick-header-meta":"default","header-above-stick-meta":"","header-main-stick-meta":"","header-below-stick-meta":"","astra-migrate-meta-layouts":"set","ast-page-background-enabled":"default","ast-page-background-meta":{"desktop":{"background-color":"","background-image":"","background-repeat":"repeat","background-position":"center center","background-size":"auto","background-attachment":"scroll","background-type":"","background-media":"","overlay-type":"","overlay-color":"","overlay-opacity":"","overlay-gradient":""},"tablet":{"background-color":"","background-image":"","background-repeat":"repeat","background-position":"center center","background-size":"auto","background-attachment":"scroll","background-type":"","background-media":"","overlay-type":"","overlay-color":"","overlay-opacity":"","overlay-gradient":""},"mobile":{"background-color":"","background-image":"","background-repeat":"repeat","background-position":"center center","background-size":"auto","background-attachment":"scroll","background-type":"","background-media":"","overlay-type":"","overlay-color":"","overlay-opacity":"","overlay-gradient":""}},"ast-content-background-meta":{"desktop":{"background-color":"var(--ast-global-color-5)","background-image":"","background-repeat":"repeat","background-position":"center center","background-size":"auto","background-attachment":"scroll","background-type":"","background-media":"","overlay-type":"","overlay-color":"","overlay-opacity":"","overlay-gradient":""},"tablet":{"background-color":"var(--ast-global-color-5)","background-image":"","background-repeat":"repeat","background-position":"center center","background-size":"auto","background-attachment":"scroll","background-type":"","background-media":"","overlay-type":"","overlay-color":"","overlay-opacity":"","overlay-gradient":""},"mobile":{"background-color":"var(--ast-global-color-5)","background-image":"","background-repeat":"repeat","background-position":"center center","background-size":"auto","background-attachment":"scroll","background-type":"","background-media":"","overlay-type":"","overlay-color":"","overlay-opacity":"","overlay-gradient":""}}},"product_brand":[],"product_cat":[22],"product_tag":[298,289,295,291,292,297,296,288,294,293,290,287,284,285,286],"class_list":{"0":"post-1462","1":"product","2":"type-product","3":"status-publish","4":"has-post-thumbnail","6":"product_cat-wire-rope-lifting-accessories","7":"product_tag-china-rigging-manufacturer","8":"product_tag-crane-hook","9":"product_tag-din-rigging-hardware","10":"product_tag-ferrule-sleeve","11":"product_tag-galvanized-rigging-hardware","12":"product_tag-industrial-rigging","13":"product_tag-iso-lifting-accessories","14":"product_tag-lifting-shackle","15":"product_tag-marine-rigging-fittings","16":"product_tag-stainless-steel-rigging","17":"product_tag-swage-fitting","18":"product_tag-turnbuckle","19":"product_tag-wire-rope-accessories","20":"product_tag-wire-rope-clips","21":"product_tag-wire-rope-thimble","22":"desktop-align-left","23":"tablet-align-left","24":"mobile-align-left","26":"first","27":"instock","28":"shipping-taxable","29":"product-type-simple"},"_links":{"self":[{"href":"https:\/\/www.wonzh.com\/es\/wp-json\/wp\/v2\/product\/1462","targetHints":{"allow":["GET"]}}],"collection":[{"href":"https:\/\/www.wonzh.com\/es\/wp-json\/wp\/v2\/product"}],"about":[{"href":"https:\/\/www.wonzh.com\/es\/wp-json\/wp\/v2\/types\/product"}],"replies":[{"embeddable":true,"href":"https:\/\/www.wonzh.com\/es\/wp-json\/wp\/v2\/comments?post=1462"}],"wp:featuredmedia":[{"embeddable":true,"href":"https:\/\/www.wonzh.com\/es\/wp-json\/wp\/v2\/media\/1513"}],"wp:attachment":[{"href":"https:\/\/www.wonzh.com\/es\/wp-json\/wp\/v2\/media?parent=1462"}],"wp:term":[{"taxonomy":"product_brand","embeddable":true,"href":"https:\/\/www.wonzh.com\/es\/wp-json\/wp\/v2\/product_brand?post=1462"},{"taxonomy":"product_cat","embeddable":true,"href":"https:\/\/www.wonzh.com\/es\/wp-json\/wp\/v2\/product_cat?post=1462"},{"taxonomy":"product_tag","embeddable":true,"href":"https:\/\/www.wonzh.com\/es\/wp-json\/wp\/v2\/product_tag?post=1462"}],"curies":[{"name":"wp","href":"https:\/\/api.w.org\/{rel}","templated":true}]}}