{"id":1460,"date":"2026-02-03T14:39:17","date_gmt":"2026-02-03T14:39:17","guid":{"rendered":"https:\/\/www.wonzh.com\/?post_type=product&#038;p=1460"},"modified":"2026-02-05T09:03:15","modified_gmt":"2026-02-05T09:03:15","slug":"eslinga-de-cable-para-elevacion-y-manipulacion-industrial-pesada","status":"publish","type":"product","link":"https:\/\/www.wonzh.com\/es\/product\/wire-rope-sling-for-lifting-rigging-and-heavy-duty-industrial-handling\/","title":{"rendered":"Eslingas de cable de acero para elevaci\u00f3n, aparejo y manipulaci\u00f3n industrial pesada"},"content":{"rendered":"<p data-start=\"582\" data-end=\"931\">Las eslingas de cable de acero suministradas por Wonzh son conjuntos de elevaci\u00f3n fabricados profesionalmente a partir de cable de acero de alta resistencia con terminales de terminaci\u00f3n segura. Dise\u00f1adas para una manipulaci\u00f3n segura y fiable de la carga, estas eslingas se utilizan ampliamente en gr\u00faas, polipastos, operaciones de aparejo, obras de construcci\u00f3n, miner\u00eda, puertos e instalaci\u00f3n de maquinaria pesada.<\/p>\n<p data-start=\"933\" data-end=\"1388\">Nuestras eslingas de cable met\u00e1lico se fabrican con cable de acero galvanizado o de acero inoxidable, en funci\u00f3n de la exposici\u00f3n ambiental y los requisitos de corrosi\u00f3n. Cada eslinga se monta con casquillos, guardacabos y accesorios prensados o soldados con precisi\u00f3n para garantizar la integridad estructural, la estabilidad de la carga y la durabilidad a largo plazo. Todas las eslingas se fabrican bajo estrictos procedimientos de control de calidad para cumplir las normas internacionales de seguridad en elevaci\u00f3n.<\/p>\n<p data-start=\"1390\" data-end=\"1698\">Como proveedor industrial experimentado, Wonzh proporciona eslingas de cable est\u00e1ndar y personalizadas, incluyendo diferentes configuraciones, longitudes, di\u00e1metros y terminaciones finales. Nuestro equipo t\u00e9cnico ayuda a seleccionar el tipo de eslinga, el factor de seguridad y el l\u00edmite de carga de trabajo (WLL) en funci\u00f3n de las condiciones reales de la aplicaci\u00f3n.<\/p>\n<h2 data-start=\"1705\" data-end=\"1724\"><strong data-start=\"1708\" data-end=\"1724\">Caracter\u00edsticas principales<\/strong><\/h2>\n<ul data-start=\"1726\" data-end=\"2062\">\n<li data-start=\"1726\" data-end=\"1781\">\n<p data-start=\"1728\" data-end=\"1781\">Gran capacidad de carga y excelente resistencia a la fatiga<\/p>\n<\/li>\n<li data-start=\"1782\" data-end=\"1826\">\n<p data-start=\"1784\" data-end=\"1826\">Terminales seguros para una elevaci\u00f3n segura<\/p>\n<\/li>\n<li data-start=\"1827\" data-end=\"1894\">\n<p data-start=\"1829\" data-end=\"1894\">Opciones disponibles resistentes a la corrosi\u00f3n (galvanizadas o inoxidables)<\/p>\n<\/li>\n<li data-start=\"1895\" data-end=\"1951\">\n<p data-start=\"1897\" data-end=\"1951\">Adecuado para aplicaciones de elevaci\u00f3n din\u00e1micas y est\u00e1ticas<\/p>\n<\/li>\n<li data-start=\"1952\" data-end=\"2005\">\n<p data-start=\"1954\" data-end=\"2005\">Longitudes, di\u00e1metros y accesorios a medida<\/p>\n<\/li>\n<li data-start=\"2006\" data-end=\"2062\">\n<p data-start=\"2008\" data-end=\"2062\">Cumple las principales normas internacionales de elevaci\u00f3n<\/p>\n<\/li>\n<\/ul>\n<h2 data-start=\"2069\" data-end=\"2096\"><strong data-start=\"2072\" data-end=\"2096\">Aplicaciones t\u00edpicas<\/strong><\/h2>\n<ul data-start=\"2098\" data-end=\"2359\">\n<li data-start=\"2098\" data-end=\"2127\">\n<p data-start=\"2100\" data-end=\"2127\">Elevaci\u00f3n y aparejo de gr\u00faas<\/p>\n<\/li>\n<li data-start=\"2128\" data-end=\"2159\">\n<p data-start=\"2130\" data-end=\"2159\">Terminales portuarias y mar\u00edtimas<\/p>\n<\/li>\n<li data-start=\"2160\" data-end=\"2204\">\n<p data-start=\"2162\" data-end=\"2204\">Proyectos de construcci\u00f3n e infraestructuras<\/p>\n<\/li>\n<li data-start=\"2205\" data-end=\"2234\">\n<p data-start=\"2207\" data-end=\"2234\">Miner\u00eda e industria pesada<\/p>\n<\/li>\n<li data-start=\"2235\" data-end=\"2280\">\n<p data-start=\"2237\" data-end=\"2280\">Acer\u00edas e instalaciones de fabricaci\u00f3n<\/p>\n<\/li>\n<li data-start=\"2281\" data-end=\"2315\">\n<p data-start=\"2283\" data-end=\"2315\">Operaciones mar\u00edtimas y en alta mar<\/p>\n<\/li>\n<li data-start=\"2316\" data-end=\"2359\">\n<p data-start=\"2318\" data-end=\"2359\">Centrales el\u00e9ctricas y mantenimiento industrial<\/p>\n<\/li>\n<\/ul>\n<h2 data-start=\"2366\" data-end=\"2404\"><strong data-start=\"2369\" data-end=\"2404\">Tipos de eslingas de cable de acero que suministramos<\/strong><\/h2>\n<div class=\"TyagGW_tableContainer\">\n<div class=\"group TyagGW_tableWrapper flex flex-col-reverse w-fit\" tabindex=\"-1\">\n<table class=\"w-fit min-w-(--thread-content-width)\" data-start=\"2406\" data-end=\"2847\">\n<thead data-start=\"2406\" data-end=\"2448\">\n<tr data-start=\"2406\" data-end=\"2448\">\n<th data-start=\"2406\" data-end=\"2419\" data-col-size=\"sm\">Tipo de eslinga<\/th>\n<th data-start=\"2419\" data-end=\"2433\" data-col-size=\"sm\">Descripci\u00f3n<\/th>\n<th data-start=\"2433\" data-end=\"2448\" data-col-size=\"sm\">Uso t\u00edpico<\/th>\n<\/tr>\n<\/thead>\n<tbody data-start=\"2463\" data-end=\"2847\">\n<tr data-start=\"2463\" data-end=\"2544\">\n<td data-start=\"2463\" data-end=\"2486\" data-col-size=\"sm\"><strong data-start=\"2465\" data-end=\"2485\">Arn\u00e9s de una sola pata<\/strong><\/td>\n<td data-start=\"2486\" data-end=\"2519\" data-col-size=\"sm\">Una cuerda con dos terminales<\/td>\n<td data-start=\"2519\" data-end=\"2544\" data-col-size=\"sm\">Elevaciones rectas simples<\/td>\n<\/tr>\n<tr data-start=\"2545\" data-end=\"2622\">\n<td data-start=\"2545\" data-end=\"2565\" data-col-size=\"sm\"><strong data-start=\"2547\" data-end=\"2564\">Arn\u00e9s de dos perneras<\/strong><\/td>\n<td data-start=\"2565\" data-end=\"2604\" data-col-size=\"sm\">Dos cuerdas conectadas a un eslab\u00f3n maestro<\/td>\n<td data-start=\"2604\" data-end=\"2622\" data-col-size=\"sm\">Cargas equilibradas<\/td>\n<\/tr>\n<tr data-start=\"2623\" data-end=\"2701\">\n<td data-start=\"2623\" data-end=\"2644\" data-col-size=\"sm\"><strong data-start=\"2625\" data-end=\"2643\">Arn\u00e9s de cuatro patas<\/strong><\/td>\n<td data-start=\"2644\" data-end=\"2673\" data-col-size=\"sm\">Cuatro cuerdas para cargas pesadas<\/td>\n<td data-start=\"2673\" data-end=\"2701\" data-col-size=\"sm\">Grandes cargas industriales<\/td>\n<\/tr>\n<tr data-start=\"2702\" data-end=\"2768\">\n<td data-start=\"2702\" data-end=\"2722\" data-col-size=\"sm\"><strong data-start=\"2704\" data-end=\"2721\">Eslinga sin fin<\/strong><\/td>\n<td data-start=\"2722\" data-end=\"2740\" data-col-size=\"sm\">Bucle continuo<\/td>\n<td data-start=\"2740\" data-end=\"2768\" data-col-size=\"sm\">Cargas sensibles a la abrasi\u00f3n<\/td>\n<\/tr>\n<tr data-start=\"2769\" data-end=\"2847\">\n<td data-start=\"2769\" data-end=\"2788\" data-col-size=\"sm\"><strong data-start=\"2771\" data-end=\"2787\">Cesta Sling<\/strong><\/td>\n<td data-start=\"2788\" data-end=\"2813\" data-col-size=\"sm\">La cuerda pasa bajo carga<\/td>\n<td data-start=\"2813\" data-end=\"2847\" data-col-size=\"sm\">Protecci\u00f3n y estabilidad de la superficie<\/td>\n<\/tr>\n<\/tbody>\n<\/table>\n<\/div>\n<\/div>\n<h2 data-start=\"2854\" data-end=\"2906\"><strong data-start=\"2857\" data-end=\"2904\">Par\u00e1metros t\u00e9cnicos (gama representativa)<\/strong><\/h2>\n<div class=\"TyagGW_tableContainer\">\n<div class=\"group TyagGW_tableWrapper flex flex-col-reverse w-fit\" tabindex=\"-1\">\n<table class=\"w-fit min-w-(--thread-content-width)\" data-start=\"2908\" data-end=\"3367\">\n<thead data-start=\"2908\" data-end=\"2945\">\n<tr data-start=\"2908\" data-end=\"2945\">\n<th data-start=\"2908\" data-end=\"2920\" data-col-size=\"sm\">Par\u00e1metro<\/th>\n<th data-start=\"2920\" data-end=\"2945\" data-col-size=\"sm\">Especificaci\u00f3n \/ Gama<\/th>\n<\/tr>\n<\/thead>\n<tbody data-start=\"2956\" data-end=\"3367\">\n<tr data-start=\"2956\" data-end=\"3011\">\n<td data-start=\"2956\" data-end=\"2972\" data-col-size=\"sm\">Material de base<\/td>\n<td data-start=\"2972\" data-end=\"3011\" data-col-size=\"sm\">Acero galvanizado o acero inoxidable<\/td>\n<\/tr>\n<tr data-start=\"3012\" data-end=\"3065\">\n<td data-start=\"3012\" data-end=\"3037\" data-col-size=\"sm\">Construcci\u00f3n de cables de acero<\/td>\n<td data-start=\"3037\" data-end=\"3065\" data-col-size=\"sm\">6\u00d719, 6\u00d737, 7\u00d719, 6\u00d736WS<\/td>\n<\/tr>\n<tr data-start=\"3066\" data-end=\"3118\">\n<td data-start=\"3066\" data-end=\"3083\" data-col-size=\"sm\">Di\u00e1metro<\/td>\n<td data-start=\"3083\" data-end=\"3118\" data-col-size=\"sm\">6 mm - 60 mm (a medida)<\/td>\n<\/tr>\n<tr data-start=\"3119\" data-end=\"3171\">\n<td data-start=\"3119\" data-end=\"3146\" data-col-size=\"sm\">L\u00edmite de carga de trabajo (WLL)<\/td>\n<td data-start=\"3146\" data-end=\"3171\" data-col-size=\"sm\">Depende de la aplicaci\u00f3n<\/td>\n<\/tr>\n<tr data-start=\"3172\" data-end=\"3212\">\n<td data-start=\"3172\" data-end=\"3188\" data-col-size=\"sm\">Factor de seguridad<\/td>\n<td data-start=\"3188\" data-end=\"3212\" data-col-size=\"sm\">Normalmente 5:1 o 6:1<\/td>\n<\/tr>\n<tr data-start=\"3213\" data-end=\"3272\">\n<td data-start=\"3213\" data-end=\"3228\" data-col-size=\"sm\">Terminales<\/td>\n<td data-start=\"3228\" data-end=\"3272\" data-col-size=\"sm\">Guardacabo, gancho, grillete, ojo, eslab\u00f3n maestro<\/td>\n<\/tr>\n<tr data-start=\"3273\" data-end=\"3324\">\n<td data-start=\"3273\" data-end=\"3290\" data-col-size=\"sm\">Acabado superficial<\/td>\n<td data-start=\"3290\" data-end=\"3324\" data-col-size=\"sm\">Galvanizado o inoxidable brillante<\/td>\n<\/tr>\n<tr data-start=\"3325\" data-end=\"3367\">\n<td data-start=\"3325\" data-end=\"3347\" data-col-size=\"sm\">Normas admitidas<\/td>\n<td data-start=\"3347\" data-end=\"3367\" data-col-size=\"sm\">ISO, EN, DIN, GB<\/td>\n<\/tr>\n<\/tbody>\n<\/table>\n<\/div>\n<\/div>\n<h2 data-start=\"3374\" data-end=\"3420\"><strong data-start=\"3377\" data-end=\"3420\">Gu\u00eda de selecci\u00f3n de materiales y construcci\u00f3n<\/strong><\/h2>\n<div class=\"TyagGW_tableContainer\">\n<div class=\"group TyagGW_tableWrapper flex flex-col-reverse w-fit\" tabindex=\"-1\">\n<table class=\"w-fit min-w-(--thread-content-width)\" data-start=\"3422\" data-end=\"3807\">\n<thead data-start=\"3422\" data-end=\"3462\">\n<tr data-start=\"3422\" data-end=\"3462\">\n<th data-start=\"3422\" data-end=\"3431\" data-col-size=\"sm\">Opci\u00f3n<\/th>\n<th data-start=\"3431\" data-end=\"3443\" data-col-size=\"md\">Ventaja<\/th>\n<th data-start=\"3443\" data-end=\"3462\" data-col-size=\"sm\">Recomendado para<\/th>\n<\/tr>\n<\/thead>\n<tbody data-start=\"3477\" data-end=\"3807\">\n<tr data-start=\"3477\" data-end=\"3568\">\n<td data-start=\"3477\" data-end=\"3505\" data-col-size=\"sm\"><strong data-start=\"3479\" data-end=\"3504\">Eslinga de cuerda galvanizada<\/strong><\/td>\n<td data-start=\"3505\" data-end=\"3549\" data-col-size=\"md\">Buena resistencia a la corrosi\u00f3n, rentable<\/td>\n<td data-start=\"3549\" data-end=\"3568\" data-col-size=\"sm\">Elevaci\u00f3n al aire libre<\/td>\n<\/tr>\n<tr data-start=\"3569\" data-end=\"3662\">\n<td data-start=\"3569\" data-end=\"3602\" data-col-size=\"sm\"><strong data-start=\"3571\" data-end=\"3601\">Eslinga de cuerda inoxidable (316)<\/strong><\/td>\n<td data-start=\"3602\" data-end=\"3635\" data-col-size=\"md\">Excelente resistencia a la corrosi\u00f3n<\/td>\n<td data-start=\"3635\" data-end=\"3662\" data-col-size=\"sm\">Zonas marinas y qu\u00edmicas<\/td>\n<\/tr>\n<tr data-start=\"3663\" data-end=\"3746\">\n<td data-start=\"3663\" data-end=\"3687\" data-col-size=\"sm\"><strong data-start=\"3665\" data-end=\"3686\">6\u00d719 Construcci\u00f3n<\/strong><\/td>\n<td data-start=\"3687\" data-end=\"3724\" data-col-size=\"md\">Mayor fuerza, menor flexibilidad<\/td>\n<td data-start=\"3724\" data-end=\"3746\" data-col-size=\"sm\">Elevaci\u00f3n de cargas pesadas<\/td>\n<\/tr>\n<tr data-start=\"3747\" data-end=\"3807\">\n<td data-start=\"3747\" data-end=\"3771\" data-col-size=\"sm\"><strong data-start=\"3749\" data-end=\"3770\">6\u00d737 Construcci\u00f3n<\/strong><\/td>\n<td data-start=\"3771\" data-end=\"3787\" data-col-size=\"md\">M\u00e1s flexible<\/td>\n<td data-start=\"3787\" data-end=\"3807\" data-col-size=\"sm\">Elevaci\u00f3n din\u00e1mica<\/td>\n<\/tr>\n<\/tbody>\n<\/table>\n<\/div>\n<\/div>\n<h2 data-start=\"3814\" data-end=\"3837\"><strong data-start=\"3817\" data-end=\"3837\">Por qu\u00e9 elegir Wonzh<\/strong><\/h2>\n<ul data-start=\"3839\" data-end=\"4082\">\n<li data-start=\"3839\" data-end=\"3883\">\n<p data-start=\"3841\" data-end=\"3883\">Estricto control de calidad de cada eslinga<\/p>\n<\/li>\n<li data-start=\"3884\" data-end=\"3933\">\n<p data-start=\"3886\" data-end=\"3933\">Fabricaci\u00f3n certificada y terminaciones seguras<\/p>\n<\/li>\n<li data-start=\"3934\" data-end=\"3975\">\n<p data-start=\"3936\" data-end=\"3975\">Amplia gama de tipos de cuerda y accesorios<\/p>\n<\/li>\n<li data-start=\"3976\" data-end=\"4035\">\n<p data-start=\"3978\" data-end=\"4035\">Apoyo t\u00e9cnico para la selecci\u00f3n de WLL y factores de seguridad<\/p>\n<\/li>\n<li data-start=\"4036\" data-end=\"4082\">\n<p data-start=\"4038\" data-end=\"4082\">Suministro estable y entrega mundial fiable<\/p>\n<\/li>\n<\/ul>\n<h2 data-start=\"4089\" data-end=\"4130\"><strong data-start=\"4092\" data-end=\"4128\">Preguntas m\u00e1s frecuentes (FAQ)<\/strong><\/h2>\n<h3 data-start=\"4132\" data-end=\"4181\"><strong data-start=\"4136\" data-end=\"4179\">P1: \u00bfPara qu\u00e9 se utiliza una eslinga de cable?<\/strong><\/h3>\n<p data-start=\"4182\" data-end=\"4294\">Se utiliza para elevar, aparejar y asegurar cargas pesadas en gr\u00faas, polipastos y operaciones de manipulaci\u00f3n industrial.<\/p>\n<h3 data-start=\"4296\" data-end=\"4338\"><strong data-start=\"4300\" data-end=\"4336\">P2: \u00bfQu\u00e9 arn\u00e9s debo elegir?<\/strong><\/h3>\n<ul data-start=\"4339\" data-end=\"4506\">\n<li data-start=\"4339\" data-end=\"4380\">\n<p data-start=\"4341\" data-end=\"4380\"><strong data-start=\"4341\" data-end=\"4356\">Una sola pierna:<\/strong> elevaciones rectas simples<\/p>\n<\/li>\n<li data-start=\"4381\" data-end=\"4412\">\n<p data-start=\"4383\" data-end=\"4412\"><strong data-start=\"4383\" data-end=\"4395\">Dos piernas:<\/strong> cargas equilibradas<\/p>\n<\/li>\n<li data-start=\"4413\" data-end=\"4456\">\n<p data-start=\"4415\" data-end=\"4456\"><strong data-start=\"4415\" data-end=\"4428\">Cuatro piernas:<\/strong> cargas muy pesadas o grandes<\/p>\n<\/li>\n<li data-start=\"4457\" data-end=\"4506\">\n<p data-start=\"4459\" data-end=\"4506\"><strong data-start=\"4459\" data-end=\"4471\">Interminable:<\/strong> cuando la superficie de carga necesita protecci\u00f3n<\/p>\n<\/li>\n<\/ul>\n<h3 data-start=\"4508\" data-end=\"4534\"><strong data-start=\"4512\" data-end=\"4532\">P3: \u00bfQu\u00e9 es WLL?<\/strong><\/h3>\n<p data-start=\"4535\" data-end=\"4630\">WLL (L\u00edmite de carga de trabajo) es el <strong data-start=\"4567\" data-end=\"4588\">carga m\u00e1xima de seguridad<\/strong> que una eslinga puede levantar en condiciones normales.<\/p>\n<h3 data-start=\"4632\" data-end=\"4690\"><strong data-start=\"4636\" data-end=\"4688\">P4: \u00bfLa eslinga galvanizada es adecuada para uso marino?<\/strong><\/h3>\n<p data-start=\"4691\" data-end=\"4797\">S\u00ed, pero para entornos de agua salada altamente corrosivos, <strong data-start=\"4745\" data-end=\"4780\">Eslingas de acero inoxidable AISI 316<\/strong> se recomiendan.<\/p>\n<h3 data-start=\"4799\" data-end=\"4839\"><strong data-start=\"4803\" data-end=\"4837\">P5: \u00bfFabrican arneses a medida?<\/strong><\/h3>\n<p data-start=\"4840\" data-end=\"4946\">S\u00ed. Podemos personalizar la longitud, el di\u00e1metro, la construcci\u00f3n y los accesorios finales en funci\u00f3n de sus requisitos de elevaci\u00f3n.<\/p>","protected":false},"excerpt":{"rendered":"<p>Las eslingas de cable de acero suministradas por Wonzh son conjuntos de elevaci\u00f3n fabricados profesionalmente a partir de cable de acero de alta resistencia con terminales de terminaci\u00f3n segura. Dise\u00f1adas para una manipulaci\u00f3n segura y fiable de la carga, estas eslingas se utilizan ampliamente en gr\u00faas, polipastos, operaciones de aparejo, obras de construcci\u00f3n, miner\u00eda, puertos e instalaci\u00f3n de maquinaria pesada.<\/p>","protected":false},"featured_media":1510,"comment_status":"open","ping_status":"closed","template":"","meta":{"site-sidebar-layout":"default","site-content-layout":"","ast-site-content-layout":"default","site-content-style":"default","site-sidebar-style":"default","ast-global-header-display":"","ast-banner-title-visibility":"","ast-main-header-display":"","ast-hfb-above-header-display":"","ast-hfb-below-header-display":"","ast-hfb-mobile-header-display":"","site-post-title":"","ast-breadcrumbs-content":"","ast-featured-img":"","footer-sml-layout":"","ast-disable-related-posts":"","theme-transparent-header-meta":"default","adv-header-id-meta":"","stick-header-meta":"default","header-above-stick-meta":"","header-main-stick-meta":"","header-below-stick-meta":"","astra-migrate-meta-layouts":"set","ast-page-background-enabled":"default","ast-page-background-meta":{"desktop":{"background-color":"","background-image":"","background-repeat":"repeat","background-position":"center center","background-size":"auto","background-attachment":"scroll","background-type":"","background-media":"","overlay-type":"","overlay-color":"","overlay-opacity":"","overlay-gradient":""},"tablet":{"background-color":"","background-image":"","background-repeat":"repeat","background-position":"center center","background-size":"auto","background-attachment":"scroll","background-type":"","background-media":"","overlay-type":"","overlay-color":"","overlay-opacity":"","overlay-gradient":""},"mobile":{"background-color":"","background-image":"","background-repeat":"repeat","background-position":"center center","background-size":"auto","background-attachment":"scroll","background-type":"","background-media":"","overlay-type":"","overlay-color":"","overlay-opacity":"","overlay-gradient":""}},"ast-content-background-meta":{"desktop":{"background-color":"var(--ast-global-color-5)","background-image":"","background-repeat":"repeat","background-position":"center center","background-size":"auto","background-attachment":"scroll","background-type":"","background-media":"","overlay-type":"","overlay-color":"","overlay-opacity":"","overlay-gradient":""},"tablet":{"background-color":"var(--ast-global-color-5)","background-image":"","background-repeat":"repeat","background-position":"center center","background-size":"auto","background-attachment":"scroll","background-type":"","background-media":"","overlay-type":"","overlay-color":"","overlay-opacity":"","overlay-gradient":""},"mobile":{"background-color":"var(--ast-global-color-5)","background-image":"","background-repeat":"repeat","background-position":"center center","background-size":"auto","background-attachment":"scroll","background-type":"","background-media":"","overlay-type":"","overlay-color":"","overlay-opacity":"","overlay-gradient":""}}},"product_brand":[],"product_cat":[22],"product_tag":[274,275,283,270,281,278,277,272,279,280,282,269,271,273,276,268],"class_list":{"0":"post-1460","1":"product","2":"type-product","3":"status-publish","4":"has-post-thumbnail","6":"product_cat-wire-rope-lifting-accessories","7":"product_tag-6x19-sling","8":"product_tag-6x37-sling","9":"product_tag-china-sling-manufacturer","10":"product_tag-crane-sling","11":"product_tag-din-sling","12":"product_tag-endless-sling","13":"product_tag-four-leg-sling","14":"product_tag-galvanized-sling","15":"product_tag-hoisting-sling","16":"product_tag-industrial-lifting","17":"product_tag-iso-wire-rope-sling","18":"product_tag-lifting-sling","19":"product_tag-rigging-sling","20":"product_tag-stainless-steel-sling","21":"product_tag-two-leg-sling","22":"product_tag-wire-rope-sling","23":"desktop-align-left","24":"tablet-align-left","25":"mobile-align-left","27":"first","28":"instock","29":"shipping-taxable","30":"product-type-simple"},"_links":{"self":[{"href":"https:\/\/www.wonzh.com\/es\/wp-json\/wp\/v2\/product\/1460","targetHints":{"allow":["GET"]}}],"collection":[{"href":"https:\/\/www.wonzh.com\/es\/wp-json\/wp\/v2\/product"}],"about":[{"href":"https:\/\/www.wonzh.com\/es\/wp-json\/wp\/v2\/types\/product"}],"replies":[{"embeddable":true,"href":"https:\/\/www.wonzh.com\/es\/wp-json\/wp\/v2\/comments?post=1460"}],"wp:featuredmedia":[{"embeddable":true,"href":"https:\/\/www.wonzh.com\/es\/wp-json\/wp\/v2\/media\/1510"}],"wp:attachment":[{"href":"https:\/\/www.wonzh.com\/es\/wp-json\/wp\/v2\/media?parent=1460"}],"wp:term":[{"taxonomy":"product_brand","embeddable":true,"href":"https:\/\/www.wonzh.com\/es\/wp-json\/wp\/v2\/product_brand?post=1460"},{"taxonomy":"product_cat","embeddable":true,"href":"https:\/\/www.wonzh.com\/es\/wp-json\/wp\/v2\/product_cat?post=1460"},{"taxonomy":"product_tag","embeddable":true,"href":"https:\/\/www.wonzh.com\/es\/wp-json\/wp\/v2\/product_tag?post=1460"}],"curies":[{"name":"wp","href":"https:\/\/api.w.org\/{rel}","templated":true}]}}