{"id":1453,"date":"2026-02-03T14:33:24","date_gmt":"2026-02-03T14:33:24","guid":{"rendered":"https:\/\/www.wonzh.com\/?post_type=product&#038;p=1453"},"modified":"2026-02-05T05:14:12","modified_gmt":"2026-02-05T05:14:12","slug":"cable-de-acero-inoxidable-para-entornos-marinos-quimicos-y-de-alta-corrosion","status":"publish","type":"product","link":"https:\/\/www.wonzh.com\/es\/product\/stainless-steel-wire-rope-for-marine-chemical-and-high-corrosion-environments\/","title":{"rendered":"Cables de acero inoxidable para entornos marinos, qu\u00edmicos y de alta corrosi\u00f3n"},"content":{"rendered":"<p data-start=\"564\" data-end=\"1044\">El cable de acero inoxidable suministrado por Wonzh se fabrica a partir de grados de acero inoxidable austen\u00edtico de alta calidad, como AISI 304 y AISI 316, que ofrecen una excelente resistencia a la corrosi\u00f3n, resistencia mec\u00e1nica y rendimiento a la fatiga en entornos dif\u00edciles. A diferencia del cable galvanizado, el cable de acero inoxidable ofrece una resistencia inherente a la oxidaci\u00f3n sin necesidad de revestimientos adicionales, por lo que es ideal para aplicaciones marinas, qu\u00edmicas, de procesamiento de alimentos y estructurales al aire libre.<\/p>\n<p data-start=\"1046\" data-end=\"1363\">Producidos bajo estrictas normas de control de calidad, los cables de acero inoxidable Wonzh garantizan una resistencia a la tracci\u00f3n, una flexibilidad y una resistencia al desgaste constantes. La avanzada tecnolog\u00eda de trenzado minimiza la fricci\u00f3n interna entre los alambres, mejorando la estabilidad operativa y prolongando la vida \u00fatil en condiciones de carga din\u00e1mica.<\/p>\n<p data-start=\"1365\" data-end=\"1730\">Como proveedor experimentado de componentes industriales, Wonzh proporciona construcciones est\u00e1ndar, as\u00ed como soluciones personalizadas de cables de acero inoxidable adaptadas a los requisitos de carga, exposici\u00f3n medioambiental y necesidades de rendimiento mec\u00e1nico. Nuestro equipo t\u00e9cnico ayuda a seleccionar el di\u00e1metro, el tipo de construcci\u00f3n y la configuraci\u00f3n del n\u00facleo en funci\u00f3n de las condiciones reales de la aplicaci\u00f3n.<\/p>\n<h2 data-start=\"1737\" data-end=\"1756\"><strong data-start=\"1740\" data-end=\"1756\">Caracter\u00edsticas principales<\/strong><\/h2>\n<ul data-start=\"1758\" data-end=\"2067\">\n<li data-start=\"1758\" data-end=\"1801\">\n<p data-start=\"1760\" data-end=\"1801\">Excelente resistencia a la corrosi\u00f3n y al \u00f3xido<\/p>\n<\/li>\n<li data-start=\"1802\" data-end=\"1854\">\n<p data-start=\"1804\" data-end=\"1854\">Alta resistencia a la tracci\u00f3n y capacidad de carga fiable<\/p>\n<\/li>\n<li data-start=\"1855\" data-end=\"1911\">\n<p data-start=\"1857\" data-end=\"1911\">Resistencia superior a la fatiga para aplicaciones din\u00e1micas<\/p>\n<\/li>\n<li data-start=\"1912\" data-end=\"1971\">\n<p data-start=\"1914\" data-end=\"1971\">Apto para entornos marinos, qu\u00edmicos y exteriores<\/p>\n<\/li>\n<li data-start=\"1972\" data-end=\"2027\">\n<p data-start=\"1974\" data-end=\"2027\">Larga vida \u00fatil con escaso mantenimiento<\/p>\n<\/li>\n<li data-start=\"2028\" data-end=\"2067\">\n<p data-start=\"2030\" data-end=\"2067\">Tama\u00f1os est\u00e1ndar y personalizados disponibles<\/p>\n<\/li>\n<\/ul>\n<h2 data-start=\"2074\" data-end=\"2101\"><strong data-start=\"2077\" data-end=\"2101\">Aplicaciones t\u00edpicas<\/strong><\/h2>\n<ul data-start=\"2103\" data-end=\"2399\">\n<li data-start=\"2103\" data-end=\"2136\">\n<p data-start=\"2105\" data-end=\"2136\">Equipos marinos y de alta mar<\/p>\n<\/li>\n<li data-start=\"2137\" data-end=\"2171\">\n<p data-start=\"2139\" data-end=\"2171\">Jarcias y herrajes de cubierta<\/p>\n<\/li>\n<li data-start=\"2172\" data-end=\"2202\">\n<p data-start=\"2174\" data-end=\"2202\">Plantas de transformaci\u00f3n qu\u00edmica<\/p>\n<\/li>\n<li data-start=\"2203\" data-end=\"2234\">\n<p data-start=\"2205\" data-end=\"2234\">Maquinaria para alimentaci\u00f3n y bebidas<\/p>\n<\/li>\n<li data-start=\"2235\" data-end=\"2275\">\n<p data-start=\"2237\" data-end=\"2275\">Cables arquitect\u00f3nicos y balaustradas<\/p>\n<\/li>\n<li data-start=\"2276\" data-end=\"2317\">\n<p data-start=\"2278\" data-end=\"2317\">Gr\u00faas, cabrestantes y sistemas de elevaci\u00f3n<\/p>\n<\/li>\n<li data-start=\"2318\" data-end=\"2363\">\n<p data-start=\"2320\" data-end=\"2363\">Estructuras de suspensi\u00f3n y tensi\u00f3n para exteriores<\/p>\n<\/li>\n<li data-start=\"2364\" data-end=\"2399\">\n<p data-start=\"2366\" data-end=\"2399\">Equipos m\u00e9dicos y de precisi\u00f3n<\/p>\n<\/li>\n<\/ul>\n<h2 data-start=\"2406\" data-end=\"2458\"><strong data-start=\"2409\" data-end=\"2456\">Par\u00e1metros t\u00e9cnicos (gama representativa)<\/strong><\/h2>\n<div class=\"TyagGW_tableContainer\">\n<div class=\"group TyagGW_tableWrapper flex flex-col-reverse w-fit\" tabindex=\"-1\">\n<table class=\"w-fit min-w-(--thread-content-width)\" data-start=\"2460\" data-end=\"2892\">\n<thead data-start=\"2460\" data-end=\"2497\">\n<tr data-start=\"2460\" data-end=\"2497\">\n<th data-start=\"2460\" data-end=\"2472\" data-col-size=\"sm\">Par\u00e1metro<\/th>\n<th data-start=\"2472\" data-end=\"2497\" data-col-size=\"sm\">Especificaci\u00f3n \/ Gama<\/th>\n<\/tr>\n<\/thead>\n<tbody data-start=\"2508\" data-end=\"2892\">\n<tr data-start=\"2508\" data-end=\"2552\">\n<td data-start=\"2508\" data-end=\"2523\" data-col-size=\"sm\">Tipo de producto<\/td>\n<td data-start=\"2523\" data-end=\"2552\" data-col-size=\"sm\">Cables de acero inoxidable<\/td>\n<\/tr>\n<tr data-start=\"2553\" data-end=\"2603\">\n<td data-start=\"2553\" data-end=\"2570\" data-col-size=\"sm\">Calidad del material<\/td>\n<td data-start=\"2570\" data-end=\"2603\" data-col-size=\"sm\">AISI 304, AISI 316, AISI 316L<\/td>\n<\/tr>\n<tr data-start=\"2604\" data-end=\"2660\">\n<td data-start=\"2604\" data-end=\"2629\" data-col-size=\"sm\">Construcci\u00f3n de cables de acero<\/td>\n<td data-start=\"2629\" data-end=\"2660\" data-col-size=\"sm\">7\u00d77, 7\u00d719, 1\u00d719, 6\u00d719, 6\u00d737<\/td>\n<\/tr>\n<tr data-start=\"2661\" data-end=\"2713\">\n<td data-start=\"2661\" data-end=\"2673\" data-col-size=\"sm\">Tipo de n\u00facleo<\/td>\n<td data-start=\"2673\" data-end=\"2713\" data-col-size=\"sm\">FC (n\u00facleo de fibra) o IWRC (n\u00facleo de acero)<\/td>\n<\/tr>\n<tr data-start=\"2714\" data-end=\"2766\">\n<td data-start=\"2714\" data-end=\"2731\" data-col-size=\"sm\">Di\u00e1metro<\/td>\n<td data-start=\"2731\" data-end=\"2766\" data-col-size=\"sm\">1 mm - 40 mm (a medida)<\/td>\n<\/tr>\n<tr data-start=\"2767\" data-end=\"2805\">\n<td data-start=\"2767\" data-end=\"2786\" data-col-size=\"sm\">Resistencia a la tracci\u00f3n<\/td>\n<td data-start=\"2786\" data-end=\"2805\" data-col-size=\"sm\">1570 - 1960 MPa<\/td>\n<\/tr>\n<tr data-start=\"2806\" data-end=\"2849\">\n<td data-start=\"2806\" data-end=\"2823\" data-col-size=\"sm\">Acabado superficial<\/td>\n<td data-start=\"2823\" data-end=\"2849\" data-col-size=\"sm\">Acero inoxidable brillante<\/td>\n<\/tr>\n<tr data-start=\"2850\" data-end=\"2892\">\n<td data-start=\"2850\" data-end=\"2872\" data-col-size=\"sm\">Normas admitidas<\/td>\n<td data-start=\"2872\" data-end=\"2892\" data-col-size=\"sm\">ISO, DIN, EN, GB<\/td>\n<\/tr>\n<\/tbody>\n<\/table>\n<\/div>\n<\/div>\n<h2 data-start=\"2899\" data-end=\"2936\"><strong data-start=\"2902\" data-end=\"2936\">Construcciones comunes de cables de acero<\/strong><\/h2>\n<div class=\"TyagGW_tableContainer\">\n<div class=\"group TyagGW_tableWrapper flex flex-col-reverse w-fit\" tabindex=\"-1\">\n<table class=\"w-fit min-w-(--thread-content-width)\" data-start=\"2938\" data-end=\"3228\">\n<thead data-start=\"2938\" data-end=\"2982\">\n<tr data-start=\"2938\" data-end=\"2982\">\n<th data-start=\"2938\" data-end=\"2953\" data-col-size=\"sm\">Construcci\u00f3n<\/th>\n<th data-start=\"2953\" data-end=\"2967\" data-col-size=\"sm\">Flexibilidad<\/th>\n<th data-start=\"2967\" data-end=\"2982\" data-col-size=\"sm\">Uso t\u00edpico<\/th>\n<\/tr>\n<\/thead>\n<tbody data-start=\"2997\" data-end=\"3228\">\n<tr data-start=\"2997\" data-end=\"3054\">\n<td data-start=\"2997\" data-end=\"3008\" data-col-size=\"sm\"><strong data-start=\"2999\" data-end=\"3007\">1\u00d719<\/strong><\/td>\n<td data-start=\"3008\" data-end=\"3014\" data-col-size=\"sm\">Bajo<\/td>\n<td data-start=\"3014\" data-end=\"3054\" data-col-size=\"sm\">Cables de arquitectura, tensi\u00f3n est\u00e1tica<\/td>\n<\/tr>\n<tr data-start=\"3055\" data-end=\"3107\">\n<td data-start=\"3055\" data-end=\"3065\" data-col-size=\"sm\"><strong data-start=\"3057\" data-end=\"3064\">7\u00d77<\/strong><\/td>\n<td data-start=\"3065\" data-end=\"3074\" data-col-size=\"sm\">Medio<\/td>\n<td data-start=\"3074\" data-end=\"3107\" data-col-size=\"sm\">Elevaci\u00f3n ligera, cables de control<\/td>\n<\/tr>\n<tr data-start=\"3108\" data-end=\"3162\">\n<td data-start=\"3108\" data-end=\"3119\" data-col-size=\"sm\"><strong data-start=\"3110\" data-end=\"3118\">7\u00d719<\/strong><\/td>\n<td data-start=\"3119\" data-end=\"3126\" data-col-size=\"sm\">Alta<\/td>\n<td data-start=\"3126\" data-end=\"3162\" data-col-size=\"sm\">Aparejos marinos, poleas, cabrestantes<\/td>\n<\/tr>\n<tr data-start=\"3163\" data-end=\"3228\">\n<td data-start=\"3163\" data-end=\"3181\" data-col-size=\"sm\"><strong data-start=\"3165\" data-end=\"3180\">6\u00d719 \/ 6\u00d737<\/strong><\/td>\n<td data-start=\"3181\" data-end=\"3195\" data-col-size=\"sm\">Medio-Alto<\/td>\n<td data-start=\"3195\" data-end=\"3228\" data-col-size=\"sm\">Elevaci\u00f3n industrial y gr\u00faas<\/td>\n<\/tr>\n<\/tbody>\n<\/table>\n<\/div>\n<\/div>\n<h2 data-start=\"3235\" data-end=\"3266\"><strong data-start=\"3238\" data-end=\"3266\">Gu\u00eda de selecci\u00f3n de materiales<\/strong><\/h2>\n<div class=\"TyagGW_tableContainer\">\n<div class=\"group TyagGW_tableWrapper flex flex-col-reverse w-fit\" tabindex=\"-1\">\n<table class=\"w-fit min-w-(--thread-content-width)\" data-start=\"3268\" data-end=\"3541\">\n<thead data-start=\"3268\" data-end=\"3318\">\n<tr data-start=\"3268\" data-end=\"3318\">\n<th data-start=\"3268\" data-end=\"3276\" data-col-size=\"sm\">Grado<\/th>\n<th data-start=\"3276\" data-end=\"3299\" data-col-size=\"sm\">Resistencia a la corrosi\u00f3n<\/th>\n<th data-start=\"3299\" data-end=\"3318\" data-col-size=\"sm\">Uso recomendado<\/th>\n<\/tr>\n<\/thead>\n<tbody data-start=\"3333\" data-end=\"3541\">\n<tr data-start=\"3333\" data-end=\"3393\">\n<td data-start=\"3333\" data-end=\"3348\" data-col-size=\"sm\"><strong data-start=\"3335\" data-end=\"3347\">AISI 304<\/strong><\/td>\n<td data-start=\"3348\" data-end=\"3355\" data-col-size=\"sm\">Bien<\/td>\n<td data-start=\"3355\" data-end=\"3393\" data-col-size=\"sm\">Uso general en exteriores e industrial<\/td>\n<\/tr>\n<tr data-start=\"3394\" data-end=\"3457\">\n<td data-start=\"3394\" data-end=\"3409\" data-col-size=\"sm\"><strong data-start=\"3396\" data-end=\"3408\">AISI 316<\/strong><\/td>\n<td data-start=\"3409\" data-end=\"3421\" data-col-size=\"sm\">Excelente<\/td>\n<td data-start=\"3421\" data-end=\"3457\" data-col-size=\"sm\">Entornos marinos y qu\u00edmicos<\/td>\n<\/tr>\n<tr data-start=\"3458\" data-end=\"3541\">\n<td data-start=\"3458\" data-end=\"3474\" data-col-size=\"sm\"><strong data-start=\"3460\" data-end=\"3473\">AISI 316L<\/strong><\/td>\n<td data-start=\"3474\" data-end=\"3500\" data-col-size=\"sm\">Excelente + soldabilidad<\/td>\n<td data-start=\"3500\" data-end=\"3541\" data-col-size=\"sm\">Uso alimentario, m\u00e9dico y de alta corrosi\u00f3n<\/td>\n<\/tr>\n<\/tbody>\n<\/table>\n<\/div>\n<\/div>\n<h2 data-start=\"3548\" data-end=\"3571\"><strong data-start=\"3551\" data-end=\"3571\">Por qu\u00e9 elegir Wonzh<\/strong><\/h2>\n<ul data-start=\"3573\" data-end=\"3875\">\n<li data-start=\"3573\" data-end=\"3636\">\n<p data-start=\"3575\" data-end=\"3636\">Estricto control de calidad desde el trefilado hasta el trenzado final<\/p>\n<\/li>\n<li data-start=\"3637\" data-end=\"3695\">\n<p data-start=\"3639\" data-end=\"3695\">Amplia gama de calidades y construcciones de acero inoxidable<\/p>\n<\/li>\n<li data-start=\"3696\" data-end=\"3751\">\n<p data-start=\"3698\" data-end=\"3751\">Rendimiento mec\u00e1nico estable en entornos dif\u00edciles<\/p>\n<\/li>\n<li data-start=\"3752\" data-end=\"3819\">\n<p data-start=\"3754\" data-end=\"3819\">Asistencia t\u00e9cnica para la selecci\u00f3n de cables y el dise\u00f1o de factores de seguridad<\/p>\n<\/li>\n<li data-start=\"3820\" data-end=\"3875\">\n<p data-start=\"3822\" data-end=\"3875\">Suministro mundial fiable y capacidad de entrega r\u00e1pida<\/p>\n<\/li>\n<\/ul>\n<h2 data-start=\"3882\" data-end=\"3923\"><strong data-start=\"3885\" data-end=\"3921\">Preguntas m\u00e1s frecuentes (FAQ)<\/strong><\/h2>\n<h3 data-start=\"3925\" data-end=\"3982\"><strong data-start=\"3929\" data-end=\"3980\">P1: \u00bfPara qu\u00e9 se utiliza el cable de acero inoxidable?<\/strong><\/h3>\n<p data-start=\"3983\" data-end=\"4114\">Se utiliza ampliamente en aparejos marinos, plantas qu\u00edmicas, arquitectura, gr\u00faas, equipos de procesamiento de alimentos y sistemas de tensi\u00f3n en exteriores.<\/p>\n<h3 data-start=\"4116\" data-end=\"4199\"><strong data-start=\"4120\" data-end=\"4197\">P2: \u00bfCu\u00e1l es la diferencia entre los cables de acero inoxidable 304 y 316?<\/strong><\/h3>\n<ul data-start=\"4200\" data-end=\"4358\">\n<li data-start=\"4200\" data-end=\"4273\">\n<p data-start=\"4202\" data-end=\"4273\"><strong data-start=\"4202\" data-end=\"4210\">304:<\/strong> Buena resistencia a la corrosi\u00f3n, adecuada para uso general en exteriores.<\/p>\n<\/li>\n<li data-start=\"4274\" data-end=\"4358\">\n<p data-start=\"4276\" data-end=\"4358\"><strong data-start=\"4276\" data-end=\"4284\">316:<\/strong> resistencia superior a la corrosi\u00f3n, lo mejor para entornos marinos y qu\u00edmicos.<\/p>\n<\/li>\n<\/ul>\n<h3 data-start=\"4360\" data-end=\"4409\"><strong data-start=\"4364\" data-end=\"4407\">P3: \u00bfQu\u00e9 construcci\u00f3n debo elegir?<\/strong><\/h3>\n<ul data-start=\"4410\" data-end=\"4522\">\n<li data-start=\"4410\" data-end=\"4446\">\n<p data-start=\"4412\" data-end=\"4446\">Para estructuras est\u00e1ticas \u2192 <strong data-start=\"4436\" data-end=\"4444\">1\u00d719<\/strong><\/p>\n<\/li>\n<li data-start=\"4447\" data-end=\"4483\">\n<p data-start=\"4449\" data-end=\"4483\">Para movimiento flexible \u2192 <strong data-start=\"4473\" data-end=\"4481\">7\u00d719<\/strong><\/p>\n<\/li>\n<li data-start=\"4484\" data-end=\"4522\">\n<p data-start=\"4486\" data-end=\"4522\">Para cargas pesadas \u2192 <strong data-start=\"4506\" data-end=\"4522\">6\u00d719 o 6\u00d737<\/strong><\/p>\n<\/li>\n<\/ul>\n<h3 data-start=\"4524\" data-end=\"4589\"><strong data-start=\"4528\" data-end=\"4587\">P4: \u00bfSe puede utilizar cable de acero inoxidable en agua salada?<\/strong><\/h3>\n<p data-start=\"4590\" data-end=\"4686\">S\u00ed. <strong data-start=\"4595\" data-end=\"4607\">AISI 316<\/strong> El acero inoxidable es muy recomendable para aplicaciones en agua salada y en alta mar.<\/p>\n<h3 data-start=\"4688\" data-end=\"4732\"><strong data-start=\"4692\" data-end=\"4730\">P5: \u00bfOfrecen di\u00e1metros personalizados?<\/strong><\/h3>\n<p data-start=\"4733\" data-end=\"4824\">S\u00ed. Podemos fabricar di\u00e1metros, construcciones y grados personalizados en funci\u00f3n de sus necesidades.<\/p>","protected":false},"excerpt":{"rendered":"<p>Los cables de acero inoxidable suministrados por Wonzh se fabrican a partir de calidades de acero inoxidable austen\u00edtico de alta calidad, como AISI 304 y AISI 316, que ofrecen una excelente resistencia a la corrosi\u00f3n, resistencia mec\u00e1nica y comportamiento a la fatiga en entornos dif\u00edciles.<\/p>","protected":false},"featured_media":1506,"comment_status":"open","ping_status":"closed","template":"","meta":{"site-sidebar-layout":"default","site-content-layout":"","ast-site-content-layout":"default","site-content-style":"default","site-sidebar-style":"default","ast-global-header-display":"","ast-banner-title-visibility":"","ast-main-header-display":"","ast-hfb-above-header-display":"","ast-hfb-below-header-display":"","ast-hfb-mobile-header-display":"","site-post-title":"","ast-breadcrumbs-content":"","ast-featured-img":"","footer-sml-layout":"","ast-disable-related-posts":"","theme-transparent-header-meta":"default","adv-header-id-meta":"","stick-header-meta":"default","header-above-stick-meta":"","header-main-stick-meta":"","header-below-stick-meta":"","astra-migrate-meta-layouts":"set","ast-page-background-enabled":"default","ast-page-background-meta":{"desktop":{"background-color":"","background-image":"","background-repeat":"repeat","background-position":"center center","background-size":"auto","background-attachment":"scroll","background-type":"","background-media":"","overlay-type":"","overlay-color":"","overlay-opacity":"","overlay-gradient":""},"tablet":{"background-color":"","background-image":"","background-repeat":"repeat","background-position":"center center","background-size":"auto","background-attachment":"scroll","background-type":"","background-media":"","overlay-type":"","overlay-color":"","overlay-opacity":"","overlay-gradient":""},"mobile":{"background-color":"","background-image":"","background-repeat":"repeat","background-position":"center center","background-size":"auto","background-attachment":"scroll","background-type":"","background-media":"","overlay-type":"","overlay-color":"","overlay-opacity":"","overlay-gradient":""}},"ast-content-background-meta":{"desktop":{"background-color":"var(--ast-global-color-5)","background-image":"","background-repeat":"repeat","background-position":"center center","background-size":"auto","background-attachment":"scroll","background-type":"","background-media":"","overlay-type":"","overlay-color":"","overlay-opacity":"","overlay-gradient":""},"tablet":{"background-color":"var(--ast-global-color-5)","background-image":"","background-repeat":"repeat","background-position":"center center","background-size":"auto","background-attachment":"scroll","background-type":"","background-media":"","overlay-type":"","overlay-color":"","overlay-opacity":"","overlay-gradient":""},"mobile":{"background-color":"var(--ast-global-color-5)","background-image":"","background-repeat":"repeat","background-position":"center center","background-size":"auto","background-attachment":"scroll","background-type":"","background-media":"","overlay-type":"","overlay-color":"","overlay-opacity":"","overlay-gradient":""}}},"product_brand":[],"product_cat":[22],"product_tag":[263,262,115,116,265,266,261,257,267,254,260,264,118,113],"class_list":{"0":"post-1453","1":"product","2":"type-product","3":"status-publish","4":"has-post-thumbnail","6":"product_cat-wire-rope-lifting-accessories","7":"product_tag-1x19-stainless-cable","8":"product_tag-7x19-stainless-rope","9":"product_tag-aisi-304-wire-rope","10":"product_tag-aisi-316-wire-rope","11":"product_tag-architectural-cable","12":"product_tag-chemical-industry-rope","13":"product_tag-china-wire-rope-manufacturer","14":"product_tag-corrosion-resistant-rope","15":"product_tag-din-stainless-wire-rope","16":"product_tag-hoisting-cable","17":"product_tag-iso-wire-rope","18":"product_tag-iwrc-stainless-rope","19":"product_tag-marine-wire-rope","20":"product_tag-stainless-steel-wire-rope","21":"desktop-align-left","22":"tablet-align-left","23":"mobile-align-left","25":"first","26":"instock","27":"shipping-taxable","28":"product-type-simple"},"_links":{"self":[{"href":"https:\/\/www.wonzh.com\/es\/wp-json\/wp\/v2\/product\/1453","targetHints":{"allow":["GET"]}}],"collection":[{"href":"https:\/\/www.wonzh.com\/es\/wp-json\/wp\/v2\/product"}],"about":[{"href":"https:\/\/www.wonzh.com\/es\/wp-json\/wp\/v2\/types\/product"}],"replies":[{"embeddable":true,"href":"https:\/\/www.wonzh.com\/es\/wp-json\/wp\/v2\/comments?post=1453"}],"wp:featuredmedia":[{"embeddable":true,"href":"https:\/\/www.wonzh.com\/es\/wp-json\/wp\/v2\/media\/1506"}],"wp:attachment":[{"href":"https:\/\/www.wonzh.com\/es\/wp-json\/wp\/v2\/media?parent=1453"}],"wp:term":[{"taxonomy":"product_brand","embeddable":true,"href":"https:\/\/www.wonzh.com\/es\/wp-json\/wp\/v2\/product_brand?post=1453"},{"taxonomy":"product_cat","embeddable":true,"href":"https:\/\/www.wonzh.com\/es\/wp-json\/wp\/v2\/product_cat?post=1453"},{"taxonomy":"product_tag","embeddable":true,"href":"https:\/\/www.wonzh.com\/es\/wp-json\/wp\/v2\/product_tag?post=1453"}],"curies":[{"name":"wp","href":"https:\/\/api.w.org\/{rel}","templated":true}]}}