{"id":1450,"date":"2026-02-03T14:29:35","date_gmt":"2026-02-03T14:29:35","guid":{"rendered":"https:\/\/www.wonzh.com\/?post_type=product&#038;p=1450"},"modified":"2026-02-05T05:02:29","modified_gmt":"2026-02-05T05:02:29","slug":"galvanized-steel-wire-rope-for-lifting-hoisting-and-industrial-applications","status":"publish","type":"product","link":"https:\/\/www.wonzh.com\/es\/product\/galvanized-steel-wire-rope-for-lifting-hoisting-and-industrial-applications\/","title":{"rendered":"Cables de acero galvanizado para elevaci\u00f3n y aplicaciones industriales"},"content":{"rendered":"<p data-start=\"583\" data-end=\"958\">Los cables de acero galvanizado suministrados por Wonzh est\u00e1n fabricados con alambres de acero al carbono de alta calidad galvanizados en caliente o electrol\u00edticamente para mejorar la resistencia a la corrosi\u00f3n y la vida \u00fatil. El revestimiento de zinc proporciona una protecci\u00f3n eficaz contra la humedad, los productos qu\u00edmicos y los entornos exteriores hostiles, por lo que es ideal para aplicaciones de elevaci\u00f3n, izado, aparejo y estructurales.<\/p>\n<p data-start=\"960\" data-end=\"1274\">Nuestros cables galvanizados se fabrican bajo estrictas normas de control de calidad, lo que garantiza una resistencia a la tracci\u00f3n, flexibilidad y resistencia a la fatiga constantes. La tecnolog\u00eda de trenzado de precisi\u00f3n minimiza la fricci\u00f3n interna entre los alambres, mejorando la estabilidad de carga y la seguridad operativa en condiciones de trabajo din\u00e1micas.<\/p>\n<p data-start=\"1276\" data-end=\"1621\">Como proveedor experimentado de componentes industriales, Wonzh ofrece construcciones est\u00e1ndar, as\u00ed como soluciones personalizadas de cable met\u00e1lico adaptadas a los requisitos de carga, las condiciones de abrasi\u00f3n y la exposici\u00f3n medioambiental. Nuestro equipo t\u00e9cnico ayuda a seleccionar el di\u00e1metro, el tipo de n\u00facleo, el patr\u00f3n de construcci\u00f3n y el acabado superficial en funci\u00f3n de las necesidades reales de la aplicaci\u00f3n.<\/p>\n<h2 data-start=\"1628\" data-end=\"1647\"><strong data-start=\"1631\" data-end=\"1647\">Caracter\u00edsticas principales<\/strong><\/h2>\n<ul data-start=\"1649\" data-end=\"1979\">\n<li data-start=\"1649\" data-end=\"1709\">\n<p data-start=\"1651\" data-end=\"1709\">Excelente resistencia a la corrosi\u00f3n gracias al revestimiento galvanizado<\/p>\n<\/li>\n<li data-start=\"1710\" data-end=\"1770\">\n<p data-start=\"1712\" data-end=\"1770\">Alta resistencia a la tracci\u00f3n y capacidad de carga fiable<\/p>\n<\/li>\n<li data-start=\"1771\" data-end=\"1814\">\n<p data-start=\"1773\" data-end=\"1814\">Buena flexibilidad y resistencia a la fatiga<\/p>\n<\/li>\n<li data-start=\"1815\" data-end=\"1871\">\n<p data-start=\"1817\" data-end=\"1871\">Larga vida \u00fatil en entornos exteriores y marinos<\/p>\n<\/li>\n<li data-start=\"1872\" data-end=\"1939\">\n<p data-start=\"1874\" data-end=\"1939\">Adecuado para aplicaciones estructurales est\u00e1ticas y de elevaci\u00f3n din\u00e1mica<\/p>\n<\/li>\n<li data-start=\"1940\" data-end=\"1979\">\n<p data-start=\"1942\" data-end=\"1979\">Tama\u00f1os est\u00e1ndar y personalizados disponibles<\/p>\n<\/li>\n<\/ul>\n<h2 data-start=\"1986\" data-end=\"2013\"><strong data-start=\"1989\" data-end=\"2013\">Aplicaciones t\u00edpicas<\/strong><\/h2>\n<ul data-start=\"2015\" data-end=\"2270\">\n<li data-start=\"2015\" data-end=\"2048\">\n<p data-start=\"2017\" data-end=\"2048\">Gr\u00faas y equipos de elevaci\u00f3n<\/p>\n<\/li>\n<li data-start=\"2049\" data-end=\"2074\">\n<p data-start=\"2051\" data-end=\"2074\">Ascensores y cabrestantes<\/p>\n<\/li>\n<li data-start=\"2075\" data-end=\"2112\">\n<p data-start=\"2077\" data-end=\"2112\">Maquinaria de miner\u00eda y construcci\u00f3n<\/p>\n<\/li>\n<li data-start=\"2113\" data-end=\"2147\">\n<p data-start=\"2115\" data-end=\"2147\">Operaciones mar\u00edtimas y en alta mar<\/p>\n<\/li>\n<li data-start=\"2148\" data-end=\"2188\">\n<p data-start=\"2150\" data-end=\"2188\">Puentes colgantes y sistemas de cables<\/p>\n<\/li>\n<li data-start=\"2189\" data-end=\"2230\">\n<p data-start=\"2191\" data-end=\"2230\">Aparejos industriales y eslingas de elevaci\u00f3n<\/p>\n<\/li>\n<li data-start=\"2231\" data-end=\"2270\">\n<p data-start=\"2233\" data-end=\"2270\">Maquinaria agr\u00edcola y forestal<\/p>\n<\/li>\n<\/ul>\n<h2 data-start=\"2277\" data-end=\"2329\"><strong data-start=\"2280\" data-end=\"2327\">Par\u00e1metros t\u00e9cnicos (gama representativa)<\/strong><\/h2>\n<div class=\"TyagGW_tableContainer\">\n<div class=\"group TyagGW_tableWrapper flex flex-col-reverse w-fit\" tabindex=\"-1\">\n<table class=\"w-fit min-w-(--thread-content-width)\" data-start=\"2331\" data-end=\"2794\">\n<thead data-start=\"2331\" data-end=\"2368\">\n<tr data-start=\"2331\" data-end=\"2368\">\n<th data-start=\"2331\" data-end=\"2343\" data-col-size=\"sm\">Par\u00e1metro<\/th>\n<th data-start=\"2343\" data-end=\"2368\" data-col-size=\"md\">Especificaci\u00f3n \/ Gama<\/th>\n<\/tr>\n<\/thead>\n<tbody data-start=\"2379\" data-end=\"2794\">\n<tr data-start=\"2379\" data-end=\"2424\">\n<td data-start=\"2379\" data-end=\"2394\" data-col-size=\"sm\">Tipo de producto<\/td>\n<td data-start=\"2394\" data-end=\"2424\" data-col-size=\"md\">Cable de acero galvanizado<\/td>\n<\/tr>\n<tr data-start=\"2425\" data-end=\"2484\">\n<td data-start=\"2425\" data-end=\"2440\" data-col-size=\"sm\">Tipo de revestimiento<\/td>\n<td data-start=\"2440\" data-end=\"2484\" data-col-size=\"md\">Galvanizado en caliente o electrogalvanizado<\/td>\n<\/tr>\n<tr data-start=\"2485\" data-end=\"2543\">\n<td data-start=\"2485\" data-end=\"2510\" data-col-size=\"sm\">Construcci\u00f3n de cables de acero<\/td>\n<td data-start=\"2510\" data-end=\"2543\" data-col-size=\"md\">6\u00d719, 6\u00d737, 7\u00d719, 7\u00d77, 6\u00d736WS<\/td>\n<\/tr>\n<tr data-start=\"2544\" data-end=\"2612\">\n<td data-start=\"2544\" data-end=\"2556\" data-col-size=\"sm\">Tipo de n\u00facleo<\/td>\n<td data-start=\"2556\" data-end=\"2612\" data-col-size=\"md\">FC (n\u00facleo de fibra) o IWRC (n\u00facleo de cable independiente)<\/td>\n<\/tr>\n<tr data-start=\"2613\" data-end=\"2665\">\n<td data-start=\"2613\" data-end=\"2630\" data-col-size=\"sm\">Di\u00e1metro<\/td>\n<td data-start=\"2630\" data-end=\"2665\" data-col-size=\"md\">2 mm - 60 mm (a medida)<\/td>\n<\/tr>\n<tr data-start=\"2666\" data-end=\"2704\">\n<td data-start=\"2666\" data-end=\"2685\" data-col-size=\"sm\">Resistencia a la tracci\u00f3n<\/td>\n<td data-start=\"2685\" data-end=\"2704\" data-col-size=\"md\">1570 - 1960 MPa<\/td>\n<\/tr>\n<tr data-start=\"2705\" data-end=\"2751\">\n<td data-start=\"2705\" data-end=\"2722\" data-col-size=\"sm\">Acabado superficial<\/td>\n<td data-start=\"2722\" data-end=\"2751\" data-col-size=\"md\">Revestimiento galvanizado liso<\/td>\n<\/tr>\n<tr data-start=\"2752\" data-end=\"2794\">\n<td data-start=\"2752\" data-end=\"2774\" data-col-size=\"sm\">Normas admitidas<\/td>\n<td data-start=\"2774\" data-end=\"2794\" data-col-size=\"md\">ISO, DIN, EN, GB<\/td>\n<\/tr>\n<\/tbody>\n<\/table>\n<\/div>\n<\/div>\n<h2 data-start=\"2801\" data-end=\"2838\"><strong data-start=\"2804\" data-end=\"2838\">Construcciones comunes de cables de acero<\/strong><\/h2>\n<div class=\"TyagGW_tableContainer\">\n<div class=\"group TyagGW_tableWrapper flex flex-col-reverse w-fit\" tabindex=\"-1\">\n<table class=\"w-fit min-w-(--thread-content-width)\" data-start=\"2840\" data-end=\"3150\">\n<thead data-start=\"2840\" data-end=\"2884\">\n<tr data-start=\"2840\" data-end=\"2884\">\n<th data-start=\"2840\" data-end=\"2855\" data-col-size=\"sm\">Construcci\u00f3n<\/th>\n<th data-start=\"2855\" data-end=\"2869\" data-col-size=\"sm\">Flexibilidad<\/th>\n<th data-start=\"2869\" data-end=\"2884\" data-col-size=\"sm\">Uso t\u00edpico<\/th>\n<\/tr>\n<\/thead>\n<tbody data-start=\"2899\" data-end=\"3150\">\n<tr data-start=\"2899\" data-end=\"2960\">\n<td data-start=\"2899\" data-end=\"2920\" data-col-size=\"sm\"><strong data-start=\"2901\" data-end=\"2919\">6\u00d719 + FC\/IWRC<\/strong><\/td>\n<td data-start=\"2920\" data-end=\"2929\" data-col-size=\"sm\">Medio<\/td>\n<td data-start=\"2929\" data-end=\"2960\" data-col-size=\"sm\">Elevaci\u00f3n y aparejo en general<\/td>\n<\/tr>\n<tr data-start=\"2961\" data-end=\"3030\">\n<td data-start=\"2961\" data-end=\"2982\" data-col-size=\"sm\"><strong data-start=\"2963\" data-end=\"2981\">6\u00d737 + FC\/IWRC<\/strong><\/td>\n<td data-start=\"2982\" data-end=\"2989\" data-col-size=\"sm\">Alta<\/td>\n<td data-start=\"2989\" data-end=\"3030\" data-col-size=\"sm\">Gr\u00faas, cabrestantes, aplicaciones din\u00e1micas<\/td>\n<\/tr>\n<tr data-start=\"3031\" data-end=\"3091\">\n<td data-start=\"3031\" data-end=\"3042\" data-col-size=\"sm\"><strong data-start=\"3033\" data-end=\"3041\">7\u00d719<\/strong><\/td>\n<td data-start=\"3042\" data-end=\"3058\" data-col-size=\"sm\">Muy flexible<\/td>\n<td data-start=\"3058\" data-end=\"3091\" data-col-size=\"sm\">Elevaci\u00f3n marina y ligera<\/td>\n<\/tr>\n<tr data-start=\"3092\" data-end=\"3150\">\n<td data-start=\"3092\" data-end=\"3105\" data-col-size=\"sm\"><strong data-start=\"3094\" data-end=\"3104\">6\u00d736WS<\/strong><\/td>\n<td data-start=\"3105\" data-end=\"3121\" data-col-size=\"sm\">Alta resistencia<\/td>\n<td data-start=\"3121\" data-end=\"3150\" data-col-size=\"sm\">Uso industrial intensivo<\/td>\n<\/tr>\n<\/tbody>\n<\/table>\n<\/div>\n<\/div>\n<h2 data-start=\"3157\" data-end=\"3195\"><strong data-start=\"3160\" data-end=\"3195\">Gu\u00eda de selecci\u00f3n de materiales y n\u00facleos<\/strong><\/h2>\n<div class=\"TyagGW_tableContainer\">\n<div class=\"group TyagGW_tableWrapper flex flex-col-reverse w-fit\" tabindex=\"-1\">\n<table class=\"w-fit min-w-(--thread-content-width)\" data-start=\"3197\" data-end=\"3433\">\n<thead data-start=\"3197\" data-end=\"3241\">\n<tr data-start=\"3197\" data-end=\"3241\">\n<th data-start=\"3197\" data-end=\"3209\" data-col-size=\"sm\">Tipo de n\u00facleo<\/th>\n<th data-start=\"3209\" data-end=\"3222\" data-col-size=\"sm\">Ventajas<\/th>\n<th data-start=\"3222\" data-end=\"3241\" data-col-size=\"sm\">Recomendado para<\/th>\n<\/tr>\n<\/thead>\n<tbody data-start=\"3256\" data-end=\"3433\">\n<tr data-start=\"3256\" data-end=\"3335\">\n<td data-start=\"3256\" data-end=\"3278\" data-col-size=\"sm\"><strong data-start=\"3258\" data-end=\"3277\">N\u00facleo de fibra (FC)<\/strong><\/td>\n<td data-start=\"3278\" data-end=\"3310\" data-col-size=\"sm\">M\u00e1s flexible, m\u00e1s ligero<\/td>\n<td data-start=\"3310\" data-end=\"3335\" data-col-size=\"sm\">Cargas ligeras y medias<\/td>\n<\/tr>\n<tr data-start=\"3336\" data-end=\"3433\">\n<td data-start=\"3336\" data-end=\"3360\" data-col-size=\"sm\"><strong data-start=\"3338\" data-end=\"3359\">IWRC (n\u00facleo de acero)<\/strong><\/td>\n<td data-start=\"3360\" data-end=\"3396\" data-col-size=\"sm\">Mayor resistencia, mejor estabilidad<\/td>\n<td data-start=\"3396\" data-end=\"3433\" data-col-size=\"sm\">Cargas pesadas y altas temperaturas<\/td>\n<\/tr>\n<\/tbody>\n<\/table>\n<\/div>\n<\/div>\n<h2 data-start=\"3440\" data-end=\"3463\"><strong data-start=\"3443\" data-end=\"3463\">Por qu\u00e9 elegir Wonzh<\/strong><\/h2>\n<ul data-start=\"3465\" data-end=\"3772\">\n<li data-start=\"3465\" data-end=\"3528\">\n<p data-start=\"3467\" data-end=\"3528\">Estricto control de calidad desde el trefilado hasta el trenzado final<\/p>\n<\/li>\n<li data-start=\"3529\" data-end=\"3592\">\n<p data-start=\"3531\" data-end=\"3592\">M\u00faltiples tipos de construcci\u00f3n para adaptarse a diferentes aplicaciones<\/p>\n<\/li>\n<li data-start=\"3593\" data-end=\"3651\">\n<p data-start=\"3595\" data-end=\"3651\">Revestimiento galvanizado resistente a la corrosi\u00f3n para uso en exteriores<\/p>\n<\/li>\n<li data-start=\"3652\" data-end=\"3719\">\n<p data-start=\"3654\" data-end=\"3719\">Asistencia t\u00e9cnica para la selecci\u00f3n de cables y el dise\u00f1o de factores de seguridad<\/p>\n<\/li>\n<li data-start=\"3720\" data-end=\"3772\">\n<p data-start=\"3722\" data-end=\"3772\">Cadena de suministro estable y entrega mundial fiable<\/p>\n<\/li>\n<\/ul>\n<h2 data-start=\"3779\" data-end=\"3820\"><strong data-start=\"3782\" data-end=\"3818\">Preguntas m\u00e1s frecuentes (FAQ)<\/strong><\/h2>\n<h3 data-start=\"3822\" data-end=\"3874\"><strong data-start=\"3826\" data-end=\"3872\">P1: \u00bfPara qu\u00e9 se utiliza el cable de acero galvanizado?<\/strong><\/h3>\n<p data-start=\"3875\" data-end=\"4006\">Se utiliza para elevaci\u00f3n, izado, aparejo, suspensi\u00f3n y soporte estructural en aplicaciones industriales, de construcci\u00f3n y mar\u00edtimas.<\/p>\n<h3 data-start=\"4008\" data-end=\"4067\"><strong data-start=\"4012\" data-end=\"4065\">P2: \u00bfCu\u00e1l es la diferencia entre 6\u00d719 y 6\u00d737?<\/strong><\/h3>\n<ul data-start=\"4068\" data-end=\"4201\">\n<li data-start=\"4068\" data-end=\"4133\">\n<p data-start=\"4070\" data-end=\"4133\"><strong data-start=\"4070\" data-end=\"4079\">6\u00d719:<\/strong> m\u00e1s fuerte y resistente al desgaste, pero menos flexible.<\/p>\n<\/li>\n<li data-start=\"4134\" data-end=\"4201\">\n<p data-start=\"4136\" data-end=\"4201\"><strong data-start=\"4136\" data-end=\"4145\">6\u00d737:<\/strong> m\u00e1s flexible, mejor para movimientos din\u00e1micos y poleas.<\/p>\n<\/li>\n<\/ul>\n<h3 data-start=\"4203\" data-end=\"4244\"><strong data-start=\"4207\" data-end=\"4242\">P3: \u00bfQu\u00e9 n\u00facleo debo elegir?<\/strong><\/h3>\n<ul data-start=\"4245\" data-end=\"4337\">\n<li data-start=\"4245\" data-end=\"4286\">\n<p data-start=\"4247\" data-end=\"4286\">Por flexibilidad \u2192 <strong data-start=\"4265\" data-end=\"4284\">N\u00facleo de fibra (FC)<\/strong><\/p>\n<\/li>\n<li data-start=\"4287\" data-end=\"4337\">\n<p data-start=\"4289\" data-end=\"4337\">Para una mayor capacidad de carga \u2192 <strong data-start=\"4316\" data-end=\"4337\">IWRC (n\u00facleo de acero)<\/strong><\/p>\n<\/li>\n<\/ul>\n<h3 data-start=\"4339\" data-end=\"4410\"><strong data-start=\"4343\" data-end=\"4408\">P4: \u00bfEs adecuado el cable de acero galvanizado para entornos marinos?<\/strong><\/h3>\n<p data-start=\"4411\" data-end=\"4565\">S\u00ed. El revestimiento galvanizado proporciona una buena resistencia a la corrosi\u00f3n, pero para condiciones marinas muy agresivas, puede recomendarse un cable de acero inoxidable.<\/p>\n<h3 data-start=\"4567\" data-end=\"4611\"><strong data-start=\"4571\" data-end=\"4609\">P5: \u00bfOfrecen di\u00e1metros personalizados?<\/strong><\/h3>\n<p data-start=\"4612\" data-end=\"4705\">S\u00ed. Podemos fabricar di\u00e1metros, construcciones y revestimientos personalizados en funci\u00f3n de sus necesidades.<\/p>","protected":false},"excerpt":{"rendered":"<p>Los cables de acero galvanizado suministrados por Wonzh se fabrican con alambres de acero al carbono de alta calidad que se galvanizan en caliente o por electrogalvanizaci\u00f3n para mejorar la resistencia a la corrosi\u00f3n y la vida \u00fatil.<\/p>","protected":false},"featured_media":1502,"comment_status":"open","ping_status":"closed","template":"","meta":{"site-sidebar-layout":"default","site-content-layout":"","ast-site-content-layout":"default","site-content-style":"default","site-sidebar-style":"default","ast-global-header-display":"","ast-banner-title-visibility":"","ast-main-header-display":"","ast-hfb-above-header-display":"","ast-hfb-below-header-display":"","ast-hfb-mobile-header-display":"","site-post-title":"","ast-breadcrumbs-content":"","ast-featured-img":"","footer-sml-layout":"","ast-disable-related-posts":"","theme-transparent-header-meta":"default","adv-header-id-meta":"","stick-header-meta":"default","header-above-stick-meta":"","header-main-stick-meta":"","header-below-stick-meta":"","astra-migrate-meta-layouts":"set","ast-page-background-enabled":"default","ast-page-background-meta":{"desktop":{"background-color":"","background-image":"","background-repeat":"repeat","background-position":"center center","background-size":"auto","background-attachment":"scroll","background-type":"","background-media":"","overlay-type":"","overlay-color":"","overlay-opacity":"","overlay-gradient":""},"tablet":{"background-color":"","background-image":"","background-repeat":"repeat","background-position":"center center","background-size":"auto","background-attachment":"scroll","background-type":"","background-media":"","overlay-type":"","overlay-color":"","overlay-opacity":"","overlay-gradient":""},"mobile":{"background-color":"","background-image":"","background-repeat":"repeat","background-position":"center center","background-size":"auto","background-attachment":"scroll","background-type":"","background-media":"","overlay-type":"","overlay-color":"","overlay-opacity":"","overlay-gradient":""}},"ast-content-background-meta":{"desktop":{"background-color":"var(--ast-global-color-5)","background-image":"","background-repeat":"repeat","background-position":"center center","background-size":"auto","background-attachment":"scroll","background-type":"","background-media":"","overlay-type":"","overlay-color":"","overlay-opacity":"","overlay-gradient":""},"tablet":{"background-color":"var(--ast-global-color-5)","background-image":"","background-repeat":"repeat","background-position":"center center","background-size":"auto","background-attachment":"scroll","background-type":"","background-media":"","overlay-type":"","overlay-color":"","overlay-opacity":"","overlay-gradient":""},"mobile":{"background-color":"var(--ast-global-color-5)","background-image":"","background-repeat":"repeat","background-position":"center center","background-size":"auto","background-attachment":"scroll","background-type":"","background-media":"","overlay-type":"","overlay-color":"","overlay-opacity":"","overlay-gradient":""}}},"product_brand":[],"product_cat":[22],"product_tag":[261,257,256,259,253,249,258,254,119,260,252,255,118,250,251],"class_list":{"0":"post-1450","1":"product","2":"type-product","3":"status-publish","4":"has-post-thumbnail","6":"product_cat-wire-rope-lifting-accessories","7":"product_tag-china-wire-rope-manufacturer","8":"product_tag-corrosion-resistant-rope","9":"product_tag-crane-wire-rope","10":"product_tag-din-wire-rope","11":"product_tag-fiber-core-wire-rope","12":"product_tag-galvanized-steel-wire-rope","13":"product_tag-high-tensile-wire-rope","14":"product_tag-hoisting-cable","15":"product_tag-industrial-wire-rope","16":"product_tag-iso-wire-rope","17":"product_tag-iwrc-wire-rope","18":"product_tag-lifting-rope","19":"product_tag-marine-wire-rope","20":"product_tag-wire-rope-6x19","21":"product_tag-wire-rope-6x37","22":"desktop-align-left","23":"tablet-align-left","24":"mobile-align-left","26":"first","27":"instock","28":"shipping-taxable","29":"product-type-simple"},"_links":{"self":[{"href":"https:\/\/www.wonzh.com\/es\/wp-json\/wp\/v2\/product\/1450","targetHints":{"allow":["GET"]}}],"collection":[{"href":"https:\/\/www.wonzh.com\/es\/wp-json\/wp\/v2\/product"}],"about":[{"href":"https:\/\/www.wonzh.com\/es\/wp-json\/wp\/v2\/types\/product"}],"replies":[{"embeddable":true,"href":"https:\/\/www.wonzh.com\/es\/wp-json\/wp\/v2\/comments?post=1450"}],"wp:featuredmedia":[{"embeddable":true,"href":"https:\/\/www.wonzh.com\/es\/wp-json\/wp\/v2\/media\/1502"}],"wp:attachment":[{"href":"https:\/\/www.wonzh.com\/es\/wp-json\/wp\/v2\/media?parent=1450"}],"wp:term":[{"taxonomy":"product_brand","embeddable":true,"href":"https:\/\/www.wonzh.com\/es\/wp-json\/wp\/v2\/product_brand?post=1450"},{"taxonomy":"product_cat","embeddable":true,"href":"https:\/\/www.wonzh.com\/es\/wp-json\/wp\/v2\/product_cat?post=1450"},{"taxonomy":"product_tag","embeddable":true,"href":"https:\/\/www.wonzh.com\/es\/wp-json\/wp\/v2\/product_tag?post=1450"}],"curies":[{"name":"wp","href":"https:\/\/api.w.org\/{rel}","templated":true}]}}