{"id":1449,"date":"2026-02-03T14:26:49","date_gmt":"2026-02-03T14:26:49","guid":{"rendered":"https:\/\/www.wonzh.com\/?post_type=product&#038;p=1449"},"modified":"2026-02-04T15:24:03","modified_gmt":"2026-02-04T15:24:03","slug":"custom-industrial-sealing-solutions-engineered-to-your-application","status":"publish","type":"product","link":"https:\/\/www.wonzh.com\/es\/product\/custom-industrial-sealing-solutions-engineered-to-your-application\/","title":{"rendered":"Soluciones de estanquidad industrial personalizadas: dise\u00f1adas para su aplicaci\u00f3n"},"content":{"rendered":"<p data-start=\"592\" data-end=\"1072\">Las soluciones de estanquidad personalizadas de Wonzh son sistemas de estanquidad desarrollados espec\u00edficamente para las condiciones de funcionamiento, los dise\u00f1os de los equipos y los requisitos de rendimiento definidos por el cliente. En lugar de basarnos \u00fanicamente en productos de cat\u00e1logo est\u00e1ndar, analizamos los datos reales de la aplicaci\u00f3n -incluyendo presi\u00f3n, temperatura, velocidad, medio, espacio de instalaci\u00f3n y expectativas de vida \u00fatil- para dise\u00f1ar soluciones de estanquidad optimizadas que maximicen la fiabilidad y minimicen el coste total de propiedad.<\/p>\n<p data-start=\"1074\" data-end=\"1513\">Aprovechando materiales avanzados como el SiC, el carburo de tungsteno, el grafito de carbono, los elast\u00f3meros de alto rendimiento, los compuestos de PTFE y los pol\u00edmeros especiales, Wonzh suministra juntas mec\u00e1nicas, juntas hidr\u00e1ulicas, juntas t\u00f3ricas, retenes de aceite y conjuntos de estanquidad integrados a medida para sistemas industriales complejos. Nuestro proceso de desarrollo integra simulaci\u00f3n, pruebas de prototipos y validaci\u00f3n sobre el terreno para garantizar el rendimiento en condiciones de trabajo reales.<\/p>\n<p data-start=\"1515\" data-end=\"1786\">Con experiencia en bombas, hidr\u00e1ulica, sistemas de transmisi\u00f3n, maquinaria pesada y equipos de proceso, Wonzh no s\u00f3lo act\u00faa como proveedor, sino tambi\u00e9n como socio t\u00e9cnico, prestando apoyo en la selecci\u00f3n de materiales, el dise\u00f1o estructural, el an\u00e1lisis de fallos y la optimizaci\u00f3n del ciclo de vida.<\/p>\n<h2 data-start=\"1793\" data-end=\"1821\"><strong data-start=\"1796\" data-end=\"1821\">Qu\u00e9 podemos personalizar<\/strong><\/h2>\n<div class=\"TyagGW_tableContainer\">\n<div class=\"group TyagGW_tableWrapper flex flex-col-reverse w-fit\" tabindex=\"-1\">\n<table class=\"w-fit min-w-(--thread-content-width)\" data-start=\"1823\" data-end=\"2406\">\n<thead data-start=\"1823\" data-end=\"1862\">\n<tr data-start=\"1823\" data-end=\"1862\">\n<th data-start=\"1823\" data-end=\"1844\" data-col-size=\"sm\">\u00c1rea de personalizaci\u00f3n<\/th>\n<th data-start=\"1844\" data-end=\"1862\" data-col-size=\"md\">Qu\u00e9 podemos hacer<\/th>\n<\/tr>\n<\/thead>\n<tbody data-start=\"1873\" data-end=\"2406\">\n<tr data-start=\"1873\" data-end=\"1948\">\n<td data-start=\"1873\" data-end=\"1889\" data-col-size=\"sm\"><strong data-start=\"1875\" data-end=\"1888\">Tipo de junta<\/strong><\/td>\n<td data-start=\"1889\" data-end=\"1948\" data-col-size=\"md\">Mec\u00e1nico, Hidr\u00e1ulico, Junta t\u00f3rica, Sello de aceite, Sello compuesto<\/td>\n<\/tr>\n<tr data-start=\"1949\" data-end=\"2038\">\n<td data-start=\"1949\" data-end=\"1971\" data-col-size=\"sm\"><strong data-start=\"1951\" data-end=\"1970\">Sistema de materiales<\/strong><\/td>\n<td data-start=\"1971\" data-end=\"2038\" data-col-size=\"md\">SiC, carburo de tungsteno, PTFE, PU, FKM, NBR, EPDM, aleaciones especiales<\/td>\n<\/tr>\n<tr data-start=\"2039\" data-end=\"2105\">\n<td data-start=\"2039\" data-end=\"2056\" data-col-size=\"sm\"><strong data-start=\"2041\" data-end=\"2055\">Dimensiones<\/strong><\/td>\n<td data-start=\"2056\" data-end=\"2105\" data-col-size=\"md\">Tama\u00f1os de eje, alojamiento y ranura no est\u00e1ndar<\/td>\n<\/tr>\n<tr data-start=\"2106\" data-end=\"2173\">\n<td data-start=\"2106\" data-end=\"2122\" data-col-size=\"sm\"><strong data-start=\"2108\" data-end=\"2121\">Estructura<\/strong><\/td>\n<td data-start=\"2122\" data-end=\"2173\" data-col-size=\"md\">Juntas de cartucho, juntas partidas, juntas multietapa<\/td>\n<\/tr>\n<tr data-start=\"2174\" data-end=\"2241\">\n<td data-start=\"2174\" data-end=\"2198\" data-col-size=\"sm\"><strong data-start=\"2176\" data-end=\"2197\">Tratamiento de superficies<\/strong><\/td>\n<td data-start=\"2198\" data-end=\"2241\" data-col-size=\"md\">Recubrimientos, endurecimiento, acabados antidesgaste<\/td>\n<\/tr>\n<tr data-start=\"2242\" data-end=\"2330\">\n<td data-start=\"2242\" data-end=\"2267\" data-col-size=\"sm\"><strong data-start=\"2244\" data-end=\"2266\">Objetivo de rendimiento<\/strong><\/td>\n<td data-start=\"2267\" data-end=\"2330\" data-col-size=\"md\">Mayor presi\u00f3n, temperatura, velocidad o resistencia qu\u00edmica<\/td>\n<\/tr>\n<tr data-start=\"2331\" data-end=\"2406\">\n<td data-start=\"2331\" data-end=\"2349\" data-col-size=\"sm\"><strong data-start=\"2333\" data-end=\"2348\">Integraci\u00f3n<\/strong><\/td>\n<td data-start=\"2349\" data-end=\"2406\" data-col-size=\"md\">M\u00f3dulos de sellado premontados para facilitar la instalaci\u00f3n<\/td>\n<\/tr>\n<\/tbody>\n<\/table>\n<\/div>\n<\/div>\n<h2 data-start=\"2413\" data-end=\"2440\"><strong data-start=\"2416\" data-end=\"2440\">Aplicaciones t\u00edpicas<\/strong><\/h2>\n<ul data-start=\"2442\" data-end=\"2768\">\n<li data-start=\"2442\" data-end=\"2479\">\n<p data-start=\"2444\" data-end=\"2479\">Cilindros hidr\u00e1ulicos de alta presi\u00f3n<\/p>\n<\/li>\n<li data-start=\"2480\" data-end=\"2523\">\n<p data-start=\"2482\" data-end=\"2523\">Bombas qu\u00edmicas para medios corrosivos<\/p>\n<\/li>\n<li data-start=\"2524\" data-end=\"2558\">\n<p data-start=\"2526\" data-end=\"2558\">Equipos de procesamiento de petr\u00f3leo y gas<\/p>\n<\/li>\n<li data-start=\"2559\" data-end=\"2594\">\n<p data-start=\"2561\" data-end=\"2594\">Miner\u00eda y maquinaria pesada<\/p>\n<\/li>\n<li data-start=\"2595\" data-end=\"2639\">\n<p data-start=\"2597\" data-end=\"2639\">Sistemas de procesado de alimentos y productos farmac\u00e9uticos<\/p>\n<\/li>\n<li data-start=\"2640\" data-end=\"2680\">\n<p data-start=\"2642\" data-end=\"2680\">Generaci\u00f3n de energ\u00eda y sistemas de turbinas<\/p>\n<\/li>\n<li data-start=\"2681\" data-end=\"2736\">\n<p data-start=\"2683\" data-end=\"2736\">Semiconductores y equipos de fabricaci\u00f3n de precisi\u00f3n<\/p>\n<\/li>\n<li data-start=\"2737\" data-end=\"2768\">\n<p data-start=\"2739\" data-end=\"2768\">Sistemas marinos y offshore<\/p>\n<\/li>\n<\/ul>\n<h2 data-start=\"2775\" data-end=\"2827\"><strong data-start=\"2778\" data-end=\"2825\">Gama de capacidades t\u00e9cnicas (representativas)<\/strong><\/h2>\n<div class=\"TyagGW_tableContainer\">\n<div class=\"group TyagGW_tableWrapper flex flex-col-reverse w-fit\" tabindex=\"-1\">\n<table class=\"w-fit min-w-(--thread-content-width)\" data-start=\"2829\" data-end=\"3292\">\n<thead data-start=\"2829\" data-end=\"2855\">\n<tr data-start=\"2829\" data-end=\"2855\">\n<th data-start=\"2829\" data-end=\"2841\" data-col-size=\"sm\">Par\u00e1metro<\/th>\n<th data-start=\"2841\" data-end=\"2855\" data-col-size=\"md\">Capacidad<\/th>\n<\/tr>\n<\/thead>\n<tbody data-start=\"2866\" data-end=\"3292\">\n<tr data-start=\"2866\" data-end=\"2927\">\n<td data-start=\"2866\" data-end=\"2887\" data-col-size=\"sm\">Presi\u00f3n de funcionamiento<\/td>\n<td data-start=\"2887\" data-end=\"2927\" data-col-size=\"md\">Hasta <strong data-start=\"2895\" data-end=\"2905\">60 MPa<\/strong> (depende del proyecto)<\/td>\n<\/tr>\n<tr data-start=\"2928\" data-end=\"2992\">\n<td data-start=\"2928\" data-end=\"2948\" data-col-size=\"sm\">Temperatura<\/td>\n<td data-start=\"2948\" data-end=\"2992\" data-col-size=\"md\"><strong data-start=\"2950\" data-end=\"2969\">-60\u00b0C a +300\u00b0C<\/strong> (depende del material)<\/td>\n<\/tr>\n<tr data-start=\"2993\" data-end=\"3054\">\n<td data-start=\"2993\" data-end=\"3009\" data-col-size=\"sm\">Velocidad de deslizamiento<\/td>\n<td data-start=\"3009\" data-end=\"3054\" data-col-size=\"md\">Hasta <strong data-start=\"3017\" data-end=\"3028\">2,0 m\/s<\/strong> (depende de la aplicaci\u00f3n)<\/td>\n<\/tr>\n<tr data-start=\"3055\" data-end=\"3098\">\n<td data-start=\"3055\" data-end=\"3068\" data-col-size=\"sm\">Tama\u00f1o del eje<\/td>\n<td data-start=\"3068\" data-end=\"3098\" data-col-size=\"md\">En <strong data-start=\"3075\" data-end=\"3096\">\u00d85 mm a \u00d81500 mm<\/strong><\/td>\n<\/tr>\n<tr data-start=\"3099\" data-end=\"3163\">\n<td data-start=\"3099\" data-end=\"3121\" data-col-size=\"sm\">Compatibilidad de soportes<\/td>\n<td data-start=\"3121\" data-end=\"3163\" data-col-size=\"md\">Aceite, agua, productos qu\u00edmicos, vapor, lodos<\/td>\n<\/tr>\n<tr data-start=\"3164\" data-end=\"3226\">\n<td data-start=\"3164\" data-end=\"3187\" data-col-size=\"sm\">Normas de referencia<\/td>\n<td data-start=\"3187\" data-end=\"3226\" data-col-size=\"md\">ISO, DIN, AS568, normas del cliente<\/td>\n<\/tr>\n<tr data-start=\"3227\" data-end=\"3292\">\n<td data-start=\"3227\" data-end=\"3247\" data-col-size=\"sm\">Pruebas disponibles<\/td>\n<td data-start=\"3247\" data-end=\"3292\" data-col-size=\"md\">Pruebas de presi\u00f3n, desgaste y ciclos t\u00e9rmicos<\/td>\n<\/tr>\n<\/tbody>\n<\/table>\n<\/div>\n<\/div>\n<h2 data-start=\"3299\" data-end=\"3336\"><strong data-start=\"3302\" data-end=\"3336\">Nuestro proceso de desarrollo personalizado<\/strong><\/h2>\n<ol data-start=\"3338\" data-end=\"3812\">\n<li data-start=\"3338\" data-end=\"3412\">\n<p data-start=\"3341\" data-end=\"3412\"><strong data-start=\"3341\" data-end=\"3365\">An\u00e1lisis de aplicaciones<\/strong> - recopilar datos de funcionamiento e historial de fallos<\/p>\n<\/li>\n<li data-start=\"3413\" data-end=\"3481\">\n<p data-start=\"3416\" data-end=\"3481\"><strong data-start=\"3416\" data-end=\"3434\">Dise\u00f1o conceptual<\/strong> - proponer una estructura de sellado y un sistema de materiales<\/p>\n<\/li>\n<li data-start=\"3482\" data-end=\"3553\">\n<p data-start=\"3485\" data-end=\"3553\"><strong data-start=\"3485\" data-end=\"3513\">Simulaci\u00f3n y c\u00e1lculo<\/strong> - evaluar la tensi\u00f3n, la fricci\u00f3n y el desgaste<\/p>\n<\/li>\n<li data-start=\"3554\" data-end=\"3607\">\n<p data-start=\"3557\" data-end=\"3607\"><strong data-start=\"3557\" data-end=\"3584\">Fabricaci\u00f3n de prototipos<\/strong> - construir juntas de muestra<\/p>\n<\/li>\n<li data-start=\"3608\" data-end=\"3666\">\n<p data-start=\"3611\" data-end=\"3666\"><strong data-start=\"3611\" data-end=\"3634\">Pruebas de rendimiento<\/strong> - validaci\u00f3n en laboratorio y\/o sobre el terreno<\/p>\n<\/li>\n<li data-start=\"3667\" data-end=\"3739\">\n<p data-start=\"3670\" data-end=\"3739\"><strong data-start=\"3670\" data-end=\"3693\">Optimizaci\u00f3n del dise\u00f1o<\/strong> - refinar para aumentar la durabilidad y la rentabilidad<\/p>\n<\/li>\n<li data-start=\"3740\" data-end=\"3812\">\n<p data-start=\"3743\" data-end=\"3812\"><strong data-start=\"3743\" data-end=\"3772\">Producci\u00f3n en serie y asistencia<\/strong> - suministro estable y servicio t\u00e9cnico<\/p>\n<\/li>\n<\/ol>\n<h2 data-start=\"3819\" data-end=\"3859\"><strong data-start=\"3822\" data-end=\"3859\">Por qu\u00e9 elegir Wonzh para sellos personalizados<\/strong><\/h2>\n<ul data-start=\"3861\" data-end=\"4163\">\n<li data-start=\"3861\" data-end=\"3903\">\n<p data-start=\"3863\" data-end=\"3903\">Enfoque de ingenier\u00eda centrado en la aplicaci\u00f3n<\/p>\n<\/li>\n<li data-start=\"3904\" data-end=\"3972\">\n<p data-start=\"3906\" data-end=\"3972\">Amplia gama de materiales: metales, cer\u00e1micas y pol\u00edmeros<\/p>\n<\/li>\n<li data-start=\"3973\" data-end=\"4033\">\n<p data-start=\"3975\" data-end=\"4033\">Capacidad integrada de dise\u00f1o, pruebas y fabricaci\u00f3n<\/p>\n<\/li>\n<li data-start=\"4034\" data-end=\"4095\">\n<p data-start=\"4036\" data-end=\"4095\">Experiencia en entornos industriales dif\u00edciles y de alto riesgo<\/p>\n<\/li>\n<li data-start=\"4096\" data-end=\"4163\">\n<p data-start=\"4098\" data-end=\"4163\">Colaboraci\u00f3n t\u00e9cnica a largo plazo en lugar de ventas transaccionales<\/p>\n<\/li>\n<\/ul>\n<h2 data-start=\"4170\" data-end=\"4211\"><strong data-start=\"4173\" data-end=\"4209\">Preguntas m\u00e1s frecuentes (FAQ)<\/strong><\/h2>\n<h3 data-start=\"4213\" data-end=\"4274\"><strong data-start=\"4217\" data-end=\"4272\">P1: \u00bfCu\u00e1ndo debo elegir una soluci\u00f3n de sellado a medida?<\/strong><\/h3>\n<p data-start=\"4275\" data-end=\"4458\">Elija el sellado personalizado cuando su equipo funcione bajo <strong data-start=\"4332\" data-end=\"4413\">limitaciones no est\u00e1ndar de presi\u00f3n, temperatura, velocidad, medios o instalaci\u00f3n<\/strong> donde las juntas de cat\u00e1logo no pueden funcionar de forma fiable.<\/p>\n<h3 data-start=\"4460\" data-end=\"4507\"><strong data-start=\"4464\" data-end=\"4505\">P2: \u00bfNecesita planos para empezar?<\/strong><\/h3>\n<p data-start=\"4508\" data-end=\"4680\">Las entradas preferidas incluyen: tama\u00f1o del eje, tama\u00f1o de la carcasa, presi\u00f3n, temperatura, velocidad, medios y fotos de fallos. Si no dispone de planos, podemos ayudarle a definir las especificaciones.<\/p>\n<h3 data-start=\"4682\" data-end=\"4727\"><strong data-start=\"4686\" data-end=\"4725\">P3: \u00bfCu\u00e1nto dura el desarrollo?<\/strong><\/h3>\n<p data-start=\"4728\" data-end=\"4833\">Calendario t\u00edpico: <strong data-start=\"4746\" data-end=\"4759\">2-6 semanas<\/strong>, en funci\u00f3n de la complejidad, los requisitos de las pruebas y las iteraciones del prototipo.<\/p>\n<h3 data-start=\"4835\" data-end=\"4880\"><strong data-start=\"4839\" data-end=\"4878\">P4: \u00bfSe puede redise\u00f1ar una junta que ha fallado?<\/strong><\/h3>\n<p data-start=\"4881\" data-end=\"4973\">S\u00ed. Proporcionamos <strong data-start=\"4897\" data-end=\"4941\">an\u00e1lisis de fallos + redise\u00f1o + validaci\u00f3n<\/strong> servicios para prevenir la recurrencia.<\/p>\n<h3 data-start=\"4975\" data-end=\"5027\"><strong data-start=\"4979\" data-end=\"5025\">P5: \u00bfApoyan la producci\u00f3n de peque\u00f1os lotes?<\/strong><\/h3>\n<p data-start=\"5028\" data-end=\"5088\">S\u00ed. Admitimos prototipos, lotes peque\u00f1os y producci\u00f3n en serie.<\/p>","protected":false},"excerpt":{"rendered":"<p>Las soluciones de estanquidad personalizadas proporcionadas por Wonzh son sistemas de estanquidad de ingenier\u00eda desarrollados espec\u00edficamente para las condiciones de funcionamiento, los dise\u00f1os de equipos y los requisitos de rendimiento definidos por el cliente.<\/p>","protected":false},"featured_media":1499,"comment_status":"open","ping_status":"closed","template":"","meta":{"site-sidebar-layout":"default","site-content-layout":"","ast-site-content-layout":"default","site-content-style":"default","site-sidebar-style":"default","ast-global-header-display":"","ast-banner-title-visibility":"","ast-main-header-display":"","ast-hfb-above-header-display":"","ast-hfb-below-header-display":"","ast-hfb-mobile-header-display":"","site-post-title":"","ast-breadcrumbs-content":"","ast-featured-img":"","footer-sml-layout":"","ast-disable-related-posts":"","theme-transparent-header-meta":"default","adv-header-id-meta":"","stick-header-meta":"default","header-above-stick-meta":"","header-main-stick-meta":"","header-below-stick-meta":"","astra-migrate-meta-layouts":"set","ast-page-background-enabled":"default","ast-page-background-meta":{"desktop":{"background-color":"","background-image":"","background-repeat":"repeat","background-position":"center center","background-size":"auto","background-attachment":"scroll","background-type":"","background-media":"","overlay-type":"","overlay-color":"","overlay-opacity":"","overlay-gradient":""},"tablet":{"background-color":"","background-image":"","background-repeat":"repeat","background-position":"center center","background-size":"auto","background-attachment":"scroll","background-type":"","background-media":"","overlay-type":"","overlay-color":"","overlay-opacity":"","overlay-gradient":""},"mobile":{"background-color":"","background-image":"","background-repeat":"repeat","background-position":"center center","background-size":"auto","background-attachment":"scroll","background-type":"","background-media":"","overlay-type":"","overlay-color":"","overlay-opacity":"","overlay-gradient":""}},"ast-content-background-meta":{"desktop":{"background-color":"var(--ast-global-color-5)","background-image":"","background-repeat":"repeat","background-position":"center center","background-size":"auto","background-attachment":"scroll","background-type":"","background-media":"","overlay-type":"","overlay-color":"","overlay-opacity":"","overlay-gradient":""},"tablet":{"background-color":"var(--ast-global-color-5)","background-image":"","background-repeat":"repeat","background-position":"center center","background-size":"auto","background-attachment":"scroll","background-type":"","background-media":"","overlay-type":"","overlay-color":"","overlay-opacity":"","overlay-gradient":""},"mobile":{"background-color":"var(--ast-global-color-5)","background-image":"","background-repeat":"repeat","background-position":"center center","background-size":"auto","background-attachment":"scroll","background-type":"","background-media":"","overlay-type":"","overlay-color":"","overlay-opacity":"","overlay-gradient":""}}},"product_brand":[],"product_cat":[21],"product_tag":[189,214,242,238,239,247,241,195,244,246,248,243,245,191,240],"class_list":{"0":"post-1449","1":"product","2":"type-product","3":"status-publish","4":"has-post-thumbnail","6":"product_cat-sealing-parts-sealing-systems","7":"product_tag-cartridge-mechanical-seal","8":"product_tag-china-seal-manufacturer","9":"product_tag-corrosion-resistant-seal","10":"product_tag-custom-sealing-solution","11":"product_tag-engineered-seal","12":"product_tag-failure-analysis-seal","13":"product_tag-high-temperature-seal","14":"product_tag-high-pressure-seal","15":"product_tag-hydraulic-custom-seal","16":"product_tag-industrial-sealing-engineering","17":"product_tag-oem-sealing-solution","18":"product_tag-ptfe-composite-seal","19":"product_tag-pump-custom-seal","20":"product_tag-sic-seal","21":"product_tag-special-seal-design","22":"desktop-align-left","23":"tablet-align-left","24":"mobile-align-left","26":"first","27":"instock","28":"shipping-taxable","29":"product-type-simple"},"_links":{"self":[{"href":"https:\/\/www.wonzh.com\/es\/wp-json\/wp\/v2\/product\/1449","targetHints":{"allow":["GET"]}}],"collection":[{"href":"https:\/\/www.wonzh.com\/es\/wp-json\/wp\/v2\/product"}],"about":[{"href":"https:\/\/www.wonzh.com\/es\/wp-json\/wp\/v2\/types\/product"}],"replies":[{"embeddable":true,"href":"https:\/\/www.wonzh.com\/es\/wp-json\/wp\/v2\/comments?post=1449"}],"wp:featuredmedia":[{"embeddable":true,"href":"https:\/\/www.wonzh.com\/es\/wp-json\/wp\/v2\/media\/1499"}],"wp:attachment":[{"href":"https:\/\/www.wonzh.com\/es\/wp-json\/wp\/v2\/media?parent=1449"}],"wp:term":[{"taxonomy":"product_brand","embeddable":true,"href":"https:\/\/www.wonzh.com\/es\/wp-json\/wp\/v2\/product_brand?post=1449"},{"taxonomy":"product_cat","embeddable":true,"href":"https:\/\/www.wonzh.com\/es\/wp-json\/wp\/v2\/product_cat?post=1449"},{"taxonomy":"product_tag","embeddable":true,"href":"https:\/\/www.wonzh.com\/es\/wp-json\/wp\/v2\/product_tag?post=1449"}],"curies":[{"name":"wp","href":"https:\/\/api.w.org\/{rel}","templated":true}]}}