{"id":1443,"date":"2026-02-03T14:19:35","date_gmt":"2026-02-03T14:19:35","guid":{"rendered":"https:\/\/www.wonzh.com\/?post_type=product&#038;p=1443"},"modified":"2026-02-04T14:34:09","modified_gmt":"2026-02-04T14:34:09","slug":"industrial-o-ring-seals-for-static-and-dynamic-sealing-applications","status":"publish","type":"product","link":"https:\/\/www.wonzh.com\/es\/product\/industrial-o-ring-seals-for-static-and-dynamic-sealing-applications\/","title":{"rendered":"Juntas t\u00f3ricas industriales para aplicaciones de estanquidad est\u00e1ticas y din\u00e1micas"},"content":{"rendered":"<p data-start=\"542\" data-end=\"933\">Las juntas t\u00f3ricas suministradas por Wonzh son componentes de estanquidad de elast\u00f3mero de alto rendimiento dise\u00f1ados para evitar fugas de l\u00edquidos, gases y otros medios tanto en aplicaciones est\u00e1ticas como din\u00e1micas. Con una secci\u00f3n transversal circular simple, las juntas t\u00f3ricas proporcionan un sellado eficaz a trav\u00e9s de la deformaci\u00f3n el\u00e1stica bajo compresi\u00f3n, lo que las convierte en una de las soluciones de sellado m\u00e1s utilizadas en equipos industriales.<\/p>\n<p data-start=\"935\" data-end=\"1293\">Fabricadas con materiales elast\u00f3meros de primera calidad como NBR, FKM (Viton), EPDM, silicona y compuestos encapsulados de PTFE, las juntas t\u00f3ricas Wonzh ofrecen una excelente resistencia al calor, el aceite, los productos qu\u00edmicos y el desgaste. El moldeado de precisi\u00f3n y el estricto control de calidad garantizan la precisi\u00f3n dimensional, una larga vida \u00fatil y un rendimiento de sellado estable en distintas condiciones de funcionamiento.<\/p>\n<p data-start=\"1295\" data-end=\"1694\">Como proveedor experimentado de sellado industrial, Wonzh proporciona tama\u00f1os est\u00e1ndar, dimensiones m\u00e9tricas y en pulgadas, as\u00ed como soluciones personalizadas de juntas t\u00f3ricas adaptadas a requisitos espec\u00edficos de presi\u00f3n, temperatura y compatibilidad de medios. Nuestro equipo de ingenieros ayuda en la selecci\u00f3n de materiales, recomendaciones de dise\u00f1o de ranuras y optimizaci\u00f3n de aplicaciones para garantizar un rendimiento fiable en entornos operativos reales.<\/p>\n<h2 data-start=\"1701\" data-end=\"1720\"><strong data-start=\"1704\" data-end=\"1720\">Caracter\u00edsticas principales<\/strong><\/h2>\n<ul data-start=\"1722\" data-end=\"2041\">\n<li data-start=\"1722\" data-end=\"1790\">\n<p data-start=\"1724\" data-end=\"1790\">Excelentes prestaciones de estanquidad en aplicaciones est\u00e1ticas y din\u00e1micas<\/p>\n<\/li>\n<li data-start=\"1791\" data-end=\"1862\">\n<p data-start=\"1793\" data-end=\"1862\">Amplia gama de materiales para diferentes medios y temperaturas<\/p>\n<\/li>\n<li data-start=\"1863\" data-end=\"1907\">\n<p data-start=\"1865\" data-end=\"1907\">Gran elasticidad y recuperaci\u00f3n de la compresi\u00f3n<\/p>\n<\/li>\n<li data-start=\"1908\" data-end=\"1958\">\n<p data-start=\"1910\" data-end=\"1958\">Gran resistencia al aceite, los productos qu\u00edmicos y el envejecimiento<\/p>\n<\/li>\n<li data-start=\"1959\" data-end=\"2000\">\n<p data-start=\"1961\" data-end=\"2000\">F\u00e1cil instalaci\u00f3n y bajo mantenimiento<\/p>\n<\/li>\n<li data-start=\"2001\" data-end=\"2041\">\n<p data-start=\"2003\" data-end=\"2041\">Tama\u00f1os y materiales a medida<\/p>\n<\/li>\n<\/ul>\n<h2 data-start=\"2048\" data-end=\"2075\"><strong data-start=\"2051\" data-end=\"2075\">Aplicaciones t\u00edpicas<\/strong><\/h2>\n<ul data-start=\"2077\" data-end=\"2357\">\n<li data-start=\"2077\" data-end=\"2112\">\n<p data-start=\"2079\" data-end=\"2112\">Sistemas hidr\u00e1ulicos y neum\u00e1ticos<\/p>\n<\/li>\n<li data-start=\"2113\" data-end=\"2133\">\n<p data-start=\"2115\" data-end=\"2133\">Bombas y v\u00e1lvulas<\/p>\n<\/li>\n<li data-start=\"2134\" data-end=\"2172\">\n<p data-start=\"2136\" data-end=\"2172\">Maquinaria y equipos industriales<\/p>\n<\/li>\n<li data-start=\"2173\" data-end=\"2198\">\n<p data-start=\"2175\" data-end=\"2198\">Componentes de automoci\u00f3n<\/p>\n<\/li>\n<li data-start=\"2199\" data-end=\"2232\">\n<p data-start=\"2201\" data-end=\"2232\">Equipos de procesamiento qu\u00edmico<\/p>\n<\/li>\n<li data-start=\"2233\" data-end=\"2294\">\n<p data-start=\"2235\" data-end=\"2294\">Maquinaria para alimentos y bebidas (opciones de grado FDA disponibles)<\/p>\n<\/li>\n<li data-start=\"2295\" data-end=\"2322\">\n<p data-start=\"2297\" data-end=\"2322\">Sistemas de tratamiento del agua<\/p>\n<\/li>\n<li data-start=\"2323\" data-end=\"2357\">\n<p data-start=\"2325\" data-end=\"2357\">Equipos aeroespaciales y energ\u00e9ticos<\/p>\n<\/li>\n<\/ul>\n<h2 data-start=\"2364\" data-end=\"2416\"><strong data-start=\"2367\" data-end=\"2414\">Par\u00e1metros t\u00e9cnicos (gama representativa)<\/strong><\/h2>\n<div class=\"TyagGW_tableContainer\">\n<div class=\"group TyagGW_tableWrapper flex flex-col-reverse w-fit\" tabindex=\"-1\">\n<table class=\"w-fit min-w-(--thread-content-width)\" data-start=\"2418\" data-end=\"2984\">\n<thead data-start=\"2418\" data-end=\"2455\">\n<tr data-start=\"2418\" data-end=\"2455\">\n<th data-start=\"2418\" data-end=\"2430\" data-col-size=\"sm\">Par\u00e1metro<\/th>\n<th data-start=\"2430\" data-end=\"2455\" data-col-size=\"md\">Especificaci\u00f3n \/ Gama<\/th>\n<\/tr>\n<\/thead>\n<tbody data-start=\"2466\" data-end=\"2984\">\n<tr data-start=\"2466\" data-end=\"2505\">\n<td data-start=\"2466\" data-end=\"2478\" data-col-size=\"sm\">Tipo de junta<\/td>\n<td data-start=\"2478\" data-end=\"2505\" data-col-size=\"md\">Junta t\u00f3rica (junta de elast\u00f3mero)<\/td>\n<\/tr>\n<tr data-start=\"2506\" data-end=\"2558\">\n<td data-start=\"2506\" data-end=\"2522\" data-col-size=\"sm\">Secci\u00f3n transversal<\/td>\n<td data-start=\"2522\" data-end=\"2558\" data-col-size=\"md\">1,0 - 10,0 mm (a medida)<\/td>\n<\/tr>\n<tr data-start=\"2559\" data-end=\"2613\">\n<td data-start=\"2559\" data-end=\"2576\" data-col-size=\"sm\">Di\u00e1metro interior<\/td>\n<td data-start=\"2576\" data-end=\"2613\" data-col-size=\"md\">2 mm - 1000 mm (a medida)<\/td>\n<\/tr>\n<tr data-start=\"2614\" data-end=\"2667\">\n<td data-start=\"2614\" data-end=\"2635\" data-col-size=\"sm\">Dureza (Shore A)<\/td>\n<td data-start=\"2635\" data-end=\"2667\" data-col-size=\"md\">60 - 90 (depende del material)<\/td>\n<\/tr>\n<tr data-start=\"2668\" data-end=\"2728\">\n<td data-start=\"2668\" data-end=\"2688\" data-col-size=\"sm\">Temperatura<\/td>\n<td data-start=\"2688\" data-end=\"2728\" data-col-size=\"md\">-40\u00b0C a +250\u00b0C (en funci\u00f3n del material)<\/td>\n<\/tr>\n<tr data-start=\"2729\" data-end=\"2795\">\n<td data-start=\"2729\" data-end=\"2751\" data-col-size=\"sm\">Resistencia a la presi\u00f3n<\/td>\n<td data-start=\"2751\" data-end=\"2795\" data-col-size=\"md\">Hasta 40 MPa (con un dise\u00f1o adecuado de las ranuras)<\/td>\n<\/tr>\n<tr data-start=\"2796\" data-end=\"2865\">\n<td data-start=\"2796\" data-end=\"2818\" data-col-size=\"sm\">Materiales disponibles<\/td>\n<td data-start=\"2818\" data-end=\"2865\" data-col-size=\"md\">NBR, FKM, EPDM, Silicona, PTFE-Encapsulado<\/td>\n<\/tr>\n<tr data-start=\"2866\" data-end=\"2937\">\n<td data-start=\"2866\" data-end=\"2882\" data-col-size=\"sm\">Opciones de color<\/td>\n<td data-start=\"2882\" data-end=\"2937\" data-col-size=\"md\">Negro, marr\u00f3n, verde, rojo, azul (en funci\u00f3n del material)<\/td>\n<\/tr>\n<tr data-start=\"2938\" data-end=\"2984\">\n<td data-start=\"2938\" data-end=\"2960\" data-col-size=\"sm\">Normas admitidas<\/td>\n<td data-start=\"2960\" data-end=\"2984\" data-col-size=\"md\">ISO 3601, AS568, DIN<\/td>\n<\/tr>\n<\/tbody>\n<\/table>\n<\/div>\n<\/div>\n<h2 data-start=\"2991\" data-end=\"3037\"><strong data-start=\"2994\" data-end=\"3037\">Gu\u00eda de selecci\u00f3n de materiales representativos<\/strong><\/h2>\n<div class=\"TyagGW_tableContainer\">\n<div class=\"group TyagGW_tableWrapper flex flex-col-reverse w-fit\" tabindex=\"-1\">\n<table class=\"w-fit min-w-(--thread-content-width)\" data-start=\"3039\" data-end=\"3513\">\n<thead data-start=\"3039\" data-end=\"3078\">\n<tr data-start=\"3039\" data-end=\"3078\">\n<th data-start=\"3039\" data-end=\"3050\" data-col-size=\"sm\">Material<\/th>\n<th data-start=\"3050\" data-end=\"3064\" data-col-size=\"sm\">Uso t\u00edpico<\/th>\n<th data-start=\"3064\" data-end=\"3078\" data-col-size=\"sm\">Ventajas<\/th>\n<\/tr>\n<\/thead>\n<tbody data-start=\"3093\" data-end=\"3513\">\n<tr data-start=\"3093\" data-end=\"3173\">\n<td data-start=\"3093\" data-end=\"3108\" data-col-size=\"sm\">NBR (Buna-N)<\/td>\n<td data-start=\"3108\" data-end=\"3129\" data-col-size=\"sm\">Sistemas de aceite y combustible<\/td>\n<td data-start=\"3129\" data-end=\"3173\" data-col-size=\"sm\">Excelente resistencia al aceite, rentable<\/td>\n<\/tr>\n<tr data-start=\"3174\" data-end=\"3272\">\n<td data-start=\"3174\" data-end=\"3188\" data-col-size=\"sm\">FKM (Viton)<\/td>\n<td data-start=\"3188\" data-end=\"3231\" data-col-size=\"sm\">Altas temperaturas y entornos qu\u00edmicos<\/td>\n<td data-start=\"3231\" data-end=\"3272\" data-col-size=\"sm\">Resistencia superior al calor y a los productos qu\u00edmicos<\/td>\n<\/tr>\n<tr data-start=\"3273\" data-end=\"3351\">\n<td data-start=\"3273\" data-end=\"3280\" data-col-size=\"sm\">EPDM<\/td>\n<td data-start=\"3280\" data-end=\"3309\" data-col-size=\"sm\">Aplicaciones de agua y vapor<\/td>\n<td data-start=\"3309\" data-end=\"3351\" data-col-size=\"sm\">Excelente resistencia a la intemperie y al ozono<\/td>\n<\/tr>\n<tr data-start=\"3352\" data-end=\"3434\">\n<td data-start=\"3352\" data-end=\"3363\" data-col-size=\"sm\">Silicona<\/td>\n<td data-start=\"3363\" data-end=\"3390\" data-col-size=\"sm\">Alimentaci\u00f3n y equipamiento m\u00e9dico<\/td>\n<td data-start=\"3390\" data-end=\"3434\" data-col-size=\"sm\">Alta flexibilidad, amplia gama de temperaturas<\/td>\n<\/tr>\n<tr data-start=\"3435\" data-end=\"3513\">\n<td data-start=\"3435\" data-end=\"3455\" data-col-size=\"sm\">PTFE-Encapsulado<\/td>\n<td data-start=\"3455\" data-end=\"3478\" data-col-size=\"sm\">Medios qu\u00edmicos agresivos<\/td>\n<td data-start=\"3478\" data-end=\"3513\" data-col-size=\"sm\">Excelente resistencia qu\u00edmica<\/td>\n<\/tr>\n<\/tbody>\n<\/table>\n<\/div>\n<\/div>\n<h2 data-start=\"3520\" data-end=\"3543\"><strong data-start=\"3523\" data-end=\"3543\">Por qu\u00e9 elegir Wonzh<\/strong><\/h2>\n<ul data-start=\"3545\" data-end=\"3803\">\n<li data-start=\"3545\" data-end=\"3598\">\n<p data-start=\"3547\" data-end=\"3598\">Estricto control de calidad e inspecci\u00f3n dimensional<\/p>\n<\/li>\n<li data-start=\"3599\" data-end=\"3651\">\n<p data-start=\"3601\" data-end=\"3651\">Amplia gama de materiales para diferentes sectores<\/p>\n<\/li>\n<li data-start=\"3652\" data-end=\"3693\">\n<p data-start=\"3654\" data-end=\"3693\">Disponibilidad de tama\u00f1os est\u00e1ndar y personalizados<\/p>\n<\/li>\n<li data-start=\"3694\" data-end=\"3757\">\n<p data-start=\"3696\" data-end=\"3757\">Asistencia t\u00e9cnica para el dise\u00f1o de ranuras y la adaptaci\u00f3n de materiales<\/p>\n<\/li>\n<li data-start=\"3758\" data-end=\"3803\">\n<p data-start=\"3760\" data-end=\"3803\">Cadena de suministro estable y entrega fiable<\/p>\n<\/li>\n<\/ul>\n<h2 data-start=\"3810\" data-end=\"3851\"><strong data-start=\"3813\" data-end=\"3849\">Preguntas m\u00e1s frecuentes (FAQ)<\/strong><\/h2>\n<h3 data-start=\"3853\" data-end=\"3894\"><strong data-start=\"3857\" data-end=\"3892\">P1: \u00bfPara qu\u00e9 sirve una junta t\u00f3rica?<\/strong><\/h3>\n<p data-start=\"3895\" data-end=\"4020\">Una junta t\u00f3rica se utiliza para evitar fugas entre dos superficies de contacto mediante la creaci\u00f3n de un sello comprimido que bloquea el flujo de fluido o gas.<\/p>\n<h3 data-start=\"4022\" data-end=\"4067\"><strong data-start=\"4026\" data-end=\"4065\">P2: \u00bfQu\u00e9 material debo elegir?<\/strong><\/h3>\n<ul data-start=\"4068\" data-end=\"4247\">\n<li data-start=\"4068\" data-end=\"4098\">\n<p data-start=\"4070\" data-end=\"4098\">Para petr\u00f3leo y combustible \u2192 <strong data-start=\"4089\" data-end=\"4096\">NBR<\/strong><\/p>\n<\/li>\n<li data-start=\"4099\" data-end=\"4154\">\n<p data-start=\"4101\" data-end=\"4154\">Para altas temperaturas o productos qu\u00edmicos \u2192 <strong data-start=\"4137\" data-end=\"4152\">FKM (Viton)<\/strong><\/p>\n<\/li>\n<li data-start=\"4155\" data-end=\"4185\">\n<p data-start=\"4157\" data-end=\"4185\">Para agua\/vapor \u2192 <strong data-start=\"4175\" data-end=\"4183\">EPDM<\/strong><\/p>\n<\/li>\n<li data-start=\"4186\" data-end=\"4247\">\n<p data-start=\"4188\" data-end=\"4247\">Para uso alimentario \u2192 <strong data-start=\"4209\" data-end=\"4247\">Silicona o materiales aprobados por la FDA<\/strong><\/p>\n<\/li>\n<\/ul>\n<h3 data-start=\"4249\" data-end=\"4308\"><strong data-start=\"4253\" data-end=\"4306\">P3: \u00bfSe pueden utilizar juntas t\u00f3ricas en sistemas de alta presi\u00f3n?<\/strong><\/h3>\n<p data-start=\"4309\" data-end=\"4403\">S\u00ed. Con un dise\u00f1o adecuado de las ranuras y anillos de apoyo, las juntas t\u00f3ricas pueden soportar presiones de hasta 40 MPa.<\/p>\n<h3 data-start=\"4405\" data-end=\"4447\"><strong data-start=\"4409\" data-end=\"4445\">P4: \u00bfOfrecen tallas personalizadas?<\/strong><\/h3>\n<p data-start=\"4448\" data-end=\"4558\">S\u00ed. Podemos fabricar juntas t\u00f3ricas en di\u00e1metros, secciones transversales y materiales personalizados en funci\u00f3n de sus necesidades.<\/p>\n<h3 data-start=\"4560\" data-end=\"4598\"><strong data-start=\"4564\" data-end=\"4596\">P5: \u00bfSon compatibles las normas?<\/strong><\/h3>\n<p data-start=\"4599\" data-end=\"4658\">S\u00ed. Cumplimos <strong data-start=\"4619\" data-end=\"4647\">ISO 3601, AS568 y DIN<\/strong> normas.<\/p>","protected":false},"excerpt":{"rendered":"<p>Las juntas t\u00f3ricas suministradas por Wonzh son componentes de estanquidad de elast\u00f3mero de alto rendimiento dise\u00f1ados para evitar fugas de l\u00edquidos, gases y otros medios tanto en aplicaciones est\u00e1ticas como din\u00e1micas.<\/p>","protected":false},"featured_media":1487,"comment_status":"open","ping_status":"closed","template":"","meta":{"site-sidebar-layout":"default","site-content-layout":"","ast-site-content-layout":"default","site-content-style":"default","site-sidebar-style":"default","ast-global-header-display":"","ast-banner-title-visibility":"","ast-main-header-display":"","ast-hfb-above-header-display":"","ast-hfb-below-header-display":"","ast-hfb-mobile-header-display":"","site-post-title":"","ast-breadcrumbs-content":"","ast-featured-img":"","footer-sml-layout":"","ast-disable-related-posts":"","theme-transparent-header-meta":"default","adv-header-id-meta":"","stick-header-meta":"default","header-above-stick-meta":"","header-main-stick-meta":"","header-below-stick-meta":"","astra-migrate-meta-layouts":"set","ast-page-background-enabled":"default","ast-page-background-meta":{"desktop":{"background-color":"","background-image":"","background-repeat":"repeat","background-position":"center center","background-size":"auto","background-attachment":"scroll","background-type":"","background-media":"","overlay-type":"","overlay-color":"","overlay-opacity":"","overlay-gradient":""},"tablet":{"background-color":"","background-image":"","background-repeat":"repeat","background-position":"center center","background-size":"auto","background-attachment":"scroll","background-type":"","background-media":"","overlay-type":"","overlay-color":"","overlay-opacity":"","overlay-gradient":""},"mobile":{"background-color":"","background-image":"","background-repeat":"repeat","background-position":"center center","background-size":"auto","background-attachment":"scroll","background-type":"","background-media":"","overlay-type":"","overlay-color":"","overlay-opacity":"","overlay-gradient":""}},"ast-content-background-meta":{"desktop":{"background-color":"var(--ast-global-color-5)","background-image":"","background-repeat":"repeat","background-position":"center center","background-size":"auto","background-attachment":"scroll","background-type":"","background-media":"","overlay-type":"","overlay-color":"","overlay-opacity":"","overlay-gradient":""},"tablet":{"background-color":"var(--ast-global-color-5)","background-image":"","background-repeat":"repeat","background-position":"center center","background-size":"auto","background-attachment":"scroll","background-type":"","background-media":"","overlay-type":"","overlay-color":"","overlay-opacity":"","overlay-gradient":""},"mobile":{"background-color":"var(--ast-global-color-5)","background-image":"","background-repeat":"repeat","background-position":"center center","background-size":"auto","background-attachment":"scroll","background-type":"","background-media":"","overlay-type":"","overlay-color":"","overlay-opacity":"","overlay-gradient":""}}},"product_brand":[],"product_cat":[21],"product_tag":[212,214,213,205,202,208,207,203,190,211,206,201,210,209,204],"class_list":{"0":"post-1443","1":"product","2":"type-product","3":"status-publish","4":"has-post-thumbnail","6":"product_cat-sealing-parts-sealing-systems","7":"product_tag-as568-o-ring","8":"product_tag-china-seal-manufacturer","9":"product_tag-custom-o-rings","10":"product_tag-dynamic-seal","11":"product_tag-elastomer-seal","12":"product_tag-epdm-o-ring","13":"product_tag-fkm-o-ring","14":"product_tag-hydraulic-seal","15":"product_tag-industrial-sealing","16":"product_tag-iso-3601-o-ring","17":"product_tag-nbr-o-ring","18":"product_tag-o-ring-seal","19":"product_tag-ptfe-encapsulated-o-ring","20":"product_tag-silicone-o-ring","21":"product_tag-static-seal","22":"desktop-align-left","23":"tablet-align-left","24":"mobile-align-left","26":"first","27":"instock","28":"shipping-taxable","29":"product-type-simple"},"_links":{"self":[{"href":"https:\/\/www.wonzh.com\/es\/wp-json\/wp\/v2\/product\/1443","targetHints":{"allow":["GET"]}}],"collection":[{"href":"https:\/\/www.wonzh.com\/es\/wp-json\/wp\/v2\/product"}],"about":[{"href":"https:\/\/www.wonzh.com\/es\/wp-json\/wp\/v2\/types\/product"}],"replies":[{"embeddable":true,"href":"https:\/\/www.wonzh.com\/es\/wp-json\/wp\/v2\/comments?post=1443"}],"wp:featuredmedia":[{"embeddable":true,"href":"https:\/\/www.wonzh.com\/es\/wp-json\/wp\/v2\/media\/1487"}],"wp:attachment":[{"href":"https:\/\/www.wonzh.com\/es\/wp-json\/wp\/v2\/media?parent=1443"}],"wp:term":[{"taxonomy":"product_brand","embeddable":true,"href":"https:\/\/www.wonzh.com\/es\/wp-json\/wp\/v2\/product_brand?post=1443"},{"taxonomy":"product_cat","embeddable":true,"href":"https:\/\/www.wonzh.com\/es\/wp-json\/wp\/v2\/product_cat?post=1443"},{"taxonomy":"product_tag","embeddable":true,"href":"https:\/\/www.wonzh.com\/es\/wp-json\/wp\/v2\/product_tag?post=1443"}],"curies":[{"name":"wp","href":"https:\/\/api.w.org\/{rel}","templated":true}]}}