{"id":2153,"date":"2026-04-29T15:31:51","date_gmt":"2026-04-29T15:31:51","guid":{"rendered":"https:\/\/www.wonzh.com\/?post_type=product&#038;p=2153"},"modified":"2026-04-29T15:31:53","modified_gmt":"2026-04-29T15:31:53","slug":"zgs13-wind-solar-power-pad-mounted-step-up-transformer-0-69kv-to-10kv-35kv-compact-substation-transformer-for-renewable-energy-systems","status":"publish","type":"product","link":"https:\/\/www.wonzh.com\/de\/product\/zgs13-wind-solar-power-pad-mounted-step-up-transformer-0-69kv-to-10kv-35kv-compact-substation-transformer-for-renewable-energy-systems\/","title":{"rendered":"ZGS13 Wind- und Solarenergie Aufspanntransformator (0,69kV bis 10kV \/ 35kV Kompakttransformator f\u00fcr erneuerbare Energiesysteme)"},"content":{"rendered":"<p data-start=\"283\" data-end=\"466\">Der Aufw\u00e4rtstransformator der Serie ZGS13 f\u00fcr Wind- und Solarenergie ist eine integrierte, kompakte Transformatoreinheit, die f\u00fcr Systeme zur Erzeugung erneuerbarer Energien entwickelt wurde.<\/p>\n<p data-start=\"468\" data-end=\"532\">Es vereint die folgenden Komponenten in einer kompakten Struktur:<\/p>\n<ul data-start=\"533\" data-end=\"630\">\n<li data-section-id=\"159gwlz\" data-start=\"533\" data-end=\"565\">Transformatorkern und Wicklung<\/li>\n<li data-section-id=\"1nd1vfv\" data-start=\"566\" data-end=\"580\">Schaltanlage<\/li>\n<li data-section-id=\"1gutmwu\" data-start=\"581\" data-end=\"590\">Sicherungen<\/li>\n<li data-section-id=\"1b2jgah\" data-start=\"591\" data-end=\"606\">Stufenschalter<\/li>\n<li data-section-id=\"1d1nt9k\" data-start=\"607\" data-end=\"630\">Hilfsmittel<\/li>\n<\/ul>\n<p data-start=\"632\" data-end=\"762\">Das Ger\u00e4t verwendet Transformator-Isolier\u00f6l als Isolier- und K\u00fchlmedium, was einen hohen Wirkungsgrad und einen stabilen Betrieb gew\u00e4hrleistet.<\/p>\n<p data-start=\"764\" data-end=\"889\">Er ist f\u00fcr die Umwandlung der erzeugten Energie aus:<br \/>\n\ud83d\udc49 0,69kV (0,27-1,14kV)<br data-start=\"839\" data-end=\"842\" \/>in<br data-start=\"846\" data-end=\"849\" \/>\ud83d\udc49 10kV oder 35kV Mittelspannungsebene<\/p>\n<p data-start=\"891\" data-end=\"954\">f\u00fcr die Netz\u00fcbertragung \u00fcber Erdkabel oder Freileitungen.<\/p>\n<hr data-start=\"956\" data-end=\"959\" \/>\n<h2 data-section-id=\"lmz2ep\" data-start=\"961\" data-end=\"984\">\ud83d\udd39 Anwendungsbereich<\/h2>\n<p data-start=\"986\" data-end=\"1001\">Weit verbreitet in:<\/p>\n<ul data-start=\"1002\" data-end=\"1152\">\n<li data-section-id=\"2kgmpf\" data-start=\"1002\" data-end=\"1035\">Systeme zur Windenergieerzeugung<\/li>\n<li data-section-id=\"aj1s75\" data-start=\"1036\" data-end=\"1076\">Photovoltaische Solarkraftwerke (PV)<\/li>\n<li data-section-id=\"x0107k\" data-start=\"1077\" data-end=\"1120\">Umspannwerke f\u00fcr erneuerbare Energien<\/li>\n<li data-section-id=\"dyo4pr\" data-start=\"1121\" data-end=\"1152\">Verteilte Energieprojekte<\/li>\n<\/ul>\n<hr data-start=\"1154\" data-end=\"1157\" \/>\n<h2 data-section-id=\"17fvu7l\" data-start=\"1159\" data-end=\"1177\">\ud83d\udd39 Hauptmerkmale<\/h2>\n<h3 data-section-id=\"8xngy4\" data-start=\"1179\" data-end=\"1209\">\u2714 Hochintegriertes Design<\/h3>\n<ul data-start=\"1210\" data-end=\"1338\">\n<li data-section-id=\"18mz8ju\" data-start=\"1210\" data-end=\"1282\">Transformator + Schaltanlage + Schutzeinrichtungen in einem Ger\u00e4t integriert<\/li>\n<li data-section-id=\"h1zq8k\" data-start=\"1283\" data-end=\"1338\">Kompakte Struktur f\u00fcr die Installation im Freien geeignet<\/li>\n<\/ul>\n<p data-start=\"1340\" data-end=\"1392\">\ud83d\udc49 Reduziert die Systemkomplexit\u00e4t und die Installationskosten<\/p>\n<hr data-start=\"1394\" data-end=\"1397\" \/>\n<h3 data-section-id=\"13rpt0v\" data-start=\"1399\" data-end=\"1429\">\u2714 Step-Up Power Conversion<\/h3>\n<ul data-start=\"1430\" data-end=\"1532\">\n<li data-section-id=\"n0iuwa\" data-start=\"1430\" data-end=\"1490\">Wandelt die Leistung der Niederspannungserzeugung in Mittelspannung um<\/li>\n<li data-section-id=\"1udo1p2\" data-start=\"1491\" data-end=\"1532\">Unterst\u00fctzt Netzanschlussanforderungen<\/li>\n<\/ul>\n<p data-start=\"1534\" data-end=\"1590\">\ud83d\udc49 Wesentlich f\u00fcr \u00dcbertragungssysteme f\u00fcr erneuerbare Energien<\/p>\n<hr data-start=\"1592\" data-end=\"1595\" \/>\n<h3 data-section-id=\"dsrx6t\" data-start=\"1597\" data-end=\"1643\">\u2714 Isolierung und K\u00fchlsystem in \u00d6l getaucht<\/h3>\n<ul data-start=\"1644\" data-end=\"1734\">\n<li data-section-id=\"13xv2st\" data-start=\"1644\" data-end=\"1734\">Verwendet Isolier\u00f6l als:\n<ul data-start=\"1672\" data-end=\"1734\">\n<li data-section-id=\"s7zkff\" data-start=\"1672\" data-end=\"1704\">Elektrisches Isoliermittel<\/li>\n<li data-section-id=\"m3lgqs\" data-start=\"1707\" data-end=\"1734\">Medium zur W\u00e4rmeabgabe<\/li>\n<\/ul>\n<\/li>\n<\/ul>\n<p data-start=\"1736\" data-end=\"1775\">\ud83d\udc49 Gew\u00e4hrleistet einen stabilen Langzeitbetrieb<\/p>\n<hr data-start=\"1777\" data-end=\"1780\" \/>\n<h3 data-section-id=\"q0elz3\" data-start=\"1782\" data-end=\"1823\">\u2714 Schnelle Installation und einfacher Einsatz<\/h3>\n<ul data-start=\"1824\" data-end=\"1894\">\n<li data-section-id=\"1oiyy76\" data-start=\"1824\" data-end=\"1856\">Werkseitig vormontierte Ausf\u00fchrung<\/li>\n<li data-section-id=\"8zqbpt\" data-start=\"1857\" data-end=\"1894\">Minimaler Installationsaufwand vor Ort<\/li>\n<\/ul>\n<p data-start=\"1896\" data-end=\"1938\">\ud83d\udc49 Ideal f\u00fcr abgelegene Wind- und Solarparks<\/p>\n<hr data-start=\"1940\" data-end=\"1943\" \/>\n<h3 data-section-id=\"1ney3w6\" data-start=\"1945\" data-end=\"1976\">\u2714 Hohe Sicherheit und Zuverl\u00e4ssigkeit<\/h3>\n<ul data-start=\"1977\" data-end=\"2059\">\n<li data-section-id=\"18wyaby\" data-start=\"1977\" data-end=\"2005\">Vollst\u00e4ndig geschlossene Struktur<\/li>\n<li data-section-id=\"1yfbqna\" data-start=\"2006\" data-end=\"2059\">Integriertes Schutzsystem (Sicherungen + Schaltger\u00e4te)<\/li>\n<\/ul>\n<p data-start=\"2061\" data-end=\"2105\">\ud83d\udc49 Geeignet f\u00fcr raue Umgebungen im Freien<\/p>\n<hr data-start=\"2107\" data-end=\"2110\" \/>\n<h3 data-section-id=\"1ukkhrg\" data-start=\"2112\" data-end=\"2149\">\u2714 Energieeffizient und umweltfreundlich<\/h3>\n<ul data-start=\"2150\" data-end=\"2242\">\n<li data-section-id=\"10oncp9\" data-start=\"2150\" data-end=\"2169\">Verlustarme Konstruktion<\/li>\n<li data-section-id=\"19wmozq\" data-start=\"2170\" data-end=\"2203\">Optimierte thermische Leistung<\/li>\n<li data-section-id=\"14ijk6v\" data-start=\"2204\" data-end=\"2242\">Umweltfreundlicher Betrieb<\/li>\n<\/ul>\n<hr data-start=\"2244\" data-end=\"2247\" \/>\n<h3 data-section-id=\"mvgs39\" data-start=\"2249\" data-end=\"2285\">\u2714 Flexible Spannungskonfiguration<\/h3>\n<p data-start=\"2286\" data-end=\"2295\">Unterst\u00fctzt:<\/p>\n<ul data-start=\"2296\" data-end=\"2363\">\n<li data-section-id=\"mzelvn\" data-start=\"2296\" data-end=\"2332\">0,69 kV Eingang (0,27-1,14 kV Bereich)<\/li>\n<li data-section-id=\"11dvkj3\" data-start=\"2333\" data-end=\"2363\">10kV \/ 35kV Ausgangsoptionen<\/li>\n<\/ul>\n<hr data-start=\"2365\" data-end=\"2368\" \/>\n<h2 data-section-id=\"149biba\" data-start=\"2370\" data-end=\"2393\">\ud83d\udd39 Arbeitsprinzip<\/h2>\n<ol data-start=\"2395\" data-end=\"2716\">\n<li data-section-id=\"4w3r9l\" data-start=\"2395\" data-end=\"2477\">Der von Windturbinen oder PV-Wechselrichtern erzeugte Strom gelangt in den Transformator<\/li>\n<li data-section-id=\"1s3j0n7\" data-start=\"2478\" data-end=\"2539\">Die Spannung wird von Niederspannung auf Mittelspannung hochgefahren<\/li>\n<li data-section-id=\"asu5i3\" data-start=\"2540\" data-end=\"2641\">Die Strom\u00fcbertragung zum Sammelsystem erfolgt \u00fcber:\n<ul data-start=\"2597\" data-end=\"2641\">\n<li data-section-id=\"1y41j33\" data-start=\"2597\" data-end=\"2619\">Unterirdische Kabel<\/li>\n<li data-section-id=\"1yxobhv\" data-start=\"2623\" data-end=\"2641\">Freileitungen<\/li>\n<\/ul>\n<\/li>\n<li data-section-id=\"fb5a62\" data-start=\"2642\" data-end=\"2716\">Die Energie wird an das Wind-\/Solar-Umspannwerk zur Netzintegration geliefert.<\/li>\n<\/ol>\n<hr data-start=\"2718\" data-end=\"2721\" \/>\n<h2 data-section-id=\"1rg4wz9\" data-start=\"2723\" data-end=\"2747\">\ud83d\udd39 Vorteile Zusammenfassung<\/h2>\n<ul data-start=\"2749\" data-end=\"3022\">\n<li data-section-id=\"223ev8\" data-start=\"2749\" data-end=\"2807\">Kompakte integrierte Bauweise f\u00fcr erneuerbare Energiesysteme<\/li>\n<li data-section-id=\"3v4amq\" data-start=\"2808\" data-end=\"2847\">Schnelle Installation und Inbetriebnahme<\/li>\n<li data-section-id=\"1kyl9qx\" data-start=\"2848\" data-end=\"2891\">Hohe Zuverl\u00e4ssigkeit und Betriebssicherheit<\/li>\n<li data-section-id=\"1o44870\" data-start=\"2892\" data-end=\"2935\">Geeignet f\u00fcr raue Umgebungen im Freien<\/li>\n<li data-section-id=\"5k48t5\" data-start=\"2936\" data-end=\"2980\">Unterst\u00fctzt Spannungsanforderungen auf Netzebene<\/li>\n<li data-section-id=\"18rnbjv\" data-start=\"2981\" data-end=\"3022\">Geringer Wartungsaufwand und lange Nutzungsdauer<\/li>\n<\/ul>\n<hr data-start=\"3024\" data-end=\"3027\" \/>\n<h1 data-section-id=\"1lxd8kj\" data-start=\"3029\" data-end=\"3036\">\u2753 FAQ<\/h1>\n<h3 data-section-id=\"16tdf6s\" data-start=\"3038\" data-end=\"3091\">1\ufe0f\u20e3 Wof\u00fcr wird ein Aufw\u00e4rtstransformator ZGS13 verwendet?<\/h3>\n<p data-start=\"3093\" data-end=\"3211\">Es wird dazu verwendet:<br \/>\n\ud83d\udc49 Erh\u00f6hung der Spannung von Wind- oder Solaranlagen auf Netz\u00fcbertragungsebene (10kV oder 35kV)<\/p>\n<hr data-start=\"3213\" data-end=\"3216\" \/>\n<h3 data-section-id=\"6385e5\" data-start=\"3218\" data-end=\"3248\">2\ufe0f\u20e3 Wo ist es installiert?<\/h3>\n<p data-start=\"3250\" data-end=\"3273\">Es wird h\u00e4ufig verwendet in:<\/p>\n<ul data-start=\"3274\" data-end=\"3347\">\n<li data-section-id=\"1ryn0s7\" data-start=\"3274\" data-end=\"3288\">Windparks<\/li>\n<li data-section-id=\"igs886\" data-start=\"3289\" data-end=\"3314\">PV-Solarkraftwerke<\/li>\n<li data-section-id=\"1aribom\" data-start=\"3315\" data-end=\"3347\">Umspannwerke f\u00fcr erneuerbare Energien<\/li>\n<\/ul>\n<hr data-start=\"3349\" data-end=\"3352\" \/>\n<h3 data-section-id=\"eaniav\" data-start=\"3354\" data-end=\"3412\">3\ufe0f\u20e3 Warum nennt man ihn Kompakttransformator?<\/h3>\n<p data-start=\"3414\" data-end=\"3436\">Weil es integriert ist:<\/p>\n<ul data-start=\"3437\" data-end=\"3490\">\n<li data-section-id=\"1c2mxqr\" data-start=\"3437\" data-end=\"3452\">Transformator<\/li>\n<li data-section-id=\"1nd1vfv\" data-start=\"3453\" data-end=\"3467\">Schaltanlage<\/li>\n<li data-section-id=\"9lz69s\" data-start=\"3468\" data-end=\"3490\">Schutzvorrichtungen<\/li>\n<\/ul>\n<p data-start=\"3492\" data-end=\"3524\">\ud83d\udc49 In eine vorgefertigte Einheit<\/p>\n<hr data-start=\"3526\" data-end=\"3529\" \/>\n<h3 data-section-id=\"kdbnzc\" data-start=\"3531\" data-end=\"3592\">4\ufe0f\u20e3 Was macht sie f\u00fcr Projekte im Bereich der erneuerbaren Energien geeignet?<\/h3>\n<ul data-start=\"3594\" data-end=\"3686\">\n<li data-section-id=\"5svd5d\" data-start=\"3594\" data-end=\"3613\">Schneller Einsatz<\/li>\n<li data-section-id=\"4sp4nl\" data-start=\"3614\" data-end=\"3636\">Haltbarkeit im Freien<\/li>\n<li data-section-id=\"1cqlean\" data-start=\"3637\" data-end=\"3666\">Stabile Spannungsumwandlung<\/li>\n<li data-section-id=\"1s8wp6p\" data-start=\"3667\" data-end=\"3686\">Geringer Wartungsaufwand<\/li>\n<\/ul>\n<hr data-start=\"3688\" data-end=\"3691\" \/>\n<h3 data-section-id=\"e1lsee\" data-start=\"3693\" data-end=\"3725\">5\ufe0f\u20e3 Wird er mit \u00d6l gek\u00fchlt?<\/h3>\n<p data-start=\"3727\" data-end=\"3794\">Ja, es verwendet:<br \/>\n\ud83d\udc49 Isolier\u00f6l zur K\u00fchlung und Isolierung<\/p>","protected":false},"excerpt":{"rendered":"<p data-start=\"283\" data-end=\"466\">Der Aufw\u00e4rtstransformator der Serie ZGS13 f\u00fcr Wind- und Solarenergie ist eine integrierte, kompakte Transformatoreinheit, die f\u00fcr Systeme zur Erzeugung erneuerbarer Energien entwickelt wurde.<\/p>\n<p data-start=\"468\" data-end=\"532\">Es vereint die folgenden Komponenten in einer kompakten Struktur:<\/p>\n<ul data-start=\"533\" data-end=\"630\">\n<li data-section-id=\"159gwlz\" data-start=\"533\" data-end=\"565\">Transformatorkern und Wicklung<\/li>\n<li data-section-id=\"1nd1vfv\" data-start=\"566\" data-end=\"580\">Schaltanlage<\/li>\n<li data-section-id=\"1gutmwu\" data-start=\"581\" data-end=\"590\">Sicherungen<\/li>\n<li data-section-id=\"1b2jgah\" data-start=\"591\" data-end=\"606\">Stufenschalter<\/li>\n<li data-section-id=\"1d1nt9k\" data-start=\"607\" data-end=\"630\">Hilfsmittel<\/li>\n<\/ul>","protected":false},"featured_media":2154,"comment_status":"open","ping_status":"closed","template":"","meta":{"site-sidebar-layout":"default","site-content-layout":"","ast-site-content-layout":"default","site-content-style":"default","site-sidebar-style":"default","ast-global-header-display":"","ast-banner-title-visibility":"","ast-main-header-display":"","ast-hfb-above-header-display":"","ast-hfb-below-header-display":"","ast-hfb-mobile-header-display":"","site-post-title":"","ast-breadcrumbs-content":"","ast-featured-img":"","footer-sml-layout":"","ast-disable-related-posts":"","theme-transparent-header-meta":"default","adv-header-id-meta":"","stick-header-meta":"","header-above-stick-meta":"","header-main-stick-meta":"","header-below-stick-meta":"","astra-migrate-meta-layouts":"set","ast-page-background-enabled":"default","ast-page-background-meta":{"desktop":{"background-color":"","background-image":"","background-repeat":"repeat","background-position":"center center","background-size":"auto","background-attachment":"scroll","background-type":"","background-media":"","overlay-type":"","overlay-color":"","overlay-opacity":"","overlay-gradient":""},"tablet":{"background-color":"","background-image":"","background-repeat":"repeat","background-position":"center center","background-size":"auto","background-attachment":"scroll","background-type":"","background-media":"","overlay-type":"","overlay-color":"","overlay-opacity":"","overlay-gradient":""},"mobile":{"background-color":"","background-image":"","background-repeat":"repeat","background-position":"center center","background-size":"auto","background-attachment":"scroll","background-type":"","background-media":"","overlay-type":"","overlay-color":"","overlay-opacity":"","overlay-gradient":""}},"ast-content-background-meta":{"desktop":{"background-color":"var(--ast-global-color-5)","background-image":"","background-repeat":"repeat","background-position":"center center","background-size":"auto","background-attachment":"scroll","background-type":"","background-media":"","overlay-type":"","overlay-color":"","overlay-opacity":"","overlay-gradient":""},"tablet":{"background-color":"var(--ast-global-color-5)","background-image":"","background-repeat":"repeat","background-position":"center center","background-size":"auto","background-attachment":"scroll","background-type":"","background-media":"","overlay-type":"","overlay-color":"","overlay-opacity":"","overlay-gradient":""},"mobile":{"background-color":"var(--ast-global-color-5)","background-image":"","background-repeat":"repeat","background-position":"center center","background-size":"auto","background-attachment":"scroll","background-type":"","background-media":"","overlay-type":"","overlay-color":"","overlay-opacity":"","overlay-gradient":""}}},"product_brand":[],"product_cat":[2036,2032],"product_tag":[2156,2157,2160,2159,2155,2158,2162,2154,2161,2153,2152],"class_list":{"0":"post-2153","1":"product","2":"type-product","3":"status-publish","4":"has-post-thumbnail","6":"product_cat-renewable-energy-products","7":"product_cat-electrical-equipment","8":"product_tag-0-69kv-to-10kv-transformer","9":"product_tag-35kv-step-up-transformer","10":"product_tag-compact-substation-transformer","11":"product_tag-pad-mounted-transformer","12":"product_tag-pv-substation-transformer","13":"product_tag-renewable-energy-transformer","14":"product_tag-solar-power-equipment","15":"product_tag-solar-step-up-transformer","16":"product_tag-wind-farm-electrical-equipment","17":"product_tag-wind-power-transformer","18":"product_tag-zgs13-transformer","19":"desktop-align-left","20":"tablet-align-left","21":"mobile-align-left","23":"first","24":"instock","25":"shipping-taxable","26":"product-type-simple"},"_links":{"self":[{"href":"https:\/\/www.wonzh.com\/de\/wp-json\/wp\/v2\/product\/2153","targetHints":{"allow":["GET"]}}],"collection":[{"href":"https:\/\/www.wonzh.com\/de\/wp-json\/wp\/v2\/product"}],"about":[{"href":"https:\/\/www.wonzh.com\/de\/wp-json\/wp\/v2\/types\/product"}],"replies":[{"embeddable":true,"href":"https:\/\/www.wonzh.com\/de\/wp-json\/wp\/v2\/comments?post=2153"}],"wp:featuredmedia":[{"embeddable":true,"href":"https:\/\/www.wonzh.com\/de\/wp-json\/wp\/v2\/media\/2154"}],"wp:attachment":[{"href":"https:\/\/www.wonzh.com\/de\/wp-json\/wp\/v2\/media?parent=2153"}],"wp:term":[{"taxonomy":"product_brand","embeddable":true,"href":"https:\/\/www.wonzh.com\/de\/wp-json\/wp\/v2\/product_brand?post=2153"},{"taxonomy":"product_cat","embeddable":true,"href":"https:\/\/www.wonzh.com\/de\/wp-json\/wp\/v2\/product_cat?post=2153"},{"taxonomy":"product_tag","embeddable":true,"href":"https:\/\/www.wonzh.com\/de\/wp-json\/wp\/v2\/product_tag?post=2153"}],"curies":[{"name":"wp","href":"https:\/\/api.w.org\/{rel}","templated":true}]}}