{"id":2118,"date":"2026-04-28T14:17:30","date_gmt":"2026-04-28T14:17:30","guid":{"rendered":"https:\/\/www.wonzh.com\/?post_type=product&#038;p=2118"},"modified":"2026-04-29T16:14:59","modified_gmt":"2026-04-29T16:14:59","slug":"scb11-epoxy-resin-cast-dry-type-transformer","status":"publish","type":"product","link":"https:\/\/www.wonzh.com\/de\/product\/scb11-epoxy-resin-cast-dry-type-transformer\/","title":{"rendered":"SCB11 Epoxidharzgegossener Trockentransformator (verlustarmer und energieeffizienter Typ)"},"content":{"rendered":"<p data-start=\"235\" data-end=\"430\"><img fetchpriority=\"high\" decoding=\"async\" class=\"size-medium wp-image-2120 alignright\" src=\"https:\/\/www.wonzh.com\/wp-content\/uploads\/2026\/04\/SCB11-Epoxy-Resin-Cast-Dry-Type-Power-Transformer-Low-Loss-Energy-Efficient-Type-3-300x300.png\" alt=\"\" width=\"300\" height=\"300\" srcset=\"https:\/\/www.wonzh.com\/wp-content\/uploads\/2026\/04\/SCB11-Epoxy-Resin-Cast-Dry-Type-Power-Transformer-Low-Loss-Energy-Efficient-Type-3-300x300.png 300w, https:\/\/www.wonzh.com\/wp-content\/uploads\/2026\/04\/SCB11-Epoxy-Resin-Cast-Dry-Type-Power-Transformer-Low-Loss-Energy-Efficient-Type-3-150x150.png 150w, https:\/\/www.wonzh.com\/wp-content\/uploads\/2026\/04\/SCB11-Epoxy-Resin-Cast-Dry-Type-Power-Transformer-Low-Loss-Energy-Efficient-Type-3-768x768.png 768w, https:\/\/www.wonzh.com\/wp-content\/uploads\/2026\/04\/SCB11-Epoxy-Resin-Cast-Dry-Type-Power-Transformer-Low-Loss-Energy-Efficient-Type-3-12x12.png 12w, https:\/\/www.wonzh.com\/wp-content\/uploads\/2026\/04\/SCB11-Epoxy-Resin-Cast-Dry-Type-Power-Transformer-Low-Loss-Energy-Efficient-Type-3-600x600.png 600w, https:\/\/www.wonzh.com\/wp-content\/uploads\/2026\/04\/SCB11-Epoxy-Resin-Cast-Dry-Type-Power-Transformer-Low-Loss-Energy-Efficient-Type-3-100x100.png 100w, https:\/\/www.wonzh.com\/wp-content\/uploads\/2026\/04\/SCB11-Epoxy-Resin-Cast-Dry-Type-Power-Transformer-Low-Loss-Energy-Efficient-Type-3.png 1000w\" sizes=\"(max-width: 300px) 100vw, 300px\" \/>Der SCB11 Epoxidharz-Trockentransformator ist eine verbesserte Version der SCB10-Serie, die mit geringeren Verlusten, verbesserter Energieeffizienz und erh\u00f6hter Betriebssicherheit ausgestattet ist.<\/p>\n<p data-start=\"432\" data-end=\"605\">Durch den Einsatz fortschrittlicher Gusstechnologie, hochwertiger Materialien und pr\u00e4ziser Produktionsverfahren bietet es hervorragende elektrische Leistungen und eine lange Lebensdauer.<\/p>\n<p data-start=\"607\" data-end=\"749\">Dieser Transformator ist \u00f6lfrei, feuerbest\u00e4ndig und umweltfreundlich und damit ideal f\u00fcr Innenr\u00e4ume und sicherheitskritische Anwendungen.<\/p>\n<p data-start=\"751\" data-end=\"772\">Es wird h\u00e4ufig verwendet in:<\/p>\n<ul data-start=\"773\" data-end=\"923\">\n<li data-section-id=\"ov2w8z\" data-start=\"773\" data-end=\"796\">Hochh\u00e4user<\/li>\n<li data-section-id=\"1yjht70\" data-start=\"797\" data-end=\"819\">Kommerzielle Zentren<\/li>\n<li data-section-id=\"1usaqco\" data-start=\"820\" data-end=\"844\">Flugh\u00e4fen und Tunnels<\/li>\n<li data-section-id=\"11epkig\" data-start=\"845\" data-end=\"864\">Chemische Anlagen<\/li>\n<li data-section-id=\"qf2vj0\" data-start=\"865\" data-end=\"891\">Kernkraftwerke<\/li>\n<li data-section-id=\"5nxb0l\" data-start=\"892\" data-end=\"923\">Marine- und Offshore-Systeme<\/li>\n<\/ul>\n<hr data-start=\"925\" data-end=\"928\" \/>\n<h2 data-section-id=\"g4vs8k\" data-start=\"930\" data-end=\"956\">\ud83d\udd39 Einhaltung von Normen<\/h2>\n<ul data-start=\"958\" data-end=\"1274\">\n<li data-section-id=\"1t9ehtv\" data-start=\"958\" data-end=\"1008\">IEC 60076-11 - Leistungstransformatoren in Trockenbauweise<\/li>\n<li data-section-id=\"1cu5kzl\" data-start=\"1009\" data-end=\"1049\">GB\/T 1094.1 - Leistungstransformatoren<\/li>\n<li data-section-id=\"12jd1ed\" data-start=\"1050\" data-end=\"1094\">GB\/T 1094.11 - Trocken-Transformatoren<\/li>\n<li data-section-id=\"2b1ch6\" data-start=\"1095\" data-end=\"1164\">GB\/T 10228 - Technische Anforderungen f\u00fcr Trocken-Transformatoren<\/li>\n<li data-section-id=\"1nzvw4u\" data-start=\"1165\" data-end=\"1224\">JB\/T 10088 - Schallpegel von 6kV-500kV-Transformatoren<\/li>\n<li data-section-id=\"16sztuj\" data-start=\"1225\" data-end=\"1274\">GB 20052-2020 - Normen f\u00fcr die Energieeffizienz<\/li>\n<\/ul>\n<hr data-start=\"1276\" data-end=\"1279\" \/>\n<h2 data-section-id=\"17fvu7l\" data-start=\"1281\" data-end=\"1299\">\ud83d\udd39 Hauptmerkmale<\/h2>\n<h3 data-section-id=\"1bk7ou6\" data-start=\"1301\" data-end=\"1331\">\u2714 H\u00f6here Energie-Effizienz<\/h3>\n<ul data-start=\"1332\" data-end=\"1458\">\n<li data-section-id=\"1c5yyc9\" data-start=\"1332\" data-end=\"1376\">Geringere Leerlauf- und Lastverluste als SCB10<\/li>\n<li data-section-id=\"13bj96\" data-start=\"1377\" data-end=\"1420\">Erf\u00fcllt moderne Energiesparanforderungen<\/li>\n<li data-section-id=\"1362i6d\" data-start=\"1421\" data-end=\"1458\">Reduziert die Betriebskosten im Laufe der Zeit<\/li>\n<\/ul>\n<hr data-start=\"1460\" data-end=\"1463\" \/>\n<h3 data-section-id=\"xrppzx\" data-start=\"1465\" data-end=\"1500\">\u2714 Hohe Sicherheit und Feuerbest\u00e4ndigkeit<\/h3>\n<ul data-start=\"1501\" data-end=\"1635\">\n<li data-section-id=\"2hl2rz\" data-start=\"1501\" data-end=\"1544\">\u00d6lfreie Konstruktion eliminiert Brandgefahren<\/li>\n<li data-section-id=\"1iz7znm\" data-start=\"1545\" data-end=\"1587\">Ungiftig und umweltfreundlich<\/li>\n<li data-section-id=\"1hbfpug\" data-start=\"1588\" data-end=\"1635\">Geeignet f\u00fcr die Installation in der N\u00e4he von Lastzentren<\/li>\n<\/ul>\n<hr data-start=\"1637\" data-end=\"1640\" \/>\n<h3 data-section-id=\"d5sgrf\" data-start=\"1642\" data-end=\"1684\">\u2714 Hohe Zuverl\u00e4ssigkeit und lange Lebensdauer<\/h3>\n<ul data-start=\"1685\" data-end=\"1804\">\n<li data-section-id=\"bi6h0g\" data-start=\"1685\" data-end=\"1725\">Fortschrittliches Epoxidharz-Gie\u00dfverfahren<\/li>\n<li data-section-id=\"1c490t9\" data-start=\"1726\" data-end=\"1757\">Niedriger Teilentladungsgrad<\/li>\n<li data-section-id=\"1dwz9yg\" data-start=\"1758\" data-end=\"1804\">Ausgezeichnete thermische Stabilit\u00e4t und Haltbarkeit<\/li>\n<\/ul>\n<hr data-start=\"1806\" data-end=\"1809\" \/>\n<h3 data-section-id=\"l9y0hl\" data-start=\"1811\" data-end=\"1843\">\u2714 Starke \u00dcberlastbarkeit<\/h3>\n<ul data-start=\"1844\" data-end=\"1927\">\n<li data-section-id=\"15of4r\" data-start=\"1844\" data-end=\"1872\">Effizientes K\u00fchlsystem<\/li>\n<li data-section-id=\"1i5hu2f\" data-start=\"1873\" data-end=\"1927\">Unterst\u00fctzt forcierte Luftk\u00fchlung f\u00fcr erh\u00f6hte Kapazit\u00e4t<\/li>\n<\/ul>\n<hr data-start=\"1929\" data-end=\"1932\" \/>\n<h3 data-section-id=\"u1jwb0\" data-start=\"1934\" data-end=\"1979\">\u2714 Best\u00e4ndigkeit gegen Feuchtigkeit und raue Umgebung<\/h3>\n<ul data-start=\"1980\" data-end=\"2084\">\n<li data-section-id=\"if9zqc\" data-start=\"1980\" data-end=\"2033\">Hervorragende Leistung bei hoher Luftfeuchtigkeit<\/li>\n<li data-section-id=\"1o770jo\" data-start=\"2034\" data-end=\"2084\">Geeignet f\u00fcr anspruchsvolle industrielle Umgebungen<\/li>\n<\/ul>\n<hr data-start=\"2086\" data-end=\"2089\" \/>\n<h3 data-section-id=\"5dsqk\" data-start=\"2091\" data-end=\"2126\">\u2714 Intelligentes \u00dcberwachungssystem<\/h3>\n<ul data-start=\"2127\" data-end=\"2269\">\n<li data-section-id=\"uteb38\" data-start=\"2127\" data-end=\"2175\">Temperatur\u00fcberwachung der Wicklungen in Echtzeit<\/li>\n<li data-section-id=\"143wrmj\" data-start=\"2176\" data-end=\"2201\">Automatische Gebl\u00e4sesteuerung<\/li>\n<li data-section-id=\"36ajnw\" data-start=\"2202\" data-end=\"2231\">Alarm und Ausl\u00f6seschutz<\/li>\n<li data-section-id=\"1yt3w6j\" data-start=\"2232\" data-end=\"2269\">Optionales Fern\u00fcberwachungssystem<\/li>\n<\/ul>\n<hr data-start=\"2271\" data-end=\"2274\" \/>\n<h3 data-section-id=\"129yrz8\" data-start=\"2276\" data-end=\"2319\">\u2714 Kompakte und kosteneffiziente Installation<\/h3>\n<ul data-start=\"2320\" data-end=\"2390\">\n<li data-section-id=\"z73dtz\" data-start=\"2320\" data-end=\"2350\">Geringe Gr\u00f6\u00dfe und geringes Gewicht<\/li>\n<li data-section-id=\"1ed73f8\" data-start=\"2351\" data-end=\"2390\">Geringerer Bauraum und geringere Kosten<\/li>\n<\/ul>\n<hr data-start=\"2392\" data-end=\"2395\" \/>\n<h2 data-section-id=\"1hq6i26\" data-start=\"2397\" data-end=\"2420\">\ud83d\udd39 Struktureller Entwurf<\/h2>\n<h3 data-section-id=\"1oaxluj\" data-start=\"2422\" data-end=\"2449\">\ud83d\udd38 Hochspannungs-Wicklung<\/h3>\n<ul data-start=\"2450\" data-end=\"2586\">\n<li data-section-id=\"1rs2wlq\" data-start=\"2450\" data-end=\"2488\">Leiter aus sauerstofffreier Kupferfolie<\/li>\n<li data-section-id=\"3ff1a0\" data-start=\"2489\" data-end=\"2518\">Isoliersystem der Klasse F<\/li>\n<li data-section-id=\"4z6hz8\" data-start=\"2519\" data-end=\"2555\">Glasfaserverst\u00e4rkte Struktur<\/li>\n<li data-section-id=\"dv6lws\" data-start=\"2556\" data-end=\"2586\">Vakuum-Epoxidharz-Guss<\/li>\n<\/ul>\n<p data-start=\"2588\" data-end=\"2599\">\u27a1 Vorteile:<\/p>\n<ul data-start=\"2600\" data-end=\"2691\">\n<li data-section-id=\"19zadxp\" data-start=\"2600\" data-end=\"2628\">Hohe elektrische Festigkeit<\/li>\n<li data-section-id=\"6ehatn\" data-start=\"2629\" data-end=\"2654\">Geringe Teilentladung<\/li>\n<li data-section-id=\"1b4urz8\" data-start=\"2655\" data-end=\"2691\">Hervorragende D\u00e4mmleistung<\/li>\n<\/ul>\n<hr data-start=\"2693\" data-end=\"2696\" \/>\n<h3 data-section-id=\"vz1dz5\" data-start=\"2698\" data-end=\"2724\">\ud83d\udd38 Niederspannungs-Wicklung<\/h3>\n<ul data-start=\"2725\" data-end=\"2845\">\n<li data-section-id=\"1maj4yk\" data-start=\"2725\" data-end=\"2772\">Kupferfolienwicklung mit Isolierung der Klasse F<\/li>\n<li data-section-id=\"10wylr8\" data-start=\"2773\" data-end=\"2803\">Eingebaute K\u00fchlluftkan\u00e4le<\/li>\n<li data-section-id=\"vblrvo\" data-start=\"2804\" data-end=\"2845\">Harzversiegelung f\u00fcr l\u00e4ngere Haltbarkeit<\/li>\n<\/ul>\n<p data-start=\"2847\" data-end=\"2858\">\u27a1 Bietet:<\/p>\n<ul data-start=\"2859\" data-end=\"2925\">\n<li data-section-id=\"u66b5g\" data-start=\"2859\" data-end=\"2894\">Hohe Kurzschlussfestigkeit<\/li>\n<li data-section-id=\"7gsig0\" data-start=\"2895\" data-end=\"2925\">Effiziente W\u00e4rmeableitung<\/li>\n<\/ul>\n<hr data-start=\"2927\" data-end=\"2930\" \/>\n<h3 data-section-id=\"mp6v7c\" data-start=\"2932\" data-end=\"2943\">\ud83d\udd38 Kern<\/h3>\n<ul data-start=\"2944\" data-end=\"3064\">\n<li data-section-id=\"1i8lzu9\" data-start=\"2944\" data-end=\"3001\">Hochwertiger kornorientierter kaltgewalzter Siliziumstahl<\/li>\n<li data-section-id=\"18m9khk\" data-start=\"3002\" data-end=\"3034\">45\u00b0-Stufenfugenstruktur<\/li>\n<li data-section-id=\"1gp9gfs\" data-start=\"3035\" data-end=\"3064\">Lasergeschnittenes Spannsystem<\/li>\n<\/ul>\n<p data-start=\"3066\" data-end=\"3077\">\u27a1 Merkmale:<\/p>\n<ul data-start=\"3078\" data-end=\"3145\">\n<li data-section-id=\"tkh7rp\" data-start=\"3078\" data-end=\"3098\">Geringer Leerlaufverlust<\/li>\n<li data-section-id=\"1gveydu\" data-start=\"3099\" data-end=\"3116\">Ger\u00e4uschreduzierung<\/li>\n<li data-section-id=\"1s47fpa\" data-start=\"3117\" data-end=\"3145\">Hohe strukturelle Festigkeit<\/li>\n<\/ul>\n<hr data-start=\"3147\" data-end=\"3150\" \/>\n<h2 data-section-id=\"15du31k\" data-start=\"3152\" data-end=\"3170\">\ud83d\udd39 Anwendungen<\/h2>\n<ul data-start=\"3172\" data-end=\"3353\">\n<li data-section-id=\"kec6b0\" data-start=\"3172\" data-end=\"3210\">Kommerzielle Geb\u00e4ude und Komplexe<\/li>\n<li data-section-id=\"1b8blr8\" data-start=\"3211\" data-end=\"3241\">Flugh\u00e4fen und Metrosysteme<\/li>\n<li data-section-id=\"x7ouso\" data-start=\"3242\" data-end=\"3287\">Industrieanlagen und chemische Industrie<\/li>\n<li data-section-id=\"eogvhd\" data-start=\"3288\" data-end=\"3316\">Stromverteilungsr\u00e4ume<\/li>\n<li data-section-id=\"1ggvioq\" data-start=\"3317\" data-end=\"3353\">Offshore- und Meeresanwendungen<\/li>\n<\/ul>\n<hr data-start=\"3355\" data-end=\"3358\" \/>\n<h2 data-section-id=\"1rg4wz9\" data-start=\"3360\" data-end=\"3384\">\ud83d\udd39 Vorteile Zusammenfassung<\/h2>\n<ul data-start=\"3386\" data-end=\"3610\">\n<li data-section-id=\"4478bs\" data-start=\"3386\" data-end=\"3411\">Geringerer Verlust als SCB10<\/li>\n<li data-section-id=\"1s4bb9e\" data-start=\"3412\" data-end=\"3458\">Energiesparend und umweltfreundlich<\/li>\n<li data-section-id=\"swjw0r\" data-start=\"3459\" data-end=\"3493\">Feuerfest und wartungsfrei<\/li>\n<li data-section-id=\"vhoyyl\" data-start=\"3494\" data-end=\"3532\">Hohe Zuverl\u00e4ssigkeit und lange Lebensdauer<\/li>\n<li data-section-id=\"oc6tql\" data-start=\"3533\" data-end=\"3564\">Intelligente \u00dcberwachungsfunktionen<\/li>\n<li data-section-id=\"1tttck1\" data-start=\"3565\" data-end=\"3610\">Geeignet f\u00fcr kritische Anwendungen in Innenr\u00e4umen<\/li>\n<\/ul>\n<hr data-start=\"3612\" data-end=\"3615\" \/>\n<h1 data-section-id=\"1lxd8kj\" data-start=\"3617\" data-end=\"3624\">\u2753 FAQ<\/h1>\n<h3 data-section-id=\"gnwdjm\" data-start=\"3626\" data-end=\"3694\">1\ufe0f\u20e3 Was ist der Unterschied zwischen SCB10 und SCB11 Transformatoren?<\/h3>\n<p data-start=\"3696\" data-end=\"3791\">Der SCB11-Transformator bietet im Vergleich zum SCB10 geringere Verluste und eine h\u00f6here Energieeffizienz.<\/p>\n<p data-start=\"3793\" data-end=\"3894\">\ud83d\udc49 Sie eignet sich besser f\u00fcr Projekte, bei denen es auf energiesparende Leistung und langfristige Kostensenkung ankommt.<\/p>\n<hr data-start=\"3896\" data-end=\"3899\" \/>\n<h3 data-section-id=\"17jktbc\" data-start=\"3901\" data-end=\"3951\">2\ufe0f\u20e3 Ist SCB11 f\u00fcr die Innenmontage geeignet?<\/h3>\n<p data-start=\"3953\" data-end=\"4001\">Ja, es ist speziell f\u00fcr die Verwendung in Innenr\u00e4umen konzipiert:<\/p>\n<ul data-start=\"4002\" data-end=\"4083\">\n<li data-section-id=\"1lbhprg\" data-start=\"4002\" data-end=\"4020\">Feuerbest\u00e4ndig<\/li>\n<li data-section-id=\"1rtbpgg\" data-start=\"4021\" data-end=\"4044\">Kein Risiko des Auslaufens von \u00d6l<\/li>\n<li data-section-id=\"sr2uf3\" data-start=\"4045\" data-end=\"4083\">Sicher f\u00fcr Umgebungen mit hoher Bev\u00f6lkerungsdichte<\/li>\n<\/ul>\n<p data-start=\"4085\" data-end=\"4147\">\ud83d\udc49 Ideal f\u00fcr gewerbliche Geb\u00e4ude und Infrastrukturprojekte.<\/p>\n<hr data-start=\"4149\" data-end=\"4152\" \/>\n<h3 data-section-id=\"dwut0p\" data-start=\"4154\" data-end=\"4203\">3\ufe0f\u20e3 Muss der Transformator gewartet werden?<\/h3>\n<p data-start=\"4205\" data-end=\"4265\">Der SCB11 ist ein wartungsfreier Transformator, der nur eine Wartung erfordert:<\/p>\n<ul data-start=\"4266\" data-end=\"4334\">\n<li data-section-id=\"1mj82eg\" data-start=\"4266\" data-end=\"4288\">Routinem\u00e4\u00dfige Inspektion<\/li>\n<li data-section-id=\"1vmf05w\" data-start=\"4289\" data-end=\"4334\">\u00dcberwachung durch ein Temperaturkontrollsystem<\/li>\n<\/ul>\n<hr data-start=\"4336\" data-end=\"4339\" \/>\n<h3 data-section-id=\"103styt\" data-start=\"4341\" data-end=\"4385\">4\ufe0f\u20e3 Kann die Fern\u00fcberwachung integriert werden?<\/h3>\n<p data-start=\"4387\" data-end=\"4404\">Ja, es unterst\u00fctzt:<\/p>\n<ul data-start=\"4405\" data-end=\"4518\">\n<li data-section-id=\"13oiu88\" data-start=\"4405\" data-end=\"4431\">\u00dcberwachung der Temperatur<\/li>\n<li data-section-id=\"e5ci2u\" data-start=\"4432\" data-end=\"4447\">L\u00fcftersteuerung<\/li>\n<li data-section-id=\"11u18w2\" data-start=\"4448\" data-end=\"4482\">Alarm- und Schutzfunktionen<\/li>\n<li data-section-id=\"7vomgq\" data-start=\"4483\" data-end=\"4518\">Schnittstellen zur Fernkommunikation<\/li>\n<\/ul>\n<p data-start=\"4520\" data-end=\"4554\">\ud83d\udc49 Erm\u00f6glicht die Integration intelligenter Netze.<\/p>","protected":false},"excerpt":{"rendered":"<p data-start=\"235\" data-end=\"430\">Der SCB11 Epoxidharz-Trockentransformator ist eine verbesserte Version der SCB10-Serie, die mit geringeren Verlusten, verbesserter Energieeffizienz und erh\u00f6hter Betriebssicherheit ausgestattet ist.<\/p>\n<p data-start=\"432\" data-end=\"605\">Durch den Einsatz fortschrittlicher Gusstechnologie, hochwertiger Materialien und pr\u00e4ziser Produktionsverfahren bietet es hervorragende elektrische Leistungen und eine lange Lebensdauer.<\/p>\n<p data-start=\"607\" data-end=\"749\">Dieser Transformator ist \u00f6lfrei, feuerbest\u00e4ndig und umweltfreundlich und damit ideal f\u00fcr Innenr\u00e4ume und sicherheitskritische Anwendungen.<\/p>","protected":false},"featured_media":2120,"comment_status":"open","ping_status":"closed","template":"","meta":{"site-sidebar-layout":"default","site-content-layout":"","ast-site-content-layout":"default","site-content-style":"default","site-sidebar-style":"default","ast-global-header-display":"","ast-banner-title-visibility":"","ast-main-header-display":"","ast-hfb-above-header-display":"","ast-hfb-below-header-display":"","ast-hfb-mobile-header-display":"","site-post-title":"","ast-breadcrumbs-content":"","ast-featured-img":"","footer-sml-layout":"","ast-disable-related-posts":"","theme-transparent-header-meta":"default","adv-header-id-meta":"","stick-header-meta":"","header-above-stick-meta":"","header-main-stick-meta":"","header-below-stick-meta":"","astra-migrate-meta-layouts":"set","ast-page-background-enabled":"default","ast-page-background-meta":{"desktop":{"background-color":"","background-image":"","background-repeat":"repeat","background-position":"center center","background-size":"auto","background-attachment":"scroll","background-type":"","background-media":"","overlay-type":"","overlay-color":"","overlay-opacity":"","overlay-gradient":""},"tablet":{"background-color":"","background-image":"","background-repeat":"repeat","background-position":"center center","background-size":"auto","background-attachment":"scroll","background-type":"","background-media":"","overlay-type":"","overlay-color":"","overlay-opacity":"","overlay-gradient":""},"mobile":{"background-color":"","background-image":"","background-repeat":"repeat","background-position":"center center","background-size":"auto","background-attachment":"scroll","background-type":"","background-media":"","overlay-type":"","overlay-color":"","overlay-opacity":"","overlay-gradient":""}},"ast-content-background-meta":{"desktop":{"background-color":"var(--ast-global-color-5)","background-image":"","background-repeat":"repeat","background-position":"center center","background-size":"auto","background-attachment":"scroll","background-type":"","background-media":"","overlay-type":"","overlay-color":"","overlay-opacity":"","overlay-gradient":""},"tablet":{"background-color":"var(--ast-global-color-5)","background-image":"","background-repeat":"repeat","background-position":"center center","background-size":"auto","background-attachment":"scroll","background-type":"","background-media":"","overlay-type":"","overlay-color":"","overlay-opacity":"","overlay-gradient":""},"mobile":{"background-color":"var(--ast-global-color-5)","background-image":"","background-repeat":"repeat","background-position":"center center","background-size":"auto","background-attachment":"scroll","background-type":"","background-media":"","overlay-type":"","overlay-color":"","overlay-opacity":"","overlay-gradient":""}}},"product_brand":[],"product_cat":[2034,2032],"product_tag":[2074,2071,2043,2041,2078,2075,2042,2076,2077,2044],"class_list":{"0":"post-2118","1":"product","2":"type-product","3":"status-publish","4":"has-post-thumbnail","6":"product_cat-dry-type-power-transformer","7":"product_cat-electrical-equipment","8":"product_tag-cast-resin-transformer","9":"product_tag-dry-type-transformer","10":"product_tag-electrical-equipment","11":"product_tag-energy-efficient-transformer","12":"product_tag-epoxy-transformer","13":"product_tag-indoor-transformer","14":"product_tag-power-transformer","15":"product_tag-safe-transformer","16":"product_tag-scb11-transformer","17":"product_tag-transformer-manufacturer","18":"desktop-align-left","19":"tablet-align-left","20":"mobile-align-left","22":"first","23":"instock","24":"shipping-taxable","25":"product-type-simple"},"_links":{"self":[{"href":"https:\/\/www.wonzh.com\/de\/wp-json\/wp\/v2\/product\/2118","targetHints":{"allow":["GET"]}}],"collection":[{"href":"https:\/\/www.wonzh.com\/de\/wp-json\/wp\/v2\/product"}],"about":[{"href":"https:\/\/www.wonzh.com\/de\/wp-json\/wp\/v2\/types\/product"}],"replies":[{"embeddable":true,"href":"https:\/\/www.wonzh.com\/de\/wp-json\/wp\/v2\/comments?post=2118"}],"wp:featuredmedia":[{"embeddable":true,"href":"https:\/\/www.wonzh.com\/de\/wp-json\/wp\/v2\/media\/2120"}],"wp:attachment":[{"href":"https:\/\/www.wonzh.com\/de\/wp-json\/wp\/v2\/media?parent=2118"}],"wp:term":[{"taxonomy":"product_brand","embeddable":true,"href":"https:\/\/www.wonzh.com\/de\/wp-json\/wp\/v2\/product_brand?post=2118"},{"taxonomy":"product_cat","embeddable":true,"href":"https:\/\/www.wonzh.com\/de\/wp-json\/wp\/v2\/product_cat?post=2118"},{"taxonomy":"product_tag","embeddable":true,"href":"https:\/\/www.wonzh.com\/de\/wp-json\/wp\/v2\/product_tag?post=2118"}],"curies":[{"name":"wp","href":"https:\/\/api.w.org\/{rel}","templated":true}]}}